{"id":38932,"date":"2025-05-15T17:56:22","date_gmt":"2025-05-15T15:56:22","guid":{"rendered":"https:\/\/www.axiomams.eu\/produktas\/flir-a50-termokamera-3"},"modified":"2026-03-25T16:59:07","modified_gmt":"2026-03-25T14:59:07","slug":"flir-a50-termokamera-3","status":"publish","type":"product","link":"https:\/\/www.axiomams.eu\/lv\/produktas\/flir-a50-termokamera-3","title":{"rendered":"Flir A50 termokamera"},"content":{"rendered":"<p>FLIR A50 vied\u0101s sensoru kameras ir ide\u0101li piem\u0113rotas lietot\u0101jiem, kuri v\u0113las kamer\u0101 ieb\u016bv\u0113tu anal\u012btisko un trauksmes signaliz\u0101cijas funkciju st\u0101vok\u013ca uzraudz\u012bbai un agr\u012bnai ugunsgr\u0113ka atkl\u0101\u0161anai. Pateicoties integr\u0113tai vizu\u0101lajai kamerai un ONVIF S sader\u012bbai, FLIR A50 kameras ir elast\u012bgs, konfigur\u0113jams risin\u0101jums, kas atbilst automatiz\u0101cijas klientu unik\u0101laj\u0101m vajadz\u012bb\u0101m da\u017e\u0101d\u0101s nozar\u0113s. Kameras ir viegli pievienot, iestat\u012bt un izmantot HMI\/SCADA sist\u0113m\u0101s, pied\u0101v\u0101jot automatiz\u0101cijas sist\u0113mu risin\u0101jumu sniedz\u0113jiem iesp\u0113ju uzs\u0101kt darbu. Ja A50 kameras tiek izmantotas k\u0101 sist\u0113mas komponents m\u0101ko\u0146a un industri\u0101l\u0101 lietu interneta (IIoT) risin\u0101jumos, t\u0101s var pal\u012bdz\u0113t uz\u0146\u0113mumiem aizsarg\u0101t akt\u012bvus, uzlabot dro\u0161\u012bbu, maksim\u0101li palielin\u0101t darbsp\u0113jas laiku un samazin\u0101t uztur\u0113\u0161anas izmaksas.<\/p>\n<h3>Tehnisk\u0101 inform\u0101cija:<\/h3>\n<ul>\n<li><a href=\"https:\/\/axiomams.eu\/importer\/export\/attachments\/en\/flir-a50-a70.pdf\" target=\"_blank\">FLIR A50 A70.pdf<\/a><\/li>\n<\/ul>\n","protected":false},"excerpt":{"rendered":"<p>FLIR A50 vied\u0101s sensoru kameras ir ide\u0101li piem\u0113rotas lietot\u0101jiem, kuri v\u0113las kamer\u0101 ieb\u016bv\u0113tu anal\u012btisko un trauksmes signaliz\u0101cijas funkciju st\u0101vok\u013ca uzraudz\u012bbai un agr\u012bnai ugunsgr\u0113ka atkl\u0101\u0161anai. Pateicoties integr\u0113tai vizu\u0101lajai kamerai un ONVIF S sader\u012bbai, FLIR A50 kameras ir elast\u012bgs, konfigur\u0113jams risin\u0101jums, kas atbilst automatiz\u0101cijas klientu unik\u0101laj\u0101m vajadz\u012bb\u0101m da\u017e\u0101d\u0101s nozar\u0113s. Kameras ir viegli pievienot, iestat\u012bt un izmantot HMI\/SCADA&#8230;<\/p>\n","protected":false},"featured_media":41568,"comment_status":"open","ping_status":"closed","template":"","meta":{"_acf_changed":false},"product_brand":[734],"product_cat":[17734],"product_tag":[],"class_list":{"0":"post-38932","1":"product","2":"type-product","3":"status-publish","4":"has-post-thumbnail","6":"product_brand-flir","7":"product_cat-automatizacija","9":"first","10":"instock","11":"taxable","12":"shipping-taxable","13":"product-type-simple"},"acf":[],"yoast_head":"<!-- This site is optimized with the Yoast SEO plugin v27.0 - https:\/\/yoast.com\/product\/yoast-seo-wordpress\/ -->\n<title>Flir A50 termokamera - AXIOMA MS<\/title>\n<meta name=\"robots\" content=\"index, follow, max-snippet:-1, max-image-preview:large, max-video-preview:-1\" \/>\n<link rel=\"canonical\" href=\"https:\/\/www.axiomams.eu\/lv\/produktas\/flir-a50-termokamera-3\" \/>\n<meta property=\"og:locale\" content=\"lv_LV\" \/>\n<meta property=\"og:type\" content=\"article\" \/>\n<meta property=\"og:title\" content=\"Flir A50 termokamera - AXIOMA MS\" \/>\n<meta property=\"og:description\" content=\"FLIR A50 vied\u0101s sensoru kameras ir ide\u0101li piem\u0113rotas lietot\u0101jiem, kuri v\u0113las kamer\u0101 ieb\u016bv\u0113tu anal\u012btisko un trauksmes signaliz\u0101cijas funkciju st\u0101vok\u013ca uzraudz\u012bbai un agr\u012bnai ugunsgr\u0113ka atkl\u0101\u0161anai. Pateicoties integr\u0113tai vizu\u0101lajai kamerai un ONVIF S sader\u012bbai, FLIR A50 kameras ir elast\u012bgs, konfigur\u0113jams risin\u0101jums, kas atbilst automatiz\u0101cijas klientu unik\u0101laj\u0101m vajadz\u012bb\u0101m da\u017e\u0101d\u0101s nozar\u0113s. Kameras ir viegli pievienot, iestat\u012bt un izmantot HMI\/SCADA...\" \/>\n<meta property=\"og:url\" content=\"https:\/\/www.axiomams.eu\/lv\/produktas\/flir-a50-termokamera-3\" \/>\n<meta property=\"og:site_name\" content=\"AXIOMA MS\" \/>\n<meta property=\"article:publisher\" content=\"https:\/\/www.facebook.com\/AxiomaMS\" \/>\n<meta property=\"article:modified_time\" content=\"2026-03-25T14:59:07+00:00\" \/>\n<meta property=\"og:image\" content=\"https:\/\/www.axiomams.eu\/wp-content\/uploads\/2025\/07\/3112-4103.jpg\" \/>\n\t<meta property=\"og:image:width\" content=\"978\" \/>\n\t<meta property=\"og:image:height\" content=\"1020\" \/>\n\t<meta property=\"og:image:type\" content=\"image\/jpeg\" \/>\n<meta name=\"twitter:card\" content=\"summary_large_image\" \/>\n<meta name=\"twitter:label1\" content=\"Est. reading time\" \/>\n\t<meta name=\"twitter:data1\" content=\"1 minute\" \/>\n<script type=\"application\/ld+json\" class=\"yoast-schema-graph\">{\"@context\":\"https:\/\/schema.org\",\"@graph\":[{\"@type\":\"WebPage\",\"@id\":\"https:\/\/www.axiomams.eu\/lv\/produktas\/flir-a50-termokamera-3\",\"url\":\"https:\/\/www.axiomams.eu\/lv\/produktas\/flir-a50-termokamera-3\",\"name\":\"Flir A50 termokamera - AXIOMA MS\",\"isPartOf\":{\"@id\":\"https:\/\/www.axiomams.eu\/lv#website\"},\"primaryImageOfPage\":{\"@id\":\"https:\/\/www.axiomams.eu\/lv\/produktas\/flir-a50-termokamera-3#primaryimage\"},\"image\":{\"@id\":\"https:\/\/www.axiomams.eu\/lv\/produktas\/flir-a50-termokamera-3#primaryimage\"},\"thumbnailUrl\":\"https:\/\/www.axiomams.eu\/wp-content\/uploads\/2025\/07\/3112-4103.jpg\",\"datePublished\":\"2025-05-15T15:56:22+00:00\",\"dateModified\":\"2026-03-25T14:59:07+00:00\",\"breadcrumb\":{\"@id\":\"https:\/\/www.axiomams.eu\/lv\/produktas\/flir-a50-termokamera-3#breadcrumb\"},\"inLanguage\":\"lv-LV\",\"potentialAction\":[{\"@type\":\"ReadAction\",\"target\":[\"https:\/\/www.axiomams.eu\/lv\/produktas\/flir-a50-termokamera-3\"]}]},{\"@type\":\"ImageObject\",\"inLanguage\":\"lv-LV\",\"@id\":\"https:\/\/www.axiomams.eu\/lv\/produktas\/flir-a50-termokamera-3#primaryimage\",\"url\":\"https:\/\/www.axiomams.eu\/wp-content\/uploads\/2025\/07\/3112-4103.jpg\",\"contentUrl\":\"https:\/\/www.axiomams.eu\/wp-content\/uploads\/2025\/07\/3112-4103.jpg\",\"width\":978,\"height\":1020},{\"@type\":\"BreadcrumbList\",\"@id\":\"https:\/\/www.axiomams.eu\/lv\/produktas\/flir-a50-termokamera-3#breadcrumb\",\"itemListElement\":[{\"@type\":\"ListItem\",\"position\":1,\"name\":\"Home\",\"item\":\"https:\/\/www.axiomams.eu\/lv\"},{\"@type\":\"ListItem\",\"position\":2,\"name\":\"Produkti\",\"item\":\"https:\/\/www.axiomams.eu\/lv\/produkti\"},{\"@type\":\"ListItem\",\"position\":3,\"name\":\"Flir A50 termokamera\"}]},{\"@type\":\"WebSite\",\"@id\":\"https:\/\/www.axiomams.eu\/lv#website\",\"url\":\"https:\/\/www.axiomams.eu\/lv\",\"name\":\"AXIOMA MS\",\"description\":\"Terrmovizoriai ir matavimo \u012franga\",\"publisher\":{\"@id\":\"https:\/\/www.axiomams.eu\/lv#organization\"},\"potentialAction\":[{\"@type\":\"SearchAction\",\"target\":{\"@type\":\"EntryPoint\",\"urlTemplate\":\"https:\/\/www.axiomams.eu\/lv?s={search_term_string}\"},\"query-input\":{\"@type\":\"PropertyValueSpecification\",\"valueRequired\":true,\"valueName\":\"search_term_string\"}}],\"inLanguage\":\"lv-LV\"},{\"@type\":\"Organization\",\"@id\":\"https:\/\/www.axiomams.eu\/lv#organization\",\"name\":\"AXIOMA MS\",\"url\":\"https:\/\/www.axiomams.eu\/lv\",\"logo\":{\"@type\":\"ImageObject\",\"inLanguage\":\"lv-LV\",\"@id\":\"https:\/\/www.axiomams.eu\/lv#\/schema\/logo\/image\/\",\"url\":\"https:\/\/www.axiomams.eu\/wp-content\/uploads\/2025\/06\/axioma-logo-2.png\",\"contentUrl\":\"https:\/\/www.axiomams.eu\/wp-content\/uploads\/2025\/06\/axioma-logo-2.png\",\"width\":1200,\"height\":1200,\"caption\":\"AXIOMA MS\"},\"image\":{\"@id\":\"https:\/\/www.axiomams.eu\/lv#\/schema\/logo\/image\/\"},\"sameAs\":[\"https:\/\/www.facebook.com\/AxiomaMS\",\"https:\/\/www.linkedin.com\/company\/axiomams\/\"]}]}<\/script>\n<!-- \/ Yoast SEO plugin. -->","yoast_head_json":{"title":"Flir A50 termokamera - AXIOMA MS","robots":{"index":"index","follow":"follow","max-snippet":"max-snippet:-1","max-image-preview":"max-image-preview:large","max-video-preview":"max-video-preview:-1"},"canonical":"https:\/\/www.axiomams.eu\/lv\/produktas\/flir-a50-termokamera-3","og_locale":"lv_LV","og_type":"article","og_title":"Flir A50 termokamera - AXIOMA MS","og_description":"FLIR A50 vied\u0101s sensoru kameras ir ide\u0101li piem\u0113rotas lietot\u0101jiem, kuri v\u0113las kamer\u0101 ieb\u016bv\u0113tu anal\u012btisko un trauksmes signaliz\u0101cijas funkciju st\u0101vok\u013ca uzraudz\u012bbai un agr\u012bnai ugunsgr\u0113ka atkl\u0101\u0161anai. Pateicoties integr\u0113tai vizu\u0101lajai kamerai un ONVIF S sader\u012bbai, FLIR A50 kameras ir elast\u012bgs, konfigur\u0113jams risin\u0101jums, kas atbilst automatiz\u0101cijas klientu unik\u0101laj\u0101m vajadz\u012bb\u0101m da\u017e\u0101d\u0101s nozar\u0113s. Kameras ir viegli pievienot, iestat\u012bt un izmantot HMI\/SCADA...","og_url":"https:\/\/www.axiomams.eu\/lv\/produktas\/flir-a50-termokamera-3","og_site_name":"AXIOMA MS","article_publisher":"https:\/\/www.facebook.com\/AxiomaMS","article_modified_time":"2026-03-25T14:59:07+00:00","og_image":[{"width":978,"height":1020,"url":"https:\/\/www.axiomams.eu\/wp-content\/uploads\/2025\/07\/3112-4103.jpg","type":"image\/jpeg"}],"twitter_card":"summary_large_image","twitter_misc":{"Est. reading time":"1 minute"},"schema":{"@context":"https:\/\/schema.org","@graph":[{"@type":"WebPage","@id":"https:\/\/www.axiomams.eu\/lv\/produktas\/flir-a50-termokamera-3","url":"https:\/\/www.axiomams.eu\/lv\/produktas\/flir-a50-termokamera-3","name":"Flir A50 termokamera - AXIOMA MS","isPartOf":{"@id":"https:\/\/www.axiomams.eu\/lv#website"},"primaryImageOfPage":{"@id":"https:\/\/www.axiomams.eu\/lv\/produktas\/flir-a50-termokamera-3#primaryimage"},"image":{"@id":"https:\/\/www.axiomams.eu\/lv\/produktas\/flir-a50-termokamera-3#primaryimage"},"thumbnailUrl":"https:\/\/www.axiomams.eu\/wp-content\/uploads\/2025\/07\/3112-4103.jpg","datePublished":"2025-05-15T15:56:22+00:00","dateModified":"2026-03-25T14:59:07+00:00","breadcrumb":{"@id":"https:\/\/www.axiomams.eu\/lv\/produktas\/flir-a50-termokamera-3#breadcrumb"},"inLanguage":"lv-LV","potentialAction":[{"@type":"ReadAction","target":["https:\/\/www.axiomams.eu\/lv\/produktas\/flir-a50-termokamera-3"]}]},{"@type":"ImageObject","inLanguage":"lv-LV","@id":"https:\/\/www.axiomams.eu\/lv\/produktas\/flir-a50-termokamera-3#primaryimage","url":"https:\/\/www.axiomams.eu\/wp-content\/uploads\/2025\/07\/3112-4103.jpg","contentUrl":"https:\/\/www.axiomams.eu\/wp-content\/uploads\/2025\/07\/3112-4103.jpg","width":978,"height":1020},{"@type":"BreadcrumbList","@id":"https:\/\/www.axiomams.eu\/lv\/produktas\/flir-a50-termokamera-3#breadcrumb","itemListElement":[{"@type":"ListItem","position":1,"name":"Home","item":"https:\/\/www.axiomams.eu\/lv"},{"@type":"ListItem","position":2,"name":"Produkti","item":"https:\/\/www.axiomams.eu\/lv\/produkti"},{"@type":"ListItem","position":3,"name":"Flir A50 termokamera"}]},{"@type":"WebSite","@id":"https:\/\/www.axiomams.eu\/lv#website","url":"https:\/\/www.axiomams.eu\/lv","name":"AXIOMA MS","description":"Terrmovizoriai ir matavimo \u012franga","publisher":{"@id":"https:\/\/www.axiomams.eu\/lv#organization"},"potentialAction":[{"@type":"SearchAction","target":{"@type":"EntryPoint","urlTemplate":"https:\/\/www.axiomams.eu\/lv?s={search_term_string}"},"query-input":{"@type":"PropertyValueSpecification","valueRequired":true,"valueName":"search_term_string"}}],"inLanguage":"lv-LV"},{"@type":"Organization","@id":"https:\/\/www.axiomams.eu\/lv#organization","name":"AXIOMA MS","url":"https:\/\/www.axiomams.eu\/lv","logo":{"@type":"ImageObject","inLanguage":"lv-LV","@id":"https:\/\/www.axiomams.eu\/lv#\/schema\/logo\/image\/","url":"https:\/\/www.axiomams.eu\/wp-content\/uploads\/2025\/06\/axioma-logo-2.png","contentUrl":"https:\/\/www.axiomams.eu\/wp-content\/uploads\/2025\/06\/axioma-logo-2.png","width":1200,"height":1200,"caption":"AXIOMA MS"},"image":{"@id":"https:\/\/www.axiomams.eu\/lv#\/schema\/logo\/image\/"},"sameAs":["https:\/\/www.facebook.com\/AxiomaMS","https:\/\/www.linkedin.com\/company\/axiomams\/"]}]}},"_links":{"self":[{"href":"https:\/\/www.axiomams.eu\/lv\/wp-json\/wp\/v2\/product\/38932","targetHints":{"allow":["GET"]}}],"collection":[{"href":"https:\/\/www.axiomams.eu\/lv\/wp-json\/wp\/v2\/product"}],"about":[{"href":"https:\/\/www.axiomams.eu\/lv\/wp-json\/wp\/v2\/types\/product"}],"replies":[{"embeddable":true,"href":"https:\/\/www.axiomams.eu\/lv\/wp-json\/wp\/v2\/comments?post=38932"}],"wp:featuredmedia":[{"embeddable":true,"href":"https:\/\/www.axiomams.eu\/lv\/wp-json\/wp\/v2\/media\/41568"}],"wp:attachment":[{"href":"https:\/\/www.axiomams.eu\/lv\/wp-json\/wp\/v2\/media?parent=38932"}],"wp:term":[{"taxonomy":"product_brand","embeddable":true,"href":"https:\/\/www.axiomams.eu\/lv\/wp-json\/wp\/v2\/product_brand?post=38932"},{"taxonomy":"product_cat","embeddable":true,"href":"https:\/\/www.axiomams.eu\/lv\/wp-json\/wp\/v2\/product_cat?post=38932"},{"taxonomy":"product_tag","embeddable":true,"href":"https:\/\/www.axiomams.eu\/lv\/wp-json\/wp\/v2\/product_tag?post=38932"}],"curies":[{"name":"wp","href":"https:\/\/api.w.org\/{rel}","templated":true}]}}