{"id":38940,"date":"2025-06-12T14:24:03","date_gmt":"2025-06-12T12:24:03","guid":{"rendered":"https:\/\/www.axiomams.eu\/produktas\/flir-a655sc-25-termokamera"},"modified":"2026-03-25T16:59:10","modified_gmt":"2026-03-25T14:59:10","slug":"flir-a655sc-25-termokamera","status":"publish","type":"product","link":"https:\/\/www.axiomams.eu\/lv\/produktas\/flir-a655sc-25-termokamera","title":{"rendered":"Flir A655sc\/25 termokamera"},"content":{"rendered":"<p>FLIR A655sc R&#038;D komplektos ir termokamera, kas ir izstr\u0101d\u0101ta, lai past\u0101v\u012bgi kontrol\u0113tu j\u016bsu izstr\u0101des projekta termisko efektivit\u0101ti. FLIR SC paketes nov\u0113r\u0161 dizaina k\u013c\u016bdas izstr\u0101des gait\u0101, nodro\u0161ina kvalit\u0101ti un sa\u012bsina laiku, kas nepiecie\u0161ams, lai laistu produktu tirg\u016b. Katr\u0101 iepakojum\u0101 ir termokamera ar infrasarkano staru objekt\u012bvu un ResearchIR programmat\u016bra.<br \/>\nLietot\u0101ji var papla\u0161in\u0101t temperat\u016bras diapazonu l\u012bdz -40&#8230;+2000 \u00b0C, izv\u0113loties papildu piederumu.<\/p>\n<p>Standarta komplekts: ciets transport\u0113\u0161anas apvalks, termokamera ar 25\u00b0 objekt\u012bvu un standarta temperat\u016bras diapazonu -40 \u00b0C &#8230; +650 \u00b0C, kalibr\u0113\u0161anas sertifik\u0101ts, ethernet\u2122 kabelis, USB kabelis, &#8211; mains kabelis, &#8211; baro\u0161anas kabelis, baro\u0161anas avots, lietot\u0101ja rokasgr\u0101mata, programmat\u016bra ResearchIR Max.<\/p>\n<h3>Tehnisk\u0101 inform\u0101cija:<\/h3>\n<ul>\n<li><a href=\"https:\/\/axiomams.eu\/importer\/export\/attachments\/en\/flir_a655sc_datasheet.pdf\" target=\"_blank\">Flir_A655SC_datasheet.pdf<\/a><\/li>\n<\/ul>\n","protected":false},"excerpt":{"rendered":"<p>FLIR A655sc R&#038;D komplektos ir termokamera, kas ir izstr\u0101d\u0101ta, lai past\u0101v\u012bgi kontrol\u0113tu j\u016bsu izstr\u0101des projekta termisko efektivit\u0101ti. FLIR SC paketes nov\u0113r\u0161 dizaina k\u013c\u016bdas izstr\u0101des gait\u0101, nodro\u0161ina kvalit\u0101ti un sa\u012bsina laiku, kas nepiecie\u0161ams, lai laistu produktu tirg\u016b. Katr\u0101 iepakojum\u0101 ir termokamera ar infrasarkano staru objekt\u012bvu un ResearchIR programmat\u016bra. Lietot\u0101ji var papla\u0161in\u0101t temperat\u016bras diapazonu l\u012bdz -40&#8230;+2000 \u00b0C,&#8230;<\/p>\n","protected":false},"featured_media":41582,"comment_status":"open","ping_status":"closed","template":"","meta":{"_acf_changed":false},"product_brand":[734],"product_cat":[17728,17754],"product_tag":[],"class_list":{"0":"post-38940","1":"product","2":"type-product","3":"status-publish","4":"has-post-thumbnail","6":"product_brand-flir","7":"product_cat-petniecibai","8":"product_cat-termiskai-analizei","10":"first","11":"instock","12":"taxable","13":"shipping-taxable","14":"product-type-simple"},"acf":[],"yoast_head":"<!-- This site is optimized with the Yoast SEO plugin v27.0 - https:\/\/yoast.com\/product\/yoast-seo-wordpress\/ -->\n<title>Flir A655sc\/25 termokamera - AXIOMA MS<\/title>\n<meta name=\"robots\" content=\"index, follow, max-snippet:-1, max-image-preview:large, max-video-preview:-1\" \/>\n<link rel=\"canonical\" href=\"https:\/\/www.axiomams.eu\/lv\/produktas\/flir-a655sc-25-termokamera\" \/>\n<meta property=\"og:locale\" content=\"lv_LV\" \/>\n<meta property=\"og:type\" content=\"article\" \/>\n<meta property=\"og:title\" content=\"Flir A655sc\/25 termokamera - AXIOMA MS\" \/>\n<meta property=\"og:description\" content=\"FLIR A655sc R&#038;D komplektos ir termokamera, kas ir izstr\u0101d\u0101ta, lai past\u0101v\u012bgi kontrol\u0113tu j\u016bsu izstr\u0101des projekta termisko efektivit\u0101ti. FLIR SC paketes nov\u0113r\u0161 dizaina k\u013c\u016bdas izstr\u0101des gait\u0101, nodro\u0161ina kvalit\u0101ti un sa\u012bsina laiku, kas nepiecie\u0161ams, lai laistu produktu tirg\u016b. Katr\u0101 iepakojum\u0101 ir termokamera ar infrasarkano staru objekt\u012bvu un ResearchIR programmat\u016bra. Lietot\u0101ji var papla\u0161in\u0101t temperat\u016bras diapazonu l\u012bdz -40&#8230;+2000 \u00b0C,...\" \/>\n<meta property=\"og:url\" content=\"https:\/\/www.axiomams.eu\/lv\/produktas\/flir-a655sc-25-termokamera\" \/>\n<meta property=\"og:site_name\" content=\"AXIOMA MS\" \/>\n<meta property=\"article:publisher\" content=\"https:\/\/www.facebook.com\/AxiomaMS\" \/>\n<meta property=\"article:modified_time\" content=\"2026-03-25T14:59:10+00:00\" \/>\n<meta property=\"og:image\" content=\"https:\/\/www.axiomams.eu\/wp-content\/uploads\/2025\/07\/179-5997.jpg\" \/>\n\t<meta property=\"og:image:width\" content=\"1020\" \/>\n\t<meta property=\"og:image:height\" content=\"1020\" \/>\n\t<meta property=\"og:image:type\" content=\"image\/jpeg\" \/>\n<meta name=\"twitter:card\" content=\"summary_large_image\" \/>\n<meta name=\"twitter:label1\" content=\"Est. reading time\" \/>\n\t<meta name=\"twitter:data1\" content=\"1 minute\" \/>\n<script type=\"application\/ld+json\" class=\"yoast-schema-graph\">{\"@context\":\"https:\/\/schema.org\",\"@graph\":[{\"@type\":\"WebPage\",\"@id\":\"https:\/\/www.axiomams.eu\/lv\/produktas\/flir-a655sc-25-termokamera\",\"url\":\"https:\/\/www.axiomams.eu\/lv\/produktas\/flir-a655sc-25-termokamera\",\"name\":\"Flir A655sc\/25 termokamera - AXIOMA MS\",\"isPartOf\":{\"@id\":\"https:\/\/www.axiomams.eu\/lv#website\"},\"primaryImageOfPage\":{\"@id\":\"https:\/\/www.axiomams.eu\/lv\/produktas\/flir-a655sc-25-termokamera#primaryimage\"},\"image\":{\"@id\":\"https:\/\/www.axiomams.eu\/lv\/produktas\/flir-a655sc-25-termokamera#primaryimage\"},\"thumbnailUrl\":\"https:\/\/www.axiomams.eu\/wp-content\/uploads\/2025\/07\/179-5997.jpg\",\"datePublished\":\"2025-06-12T12:24:03+00:00\",\"dateModified\":\"2026-03-25T14:59:10+00:00\",\"breadcrumb\":{\"@id\":\"https:\/\/www.axiomams.eu\/lv\/produktas\/flir-a655sc-25-termokamera#breadcrumb\"},\"inLanguage\":\"lv-LV\",\"potentialAction\":[{\"@type\":\"ReadAction\",\"target\":[\"https:\/\/www.axiomams.eu\/lv\/produktas\/flir-a655sc-25-termokamera\"]}]},{\"@type\":\"ImageObject\",\"inLanguage\":\"lv-LV\",\"@id\":\"https:\/\/www.axiomams.eu\/lv\/produktas\/flir-a655sc-25-termokamera#primaryimage\",\"url\":\"https:\/\/www.axiomams.eu\/wp-content\/uploads\/2025\/07\/179-5997.jpg\",\"contentUrl\":\"https:\/\/www.axiomams.eu\/wp-content\/uploads\/2025\/07\/179-5997.jpg\",\"width\":1020,\"height\":1020},{\"@type\":\"BreadcrumbList\",\"@id\":\"https:\/\/www.axiomams.eu\/lv\/produktas\/flir-a655sc-25-termokamera#breadcrumb\",\"itemListElement\":[{\"@type\":\"ListItem\",\"position\":1,\"name\":\"Home\",\"item\":\"https:\/\/www.axiomams.eu\/lv\"},{\"@type\":\"ListItem\",\"position\":2,\"name\":\"Produkti\",\"item\":\"https:\/\/www.axiomams.eu\/lv\/produkti\"},{\"@type\":\"ListItem\",\"position\":3,\"name\":\"Flir A655sc\/25 termokamera\"}]},{\"@type\":\"WebSite\",\"@id\":\"https:\/\/www.axiomams.eu\/lv#website\",\"url\":\"https:\/\/www.axiomams.eu\/lv\",\"name\":\"AXIOMA MS\",\"description\":\"Terrmovizoriai ir matavimo \u012franga\",\"publisher\":{\"@id\":\"https:\/\/www.axiomams.eu\/lv#organization\"},\"potentialAction\":[{\"@type\":\"SearchAction\",\"target\":{\"@type\":\"EntryPoint\",\"urlTemplate\":\"https:\/\/www.axiomams.eu\/lv?s={search_term_string}\"},\"query-input\":{\"@type\":\"PropertyValueSpecification\",\"valueRequired\":true,\"valueName\":\"search_term_string\"}}],\"inLanguage\":\"lv-LV\"},{\"@type\":\"Organization\",\"@id\":\"https:\/\/www.axiomams.eu\/lv#organization\",\"name\":\"AXIOMA MS\",\"url\":\"https:\/\/www.axiomams.eu\/lv\",\"logo\":{\"@type\":\"ImageObject\",\"inLanguage\":\"lv-LV\",\"@id\":\"https:\/\/www.axiomams.eu\/lv#\/schema\/logo\/image\/\",\"url\":\"https:\/\/www.axiomams.eu\/wp-content\/uploads\/2025\/06\/axioma-logo-2.png\",\"contentUrl\":\"https:\/\/www.axiomams.eu\/wp-content\/uploads\/2025\/06\/axioma-logo-2.png\",\"width\":1200,\"height\":1200,\"caption\":\"AXIOMA MS\"},\"image\":{\"@id\":\"https:\/\/www.axiomams.eu\/lv#\/schema\/logo\/image\/\"},\"sameAs\":[\"https:\/\/www.facebook.com\/AxiomaMS\",\"https:\/\/www.linkedin.com\/company\/axiomams\/\"]}]}<\/script>\n<!-- \/ Yoast SEO plugin. -->","yoast_head_json":{"title":"Flir A655sc\/25 termokamera - AXIOMA MS","robots":{"index":"index","follow":"follow","max-snippet":"max-snippet:-1","max-image-preview":"max-image-preview:large","max-video-preview":"max-video-preview:-1"},"canonical":"https:\/\/www.axiomams.eu\/lv\/produktas\/flir-a655sc-25-termokamera","og_locale":"lv_LV","og_type":"article","og_title":"Flir A655sc\/25 termokamera - AXIOMA MS","og_description":"FLIR A655sc R&#038;D komplektos ir termokamera, kas ir izstr\u0101d\u0101ta, lai past\u0101v\u012bgi kontrol\u0113tu j\u016bsu izstr\u0101des projekta termisko efektivit\u0101ti. FLIR SC paketes nov\u0113r\u0161 dizaina k\u013c\u016bdas izstr\u0101des gait\u0101, nodro\u0161ina kvalit\u0101ti un sa\u012bsina laiku, kas nepiecie\u0161ams, lai laistu produktu tirg\u016b. Katr\u0101 iepakojum\u0101 ir termokamera ar infrasarkano staru objekt\u012bvu un ResearchIR programmat\u016bra. Lietot\u0101ji var papla\u0161in\u0101t temperat\u016bras diapazonu l\u012bdz -40&#8230;+2000 \u00b0C,...","og_url":"https:\/\/www.axiomams.eu\/lv\/produktas\/flir-a655sc-25-termokamera","og_site_name":"AXIOMA MS","article_publisher":"https:\/\/www.facebook.com\/AxiomaMS","article_modified_time":"2026-03-25T14:59:10+00:00","og_image":[{"width":1020,"height":1020,"url":"https:\/\/www.axiomams.eu\/wp-content\/uploads\/2025\/07\/179-5997.jpg","type":"image\/jpeg"}],"twitter_card":"summary_large_image","twitter_misc":{"Est. reading time":"1 minute"},"schema":{"@context":"https:\/\/schema.org","@graph":[{"@type":"WebPage","@id":"https:\/\/www.axiomams.eu\/lv\/produktas\/flir-a655sc-25-termokamera","url":"https:\/\/www.axiomams.eu\/lv\/produktas\/flir-a655sc-25-termokamera","name":"Flir A655sc\/25 termokamera - AXIOMA MS","isPartOf":{"@id":"https:\/\/www.axiomams.eu\/lv#website"},"primaryImageOfPage":{"@id":"https:\/\/www.axiomams.eu\/lv\/produktas\/flir-a655sc-25-termokamera#primaryimage"},"image":{"@id":"https:\/\/www.axiomams.eu\/lv\/produktas\/flir-a655sc-25-termokamera#primaryimage"},"thumbnailUrl":"https:\/\/www.axiomams.eu\/wp-content\/uploads\/2025\/07\/179-5997.jpg","datePublished":"2025-06-12T12:24:03+00:00","dateModified":"2026-03-25T14:59:10+00:00","breadcrumb":{"@id":"https:\/\/www.axiomams.eu\/lv\/produktas\/flir-a655sc-25-termokamera#breadcrumb"},"inLanguage":"lv-LV","potentialAction":[{"@type":"ReadAction","target":["https:\/\/www.axiomams.eu\/lv\/produktas\/flir-a655sc-25-termokamera"]}]},{"@type":"ImageObject","inLanguage":"lv-LV","@id":"https:\/\/www.axiomams.eu\/lv\/produktas\/flir-a655sc-25-termokamera#primaryimage","url":"https:\/\/www.axiomams.eu\/wp-content\/uploads\/2025\/07\/179-5997.jpg","contentUrl":"https:\/\/www.axiomams.eu\/wp-content\/uploads\/2025\/07\/179-5997.jpg","width":1020,"height":1020},{"@type":"BreadcrumbList","@id":"https:\/\/www.axiomams.eu\/lv\/produktas\/flir-a655sc-25-termokamera#breadcrumb","itemListElement":[{"@type":"ListItem","position":1,"name":"Home","item":"https:\/\/www.axiomams.eu\/lv"},{"@type":"ListItem","position":2,"name":"Produkti","item":"https:\/\/www.axiomams.eu\/lv\/produkti"},{"@type":"ListItem","position":3,"name":"Flir A655sc\/25 termokamera"}]},{"@type":"WebSite","@id":"https:\/\/www.axiomams.eu\/lv#website","url":"https:\/\/www.axiomams.eu\/lv","name":"AXIOMA MS","description":"Terrmovizoriai ir matavimo \u012franga","publisher":{"@id":"https:\/\/www.axiomams.eu\/lv#organization"},"potentialAction":[{"@type":"SearchAction","target":{"@type":"EntryPoint","urlTemplate":"https:\/\/www.axiomams.eu\/lv?s={search_term_string}"},"query-input":{"@type":"PropertyValueSpecification","valueRequired":true,"valueName":"search_term_string"}}],"inLanguage":"lv-LV"},{"@type":"Organization","@id":"https:\/\/www.axiomams.eu\/lv#organization","name":"AXIOMA MS","url":"https:\/\/www.axiomams.eu\/lv","logo":{"@type":"ImageObject","inLanguage":"lv-LV","@id":"https:\/\/www.axiomams.eu\/lv#\/schema\/logo\/image\/","url":"https:\/\/www.axiomams.eu\/wp-content\/uploads\/2025\/06\/axioma-logo-2.png","contentUrl":"https:\/\/www.axiomams.eu\/wp-content\/uploads\/2025\/06\/axioma-logo-2.png","width":1200,"height":1200,"caption":"AXIOMA MS"},"image":{"@id":"https:\/\/www.axiomams.eu\/lv#\/schema\/logo\/image\/"},"sameAs":["https:\/\/www.facebook.com\/AxiomaMS","https:\/\/www.linkedin.com\/company\/axiomams\/"]}]}},"_links":{"self":[{"href":"https:\/\/www.axiomams.eu\/lv\/wp-json\/wp\/v2\/product\/38940","targetHints":{"allow":["GET"]}}],"collection":[{"href":"https:\/\/www.axiomams.eu\/lv\/wp-json\/wp\/v2\/product"}],"about":[{"href":"https:\/\/www.axiomams.eu\/lv\/wp-json\/wp\/v2\/types\/product"}],"replies":[{"embeddable":true,"href":"https:\/\/www.axiomams.eu\/lv\/wp-json\/wp\/v2\/comments?post=38940"}],"wp:featuredmedia":[{"embeddable":true,"href":"https:\/\/www.axiomams.eu\/lv\/wp-json\/wp\/v2\/media\/41582"}],"wp:attachment":[{"href":"https:\/\/www.axiomams.eu\/lv\/wp-json\/wp\/v2\/media?parent=38940"}],"wp:term":[{"taxonomy":"product_brand","embeddable":true,"href":"https:\/\/www.axiomams.eu\/lv\/wp-json\/wp\/v2\/product_brand?post=38940"},{"taxonomy":"product_cat","embeddable":true,"href":"https:\/\/www.axiomams.eu\/lv\/wp-json\/wp\/v2\/product_cat?post=38940"},{"taxonomy":"product_tag","embeddable":true,"href":"https:\/\/www.axiomams.eu\/lv\/wp-json\/wp\/v2\/product_tag?post=38940"}],"curies":[{"name":"wp","href":"https:\/\/api.w.org\/{rel}","templated":true}]}}