{"id":38944,"date":"2025-06-12T14:24:12","date_gmt":"2025-06-12T12:24:12","guid":{"rendered":"https:\/\/www.axiomams.eu\/produktas\/flir-a6781sc-termokamera"},"modified":"2026-03-25T16:59:10","modified_gmt":"2026-03-25T14:59:10","slug":"flir-a6781sc-termokamera","status":"publish","type":"product","link":"https:\/\/www.axiomams.eu\/lv\/produktas\/flir-a6781sc-termokamera","title":{"rendered":"Flir A6781SC termokamera"},"content":{"rendered":"<p>Term\u0101lie att\u0113li ar iz\u0161\u0137irtsp\u0113ju l\u012bdz 640 x 512 pikse\u013ciem par\u0101d\u012bs viss\u012bk\u0101ko deta\u013cu un nodro\u0161in\u0101s izcilu m\u0113r\u012bjumu precizit\u0101ti. MWIR FLIR A6781SC termokamera ir izstr\u0101d\u0101ta t\u0101, lai nodro\u0161in\u0101tu vislab\u0101ko termisko m\u0113r\u012bjumu veiktsp\u0113ju kop\u0101 ar vismodern\u0101ko savienojam\u012bbu. T\u0101s ir ide\u0101li piem\u0113rotas zin\u0101tniekiem un p\u0113tniec\u012bbas un izstr\u0101des speci\u0101listiem, kas str\u0101d\u0101 ar vispras\u012bg\u0101kajiem lietojumiem.<\/p>\n","protected":false},"excerpt":{"rendered":"<p>Term\u0101lie att\u0113li ar iz\u0161\u0137irtsp\u0113ju l\u012bdz 640 x 512 pikse\u013ciem par\u0101d\u012bs viss\u012bk\u0101ko deta\u013cu un nodro\u0161in\u0101s izcilu m\u0113r\u012bjumu precizit\u0101ti. MWIR FLIR A6781SC termokamera ir izstr\u0101d\u0101ta t\u0101, lai nodro\u0161in\u0101tu vislab\u0101ko termisko m\u0113r\u012bjumu veiktsp\u0113ju kop\u0101 ar vismodern\u0101ko savienojam\u012bbu. T\u0101s ir ide\u0101li piem\u0113rotas zin\u0101tniekiem un p\u0113tniec\u012bbas un izstr\u0101des speci\u0101listiem, kas str\u0101d\u0101 ar vispras\u012bg\u0101kajiem lietojumiem.<\/p>\n","protected":false},"featured_media":41592,"comment_status":"open","ping_status":"closed","template":"","meta":{"_acf_changed":false},"product_brand":[734],"product_cat":[17728,17754],"product_tag":[],"class_list":{"0":"post-38944","1":"product","2":"type-product","3":"status-publish","4":"has-post-thumbnail","6":"product_brand-flir","7":"product_cat-petniecibai","8":"product_cat-termiskai-analizei","10":"first","11":"instock","12":"taxable","13":"shipping-taxable","14":"product-type-simple"},"acf":[],"yoast_head":"<!-- This site is optimized with the Yoast SEO plugin v27.0 - https:\/\/yoast.com\/product\/yoast-seo-wordpress\/ -->\n<title>Flir A6781SC termokamera - AXIOMA MS<\/title>\n<meta name=\"robots\" content=\"index, follow, max-snippet:-1, max-image-preview:large, max-video-preview:-1\" \/>\n<link rel=\"canonical\" href=\"https:\/\/www.axiomams.eu\/lv\/produktas\/flir-a6781sc-termokamera\" \/>\n<meta property=\"og:locale\" content=\"lv_LV\" \/>\n<meta property=\"og:type\" content=\"article\" \/>\n<meta property=\"og:title\" content=\"Flir A6781SC termokamera - AXIOMA MS\" \/>\n<meta property=\"og:description\" content=\"Term\u0101lie att\u0113li ar iz\u0161\u0137irtsp\u0113ju l\u012bdz 640 x 512 pikse\u013ciem par\u0101d\u012bs viss\u012bk\u0101ko deta\u013cu un nodro\u0161in\u0101s izcilu m\u0113r\u012bjumu precizit\u0101ti. MWIR FLIR A6781SC termokamera ir izstr\u0101d\u0101ta t\u0101, lai nodro\u0161in\u0101tu vislab\u0101ko termisko m\u0113r\u012bjumu veiktsp\u0113ju kop\u0101 ar vismodern\u0101ko savienojam\u012bbu. T\u0101s ir ide\u0101li piem\u0113rotas zin\u0101tniekiem un p\u0113tniec\u012bbas un izstr\u0101des speci\u0101listiem, kas str\u0101d\u0101 ar vispras\u012bg\u0101kajiem lietojumiem.\" \/>\n<meta property=\"og:url\" content=\"https:\/\/www.axiomams.eu\/lv\/produktas\/flir-a6781sc-termokamera\" \/>\n<meta property=\"og:site_name\" content=\"AXIOMA MS\" \/>\n<meta property=\"article:publisher\" content=\"https:\/\/www.facebook.com\/AxiomaMS\" \/>\n<meta property=\"article:modified_time\" content=\"2026-03-25T14:59:10+00:00\" \/>\n<meta property=\"og:image\" content=\"https:\/\/www.axiomams.eu\/wp-content\/uploads\/2025\/07\/3239-4289.jpg\" \/>\n\t<meta property=\"og:image:width\" content=\"540\" \/>\n\t<meta property=\"og:image:height\" content=\"540\" \/>\n\t<meta property=\"og:image:type\" content=\"image\/jpeg\" \/>\n<meta name=\"twitter:card\" content=\"summary_large_image\" \/>\n<script type=\"application\/ld+json\" class=\"yoast-schema-graph\">{\"@context\":\"https:\/\/schema.org\",\"@graph\":[{\"@type\":\"WebPage\",\"@id\":\"https:\/\/www.axiomams.eu\/lv\/produktas\/flir-a6781sc-termokamera\",\"url\":\"https:\/\/www.axiomams.eu\/lv\/produktas\/flir-a6781sc-termokamera\",\"name\":\"Flir A6781SC termokamera - AXIOMA MS\",\"isPartOf\":{\"@id\":\"https:\/\/www.axiomams.eu\/lv#website\"},\"primaryImageOfPage\":{\"@id\":\"https:\/\/www.axiomams.eu\/lv\/produktas\/flir-a6781sc-termokamera#primaryimage\"},\"image\":{\"@id\":\"https:\/\/www.axiomams.eu\/lv\/produktas\/flir-a6781sc-termokamera#primaryimage\"},\"thumbnailUrl\":\"https:\/\/www.axiomams.eu\/wp-content\/uploads\/2025\/07\/3239-4289.jpg\",\"datePublished\":\"2025-06-12T12:24:12+00:00\",\"dateModified\":\"2026-03-25T14:59:10+00:00\",\"breadcrumb\":{\"@id\":\"https:\/\/www.axiomams.eu\/lv\/produktas\/flir-a6781sc-termokamera#breadcrumb\"},\"inLanguage\":\"lv-LV\",\"potentialAction\":[{\"@type\":\"ReadAction\",\"target\":[\"https:\/\/www.axiomams.eu\/lv\/produktas\/flir-a6781sc-termokamera\"]}]},{\"@type\":\"ImageObject\",\"inLanguage\":\"lv-LV\",\"@id\":\"https:\/\/www.axiomams.eu\/lv\/produktas\/flir-a6781sc-termokamera#primaryimage\",\"url\":\"https:\/\/www.axiomams.eu\/wp-content\/uploads\/2025\/07\/3239-4289.jpg\",\"contentUrl\":\"https:\/\/www.axiomams.eu\/wp-content\/uploads\/2025\/07\/3239-4289.jpg\",\"width\":540,\"height\":540},{\"@type\":\"BreadcrumbList\",\"@id\":\"https:\/\/www.axiomams.eu\/lv\/produktas\/flir-a6781sc-termokamera#breadcrumb\",\"itemListElement\":[{\"@type\":\"ListItem\",\"position\":1,\"name\":\"Home\",\"item\":\"https:\/\/www.axiomams.eu\/lv\"},{\"@type\":\"ListItem\",\"position\":2,\"name\":\"Produkti\",\"item\":\"https:\/\/www.axiomams.eu\/lv\/produkti\"},{\"@type\":\"ListItem\",\"position\":3,\"name\":\"Flir A6781SC termokamera\"}]},{\"@type\":\"WebSite\",\"@id\":\"https:\/\/www.axiomams.eu\/lv#website\",\"url\":\"https:\/\/www.axiomams.eu\/lv\",\"name\":\"AXIOMA MS\",\"description\":\"Terrmovizoriai ir matavimo \u012franga\",\"publisher\":{\"@id\":\"https:\/\/www.axiomams.eu\/lv#organization\"},\"potentialAction\":[{\"@type\":\"SearchAction\",\"target\":{\"@type\":\"EntryPoint\",\"urlTemplate\":\"https:\/\/www.axiomams.eu\/lv?s={search_term_string}\"},\"query-input\":{\"@type\":\"PropertyValueSpecification\",\"valueRequired\":true,\"valueName\":\"search_term_string\"}}],\"inLanguage\":\"lv-LV\"},{\"@type\":\"Organization\",\"@id\":\"https:\/\/www.axiomams.eu\/lv#organization\",\"name\":\"AXIOMA MS\",\"url\":\"https:\/\/www.axiomams.eu\/lv\",\"logo\":{\"@type\":\"ImageObject\",\"inLanguage\":\"lv-LV\",\"@id\":\"https:\/\/www.axiomams.eu\/lv#\/schema\/logo\/image\/\",\"url\":\"https:\/\/www.axiomams.eu\/wp-content\/uploads\/2025\/06\/axioma-logo-2.png\",\"contentUrl\":\"https:\/\/www.axiomams.eu\/wp-content\/uploads\/2025\/06\/axioma-logo-2.png\",\"width\":1200,\"height\":1200,\"caption\":\"AXIOMA MS\"},\"image\":{\"@id\":\"https:\/\/www.axiomams.eu\/lv#\/schema\/logo\/image\/\"},\"sameAs\":[\"https:\/\/www.facebook.com\/AxiomaMS\",\"https:\/\/www.linkedin.com\/company\/axiomams\/\"]}]}<\/script>\n<!-- \/ Yoast SEO plugin. -->","yoast_head_json":{"title":"Flir A6781SC termokamera - AXIOMA MS","robots":{"index":"index","follow":"follow","max-snippet":"max-snippet:-1","max-image-preview":"max-image-preview:large","max-video-preview":"max-video-preview:-1"},"canonical":"https:\/\/www.axiomams.eu\/lv\/produktas\/flir-a6781sc-termokamera","og_locale":"lv_LV","og_type":"article","og_title":"Flir A6781SC termokamera - AXIOMA MS","og_description":"Term\u0101lie att\u0113li ar iz\u0161\u0137irtsp\u0113ju l\u012bdz 640 x 512 pikse\u013ciem par\u0101d\u012bs viss\u012bk\u0101ko deta\u013cu un nodro\u0161in\u0101s izcilu m\u0113r\u012bjumu precizit\u0101ti. MWIR FLIR A6781SC termokamera ir izstr\u0101d\u0101ta t\u0101, lai nodro\u0161in\u0101tu vislab\u0101ko termisko m\u0113r\u012bjumu veiktsp\u0113ju kop\u0101 ar vismodern\u0101ko savienojam\u012bbu. T\u0101s ir ide\u0101li piem\u0113rotas zin\u0101tniekiem un p\u0113tniec\u012bbas un izstr\u0101des speci\u0101listiem, kas str\u0101d\u0101 ar vispras\u012bg\u0101kajiem lietojumiem.","og_url":"https:\/\/www.axiomams.eu\/lv\/produktas\/flir-a6781sc-termokamera","og_site_name":"AXIOMA MS","article_publisher":"https:\/\/www.facebook.com\/AxiomaMS","article_modified_time":"2026-03-25T14:59:10+00:00","og_image":[{"width":540,"height":540,"url":"https:\/\/www.axiomams.eu\/wp-content\/uploads\/2025\/07\/3239-4289.jpg","type":"image\/jpeg"}],"twitter_card":"summary_large_image","schema":{"@context":"https:\/\/schema.org","@graph":[{"@type":"WebPage","@id":"https:\/\/www.axiomams.eu\/lv\/produktas\/flir-a6781sc-termokamera","url":"https:\/\/www.axiomams.eu\/lv\/produktas\/flir-a6781sc-termokamera","name":"Flir A6781SC termokamera - AXIOMA MS","isPartOf":{"@id":"https:\/\/www.axiomams.eu\/lv#website"},"primaryImageOfPage":{"@id":"https:\/\/www.axiomams.eu\/lv\/produktas\/flir-a6781sc-termokamera#primaryimage"},"image":{"@id":"https:\/\/www.axiomams.eu\/lv\/produktas\/flir-a6781sc-termokamera#primaryimage"},"thumbnailUrl":"https:\/\/www.axiomams.eu\/wp-content\/uploads\/2025\/07\/3239-4289.jpg","datePublished":"2025-06-12T12:24:12+00:00","dateModified":"2026-03-25T14:59:10+00:00","breadcrumb":{"@id":"https:\/\/www.axiomams.eu\/lv\/produktas\/flir-a6781sc-termokamera#breadcrumb"},"inLanguage":"lv-LV","potentialAction":[{"@type":"ReadAction","target":["https:\/\/www.axiomams.eu\/lv\/produktas\/flir-a6781sc-termokamera"]}]},{"@type":"ImageObject","inLanguage":"lv-LV","@id":"https:\/\/www.axiomams.eu\/lv\/produktas\/flir-a6781sc-termokamera#primaryimage","url":"https:\/\/www.axiomams.eu\/wp-content\/uploads\/2025\/07\/3239-4289.jpg","contentUrl":"https:\/\/www.axiomams.eu\/wp-content\/uploads\/2025\/07\/3239-4289.jpg","width":540,"height":540},{"@type":"BreadcrumbList","@id":"https:\/\/www.axiomams.eu\/lv\/produktas\/flir-a6781sc-termokamera#breadcrumb","itemListElement":[{"@type":"ListItem","position":1,"name":"Home","item":"https:\/\/www.axiomams.eu\/lv"},{"@type":"ListItem","position":2,"name":"Produkti","item":"https:\/\/www.axiomams.eu\/lv\/produkti"},{"@type":"ListItem","position":3,"name":"Flir A6781SC termokamera"}]},{"@type":"WebSite","@id":"https:\/\/www.axiomams.eu\/lv#website","url":"https:\/\/www.axiomams.eu\/lv","name":"AXIOMA MS","description":"Terrmovizoriai ir matavimo \u012franga","publisher":{"@id":"https:\/\/www.axiomams.eu\/lv#organization"},"potentialAction":[{"@type":"SearchAction","target":{"@type":"EntryPoint","urlTemplate":"https:\/\/www.axiomams.eu\/lv?s={search_term_string}"},"query-input":{"@type":"PropertyValueSpecification","valueRequired":true,"valueName":"search_term_string"}}],"inLanguage":"lv-LV"},{"@type":"Organization","@id":"https:\/\/www.axiomams.eu\/lv#organization","name":"AXIOMA MS","url":"https:\/\/www.axiomams.eu\/lv","logo":{"@type":"ImageObject","inLanguage":"lv-LV","@id":"https:\/\/www.axiomams.eu\/lv#\/schema\/logo\/image\/","url":"https:\/\/www.axiomams.eu\/wp-content\/uploads\/2025\/06\/axioma-logo-2.png","contentUrl":"https:\/\/www.axiomams.eu\/wp-content\/uploads\/2025\/06\/axioma-logo-2.png","width":1200,"height":1200,"caption":"AXIOMA MS"},"image":{"@id":"https:\/\/www.axiomams.eu\/lv#\/schema\/logo\/image\/"},"sameAs":["https:\/\/www.facebook.com\/AxiomaMS","https:\/\/www.linkedin.com\/company\/axiomams\/"]}]}},"_links":{"self":[{"href":"https:\/\/www.axiomams.eu\/lv\/wp-json\/wp\/v2\/product\/38944","targetHints":{"allow":["GET"]}}],"collection":[{"href":"https:\/\/www.axiomams.eu\/lv\/wp-json\/wp\/v2\/product"}],"about":[{"href":"https:\/\/www.axiomams.eu\/lv\/wp-json\/wp\/v2\/types\/product"}],"replies":[{"embeddable":true,"href":"https:\/\/www.axiomams.eu\/lv\/wp-json\/wp\/v2\/comments?post=38944"}],"wp:featuredmedia":[{"embeddable":true,"href":"https:\/\/www.axiomams.eu\/lv\/wp-json\/wp\/v2\/media\/41592"}],"wp:attachment":[{"href":"https:\/\/www.axiomams.eu\/lv\/wp-json\/wp\/v2\/media?parent=38944"}],"wp:term":[{"taxonomy":"product_brand","embeddable":true,"href":"https:\/\/www.axiomams.eu\/lv\/wp-json\/wp\/v2\/product_brand?post=38944"},{"taxonomy":"product_cat","embeddable":true,"href":"https:\/\/www.axiomams.eu\/lv\/wp-json\/wp\/v2\/product_cat?post=38944"},{"taxonomy":"product_tag","embeddable":true,"href":"https:\/\/www.axiomams.eu\/lv\/wp-json\/wp\/v2\/product_tag?post=38944"}],"curies":[{"name":"wp","href":"https:\/\/api.w.org\/{rel}","templated":true}]}}