{"id":38952,"date":"2025-06-12T14:24:23","date_gmt":"2025-06-12T12:24:23","guid":{"rendered":"https:\/\/www.axiomams.eu\/produktas\/flir-a700-24-std-sc-kit-termokamera"},"modified":"2026-03-25T16:59:14","modified_gmt":"2026-03-25T14:59:14","slug":"flir-a700-24-std-sc-kit-termokamera","status":"publish","type":"product","link":"https:\/\/www.axiomams.eu\/lv\/produktas\/flir-a700-24-std-sc-kit-termokamera","title":{"rendered":"Flir A700 24\u00b0 Std SC Kit termokamera"},"content":{"rendered":"<p>FLIR A700 zin\u0101tniskie komplekti pied\u0101v\u0101 p\u0113tniekiem un in\u017eenieriem racionaliz\u0113tu risin\u0101jumu prec\u012bziem temperat\u016bras m\u0113r\u012bjumiem. Vienk\u0101r\u0161oti, bet iztur\u012bgi savienojumi pal\u012bdz \u0101tri iestat\u012bt un s\u0101kt test\u0113\u0161anu; p\u0113c tam viegli apskat\u012bt, ieg\u016bt un analiz\u0113t datus, izmantojot iek\u013cauto FLIR Research Studio programmat\u016bru. Standarta komplekt\u0101 ir iek\u013cauta FLIR A700 att\u0113lu straum\u0113\u0161anas kamera, 24\u00b0 objekt\u012bvs ar autom\u0101tisko\/att\u0101lin\u0101to un manu\u0101lo fokus\u0113\u0161anu, k\u0101 ar\u012b FLIR makro re\u017e\u012bmu.<\/p>\n<p>Standarta komplekts: FLIR A700 ar uzlabotu att\u0113lu straum\u0113\u0161anas konfigur\u0101ciju un 24\u00b0 objekt\u012bvu, ciets futr\u0101lis, Ethernet kabelis M12 l\u012bdz RJ45, 2 m, Ethernet kabelis M12 l\u012bdz RJ45F, 0,3 m, Ethernet kabelis CAT6 &#8211; 2 m, kabelis M12 l\u012bdz pigtail &#8211; 2 m, gigab\u012bta PoE in\u017eektors 16 W ar daudzpra\u0161u kontaktiem, makrore\u017e\u012bms 50 \u00b5m 24\u00b0, programmat\u016bra FLIR Research Studio (gada abonements).<\/p>\n<h3>Tehnisk\u0101 inform\u0101cija:<\/h3>\n<ul>\n<li><a href=\"https:\/\/axiomams.eu\/importer\/export\/attachments\/en\/flir-a400-a700-sciencekits.pdf\" target=\"_blank\">FLIR A400 A700 ScienceKits.pdf<\/a><\/li>\n<\/ul>\n","protected":false},"excerpt":{"rendered":"<p>FLIR A700 zin\u0101tniskie komplekti pied\u0101v\u0101 p\u0113tniekiem un in\u017eenieriem racionaliz\u0113tu risin\u0101jumu prec\u012bziem temperat\u016bras m\u0113r\u012bjumiem. Vienk\u0101r\u0161oti, bet iztur\u012bgi savienojumi pal\u012bdz \u0101tri iestat\u012bt un s\u0101kt test\u0113\u0161anu; p\u0113c tam viegli apskat\u012bt, ieg\u016bt un analiz\u0113t datus, izmantojot iek\u013cauto FLIR Research Studio programmat\u016bru. Standarta komplekt\u0101 ir iek\u013cauta FLIR A700 att\u0113lu straum\u0113\u0161anas kamera, 24\u00b0 objekt\u012bvs ar autom\u0101tisko\/att\u0101lin\u0101to un manu\u0101lo fokus\u0113\u0161anu, k\u0101 ar\u012b&#8230;<\/p>\n","protected":false},"featured_media":41608,"comment_status":"open","ping_status":"closed","template":"","meta":{"_acf_changed":false},"product_brand":[734],"product_cat":[17728,17754],"product_tag":[],"class_list":{"0":"post-38952","1":"product","2":"type-product","3":"status-publish","4":"has-post-thumbnail","6":"product_brand-flir","7":"product_cat-petniecibai","8":"product_cat-termiskai-analizei","10":"first","11":"instock","12":"taxable","13":"shipping-taxable","14":"product-type-simple"},"acf":[],"yoast_head":"<!-- This site is optimized with the Yoast SEO plugin v27.0 - https:\/\/yoast.com\/product\/yoast-seo-wordpress\/ -->\n<title>Flir A700 24\u00b0 Std SC Kit termokamera - AXIOMA MS<\/title>\n<meta name=\"robots\" content=\"index, follow, max-snippet:-1, max-image-preview:large, max-video-preview:-1\" \/>\n<link rel=\"canonical\" href=\"https:\/\/www.axiomams.eu\/lv\/produktas\/flir-a700-24-std-sc-kit-termokamera\" \/>\n<meta property=\"og:locale\" content=\"lv_LV\" \/>\n<meta property=\"og:type\" content=\"article\" \/>\n<meta property=\"og:title\" content=\"Flir A700 24\u00b0 Std SC Kit termokamera - AXIOMA MS\" \/>\n<meta property=\"og:description\" content=\"FLIR A700 zin\u0101tniskie komplekti pied\u0101v\u0101 p\u0113tniekiem un in\u017eenieriem racionaliz\u0113tu risin\u0101jumu prec\u012bziem temperat\u016bras m\u0113r\u012bjumiem. Vienk\u0101r\u0161oti, bet iztur\u012bgi savienojumi pal\u012bdz \u0101tri iestat\u012bt un s\u0101kt test\u0113\u0161anu; p\u0113c tam viegli apskat\u012bt, ieg\u016bt un analiz\u0113t datus, izmantojot iek\u013cauto FLIR Research Studio programmat\u016bru. Standarta komplekt\u0101 ir iek\u013cauta FLIR A700 att\u0113lu straum\u0113\u0161anas kamera, 24\u00b0 objekt\u012bvs ar autom\u0101tisko\/att\u0101lin\u0101to un manu\u0101lo fokus\u0113\u0161anu, k\u0101 ar\u012b...\" \/>\n<meta property=\"og:url\" content=\"https:\/\/www.axiomams.eu\/lv\/produktas\/flir-a700-24-std-sc-kit-termokamera\" \/>\n<meta property=\"og:site_name\" content=\"AXIOMA MS\" \/>\n<meta property=\"article:publisher\" content=\"https:\/\/www.facebook.com\/AxiomaMS\" \/>\n<meta property=\"article:modified_time\" content=\"2026-03-25T14:59:14+00:00\" \/>\n<meta property=\"og:image\" content=\"https:\/\/www.axiomams.eu\/wp-content\/uploads\/2025\/07\/3293-4364.jpg\" \/>\n\t<meta property=\"og:image:width\" content=\"1358\" \/>\n\t<meta property=\"og:image:height\" content=\"1020\" \/>\n\t<meta property=\"og:image:type\" content=\"image\/jpeg\" \/>\n<meta name=\"twitter:card\" content=\"summary_large_image\" \/>\n<meta name=\"twitter:label1\" content=\"Est. reading time\" \/>\n\t<meta name=\"twitter:data1\" content=\"1 minute\" \/>\n<script type=\"application\/ld+json\" class=\"yoast-schema-graph\">{\"@context\":\"https:\/\/schema.org\",\"@graph\":[{\"@type\":\"WebPage\",\"@id\":\"https:\/\/www.axiomams.eu\/lv\/produktas\/flir-a700-24-std-sc-kit-termokamera\",\"url\":\"https:\/\/www.axiomams.eu\/lv\/produktas\/flir-a700-24-std-sc-kit-termokamera\",\"name\":\"Flir A700 24\u00b0 Std SC Kit termokamera - AXIOMA MS\",\"isPartOf\":{\"@id\":\"https:\/\/www.axiomams.eu\/lv#website\"},\"primaryImageOfPage\":{\"@id\":\"https:\/\/www.axiomams.eu\/lv\/produktas\/flir-a700-24-std-sc-kit-termokamera#primaryimage\"},\"image\":{\"@id\":\"https:\/\/www.axiomams.eu\/lv\/produktas\/flir-a700-24-std-sc-kit-termokamera#primaryimage\"},\"thumbnailUrl\":\"https:\/\/www.axiomams.eu\/wp-content\/uploads\/2025\/07\/3293-4364.jpg\",\"datePublished\":\"2025-06-12T12:24:23+00:00\",\"dateModified\":\"2026-03-25T14:59:14+00:00\",\"breadcrumb\":{\"@id\":\"https:\/\/www.axiomams.eu\/lv\/produktas\/flir-a700-24-std-sc-kit-termokamera#breadcrumb\"},\"inLanguage\":\"lv-LV\",\"potentialAction\":[{\"@type\":\"ReadAction\",\"target\":[\"https:\/\/www.axiomams.eu\/lv\/produktas\/flir-a700-24-std-sc-kit-termokamera\"]}]},{\"@type\":\"ImageObject\",\"inLanguage\":\"lv-LV\",\"@id\":\"https:\/\/www.axiomams.eu\/lv\/produktas\/flir-a700-24-std-sc-kit-termokamera#primaryimage\",\"url\":\"https:\/\/www.axiomams.eu\/wp-content\/uploads\/2025\/07\/3293-4364.jpg\",\"contentUrl\":\"https:\/\/www.axiomams.eu\/wp-content\/uploads\/2025\/07\/3293-4364.jpg\",\"width\":1358,\"height\":1020},{\"@type\":\"BreadcrumbList\",\"@id\":\"https:\/\/www.axiomams.eu\/lv\/produktas\/flir-a700-24-std-sc-kit-termokamera#breadcrumb\",\"itemListElement\":[{\"@type\":\"ListItem\",\"position\":1,\"name\":\"Home\",\"item\":\"https:\/\/www.axiomams.eu\/lv\"},{\"@type\":\"ListItem\",\"position\":2,\"name\":\"Produkti\",\"item\":\"https:\/\/www.axiomams.eu\/lv\/produkti\"},{\"@type\":\"ListItem\",\"position\":3,\"name\":\"Flir A700 24\u00b0 Std SC Kit termokamera\"}]},{\"@type\":\"WebSite\",\"@id\":\"https:\/\/www.axiomams.eu\/lv#website\",\"url\":\"https:\/\/www.axiomams.eu\/lv\",\"name\":\"AXIOMA MS\",\"description\":\"Terrmovizoriai ir matavimo \u012franga\",\"publisher\":{\"@id\":\"https:\/\/www.axiomams.eu\/lv#organization\"},\"potentialAction\":[{\"@type\":\"SearchAction\",\"target\":{\"@type\":\"EntryPoint\",\"urlTemplate\":\"https:\/\/www.axiomams.eu\/lv?s={search_term_string}\"},\"query-input\":{\"@type\":\"PropertyValueSpecification\",\"valueRequired\":true,\"valueName\":\"search_term_string\"}}],\"inLanguage\":\"lv-LV\"},{\"@type\":\"Organization\",\"@id\":\"https:\/\/www.axiomams.eu\/lv#organization\",\"name\":\"AXIOMA MS\",\"url\":\"https:\/\/www.axiomams.eu\/lv\",\"logo\":{\"@type\":\"ImageObject\",\"inLanguage\":\"lv-LV\",\"@id\":\"https:\/\/www.axiomams.eu\/lv#\/schema\/logo\/image\/\",\"url\":\"https:\/\/www.axiomams.eu\/wp-content\/uploads\/2025\/06\/axioma-logo-2.png\",\"contentUrl\":\"https:\/\/www.axiomams.eu\/wp-content\/uploads\/2025\/06\/axioma-logo-2.png\",\"width\":1200,\"height\":1200,\"caption\":\"AXIOMA MS\"},\"image\":{\"@id\":\"https:\/\/www.axiomams.eu\/lv#\/schema\/logo\/image\/\"},\"sameAs\":[\"https:\/\/www.facebook.com\/AxiomaMS\",\"https:\/\/www.linkedin.com\/company\/axiomams\/\"]}]}<\/script>\n<!-- \/ Yoast SEO plugin. -->","yoast_head_json":{"title":"Flir A700 24\u00b0 Std SC Kit termokamera - AXIOMA MS","robots":{"index":"index","follow":"follow","max-snippet":"max-snippet:-1","max-image-preview":"max-image-preview:large","max-video-preview":"max-video-preview:-1"},"canonical":"https:\/\/www.axiomams.eu\/lv\/produktas\/flir-a700-24-std-sc-kit-termokamera","og_locale":"lv_LV","og_type":"article","og_title":"Flir A700 24\u00b0 Std SC Kit termokamera - AXIOMA MS","og_description":"FLIR A700 zin\u0101tniskie komplekti pied\u0101v\u0101 p\u0113tniekiem un in\u017eenieriem racionaliz\u0113tu risin\u0101jumu prec\u012bziem temperat\u016bras m\u0113r\u012bjumiem. Vienk\u0101r\u0161oti, bet iztur\u012bgi savienojumi pal\u012bdz \u0101tri iestat\u012bt un s\u0101kt test\u0113\u0161anu; p\u0113c tam viegli apskat\u012bt, ieg\u016bt un analiz\u0113t datus, izmantojot iek\u013cauto FLIR Research Studio programmat\u016bru. Standarta komplekt\u0101 ir iek\u013cauta FLIR A700 att\u0113lu straum\u0113\u0161anas kamera, 24\u00b0 objekt\u012bvs ar autom\u0101tisko\/att\u0101lin\u0101to un manu\u0101lo fokus\u0113\u0161anu, k\u0101 ar\u012b...","og_url":"https:\/\/www.axiomams.eu\/lv\/produktas\/flir-a700-24-std-sc-kit-termokamera","og_site_name":"AXIOMA MS","article_publisher":"https:\/\/www.facebook.com\/AxiomaMS","article_modified_time":"2026-03-25T14:59:14+00:00","og_image":[{"width":1358,"height":1020,"url":"https:\/\/www.axiomams.eu\/wp-content\/uploads\/2025\/07\/3293-4364.jpg","type":"image\/jpeg"}],"twitter_card":"summary_large_image","twitter_misc":{"Est. reading time":"1 minute"},"schema":{"@context":"https:\/\/schema.org","@graph":[{"@type":"WebPage","@id":"https:\/\/www.axiomams.eu\/lv\/produktas\/flir-a700-24-std-sc-kit-termokamera","url":"https:\/\/www.axiomams.eu\/lv\/produktas\/flir-a700-24-std-sc-kit-termokamera","name":"Flir A700 24\u00b0 Std SC Kit termokamera - AXIOMA MS","isPartOf":{"@id":"https:\/\/www.axiomams.eu\/lv#website"},"primaryImageOfPage":{"@id":"https:\/\/www.axiomams.eu\/lv\/produktas\/flir-a700-24-std-sc-kit-termokamera#primaryimage"},"image":{"@id":"https:\/\/www.axiomams.eu\/lv\/produktas\/flir-a700-24-std-sc-kit-termokamera#primaryimage"},"thumbnailUrl":"https:\/\/www.axiomams.eu\/wp-content\/uploads\/2025\/07\/3293-4364.jpg","datePublished":"2025-06-12T12:24:23+00:00","dateModified":"2026-03-25T14:59:14+00:00","breadcrumb":{"@id":"https:\/\/www.axiomams.eu\/lv\/produktas\/flir-a700-24-std-sc-kit-termokamera#breadcrumb"},"inLanguage":"lv-LV","potentialAction":[{"@type":"ReadAction","target":["https:\/\/www.axiomams.eu\/lv\/produktas\/flir-a700-24-std-sc-kit-termokamera"]}]},{"@type":"ImageObject","inLanguage":"lv-LV","@id":"https:\/\/www.axiomams.eu\/lv\/produktas\/flir-a700-24-std-sc-kit-termokamera#primaryimage","url":"https:\/\/www.axiomams.eu\/wp-content\/uploads\/2025\/07\/3293-4364.jpg","contentUrl":"https:\/\/www.axiomams.eu\/wp-content\/uploads\/2025\/07\/3293-4364.jpg","width":1358,"height":1020},{"@type":"BreadcrumbList","@id":"https:\/\/www.axiomams.eu\/lv\/produktas\/flir-a700-24-std-sc-kit-termokamera#breadcrumb","itemListElement":[{"@type":"ListItem","position":1,"name":"Home","item":"https:\/\/www.axiomams.eu\/lv"},{"@type":"ListItem","position":2,"name":"Produkti","item":"https:\/\/www.axiomams.eu\/lv\/produkti"},{"@type":"ListItem","position":3,"name":"Flir A700 24\u00b0 Std SC Kit termokamera"}]},{"@type":"WebSite","@id":"https:\/\/www.axiomams.eu\/lv#website","url":"https:\/\/www.axiomams.eu\/lv","name":"AXIOMA MS","description":"Terrmovizoriai ir matavimo \u012franga","publisher":{"@id":"https:\/\/www.axiomams.eu\/lv#organization"},"potentialAction":[{"@type":"SearchAction","target":{"@type":"EntryPoint","urlTemplate":"https:\/\/www.axiomams.eu\/lv?s={search_term_string}"},"query-input":{"@type":"PropertyValueSpecification","valueRequired":true,"valueName":"search_term_string"}}],"inLanguage":"lv-LV"},{"@type":"Organization","@id":"https:\/\/www.axiomams.eu\/lv#organization","name":"AXIOMA MS","url":"https:\/\/www.axiomams.eu\/lv","logo":{"@type":"ImageObject","inLanguage":"lv-LV","@id":"https:\/\/www.axiomams.eu\/lv#\/schema\/logo\/image\/","url":"https:\/\/www.axiomams.eu\/wp-content\/uploads\/2025\/06\/axioma-logo-2.png","contentUrl":"https:\/\/www.axiomams.eu\/wp-content\/uploads\/2025\/06\/axioma-logo-2.png","width":1200,"height":1200,"caption":"AXIOMA MS"},"image":{"@id":"https:\/\/www.axiomams.eu\/lv#\/schema\/logo\/image\/"},"sameAs":["https:\/\/www.facebook.com\/AxiomaMS","https:\/\/www.linkedin.com\/company\/axiomams\/"]}]}},"_links":{"self":[{"href":"https:\/\/www.axiomams.eu\/lv\/wp-json\/wp\/v2\/product\/38952","targetHints":{"allow":["GET"]}}],"collection":[{"href":"https:\/\/www.axiomams.eu\/lv\/wp-json\/wp\/v2\/product"}],"about":[{"href":"https:\/\/www.axiomams.eu\/lv\/wp-json\/wp\/v2\/types\/product"}],"replies":[{"embeddable":true,"href":"https:\/\/www.axiomams.eu\/lv\/wp-json\/wp\/v2\/comments?post=38952"}],"wp:featuredmedia":[{"embeddable":true,"href":"https:\/\/www.axiomams.eu\/lv\/wp-json\/wp\/v2\/media\/41608"}],"wp:attachment":[{"href":"https:\/\/www.axiomams.eu\/lv\/wp-json\/wp\/v2\/media?parent=38952"}],"wp:term":[{"taxonomy":"product_brand","embeddable":true,"href":"https:\/\/www.axiomams.eu\/lv\/wp-json\/wp\/v2\/product_brand?post=38952"},{"taxonomy":"product_cat","embeddable":true,"href":"https:\/\/www.axiomams.eu\/lv\/wp-json\/wp\/v2\/product_cat?post=38952"},{"taxonomy":"product_tag","embeddable":true,"href":"https:\/\/www.axiomams.eu\/lv\/wp-json\/wp\/v2\/product_tag?post=38952"}],"curies":[{"name":"wp","href":"https:\/\/api.w.org\/{rel}","templated":true}]}}