{"id":38959,"date":"2025-05-15T17:56:30","date_gmt":"2025-05-15T15:56:30","guid":{"rendered":"https:\/\/www.axiomams.eu\/produktas\/sinus-apollo-box-skanas-un-vibracijas-analizators"},"modified":"2026-03-25T16:59:16","modified_gmt":"2026-03-25T14:59:16","slug":"sinus-apollo-box-skanas-un-vibracijas-analizators","status":"publish","type":"product","link":"https:\/\/www.axiomams.eu\/lv\/produktas\/sinus-apollo-box-skanas-un-vibracijas-analizators","title":{"rendered":"Sinus Apollo Box ska\u0146as un vibr\u0101cijas analizators"},"content":{"rendered":"<p>Jaun\u0101 SINUS Apollo Box ir m\u016bsu elast\u012bg\u0101 un l\u0113t\u0101 4 kan\u0101lu front-end ier\u012bce ar USB 2.0 interfeisu. \u0160o iztur\u012bgo un nelielo ier\u012bci var viegli izmantot ar jebkuru Windows person\u0101lo datoru un pla\u0161u lietojumprogrammat\u016bras kl\u0101stu.<br \/>\nT\u0101 ir univers\u0101la p\u0101rn\u0113s\u0101jama m\u0113r\u012b\u0161anas sist\u0113ma akustiskajiem, vibr\u0101cijas un in\u017eeniertehniskajiem m\u0113r\u012bjumiem kopum\u0101, kas ir jaun\u0101k\u0101s paaudzes mobilo ar person\u0101lo datoru vad\u0101mo instrumentu p\u0101rst\u0101vis, pamatojoties uz jauno Apollo\u2122 aparat\u016bras platformu.<\/p>\n<p>Tehnisk\u0101s specifik\u0101cijas:<br \/>\nIeejas kan\u0101li: 1 &#8211; 4:<br \/>\n&#8211; Iz\u0161\u0137irtsp\u0113ja: 24 bitu<br \/>\n&#8211; Re\u0101l\u0101 laika joslas platums: DC &#8230; 20 kHz @ 4 kan\u0101li (40 \/ 80 kHz p\u0113c piepras\u012bjuma).<br \/>\n&#8211; Dinamiskais diapazons: 110 dB<br \/>\n&#8211; Paraugu \u0146em\u0161anas \u0101trums: 51,2 kHz (102,4 kHz \/ 204,8 kHz p\u0113c piepras\u012bjuma)<br \/>\n&#8211; Maksim\u0101lais ieejas spriegums: \u00b1 10 V maksimums<br \/>\n&#8211; Pastiprin\u0101\u0161ana: 1,5 V (l\u012bdz 10 V), 2,5 V (l\u012bdz 10 V): 0 dB, 20 dB<br \/>\n&#8211; P\u0101rslodzes noteik\u0161ana: j\u0101<br \/>\n&#8211; Mikrofona baro\u0161anas avots: \u00b1 14 V, p\u0101rsl\u0113dzams + 20 \/ 63 \/ 200 V (tikai ar BNC versij\u0101m AUX)<br \/>\nAUX kan\u0101li:<br \/>\n&#8211; Digit\u0101l\u0101 ieeja: 2x TTL<br \/>\n&#8211; Digit\u0101lais izeja: TTL, TTL, TTL, TTL, TTL, TTL: 2x TTL<br \/>\n&#8211; Mikrofona baro\u0161anas avots: \u00b1 14 V, + 20 \/ 63 \/ 200 V p\u0101rsl\u0113dzams.<br \/>\nL\u0113nais kan\u0101ls 1-8:<br \/>\n&#8211; Iz\u0161\u0137irtsp\u0113ja: 24 bitu<br \/>\n&#8211; Paraugu \u0146em\u0161anas frekvence: 200 Hz<br \/>\n&#8211; Ieejas sprieguma diapazons: -25 V &#8230; +25 V<br \/>\nIzejas kan\u0101li 1-2:<br \/>\n&#8211; Iz\u0161\u0137irtsp\u0113ja: 24 bitu<br \/>\n&#8211; Re\u0101l\u0101 laika joslas platums: DC &#8230; 20 (40\/80 kHz p\u0113c piepras\u012bjuma)<br \/>\n&#8211; Maksim\u0101lais izejas spriegums: \u00b1 3,16 Vpeak<br \/>\nApkalpo\u0161anas kan\u0101li:<br \/>\n&#8211; Palaides sign\u0101ls: 2x Palaides sign\u0101ls \/ Tacho, programmat\u016br\u0101 iestat\u0101ms palai\u0161anas l\u012bmenis.<br \/>\n&#8211; Sinhroniz\u0101cija: Sinhroniz\u0101cija ar \u0101r\u0113jo pulksteni (piem., Soundbook_MK2).<br \/>\nFizisk\u0101s \u012bpa\u0161\u012bbas:<br \/>\n&#8211; Izm\u0113ri: 200 mm x 100 mm x 35 mm<br \/>\n&#8211; Svars: 750 g<br \/>\n&#8211; USB kabelis: piel\u0101gots USB kabelis 1 m<br \/>\n&#8211; Baro\u0161ana: caur USB 2<br \/>\nVides apst\u0101k\u013ci:<br \/>\n&#8211; Aizsardz\u012bbas l\u012bmenis: 1: AIZSARDZ\u012aBA: IP40<br \/>\n&#8211; Mitrums: 30 % &#8230; 90 %<br \/>\n&#8211; Temperat\u016bras diapazons: -10 \u00b0C &#8230; +50 \u00b0C<\/p>\n<h3>Tehnisk\u0101 inform\u0101cija:<\/h3>\n<ul>\n<li><a href=\"https:\/\/axiomams.eu\/importer\/export\/attachments\/en\/apollo_box_en.pdf\" target=\"_blank\">apollo_box_en.pdf<\/a><\/li>\n<\/ul>\n","protected":false},"excerpt":{"rendered":"<p>Jaun\u0101 SINUS Apollo Box ir m\u016bsu elast\u012bg\u0101 un l\u0113t\u0101 4 kan\u0101lu front-end ier\u012bce ar USB 2.0 interfeisu. \u0160o iztur\u012bgo un nelielo ier\u012bci var viegli izmantot ar jebkuru Windows person\u0101lo datoru un pla\u0161u lietojumprogrammat\u016bras kl\u0101stu. T\u0101 ir univers\u0101la p\u0101rn\u0113s\u0101jama m\u0113r\u012b\u0161anas sist\u0113ma akustiskajiem, vibr\u0101cijas un in\u017eeniertehniskajiem m\u0113r\u012bjumiem kopum\u0101, kas ir jaun\u0101k\u0101s paaudzes mobilo ar person\u0101lo datoru vad\u0101mo&#8230;<\/p>\n","protected":false},"featured_media":41624,"comment_status":"open","ping_status":"closed","template":"","meta":{"_acf_changed":false},"product_brand":[733],"product_cat":[17776],"product_tag":[],"class_list":{"0":"post-38959","1":"product","2":"type-product","3":"status-publish","4":"has-post-thumbnail","6":"product_brand-sinus","7":"product_cat-vibracijas-merijumiem","9":"first","10":"instock","11":"taxable","12":"shipping-taxable","13":"product-type-simple"},"acf":[],"yoast_head":"<!-- This site is optimized with the Yoast SEO plugin v27.0 - https:\/\/yoast.com\/product\/yoast-seo-wordpress\/ -->\n<title>Sinus Apollo Box ska\u0146as un vibr\u0101cijas analizators - AXIOMA MS<\/title>\n<meta name=\"robots\" content=\"index, follow, max-snippet:-1, max-image-preview:large, max-video-preview:-1\" \/>\n<link rel=\"canonical\" href=\"https:\/\/www.axiomams.eu\/lv\/produktas\/sinus-apollo-box-skanas-un-vibracijas-analizators\" \/>\n<meta property=\"og:locale\" content=\"lv_LV\" \/>\n<meta property=\"og:type\" content=\"article\" \/>\n<meta property=\"og:title\" content=\"Sinus Apollo Box ska\u0146as un vibr\u0101cijas analizators - AXIOMA MS\" \/>\n<meta property=\"og:description\" content=\"Jaun\u0101 SINUS Apollo Box ir m\u016bsu elast\u012bg\u0101 un l\u0113t\u0101 4 kan\u0101lu front-end ier\u012bce ar USB 2.0 interfeisu. \u0160o iztur\u012bgo un nelielo ier\u012bci var viegli izmantot ar jebkuru Windows person\u0101lo datoru un pla\u0161u lietojumprogrammat\u016bras kl\u0101stu. T\u0101 ir univers\u0101la p\u0101rn\u0113s\u0101jama m\u0113r\u012b\u0161anas sist\u0113ma akustiskajiem, vibr\u0101cijas un in\u017eeniertehniskajiem m\u0113r\u012bjumiem kopum\u0101, kas ir jaun\u0101k\u0101s paaudzes mobilo ar person\u0101lo datoru vad\u0101mo...\" \/>\n<meta property=\"og:url\" content=\"https:\/\/www.axiomams.eu\/lv\/produktas\/sinus-apollo-box-skanas-un-vibracijas-analizators\" \/>\n<meta property=\"og:site_name\" content=\"AXIOMA MS\" \/>\n<meta property=\"article:publisher\" content=\"https:\/\/www.facebook.com\/AxiomaMS\" \/>\n<meta property=\"article:modified_time\" content=\"2026-03-25T14:59:16+00:00\" \/>\n<meta property=\"og:image\" content=\"https:\/\/www.axiomams.eu\/wp-content\/uploads\/2025\/07\/878-2619.jpg\" \/>\n\t<meta property=\"og:image:width\" content=\"880\" \/>\n\t<meta property=\"og:image:height\" content=\"800\" \/>\n\t<meta property=\"og:image:type\" content=\"image\/jpeg\" \/>\n<meta name=\"twitter:card\" content=\"summary_large_image\" \/>\n<meta name=\"twitter:label1\" content=\"Est. reading time\" \/>\n\t<meta name=\"twitter:data1\" content=\"2 minutes\" \/>\n<script type=\"application\/ld+json\" class=\"yoast-schema-graph\">{\"@context\":\"https:\/\/schema.org\",\"@graph\":[{\"@type\":\"WebPage\",\"@id\":\"https:\/\/www.axiomams.eu\/lv\/produktas\/sinus-apollo-box-skanas-un-vibracijas-analizators\",\"url\":\"https:\/\/www.axiomams.eu\/lv\/produktas\/sinus-apollo-box-skanas-un-vibracijas-analizators\",\"name\":\"Sinus Apollo Box ska\u0146as un vibr\u0101cijas analizators - AXIOMA MS\",\"isPartOf\":{\"@id\":\"https:\/\/www.axiomams.eu\/lv#website\"},\"primaryImageOfPage\":{\"@id\":\"https:\/\/www.axiomams.eu\/lv\/produktas\/sinus-apollo-box-skanas-un-vibracijas-analizators#primaryimage\"},\"image\":{\"@id\":\"https:\/\/www.axiomams.eu\/lv\/produktas\/sinus-apollo-box-skanas-un-vibracijas-analizators#primaryimage\"},\"thumbnailUrl\":\"https:\/\/www.axiomams.eu\/wp-content\/uploads\/2025\/07\/878-2619.jpg\",\"datePublished\":\"2025-05-15T15:56:30+00:00\",\"dateModified\":\"2026-03-25T14:59:16+00:00\",\"breadcrumb\":{\"@id\":\"https:\/\/www.axiomams.eu\/lv\/produktas\/sinus-apollo-box-skanas-un-vibracijas-analizators#breadcrumb\"},\"inLanguage\":\"lv-LV\",\"potentialAction\":[{\"@type\":\"ReadAction\",\"target\":[\"https:\/\/www.axiomams.eu\/lv\/produktas\/sinus-apollo-box-skanas-un-vibracijas-analizators\"]}]},{\"@type\":\"ImageObject\",\"inLanguage\":\"lv-LV\",\"@id\":\"https:\/\/www.axiomams.eu\/lv\/produktas\/sinus-apollo-box-skanas-un-vibracijas-analizators#primaryimage\",\"url\":\"https:\/\/www.axiomams.eu\/wp-content\/uploads\/2025\/07\/878-2619.jpg\",\"contentUrl\":\"https:\/\/www.axiomams.eu\/wp-content\/uploads\/2025\/07\/878-2619.jpg\",\"width\":880,\"height\":800},{\"@type\":\"BreadcrumbList\",\"@id\":\"https:\/\/www.axiomams.eu\/lv\/produktas\/sinus-apollo-box-skanas-un-vibracijas-analizators#breadcrumb\",\"itemListElement\":[{\"@type\":\"ListItem\",\"position\":1,\"name\":\"Home\",\"item\":\"https:\/\/www.axiomams.eu\/lv\"},{\"@type\":\"ListItem\",\"position\":2,\"name\":\"Produkti\",\"item\":\"https:\/\/www.axiomams.eu\/lv\/produkti\"},{\"@type\":\"ListItem\",\"position\":3,\"name\":\"Sinus Apollo Box ska\u0146as un vibr\u0101cijas analizators\"}]},{\"@type\":\"WebSite\",\"@id\":\"https:\/\/www.axiomams.eu\/lv#website\",\"url\":\"https:\/\/www.axiomams.eu\/lv\",\"name\":\"AXIOMA MS\",\"description\":\"Terrmovizoriai ir matavimo \u012franga\",\"publisher\":{\"@id\":\"https:\/\/www.axiomams.eu\/lv#organization\"},\"potentialAction\":[{\"@type\":\"SearchAction\",\"target\":{\"@type\":\"EntryPoint\",\"urlTemplate\":\"https:\/\/www.axiomams.eu\/lv?s={search_term_string}\"},\"query-input\":{\"@type\":\"PropertyValueSpecification\",\"valueRequired\":true,\"valueName\":\"search_term_string\"}}],\"inLanguage\":\"lv-LV\"},{\"@type\":\"Organization\",\"@id\":\"https:\/\/www.axiomams.eu\/lv#organization\",\"name\":\"AXIOMA MS\",\"url\":\"https:\/\/www.axiomams.eu\/lv\",\"logo\":{\"@type\":\"ImageObject\",\"inLanguage\":\"lv-LV\",\"@id\":\"https:\/\/www.axiomams.eu\/lv#\/schema\/logo\/image\/\",\"url\":\"https:\/\/www.axiomams.eu\/wp-content\/uploads\/2025\/06\/axioma-logo-2.png\",\"contentUrl\":\"https:\/\/www.axiomams.eu\/wp-content\/uploads\/2025\/06\/axioma-logo-2.png\",\"width\":1200,\"height\":1200,\"caption\":\"AXIOMA MS\"},\"image\":{\"@id\":\"https:\/\/www.axiomams.eu\/lv#\/schema\/logo\/image\/\"},\"sameAs\":[\"https:\/\/www.facebook.com\/AxiomaMS\",\"https:\/\/www.linkedin.com\/company\/axiomams\/\"]}]}<\/script>\n<!-- \/ Yoast SEO plugin. -->","yoast_head_json":{"title":"Sinus Apollo Box ska\u0146as un vibr\u0101cijas analizators - AXIOMA MS","robots":{"index":"index","follow":"follow","max-snippet":"max-snippet:-1","max-image-preview":"max-image-preview:large","max-video-preview":"max-video-preview:-1"},"canonical":"https:\/\/www.axiomams.eu\/lv\/produktas\/sinus-apollo-box-skanas-un-vibracijas-analizators","og_locale":"lv_LV","og_type":"article","og_title":"Sinus Apollo Box ska\u0146as un vibr\u0101cijas analizators - AXIOMA MS","og_description":"Jaun\u0101 SINUS Apollo Box ir m\u016bsu elast\u012bg\u0101 un l\u0113t\u0101 4 kan\u0101lu front-end ier\u012bce ar USB 2.0 interfeisu. \u0160o iztur\u012bgo un nelielo ier\u012bci var viegli izmantot ar jebkuru Windows person\u0101lo datoru un pla\u0161u lietojumprogrammat\u016bras kl\u0101stu. T\u0101 ir univers\u0101la p\u0101rn\u0113s\u0101jama m\u0113r\u012b\u0161anas sist\u0113ma akustiskajiem, vibr\u0101cijas un in\u017eeniertehniskajiem m\u0113r\u012bjumiem kopum\u0101, kas ir jaun\u0101k\u0101s paaudzes mobilo ar person\u0101lo datoru vad\u0101mo...","og_url":"https:\/\/www.axiomams.eu\/lv\/produktas\/sinus-apollo-box-skanas-un-vibracijas-analizators","og_site_name":"AXIOMA MS","article_publisher":"https:\/\/www.facebook.com\/AxiomaMS","article_modified_time":"2026-03-25T14:59:16+00:00","og_image":[{"width":880,"height":800,"url":"https:\/\/www.axiomams.eu\/wp-content\/uploads\/2025\/07\/878-2619.jpg","type":"image\/jpeg"}],"twitter_card":"summary_large_image","twitter_misc":{"Est. reading time":"2 minutes"},"schema":{"@context":"https:\/\/schema.org","@graph":[{"@type":"WebPage","@id":"https:\/\/www.axiomams.eu\/lv\/produktas\/sinus-apollo-box-skanas-un-vibracijas-analizators","url":"https:\/\/www.axiomams.eu\/lv\/produktas\/sinus-apollo-box-skanas-un-vibracijas-analizators","name":"Sinus Apollo Box ska\u0146as un vibr\u0101cijas analizators - AXIOMA MS","isPartOf":{"@id":"https:\/\/www.axiomams.eu\/lv#website"},"primaryImageOfPage":{"@id":"https:\/\/www.axiomams.eu\/lv\/produktas\/sinus-apollo-box-skanas-un-vibracijas-analizators#primaryimage"},"image":{"@id":"https:\/\/www.axiomams.eu\/lv\/produktas\/sinus-apollo-box-skanas-un-vibracijas-analizators#primaryimage"},"thumbnailUrl":"https:\/\/www.axiomams.eu\/wp-content\/uploads\/2025\/07\/878-2619.jpg","datePublished":"2025-05-15T15:56:30+00:00","dateModified":"2026-03-25T14:59:16+00:00","breadcrumb":{"@id":"https:\/\/www.axiomams.eu\/lv\/produktas\/sinus-apollo-box-skanas-un-vibracijas-analizators#breadcrumb"},"inLanguage":"lv-LV","potentialAction":[{"@type":"ReadAction","target":["https:\/\/www.axiomams.eu\/lv\/produktas\/sinus-apollo-box-skanas-un-vibracijas-analizators"]}]},{"@type":"ImageObject","inLanguage":"lv-LV","@id":"https:\/\/www.axiomams.eu\/lv\/produktas\/sinus-apollo-box-skanas-un-vibracijas-analizators#primaryimage","url":"https:\/\/www.axiomams.eu\/wp-content\/uploads\/2025\/07\/878-2619.jpg","contentUrl":"https:\/\/www.axiomams.eu\/wp-content\/uploads\/2025\/07\/878-2619.jpg","width":880,"height":800},{"@type":"BreadcrumbList","@id":"https:\/\/www.axiomams.eu\/lv\/produktas\/sinus-apollo-box-skanas-un-vibracijas-analizators#breadcrumb","itemListElement":[{"@type":"ListItem","position":1,"name":"Home","item":"https:\/\/www.axiomams.eu\/lv"},{"@type":"ListItem","position":2,"name":"Produkti","item":"https:\/\/www.axiomams.eu\/lv\/produkti"},{"@type":"ListItem","position":3,"name":"Sinus Apollo Box ska\u0146as un vibr\u0101cijas analizators"}]},{"@type":"WebSite","@id":"https:\/\/www.axiomams.eu\/lv#website","url":"https:\/\/www.axiomams.eu\/lv","name":"AXIOMA MS","description":"Terrmovizoriai ir matavimo \u012franga","publisher":{"@id":"https:\/\/www.axiomams.eu\/lv#organization"},"potentialAction":[{"@type":"SearchAction","target":{"@type":"EntryPoint","urlTemplate":"https:\/\/www.axiomams.eu\/lv?s={search_term_string}"},"query-input":{"@type":"PropertyValueSpecification","valueRequired":true,"valueName":"search_term_string"}}],"inLanguage":"lv-LV"},{"@type":"Organization","@id":"https:\/\/www.axiomams.eu\/lv#organization","name":"AXIOMA MS","url":"https:\/\/www.axiomams.eu\/lv","logo":{"@type":"ImageObject","inLanguage":"lv-LV","@id":"https:\/\/www.axiomams.eu\/lv#\/schema\/logo\/image\/","url":"https:\/\/www.axiomams.eu\/wp-content\/uploads\/2025\/06\/axioma-logo-2.png","contentUrl":"https:\/\/www.axiomams.eu\/wp-content\/uploads\/2025\/06\/axioma-logo-2.png","width":1200,"height":1200,"caption":"AXIOMA MS"},"image":{"@id":"https:\/\/www.axiomams.eu\/lv#\/schema\/logo\/image\/"},"sameAs":["https:\/\/www.facebook.com\/AxiomaMS","https:\/\/www.linkedin.com\/company\/axiomams\/"]}]}},"_links":{"self":[{"href":"https:\/\/www.axiomams.eu\/lv\/wp-json\/wp\/v2\/product\/38959","targetHints":{"allow":["GET"]}}],"collection":[{"href":"https:\/\/www.axiomams.eu\/lv\/wp-json\/wp\/v2\/product"}],"about":[{"href":"https:\/\/www.axiomams.eu\/lv\/wp-json\/wp\/v2\/types\/product"}],"replies":[{"embeddable":true,"href":"https:\/\/www.axiomams.eu\/lv\/wp-json\/wp\/v2\/comments?post=38959"}],"wp:featuredmedia":[{"embeddable":true,"href":"https:\/\/www.axiomams.eu\/lv\/wp-json\/wp\/v2\/media\/41624"}],"wp:attachment":[{"href":"https:\/\/www.axiomams.eu\/lv\/wp-json\/wp\/v2\/media?parent=38959"}],"wp:term":[{"taxonomy":"product_brand","embeddable":true,"href":"https:\/\/www.axiomams.eu\/lv\/wp-json\/wp\/v2\/product_brand?post=38959"},{"taxonomy":"product_cat","embeddable":true,"href":"https:\/\/www.axiomams.eu\/lv\/wp-json\/wp\/v2\/product_cat?post=38959"},{"taxonomy":"product_tag","embeddable":true,"href":"https:\/\/www.axiomams.eu\/lv\/wp-json\/wp\/v2\/product_tag?post=38959"}],"curies":[{"name":"wp","href":"https:\/\/api.w.org\/{rel}","templated":true}]}}