{"id":38960,"date":"2025-05-15T17:56:34","date_gmt":"2025-05-15T15:56:34","guid":{"rendered":"https:\/\/www.axiomams.eu\/produktas\/fixturlaser-at-010-parvietojuma-zonde"},"modified":"2026-03-25T16:59:17","modified_gmt":"2026-03-25T14:59:17","slug":"fixturlaser-at-010-parvietojuma-zonde","status":"publish","type":"product","link":"https:\/\/www.axiomams.eu\/lv\/produktas\/fixturlaser-at-010-parvietojuma-zonde","title":{"rendered":"Fixturlaser AT-010 p\u0101rvietojuma zonde"},"content":{"rendered":"<p>Fixturlaser AT-010 &#8211; uz vied\u0101s lietotnes balst\u012bta p\u0101rvietojuma zonde dro\u0161iem un uzticamiem m\u0113r\u012bjumiem vis\u0101m iepriek\u0161\u0113jas izl\u012bdzin\u0101\u0161anas p\u0101rbaud\u0113m. AT-010 pied\u0101v\u0101 daudzus pielietojuma veidus, t\u0101p\u0113c tas ir patiesi daudzpus\u012bgs apkopes r\u012bks.<\/p>\n<p>Tehnisk\u0101 specifik\u0101cija<br \/>\nKorpuss, materi\u0101ls: Materi\u0101ls, materi\u0101ls, ABS plastmasa<br \/>\nDarba temperat\u016bra: 0\u00b0C &#8230; 40\u00b0C<br \/>\nSvars: 0,73 kg<br \/>\nAkumulatora bloka izm\u0113ri: 44 mm x 91 mm x 33 mm<br \/>\nKabe\u013ca garums: 400 mm<br \/>\nKorpusa aizsardz\u012bbas klase: AIZSARDZ\u012aBAS KLASE: IP 65<br \/>\nM\u0113r\u012b\u0161anas sp\u0113ks: 0,70 N \u00b1 25%.<br \/>\nAtk\u0101rtojam\u012bba: 0,15 \u03bcm<br \/>\nM\u0113r\u012bjumu precizit\u0101te: \u00b1MAX(5+|2*K|;|7*K|) \u03bcm<br \/>\nM\u0113r\u012b\u0161anas uzga\u013ca diametrs: \u00d8 3 mm<br \/>\nSiltuma dreifs: 0,25 \u03bcm\/\u00b0C<br \/>\nKomunik\u0101cijas diapazons: 0,5 \u03bcm\/km: 10 m<br \/>\nDarb\u012bbas laiks: 11 stundas nep\u0101rtrauktas darb\u012bbas<br \/>\nM\u0113r\u012b\u0161anas diapazons: 1,5 stundas: +\/- 2,5 mm<\/p>\n<p>Standarta komplekts: LVDT sensors, magn\u0113ts, baro\u0161anas avots, USB kabelis A-Micro, sensora stat\u012bvs ( bez magn\u0113ta pamatnes, p\u0113c izv\u0113les ), regul\u0113jams zondes uzgalis.<\/p>\n<h3>Tehnisk\u0101 inform\u0101cija:<\/h3>\n<ul>\n<li><a href=\"https:\/\/axiomams.eu\/importer\/export\/attachments\/en\/fixturlaser-at-010.pdf\" target=\"_blank\">Fixturlaser AT-010.pdf<\/a><\/li>\n<\/ul>\n","protected":false},"excerpt":{"rendered":"<p>Fixturlaser AT-010 &#8211; uz vied\u0101s lietotnes balst\u012bta p\u0101rvietojuma zonde dro\u0161iem un uzticamiem m\u0113r\u012bjumiem vis\u0101m iepriek\u0161\u0113jas izl\u012bdzin\u0101\u0161anas p\u0101rbaud\u0113m. AT-010 pied\u0101v\u0101 daudzus pielietojuma veidus, t\u0101p\u0113c tas ir patiesi daudzpus\u012bgs apkopes r\u012bks. Tehnisk\u0101 specifik\u0101cija Korpuss, materi\u0101ls: Materi\u0101ls, materi\u0101ls, ABS plastmasa Darba temperat\u016bra: 0\u00b0C &#8230; 40\u00b0C Svars: 0,73 kg Akumulatora bloka izm\u0113ri: 44 mm x 91 mm x 33&#8230;<\/p>\n","protected":false},"featured_media":41626,"comment_status":"open","ping_status":"closed","template":"","meta":{"_acf_changed":false},"product_brand":[17686],"product_cat":[17765],"product_tag":[],"class_list":{"0":"post-38960","1":"product","2":"type-product","3":"status-publish","4":"has-post-thumbnail","6":"product_brand-fixturlaser","7":"product_cat-centresanas-varpstam-un-siksnu-piedzinam","9":"first","10":"instock","11":"taxable","12":"shipping-taxable","13":"purchasable","14":"product-type-simple"},"acf":[],"yoast_head":"<!-- This site is optimized with the Yoast SEO plugin v27.0 - https:\/\/yoast.com\/product\/yoast-seo-wordpress\/ -->\n<title>Fixturlaser AT-010 p\u0101rvietojuma zonde - AXIOMA MS<\/title>\n<meta name=\"robots\" content=\"index, follow, max-snippet:-1, max-image-preview:large, max-video-preview:-1\" \/>\n<link rel=\"canonical\" href=\"https:\/\/www.axiomams.eu\/lv\/produktas\/fixturlaser-at-010-parvietojuma-zonde\" \/>\n<meta property=\"og:locale\" content=\"lv_LV\" \/>\n<meta property=\"og:type\" content=\"article\" \/>\n<meta property=\"og:title\" content=\"Fixturlaser AT-010 p\u0101rvietojuma zonde - AXIOMA MS\" \/>\n<meta property=\"og:description\" content=\"Fixturlaser AT-010 &#8211; uz vied\u0101s lietotnes balst\u012bta p\u0101rvietojuma zonde dro\u0161iem un uzticamiem m\u0113r\u012bjumiem vis\u0101m iepriek\u0161\u0113jas izl\u012bdzin\u0101\u0161anas p\u0101rbaud\u0113m. AT-010 pied\u0101v\u0101 daudzus pielietojuma veidus, t\u0101p\u0113c tas ir patiesi daudzpus\u012bgs apkopes r\u012bks. Tehnisk\u0101 specifik\u0101cija Korpuss, materi\u0101ls: Materi\u0101ls, materi\u0101ls, ABS plastmasa Darba temperat\u016bra: 0\u00b0C &#8230; 40\u00b0C Svars: 0,73 kg Akumulatora bloka izm\u0113ri: 44 mm x 91 mm x 33...\" \/>\n<meta property=\"og:url\" content=\"https:\/\/www.axiomams.eu\/lv\/produktas\/fixturlaser-at-010-parvietojuma-zonde\" \/>\n<meta property=\"og:site_name\" content=\"AXIOMA MS\" \/>\n<meta property=\"article:publisher\" content=\"https:\/\/www.facebook.com\/AxiomaMS\" \/>\n<meta property=\"article:modified_time\" content=\"2026-03-25T14:59:17+00:00\" \/>\n<meta property=\"og:image\" content=\"https:\/\/www.axiomams.eu\/wp-content\/uploads\/2025\/07\/3253-4310.jpg\" \/>\n\t<meta property=\"og:image:width\" content=\"1024\" \/>\n\t<meta property=\"og:image:height\" content=\"768\" \/>\n\t<meta property=\"og:image:type\" content=\"image\/jpeg\" \/>\n<meta name=\"twitter:card\" content=\"summary_large_image\" \/>\n<meta name=\"twitter:label1\" content=\"Est. reading time\" \/>\n\t<meta name=\"twitter:data1\" content=\"1 minute\" \/>\n<script type=\"application\/ld+json\" class=\"yoast-schema-graph\">{\"@context\":\"https:\/\/schema.org\",\"@graph\":[{\"@type\":\"WebPage\",\"@id\":\"https:\/\/www.axiomams.eu\/lv\/produktas\/fixturlaser-at-010-parvietojuma-zonde\",\"url\":\"https:\/\/www.axiomams.eu\/lv\/produktas\/fixturlaser-at-010-parvietojuma-zonde\",\"name\":\"Fixturlaser AT-010 p\u0101rvietojuma zonde - AXIOMA MS\",\"isPartOf\":{\"@id\":\"https:\/\/www.axiomams.eu\/lv#website\"},\"primaryImageOfPage\":{\"@id\":\"https:\/\/www.axiomams.eu\/lv\/produktas\/fixturlaser-at-010-parvietojuma-zonde#primaryimage\"},\"image\":{\"@id\":\"https:\/\/www.axiomams.eu\/lv\/produktas\/fixturlaser-at-010-parvietojuma-zonde#primaryimage\"},\"thumbnailUrl\":\"https:\/\/www.axiomams.eu\/wp-content\/uploads\/2025\/07\/3253-4310.jpg\",\"datePublished\":\"2025-05-15T15:56:34+00:00\",\"dateModified\":\"2026-03-25T14:59:17+00:00\",\"breadcrumb\":{\"@id\":\"https:\/\/www.axiomams.eu\/lv\/produktas\/fixturlaser-at-010-parvietojuma-zonde#breadcrumb\"},\"inLanguage\":\"lv-LV\",\"potentialAction\":[{\"@type\":\"ReadAction\",\"target\":[\"https:\/\/www.axiomams.eu\/lv\/produktas\/fixturlaser-at-010-parvietojuma-zonde\"]}]},{\"@type\":\"ImageObject\",\"inLanguage\":\"lv-LV\",\"@id\":\"https:\/\/www.axiomams.eu\/lv\/produktas\/fixturlaser-at-010-parvietojuma-zonde#primaryimage\",\"url\":\"https:\/\/www.axiomams.eu\/wp-content\/uploads\/2025\/07\/3253-4310.jpg\",\"contentUrl\":\"https:\/\/www.axiomams.eu\/wp-content\/uploads\/2025\/07\/3253-4310.jpg\",\"width\":1024,\"height\":768},{\"@type\":\"BreadcrumbList\",\"@id\":\"https:\/\/www.axiomams.eu\/lv\/produktas\/fixturlaser-at-010-parvietojuma-zonde#breadcrumb\",\"itemListElement\":[{\"@type\":\"ListItem\",\"position\":1,\"name\":\"Home\",\"item\":\"https:\/\/www.axiomams.eu\/lv\"},{\"@type\":\"ListItem\",\"position\":2,\"name\":\"Produkti\",\"item\":\"https:\/\/www.axiomams.eu\/lv\/produkti\"},{\"@type\":\"ListItem\",\"position\":3,\"name\":\"Fixturlaser AT-010 p\u0101rvietojuma zonde\"}]},{\"@type\":\"WebSite\",\"@id\":\"https:\/\/www.axiomams.eu\/lv#website\",\"url\":\"https:\/\/www.axiomams.eu\/lv\",\"name\":\"AXIOMA MS\",\"description\":\"Terrmovizoriai ir matavimo \u012franga\",\"publisher\":{\"@id\":\"https:\/\/www.axiomams.eu\/lv#organization\"},\"potentialAction\":[{\"@type\":\"SearchAction\",\"target\":{\"@type\":\"EntryPoint\",\"urlTemplate\":\"https:\/\/www.axiomams.eu\/lv?s={search_term_string}\"},\"query-input\":{\"@type\":\"PropertyValueSpecification\",\"valueRequired\":true,\"valueName\":\"search_term_string\"}}],\"inLanguage\":\"lv-LV\"},{\"@type\":\"Organization\",\"@id\":\"https:\/\/www.axiomams.eu\/lv#organization\",\"name\":\"AXIOMA MS\",\"url\":\"https:\/\/www.axiomams.eu\/lv\",\"logo\":{\"@type\":\"ImageObject\",\"inLanguage\":\"lv-LV\",\"@id\":\"https:\/\/www.axiomams.eu\/lv#\/schema\/logo\/image\/\",\"url\":\"https:\/\/www.axiomams.eu\/wp-content\/uploads\/2025\/06\/axioma-logo-2.png\",\"contentUrl\":\"https:\/\/www.axiomams.eu\/wp-content\/uploads\/2025\/06\/axioma-logo-2.png\",\"width\":1200,\"height\":1200,\"caption\":\"AXIOMA MS\"},\"image\":{\"@id\":\"https:\/\/www.axiomams.eu\/lv#\/schema\/logo\/image\/\"},\"sameAs\":[\"https:\/\/www.facebook.com\/AxiomaMS\",\"https:\/\/www.linkedin.com\/company\/axiomams\/\"]}]}<\/script>\n<!-- \/ Yoast SEO plugin. -->","yoast_head_json":{"title":"Fixturlaser AT-010 p\u0101rvietojuma zonde - AXIOMA MS","robots":{"index":"index","follow":"follow","max-snippet":"max-snippet:-1","max-image-preview":"max-image-preview:large","max-video-preview":"max-video-preview:-1"},"canonical":"https:\/\/www.axiomams.eu\/lv\/produktas\/fixturlaser-at-010-parvietojuma-zonde","og_locale":"lv_LV","og_type":"article","og_title":"Fixturlaser AT-010 p\u0101rvietojuma zonde - AXIOMA MS","og_description":"Fixturlaser AT-010 &#8211; uz vied\u0101s lietotnes balst\u012bta p\u0101rvietojuma zonde dro\u0161iem un uzticamiem m\u0113r\u012bjumiem vis\u0101m iepriek\u0161\u0113jas izl\u012bdzin\u0101\u0161anas p\u0101rbaud\u0113m. AT-010 pied\u0101v\u0101 daudzus pielietojuma veidus, t\u0101p\u0113c tas ir patiesi daudzpus\u012bgs apkopes r\u012bks. Tehnisk\u0101 specifik\u0101cija Korpuss, materi\u0101ls: Materi\u0101ls, materi\u0101ls, ABS plastmasa Darba temperat\u016bra: 0\u00b0C &#8230; 40\u00b0C Svars: 0,73 kg Akumulatora bloka izm\u0113ri: 44 mm x 91 mm x 33...","og_url":"https:\/\/www.axiomams.eu\/lv\/produktas\/fixturlaser-at-010-parvietojuma-zonde","og_site_name":"AXIOMA MS","article_publisher":"https:\/\/www.facebook.com\/AxiomaMS","article_modified_time":"2026-03-25T14:59:17+00:00","og_image":[{"width":1024,"height":768,"url":"https:\/\/www.axiomams.eu\/wp-content\/uploads\/2025\/07\/3253-4310.jpg","type":"image\/jpeg"}],"twitter_card":"summary_large_image","twitter_misc":{"Est. reading time":"1 minute"},"schema":{"@context":"https:\/\/schema.org","@graph":[{"@type":"WebPage","@id":"https:\/\/www.axiomams.eu\/lv\/produktas\/fixturlaser-at-010-parvietojuma-zonde","url":"https:\/\/www.axiomams.eu\/lv\/produktas\/fixturlaser-at-010-parvietojuma-zonde","name":"Fixturlaser AT-010 p\u0101rvietojuma zonde - AXIOMA MS","isPartOf":{"@id":"https:\/\/www.axiomams.eu\/lv#website"},"primaryImageOfPage":{"@id":"https:\/\/www.axiomams.eu\/lv\/produktas\/fixturlaser-at-010-parvietojuma-zonde#primaryimage"},"image":{"@id":"https:\/\/www.axiomams.eu\/lv\/produktas\/fixturlaser-at-010-parvietojuma-zonde#primaryimage"},"thumbnailUrl":"https:\/\/www.axiomams.eu\/wp-content\/uploads\/2025\/07\/3253-4310.jpg","datePublished":"2025-05-15T15:56:34+00:00","dateModified":"2026-03-25T14:59:17+00:00","breadcrumb":{"@id":"https:\/\/www.axiomams.eu\/lv\/produktas\/fixturlaser-at-010-parvietojuma-zonde#breadcrumb"},"inLanguage":"lv-LV","potentialAction":[{"@type":"ReadAction","target":["https:\/\/www.axiomams.eu\/lv\/produktas\/fixturlaser-at-010-parvietojuma-zonde"]}]},{"@type":"ImageObject","inLanguage":"lv-LV","@id":"https:\/\/www.axiomams.eu\/lv\/produktas\/fixturlaser-at-010-parvietojuma-zonde#primaryimage","url":"https:\/\/www.axiomams.eu\/wp-content\/uploads\/2025\/07\/3253-4310.jpg","contentUrl":"https:\/\/www.axiomams.eu\/wp-content\/uploads\/2025\/07\/3253-4310.jpg","width":1024,"height":768},{"@type":"BreadcrumbList","@id":"https:\/\/www.axiomams.eu\/lv\/produktas\/fixturlaser-at-010-parvietojuma-zonde#breadcrumb","itemListElement":[{"@type":"ListItem","position":1,"name":"Home","item":"https:\/\/www.axiomams.eu\/lv"},{"@type":"ListItem","position":2,"name":"Produkti","item":"https:\/\/www.axiomams.eu\/lv\/produkti"},{"@type":"ListItem","position":3,"name":"Fixturlaser AT-010 p\u0101rvietojuma zonde"}]},{"@type":"WebSite","@id":"https:\/\/www.axiomams.eu\/lv#website","url":"https:\/\/www.axiomams.eu\/lv","name":"AXIOMA MS","description":"Terrmovizoriai ir matavimo \u012franga","publisher":{"@id":"https:\/\/www.axiomams.eu\/lv#organization"},"potentialAction":[{"@type":"SearchAction","target":{"@type":"EntryPoint","urlTemplate":"https:\/\/www.axiomams.eu\/lv?s={search_term_string}"},"query-input":{"@type":"PropertyValueSpecification","valueRequired":true,"valueName":"search_term_string"}}],"inLanguage":"lv-LV"},{"@type":"Organization","@id":"https:\/\/www.axiomams.eu\/lv#organization","name":"AXIOMA MS","url":"https:\/\/www.axiomams.eu\/lv","logo":{"@type":"ImageObject","inLanguage":"lv-LV","@id":"https:\/\/www.axiomams.eu\/lv#\/schema\/logo\/image\/","url":"https:\/\/www.axiomams.eu\/wp-content\/uploads\/2025\/06\/axioma-logo-2.png","contentUrl":"https:\/\/www.axiomams.eu\/wp-content\/uploads\/2025\/06\/axioma-logo-2.png","width":1200,"height":1200,"caption":"AXIOMA MS"},"image":{"@id":"https:\/\/www.axiomams.eu\/lv#\/schema\/logo\/image\/"},"sameAs":["https:\/\/www.facebook.com\/AxiomaMS","https:\/\/www.linkedin.com\/company\/axiomams\/"]}]}},"_links":{"self":[{"href":"https:\/\/www.axiomams.eu\/lv\/wp-json\/wp\/v2\/product\/38960","targetHints":{"allow":["GET"]}}],"collection":[{"href":"https:\/\/www.axiomams.eu\/lv\/wp-json\/wp\/v2\/product"}],"about":[{"href":"https:\/\/www.axiomams.eu\/lv\/wp-json\/wp\/v2\/types\/product"}],"replies":[{"embeddable":true,"href":"https:\/\/www.axiomams.eu\/lv\/wp-json\/wp\/v2\/comments?post=38960"}],"wp:featuredmedia":[{"embeddable":true,"href":"https:\/\/www.axiomams.eu\/lv\/wp-json\/wp\/v2\/media\/41626"}],"wp:attachment":[{"href":"https:\/\/www.axiomams.eu\/lv\/wp-json\/wp\/v2\/media?parent=38960"}],"wp:term":[{"taxonomy":"product_brand","embeddable":true,"href":"https:\/\/www.axiomams.eu\/lv\/wp-json\/wp\/v2\/product_brand?post=38960"},{"taxonomy":"product_cat","embeddable":true,"href":"https:\/\/www.axiomams.eu\/lv\/wp-json\/wp\/v2\/product_cat?post=38960"},{"taxonomy":"product_tag","embeddable":true,"href":"https:\/\/www.axiomams.eu\/lv\/wp-json\/wp\/v2\/product_tag?post=38960"}],"curies":[{"name":"wp","href":"https:\/\/api.w.org\/{rel}","templated":true}]}}