{"id":38961,"date":"2025-05-15T17:56:36","date_gmt":"2025-05-15T15:56:36","guid":{"rendered":"https:\/\/www.axiomams.eu\/produktas\/fixturlaser-at-100-varpstas-centresanas-riks"},"modified":"2026-03-25T16:59:17","modified_gmt":"2026-03-25T14:59:17","slug":"fixturlaser-at-100-varpstas-centresanas-riks","status":"publish","type":"product","link":"https:\/\/www.axiomams.eu\/lv\/produktas\/fixturlaser-at-100-varpstas-centresanas-riks","title":{"rendered":"Fixturlaser AT-100 v\u0101rpstas centr\u0113\u0161anas r\u012bks"},"content":{"rendered":"<p>Fixturlaser AT-100 ir uz lietojumprogrammu balst\u012bts regul\u0113\u0161anas r\u012bks, kas apvieno integr\u0113tas lietojumprogrammas, patent\u0113tu tehnolo\u0123iju un \u0113rtu savienojam\u012bbu.<br \/>\nAT-100 ir piem\u0113rots gan s\u0101kuml\u012bme\u0146a, gan ekspertu darbiem, AT-100 v\u0101rpstu centr\u0113\u0161anas r\u012bks nodro\u0161ina augstu m\u0113r\u012bjumu elast\u012bbu. Intuit\u012bvais r\u012bks darbojas kop\u0101 ar plan\u0161etdator\u0101 vai viedt\u0101lrun\u012b ieb\u016bv\u0113taj\u0101m v\u0101rpstu centr\u0113\u0161anas lietotn\u0113m. Tas ir vienk\u0101r\u0161i lietojams, un tam nav nepiecie\u0161ama \u012bpa\u0161a apm\u0101c\u012bba.<\/p>\n<p>Visp\u0101r\u012bga inform\u0101cija<br \/>\nKorpusa materi\u0101ls: Materi\u0101ls: anod\u0113ta alum\u012bnija r\u0101mis un augstas triecieniztur\u012bbas ABS plastmasa.<br \/>\nSvars: M8: 222 g, S8: 222 g<br \/>\nIzm\u0113ri: 94 x 87 x 37 mm<\/p>\n<p>Vide<br \/>\nDarba temperat\u016bra: 0\u00b0C &#8230; 50\u00b0C<br \/>\nRelat\u012bvais mitrums: 10 % &#8230; 90 %<br \/>\nVides aizsardz\u012bba: AIZSARDZ\u012aBA: IP54<\/p>\n<p>Uztver\u0161anas tehnolo\u0123ija<br \/>\nL\u0101zers: 650 nm II klases diodes l\u0101zers<br \/>\nL\u0101zera jauda: L\u0101zera jauda: < 1 mW\nM\u0113r\u012b\u0161anas att\u0101lums: L\u012bdz 2 m\nDetektors: Detektors: Digit\u0101lais l\u012bnijas sensors\nDetektora garums: 20 mm\nDetektora iz\u0161\u0137irtsp\u0113ja: 20 mm: 0,01 mm\nM\u0113r\u012bjumu precizit\u0101te: 1 % \u00b1 1 cipars\nInklinometra iz\u0161\u0137irtsp\u0113ja: 1 \u00b0\nInklinometra precizit\u0101te: \u00b1 3 \u00b0\n\nJauda:\nBaro\u0161ana: augstas veiktsp\u0113jas Li jonu akumulators vai \u0101r\u0113j\u0101 baro\u0161anas sist\u0113ma.\nDarb\u012bbas laiks: 12 h\nUzl\u0101de: 8 h\nAkumulatora ietilp\u012bba: 10,4 Wh\n\nSazi\u0146a:\nBezvadu sazi\u0146a: Bluetooth\nSazi\u0146as diapazons: Bluetooth, Bluetooth, Bluetooth, Bluetooth, Bluetooth, Bluetooth, Bluetooth, Bluetooth, Bluetooth, Bluetooth: 10 m\nSavienot\u0101ji: USB mini savienot\u0101ji: USB mini\n\n\n\n<h3>Tehnisk\u0101 inform\u0101cija:<\/h3>\n<ul>\n<li><a href=\"https:\/\/axiomams.eu\/importer\/export\/attachments\/en\/fixturlaser-at-100.pdf\" target=\"_blank\">Fixturlaser AT-100.pdf<\/a><\/li>\n<\/ul>\n","protected":false},"excerpt":{"rendered":"<p>Fixturlaser AT-100 ir uz lietojumprogrammu balst\u012bts regul\u0113\u0161anas r\u012bks, kas apvieno integr\u0113tas lietojumprogrammas, patent\u0113tu tehnolo\u0123iju un \u0113rtu savienojam\u012bbu. AT-100 ir piem\u0113rots gan s\u0101kuml\u012bme\u0146a, gan ekspertu darbiem, AT-100 v\u0101rpstu centr\u0113\u0161anas r\u012bks nodro\u0161ina augstu m\u0113r\u012bjumu elast\u012bbu. Intuit\u012bvais r\u012bks darbojas kop\u0101 ar plan\u0161etdator\u0101 vai viedt\u0101lrun\u012b ieb\u016bv\u0113taj\u0101m v\u0101rpstu centr\u0113\u0161anas lietotn\u0113m. Tas ir vienk\u0101r\u0161i lietojams, un tam nav nepiecie\u0161ama \u012bpa\u0161a apm\u0101c\u012bba&#8230;.<\/p>\n","protected":false},"featured_media":41628,"comment_status":"open","ping_status":"closed","template":"","meta":{"_acf_changed":false},"product_brand":[17686],"product_cat":[17765],"product_tag":[],"class_list":{"0":"post-38961","1":"product","2":"type-product","3":"status-publish","4":"has-post-thumbnail","6":"product_brand-fixturlaser","7":"product_cat-centresanas-varpstam-un-siksnu-piedzinam","9":"first","10":"instock","11":"taxable","12":"shipping-taxable","13":"product-type-simple"},"acf":[],"yoast_head":"<!-- This site is optimized with the Yoast SEO plugin v27.0 - https:\/\/yoast.com\/product\/yoast-seo-wordpress\/ -->\n<title>Fixturlaser AT-100 v\u0101rpstas centr\u0113\u0161anas r\u012bks - AXIOMA MS<\/title>\n<meta name=\"robots\" content=\"index, follow, max-snippet:-1, max-image-preview:large, max-video-preview:-1\" \/>\n<link rel=\"canonical\" href=\"https:\/\/www.axiomams.eu\/lv\/produktas\/fixturlaser-at-100-varpstas-centresanas-riks\" \/>\n<meta property=\"og:locale\" content=\"lv_LV\" \/>\n<meta property=\"og:type\" content=\"article\" \/>\n<meta property=\"og:title\" content=\"Fixturlaser AT-100 v\u0101rpstas centr\u0113\u0161anas r\u012bks - AXIOMA MS\" \/>\n<meta property=\"og:description\" content=\"Fixturlaser AT-100 ir uz lietojumprogrammu balst\u012bts regul\u0113\u0161anas r\u012bks, kas apvieno integr\u0113tas lietojumprogrammas, patent\u0113tu tehnolo\u0123iju un \u0113rtu savienojam\u012bbu. AT-100 ir piem\u0113rots gan s\u0101kuml\u012bme\u0146a, gan ekspertu darbiem, AT-100 v\u0101rpstu centr\u0113\u0161anas r\u012bks nodro\u0161ina augstu m\u0113r\u012bjumu elast\u012bbu. Intuit\u012bvais r\u012bks darbojas kop\u0101 ar plan\u0161etdator\u0101 vai viedt\u0101lrun\u012b ieb\u016bv\u0113taj\u0101m v\u0101rpstu centr\u0113\u0161anas lietotn\u0113m. Tas ir vienk\u0101r\u0161i lietojams, un tam nav nepiecie\u0161ama \u012bpa\u0161a apm\u0101c\u012bba....\" \/>\n<meta property=\"og:url\" content=\"https:\/\/www.axiomams.eu\/lv\/produktas\/fixturlaser-at-100-varpstas-centresanas-riks\" \/>\n<meta property=\"og:site_name\" content=\"AXIOMA MS\" \/>\n<meta property=\"article:publisher\" content=\"https:\/\/www.facebook.com\/AxiomaMS\" \/>\n<meta property=\"article:modified_time\" content=\"2026-03-25T14:59:17+00:00\" \/>\n<meta property=\"og:image\" content=\"https:\/\/www.axiomams.eu\/wp-content\/uploads\/2025\/07\/3284-4348.jpg\" \/>\n\t<meta property=\"og:image:width\" content=\"1010\" \/>\n\t<meta property=\"og:image:height\" content=\"1020\" \/>\n\t<meta property=\"og:image:type\" content=\"image\/jpeg\" \/>\n<meta name=\"twitter:card\" content=\"summary_large_image\" \/>\n<meta name=\"twitter:label1\" content=\"Est. reading time\" \/>\n\t<meta name=\"twitter:data1\" content=\"1 minute\" \/>\n<script type=\"application\/ld+json\" class=\"yoast-schema-graph\">{\"@context\":\"https:\/\/schema.org\",\"@graph\":[{\"@type\":\"WebPage\",\"@id\":\"https:\/\/www.axiomams.eu\/lv\/produktas\/fixturlaser-at-100-varpstas-centresanas-riks\",\"url\":\"https:\/\/www.axiomams.eu\/lv\/produktas\/fixturlaser-at-100-varpstas-centresanas-riks\",\"name\":\"Fixturlaser AT-100 v\u0101rpstas centr\u0113\u0161anas r\u012bks - AXIOMA MS\",\"isPartOf\":{\"@id\":\"https:\/\/www.axiomams.eu\/lv#website\"},\"primaryImageOfPage\":{\"@id\":\"https:\/\/www.axiomams.eu\/lv\/produktas\/fixturlaser-at-100-varpstas-centresanas-riks#primaryimage\"},\"image\":{\"@id\":\"https:\/\/www.axiomams.eu\/lv\/produktas\/fixturlaser-at-100-varpstas-centresanas-riks#primaryimage\"},\"thumbnailUrl\":\"https:\/\/www.axiomams.eu\/wp-content\/uploads\/2025\/07\/3284-4348.jpg\",\"datePublished\":\"2025-05-15T15:56:36+00:00\",\"dateModified\":\"2026-03-25T14:59:17+00:00\",\"breadcrumb\":{\"@id\":\"https:\/\/www.axiomams.eu\/lv\/produktas\/fixturlaser-at-100-varpstas-centresanas-riks#breadcrumb\"},\"inLanguage\":\"lv-LV\",\"potentialAction\":[{\"@type\":\"ReadAction\",\"target\":[\"https:\/\/www.axiomams.eu\/lv\/produktas\/fixturlaser-at-100-varpstas-centresanas-riks\"]}]},{\"@type\":\"ImageObject\",\"inLanguage\":\"lv-LV\",\"@id\":\"https:\/\/www.axiomams.eu\/lv\/produktas\/fixturlaser-at-100-varpstas-centresanas-riks#primaryimage\",\"url\":\"https:\/\/www.axiomams.eu\/wp-content\/uploads\/2025\/07\/3284-4348.jpg\",\"contentUrl\":\"https:\/\/www.axiomams.eu\/wp-content\/uploads\/2025\/07\/3284-4348.jpg\",\"width\":1010,\"height\":1020},{\"@type\":\"BreadcrumbList\",\"@id\":\"https:\/\/www.axiomams.eu\/lv\/produktas\/fixturlaser-at-100-varpstas-centresanas-riks#breadcrumb\",\"itemListElement\":[{\"@type\":\"ListItem\",\"position\":1,\"name\":\"Home\",\"item\":\"https:\/\/www.axiomams.eu\/lv\"},{\"@type\":\"ListItem\",\"position\":2,\"name\":\"Produkti\",\"item\":\"https:\/\/www.axiomams.eu\/lv\/produkti\"},{\"@type\":\"ListItem\",\"position\":3,\"name\":\"Fixturlaser AT-100 v\u0101rpstas centr\u0113\u0161anas r\u012bks\"}]},{\"@type\":\"WebSite\",\"@id\":\"https:\/\/www.axiomams.eu\/lv#website\",\"url\":\"https:\/\/www.axiomams.eu\/lv\",\"name\":\"AXIOMA MS\",\"description\":\"Terrmovizoriai ir matavimo \u012franga\",\"publisher\":{\"@id\":\"https:\/\/www.axiomams.eu\/lv#organization\"},\"potentialAction\":[{\"@type\":\"SearchAction\",\"target\":{\"@type\":\"EntryPoint\",\"urlTemplate\":\"https:\/\/www.axiomams.eu\/lv?s={search_term_string}\"},\"query-input\":{\"@type\":\"PropertyValueSpecification\",\"valueRequired\":true,\"valueName\":\"search_term_string\"}}],\"inLanguage\":\"lv-LV\"},{\"@type\":\"Organization\",\"@id\":\"https:\/\/www.axiomams.eu\/lv#organization\",\"name\":\"AXIOMA MS\",\"url\":\"https:\/\/www.axiomams.eu\/lv\",\"logo\":{\"@type\":\"ImageObject\",\"inLanguage\":\"lv-LV\",\"@id\":\"https:\/\/www.axiomams.eu\/lv#\/schema\/logo\/image\/\",\"url\":\"https:\/\/www.axiomams.eu\/wp-content\/uploads\/2025\/06\/axioma-logo-2.png\",\"contentUrl\":\"https:\/\/www.axiomams.eu\/wp-content\/uploads\/2025\/06\/axioma-logo-2.png\",\"width\":1200,\"height\":1200,\"caption\":\"AXIOMA MS\"},\"image\":{\"@id\":\"https:\/\/www.axiomams.eu\/lv#\/schema\/logo\/image\/\"},\"sameAs\":[\"https:\/\/www.facebook.com\/AxiomaMS\",\"https:\/\/www.linkedin.com\/company\/axiomams\/\"]}]}<\/script>\n<!-- \/ Yoast SEO plugin. -->","yoast_head_json":{"title":"Fixturlaser AT-100 v\u0101rpstas centr\u0113\u0161anas r\u012bks - AXIOMA MS","robots":{"index":"index","follow":"follow","max-snippet":"max-snippet:-1","max-image-preview":"max-image-preview:large","max-video-preview":"max-video-preview:-1"},"canonical":"https:\/\/www.axiomams.eu\/lv\/produktas\/fixturlaser-at-100-varpstas-centresanas-riks","og_locale":"lv_LV","og_type":"article","og_title":"Fixturlaser AT-100 v\u0101rpstas centr\u0113\u0161anas r\u012bks - AXIOMA MS","og_description":"Fixturlaser AT-100 ir uz lietojumprogrammu balst\u012bts regul\u0113\u0161anas r\u012bks, kas apvieno integr\u0113tas lietojumprogrammas, patent\u0113tu tehnolo\u0123iju un \u0113rtu savienojam\u012bbu. AT-100 ir piem\u0113rots gan s\u0101kuml\u012bme\u0146a, gan ekspertu darbiem, AT-100 v\u0101rpstu centr\u0113\u0161anas r\u012bks nodro\u0161ina augstu m\u0113r\u012bjumu elast\u012bbu. Intuit\u012bvais r\u012bks darbojas kop\u0101 ar plan\u0161etdator\u0101 vai viedt\u0101lrun\u012b ieb\u016bv\u0113taj\u0101m v\u0101rpstu centr\u0113\u0161anas lietotn\u0113m. Tas ir vienk\u0101r\u0161i lietojams, un tam nav nepiecie\u0161ama \u012bpa\u0161a apm\u0101c\u012bba....","og_url":"https:\/\/www.axiomams.eu\/lv\/produktas\/fixturlaser-at-100-varpstas-centresanas-riks","og_site_name":"AXIOMA MS","article_publisher":"https:\/\/www.facebook.com\/AxiomaMS","article_modified_time":"2026-03-25T14:59:17+00:00","og_image":[{"width":1010,"height":1020,"url":"https:\/\/www.axiomams.eu\/wp-content\/uploads\/2025\/07\/3284-4348.jpg","type":"image\/jpeg"}],"twitter_card":"summary_large_image","twitter_misc":{"Est. reading time":"1 minute"},"schema":{"@context":"https:\/\/schema.org","@graph":[{"@type":"WebPage","@id":"https:\/\/www.axiomams.eu\/lv\/produktas\/fixturlaser-at-100-varpstas-centresanas-riks","url":"https:\/\/www.axiomams.eu\/lv\/produktas\/fixturlaser-at-100-varpstas-centresanas-riks","name":"Fixturlaser AT-100 v\u0101rpstas centr\u0113\u0161anas r\u012bks - AXIOMA MS","isPartOf":{"@id":"https:\/\/www.axiomams.eu\/lv#website"},"primaryImageOfPage":{"@id":"https:\/\/www.axiomams.eu\/lv\/produktas\/fixturlaser-at-100-varpstas-centresanas-riks#primaryimage"},"image":{"@id":"https:\/\/www.axiomams.eu\/lv\/produktas\/fixturlaser-at-100-varpstas-centresanas-riks#primaryimage"},"thumbnailUrl":"https:\/\/www.axiomams.eu\/wp-content\/uploads\/2025\/07\/3284-4348.jpg","datePublished":"2025-05-15T15:56:36+00:00","dateModified":"2026-03-25T14:59:17+00:00","breadcrumb":{"@id":"https:\/\/www.axiomams.eu\/lv\/produktas\/fixturlaser-at-100-varpstas-centresanas-riks#breadcrumb"},"inLanguage":"lv-LV","potentialAction":[{"@type":"ReadAction","target":["https:\/\/www.axiomams.eu\/lv\/produktas\/fixturlaser-at-100-varpstas-centresanas-riks"]}]},{"@type":"ImageObject","inLanguage":"lv-LV","@id":"https:\/\/www.axiomams.eu\/lv\/produktas\/fixturlaser-at-100-varpstas-centresanas-riks#primaryimage","url":"https:\/\/www.axiomams.eu\/wp-content\/uploads\/2025\/07\/3284-4348.jpg","contentUrl":"https:\/\/www.axiomams.eu\/wp-content\/uploads\/2025\/07\/3284-4348.jpg","width":1010,"height":1020},{"@type":"BreadcrumbList","@id":"https:\/\/www.axiomams.eu\/lv\/produktas\/fixturlaser-at-100-varpstas-centresanas-riks#breadcrumb","itemListElement":[{"@type":"ListItem","position":1,"name":"Home","item":"https:\/\/www.axiomams.eu\/lv"},{"@type":"ListItem","position":2,"name":"Produkti","item":"https:\/\/www.axiomams.eu\/lv\/produkti"},{"@type":"ListItem","position":3,"name":"Fixturlaser AT-100 v\u0101rpstas centr\u0113\u0161anas r\u012bks"}]},{"@type":"WebSite","@id":"https:\/\/www.axiomams.eu\/lv#website","url":"https:\/\/www.axiomams.eu\/lv","name":"AXIOMA MS","description":"Terrmovizoriai ir matavimo \u012franga","publisher":{"@id":"https:\/\/www.axiomams.eu\/lv#organization"},"potentialAction":[{"@type":"SearchAction","target":{"@type":"EntryPoint","urlTemplate":"https:\/\/www.axiomams.eu\/lv?s={search_term_string}"},"query-input":{"@type":"PropertyValueSpecification","valueRequired":true,"valueName":"search_term_string"}}],"inLanguage":"lv-LV"},{"@type":"Organization","@id":"https:\/\/www.axiomams.eu\/lv#organization","name":"AXIOMA MS","url":"https:\/\/www.axiomams.eu\/lv","logo":{"@type":"ImageObject","inLanguage":"lv-LV","@id":"https:\/\/www.axiomams.eu\/lv#\/schema\/logo\/image\/","url":"https:\/\/www.axiomams.eu\/wp-content\/uploads\/2025\/06\/axioma-logo-2.png","contentUrl":"https:\/\/www.axiomams.eu\/wp-content\/uploads\/2025\/06\/axioma-logo-2.png","width":1200,"height":1200,"caption":"AXIOMA MS"},"image":{"@id":"https:\/\/www.axiomams.eu\/lv#\/schema\/logo\/image\/"},"sameAs":["https:\/\/www.facebook.com\/AxiomaMS","https:\/\/www.linkedin.com\/company\/axiomams\/"]}]}},"_links":{"self":[{"href":"https:\/\/www.axiomams.eu\/lv\/wp-json\/wp\/v2\/product\/38961","targetHints":{"allow":["GET"]}}],"collection":[{"href":"https:\/\/www.axiomams.eu\/lv\/wp-json\/wp\/v2\/product"}],"about":[{"href":"https:\/\/www.axiomams.eu\/lv\/wp-json\/wp\/v2\/types\/product"}],"replies":[{"embeddable":true,"href":"https:\/\/www.axiomams.eu\/lv\/wp-json\/wp\/v2\/comments?post=38961"}],"wp:featuredmedia":[{"embeddable":true,"href":"https:\/\/www.axiomams.eu\/lv\/wp-json\/wp\/v2\/media\/41628"}],"wp:attachment":[{"href":"https:\/\/www.axiomams.eu\/lv\/wp-json\/wp\/v2\/media?parent=38961"}],"wp:term":[{"taxonomy":"product_brand","embeddable":true,"href":"https:\/\/www.axiomams.eu\/lv\/wp-json\/wp\/v2\/product_brand?post=38961"},{"taxonomy":"product_cat","embeddable":true,"href":"https:\/\/www.axiomams.eu\/lv\/wp-json\/wp\/v2\/product_cat?post=38961"},{"taxonomy":"product_tag","embeddable":true,"href":"https:\/\/www.axiomams.eu\/lv\/wp-json\/wp\/v2\/product_tag?post=38961"}],"curies":[{"name":"wp","href":"https:\/\/api.w.org\/{rel}","templated":true}]}}