{"id":38963,"date":"2025-05-15T17:56:40","date_gmt":"2025-05-15T15:56:40","guid":{"rendered":"https:\/\/www.axiomams.eu\/produktas\/flir-ax8-termokamera"},"modified":"2026-03-25T16:59:17","modified_gmt":"2026-03-25T14:59:17","slug":"flir-ax8-termokamera","status":"publish","type":"product","link":"https:\/\/www.axiomams.eu\/lv\/produktas\/flir-ax8-termokamera","title":{"rendered":"Flir AX8 termokamera"},"content":{"rendered":"<p>Kompakts, uzticams un viegli uzst\u0101d\u0101ms bezkontakta termiskais sensors Flir AX8 ar term\u0101l\u0101s att\u0113lveido\u0161anas iesp\u0113j\u0101m. Ide\u0101li piem\u0113rots tehnolo\u0123isko procesu nep\u0101rtrauktai temperat\u016bras kontrolei, kvalit\u0101tes kontrolei, prognoz\u0113jamai apkopei. AX8 ir Ethernet savienojums, kas ir lieliski piem\u0113rots nep\u0101rtrauktai uzraudz\u012bbai no att\u0101luma.<\/p>\n<p>Standarta komplekts: Infrasarkan\u0101 kamera ar objekt\u012bvu, druk\u0101ta dokument\u0101cija, lietot\u0101ja dokument\u0101cijas CD-ROM.<\/p>\n<h3>Tehnisk\u0101 inform\u0101cija:<\/h3>\n<ul>\n<li><a href=\"https:\/\/axiomams.eu\/importer\/export\/attachments\/en\/ax8.pdf\" target=\"_blank\">AX8.pdf<\/a><\/li>\n<li><a href=\"https:\/\/axiomams.eu\/importer\/export\/attachments\/en\/ax8---digital-io-connections.pdf\" target=\"_blank\">AX8 &#8211; digital IO connections.pdf<\/a><\/li>\n<li><a href=\"https:\/\/axiomams.eu\/importer\/export\/attachments\/en\/ax8---mechanical-drawnings.pdf\" target=\"_blank\">AX8 &#8211; mechanical drawnings.pdf<\/a><\/li>\n<li><a href=\"https:\/\/axiomams.eu\/importer\/export\/attachments\/en\/ax8---pin-configuration.pdf\" target=\"_blank\">AX8 &#8211; pin configuration.pdf<\/a><\/li>\n<\/ul>\n","protected":false},"excerpt":{"rendered":"<p>Kompakts, uzticams un viegli uzst\u0101d\u0101ms bezkontakta termiskais sensors Flir AX8 ar term\u0101l\u0101s att\u0113lveido\u0161anas iesp\u0113j\u0101m. Ide\u0101li piem\u0113rots tehnolo\u0123isko procesu nep\u0101rtrauktai temperat\u016bras kontrolei, kvalit\u0101tes kontrolei, prognoz\u0113jamai apkopei. AX8 ir Ethernet savienojums, kas ir lieliski piem\u0113rots nep\u0101rtrauktai uzraudz\u012bbai no att\u0101luma. Standarta komplekts: Infrasarkan\u0101 kamera ar objekt\u012bvu, druk\u0101ta dokument\u0101cija, lietot\u0101ja dokument\u0101cijas CD-ROM. Tehnisk\u0101 inform\u0101cija: AX8.pdf AX8 &#8211; digital IO&#8230;<\/p>\n","protected":false},"featured_media":41632,"comment_status":"open","ping_status":"closed","template":"","meta":{"_acf_changed":false},"product_brand":[734],"product_cat":[17734],"product_tag":[],"class_list":{"0":"post-38963","1":"product","2":"type-product","3":"status-publish","4":"has-post-thumbnail","6":"product_brand-flir","7":"product_cat-automatizacija","9":"first","10":"instock","11":"taxable","12":"shipping-taxable","13":"purchasable","14":"product-type-simple"},"acf":[],"yoast_head":"<!-- This site is optimized with the Yoast SEO plugin v27.0 - https:\/\/yoast.com\/product\/yoast-seo-wordpress\/ -->\n<title>Flir AX8 termokamera - AXIOMA MS<\/title>\n<meta name=\"robots\" content=\"index, follow, max-snippet:-1, max-image-preview:large, max-video-preview:-1\" \/>\n<link rel=\"canonical\" href=\"https:\/\/www.axiomams.eu\/lv\/produktas\/flir-ax8-termokamera\" \/>\n<meta property=\"og:locale\" content=\"lv_LV\" \/>\n<meta property=\"og:type\" content=\"article\" \/>\n<meta property=\"og:title\" content=\"Flir AX8 termokamera - AXIOMA MS\" \/>\n<meta property=\"og:description\" content=\"Kompakts, uzticams un viegli uzst\u0101d\u0101ms bezkontakta termiskais sensors Flir AX8 ar term\u0101l\u0101s att\u0113lveido\u0161anas iesp\u0113j\u0101m. Ide\u0101li piem\u0113rots tehnolo\u0123isko procesu nep\u0101rtrauktai temperat\u016bras kontrolei, kvalit\u0101tes kontrolei, prognoz\u0113jamai apkopei. AX8 ir Ethernet savienojums, kas ir lieliski piem\u0113rots nep\u0101rtrauktai uzraudz\u012bbai no att\u0101luma. Standarta komplekts: Infrasarkan\u0101 kamera ar objekt\u012bvu, druk\u0101ta dokument\u0101cija, lietot\u0101ja dokument\u0101cijas CD-ROM. Tehnisk\u0101 inform\u0101cija: AX8.pdf AX8 &#8211; digital IO...\" \/>\n<meta property=\"og:url\" content=\"https:\/\/www.axiomams.eu\/lv\/produktas\/flir-ax8-termokamera\" \/>\n<meta property=\"og:site_name\" content=\"AXIOMA MS\" \/>\n<meta property=\"article:publisher\" content=\"https:\/\/www.facebook.com\/AxiomaMS\" \/>\n<meta property=\"article:modified_time\" content=\"2026-03-25T14:59:17+00:00\" \/>\n<meta property=\"og:image\" content=\"https:\/\/www.axiomams.eu\/wp-content\/uploads\/2025\/07\/1355-1735.jpg\" \/>\n\t<meta property=\"og:image:width\" content=\"200\" \/>\n\t<meta property=\"og:image:height\" content=\"207\" \/>\n\t<meta property=\"og:image:type\" content=\"image\/jpeg\" \/>\n<meta name=\"twitter:card\" content=\"summary_large_image\" \/>\n<script type=\"application\/ld+json\" class=\"yoast-schema-graph\">{\"@context\":\"https:\/\/schema.org\",\"@graph\":[{\"@type\":\"WebPage\",\"@id\":\"https:\/\/www.axiomams.eu\/lv\/produktas\/flir-ax8-termokamera\",\"url\":\"https:\/\/www.axiomams.eu\/lv\/produktas\/flir-ax8-termokamera\",\"name\":\"Flir AX8 termokamera - AXIOMA MS\",\"isPartOf\":{\"@id\":\"https:\/\/www.axiomams.eu\/lv#website\"},\"primaryImageOfPage\":{\"@id\":\"https:\/\/www.axiomams.eu\/lv\/produktas\/flir-ax8-termokamera#primaryimage\"},\"image\":{\"@id\":\"https:\/\/www.axiomams.eu\/lv\/produktas\/flir-ax8-termokamera#primaryimage\"},\"thumbnailUrl\":\"https:\/\/www.axiomams.eu\/wp-content\/uploads\/2025\/07\/1355-1735.jpg\",\"datePublished\":\"2025-05-15T15:56:40+00:00\",\"dateModified\":\"2026-03-25T14:59:17+00:00\",\"breadcrumb\":{\"@id\":\"https:\/\/www.axiomams.eu\/lv\/produktas\/flir-ax8-termokamera#breadcrumb\"},\"inLanguage\":\"lv-LV\",\"potentialAction\":[{\"@type\":\"ReadAction\",\"target\":[\"https:\/\/www.axiomams.eu\/lv\/produktas\/flir-ax8-termokamera\"]}]},{\"@type\":\"ImageObject\",\"inLanguage\":\"lv-LV\",\"@id\":\"https:\/\/www.axiomams.eu\/lv\/produktas\/flir-ax8-termokamera#primaryimage\",\"url\":\"https:\/\/www.axiomams.eu\/wp-content\/uploads\/2025\/07\/1355-1735.jpg\",\"contentUrl\":\"https:\/\/www.axiomams.eu\/wp-content\/uploads\/2025\/07\/1355-1735.jpg\",\"width\":200,\"height\":207},{\"@type\":\"BreadcrumbList\",\"@id\":\"https:\/\/www.axiomams.eu\/lv\/produktas\/flir-ax8-termokamera#breadcrumb\",\"itemListElement\":[{\"@type\":\"ListItem\",\"position\":1,\"name\":\"Home\",\"item\":\"https:\/\/www.axiomams.eu\/lv\"},{\"@type\":\"ListItem\",\"position\":2,\"name\":\"Produkti\",\"item\":\"https:\/\/www.axiomams.eu\/lv\/produkti\"},{\"@type\":\"ListItem\",\"position\":3,\"name\":\"Flir AX8 termokamera\"}]},{\"@type\":\"WebSite\",\"@id\":\"https:\/\/www.axiomams.eu\/lv#website\",\"url\":\"https:\/\/www.axiomams.eu\/lv\",\"name\":\"AXIOMA MS\",\"description\":\"Terrmovizoriai ir matavimo \u012franga\",\"publisher\":{\"@id\":\"https:\/\/www.axiomams.eu\/lv#organization\"},\"potentialAction\":[{\"@type\":\"SearchAction\",\"target\":{\"@type\":\"EntryPoint\",\"urlTemplate\":\"https:\/\/www.axiomams.eu\/lv?s={search_term_string}\"},\"query-input\":{\"@type\":\"PropertyValueSpecification\",\"valueRequired\":true,\"valueName\":\"search_term_string\"}}],\"inLanguage\":\"lv-LV\"},{\"@type\":\"Organization\",\"@id\":\"https:\/\/www.axiomams.eu\/lv#organization\",\"name\":\"AXIOMA MS\",\"url\":\"https:\/\/www.axiomams.eu\/lv\",\"logo\":{\"@type\":\"ImageObject\",\"inLanguage\":\"lv-LV\",\"@id\":\"https:\/\/www.axiomams.eu\/lv#\/schema\/logo\/image\/\",\"url\":\"https:\/\/www.axiomams.eu\/wp-content\/uploads\/2025\/06\/axioma-logo-2.png\",\"contentUrl\":\"https:\/\/www.axiomams.eu\/wp-content\/uploads\/2025\/06\/axioma-logo-2.png\",\"width\":1200,\"height\":1200,\"caption\":\"AXIOMA MS\"},\"image\":{\"@id\":\"https:\/\/www.axiomams.eu\/lv#\/schema\/logo\/image\/\"},\"sameAs\":[\"https:\/\/www.facebook.com\/AxiomaMS\",\"https:\/\/www.linkedin.com\/company\/axiomams\/\"]}]}<\/script>\n<!-- \/ Yoast SEO plugin. -->","yoast_head_json":{"title":"Flir AX8 termokamera - AXIOMA MS","robots":{"index":"index","follow":"follow","max-snippet":"max-snippet:-1","max-image-preview":"max-image-preview:large","max-video-preview":"max-video-preview:-1"},"canonical":"https:\/\/www.axiomams.eu\/lv\/produktas\/flir-ax8-termokamera","og_locale":"lv_LV","og_type":"article","og_title":"Flir AX8 termokamera - AXIOMA MS","og_description":"Kompakts, uzticams un viegli uzst\u0101d\u0101ms bezkontakta termiskais sensors Flir AX8 ar term\u0101l\u0101s att\u0113lveido\u0161anas iesp\u0113j\u0101m. Ide\u0101li piem\u0113rots tehnolo\u0123isko procesu nep\u0101rtrauktai temperat\u016bras kontrolei, kvalit\u0101tes kontrolei, prognoz\u0113jamai apkopei. AX8 ir Ethernet savienojums, kas ir lieliski piem\u0113rots nep\u0101rtrauktai uzraudz\u012bbai no att\u0101luma. Standarta komplekts: Infrasarkan\u0101 kamera ar objekt\u012bvu, druk\u0101ta dokument\u0101cija, lietot\u0101ja dokument\u0101cijas CD-ROM. Tehnisk\u0101 inform\u0101cija: AX8.pdf AX8 &#8211; digital IO...","og_url":"https:\/\/www.axiomams.eu\/lv\/produktas\/flir-ax8-termokamera","og_site_name":"AXIOMA MS","article_publisher":"https:\/\/www.facebook.com\/AxiomaMS","article_modified_time":"2026-03-25T14:59:17+00:00","og_image":[{"width":200,"height":207,"url":"https:\/\/www.axiomams.eu\/wp-content\/uploads\/2025\/07\/1355-1735.jpg","type":"image\/jpeg"}],"twitter_card":"summary_large_image","schema":{"@context":"https:\/\/schema.org","@graph":[{"@type":"WebPage","@id":"https:\/\/www.axiomams.eu\/lv\/produktas\/flir-ax8-termokamera","url":"https:\/\/www.axiomams.eu\/lv\/produktas\/flir-ax8-termokamera","name":"Flir AX8 termokamera - AXIOMA MS","isPartOf":{"@id":"https:\/\/www.axiomams.eu\/lv#website"},"primaryImageOfPage":{"@id":"https:\/\/www.axiomams.eu\/lv\/produktas\/flir-ax8-termokamera#primaryimage"},"image":{"@id":"https:\/\/www.axiomams.eu\/lv\/produktas\/flir-ax8-termokamera#primaryimage"},"thumbnailUrl":"https:\/\/www.axiomams.eu\/wp-content\/uploads\/2025\/07\/1355-1735.jpg","datePublished":"2025-05-15T15:56:40+00:00","dateModified":"2026-03-25T14:59:17+00:00","breadcrumb":{"@id":"https:\/\/www.axiomams.eu\/lv\/produktas\/flir-ax8-termokamera#breadcrumb"},"inLanguage":"lv-LV","potentialAction":[{"@type":"ReadAction","target":["https:\/\/www.axiomams.eu\/lv\/produktas\/flir-ax8-termokamera"]}]},{"@type":"ImageObject","inLanguage":"lv-LV","@id":"https:\/\/www.axiomams.eu\/lv\/produktas\/flir-ax8-termokamera#primaryimage","url":"https:\/\/www.axiomams.eu\/wp-content\/uploads\/2025\/07\/1355-1735.jpg","contentUrl":"https:\/\/www.axiomams.eu\/wp-content\/uploads\/2025\/07\/1355-1735.jpg","width":200,"height":207},{"@type":"BreadcrumbList","@id":"https:\/\/www.axiomams.eu\/lv\/produktas\/flir-ax8-termokamera#breadcrumb","itemListElement":[{"@type":"ListItem","position":1,"name":"Home","item":"https:\/\/www.axiomams.eu\/lv"},{"@type":"ListItem","position":2,"name":"Produkti","item":"https:\/\/www.axiomams.eu\/lv\/produkti"},{"@type":"ListItem","position":3,"name":"Flir AX8 termokamera"}]},{"@type":"WebSite","@id":"https:\/\/www.axiomams.eu\/lv#website","url":"https:\/\/www.axiomams.eu\/lv","name":"AXIOMA MS","description":"Terrmovizoriai ir matavimo \u012franga","publisher":{"@id":"https:\/\/www.axiomams.eu\/lv#organization"},"potentialAction":[{"@type":"SearchAction","target":{"@type":"EntryPoint","urlTemplate":"https:\/\/www.axiomams.eu\/lv?s={search_term_string}"},"query-input":{"@type":"PropertyValueSpecification","valueRequired":true,"valueName":"search_term_string"}}],"inLanguage":"lv-LV"},{"@type":"Organization","@id":"https:\/\/www.axiomams.eu\/lv#organization","name":"AXIOMA MS","url":"https:\/\/www.axiomams.eu\/lv","logo":{"@type":"ImageObject","inLanguage":"lv-LV","@id":"https:\/\/www.axiomams.eu\/lv#\/schema\/logo\/image\/","url":"https:\/\/www.axiomams.eu\/wp-content\/uploads\/2025\/06\/axioma-logo-2.png","contentUrl":"https:\/\/www.axiomams.eu\/wp-content\/uploads\/2025\/06\/axioma-logo-2.png","width":1200,"height":1200,"caption":"AXIOMA MS"},"image":{"@id":"https:\/\/www.axiomams.eu\/lv#\/schema\/logo\/image\/"},"sameAs":["https:\/\/www.facebook.com\/AxiomaMS","https:\/\/www.linkedin.com\/company\/axiomams\/"]}]}},"_links":{"self":[{"href":"https:\/\/www.axiomams.eu\/lv\/wp-json\/wp\/v2\/product\/38963","targetHints":{"allow":["GET"]}}],"collection":[{"href":"https:\/\/www.axiomams.eu\/lv\/wp-json\/wp\/v2\/product"}],"about":[{"href":"https:\/\/www.axiomams.eu\/lv\/wp-json\/wp\/v2\/types\/product"}],"replies":[{"embeddable":true,"href":"https:\/\/www.axiomams.eu\/lv\/wp-json\/wp\/v2\/comments?post=38963"}],"wp:featuredmedia":[{"embeddable":true,"href":"https:\/\/www.axiomams.eu\/lv\/wp-json\/wp\/v2\/media\/41632"}],"wp:attachment":[{"href":"https:\/\/www.axiomams.eu\/lv\/wp-json\/wp\/v2\/media?parent=38963"}],"wp:term":[{"taxonomy":"product_brand","embeddable":true,"href":"https:\/\/www.axiomams.eu\/lv\/wp-json\/wp\/v2\/product_brand?post=38963"},{"taxonomy":"product_cat","embeddable":true,"href":"https:\/\/www.axiomams.eu\/lv\/wp-json\/wp\/v2\/product_cat?post=38963"},{"taxonomy":"product_tag","embeddable":true,"href":"https:\/\/www.axiomams.eu\/lv\/wp-json\/wp\/v2\/product_tag?post=38963"}],"curies":[{"name":"wp","href":"https:\/\/api.w.org\/{rel}","templated":true}]}}