{"id":38966,"date":"2025-06-12T16:05:02","date_gmt":"2025-06-12T14:05:02","guid":{"rendered":"https:\/\/www.axiomams.eu\/produktas\/pulsar-axion-compact-xq30-pro-termokamera"},"modified":"2026-03-25T16:59:20","modified_gmt":"2026-03-25T14:59:20","slug":"pulsar-axion-compact-xq30-pro-termokamera","status":"publish","type":"product","link":"https:\/\/www.axiomams.eu\/lv\/produktas\/pulsar-axion-compact-xq30-pro-termokamera","title":{"rendered":"Pulsar Axion Compact XQ30 Pro termokamera"},"content":{"rendered":"<p>Ieejiet term\u0101l\u0101s redzam\u012bbas pasaul\u0113 ar Pulsar Axion term\u0101l\u0101s att\u0113lveido\u0161anas monokul\u0101riem. M\u016bsu kompakt\u0101k\u0101s un pieejam\u0101k\u0101s ier\u012bces ir ide\u0101li piem\u0113rotas tiem medniekiem, kuri v\u0113las izp\u0113t\u012bt term\u0101l\u0101s redzam\u012bbas iesp\u0113jas, nesamazinot bankas l\u012bdzek\u013cus.<br \/>\nTie ietilpst vien\u0101 rok\u0101 un ir viegli p\u0101rn\u0113s\u0101jami, tom\u0113r pied\u0101v\u0101 augstu termisko jut\u012bbu un citas augst\u0101k\u0101s klases funkcijas, tostarp Wi-Fi savienojumu un m\u016bsu jaun\u0101kos att\u0113lu apstr\u0101des algoritmus.<\/p>\n<p><b>Eirop\u0101 ra\u017eoti term\u0101l\u0101s att\u0113lveido\u0161anas sensori<\/b><br \/>\nAxion Compact s\u0113rija ir ide\u0101li piem\u0113rota sken\u0113\u0161anai un med\u012bjumu mekl\u0113\u0161anai. Eirop\u0101 ra\u017eoti kvalitat\u012bvi sensori nodro\u0161ina izcilu att\u0113lu jebkuros apst\u0101k\u013cos.<\/p>\n<p><b>kabatas izm\u0113ri un neliels svars<\/b><br \/>\nAxion monokul\u0101riem ir vietu taupo\u0161s un kabatas izm\u0113ra dizains, un tie sver maz\u0101k nek\u0101 300 gramus, t\u0101p\u0113c tie ir lab\u0101kie termov\u012bzijas monokul\u0101ri tiem, kas mekl\u0113 patiesi kompaktu risin\u0101jumu gan med\u012bb\u0101s, gan t\u016brism\u0101. Pateicoties simetriskajam pogu izvietojumam uz aug\u0161\u0113j\u0101 pane\u013ca, ier\u012bci ir viegli satvert un lietot gan lab\u0101s, gan kreis\u0101s rokas cilv\u0113kiem.<\/p>\n<p><b>pla\u0161s redzes lauks \u0113rtai sken\u0113\u0161anai<\/b><br \/>\nAxion Compact monokul\u0101ram ir pla\u0161s redzes lauks, kas atvieglo sken\u0113\u0161anu un karsto objektu mekl\u0113\u0161anu. Pla\u0161ais redzes lauks \u013cauj nov\u0113rot\u0101jam \u0101tri paman\u012bt visus karstos objektus un fokus\u0113ties uz interesant\u0101kajiem, vienlaikus saglab\u0101jot visu ainu redzeslok\u0101.<\/p>\n<p><b>Foto un video ierakst\u012b\u0161ana<\/b><br \/>\nIeb\u016bv\u0113tais videore\u0123istrators ir lieliska priek\u0161roc\u012bba, kad nepiecie\u0161ams film\u0113t vai fotograf\u0113t vienreiz\u0113jos piedz\u012bvojumus. Ar vienu REC pogas nospie\u0161anu tiek uz\u0146emti kadri, kurus var viegli kop\u012bgot ar kol\u0113\u0123iem, draugiem un \u0123imeni.  Ier\u012bces iek\u0161\u0113j\u0101 atmi\u0146a nodro\u0161ina daudzas stundas ierakst\u012btu video un tonnas fotogr\u0101fiju.<\/p>\n<p><b>Aiztur\u012bgs magnija sakaus\u0113juma korpuss<\/b><br \/>\nAxion ir paredz\u0113ts past\u0101v\u012bgai, bie\u017ei vien intens\u012bvai lieto\u0161anai. Magnija sakaus\u0113juma korpuss ir viegls un vienlaikus iztur\u012bgs. Korpuss dro\u0161i aizsarg\u0101 termokameras iek\u0161\u0113j\u0101s sast\u0101vda\u013cas no triecieniem, kritieniem, mitruma, karstuma vai aukstuma. Vienlaikus met\u0101la korpuss efekt\u012bvi novada siltumu no elektronikas, samazina att\u0113la troksni un palielina ier\u012bces darb\u012bbas notur\u012bbu ilgsto\u0161as nov\u0113ro\u0161anas laik\u0101.<\/p>\n<p><b>Jut\u012bbas pastiprin\u0101\u0161anas l\u012bme\u0146i<\/b><br \/>\n3 pastiprin\u0101\u0161anas l\u012bme\u0146i apvienojum\u0101 ar jaunajiem filtr\u0113\u0161anas algoritmiem un smalku spilgtuma un kontrasta regul\u0113\u0161anu palielina mednieka izredzes savlaic\u012bgi atkl\u0101t dz\u012bvniekus smagos laikapst\u0101k\u013cos un liel\u0101 mitrum\u0101. \u0160ie iestat\u012bjumi nodro\u0161ina optimiz\u0113tu m\u0113r\u0137a un fona objektu atveido\u0161anu nov\u0113ro\u0161anas ain\u0101.<\/p>\n<p><b>8 kr\u0101su pale\u0161u izv\u0113le<\/b><br \/>\n8 kr\u0101su pale\u0161u izv\u0113le \u013cauj lietot\u0101jam efekt\u012bv\u0101k nov\u0113rot redzes lauku, \u013caujot optimiz\u0113t ier\u012bci konkr\u0113tiem uzdevumiem, k\u0101 ar\u012b rea\u0123\u0113t uz main\u012bgajiem nov\u0113ro\u0161anas apst\u0101k\u013ciem. Balt\u0101 karst\u0101, meln\u0101 karst\u0101 un sarkan\u0101 karst\u0101 ir optim\u0101las objektu noteik\u0161anai, varav\u012bksnes un ultramar\u012bna pal\u012bdz palielin\u0101t atpaz\u012b\u0161anas un identifik\u0101cijas iesp\u0113jas. Sarkan\u0101 vienkr\u0101sain\u0101, sepijas un violet\u0101 kr\u0101sa ir vispiem\u0113rot\u0101k\u0101s ilgsto\u0161ai nov\u0113ro\u0161anai nakt\u012b.<\/p>\n<p><b>Stream Vision 2 lietotnes atbalsts iOS un Android<\/b><br \/>\nIeb\u016bv\u0113tais Wi-Fi modulis savieno ier\u012bci ar Android vai iOS viedt\u0101lru\u0146iem, izmantojot mobilo lietotni Stream Vision 2. \u0160\u012b kombin\u0101cija paver pla\u0161as iesp\u0113jas: bezvadu ier\u012bces programmat\u016bras atjaunin\u0101jumus, att\u0113la p\u0101rraidi re\u0101l\u0101 laik\u0101 uz mobil\u0101s ier\u012bces ekr\u0101nu, t\u0101lvad\u012bbas digit\u0101l\u0101s funkcijas un daudz ko citu. Lietot\u0101jiem, kas re\u0123istr\u0113ju\u0161ies lietotn\u0113, tiek nodro\u0161in\u0101ta m\u0101ko\u0146kr\u0101tuves vieta ar ier\u012bci uz\u0146emto fotoatt\u0113lu un videoklipu glab\u0101\u0161anai.<\/p>\n<p><iframe loading=\"lazy\" width=\"560\" height=\"315\" src=\"https:\/\/www.youtube.com\/embed\/Q-X2kpp165U?si=tSrh3L9nI30acvYn\" title=\"YouTube video atska\u0146ot\u0101js\" frameborder=\"0\" allow=\"accelerometer; autoplay; clipboard-write; encrypted-media; gyroscope; picture-in-picture; web-share\" referrerpolicy=\"strict-origin-when-cross-origin\" allowfullscreen><\/iframe><\/p>\n","protected":false},"excerpt":{"rendered":"<p>Ieejiet term\u0101l\u0101s redzam\u012bbas pasaul\u0113 ar Pulsar Axion term\u0101l\u0101s att\u0113lveido\u0161anas monokul\u0101riem. M\u016bsu kompakt\u0101k\u0101s un pieejam\u0101k\u0101s ier\u012bces ir ide\u0101li piem\u0113rotas tiem medniekiem, kuri v\u0113las izp\u0113t\u012bt term\u0101l\u0101s redzam\u012bbas iesp\u0113jas, nesamazinot bankas l\u012bdzek\u013cus. Tie ietilpst vien\u0101 rok\u0101 un ir viegli p\u0101rn\u0113s\u0101jami, tom\u0113r pied\u0101v\u0101 augstu termisko jut\u012bbu un citas augst\u0101k\u0101s klases funkcijas, tostarp Wi-Fi savienojumu un m\u016bsu jaun\u0101kos att\u0113lu apstr\u0101des&#8230;<\/p>\n","protected":false},"featured_media":41638,"comment_status":"open","ping_status":"closed","template":"","meta":{"_acf_changed":false},"product_brand":[17695],"product_cat":[17733],"product_tag":[],"class_list":{"0":"post-38966","1":"product","2":"type-product","3":"status-publish","4":"has-post-thumbnail","6":"product_brand-pulsar","7":"product_cat-medibam-un-noverosanai","9":"first","10":"instock","11":"taxable","12":"shipping-taxable","13":"purchasable","14":"product-type-simple"},"acf":[],"yoast_head":"<!-- This site is optimized with the Yoast SEO plugin v27.0 - https:\/\/yoast.com\/product\/yoast-seo-wordpress\/ -->\n<title>Pulsar Axion Compact XQ30 Pro termokamera - AXIOMA MS<\/title>\n<meta name=\"robots\" content=\"index, follow, max-snippet:-1, max-image-preview:large, max-video-preview:-1\" \/>\n<link rel=\"canonical\" href=\"https:\/\/www.axiomams.eu\/lv\/produktas\/pulsar-axion-compact-xq30-pro-termokamera\" \/>\n<meta property=\"og:locale\" content=\"lv_LV\" \/>\n<meta property=\"og:type\" content=\"article\" \/>\n<meta property=\"og:title\" content=\"Pulsar Axion Compact XQ30 Pro termokamera - AXIOMA MS\" \/>\n<meta property=\"og:description\" content=\"Ieejiet term\u0101l\u0101s redzam\u012bbas pasaul\u0113 ar Pulsar Axion term\u0101l\u0101s att\u0113lveido\u0161anas monokul\u0101riem. M\u016bsu kompakt\u0101k\u0101s un pieejam\u0101k\u0101s ier\u012bces ir ide\u0101li piem\u0113rotas tiem medniekiem, kuri v\u0113las izp\u0113t\u012bt term\u0101l\u0101s redzam\u012bbas iesp\u0113jas, nesamazinot bankas l\u012bdzek\u013cus. Tie ietilpst vien\u0101 rok\u0101 un ir viegli p\u0101rn\u0113s\u0101jami, tom\u0113r pied\u0101v\u0101 augstu termisko jut\u012bbu un citas augst\u0101k\u0101s klases funkcijas, tostarp Wi-Fi savienojumu un m\u016bsu jaun\u0101kos att\u0113lu apstr\u0101des...\" \/>\n<meta property=\"og:url\" content=\"https:\/\/www.axiomams.eu\/lv\/produktas\/pulsar-axion-compact-xq30-pro-termokamera\" \/>\n<meta property=\"og:site_name\" content=\"AXIOMA MS\" \/>\n<meta property=\"article:publisher\" content=\"https:\/\/www.facebook.com\/AxiomaMS\" \/>\n<meta property=\"article:modified_time\" content=\"2026-03-25T14:59:20+00:00\" \/>\n<meta property=\"og:image\" content=\"https:\/\/www.axiomams.eu\/wp-content\/uploads\/2025\/07\/4621-5944.jpg\" \/>\n\t<meta property=\"og:image:width\" content=\"600\" \/>\n\t<meta property=\"og:image:height\" content=\"600\" \/>\n\t<meta property=\"og:image:type\" content=\"image\/jpeg\" \/>\n<meta name=\"twitter:card\" content=\"summary_large_image\" \/>\n<meta name=\"twitter:label1\" content=\"Est. reading time\" \/>\n\t<meta name=\"twitter:data1\" content=\"3 minutes\" \/>\n<script type=\"application\/ld+json\" class=\"yoast-schema-graph\">{\"@context\":\"https:\/\/schema.org\",\"@graph\":[{\"@type\":\"WebPage\",\"@id\":\"https:\/\/www.axiomams.eu\/lv\/produktas\/pulsar-axion-compact-xq30-pro-termokamera\",\"url\":\"https:\/\/www.axiomams.eu\/lv\/produktas\/pulsar-axion-compact-xq30-pro-termokamera\",\"name\":\"Pulsar Axion Compact XQ30 Pro termokamera - AXIOMA MS\",\"isPartOf\":{\"@id\":\"https:\/\/www.axiomams.eu\/lv#website\"},\"primaryImageOfPage\":{\"@id\":\"https:\/\/www.axiomams.eu\/lv\/produktas\/pulsar-axion-compact-xq30-pro-termokamera#primaryimage\"},\"image\":{\"@id\":\"https:\/\/www.axiomams.eu\/lv\/produktas\/pulsar-axion-compact-xq30-pro-termokamera#primaryimage\"},\"thumbnailUrl\":\"https:\/\/www.axiomams.eu\/wp-content\/uploads\/2025\/07\/4621-5944.jpg\",\"datePublished\":\"2025-06-12T14:05:02+00:00\",\"dateModified\":\"2026-03-25T14:59:20+00:00\",\"breadcrumb\":{\"@id\":\"https:\/\/www.axiomams.eu\/lv\/produktas\/pulsar-axion-compact-xq30-pro-termokamera#breadcrumb\"},\"inLanguage\":\"lv-LV\",\"potentialAction\":[{\"@type\":\"ReadAction\",\"target\":[\"https:\/\/www.axiomams.eu\/lv\/produktas\/pulsar-axion-compact-xq30-pro-termokamera\"]}]},{\"@type\":\"ImageObject\",\"inLanguage\":\"lv-LV\",\"@id\":\"https:\/\/www.axiomams.eu\/lv\/produktas\/pulsar-axion-compact-xq30-pro-termokamera#primaryimage\",\"url\":\"https:\/\/www.axiomams.eu\/wp-content\/uploads\/2025\/07\/4621-5944.jpg\",\"contentUrl\":\"https:\/\/www.axiomams.eu\/wp-content\/uploads\/2025\/07\/4621-5944.jpg\",\"width\":600,\"height\":600},{\"@type\":\"BreadcrumbList\",\"@id\":\"https:\/\/www.axiomams.eu\/lv\/produktas\/pulsar-axion-compact-xq30-pro-termokamera#breadcrumb\",\"itemListElement\":[{\"@type\":\"ListItem\",\"position\":1,\"name\":\"Home\",\"item\":\"https:\/\/www.axiomams.eu\/lv\"},{\"@type\":\"ListItem\",\"position\":2,\"name\":\"Produkti\",\"item\":\"https:\/\/www.axiomams.eu\/lv\/produkti\"},{\"@type\":\"ListItem\",\"position\":3,\"name\":\"Pulsar Axion Compact XQ30 Pro termokamera\"}]},{\"@type\":\"WebSite\",\"@id\":\"https:\/\/www.axiomams.eu\/lv#website\",\"url\":\"https:\/\/www.axiomams.eu\/lv\",\"name\":\"AXIOMA MS\",\"description\":\"Terrmovizoriai ir matavimo \u012franga\",\"publisher\":{\"@id\":\"https:\/\/www.axiomams.eu\/lv#organization\"},\"potentialAction\":[{\"@type\":\"SearchAction\",\"target\":{\"@type\":\"EntryPoint\",\"urlTemplate\":\"https:\/\/www.axiomams.eu\/lv?s={search_term_string}\"},\"query-input\":{\"@type\":\"PropertyValueSpecification\",\"valueRequired\":true,\"valueName\":\"search_term_string\"}}],\"inLanguage\":\"lv-LV\"},{\"@type\":\"Organization\",\"@id\":\"https:\/\/www.axiomams.eu\/lv#organization\",\"name\":\"AXIOMA MS\",\"url\":\"https:\/\/www.axiomams.eu\/lv\",\"logo\":{\"@type\":\"ImageObject\",\"inLanguage\":\"lv-LV\",\"@id\":\"https:\/\/www.axiomams.eu\/lv#\/schema\/logo\/image\/\",\"url\":\"https:\/\/www.axiomams.eu\/wp-content\/uploads\/2025\/06\/axioma-logo-2.png\",\"contentUrl\":\"https:\/\/www.axiomams.eu\/wp-content\/uploads\/2025\/06\/axioma-logo-2.png\",\"width\":1200,\"height\":1200,\"caption\":\"AXIOMA MS\"},\"image\":{\"@id\":\"https:\/\/www.axiomams.eu\/lv#\/schema\/logo\/image\/\"},\"sameAs\":[\"https:\/\/www.facebook.com\/AxiomaMS\",\"https:\/\/www.linkedin.com\/company\/axiomams\/\"]}]}<\/script>\n<!-- \/ Yoast SEO plugin. -->","yoast_head_json":{"title":"Pulsar Axion Compact XQ30 Pro termokamera - AXIOMA MS","robots":{"index":"index","follow":"follow","max-snippet":"max-snippet:-1","max-image-preview":"max-image-preview:large","max-video-preview":"max-video-preview:-1"},"canonical":"https:\/\/www.axiomams.eu\/lv\/produktas\/pulsar-axion-compact-xq30-pro-termokamera","og_locale":"lv_LV","og_type":"article","og_title":"Pulsar Axion Compact XQ30 Pro termokamera - AXIOMA MS","og_description":"Ieejiet term\u0101l\u0101s redzam\u012bbas pasaul\u0113 ar Pulsar Axion term\u0101l\u0101s att\u0113lveido\u0161anas monokul\u0101riem. M\u016bsu kompakt\u0101k\u0101s un pieejam\u0101k\u0101s ier\u012bces ir ide\u0101li piem\u0113rotas tiem medniekiem, kuri v\u0113las izp\u0113t\u012bt term\u0101l\u0101s redzam\u012bbas iesp\u0113jas, nesamazinot bankas l\u012bdzek\u013cus. Tie ietilpst vien\u0101 rok\u0101 un ir viegli p\u0101rn\u0113s\u0101jami, tom\u0113r pied\u0101v\u0101 augstu termisko jut\u012bbu un citas augst\u0101k\u0101s klases funkcijas, tostarp Wi-Fi savienojumu un m\u016bsu jaun\u0101kos att\u0113lu apstr\u0101des...","og_url":"https:\/\/www.axiomams.eu\/lv\/produktas\/pulsar-axion-compact-xq30-pro-termokamera","og_site_name":"AXIOMA MS","article_publisher":"https:\/\/www.facebook.com\/AxiomaMS","article_modified_time":"2026-03-25T14:59:20+00:00","og_image":[{"width":600,"height":600,"url":"https:\/\/www.axiomams.eu\/wp-content\/uploads\/2025\/07\/4621-5944.jpg","type":"image\/jpeg"}],"twitter_card":"summary_large_image","twitter_misc":{"Est. reading time":"3 minutes"},"schema":{"@context":"https:\/\/schema.org","@graph":[{"@type":"WebPage","@id":"https:\/\/www.axiomams.eu\/lv\/produktas\/pulsar-axion-compact-xq30-pro-termokamera","url":"https:\/\/www.axiomams.eu\/lv\/produktas\/pulsar-axion-compact-xq30-pro-termokamera","name":"Pulsar Axion Compact XQ30 Pro termokamera - AXIOMA MS","isPartOf":{"@id":"https:\/\/www.axiomams.eu\/lv#website"},"primaryImageOfPage":{"@id":"https:\/\/www.axiomams.eu\/lv\/produktas\/pulsar-axion-compact-xq30-pro-termokamera#primaryimage"},"image":{"@id":"https:\/\/www.axiomams.eu\/lv\/produktas\/pulsar-axion-compact-xq30-pro-termokamera#primaryimage"},"thumbnailUrl":"https:\/\/www.axiomams.eu\/wp-content\/uploads\/2025\/07\/4621-5944.jpg","datePublished":"2025-06-12T14:05:02+00:00","dateModified":"2026-03-25T14:59:20+00:00","breadcrumb":{"@id":"https:\/\/www.axiomams.eu\/lv\/produktas\/pulsar-axion-compact-xq30-pro-termokamera#breadcrumb"},"inLanguage":"lv-LV","potentialAction":[{"@type":"ReadAction","target":["https:\/\/www.axiomams.eu\/lv\/produktas\/pulsar-axion-compact-xq30-pro-termokamera"]}]},{"@type":"ImageObject","inLanguage":"lv-LV","@id":"https:\/\/www.axiomams.eu\/lv\/produktas\/pulsar-axion-compact-xq30-pro-termokamera#primaryimage","url":"https:\/\/www.axiomams.eu\/wp-content\/uploads\/2025\/07\/4621-5944.jpg","contentUrl":"https:\/\/www.axiomams.eu\/wp-content\/uploads\/2025\/07\/4621-5944.jpg","width":600,"height":600},{"@type":"BreadcrumbList","@id":"https:\/\/www.axiomams.eu\/lv\/produktas\/pulsar-axion-compact-xq30-pro-termokamera#breadcrumb","itemListElement":[{"@type":"ListItem","position":1,"name":"Home","item":"https:\/\/www.axiomams.eu\/lv"},{"@type":"ListItem","position":2,"name":"Produkti","item":"https:\/\/www.axiomams.eu\/lv\/produkti"},{"@type":"ListItem","position":3,"name":"Pulsar Axion Compact XQ30 Pro termokamera"}]},{"@type":"WebSite","@id":"https:\/\/www.axiomams.eu\/lv#website","url":"https:\/\/www.axiomams.eu\/lv","name":"AXIOMA MS","description":"Terrmovizoriai ir matavimo \u012franga","publisher":{"@id":"https:\/\/www.axiomams.eu\/lv#organization"},"potentialAction":[{"@type":"SearchAction","target":{"@type":"EntryPoint","urlTemplate":"https:\/\/www.axiomams.eu\/lv?s={search_term_string}"},"query-input":{"@type":"PropertyValueSpecification","valueRequired":true,"valueName":"search_term_string"}}],"inLanguage":"lv-LV"},{"@type":"Organization","@id":"https:\/\/www.axiomams.eu\/lv#organization","name":"AXIOMA MS","url":"https:\/\/www.axiomams.eu\/lv","logo":{"@type":"ImageObject","inLanguage":"lv-LV","@id":"https:\/\/www.axiomams.eu\/lv#\/schema\/logo\/image\/","url":"https:\/\/www.axiomams.eu\/wp-content\/uploads\/2025\/06\/axioma-logo-2.png","contentUrl":"https:\/\/www.axiomams.eu\/wp-content\/uploads\/2025\/06\/axioma-logo-2.png","width":1200,"height":1200,"caption":"AXIOMA MS"},"image":{"@id":"https:\/\/www.axiomams.eu\/lv#\/schema\/logo\/image\/"},"sameAs":["https:\/\/www.facebook.com\/AxiomaMS","https:\/\/www.linkedin.com\/company\/axiomams\/"]}]}},"_links":{"self":[{"href":"https:\/\/www.axiomams.eu\/lv\/wp-json\/wp\/v2\/product\/38966","targetHints":{"allow":["GET"]}}],"collection":[{"href":"https:\/\/www.axiomams.eu\/lv\/wp-json\/wp\/v2\/product"}],"about":[{"href":"https:\/\/www.axiomams.eu\/lv\/wp-json\/wp\/v2\/types\/product"}],"replies":[{"embeddable":true,"href":"https:\/\/www.axiomams.eu\/lv\/wp-json\/wp\/v2\/comments?post=38966"}],"wp:featuredmedia":[{"embeddable":true,"href":"https:\/\/www.axiomams.eu\/lv\/wp-json\/wp\/v2\/media\/41638"}],"wp:attachment":[{"href":"https:\/\/www.axiomams.eu\/lv\/wp-json\/wp\/v2\/media?parent=38966"}],"wp:term":[{"taxonomy":"product_brand","embeddable":true,"href":"https:\/\/www.axiomams.eu\/lv\/wp-json\/wp\/v2\/product_brand?post=38966"},{"taxonomy":"product_cat","embeddable":true,"href":"https:\/\/www.axiomams.eu\/lv\/wp-json\/wp\/v2\/product_cat?post=38966"},{"taxonomy":"product_tag","embeddable":true,"href":"https:\/\/www.axiomams.eu\/lv\/wp-json\/wp\/v2\/product_tag?post=38966"}],"curies":[{"name":"wp","href":"https:\/\/api.w.org\/{rel}","templated":true}]}}