{"id":38969,"date":"2025-05-15T17:56:46","date_gmt":"2025-05-15T15:56:46","guid":{"rendered":"https:\/\/www.axiomams.eu\/produktas\/hwm-bmic-nopludes-detektors"},"modified":"2026-03-25T16:59:20","modified_gmt":"2026-03-25T14:59:20","slug":"hwm-bmic-nopludes-detektors","status":"publish","type":"product","link":"https:\/\/www.axiomams.eu\/lv\/produktas\/hwm-bmic-nopludes-detektors","title":{"rendered":"HWM Bmic nopl\u016bdes detektors"},"content":{"rendered":"<p>Halma Water Bmic ir viegli lietojams, elektronisks nopl\u016b\u017eu uzraudz\u012bbas r\u012bks, kas ir ide\u0101li piem\u0113rots visp\u0101r\u0113j\u0101m \u016bdens nopl\u016b\u017eu atkl\u0101\u0161anas darb\u012bb\u0101m.<\/p>\n<p>Standarta komplekts: Bmic rokas vad\u012bbas ier\u012bce, akustiski ekran\u0113ts &#8220;zilo\u0146a p\u0113das&#8221; mikrofons, mai\u0146str\u0101vas adapteris, austi\u0146as, p\u0101rn\u0113s\u0101jam\u0101 soma, lieto\u0161anas instrukcija.<\/p>\n<h3>Tehnisk\u0101 inform\u0101cija:<\/h3>\n<ul>\n<li><a href=\"https:\/\/axiomams.eu\/importer\/export\/attachments\/en\/bmic.pdf\" target=\"_blank\">Bmic.pdf<\/a><\/li>\n<\/ul>\n","protected":false},"excerpt":{"rendered":"<p>Halma Water Bmic ir viegli lietojams, elektronisks nopl\u016b\u017eu uzraudz\u012bbas r\u012bks, kas ir ide\u0101li piem\u0113rots visp\u0101r\u0113j\u0101m \u016bdens nopl\u016b\u017eu atkl\u0101\u0161anas darb\u012bb\u0101m. Standarta komplekts: Bmic rokas vad\u012bbas ier\u012bce, akustiski ekran\u0113ts &#8220;zilo\u0146a p\u0113das&#8221; mikrofons, mai\u0146str\u0101vas adapteris, austi\u0146as, p\u0101rn\u0113s\u0101jam\u0101 soma, lieto\u0161anas instrukcija. Tehnisk\u0101 inform\u0101cija: Bmic.pdf<\/p>\n","protected":false},"featured_media":41646,"comment_status":"open","ping_status":"closed","template":"","meta":{"_acf_changed":false},"product_brand":[1011],"product_cat":[17751],"product_tag":[],"class_list":{"0":"post-38969","1":"product","2":"type-product","3":"status-publish","4":"has-post-thumbnail","6":"product_brand-hwm","7":"product_cat-udens-nopludes-meklesana","9":"first","10":"instock","11":"taxable","12":"shipping-taxable","13":"product-type-simple"},"acf":[],"yoast_head":"<!-- This site is optimized with the Yoast SEO plugin v27.0 - https:\/\/yoast.com\/product\/yoast-seo-wordpress\/ -->\n<title>HWM Bmic nopl\u016bdes detektors - AXIOMA MS<\/title>\n<meta name=\"robots\" content=\"index, follow, max-snippet:-1, max-image-preview:large, max-video-preview:-1\" \/>\n<link rel=\"canonical\" href=\"https:\/\/www.axiomams.eu\/lv\/produktas\/hwm-bmic-nopludes-detektors\" \/>\n<meta property=\"og:locale\" content=\"lv_LV\" \/>\n<meta property=\"og:type\" content=\"article\" \/>\n<meta property=\"og:title\" content=\"HWM Bmic nopl\u016bdes detektors - AXIOMA MS\" \/>\n<meta property=\"og:description\" content=\"Halma Water Bmic ir viegli lietojams, elektronisks nopl\u016b\u017eu uzraudz\u012bbas r\u012bks, kas ir ide\u0101li piem\u0113rots visp\u0101r\u0113j\u0101m \u016bdens nopl\u016b\u017eu atkl\u0101\u0161anas darb\u012bb\u0101m. Standarta komplekts: Bmic rokas vad\u012bbas ier\u012bce, akustiski ekran\u0113ts &#8220;zilo\u0146a p\u0113das&#8221; mikrofons, mai\u0146str\u0101vas adapteris, austi\u0146as, p\u0101rn\u0113s\u0101jam\u0101 soma, lieto\u0161anas instrukcija. Tehnisk\u0101 inform\u0101cija: Bmic.pdf\" \/>\n<meta property=\"og:url\" content=\"https:\/\/www.axiomams.eu\/lv\/produktas\/hwm-bmic-nopludes-detektors\" \/>\n<meta property=\"og:site_name\" content=\"AXIOMA MS\" \/>\n<meta property=\"article:publisher\" content=\"https:\/\/www.facebook.com\/AxiomaMS\" \/>\n<meta property=\"article:modified_time\" content=\"2026-03-25T14:59:20+00:00\" \/>\n<meta property=\"og:image\" content=\"https:\/\/www.axiomams.eu\/wp-content\/uploads\/2025\/07\/198-6094.jpg\" \/>\n\t<meta property=\"og:image:width\" content=\"1020\" \/>\n\t<meta property=\"og:image:height\" content=\"1020\" \/>\n\t<meta property=\"og:image:type\" content=\"image\/jpeg\" \/>\n<meta name=\"twitter:card\" content=\"summary_large_image\" \/>\n<script type=\"application\/ld+json\" class=\"yoast-schema-graph\">{\"@context\":\"https:\/\/schema.org\",\"@graph\":[{\"@type\":\"WebPage\",\"@id\":\"https:\/\/www.axiomams.eu\/lv\/produktas\/hwm-bmic-nopludes-detektors\",\"url\":\"https:\/\/www.axiomams.eu\/lv\/produktas\/hwm-bmic-nopludes-detektors\",\"name\":\"HWM Bmic nopl\u016bdes detektors - AXIOMA MS\",\"isPartOf\":{\"@id\":\"https:\/\/www.axiomams.eu\/lv#website\"},\"primaryImageOfPage\":{\"@id\":\"https:\/\/www.axiomams.eu\/lv\/produktas\/hwm-bmic-nopludes-detektors#primaryimage\"},\"image\":{\"@id\":\"https:\/\/www.axiomams.eu\/lv\/produktas\/hwm-bmic-nopludes-detektors#primaryimage\"},\"thumbnailUrl\":\"https:\/\/www.axiomams.eu\/wp-content\/uploads\/2025\/07\/198-6094.jpg\",\"datePublished\":\"2025-05-15T15:56:46+00:00\",\"dateModified\":\"2026-03-25T14:59:20+00:00\",\"breadcrumb\":{\"@id\":\"https:\/\/www.axiomams.eu\/lv\/produktas\/hwm-bmic-nopludes-detektors#breadcrumb\"},\"inLanguage\":\"lv-LV\",\"potentialAction\":[{\"@type\":\"ReadAction\",\"target\":[\"https:\/\/www.axiomams.eu\/lv\/produktas\/hwm-bmic-nopludes-detektors\"]}]},{\"@type\":\"ImageObject\",\"inLanguage\":\"lv-LV\",\"@id\":\"https:\/\/www.axiomams.eu\/lv\/produktas\/hwm-bmic-nopludes-detektors#primaryimage\",\"url\":\"https:\/\/www.axiomams.eu\/wp-content\/uploads\/2025\/07\/198-6094.jpg\",\"contentUrl\":\"https:\/\/www.axiomams.eu\/wp-content\/uploads\/2025\/07\/198-6094.jpg\",\"width\":1020,\"height\":1020},{\"@type\":\"BreadcrumbList\",\"@id\":\"https:\/\/www.axiomams.eu\/lv\/produktas\/hwm-bmic-nopludes-detektors#breadcrumb\",\"itemListElement\":[{\"@type\":\"ListItem\",\"position\":1,\"name\":\"Home\",\"item\":\"https:\/\/www.axiomams.eu\/lv\"},{\"@type\":\"ListItem\",\"position\":2,\"name\":\"Produkti\",\"item\":\"https:\/\/www.axiomams.eu\/lv\/produkti\"},{\"@type\":\"ListItem\",\"position\":3,\"name\":\"HWM Bmic nopl\u016bdes detektors\"}]},{\"@type\":\"WebSite\",\"@id\":\"https:\/\/www.axiomams.eu\/lv#website\",\"url\":\"https:\/\/www.axiomams.eu\/lv\",\"name\":\"AXIOMA MS\",\"description\":\"Terrmovizoriai ir matavimo \u012franga\",\"publisher\":{\"@id\":\"https:\/\/www.axiomams.eu\/lv#organization\"},\"potentialAction\":[{\"@type\":\"SearchAction\",\"target\":{\"@type\":\"EntryPoint\",\"urlTemplate\":\"https:\/\/www.axiomams.eu\/lv?s={search_term_string}\"},\"query-input\":{\"@type\":\"PropertyValueSpecification\",\"valueRequired\":true,\"valueName\":\"search_term_string\"}}],\"inLanguage\":\"lv-LV\"},{\"@type\":\"Organization\",\"@id\":\"https:\/\/www.axiomams.eu\/lv#organization\",\"name\":\"AXIOMA MS\",\"url\":\"https:\/\/www.axiomams.eu\/lv\",\"logo\":{\"@type\":\"ImageObject\",\"inLanguage\":\"lv-LV\",\"@id\":\"https:\/\/www.axiomams.eu\/lv#\/schema\/logo\/image\/\",\"url\":\"https:\/\/www.axiomams.eu\/wp-content\/uploads\/2025\/06\/axioma-logo-2.png\",\"contentUrl\":\"https:\/\/www.axiomams.eu\/wp-content\/uploads\/2025\/06\/axioma-logo-2.png\",\"width\":1200,\"height\":1200,\"caption\":\"AXIOMA MS\"},\"image\":{\"@id\":\"https:\/\/www.axiomams.eu\/lv#\/schema\/logo\/image\/\"},\"sameAs\":[\"https:\/\/www.facebook.com\/AxiomaMS\",\"https:\/\/www.linkedin.com\/company\/axiomams\/\"]}]}<\/script>\n<!-- \/ Yoast SEO plugin. -->","yoast_head_json":{"title":"HWM Bmic nopl\u016bdes detektors - AXIOMA MS","robots":{"index":"index","follow":"follow","max-snippet":"max-snippet:-1","max-image-preview":"max-image-preview:large","max-video-preview":"max-video-preview:-1"},"canonical":"https:\/\/www.axiomams.eu\/lv\/produktas\/hwm-bmic-nopludes-detektors","og_locale":"lv_LV","og_type":"article","og_title":"HWM Bmic nopl\u016bdes detektors - AXIOMA MS","og_description":"Halma Water Bmic ir viegli lietojams, elektronisks nopl\u016b\u017eu uzraudz\u012bbas r\u012bks, kas ir ide\u0101li piem\u0113rots visp\u0101r\u0113j\u0101m \u016bdens nopl\u016b\u017eu atkl\u0101\u0161anas darb\u012bb\u0101m. Standarta komplekts: Bmic rokas vad\u012bbas ier\u012bce, akustiski ekran\u0113ts &#8220;zilo\u0146a p\u0113das&#8221; mikrofons, mai\u0146str\u0101vas adapteris, austi\u0146as, p\u0101rn\u0113s\u0101jam\u0101 soma, lieto\u0161anas instrukcija. Tehnisk\u0101 inform\u0101cija: Bmic.pdf","og_url":"https:\/\/www.axiomams.eu\/lv\/produktas\/hwm-bmic-nopludes-detektors","og_site_name":"AXIOMA MS","article_publisher":"https:\/\/www.facebook.com\/AxiomaMS","article_modified_time":"2026-03-25T14:59:20+00:00","og_image":[{"width":1020,"height":1020,"url":"https:\/\/www.axiomams.eu\/wp-content\/uploads\/2025\/07\/198-6094.jpg","type":"image\/jpeg"}],"twitter_card":"summary_large_image","schema":{"@context":"https:\/\/schema.org","@graph":[{"@type":"WebPage","@id":"https:\/\/www.axiomams.eu\/lv\/produktas\/hwm-bmic-nopludes-detektors","url":"https:\/\/www.axiomams.eu\/lv\/produktas\/hwm-bmic-nopludes-detektors","name":"HWM Bmic nopl\u016bdes detektors - AXIOMA MS","isPartOf":{"@id":"https:\/\/www.axiomams.eu\/lv#website"},"primaryImageOfPage":{"@id":"https:\/\/www.axiomams.eu\/lv\/produktas\/hwm-bmic-nopludes-detektors#primaryimage"},"image":{"@id":"https:\/\/www.axiomams.eu\/lv\/produktas\/hwm-bmic-nopludes-detektors#primaryimage"},"thumbnailUrl":"https:\/\/www.axiomams.eu\/wp-content\/uploads\/2025\/07\/198-6094.jpg","datePublished":"2025-05-15T15:56:46+00:00","dateModified":"2026-03-25T14:59:20+00:00","breadcrumb":{"@id":"https:\/\/www.axiomams.eu\/lv\/produktas\/hwm-bmic-nopludes-detektors#breadcrumb"},"inLanguage":"lv-LV","potentialAction":[{"@type":"ReadAction","target":["https:\/\/www.axiomams.eu\/lv\/produktas\/hwm-bmic-nopludes-detektors"]}]},{"@type":"ImageObject","inLanguage":"lv-LV","@id":"https:\/\/www.axiomams.eu\/lv\/produktas\/hwm-bmic-nopludes-detektors#primaryimage","url":"https:\/\/www.axiomams.eu\/wp-content\/uploads\/2025\/07\/198-6094.jpg","contentUrl":"https:\/\/www.axiomams.eu\/wp-content\/uploads\/2025\/07\/198-6094.jpg","width":1020,"height":1020},{"@type":"BreadcrumbList","@id":"https:\/\/www.axiomams.eu\/lv\/produktas\/hwm-bmic-nopludes-detektors#breadcrumb","itemListElement":[{"@type":"ListItem","position":1,"name":"Home","item":"https:\/\/www.axiomams.eu\/lv"},{"@type":"ListItem","position":2,"name":"Produkti","item":"https:\/\/www.axiomams.eu\/lv\/produkti"},{"@type":"ListItem","position":3,"name":"HWM Bmic nopl\u016bdes detektors"}]},{"@type":"WebSite","@id":"https:\/\/www.axiomams.eu\/lv#website","url":"https:\/\/www.axiomams.eu\/lv","name":"AXIOMA MS","description":"Terrmovizoriai ir matavimo \u012franga","publisher":{"@id":"https:\/\/www.axiomams.eu\/lv#organization"},"potentialAction":[{"@type":"SearchAction","target":{"@type":"EntryPoint","urlTemplate":"https:\/\/www.axiomams.eu\/lv?s={search_term_string}"},"query-input":{"@type":"PropertyValueSpecification","valueRequired":true,"valueName":"search_term_string"}}],"inLanguage":"lv-LV"},{"@type":"Organization","@id":"https:\/\/www.axiomams.eu\/lv#organization","name":"AXIOMA MS","url":"https:\/\/www.axiomams.eu\/lv","logo":{"@type":"ImageObject","inLanguage":"lv-LV","@id":"https:\/\/www.axiomams.eu\/lv#\/schema\/logo\/image\/","url":"https:\/\/www.axiomams.eu\/wp-content\/uploads\/2025\/06\/axioma-logo-2.png","contentUrl":"https:\/\/www.axiomams.eu\/wp-content\/uploads\/2025\/06\/axioma-logo-2.png","width":1200,"height":1200,"caption":"AXIOMA MS"},"image":{"@id":"https:\/\/www.axiomams.eu\/lv#\/schema\/logo\/image\/"},"sameAs":["https:\/\/www.facebook.com\/AxiomaMS","https:\/\/www.linkedin.com\/company\/axiomams\/"]}]}},"_links":{"self":[{"href":"https:\/\/www.axiomams.eu\/lv\/wp-json\/wp\/v2\/product\/38969","targetHints":{"allow":["GET"]}}],"collection":[{"href":"https:\/\/www.axiomams.eu\/lv\/wp-json\/wp\/v2\/product"}],"about":[{"href":"https:\/\/www.axiomams.eu\/lv\/wp-json\/wp\/v2\/types\/product"}],"replies":[{"embeddable":true,"href":"https:\/\/www.axiomams.eu\/lv\/wp-json\/wp\/v2\/comments?post=38969"}],"wp:featuredmedia":[{"embeddable":true,"href":"https:\/\/www.axiomams.eu\/lv\/wp-json\/wp\/v2\/media\/41646"}],"wp:attachment":[{"href":"https:\/\/www.axiomams.eu\/lv\/wp-json\/wp\/v2\/media?parent=38969"}],"wp:term":[{"taxonomy":"product_brand","embeddable":true,"href":"https:\/\/www.axiomams.eu\/lv\/wp-json\/wp\/v2\/product_brand?post=38969"},{"taxonomy":"product_cat","embeddable":true,"href":"https:\/\/www.axiomams.eu\/lv\/wp-json\/wp\/v2\/product_cat?post=38969"},{"taxonomy":"product_tag","embeddable":true,"href":"https:\/\/www.axiomams.eu\/lv\/wp-json\/wp\/v2\/product_tag?post=38969"}],"curies":[{"name":"wp","href":"https:\/\/api.w.org\/{rel}","templated":true}]}}