{"id":38972,"date":"2025-05-15T17:56:53","date_gmt":"2025-05-15T15:56:53","guid":{"rendered":"https:\/\/www.axiomams.eu\/produktas\/hioki-bt3564-akumulatoru-testeris"},"modified":"2026-03-25T16:59:21","modified_gmt":"2026-03-25T14:59:21","slug":"hioki-bt3564-akumulatoru-testeris","status":"publish","type":"product","link":"https:\/\/www.axiomams.eu\/lv\/produktas\/hioki-bt3564-akumulatoru-testeris","title":{"rendered":"HIOKI BT3564 Akumulatoru testeris"},"content":{"rendered":"<p>Hioki stenda akumulatoru testeri nodro\u0161ina vienlaic\u012bgu \u0101trdarb\u012bgu elektromobi\u013cu un PHEV akumulatoru iek\u0161\u0113j\u0101s pretest\u012bbas un akumulatora sprieguma m\u0113r\u012b\u0161anu. Ar BT3564 Battery HiTester var izm\u0113r\u012bt bateriju paketes spriegumu un kop\u0113jo pretest\u012bbu, k\u0101 ar\u012b kopnes stie\u0146u pretest\u012bbu l\u012bdz 1000 V.<\/p>\n<p>Standarta komplekts: Komplekt\u0101: Hioki BATTERY HiTESTER BT 3564, baro\u0161anas vads, lieto\u0161anas instrukcija, lieto\u0161anas noteikumi.<\/p>\n<h3>Tehnisk\u0101 inform\u0101cija:<\/h3>\n<ul>\n<li><a href=\"https:\/\/axiomams.eu\/importer\/export\/attachments\/en\/hioki-bt3564.pdf\" target=\"_blank\">Hioki BT3564.pdf<\/a><\/li>\n<\/ul>\n","protected":false},"excerpt":{"rendered":"<p>Hioki stenda akumulatoru testeri nodro\u0161ina vienlaic\u012bgu \u0101trdarb\u012bgu elektromobi\u013cu un PHEV akumulatoru iek\u0161\u0113j\u0101s pretest\u012bbas un akumulatora sprieguma m\u0113r\u012b\u0161anu. Ar BT3564 Battery HiTester var izm\u0113r\u012bt bateriju paketes spriegumu un kop\u0113jo pretest\u012bbu, k\u0101 ar\u012b kopnes stie\u0146u pretest\u012bbu l\u012bdz 1000 V. Standarta komplekts: Komplekt\u0101: Hioki BATTERY HiTESTER BT 3564, baro\u0161anas vads, lieto\u0161anas instrukcija, lieto\u0161anas noteikumi. Tehnisk\u0101 inform\u0101cija: Hioki BT3564.pdf<\/p>\n","protected":false},"featured_media":41652,"comment_status":"open","ping_status":"closed","template":"","meta":{"_acf_changed":false},"product_brand":[1112],"product_cat":[17750],"product_tag":[],"class_list":{"0":"post-38972","1":"product","2":"type-product","3":"status-publish","4":"has-post-thumbnail","6":"product_brand-hioki","7":"product_cat-akumulatora-parbaudei-un-testesanai","9":"first","10":"instock","11":"taxable","12":"shipping-taxable","13":"purchasable","14":"product-type-simple"},"acf":[],"yoast_head":"<!-- This site is optimized with the Yoast SEO plugin v27.0 - https:\/\/yoast.com\/product\/yoast-seo-wordpress\/ -->\n<title>HIOKI BT3564 Akumulatoru testeris - AXIOMA MS<\/title>\n<meta name=\"robots\" content=\"index, follow, max-snippet:-1, max-image-preview:large, max-video-preview:-1\" \/>\n<link rel=\"canonical\" href=\"https:\/\/www.axiomams.eu\/lv\/produktas\/hioki-bt3564-akumulatoru-testeris\" \/>\n<meta property=\"og:locale\" content=\"lv_LV\" \/>\n<meta property=\"og:type\" content=\"article\" \/>\n<meta property=\"og:title\" content=\"HIOKI BT3564 Akumulatoru testeris - AXIOMA MS\" \/>\n<meta property=\"og:description\" content=\"Hioki stenda akumulatoru testeri nodro\u0161ina vienlaic\u012bgu \u0101trdarb\u012bgu elektromobi\u013cu un PHEV akumulatoru iek\u0161\u0113j\u0101s pretest\u012bbas un akumulatora sprieguma m\u0113r\u012b\u0161anu. Ar BT3564 Battery HiTester var izm\u0113r\u012bt bateriju paketes spriegumu un kop\u0113jo pretest\u012bbu, k\u0101 ar\u012b kopnes stie\u0146u pretest\u012bbu l\u012bdz 1000 V. Standarta komplekts: Komplekt\u0101: Hioki BATTERY HiTESTER BT 3564, baro\u0161anas vads, lieto\u0161anas instrukcija, lieto\u0161anas noteikumi. Tehnisk\u0101 inform\u0101cija: Hioki BT3564.pdf\" \/>\n<meta property=\"og:url\" content=\"https:\/\/www.axiomams.eu\/lv\/produktas\/hioki-bt3564-akumulatoru-testeris\" \/>\n<meta property=\"og:site_name\" content=\"AXIOMA MS\" \/>\n<meta property=\"article:publisher\" content=\"https:\/\/www.facebook.com\/AxiomaMS\" \/>\n<meta property=\"article:modified_time\" content=\"2026-03-25T14:59:21+00:00\" \/>\n<meta property=\"og:image\" content=\"https:\/\/www.axiomams.eu\/wp-content\/uploads\/2025\/07\/2737-6050.jpg\" \/>\n\t<meta property=\"og:image:width\" content=\"1020\" \/>\n\t<meta property=\"og:image:height\" content=\"1020\" \/>\n\t<meta property=\"og:image:type\" content=\"image\/jpeg\" \/>\n<meta name=\"twitter:card\" content=\"summary_large_image\" \/>\n<script type=\"application\/ld+json\" class=\"yoast-schema-graph\">{\"@context\":\"https:\/\/schema.org\",\"@graph\":[{\"@type\":\"WebPage\",\"@id\":\"https:\/\/www.axiomams.eu\/lv\/produktas\/hioki-bt3564-akumulatoru-testeris\",\"url\":\"https:\/\/www.axiomams.eu\/lv\/produktas\/hioki-bt3564-akumulatoru-testeris\",\"name\":\"HIOKI BT3564 Akumulatoru testeris - AXIOMA MS\",\"isPartOf\":{\"@id\":\"https:\/\/www.axiomams.eu\/lv#website\"},\"primaryImageOfPage\":{\"@id\":\"https:\/\/www.axiomams.eu\/lv\/produktas\/hioki-bt3564-akumulatoru-testeris#primaryimage\"},\"image\":{\"@id\":\"https:\/\/www.axiomams.eu\/lv\/produktas\/hioki-bt3564-akumulatoru-testeris#primaryimage\"},\"thumbnailUrl\":\"https:\/\/www.axiomams.eu\/wp-content\/uploads\/2025\/07\/2737-6050.jpg\",\"datePublished\":\"2025-05-15T15:56:53+00:00\",\"dateModified\":\"2026-03-25T14:59:21+00:00\",\"breadcrumb\":{\"@id\":\"https:\/\/www.axiomams.eu\/lv\/produktas\/hioki-bt3564-akumulatoru-testeris#breadcrumb\"},\"inLanguage\":\"lv-LV\",\"potentialAction\":[{\"@type\":\"ReadAction\",\"target\":[\"https:\/\/www.axiomams.eu\/lv\/produktas\/hioki-bt3564-akumulatoru-testeris\"]}]},{\"@type\":\"ImageObject\",\"inLanguage\":\"lv-LV\",\"@id\":\"https:\/\/www.axiomams.eu\/lv\/produktas\/hioki-bt3564-akumulatoru-testeris#primaryimage\",\"url\":\"https:\/\/www.axiomams.eu\/wp-content\/uploads\/2025\/07\/2737-6050.jpg\",\"contentUrl\":\"https:\/\/www.axiomams.eu\/wp-content\/uploads\/2025\/07\/2737-6050.jpg\",\"width\":1020,\"height\":1020},{\"@type\":\"BreadcrumbList\",\"@id\":\"https:\/\/www.axiomams.eu\/lv\/produktas\/hioki-bt3564-akumulatoru-testeris#breadcrumb\",\"itemListElement\":[{\"@type\":\"ListItem\",\"position\":1,\"name\":\"Home\",\"item\":\"https:\/\/www.axiomams.eu\/lv\"},{\"@type\":\"ListItem\",\"position\":2,\"name\":\"Produkti\",\"item\":\"https:\/\/www.axiomams.eu\/lv\/produkti\"},{\"@type\":\"ListItem\",\"position\":3,\"name\":\"HIOKI BT3564 Akumulatoru testeris\"}]},{\"@type\":\"WebSite\",\"@id\":\"https:\/\/www.axiomams.eu\/lv#website\",\"url\":\"https:\/\/www.axiomams.eu\/lv\",\"name\":\"AXIOMA MS\",\"description\":\"Terrmovizoriai ir matavimo \u012franga\",\"publisher\":{\"@id\":\"https:\/\/www.axiomams.eu\/lv#organization\"},\"potentialAction\":[{\"@type\":\"SearchAction\",\"target\":{\"@type\":\"EntryPoint\",\"urlTemplate\":\"https:\/\/www.axiomams.eu\/lv?s={search_term_string}\"},\"query-input\":{\"@type\":\"PropertyValueSpecification\",\"valueRequired\":true,\"valueName\":\"search_term_string\"}}],\"inLanguage\":\"lv-LV\"},{\"@type\":\"Organization\",\"@id\":\"https:\/\/www.axiomams.eu\/lv#organization\",\"name\":\"AXIOMA MS\",\"url\":\"https:\/\/www.axiomams.eu\/lv\",\"logo\":{\"@type\":\"ImageObject\",\"inLanguage\":\"lv-LV\",\"@id\":\"https:\/\/www.axiomams.eu\/lv#\/schema\/logo\/image\/\",\"url\":\"https:\/\/www.axiomams.eu\/wp-content\/uploads\/2025\/06\/axioma-logo-2.png\",\"contentUrl\":\"https:\/\/www.axiomams.eu\/wp-content\/uploads\/2025\/06\/axioma-logo-2.png\",\"width\":1200,\"height\":1200,\"caption\":\"AXIOMA MS\"},\"image\":{\"@id\":\"https:\/\/www.axiomams.eu\/lv#\/schema\/logo\/image\/\"},\"sameAs\":[\"https:\/\/www.facebook.com\/AxiomaMS\",\"https:\/\/www.linkedin.com\/company\/axiomams\/\"]}]}<\/script>\n<!-- \/ Yoast SEO plugin. -->","yoast_head_json":{"title":"HIOKI BT3564 Akumulatoru testeris - AXIOMA MS","robots":{"index":"index","follow":"follow","max-snippet":"max-snippet:-1","max-image-preview":"max-image-preview:large","max-video-preview":"max-video-preview:-1"},"canonical":"https:\/\/www.axiomams.eu\/lv\/produktas\/hioki-bt3564-akumulatoru-testeris","og_locale":"lv_LV","og_type":"article","og_title":"HIOKI BT3564 Akumulatoru testeris - AXIOMA MS","og_description":"Hioki stenda akumulatoru testeri nodro\u0161ina vienlaic\u012bgu \u0101trdarb\u012bgu elektromobi\u013cu un PHEV akumulatoru iek\u0161\u0113j\u0101s pretest\u012bbas un akumulatora sprieguma m\u0113r\u012b\u0161anu. Ar BT3564 Battery HiTester var izm\u0113r\u012bt bateriju paketes spriegumu un kop\u0113jo pretest\u012bbu, k\u0101 ar\u012b kopnes stie\u0146u pretest\u012bbu l\u012bdz 1000 V. Standarta komplekts: Komplekt\u0101: Hioki BATTERY HiTESTER BT 3564, baro\u0161anas vads, lieto\u0161anas instrukcija, lieto\u0161anas noteikumi. Tehnisk\u0101 inform\u0101cija: Hioki BT3564.pdf","og_url":"https:\/\/www.axiomams.eu\/lv\/produktas\/hioki-bt3564-akumulatoru-testeris","og_site_name":"AXIOMA MS","article_publisher":"https:\/\/www.facebook.com\/AxiomaMS","article_modified_time":"2026-03-25T14:59:21+00:00","og_image":[{"width":1020,"height":1020,"url":"https:\/\/www.axiomams.eu\/wp-content\/uploads\/2025\/07\/2737-6050.jpg","type":"image\/jpeg"}],"twitter_card":"summary_large_image","schema":{"@context":"https:\/\/schema.org","@graph":[{"@type":"WebPage","@id":"https:\/\/www.axiomams.eu\/lv\/produktas\/hioki-bt3564-akumulatoru-testeris","url":"https:\/\/www.axiomams.eu\/lv\/produktas\/hioki-bt3564-akumulatoru-testeris","name":"HIOKI BT3564 Akumulatoru testeris - AXIOMA MS","isPartOf":{"@id":"https:\/\/www.axiomams.eu\/lv#website"},"primaryImageOfPage":{"@id":"https:\/\/www.axiomams.eu\/lv\/produktas\/hioki-bt3564-akumulatoru-testeris#primaryimage"},"image":{"@id":"https:\/\/www.axiomams.eu\/lv\/produktas\/hioki-bt3564-akumulatoru-testeris#primaryimage"},"thumbnailUrl":"https:\/\/www.axiomams.eu\/wp-content\/uploads\/2025\/07\/2737-6050.jpg","datePublished":"2025-05-15T15:56:53+00:00","dateModified":"2026-03-25T14:59:21+00:00","breadcrumb":{"@id":"https:\/\/www.axiomams.eu\/lv\/produktas\/hioki-bt3564-akumulatoru-testeris#breadcrumb"},"inLanguage":"lv-LV","potentialAction":[{"@type":"ReadAction","target":["https:\/\/www.axiomams.eu\/lv\/produktas\/hioki-bt3564-akumulatoru-testeris"]}]},{"@type":"ImageObject","inLanguage":"lv-LV","@id":"https:\/\/www.axiomams.eu\/lv\/produktas\/hioki-bt3564-akumulatoru-testeris#primaryimage","url":"https:\/\/www.axiomams.eu\/wp-content\/uploads\/2025\/07\/2737-6050.jpg","contentUrl":"https:\/\/www.axiomams.eu\/wp-content\/uploads\/2025\/07\/2737-6050.jpg","width":1020,"height":1020},{"@type":"BreadcrumbList","@id":"https:\/\/www.axiomams.eu\/lv\/produktas\/hioki-bt3564-akumulatoru-testeris#breadcrumb","itemListElement":[{"@type":"ListItem","position":1,"name":"Home","item":"https:\/\/www.axiomams.eu\/lv"},{"@type":"ListItem","position":2,"name":"Produkti","item":"https:\/\/www.axiomams.eu\/lv\/produkti"},{"@type":"ListItem","position":3,"name":"HIOKI BT3564 Akumulatoru testeris"}]},{"@type":"WebSite","@id":"https:\/\/www.axiomams.eu\/lv#website","url":"https:\/\/www.axiomams.eu\/lv","name":"AXIOMA MS","description":"Terrmovizoriai ir matavimo \u012franga","publisher":{"@id":"https:\/\/www.axiomams.eu\/lv#organization"},"potentialAction":[{"@type":"SearchAction","target":{"@type":"EntryPoint","urlTemplate":"https:\/\/www.axiomams.eu\/lv?s={search_term_string}"},"query-input":{"@type":"PropertyValueSpecification","valueRequired":true,"valueName":"search_term_string"}}],"inLanguage":"lv-LV"},{"@type":"Organization","@id":"https:\/\/www.axiomams.eu\/lv#organization","name":"AXIOMA MS","url":"https:\/\/www.axiomams.eu\/lv","logo":{"@type":"ImageObject","inLanguage":"lv-LV","@id":"https:\/\/www.axiomams.eu\/lv#\/schema\/logo\/image\/","url":"https:\/\/www.axiomams.eu\/wp-content\/uploads\/2025\/06\/axioma-logo-2.png","contentUrl":"https:\/\/www.axiomams.eu\/wp-content\/uploads\/2025\/06\/axioma-logo-2.png","width":1200,"height":1200,"caption":"AXIOMA MS"},"image":{"@id":"https:\/\/www.axiomams.eu\/lv#\/schema\/logo\/image\/"},"sameAs":["https:\/\/www.facebook.com\/AxiomaMS","https:\/\/www.linkedin.com\/company\/axiomams\/"]}]}},"_links":{"self":[{"href":"https:\/\/www.axiomams.eu\/lv\/wp-json\/wp\/v2\/product\/38972","targetHints":{"allow":["GET"]}}],"collection":[{"href":"https:\/\/www.axiomams.eu\/lv\/wp-json\/wp\/v2\/product"}],"about":[{"href":"https:\/\/www.axiomams.eu\/lv\/wp-json\/wp\/v2\/types\/product"}],"replies":[{"embeddable":true,"href":"https:\/\/www.axiomams.eu\/lv\/wp-json\/wp\/v2\/comments?post=38972"}],"wp:featuredmedia":[{"embeddable":true,"href":"https:\/\/www.axiomams.eu\/lv\/wp-json\/wp\/v2\/media\/41652"}],"wp:attachment":[{"href":"https:\/\/www.axiomams.eu\/lv\/wp-json\/wp\/v2\/media?parent=38972"}],"wp:term":[{"taxonomy":"product_brand","embeddable":true,"href":"https:\/\/www.axiomams.eu\/lv\/wp-json\/wp\/v2\/product_brand?post=38972"},{"taxonomy":"product_cat","embeddable":true,"href":"https:\/\/www.axiomams.eu\/lv\/wp-json\/wp\/v2\/product_cat?post=38972"},{"taxonomy":"product_tag","embeddable":true,"href":"https:\/\/www.axiomams.eu\/lv\/wp-json\/wp\/v2\/product_tag?post=38972"}],"curies":[{"name":"wp","href":"https:\/\/api.w.org\/{rel}","templated":true}]}}