{"id":38979,"date":"2025-05-15T17:56:58","date_gmt":"2025-05-15T15:56:58","guid":{"rendered":"https:\/\/www.axiomams.eu\/produktas\/chauvin-arnoux-c-a-6681-kabelu-detektors"},"modified":"2026-03-25T16:59:24","modified_gmt":"2026-03-25T14:59:24","slug":"chauvin-arnoux-c-a-6681-kabelu-detektors","status":"publish","type":"product","link":"https:\/\/www.axiomams.eu\/lv\/produktas\/chauvin-arnoux-c-a-6681-kabelu-detektors","title":{"rendered":"Chauvin Arnoux C.A 6681 kabe\u013cu detektors"},"content":{"rendered":"<p>M\u0101jok\u013ca uztur\u0113\u0161anas, renov\u0101cijas un labiek\u0101rto\u0161anas darbiem C.A 6881 atkl\u0101j elektr\u012bbas un telekomunik\u0101ciju kabe\u013cus, met\u0101la caurules un pat anom\u0101lijas uz j\u016bsu l\u012bnij\u0101m. Raid\u012bt\u0101ju var izmantot ar\u012b \u0101r\u0113j\u0101 sprieguma m\u0113r\u012b\u0161anai.<\/p>\n<p>Standarta komplekts: C.A 6681E raid\u012bt\u0101js un C.A 6681R uztv\u0113r\u0113js tiek pieg\u0101d\u0101ts ciet\u0101 futr\u0101l\u012b ar 1 sarkanu\/ melnu izol\u0113tu 4 mm ban\u0101nu vadu komplektu (taisni \u0101r\u0113jie\/ elko\u0146veida \u0101r\u0113jie), 1 2 krokodilspail\u012b\u0161u komplektu, 1 mietu iezem\u0113\u0161anai, 1 x 9 V akumulatoru, 6 x 1,5 V AAA baterijas, 1 m\u0113r\u012b\u0161anas adapteri B22 ligzdai (bajonet), 1 adapteri E14 ligzdai (ieskr\u016bv\u0113jams), 1 t\u012bkla kontaktligzdas adapteri un 1 lieto\u0161anas instrukciju 5 valod\u0101s.<\/p>\n<h3>Tehnisk\u0101 inform\u0101cija:<\/h3>\n<ul>\n<li><a href=\"https:\/\/axiomams.eu\/importer\/export\/attachments\/en\/ca-6681.pdf\" target=\"_blank\">CA 6681.pdf<\/a><\/li>\n<\/ul>\n","protected":false},"excerpt":{"rendered":"<p>M\u0101jok\u013ca uztur\u0113\u0161anas, renov\u0101cijas un labiek\u0101rto\u0161anas darbiem C.A 6881 atkl\u0101j elektr\u012bbas un telekomunik\u0101ciju kabe\u013cus, met\u0101la caurules un pat anom\u0101lijas uz j\u016bsu l\u012bnij\u0101m. Raid\u012bt\u0101ju var izmantot ar\u012b \u0101r\u0113j\u0101 sprieguma m\u0113r\u012b\u0161anai. Standarta komplekts: C.A 6681E raid\u012bt\u0101js un C.A 6681R uztv\u0113r\u0113js tiek pieg\u0101d\u0101ts ciet\u0101 futr\u0101l\u012b ar 1 sarkanu\/ melnu izol\u0113tu 4 mm ban\u0101nu vadu komplektu (taisni \u0101r\u0113jie\/ elko\u0146veida \u0101r\u0113jie),&#8230;<\/p>\n","protected":false},"featured_media":41666,"comment_status":"open","ping_status":"closed","template":"","meta":{"_acf_changed":false},"product_brand":[729],"product_cat":[17716],"product_tag":[],"class_list":{"0":"post-38979","1":"product","2":"type-product","3":"status-publish","4":"has-post-thumbnail","6":"product_brand-chauvin-arnoux","7":"product_cat-kabelu-meklesanai-un-atlasei","9":"first","10":"instock","11":"taxable","12":"shipping-taxable","13":"purchasable","14":"product-type-simple"},"acf":[],"yoast_head":"<!-- This site is optimized with the Yoast SEO plugin v27.0 - https:\/\/yoast.com\/product\/yoast-seo-wordpress\/ -->\n<title>Chauvin Arnoux C.A 6681 kabe\u013cu detektors - AXIOMA MS<\/title>\n<meta name=\"robots\" content=\"index, follow, max-snippet:-1, max-image-preview:large, max-video-preview:-1\" \/>\n<link rel=\"canonical\" href=\"https:\/\/www.axiomams.eu\/lv\/produktas\/chauvin-arnoux-c-a-6681-kabelu-detektors\" \/>\n<meta property=\"og:locale\" content=\"lv_LV\" \/>\n<meta property=\"og:type\" content=\"article\" \/>\n<meta property=\"og:title\" content=\"Chauvin Arnoux C.A 6681 kabe\u013cu detektors - AXIOMA MS\" \/>\n<meta property=\"og:description\" content=\"M\u0101jok\u013ca uztur\u0113\u0161anas, renov\u0101cijas un labiek\u0101rto\u0161anas darbiem C.A 6881 atkl\u0101j elektr\u012bbas un telekomunik\u0101ciju kabe\u013cus, met\u0101la caurules un pat anom\u0101lijas uz j\u016bsu l\u012bnij\u0101m. Raid\u012bt\u0101ju var izmantot ar\u012b \u0101r\u0113j\u0101 sprieguma m\u0113r\u012b\u0161anai. Standarta komplekts: C.A 6681E raid\u012bt\u0101js un C.A 6681R uztv\u0113r\u0113js tiek pieg\u0101d\u0101ts ciet\u0101 futr\u0101l\u012b ar 1 sarkanu\/ melnu izol\u0113tu 4 mm ban\u0101nu vadu komplektu (taisni \u0101r\u0113jie\/ elko\u0146veida \u0101r\u0113jie),...\" \/>\n<meta property=\"og:url\" content=\"https:\/\/www.axiomams.eu\/lv\/produktas\/chauvin-arnoux-c-a-6681-kabelu-detektors\" \/>\n<meta property=\"og:site_name\" content=\"AXIOMA MS\" \/>\n<meta property=\"article:publisher\" content=\"https:\/\/www.facebook.com\/AxiomaMS\" \/>\n<meta property=\"article:modified_time\" content=\"2026-03-25T14:59:24+00:00\" \/>\n<meta property=\"og:image\" content=\"https:\/\/www.axiomams.eu\/wp-content\/uploads\/2025\/07\/384-1400.png\" \/>\n\t<meta property=\"og:image:width\" content=\"671\" \/>\n\t<meta property=\"og:image:height\" content=\"610\" \/>\n\t<meta property=\"og:image:type\" content=\"image\/png\" \/>\n<meta name=\"twitter:card\" content=\"summary_large_image\" \/>\n<meta name=\"twitter:label1\" content=\"Est. reading time\" \/>\n\t<meta name=\"twitter:data1\" content=\"1 minute\" \/>\n<script type=\"application\/ld+json\" class=\"yoast-schema-graph\">{\"@context\":\"https:\/\/schema.org\",\"@graph\":[{\"@type\":\"WebPage\",\"@id\":\"https:\/\/www.axiomams.eu\/lv\/produktas\/chauvin-arnoux-c-a-6681-kabelu-detektors\",\"url\":\"https:\/\/www.axiomams.eu\/lv\/produktas\/chauvin-arnoux-c-a-6681-kabelu-detektors\",\"name\":\"Chauvin Arnoux C.A 6681 kabe\u013cu detektors - AXIOMA MS\",\"isPartOf\":{\"@id\":\"https:\/\/www.axiomams.eu\/lv#website\"},\"primaryImageOfPage\":{\"@id\":\"https:\/\/www.axiomams.eu\/lv\/produktas\/chauvin-arnoux-c-a-6681-kabelu-detektors#primaryimage\"},\"image\":{\"@id\":\"https:\/\/www.axiomams.eu\/lv\/produktas\/chauvin-arnoux-c-a-6681-kabelu-detektors#primaryimage\"},\"thumbnailUrl\":\"https:\/\/www.axiomams.eu\/wp-content\/uploads\/2025\/07\/384-1400.png\",\"datePublished\":\"2025-05-15T15:56:58+00:00\",\"dateModified\":\"2026-03-25T14:59:24+00:00\",\"breadcrumb\":{\"@id\":\"https:\/\/www.axiomams.eu\/lv\/produktas\/chauvin-arnoux-c-a-6681-kabelu-detektors#breadcrumb\"},\"inLanguage\":\"lv-LV\",\"potentialAction\":[{\"@type\":\"ReadAction\",\"target\":[\"https:\/\/www.axiomams.eu\/lv\/produktas\/chauvin-arnoux-c-a-6681-kabelu-detektors\"]}]},{\"@type\":\"ImageObject\",\"inLanguage\":\"lv-LV\",\"@id\":\"https:\/\/www.axiomams.eu\/lv\/produktas\/chauvin-arnoux-c-a-6681-kabelu-detektors#primaryimage\",\"url\":\"https:\/\/www.axiomams.eu\/wp-content\/uploads\/2025\/07\/384-1400.png\",\"contentUrl\":\"https:\/\/www.axiomams.eu\/wp-content\/uploads\/2025\/07\/384-1400.png\",\"width\":671,\"height\":610},{\"@type\":\"BreadcrumbList\",\"@id\":\"https:\/\/www.axiomams.eu\/lv\/produktas\/chauvin-arnoux-c-a-6681-kabelu-detektors#breadcrumb\",\"itemListElement\":[{\"@type\":\"ListItem\",\"position\":1,\"name\":\"Home\",\"item\":\"https:\/\/www.axiomams.eu\/lv\"},{\"@type\":\"ListItem\",\"position\":2,\"name\":\"Produkti\",\"item\":\"https:\/\/www.axiomams.eu\/lv\/produkti\"},{\"@type\":\"ListItem\",\"position\":3,\"name\":\"Chauvin Arnoux C.A 6681 kabe\u013cu detektors\"}]},{\"@type\":\"WebSite\",\"@id\":\"https:\/\/www.axiomams.eu\/lv#website\",\"url\":\"https:\/\/www.axiomams.eu\/lv\",\"name\":\"AXIOMA MS\",\"description\":\"Terrmovizoriai ir matavimo \u012franga\",\"publisher\":{\"@id\":\"https:\/\/www.axiomams.eu\/lv#organization\"},\"potentialAction\":[{\"@type\":\"SearchAction\",\"target\":{\"@type\":\"EntryPoint\",\"urlTemplate\":\"https:\/\/www.axiomams.eu\/lv?s={search_term_string}\"},\"query-input\":{\"@type\":\"PropertyValueSpecification\",\"valueRequired\":true,\"valueName\":\"search_term_string\"}}],\"inLanguage\":\"lv-LV\"},{\"@type\":\"Organization\",\"@id\":\"https:\/\/www.axiomams.eu\/lv#organization\",\"name\":\"AXIOMA MS\",\"url\":\"https:\/\/www.axiomams.eu\/lv\",\"logo\":{\"@type\":\"ImageObject\",\"inLanguage\":\"lv-LV\",\"@id\":\"https:\/\/www.axiomams.eu\/lv#\/schema\/logo\/image\/\",\"url\":\"https:\/\/www.axiomams.eu\/wp-content\/uploads\/2025\/06\/axioma-logo-2.png\",\"contentUrl\":\"https:\/\/www.axiomams.eu\/wp-content\/uploads\/2025\/06\/axioma-logo-2.png\",\"width\":1200,\"height\":1200,\"caption\":\"AXIOMA MS\"},\"image\":{\"@id\":\"https:\/\/www.axiomams.eu\/lv#\/schema\/logo\/image\/\"},\"sameAs\":[\"https:\/\/www.facebook.com\/AxiomaMS\",\"https:\/\/www.linkedin.com\/company\/axiomams\/\"]}]}<\/script>\n<!-- \/ Yoast SEO plugin. -->","yoast_head_json":{"title":"Chauvin Arnoux C.A 6681 kabe\u013cu detektors - AXIOMA MS","robots":{"index":"index","follow":"follow","max-snippet":"max-snippet:-1","max-image-preview":"max-image-preview:large","max-video-preview":"max-video-preview:-1"},"canonical":"https:\/\/www.axiomams.eu\/lv\/produktas\/chauvin-arnoux-c-a-6681-kabelu-detektors","og_locale":"lv_LV","og_type":"article","og_title":"Chauvin Arnoux C.A 6681 kabe\u013cu detektors - AXIOMA MS","og_description":"M\u0101jok\u013ca uztur\u0113\u0161anas, renov\u0101cijas un labiek\u0101rto\u0161anas darbiem C.A 6881 atkl\u0101j elektr\u012bbas un telekomunik\u0101ciju kabe\u013cus, met\u0101la caurules un pat anom\u0101lijas uz j\u016bsu l\u012bnij\u0101m. Raid\u012bt\u0101ju var izmantot ar\u012b \u0101r\u0113j\u0101 sprieguma m\u0113r\u012b\u0161anai. Standarta komplekts: C.A 6681E raid\u012bt\u0101js un C.A 6681R uztv\u0113r\u0113js tiek pieg\u0101d\u0101ts ciet\u0101 futr\u0101l\u012b ar 1 sarkanu\/ melnu izol\u0113tu 4 mm ban\u0101nu vadu komplektu (taisni \u0101r\u0113jie\/ elko\u0146veida \u0101r\u0113jie),...","og_url":"https:\/\/www.axiomams.eu\/lv\/produktas\/chauvin-arnoux-c-a-6681-kabelu-detektors","og_site_name":"AXIOMA MS","article_publisher":"https:\/\/www.facebook.com\/AxiomaMS","article_modified_time":"2026-03-25T14:59:24+00:00","og_image":[{"width":671,"height":610,"url":"https:\/\/www.axiomams.eu\/wp-content\/uploads\/2025\/07\/384-1400.png","type":"image\/png"}],"twitter_card":"summary_large_image","twitter_misc":{"Est. reading time":"1 minute"},"schema":{"@context":"https:\/\/schema.org","@graph":[{"@type":"WebPage","@id":"https:\/\/www.axiomams.eu\/lv\/produktas\/chauvin-arnoux-c-a-6681-kabelu-detektors","url":"https:\/\/www.axiomams.eu\/lv\/produktas\/chauvin-arnoux-c-a-6681-kabelu-detektors","name":"Chauvin Arnoux C.A 6681 kabe\u013cu detektors - AXIOMA MS","isPartOf":{"@id":"https:\/\/www.axiomams.eu\/lv#website"},"primaryImageOfPage":{"@id":"https:\/\/www.axiomams.eu\/lv\/produktas\/chauvin-arnoux-c-a-6681-kabelu-detektors#primaryimage"},"image":{"@id":"https:\/\/www.axiomams.eu\/lv\/produktas\/chauvin-arnoux-c-a-6681-kabelu-detektors#primaryimage"},"thumbnailUrl":"https:\/\/www.axiomams.eu\/wp-content\/uploads\/2025\/07\/384-1400.png","datePublished":"2025-05-15T15:56:58+00:00","dateModified":"2026-03-25T14:59:24+00:00","breadcrumb":{"@id":"https:\/\/www.axiomams.eu\/lv\/produktas\/chauvin-arnoux-c-a-6681-kabelu-detektors#breadcrumb"},"inLanguage":"lv-LV","potentialAction":[{"@type":"ReadAction","target":["https:\/\/www.axiomams.eu\/lv\/produktas\/chauvin-arnoux-c-a-6681-kabelu-detektors"]}]},{"@type":"ImageObject","inLanguage":"lv-LV","@id":"https:\/\/www.axiomams.eu\/lv\/produktas\/chauvin-arnoux-c-a-6681-kabelu-detektors#primaryimage","url":"https:\/\/www.axiomams.eu\/wp-content\/uploads\/2025\/07\/384-1400.png","contentUrl":"https:\/\/www.axiomams.eu\/wp-content\/uploads\/2025\/07\/384-1400.png","width":671,"height":610},{"@type":"BreadcrumbList","@id":"https:\/\/www.axiomams.eu\/lv\/produktas\/chauvin-arnoux-c-a-6681-kabelu-detektors#breadcrumb","itemListElement":[{"@type":"ListItem","position":1,"name":"Home","item":"https:\/\/www.axiomams.eu\/lv"},{"@type":"ListItem","position":2,"name":"Produkti","item":"https:\/\/www.axiomams.eu\/lv\/produkti"},{"@type":"ListItem","position":3,"name":"Chauvin Arnoux C.A 6681 kabe\u013cu detektors"}]},{"@type":"WebSite","@id":"https:\/\/www.axiomams.eu\/lv#website","url":"https:\/\/www.axiomams.eu\/lv","name":"AXIOMA MS","description":"Terrmovizoriai ir matavimo \u012franga","publisher":{"@id":"https:\/\/www.axiomams.eu\/lv#organization"},"potentialAction":[{"@type":"SearchAction","target":{"@type":"EntryPoint","urlTemplate":"https:\/\/www.axiomams.eu\/lv?s={search_term_string}"},"query-input":{"@type":"PropertyValueSpecification","valueRequired":true,"valueName":"search_term_string"}}],"inLanguage":"lv-LV"},{"@type":"Organization","@id":"https:\/\/www.axiomams.eu\/lv#organization","name":"AXIOMA MS","url":"https:\/\/www.axiomams.eu\/lv","logo":{"@type":"ImageObject","inLanguage":"lv-LV","@id":"https:\/\/www.axiomams.eu\/lv#\/schema\/logo\/image\/","url":"https:\/\/www.axiomams.eu\/wp-content\/uploads\/2025\/06\/axioma-logo-2.png","contentUrl":"https:\/\/www.axiomams.eu\/wp-content\/uploads\/2025\/06\/axioma-logo-2.png","width":1200,"height":1200,"caption":"AXIOMA MS"},"image":{"@id":"https:\/\/www.axiomams.eu\/lv#\/schema\/logo\/image\/"},"sameAs":["https:\/\/www.facebook.com\/AxiomaMS","https:\/\/www.linkedin.com\/company\/axiomams\/"]}]}},"_links":{"self":[{"href":"https:\/\/www.axiomams.eu\/lv\/wp-json\/wp\/v2\/product\/38979","targetHints":{"allow":["GET"]}}],"collection":[{"href":"https:\/\/www.axiomams.eu\/lv\/wp-json\/wp\/v2\/product"}],"about":[{"href":"https:\/\/www.axiomams.eu\/lv\/wp-json\/wp\/v2\/types\/product"}],"replies":[{"embeddable":true,"href":"https:\/\/www.axiomams.eu\/lv\/wp-json\/wp\/v2\/comments?post=38979"}],"wp:featuredmedia":[{"embeddable":true,"href":"https:\/\/www.axiomams.eu\/lv\/wp-json\/wp\/v2\/media\/41666"}],"wp:attachment":[{"href":"https:\/\/www.axiomams.eu\/lv\/wp-json\/wp\/v2\/media?parent=38979"}],"wp:term":[{"taxonomy":"product_brand","embeddable":true,"href":"https:\/\/www.axiomams.eu\/lv\/wp-json\/wp\/v2\/product_brand?post=38979"},{"taxonomy":"product_cat","embeddable":true,"href":"https:\/\/www.axiomams.eu\/lv\/wp-json\/wp\/v2\/product_cat?post=38979"},{"taxonomy":"product_tag","embeddable":true,"href":"https:\/\/www.axiomams.eu\/lv\/wp-json\/wp\/v2\/product_tag?post=38979"}],"curies":[{"name":"wp","href":"https:\/\/api.w.org\/{rel}","templated":true}]}}