{"id":38982,"date":"2025-05-15T17:57:00","date_gmt":"2025-05-15T15:57:00","guid":{"rendered":"https:\/\/www.axiomams.eu\/produktas\/chauvin-arnoux-c-a-8333-elektroenergijas-kvalitates-analizators"},"modified":"2026-03-25T16:59:24","modified_gmt":"2026-03-25T14:59:24","slug":"chauvin-arnoux-c-a-8333-elektroenergijas-kvalitates-analizators","status":"publish","type":"product","link":"https:\/\/www.axiomams.eu\/lv\/produktas\/chauvin-arnoux-c-a-8333-elektroenergijas-kvalitates-analizators","title":{"rendered":"Chauvin Arnoux C.A 8333 elektroener\u0123ijas kvalit\u0101tes analizators"},"content":{"rendered":"<p>CHAUVIN ARNOUX C.A 8333 &#8211; m\u0113ra visus nepiecie\u0161amos sprieguma, str\u0101vas un jaudas parametrus piln\u012bgai elektroinstal\u0101cijas diagnostikai.<\/p>\n<p>Standarta komplekts: ier\u012bce, soma, USB kabelis, IP67 t\u012bkla str\u0101vas kabelis, 4 x 3 m melni ban\u0101nu vadi, 5 fiks\u0113jami krokodilu skavas, 12 kr\u0101su identifik\u0101cijas komplekts vadiem un ieej\u0101m, ekr\u0101na aizsargpl\u0113ve pret skr\u0101p\u0113jumiem (uzst\u0101d\u012bta), dro\u0161\u012bbas datu lapa, CD ar daudzvalodu lieto\u0161anas rokasgr\u0101matu un CD ar PC datu ieg\u016b\u0161anas programmat\u016bru un CD ar PC datu ieg\u016b\u0161anas programmat\u016bru (Power Analyzer Transfer).<\/p>\n<h3>Tehnisk\u0101 inform\u0101cija:<\/h3>\n<ul>\n<li><a href=\"https:\/\/axiomams.eu\/importer\/export\/attachments\/en\/ca-8331-8333-8336.pdf\" target=\"_blank\">CA 8331 8333 8336.pdf<\/a><\/li>\n<\/ul>\n","protected":false},"excerpt":{"rendered":"<p>CHAUVIN ARNOUX C.A 8333 &#8211; m\u0113ra visus nepiecie\u0161amos sprieguma, str\u0101vas un jaudas parametrus piln\u012bgai elektroinstal\u0101cijas diagnostikai. Standarta komplekts: ier\u012bce, soma, USB kabelis, IP67 t\u012bkla str\u0101vas kabelis, 4 x 3 m melni ban\u0101nu vadi, 5 fiks\u0113jami krokodilu skavas, 12 kr\u0101su identifik\u0101cijas komplekts vadiem un ieej\u0101m, ekr\u0101na aizsargpl\u0113ve pret skr\u0101p\u0113jumiem (uzst\u0101d\u012bta), dro\u0161\u012bbas datu lapa, CD ar daudzvalodu&#8230;<\/p>\n","protected":false},"featured_media":41672,"comment_status":"open","ping_status":"closed","template":"","meta":{"_acf_changed":false},"product_brand":[729],"product_cat":[17714],"product_tag":[],"class_list":{"0":"post-38982","1":"product","2":"type-product","3":"status-publish","4":"has-post-thumbnail","6":"product_brand-chauvin-arnoux","7":"product_cat-elektroenergijas-tikla-analizei-un-uzskaitei","9":"first","10":"instock","11":"taxable","12":"shipping-taxable","13":"purchasable","14":"product-type-simple"},"acf":[],"yoast_head":"<!-- This site is optimized with the Yoast SEO plugin v27.0 - https:\/\/yoast.com\/product\/yoast-seo-wordpress\/ -->\n<title>Chauvin Arnoux C.A 8333 elektroener\u0123ijas kvalit\u0101tes analizators - AXIOMA MS<\/title>\n<meta name=\"robots\" content=\"index, follow, max-snippet:-1, max-image-preview:large, max-video-preview:-1\" \/>\n<link rel=\"canonical\" href=\"https:\/\/www.axiomams.eu\/lv\/produktas\/chauvin-arnoux-c-a-8333-elektroenergijas-kvalitates-analizators\" \/>\n<meta property=\"og:locale\" content=\"lv_LV\" \/>\n<meta property=\"og:type\" content=\"article\" \/>\n<meta property=\"og:title\" content=\"Chauvin Arnoux C.A 8333 elektroener\u0123ijas kvalit\u0101tes analizators - AXIOMA MS\" \/>\n<meta property=\"og:description\" content=\"CHAUVIN ARNOUX C.A 8333 &#8211; m\u0113ra visus nepiecie\u0161amos sprieguma, str\u0101vas un jaudas parametrus piln\u012bgai elektroinstal\u0101cijas diagnostikai. Standarta komplekts: ier\u012bce, soma, USB kabelis, IP67 t\u012bkla str\u0101vas kabelis, 4 x 3 m melni ban\u0101nu vadi, 5 fiks\u0113jami krokodilu skavas, 12 kr\u0101su identifik\u0101cijas komplekts vadiem un ieej\u0101m, ekr\u0101na aizsargpl\u0113ve pret skr\u0101p\u0113jumiem (uzst\u0101d\u012bta), dro\u0161\u012bbas datu lapa, CD ar daudzvalodu...\" \/>\n<meta property=\"og:url\" content=\"https:\/\/www.axiomams.eu\/lv\/produktas\/chauvin-arnoux-c-a-8333-elektroenergijas-kvalitates-analizators\" \/>\n<meta property=\"og:site_name\" content=\"AXIOMA MS\" \/>\n<meta property=\"article:publisher\" content=\"https:\/\/www.facebook.com\/AxiomaMS\" \/>\n<meta property=\"article:modified_time\" content=\"2026-03-25T14:59:24+00:00\" \/>\n<meta property=\"og:image\" content=\"https:\/\/www.axiomams.eu\/wp-content\/uploads\/2025\/07\/651-1403.png\" \/>\n\t<meta property=\"og:image:width\" content=\"833\" \/>\n\t<meta property=\"og:image:height\" content=\"758\" \/>\n\t<meta property=\"og:image:type\" content=\"image\/png\" \/>\n<meta name=\"twitter:card\" content=\"summary_large_image\" \/>\n<meta name=\"twitter:label1\" content=\"Est. reading time\" \/>\n\t<meta name=\"twitter:data1\" content=\"1 minute\" \/>\n<script type=\"application\/ld+json\" class=\"yoast-schema-graph\">{\"@context\":\"https:\/\/schema.org\",\"@graph\":[{\"@type\":\"WebPage\",\"@id\":\"https:\/\/www.axiomams.eu\/lv\/produktas\/chauvin-arnoux-c-a-8333-elektroenergijas-kvalitates-analizators\",\"url\":\"https:\/\/www.axiomams.eu\/lv\/produktas\/chauvin-arnoux-c-a-8333-elektroenergijas-kvalitates-analizators\",\"name\":\"Chauvin Arnoux C.A 8333 elektroener\u0123ijas kvalit\u0101tes analizators - AXIOMA MS\",\"isPartOf\":{\"@id\":\"https:\/\/www.axiomams.eu\/lv#website\"},\"primaryImageOfPage\":{\"@id\":\"https:\/\/www.axiomams.eu\/lv\/produktas\/chauvin-arnoux-c-a-8333-elektroenergijas-kvalitates-analizators#primaryimage\"},\"image\":{\"@id\":\"https:\/\/www.axiomams.eu\/lv\/produktas\/chauvin-arnoux-c-a-8333-elektroenergijas-kvalitates-analizators#primaryimage\"},\"thumbnailUrl\":\"https:\/\/www.axiomams.eu\/wp-content\/uploads\/2025\/07\/651-1403.png\",\"datePublished\":\"2025-05-15T15:57:00+00:00\",\"dateModified\":\"2026-03-25T14:59:24+00:00\",\"breadcrumb\":{\"@id\":\"https:\/\/www.axiomams.eu\/lv\/produktas\/chauvin-arnoux-c-a-8333-elektroenergijas-kvalitates-analizators#breadcrumb\"},\"inLanguage\":\"lv-LV\",\"potentialAction\":[{\"@type\":\"ReadAction\",\"target\":[\"https:\/\/www.axiomams.eu\/lv\/produktas\/chauvin-arnoux-c-a-8333-elektroenergijas-kvalitates-analizators\"]}]},{\"@type\":\"ImageObject\",\"inLanguage\":\"lv-LV\",\"@id\":\"https:\/\/www.axiomams.eu\/lv\/produktas\/chauvin-arnoux-c-a-8333-elektroenergijas-kvalitates-analizators#primaryimage\",\"url\":\"https:\/\/www.axiomams.eu\/wp-content\/uploads\/2025\/07\/651-1403.png\",\"contentUrl\":\"https:\/\/www.axiomams.eu\/wp-content\/uploads\/2025\/07\/651-1403.png\",\"width\":833,\"height\":758},{\"@type\":\"BreadcrumbList\",\"@id\":\"https:\/\/www.axiomams.eu\/lv\/produktas\/chauvin-arnoux-c-a-8333-elektroenergijas-kvalitates-analizators#breadcrumb\",\"itemListElement\":[{\"@type\":\"ListItem\",\"position\":1,\"name\":\"Home\",\"item\":\"https:\/\/www.axiomams.eu\/lv\"},{\"@type\":\"ListItem\",\"position\":2,\"name\":\"Produkti\",\"item\":\"https:\/\/www.axiomams.eu\/lv\/produkti\"},{\"@type\":\"ListItem\",\"position\":3,\"name\":\"Chauvin Arnoux C.A 8333 elektroener\u0123ijas kvalit\u0101tes analizators\"}]},{\"@type\":\"WebSite\",\"@id\":\"https:\/\/www.axiomams.eu\/lv#website\",\"url\":\"https:\/\/www.axiomams.eu\/lv\",\"name\":\"AXIOMA MS\",\"description\":\"Terrmovizoriai ir matavimo \u012franga\",\"publisher\":{\"@id\":\"https:\/\/www.axiomams.eu\/lv#organization\"},\"potentialAction\":[{\"@type\":\"SearchAction\",\"target\":{\"@type\":\"EntryPoint\",\"urlTemplate\":\"https:\/\/www.axiomams.eu\/lv?s={search_term_string}\"},\"query-input\":{\"@type\":\"PropertyValueSpecification\",\"valueRequired\":true,\"valueName\":\"search_term_string\"}}],\"inLanguage\":\"lv-LV\"},{\"@type\":\"Organization\",\"@id\":\"https:\/\/www.axiomams.eu\/lv#organization\",\"name\":\"AXIOMA MS\",\"url\":\"https:\/\/www.axiomams.eu\/lv\",\"logo\":{\"@type\":\"ImageObject\",\"inLanguage\":\"lv-LV\",\"@id\":\"https:\/\/www.axiomams.eu\/lv#\/schema\/logo\/image\/\",\"url\":\"https:\/\/www.axiomams.eu\/wp-content\/uploads\/2025\/06\/axioma-logo-2.png\",\"contentUrl\":\"https:\/\/www.axiomams.eu\/wp-content\/uploads\/2025\/06\/axioma-logo-2.png\",\"width\":1200,\"height\":1200,\"caption\":\"AXIOMA MS\"},\"image\":{\"@id\":\"https:\/\/www.axiomams.eu\/lv#\/schema\/logo\/image\/\"},\"sameAs\":[\"https:\/\/www.facebook.com\/AxiomaMS\",\"https:\/\/www.linkedin.com\/company\/axiomams\/\"]}]}<\/script>\n<!-- \/ Yoast SEO plugin. -->","yoast_head_json":{"title":"Chauvin Arnoux C.A 8333 elektroener\u0123ijas kvalit\u0101tes analizators - AXIOMA MS","robots":{"index":"index","follow":"follow","max-snippet":"max-snippet:-1","max-image-preview":"max-image-preview:large","max-video-preview":"max-video-preview:-1"},"canonical":"https:\/\/www.axiomams.eu\/lv\/produktas\/chauvin-arnoux-c-a-8333-elektroenergijas-kvalitates-analizators","og_locale":"lv_LV","og_type":"article","og_title":"Chauvin Arnoux C.A 8333 elektroener\u0123ijas kvalit\u0101tes analizators - AXIOMA MS","og_description":"CHAUVIN ARNOUX C.A 8333 &#8211; m\u0113ra visus nepiecie\u0161amos sprieguma, str\u0101vas un jaudas parametrus piln\u012bgai elektroinstal\u0101cijas diagnostikai. Standarta komplekts: ier\u012bce, soma, USB kabelis, IP67 t\u012bkla str\u0101vas kabelis, 4 x 3 m melni ban\u0101nu vadi, 5 fiks\u0113jami krokodilu skavas, 12 kr\u0101su identifik\u0101cijas komplekts vadiem un ieej\u0101m, ekr\u0101na aizsargpl\u0113ve pret skr\u0101p\u0113jumiem (uzst\u0101d\u012bta), dro\u0161\u012bbas datu lapa, CD ar daudzvalodu...","og_url":"https:\/\/www.axiomams.eu\/lv\/produktas\/chauvin-arnoux-c-a-8333-elektroenergijas-kvalitates-analizators","og_site_name":"AXIOMA MS","article_publisher":"https:\/\/www.facebook.com\/AxiomaMS","article_modified_time":"2026-03-25T14:59:24+00:00","og_image":[{"width":833,"height":758,"url":"https:\/\/www.axiomams.eu\/wp-content\/uploads\/2025\/07\/651-1403.png","type":"image\/png"}],"twitter_card":"summary_large_image","twitter_misc":{"Est. reading time":"1 minute"},"schema":{"@context":"https:\/\/schema.org","@graph":[{"@type":"WebPage","@id":"https:\/\/www.axiomams.eu\/lv\/produktas\/chauvin-arnoux-c-a-8333-elektroenergijas-kvalitates-analizators","url":"https:\/\/www.axiomams.eu\/lv\/produktas\/chauvin-arnoux-c-a-8333-elektroenergijas-kvalitates-analizators","name":"Chauvin Arnoux C.A 8333 elektroener\u0123ijas kvalit\u0101tes analizators - AXIOMA MS","isPartOf":{"@id":"https:\/\/www.axiomams.eu\/lv#website"},"primaryImageOfPage":{"@id":"https:\/\/www.axiomams.eu\/lv\/produktas\/chauvin-arnoux-c-a-8333-elektroenergijas-kvalitates-analizators#primaryimage"},"image":{"@id":"https:\/\/www.axiomams.eu\/lv\/produktas\/chauvin-arnoux-c-a-8333-elektroenergijas-kvalitates-analizators#primaryimage"},"thumbnailUrl":"https:\/\/www.axiomams.eu\/wp-content\/uploads\/2025\/07\/651-1403.png","datePublished":"2025-05-15T15:57:00+00:00","dateModified":"2026-03-25T14:59:24+00:00","breadcrumb":{"@id":"https:\/\/www.axiomams.eu\/lv\/produktas\/chauvin-arnoux-c-a-8333-elektroenergijas-kvalitates-analizators#breadcrumb"},"inLanguage":"lv-LV","potentialAction":[{"@type":"ReadAction","target":["https:\/\/www.axiomams.eu\/lv\/produktas\/chauvin-arnoux-c-a-8333-elektroenergijas-kvalitates-analizators"]}]},{"@type":"ImageObject","inLanguage":"lv-LV","@id":"https:\/\/www.axiomams.eu\/lv\/produktas\/chauvin-arnoux-c-a-8333-elektroenergijas-kvalitates-analizators#primaryimage","url":"https:\/\/www.axiomams.eu\/wp-content\/uploads\/2025\/07\/651-1403.png","contentUrl":"https:\/\/www.axiomams.eu\/wp-content\/uploads\/2025\/07\/651-1403.png","width":833,"height":758},{"@type":"BreadcrumbList","@id":"https:\/\/www.axiomams.eu\/lv\/produktas\/chauvin-arnoux-c-a-8333-elektroenergijas-kvalitates-analizators#breadcrumb","itemListElement":[{"@type":"ListItem","position":1,"name":"Home","item":"https:\/\/www.axiomams.eu\/lv"},{"@type":"ListItem","position":2,"name":"Produkti","item":"https:\/\/www.axiomams.eu\/lv\/produkti"},{"@type":"ListItem","position":3,"name":"Chauvin Arnoux C.A 8333 elektroener\u0123ijas kvalit\u0101tes analizators"}]},{"@type":"WebSite","@id":"https:\/\/www.axiomams.eu\/lv#website","url":"https:\/\/www.axiomams.eu\/lv","name":"AXIOMA MS","description":"Terrmovizoriai ir matavimo \u012franga","publisher":{"@id":"https:\/\/www.axiomams.eu\/lv#organization"},"potentialAction":[{"@type":"SearchAction","target":{"@type":"EntryPoint","urlTemplate":"https:\/\/www.axiomams.eu\/lv?s={search_term_string}"},"query-input":{"@type":"PropertyValueSpecification","valueRequired":true,"valueName":"search_term_string"}}],"inLanguage":"lv-LV"},{"@type":"Organization","@id":"https:\/\/www.axiomams.eu\/lv#organization","name":"AXIOMA MS","url":"https:\/\/www.axiomams.eu\/lv","logo":{"@type":"ImageObject","inLanguage":"lv-LV","@id":"https:\/\/www.axiomams.eu\/lv#\/schema\/logo\/image\/","url":"https:\/\/www.axiomams.eu\/wp-content\/uploads\/2025\/06\/axioma-logo-2.png","contentUrl":"https:\/\/www.axiomams.eu\/wp-content\/uploads\/2025\/06\/axioma-logo-2.png","width":1200,"height":1200,"caption":"AXIOMA MS"},"image":{"@id":"https:\/\/www.axiomams.eu\/lv#\/schema\/logo\/image\/"},"sameAs":["https:\/\/www.facebook.com\/AxiomaMS","https:\/\/www.linkedin.com\/company\/axiomams\/"]}]}},"_links":{"self":[{"href":"https:\/\/www.axiomams.eu\/lv\/wp-json\/wp\/v2\/product\/38982","targetHints":{"allow":["GET"]}}],"collection":[{"href":"https:\/\/www.axiomams.eu\/lv\/wp-json\/wp\/v2\/product"}],"about":[{"href":"https:\/\/www.axiomams.eu\/lv\/wp-json\/wp\/v2\/types\/product"}],"replies":[{"embeddable":true,"href":"https:\/\/www.axiomams.eu\/lv\/wp-json\/wp\/v2\/comments?post=38982"}],"wp:featuredmedia":[{"embeddable":true,"href":"https:\/\/www.axiomams.eu\/lv\/wp-json\/wp\/v2\/media\/41672"}],"wp:attachment":[{"href":"https:\/\/www.axiomams.eu\/lv\/wp-json\/wp\/v2\/media?parent=38982"}],"wp:term":[{"taxonomy":"product_brand","embeddable":true,"href":"https:\/\/www.axiomams.eu\/lv\/wp-json\/wp\/v2\/product_brand?post=38982"},{"taxonomy":"product_cat","embeddable":true,"href":"https:\/\/www.axiomams.eu\/lv\/wp-json\/wp\/v2\/product_cat?post=38982"},{"taxonomy":"product_tag","embeddable":true,"href":"https:\/\/www.axiomams.eu\/lv\/wp-json\/wp\/v2\/product_tag?post=38982"}],"curies":[{"name":"wp","href":"https:\/\/api.w.org\/{rel}","templated":true}]}}