{"id":38986,"date":"2025-05-15T17:57:08","date_gmt":"2025-05-15T15:57:08","guid":{"rendered":"https:\/\/www.axiomams.eu\/produktas\/flir-c3-x-termokamera"},"modified":"2026-03-25T16:59:27","modified_gmt":"2026-03-25T14:59:27","slug":"flir-c3-x-termokamera","status":"publish","type":"product","link":"https:\/\/www.axiomams.eu\/lv\/produktas\/flir-c3-x-termokamera","title":{"rendered":"Flir C3-X termokamera"},"content":{"rendered":"<p>FLIR C3-X termokamera ir pieejams, profesion\u0101ls p\u0101rbaudes r\u012bks, kas paredz\u0113ts \u0113ku, iek\u0101rtu uztur\u0113\u0161anai, HVAC\/R, elektr\u012bbas remontam un citu probl\u0113mu nov\u0113r\u0161anai. FLIR C3-X ir apr\u012bkota ar termokameru, vizu\u0101l\u0101s p\u0101rbaudes kameru un LED luktur\u012bti, un t\u0101 \u013cauj viegli noteikt sl\u0113pt\u0101s probl\u0113mas. Ieb\u016bv\u0113ta FLIR Ignite\u2122 m\u0101ko\u0146savienojam\u012bba nodro\u0161ina tie\u0161u datu p\u0101rs\u016bt\u012b\u0161anu, glab\u0101\u0161anu un dubl\u0113\u0161anu, t\u0101p\u0113c att\u0113li vienm\u0113r ir pieejami vis\u0101s ier\u012bc\u0113s. Integr\u0113tais 3,5 collu sk\u0101rienekr\u0101ns ir viegli lietojams, lai j\u016bs var\u0113tu \u0101tri veikt p\u0101rbaudes, dokument\u0113t remontdarbus un dal\u012bties ar pier\u0101d\u012bjumiem ar klientiem. Ar FLIR C3-X kabat\u0101 j\u016bs jebkur\u0101 laik\u0101 var\u0113siet atrast karstus dro\u0161in\u0101t\u0101jus, gaisa nopl\u016bdes, santehnikas probl\u0113mas un daudz ko citu.<\/p>\n<h3>Tehnisk\u0101 inform\u0101cija:<\/h3>\n<ul>\n<li><a href=\"https:\/\/axiomams.eu\/importer\/export\/attachments\/en\/flir-c3-x.pdf\" target=\"_blank\">FLIR C3-X.pdf<\/a><\/li>\n<\/ul>\n","protected":false},"excerpt":{"rendered":"<p>FLIR C3-X termokamera ir pieejams, profesion\u0101ls p\u0101rbaudes r\u012bks, kas paredz\u0113ts \u0113ku, iek\u0101rtu uztur\u0113\u0161anai, HVAC\/R, elektr\u012bbas remontam un citu probl\u0113mu nov\u0113r\u0161anai. FLIR C3-X ir apr\u012bkota ar termokameru, vizu\u0101l\u0101s p\u0101rbaudes kameru un LED luktur\u012bti, un t\u0101 \u013cauj viegli noteikt sl\u0113pt\u0101s probl\u0113mas. Ieb\u016bv\u0113ta FLIR Ignite\u2122 m\u0101ko\u0146savienojam\u012bba nodro\u0161ina tie\u0161u datu p\u0101rs\u016bt\u012b\u0161anu, glab\u0101\u0161anu un dubl\u0113\u0161anu, t\u0101p\u0113c att\u0113li vienm\u0113r ir pieejami&#8230;<\/p>\n","protected":false},"featured_media":41680,"comment_status":"open","ping_status":"closed","template":"","meta":{"_acf_changed":false},"product_brand":[734],"product_cat":[17729,17737,17762],"product_tag":[],"class_list":{"0":"post-38986","1":"product","2":"type-product","3":"status-publish","4":"has-post-thumbnail","6":"product_brand-flir","7":"product_cat-energijas-un-eku-diagnostika","8":"product_cat-termografiska-attelveidosana-ekam","9":"product_cat-termografiska-attelveidosana-ir-logi-profilaktiskai-diagnostikai","11":"first","12":"instock","13":"taxable","14":"shipping-taxable","15":"purchasable","16":"product-type-simple"},"acf":[],"yoast_head":"<!-- This site is optimized with the Yoast SEO plugin v27.0 - https:\/\/yoast.com\/product\/yoast-seo-wordpress\/ -->\n<title>Flir C3-X termokamera - AXIOMA MS<\/title>\n<meta name=\"robots\" content=\"index, follow, max-snippet:-1, max-image-preview:large, max-video-preview:-1\" \/>\n<link rel=\"canonical\" href=\"https:\/\/www.axiomams.eu\/lv\/produktas\/flir-c3-x-termokamera\" \/>\n<meta property=\"og:locale\" content=\"lv_LV\" \/>\n<meta property=\"og:type\" content=\"article\" \/>\n<meta property=\"og:title\" content=\"Flir C3-X termokamera - AXIOMA MS\" \/>\n<meta property=\"og:description\" content=\"FLIR C3-X termokamera ir pieejams, profesion\u0101ls p\u0101rbaudes r\u012bks, kas paredz\u0113ts \u0113ku, iek\u0101rtu uztur\u0113\u0161anai, HVAC\/R, elektr\u012bbas remontam un citu probl\u0113mu nov\u0113r\u0161anai. FLIR C3-X ir apr\u012bkota ar termokameru, vizu\u0101l\u0101s p\u0101rbaudes kameru un LED luktur\u012bti, un t\u0101 \u013cauj viegli noteikt sl\u0113pt\u0101s probl\u0113mas. Ieb\u016bv\u0113ta FLIR Ignite\u2122 m\u0101ko\u0146savienojam\u012bba nodro\u0161ina tie\u0161u datu p\u0101rs\u016bt\u012b\u0161anu, glab\u0101\u0161anu un dubl\u0113\u0161anu, t\u0101p\u0113c att\u0113li vienm\u0113r ir pieejami...\" \/>\n<meta property=\"og:url\" content=\"https:\/\/www.axiomams.eu\/lv\/produktas\/flir-c3-x-termokamera\" \/>\n<meta property=\"og:site_name\" content=\"AXIOMA MS\" \/>\n<meta property=\"article:publisher\" content=\"https:\/\/www.facebook.com\/AxiomaMS\" \/>\n<meta property=\"article:modified_time\" content=\"2026-03-25T14:59:27+00:00\" \/>\n<meta property=\"og:image\" content=\"https:\/\/www.axiomams.eu\/wp-content\/uploads\/2025\/07\/2989-3942.jpg\" \/>\n\t<meta property=\"og:image:width\" content=\"1004\" \/>\n\t<meta property=\"og:image:height\" content=\"819\" \/>\n\t<meta property=\"og:image:type\" content=\"image\/jpeg\" \/>\n<meta name=\"twitter:card\" content=\"summary_large_image\" \/>\n<meta name=\"twitter:label1\" content=\"Est. reading time\" \/>\n\t<meta name=\"twitter:data1\" content=\"1 minute\" \/>\n<script type=\"application\/ld+json\" class=\"yoast-schema-graph\">{\"@context\":\"https:\/\/schema.org\",\"@graph\":[{\"@type\":\"WebPage\",\"@id\":\"https:\/\/www.axiomams.eu\/lv\/produktas\/flir-c3-x-termokamera\",\"url\":\"https:\/\/www.axiomams.eu\/lv\/produktas\/flir-c3-x-termokamera\",\"name\":\"Flir C3-X termokamera - AXIOMA MS\",\"isPartOf\":{\"@id\":\"https:\/\/www.axiomams.eu\/lv#website\"},\"primaryImageOfPage\":{\"@id\":\"https:\/\/www.axiomams.eu\/lv\/produktas\/flir-c3-x-termokamera#primaryimage\"},\"image\":{\"@id\":\"https:\/\/www.axiomams.eu\/lv\/produktas\/flir-c3-x-termokamera#primaryimage\"},\"thumbnailUrl\":\"https:\/\/www.axiomams.eu\/wp-content\/uploads\/2025\/07\/2989-3942.jpg\",\"datePublished\":\"2025-05-15T15:57:08+00:00\",\"dateModified\":\"2026-03-25T14:59:27+00:00\",\"breadcrumb\":{\"@id\":\"https:\/\/www.axiomams.eu\/lv\/produktas\/flir-c3-x-termokamera#breadcrumb\"},\"inLanguage\":\"lv-LV\",\"potentialAction\":[{\"@type\":\"ReadAction\",\"target\":[\"https:\/\/www.axiomams.eu\/lv\/produktas\/flir-c3-x-termokamera\"]}]},{\"@type\":\"ImageObject\",\"inLanguage\":\"lv-LV\",\"@id\":\"https:\/\/www.axiomams.eu\/lv\/produktas\/flir-c3-x-termokamera#primaryimage\",\"url\":\"https:\/\/www.axiomams.eu\/wp-content\/uploads\/2025\/07\/2989-3942.jpg\",\"contentUrl\":\"https:\/\/www.axiomams.eu\/wp-content\/uploads\/2025\/07\/2989-3942.jpg\",\"width\":1004,\"height\":819},{\"@type\":\"BreadcrumbList\",\"@id\":\"https:\/\/www.axiomams.eu\/lv\/produktas\/flir-c3-x-termokamera#breadcrumb\",\"itemListElement\":[{\"@type\":\"ListItem\",\"position\":1,\"name\":\"Home\",\"item\":\"https:\/\/www.axiomams.eu\/lv\"},{\"@type\":\"ListItem\",\"position\":2,\"name\":\"Produkti\",\"item\":\"https:\/\/www.axiomams.eu\/lv\/produkti\"},{\"@type\":\"ListItem\",\"position\":3,\"name\":\"Flir C3-X termokamera\"}]},{\"@type\":\"WebSite\",\"@id\":\"https:\/\/www.axiomams.eu\/lv#website\",\"url\":\"https:\/\/www.axiomams.eu\/lv\",\"name\":\"AXIOMA MS\",\"description\":\"Terrmovizoriai ir matavimo \u012franga\",\"publisher\":{\"@id\":\"https:\/\/www.axiomams.eu\/lv#organization\"},\"potentialAction\":[{\"@type\":\"SearchAction\",\"target\":{\"@type\":\"EntryPoint\",\"urlTemplate\":\"https:\/\/www.axiomams.eu\/lv?s={search_term_string}\"},\"query-input\":{\"@type\":\"PropertyValueSpecification\",\"valueRequired\":true,\"valueName\":\"search_term_string\"}}],\"inLanguage\":\"lv-LV\"},{\"@type\":\"Organization\",\"@id\":\"https:\/\/www.axiomams.eu\/lv#organization\",\"name\":\"AXIOMA MS\",\"url\":\"https:\/\/www.axiomams.eu\/lv\",\"logo\":{\"@type\":\"ImageObject\",\"inLanguage\":\"lv-LV\",\"@id\":\"https:\/\/www.axiomams.eu\/lv#\/schema\/logo\/image\/\",\"url\":\"https:\/\/www.axiomams.eu\/wp-content\/uploads\/2025\/06\/axioma-logo-2.png\",\"contentUrl\":\"https:\/\/www.axiomams.eu\/wp-content\/uploads\/2025\/06\/axioma-logo-2.png\",\"width\":1200,\"height\":1200,\"caption\":\"AXIOMA MS\"},\"image\":{\"@id\":\"https:\/\/www.axiomams.eu\/lv#\/schema\/logo\/image\/\"},\"sameAs\":[\"https:\/\/www.facebook.com\/AxiomaMS\",\"https:\/\/www.linkedin.com\/company\/axiomams\/\"]}]}<\/script>\n<!-- \/ Yoast SEO plugin. -->","yoast_head_json":{"title":"Flir C3-X termokamera - AXIOMA MS","robots":{"index":"index","follow":"follow","max-snippet":"max-snippet:-1","max-image-preview":"max-image-preview:large","max-video-preview":"max-video-preview:-1"},"canonical":"https:\/\/www.axiomams.eu\/lv\/produktas\/flir-c3-x-termokamera","og_locale":"lv_LV","og_type":"article","og_title":"Flir C3-X termokamera - AXIOMA MS","og_description":"FLIR C3-X termokamera ir pieejams, profesion\u0101ls p\u0101rbaudes r\u012bks, kas paredz\u0113ts \u0113ku, iek\u0101rtu uztur\u0113\u0161anai, HVAC\/R, elektr\u012bbas remontam un citu probl\u0113mu nov\u0113r\u0161anai. FLIR C3-X ir apr\u012bkota ar termokameru, vizu\u0101l\u0101s p\u0101rbaudes kameru un LED luktur\u012bti, un t\u0101 \u013cauj viegli noteikt sl\u0113pt\u0101s probl\u0113mas. Ieb\u016bv\u0113ta FLIR Ignite\u2122 m\u0101ko\u0146savienojam\u012bba nodro\u0161ina tie\u0161u datu p\u0101rs\u016bt\u012b\u0161anu, glab\u0101\u0161anu un dubl\u0113\u0161anu, t\u0101p\u0113c att\u0113li vienm\u0113r ir pieejami...","og_url":"https:\/\/www.axiomams.eu\/lv\/produktas\/flir-c3-x-termokamera","og_site_name":"AXIOMA MS","article_publisher":"https:\/\/www.facebook.com\/AxiomaMS","article_modified_time":"2026-03-25T14:59:27+00:00","og_image":[{"width":1004,"height":819,"url":"https:\/\/www.axiomams.eu\/wp-content\/uploads\/2025\/07\/2989-3942.jpg","type":"image\/jpeg"}],"twitter_card":"summary_large_image","twitter_misc":{"Est. reading time":"1 minute"},"schema":{"@context":"https:\/\/schema.org","@graph":[{"@type":"WebPage","@id":"https:\/\/www.axiomams.eu\/lv\/produktas\/flir-c3-x-termokamera","url":"https:\/\/www.axiomams.eu\/lv\/produktas\/flir-c3-x-termokamera","name":"Flir C3-X termokamera - AXIOMA MS","isPartOf":{"@id":"https:\/\/www.axiomams.eu\/lv#website"},"primaryImageOfPage":{"@id":"https:\/\/www.axiomams.eu\/lv\/produktas\/flir-c3-x-termokamera#primaryimage"},"image":{"@id":"https:\/\/www.axiomams.eu\/lv\/produktas\/flir-c3-x-termokamera#primaryimage"},"thumbnailUrl":"https:\/\/www.axiomams.eu\/wp-content\/uploads\/2025\/07\/2989-3942.jpg","datePublished":"2025-05-15T15:57:08+00:00","dateModified":"2026-03-25T14:59:27+00:00","breadcrumb":{"@id":"https:\/\/www.axiomams.eu\/lv\/produktas\/flir-c3-x-termokamera#breadcrumb"},"inLanguage":"lv-LV","potentialAction":[{"@type":"ReadAction","target":["https:\/\/www.axiomams.eu\/lv\/produktas\/flir-c3-x-termokamera"]}]},{"@type":"ImageObject","inLanguage":"lv-LV","@id":"https:\/\/www.axiomams.eu\/lv\/produktas\/flir-c3-x-termokamera#primaryimage","url":"https:\/\/www.axiomams.eu\/wp-content\/uploads\/2025\/07\/2989-3942.jpg","contentUrl":"https:\/\/www.axiomams.eu\/wp-content\/uploads\/2025\/07\/2989-3942.jpg","width":1004,"height":819},{"@type":"BreadcrumbList","@id":"https:\/\/www.axiomams.eu\/lv\/produktas\/flir-c3-x-termokamera#breadcrumb","itemListElement":[{"@type":"ListItem","position":1,"name":"Home","item":"https:\/\/www.axiomams.eu\/lv"},{"@type":"ListItem","position":2,"name":"Produkti","item":"https:\/\/www.axiomams.eu\/lv\/produkti"},{"@type":"ListItem","position":3,"name":"Flir C3-X termokamera"}]},{"@type":"WebSite","@id":"https:\/\/www.axiomams.eu\/lv#website","url":"https:\/\/www.axiomams.eu\/lv","name":"AXIOMA MS","description":"Terrmovizoriai ir matavimo \u012franga","publisher":{"@id":"https:\/\/www.axiomams.eu\/lv#organization"},"potentialAction":[{"@type":"SearchAction","target":{"@type":"EntryPoint","urlTemplate":"https:\/\/www.axiomams.eu\/lv?s={search_term_string}"},"query-input":{"@type":"PropertyValueSpecification","valueRequired":true,"valueName":"search_term_string"}}],"inLanguage":"lv-LV"},{"@type":"Organization","@id":"https:\/\/www.axiomams.eu\/lv#organization","name":"AXIOMA MS","url":"https:\/\/www.axiomams.eu\/lv","logo":{"@type":"ImageObject","inLanguage":"lv-LV","@id":"https:\/\/www.axiomams.eu\/lv#\/schema\/logo\/image\/","url":"https:\/\/www.axiomams.eu\/wp-content\/uploads\/2025\/06\/axioma-logo-2.png","contentUrl":"https:\/\/www.axiomams.eu\/wp-content\/uploads\/2025\/06\/axioma-logo-2.png","width":1200,"height":1200,"caption":"AXIOMA MS"},"image":{"@id":"https:\/\/www.axiomams.eu\/lv#\/schema\/logo\/image\/"},"sameAs":["https:\/\/www.facebook.com\/AxiomaMS","https:\/\/www.linkedin.com\/company\/axiomams\/"]}]}},"_links":{"self":[{"href":"https:\/\/www.axiomams.eu\/lv\/wp-json\/wp\/v2\/product\/38986","targetHints":{"allow":["GET"]}}],"collection":[{"href":"https:\/\/www.axiomams.eu\/lv\/wp-json\/wp\/v2\/product"}],"about":[{"href":"https:\/\/www.axiomams.eu\/lv\/wp-json\/wp\/v2\/types\/product"}],"replies":[{"embeddable":true,"href":"https:\/\/www.axiomams.eu\/lv\/wp-json\/wp\/v2\/comments?post=38986"}],"wp:featuredmedia":[{"embeddable":true,"href":"https:\/\/www.axiomams.eu\/lv\/wp-json\/wp\/v2\/media\/41680"}],"wp:attachment":[{"href":"https:\/\/www.axiomams.eu\/lv\/wp-json\/wp\/v2\/media?parent=38986"}],"wp:term":[{"taxonomy":"product_brand","embeddable":true,"href":"https:\/\/www.axiomams.eu\/lv\/wp-json\/wp\/v2\/product_brand?post=38986"},{"taxonomy":"product_cat","embeddable":true,"href":"https:\/\/www.axiomams.eu\/lv\/wp-json\/wp\/v2\/product_cat?post=38986"},{"taxonomy":"product_tag","embeddable":true,"href":"https:\/\/www.axiomams.eu\/lv\/wp-json\/wp\/v2\/product_tag?post=38986"}],"curies":[{"name":"wp","href":"https:\/\/api.w.org\/{rel}","templated":true}]}}