{"id":38987,"date":"2025-05-15T17:57:09","date_gmt":"2025-05-15T15:57:09","guid":{"rendered":"https:\/\/www.axiomams.eu\/produktas\/chauvin-arnoux-ca-10101-parnesajamais-ph-metrs"},"modified":"2026-03-25T16:59:27","modified_gmt":"2026-03-25T14:59:27","slug":"chauvin-arnoux-ca-10101-parnesajamais-ph-metrs","status":"publish","type":"product","link":"https:\/\/www.axiomams.eu\/lv\/produktas\/chauvin-arnoux-ca-10101-parnesajamais-ph-metrs","title":{"rendered":"Chauvin Arnoux CA 10101 P\u0101rn\u0113s\u0101jamais pH-metrs"},"content":{"rendered":"<p>CHAUVIN ARNOUX CA 10101 portat\u012bvais pH-metrs ir ide\u0101li piem\u0113rots mobilaj\u0101m vajadz\u012bb\u0101m: uz lauka, laboratorij\u0101 vai ra\u017eo\u0161an\u0101. To var izmantot \u0101triem, prec\u012bziem, profesion\u0101liem pH, redoks potenci\u0101la un temperat\u016bras m\u0113r\u012bjumiem.<\/p>\n<p>\u0160im pH-metram ir iztur\u012bgs un piln\u012bb\u0101 \u016bdensnecaurlaid\u012bgs korpuss, kas atbilst IP67 standartam, un tas ir konstru\u0113ts t\u0101, lai iztur\u0113tu sare\u017e\u0123\u012btus apst\u0101k\u013cus \u0101r\u0101 vai laboratorij\u0101. Turkl\u0101t savienot\u0101js ir \u016bdensnecaurlaid\u012bgs ar\u012b tad, ja pH vai redoks sensors nav pievienots. Pateicoties ergonomiskajam dizainam un triecieniztur\u012bgajam aizsargapvalkam, instruments ir ide\u0101li piem\u0113rots mobilai lieto\u0161anai.<\/p>\n<p>pH-metrs CA 10101 ir apr\u012bkots ar pla\u0161u daudzpus\u012bgu displeju, kas ir \u012bpa\u0161i viegli salas\u0101ms. Apgaismojums nodro\u0161ina, ka tas ir labi redzams pat tum\u0161\u0101 vid\u0113.<\/p>\n<p>CA 10101 pH-metrs var re\u0123istr\u0113t 100 000 v\u0113rt\u012bbu p\u0113c piepras\u012bjuma vai autom\u0101tiski. To var piesl\u0113gt datoram, izmantojot USB.<\/p>\n<p>Standarta komplekts: Chauvin Arnoux C.A 10101 pH-metrs, vietai dro\u0161s futr\u0101lis, pH elektrods, 4 x AA vai LR6 s\u0101rma baterijas, aizsargapvalks, pH 4,01 un pH 7,00 bufer\u0161\u0137\u012bdumi, 2 plastmasas spain\u012b\u0161i, USB &#8211; mikro USB kabelis, rokas siksna, \u0101tras lieto\u0161anas rokasgr\u0101mata.<\/p>\n<h3>Tehnisk\u0101 inform\u0101cija:<\/h3>\n<ul>\n<li><a href=\"https:\/\/axiomams.eu\/importer\/export\/attachments\/en\/chauvin-arnoux-ca-10101.pdf\" target=\"_blank\">Chauvin Arnoux CA 10101.PDF<\/a><\/li>\n<\/ul>\n","protected":false},"excerpt":{"rendered":"<p>CHAUVIN ARNOUX CA 10101 portat\u012bvais pH-metrs ir ide\u0101li piem\u0113rots mobilaj\u0101m vajadz\u012bb\u0101m: uz lauka, laboratorij\u0101 vai ra\u017eo\u0161an\u0101. To var izmantot \u0101triem, prec\u012bziem, profesion\u0101liem pH, redoks potenci\u0101la un temperat\u016bras m\u0113r\u012bjumiem. \u0160im pH-metram ir iztur\u012bgs un piln\u012bb\u0101 \u016bdensnecaurlaid\u012bgs korpuss, kas atbilst IP67 standartam, un tas ir konstru\u0113ts t\u0101, lai iztur\u0113tu sare\u017e\u0123\u012btus apst\u0101k\u013cus \u0101r\u0101 vai laboratorij\u0101. Turkl\u0101t savienot\u0101js ir&#8230;<\/p>\n","protected":false},"featured_media":41682,"comment_status":"open","ping_status":"closed","template":"","meta":{"_acf_changed":false},"product_brand":[729],"product_cat":[17759],"product_tag":[],"class_list":{"0":"post-38987","1":"product","2":"type-product","3":"status-publish","4":"has-post-thumbnail","6":"product_brand-chauvin-arnoux","7":"product_cat-materiali-analizei","9":"first","10":"instock","11":"taxable","12":"shipping-taxable","13":"purchasable","14":"product-type-simple"},"acf":[],"yoast_head":"<!-- This site is optimized with the Yoast SEO plugin v27.0 - https:\/\/yoast.com\/product\/yoast-seo-wordpress\/ -->\n<title>Chauvin Arnoux CA 10101 P\u0101rn\u0113s\u0101jamais pH-metrs - AXIOMA MS<\/title>\n<meta name=\"robots\" content=\"index, follow, max-snippet:-1, max-image-preview:large, max-video-preview:-1\" \/>\n<link rel=\"canonical\" href=\"https:\/\/www.axiomams.eu\/lv\/produktas\/chauvin-arnoux-ca-10101-parnesajamais-ph-metrs\" \/>\n<meta property=\"og:locale\" content=\"lv_LV\" \/>\n<meta property=\"og:type\" content=\"article\" \/>\n<meta property=\"og:title\" content=\"Chauvin Arnoux CA 10101 P\u0101rn\u0113s\u0101jamais pH-metrs - AXIOMA MS\" \/>\n<meta property=\"og:description\" content=\"CHAUVIN ARNOUX CA 10101 portat\u012bvais pH-metrs ir ide\u0101li piem\u0113rots mobilaj\u0101m vajadz\u012bb\u0101m: uz lauka, laboratorij\u0101 vai ra\u017eo\u0161an\u0101. To var izmantot \u0101triem, prec\u012bziem, profesion\u0101liem pH, redoks potenci\u0101la un temperat\u016bras m\u0113r\u012bjumiem. \u0160im pH-metram ir iztur\u012bgs un piln\u012bb\u0101 \u016bdensnecaurlaid\u012bgs korpuss, kas atbilst IP67 standartam, un tas ir konstru\u0113ts t\u0101, lai iztur\u0113tu sare\u017e\u0123\u012btus apst\u0101k\u013cus \u0101r\u0101 vai laboratorij\u0101. Turkl\u0101t savienot\u0101js ir...\" \/>\n<meta property=\"og:url\" content=\"https:\/\/www.axiomams.eu\/lv\/produktas\/chauvin-arnoux-ca-10101-parnesajamais-ph-metrs\" \/>\n<meta property=\"og:site_name\" content=\"AXIOMA MS\" \/>\n<meta property=\"article:publisher\" content=\"https:\/\/www.facebook.com\/AxiomaMS\" \/>\n<meta property=\"article:modified_time\" content=\"2026-03-25T14:59:27+00:00\" \/>\n<meta property=\"og:image\" content=\"https:\/\/www.axiomams.eu\/wp-content\/uploads\/2025\/07\/3018-3998.jpg\" \/>\n\t<meta property=\"og:image:width\" content=\"700\" \/>\n\t<meta property=\"og:image:height\" content=\"1020\" \/>\n\t<meta property=\"og:image:type\" content=\"image\/jpeg\" \/>\n<meta name=\"twitter:card\" content=\"summary_large_image\" \/>\n<meta name=\"twitter:label1\" content=\"Est. reading time\" \/>\n\t<meta name=\"twitter:data1\" content=\"1 minute\" \/>\n<script type=\"application\/ld+json\" class=\"yoast-schema-graph\">{\"@context\":\"https:\/\/schema.org\",\"@graph\":[{\"@type\":\"WebPage\",\"@id\":\"https:\/\/www.axiomams.eu\/lv\/produktas\/chauvin-arnoux-ca-10101-parnesajamais-ph-metrs\",\"url\":\"https:\/\/www.axiomams.eu\/lv\/produktas\/chauvin-arnoux-ca-10101-parnesajamais-ph-metrs\",\"name\":\"Chauvin Arnoux CA 10101 P\u0101rn\u0113s\u0101jamais pH-metrs - AXIOMA MS\",\"isPartOf\":{\"@id\":\"https:\/\/www.axiomams.eu\/lv#website\"},\"primaryImageOfPage\":{\"@id\":\"https:\/\/www.axiomams.eu\/lv\/produktas\/chauvin-arnoux-ca-10101-parnesajamais-ph-metrs#primaryimage\"},\"image\":{\"@id\":\"https:\/\/www.axiomams.eu\/lv\/produktas\/chauvin-arnoux-ca-10101-parnesajamais-ph-metrs#primaryimage\"},\"thumbnailUrl\":\"https:\/\/www.axiomams.eu\/wp-content\/uploads\/2025\/07\/3018-3998.jpg\",\"datePublished\":\"2025-05-15T15:57:09+00:00\",\"dateModified\":\"2026-03-25T14:59:27+00:00\",\"breadcrumb\":{\"@id\":\"https:\/\/www.axiomams.eu\/lv\/produktas\/chauvin-arnoux-ca-10101-parnesajamais-ph-metrs#breadcrumb\"},\"inLanguage\":\"lv-LV\",\"potentialAction\":[{\"@type\":\"ReadAction\",\"target\":[\"https:\/\/www.axiomams.eu\/lv\/produktas\/chauvin-arnoux-ca-10101-parnesajamais-ph-metrs\"]}]},{\"@type\":\"ImageObject\",\"inLanguage\":\"lv-LV\",\"@id\":\"https:\/\/www.axiomams.eu\/lv\/produktas\/chauvin-arnoux-ca-10101-parnesajamais-ph-metrs#primaryimage\",\"url\":\"https:\/\/www.axiomams.eu\/wp-content\/uploads\/2025\/07\/3018-3998.jpg\",\"contentUrl\":\"https:\/\/www.axiomams.eu\/wp-content\/uploads\/2025\/07\/3018-3998.jpg\",\"width\":700,\"height\":1020},{\"@type\":\"BreadcrumbList\",\"@id\":\"https:\/\/www.axiomams.eu\/lv\/produktas\/chauvin-arnoux-ca-10101-parnesajamais-ph-metrs#breadcrumb\",\"itemListElement\":[{\"@type\":\"ListItem\",\"position\":1,\"name\":\"Home\",\"item\":\"https:\/\/www.axiomams.eu\/lv\"},{\"@type\":\"ListItem\",\"position\":2,\"name\":\"Produkti\",\"item\":\"https:\/\/www.axiomams.eu\/lv\/produkti\"},{\"@type\":\"ListItem\",\"position\":3,\"name\":\"Chauvin Arnoux CA 10101 P\u0101rn\u0113s\u0101jamais pH-metrs\"}]},{\"@type\":\"WebSite\",\"@id\":\"https:\/\/www.axiomams.eu\/lv#website\",\"url\":\"https:\/\/www.axiomams.eu\/lv\",\"name\":\"AXIOMA MS\",\"description\":\"Terrmovizoriai ir matavimo \u012franga\",\"publisher\":{\"@id\":\"https:\/\/www.axiomams.eu\/lv#organization\"},\"potentialAction\":[{\"@type\":\"SearchAction\",\"target\":{\"@type\":\"EntryPoint\",\"urlTemplate\":\"https:\/\/www.axiomams.eu\/lv?s={search_term_string}\"},\"query-input\":{\"@type\":\"PropertyValueSpecification\",\"valueRequired\":true,\"valueName\":\"search_term_string\"}}],\"inLanguage\":\"lv-LV\"},{\"@type\":\"Organization\",\"@id\":\"https:\/\/www.axiomams.eu\/lv#organization\",\"name\":\"AXIOMA MS\",\"url\":\"https:\/\/www.axiomams.eu\/lv\",\"logo\":{\"@type\":\"ImageObject\",\"inLanguage\":\"lv-LV\",\"@id\":\"https:\/\/www.axiomams.eu\/lv#\/schema\/logo\/image\/\",\"url\":\"https:\/\/www.axiomams.eu\/wp-content\/uploads\/2025\/06\/axioma-logo-2.png\",\"contentUrl\":\"https:\/\/www.axiomams.eu\/wp-content\/uploads\/2025\/06\/axioma-logo-2.png\",\"width\":1200,\"height\":1200,\"caption\":\"AXIOMA MS\"},\"image\":{\"@id\":\"https:\/\/www.axiomams.eu\/lv#\/schema\/logo\/image\/\"},\"sameAs\":[\"https:\/\/www.facebook.com\/AxiomaMS\",\"https:\/\/www.linkedin.com\/company\/axiomams\/\"]}]}<\/script>\n<!-- \/ Yoast SEO plugin. -->","yoast_head_json":{"title":"Chauvin Arnoux CA 10101 P\u0101rn\u0113s\u0101jamais pH-metrs - AXIOMA MS","robots":{"index":"index","follow":"follow","max-snippet":"max-snippet:-1","max-image-preview":"max-image-preview:large","max-video-preview":"max-video-preview:-1"},"canonical":"https:\/\/www.axiomams.eu\/lv\/produktas\/chauvin-arnoux-ca-10101-parnesajamais-ph-metrs","og_locale":"lv_LV","og_type":"article","og_title":"Chauvin Arnoux CA 10101 P\u0101rn\u0113s\u0101jamais pH-metrs - AXIOMA MS","og_description":"CHAUVIN ARNOUX CA 10101 portat\u012bvais pH-metrs ir ide\u0101li piem\u0113rots mobilaj\u0101m vajadz\u012bb\u0101m: uz lauka, laboratorij\u0101 vai ra\u017eo\u0161an\u0101. To var izmantot \u0101triem, prec\u012bziem, profesion\u0101liem pH, redoks potenci\u0101la un temperat\u016bras m\u0113r\u012bjumiem. \u0160im pH-metram ir iztur\u012bgs un piln\u012bb\u0101 \u016bdensnecaurlaid\u012bgs korpuss, kas atbilst IP67 standartam, un tas ir konstru\u0113ts t\u0101, lai iztur\u0113tu sare\u017e\u0123\u012btus apst\u0101k\u013cus \u0101r\u0101 vai laboratorij\u0101. Turkl\u0101t savienot\u0101js ir...","og_url":"https:\/\/www.axiomams.eu\/lv\/produktas\/chauvin-arnoux-ca-10101-parnesajamais-ph-metrs","og_site_name":"AXIOMA MS","article_publisher":"https:\/\/www.facebook.com\/AxiomaMS","article_modified_time":"2026-03-25T14:59:27+00:00","og_image":[{"width":700,"height":1020,"url":"https:\/\/www.axiomams.eu\/wp-content\/uploads\/2025\/07\/3018-3998.jpg","type":"image\/jpeg"}],"twitter_card":"summary_large_image","twitter_misc":{"Est. reading time":"1 minute"},"schema":{"@context":"https:\/\/schema.org","@graph":[{"@type":"WebPage","@id":"https:\/\/www.axiomams.eu\/lv\/produktas\/chauvin-arnoux-ca-10101-parnesajamais-ph-metrs","url":"https:\/\/www.axiomams.eu\/lv\/produktas\/chauvin-arnoux-ca-10101-parnesajamais-ph-metrs","name":"Chauvin Arnoux CA 10101 P\u0101rn\u0113s\u0101jamais pH-metrs - AXIOMA MS","isPartOf":{"@id":"https:\/\/www.axiomams.eu\/lv#website"},"primaryImageOfPage":{"@id":"https:\/\/www.axiomams.eu\/lv\/produktas\/chauvin-arnoux-ca-10101-parnesajamais-ph-metrs#primaryimage"},"image":{"@id":"https:\/\/www.axiomams.eu\/lv\/produktas\/chauvin-arnoux-ca-10101-parnesajamais-ph-metrs#primaryimage"},"thumbnailUrl":"https:\/\/www.axiomams.eu\/wp-content\/uploads\/2025\/07\/3018-3998.jpg","datePublished":"2025-05-15T15:57:09+00:00","dateModified":"2026-03-25T14:59:27+00:00","breadcrumb":{"@id":"https:\/\/www.axiomams.eu\/lv\/produktas\/chauvin-arnoux-ca-10101-parnesajamais-ph-metrs#breadcrumb"},"inLanguage":"lv-LV","potentialAction":[{"@type":"ReadAction","target":["https:\/\/www.axiomams.eu\/lv\/produktas\/chauvin-arnoux-ca-10101-parnesajamais-ph-metrs"]}]},{"@type":"ImageObject","inLanguage":"lv-LV","@id":"https:\/\/www.axiomams.eu\/lv\/produktas\/chauvin-arnoux-ca-10101-parnesajamais-ph-metrs#primaryimage","url":"https:\/\/www.axiomams.eu\/wp-content\/uploads\/2025\/07\/3018-3998.jpg","contentUrl":"https:\/\/www.axiomams.eu\/wp-content\/uploads\/2025\/07\/3018-3998.jpg","width":700,"height":1020},{"@type":"BreadcrumbList","@id":"https:\/\/www.axiomams.eu\/lv\/produktas\/chauvin-arnoux-ca-10101-parnesajamais-ph-metrs#breadcrumb","itemListElement":[{"@type":"ListItem","position":1,"name":"Home","item":"https:\/\/www.axiomams.eu\/lv"},{"@type":"ListItem","position":2,"name":"Produkti","item":"https:\/\/www.axiomams.eu\/lv\/produkti"},{"@type":"ListItem","position":3,"name":"Chauvin Arnoux CA 10101 P\u0101rn\u0113s\u0101jamais pH-metrs"}]},{"@type":"WebSite","@id":"https:\/\/www.axiomams.eu\/lv#website","url":"https:\/\/www.axiomams.eu\/lv","name":"AXIOMA MS","description":"Terrmovizoriai ir matavimo \u012franga","publisher":{"@id":"https:\/\/www.axiomams.eu\/lv#organization"},"potentialAction":[{"@type":"SearchAction","target":{"@type":"EntryPoint","urlTemplate":"https:\/\/www.axiomams.eu\/lv?s={search_term_string}"},"query-input":{"@type":"PropertyValueSpecification","valueRequired":true,"valueName":"search_term_string"}}],"inLanguage":"lv-LV"},{"@type":"Organization","@id":"https:\/\/www.axiomams.eu\/lv#organization","name":"AXIOMA MS","url":"https:\/\/www.axiomams.eu\/lv","logo":{"@type":"ImageObject","inLanguage":"lv-LV","@id":"https:\/\/www.axiomams.eu\/lv#\/schema\/logo\/image\/","url":"https:\/\/www.axiomams.eu\/wp-content\/uploads\/2025\/06\/axioma-logo-2.png","contentUrl":"https:\/\/www.axiomams.eu\/wp-content\/uploads\/2025\/06\/axioma-logo-2.png","width":1200,"height":1200,"caption":"AXIOMA MS"},"image":{"@id":"https:\/\/www.axiomams.eu\/lv#\/schema\/logo\/image\/"},"sameAs":["https:\/\/www.facebook.com\/AxiomaMS","https:\/\/www.linkedin.com\/company\/axiomams\/"]}]}},"_links":{"self":[{"href":"https:\/\/www.axiomams.eu\/lv\/wp-json\/wp\/v2\/product\/38987","targetHints":{"allow":["GET"]}}],"collection":[{"href":"https:\/\/www.axiomams.eu\/lv\/wp-json\/wp\/v2\/product"}],"about":[{"href":"https:\/\/www.axiomams.eu\/lv\/wp-json\/wp\/v2\/types\/product"}],"replies":[{"embeddable":true,"href":"https:\/\/www.axiomams.eu\/lv\/wp-json\/wp\/v2\/comments?post=38987"}],"wp:featuredmedia":[{"embeddable":true,"href":"https:\/\/www.axiomams.eu\/lv\/wp-json\/wp\/v2\/media\/41682"}],"wp:attachment":[{"href":"https:\/\/www.axiomams.eu\/lv\/wp-json\/wp\/v2\/media?parent=38987"}],"wp:term":[{"taxonomy":"product_brand","embeddable":true,"href":"https:\/\/www.axiomams.eu\/lv\/wp-json\/wp\/v2\/product_brand?post=38987"},{"taxonomy":"product_cat","embeddable":true,"href":"https:\/\/www.axiomams.eu\/lv\/wp-json\/wp\/v2\/product_cat?post=38987"},{"taxonomy":"product_tag","embeddable":true,"href":"https:\/\/www.axiomams.eu\/lv\/wp-json\/wp\/v2\/product_tag?post=38987"}],"curies":[{"name":"wp","href":"https:\/\/api.w.org\/{rel}","templated":true}]}}