{"id":38988,"date":"2025-05-15T17:57:09","date_gmt":"2025-05-15T15:57:09","guid":{"rendered":"https:\/\/www.axiomams.eu\/produktas\/chauvin-arnoux-ca-10141-vaditspejas-meritajs"},"modified":"2026-03-25T16:59:27","modified_gmt":"2026-03-25T14:59:27","slug":"chauvin-arnoux-ca-10141-vaditspejas-meritajs","status":"publish","type":"product","link":"https:\/\/www.axiomams.eu\/lv\/produktas\/chauvin-arnoux-ca-10141-vaditspejas-meritajs","title":{"rendered":"Chauvin Arnoux CA 10141 Vad\u012btsp\u0113jas m\u0113r\u012bt\u0101js"},"content":{"rendered":"<p>Chauvin Arnoux CA 10141 ir ide\u0101li piem\u0113rots vad\u012btsp\u0113jas, TDS (kop\u0113jo iz\u0161\u0137\u012bdu\u0161o cieto vielu), s\u0101\u013cuma, pretest\u012bbas un temperat\u016bras m\u0113r\u012bjumiem. T\u0101 daudzveid\u012bgais pielietojums ir no dzeram\u0101 \u016bdens robe\u017ev\u0113rt\u012bbu p\u0101rbaudes l\u012bdz notek\u016bde\u0146u att\u012br\u012b\u0161anai &#8211; gan uz lauka, gan laboratorij\u0101, gan ra\u017eo\u0161anas proces\u0101. CA 10141 var izmantot ar\u012b dabisko \u016bde\u0146u m\u0113r\u012bjumiem, pateicoties iepriek\u0161 iestat\u012btajai neline\u0101r\u0101s temperat\u016bras kompens\u0101cijas funkcijai, kas atbilst ISO\/DIN 7888 standartam. M\u0113r\u012bjumiem ar temperat\u016bras kompens\u0101ciju var izmantot kop\u0101 ar instrumentu pieg\u0101d\u0101to vad\u012btsp\u0113jas elementu XCP4ST1.<\/p>\n<p>\u0160im pH-metram ir iztur\u012bgs un piln\u012bb\u0101 \u016bdensnecaurlaid\u012bgs korpuss, kas atbilst IP67 standartam, un tas ir konstru\u0113ts t\u0101, lai iztur\u0113tu sare\u017e\u0123\u012btus apst\u0101k\u013cus \u0101r\u0101 vai laboratorij\u0101. Turkl\u0101t savienot\u0101js ir \u016bdensnecaurlaid\u012bgs ar\u012b tad, ja pH vai redoks sensors nav pievienots. Pateicoties ergonomiskajam dizainam un triecieniztur\u012bgajam aizsargapvalkam, instruments ir ide\u0101li piem\u0113rots mobilai lieto\u0161anai.<\/p>\n<p>CA 10141 ir apr\u012bkots ar platu vair\u0101ku ekr\u0101nu, kas ir \u012bpa\u0161i viegli salas\u0101ms. Apgaismojums nodro\u0161ina, ka tas ir labi redzams pat tum\u0161\u0101 vid\u0113.<\/p>\n<p>CA 10141 var ierakst\u012bt 100 000 v\u0113rt\u012bbu p\u0113c piepras\u012bjuma vai autom\u0101tiski. To var piesl\u0113gt datoram, izmantojot USB.<\/p>\n<p>Standarta komplekts: Chauvin Arnoux C.A 10141 vad\u012btsp\u0113jas m\u0113r\u012bt\u0101js, vietai dro\u0161s futr\u0101lis, 1 vad\u012btsp\u0113jas elektrods, 4 x AA vai LR6 s\u0101rma baterijas, 1 aizsargapvalks, standarta standart\u0161\u0137\u012bdums, 1 plastmasas m\u0113rgl\u0101ze, 1 USB &#8211; micro USB kabelis, 1 rokas siksna, \u0101tras lieto\u0161anas rokasgr\u0101mata.<\/p>\n<h3>Tehnisk\u0101 inform\u0101cija:<\/h3>\n<ul>\n<li><a href=\"https:\/\/axiomams.eu\/importer\/export\/attachments\/en\/chauvin-arnoux-ca-10141.pdf\" target=\"_blank\">Chauvin Arnoux CA 10141.PDF<\/a><\/li>\n<\/ul>\n","protected":false},"excerpt":{"rendered":"<p>Chauvin Arnoux CA 10141 ir ide\u0101li piem\u0113rots vad\u012btsp\u0113jas, TDS (kop\u0113jo iz\u0161\u0137\u012bdu\u0161o cieto vielu), s\u0101\u013cuma, pretest\u012bbas un temperat\u016bras m\u0113r\u012bjumiem. T\u0101 daudzveid\u012bgais pielietojums ir no dzeram\u0101 \u016bdens robe\u017ev\u0113rt\u012bbu p\u0101rbaudes l\u012bdz notek\u016bde\u0146u att\u012br\u012b\u0161anai &#8211; gan uz lauka, gan laboratorij\u0101, gan ra\u017eo\u0161anas proces\u0101. CA 10141 var izmantot ar\u012b dabisko \u016bde\u0146u m\u0113r\u012bjumiem, pateicoties iepriek\u0161 iestat\u012btajai neline\u0101r\u0101s temperat\u016bras kompens\u0101cijas funkcijai, kas&#8230;<\/p>\n","protected":false},"featured_media":41684,"comment_status":"open","ping_status":"closed","template":"","meta":{"_acf_changed":false},"product_brand":[729],"product_cat":[17759],"product_tag":[],"class_list":{"0":"post-38988","1":"product","2":"type-product","3":"status-publish","4":"has-post-thumbnail","6":"product_brand-chauvin-arnoux","7":"product_cat-materiali-analizei","9":"first","10":"instock","11":"taxable","12":"shipping-taxable","13":"purchasable","14":"product-type-simple"},"acf":[],"yoast_head":"<!-- This site is optimized with the Yoast SEO plugin v27.0 - https:\/\/yoast.com\/product\/yoast-seo-wordpress\/ -->\n<title>Chauvin Arnoux CA 10141 Vad\u012btsp\u0113jas m\u0113r\u012bt\u0101js - AXIOMA MS<\/title>\n<meta name=\"robots\" content=\"index, follow, max-snippet:-1, max-image-preview:large, max-video-preview:-1\" \/>\n<link rel=\"canonical\" href=\"https:\/\/www.axiomams.eu\/lv\/produktas\/chauvin-arnoux-ca-10141-vaditspejas-meritajs\" \/>\n<meta property=\"og:locale\" content=\"lv_LV\" \/>\n<meta property=\"og:type\" content=\"article\" \/>\n<meta property=\"og:title\" content=\"Chauvin Arnoux CA 10141 Vad\u012btsp\u0113jas m\u0113r\u012bt\u0101js - AXIOMA MS\" \/>\n<meta property=\"og:description\" content=\"Chauvin Arnoux CA 10141 ir ide\u0101li piem\u0113rots vad\u012btsp\u0113jas, TDS (kop\u0113jo iz\u0161\u0137\u012bdu\u0161o cieto vielu), s\u0101\u013cuma, pretest\u012bbas un temperat\u016bras m\u0113r\u012bjumiem. T\u0101 daudzveid\u012bgais pielietojums ir no dzeram\u0101 \u016bdens robe\u017ev\u0113rt\u012bbu p\u0101rbaudes l\u012bdz notek\u016bde\u0146u att\u012br\u012b\u0161anai &#8211; gan uz lauka, gan laboratorij\u0101, gan ra\u017eo\u0161anas proces\u0101. CA 10141 var izmantot ar\u012b dabisko \u016bde\u0146u m\u0113r\u012bjumiem, pateicoties iepriek\u0161 iestat\u012btajai neline\u0101r\u0101s temperat\u016bras kompens\u0101cijas funkcijai, kas...\" \/>\n<meta property=\"og:url\" content=\"https:\/\/www.axiomams.eu\/lv\/produktas\/chauvin-arnoux-ca-10141-vaditspejas-meritajs\" \/>\n<meta property=\"og:site_name\" content=\"AXIOMA MS\" \/>\n<meta property=\"article:publisher\" content=\"https:\/\/www.facebook.com\/AxiomaMS\" \/>\n<meta property=\"article:modified_time\" content=\"2026-03-25T14:59:27+00:00\" \/>\n<meta property=\"og:image\" content=\"https:\/\/www.axiomams.eu\/wp-content\/uploads\/2025\/07\/3020-4000.jpg\" \/>\n\t<meta property=\"og:image:width\" content=\"1000\" \/>\n\t<meta property=\"og:image:height\" content=\"1000\" \/>\n\t<meta property=\"og:image:type\" content=\"image\/jpeg\" \/>\n<meta name=\"twitter:card\" content=\"summary_large_image\" \/>\n<meta name=\"twitter:label1\" content=\"Est. reading time\" \/>\n\t<meta name=\"twitter:data1\" content=\"1 minute\" \/>\n<script type=\"application\/ld+json\" class=\"yoast-schema-graph\">{\"@context\":\"https:\/\/schema.org\",\"@graph\":[{\"@type\":\"WebPage\",\"@id\":\"https:\/\/www.axiomams.eu\/lv\/produktas\/chauvin-arnoux-ca-10141-vaditspejas-meritajs\",\"url\":\"https:\/\/www.axiomams.eu\/lv\/produktas\/chauvin-arnoux-ca-10141-vaditspejas-meritajs\",\"name\":\"Chauvin Arnoux CA 10141 Vad\u012btsp\u0113jas m\u0113r\u012bt\u0101js - AXIOMA MS\",\"isPartOf\":{\"@id\":\"https:\/\/www.axiomams.eu\/lv#website\"},\"primaryImageOfPage\":{\"@id\":\"https:\/\/www.axiomams.eu\/lv\/produktas\/chauvin-arnoux-ca-10141-vaditspejas-meritajs#primaryimage\"},\"image\":{\"@id\":\"https:\/\/www.axiomams.eu\/lv\/produktas\/chauvin-arnoux-ca-10141-vaditspejas-meritajs#primaryimage\"},\"thumbnailUrl\":\"https:\/\/www.axiomams.eu\/wp-content\/uploads\/2025\/07\/3020-4000.jpg\",\"datePublished\":\"2025-05-15T15:57:09+00:00\",\"dateModified\":\"2026-03-25T14:59:27+00:00\",\"breadcrumb\":{\"@id\":\"https:\/\/www.axiomams.eu\/lv\/produktas\/chauvin-arnoux-ca-10141-vaditspejas-meritajs#breadcrumb\"},\"inLanguage\":\"lv-LV\",\"potentialAction\":[{\"@type\":\"ReadAction\",\"target\":[\"https:\/\/www.axiomams.eu\/lv\/produktas\/chauvin-arnoux-ca-10141-vaditspejas-meritajs\"]}]},{\"@type\":\"ImageObject\",\"inLanguage\":\"lv-LV\",\"@id\":\"https:\/\/www.axiomams.eu\/lv\/produktas\/chauvin-arnoux-ca-10141-vaditspejas-meritajs#primaryimage\",\"url\":\"https:\/\/www.axiomams.eu\/wp-content\/uploads\/2025\/07\/3020-4000.jpg\",\"contentUrl\":\"https:\/\/www.axiomams.eu\/wp-content\/uploads\/2025\/07\/3020-4000.jpg\",\"width\":1000,\"height\":1000},{\"@type\":\"BreadcrumbList\",\"@id\":\"https:\/\/www.axiomams.eu\/lv\/produktas\/chauvin-arnoux-ca-10141-vaditspejas-meritajs#breadcrumb\",\"itemListElement\":[{\"@type\":\"ListItem\",\"position\":1,\"name\":\"Home\",\"item\":\"https:\/\/www.axiomams.eu\/lv\"},{\"@type\":\"ListItem\",\"position\":2,\"name\":\"Produkti\",\"item\":\"https:\/\/www.axiomams.eu\/lv\/produkti\"},{\"@type\":\"ListItem\",\"position\":3,\"name\":\"Chauvin Arnoux CA 10141 Vad\u012btsp\u0113jas m\u0113r\u012bt\u0101js\"}]},{\"@type\":\"WebSite\",\"@id\":\"https:\/\/www.axiomams.eu\/lv#website\",\"url\":\"https:\/\/www.axiomams.eu\/lv\",\"name\":\"AXIOMA MS\",\"description\":\"Terrmovizoriai ir matavimo \u012franga\",\"publisher\":{\"@id\":\"https:\/\/www.axiomams.eu\/lv#organization\"},\"potentialAction\":[{\"@type\":\"SearchAction\",\"target\":{\"@type\":\"EntryPoint\",\"urlTemplate\":\"https:\/\/www.axiomams.eu\/lv?s={search_term_string}\"},\"query-input\":{\"@type\":\"PropertyValueSpecification\",\"valueRequired\":true,\"valueName\":\"search_term_string\"}}],\"inLanguage\":\"lv-LV\"},{\"@type\":\"Organization\",\"@id\":\"https:\/\/www.axiomams.eu\/lv#organization\",\"name\":\"AXIOMA MS\",\"url\":\"https:\/\/www.axiomams.eu\/lv\",\"logo\":{\"@type\":\"ImageObject\",\"inLanguage\":\"lv-LV\",\"@id\":\"https:\/\/www.axiomams.eu\/lv#\/schema\/logo\/image\/\",\"url\":\"https:\/\/www.axiomams.eu\/wp-content\/uploads\/2025\/06\/axioma-logo-2.png\",\"contentUrl\":\"https:\/\/www.axiomams.eu\/wp-content\/uploads\/2025\/06\/axioma-logo-2.png\",\"width\":1200,\"height\":1200,\"caption\":\"AXIOMA MS\"},\"image\":{\"@id\":\"https:\/\/www.axiomams.eu\/lv#\/schema\/logo\/image\/\"},\"sameAs\":[\"https:\/\/www.facebook.com\/AxiomaMS\",\"https:\/\/www.linkedin.com\/company\/axiomams\/\"]}]}<\/script>\n<!-- \/ Yoast SEO plugin. -->","yoast_head_json":{"title":"Chauvin Arnoux CA 10141 Vad\u012btsp\u0113jas m\u0113r\u012bt\u0101js - AXIOMA MS","robots":{"index":"index","follow":"follow","max-snippet":"max-snippet:-1","max-image-preview":"max-image-preview:large","max-video-preview":"max-video-preview:-1"},"canonical":"https:\/\/www.axiomams.eu\/lv\/produktas\/chauvin-arnoux-ca-10141-vaditspejas-meritajs","og_locale":"lv_LV","og_type":"article","og_title":"Chauvin Arnoux CA 10141 Vad\u012btsp\u0113jas m\u0113r\u012bt\u0101js - AXIOMA MS","og_description":"Chauvin Arnoux CA 10141 ir ide\u0101li piem\u0113rots vad\u012btsp\u0113jas, TDS (kop\u0113jo iz\u0161\u0137\u012bdu\u0161o cieto vielu), s\u0101\u013cuma, pretest\u012bbas un temperat\u016bras m\u0113r\u012bjumiem. T\u0101 daudzveid\u012bgais pielietojums ir no dzeram\u0101 \u016bdens robe\u017ev\u0113rt\u012bbu p\u0101rbaudes l\u012bdz notek\u016bde\u0146u att\u012br\u012b\u0161anai &#8211; gan uz lauka, gan laboratorij\u0101, gan ra\u017eo\u0161anas proces\u0101. CA 10141 var izmantot ar\u012b dabisko \u016bde\u0146u m\u0113r\u012bjumiem, pateicoties iepriek\u0161 iestat\u012btajai neline\u0101r\u0101s temperat\u016bras kompens\u0101cijas funkcijai, kas...","og_url":"https:\/\/www.axiomams.eu\/lv\/produktas\/chauvin-arnoux-ca-10141-vaditspejas-meritajs","og_site_name":"AXIOMA MS","article_publisher":"https:\/\/www.facebook.com\/AxiomaMS","article_modified_time":"2026-03-25T14:59:27+00:00","og_image":[{"width":1000,"height":1000,"url":"https:\/\/www.axiomams.eu\/wp-content\/uploads\/2025\/07\/3020-4000.jpg","type":"image\/jpeg"}],"twitter_card":"summary_large_image","twitter_misc":{"Est. reading time":"1 minute"},"schema":{"@context":"https:\/\/schema.org","@graph":[{"@type":"WebPage","@id":"https:\/\/www.axiomams.eu\/lv\/produktas\/chauvin-arnoux-ca-10141-vaditspejas-meritajs","url":"https:\/\/www.axiomams.eu\/lv\/produktas\/chauvin-arnoux-ca-10141-vaditspejas-meritajs","name":"Chauvin Arnoux CA 10141 Vad\u012btsp\u0113jas m\u0113r\u012bt\u0101js - AXIOMA MS","isPartOf":{"@id":"https:\/\/www.axiomams.eu\/lv#website"},"primaryImageOfPage":{"@id":"https:\/\/www.axiomams.eu\/lv\/produktas\/chauvin-arnoux-ca-10141-vaditspejas-meritajs#primaryimage"},"image":{"@id":"https:\/\/www.axiomams.eu\/lv\/produktas\/chauvin-arnoux-ca-10141-vaditspejas-meritajs#primaryimage"},"thumbnailUrl":"https:\/\/www.axiomams.eu\/wp-content\/uploads\/2025\/07\/3020-4000.jpg","datePublished":"2025-05-15T15:57:09+00:00","dateModified":"2026-03-25T14:59:27+00:00","breadcrumb":{"@id":"https:\/\/www.axiomams.eu\/lv\/produktas\/chauvin-arnoux-ca-10141-vaditspejas-meritajs#breadcrumb"},"inLanguage":"lv-LV","potentialAction":[{"@type":"ReadAction","target":["https:\/\/www.axiomams.eu\/lv\/produktas\/chauvin-arnoux-ca-10141-vaditspejas-meritajs"]}]},{"@type":"ImageObject","inLanguage":"lv-LV","@id":"https:\/\/www.axiomams.eu\/lv\/produktas\/chauvin-arnoux-ca-10141-vaditspejas-meritajs#primaryimage","url":"https:\/\/www.axiomams.eu\/wp-content\/uploads\/2025\/07\/3020-4000.jpg","contentUrl":"https:\/\/www.axiomams.eu\/wp-content\/uploads\/2025\/07\/3020-4000.jpg","width":1000,"height":1000},{"@type":"BreadcrumbList","@id":"https:\/\/www.axiomams.eu\/lv\/produktas\/chauvin-arnoux-ca-10141-vaditspejas-meritajs#breadcrumb","itemListElement":[{"@type":"ListItem","position":1,"name":"Home","item":"https:\/\/www.axiomams.eu\/lv"},{"@type":"ListItem","position":2,"name":"Produkti","item":"https:\/\/www.axiomams.eu\/lv\/produkti"},{"@type":"ListItem","position":3,"name":"Chauvin Arnoux CA 10141 Vad\u012btsp\u0113jas m\u0113r\u012bt\u0101js"}]},{"@type":"WebSite","@id":"https:\/\/www.axiomams.eu\/lv#website","url":"https:\/\/www.axiomams.eu\/lv","name":"AXIOMA MS","description":"Terrmovizoriai ir matavimo \u012franga","publisher":{"@id":"https:\/\/www.axiomams.eu\/lv#organization"},"potentialAction":[{"@type":"SearchAction","target":{"@type":"EntryPoint","urlTemplate":"https:\/\/www.axiomams.eu\/lv?s={search_term_string}"},"query-input":{"@type":"PropertyValueSpecification","valueRequired":true,"valueName":"search_term_string"}}],"inLanguage":"lv-LV"},{"@type":"Organization","@id":"https:\/\/www.axiomams.eu\/lv#organization","name":"AXIOMA MS","url":"https:\/\/www.axiomams.eu\/lv","logo":{"@type":"ImageObject","inLanguage":"lv-LV","@id":"https:\/\/www.axiomams.eu\/lv#\/schema\/logo\/image\/","url":"https:\/\/www.axiomams.eu\/wp-content\/uploads\/2025\/06\/axioma-logo-2.png","contentUrl":"https:\/\/www.axiomams.eu\/wp-content\/uploads\/2025\/06\/axioma-logo-2.png","width":1200,"height":1200,"caption":"AXIOMA MS"},"image":{"@id":"https:\/\/www.axiomams.eu\/lv#\/schema\/logo\/image\/"},"sameAs":["https:\/\/www.facebook.com\/AxiomaMS","https:\/\/www.linkedin.com\/company\/axiomams\/"]}]}},"_links":{"self":[{"href":"https:\/\/www.axiomams.eu\/lv\/wp-json\/wp\/v2\/product\/38988","targetHints":{"allow":["GET"]}}],"collection":[{"href":"https:\/\/www.axiomams.eu\/lv\/wp-json\/wp\/v2\/product"}],"about":[{"href":"https:\/\/www.axiomams.eu\/lv\/wp-json\/wp\/v2\/types\/product"}],"replies":[{"embeddable":true,"href":"https:\/\/www.axiomams.eu\/lv\/wp-json\/wp\/v2\/comments?post=38988"}],"wp:featuredmedia":[{"embeddable":true,"href":"https:\/\/www.axiomams.eu\/lv\/wp-json\/wp\/v2\/media\/41684"}],"wp:attachment":[{"href":"https:\/\/www.axiomams.eu\/lv\/wp-json\/wp\/v2\/media?parent=38988"}],"wp:term":[{"taxonomy":"product_brand","embeddable":true,"href":"https:\/\/www.axiomams.eu\/lv\/wp-json\/wp\/v2\/product_brand?post=38988"},{"taxonomy":"product_cat","embeddable":true,"href":"https:\/\/www.axiomams.eu\/lv\/wp-json\/wp\/v2\/product_cat?post=38988"},{"taxonomy":"product_tag","embeddable":true,"href":"https:\/\/www.axiomams.eu\/lv\/wp-json\/wp\/v2\/product_tag?post=38988"}],"curies":[{"name":"wp","href":"https:\/\/api.w.org\/{rel}","templated":true}]}}