{"id":38995,"date":"2025-05-15T17:57:15","date_gmt":"2025-05-15T15:57:15","guid":{"rendered":"https:\/\/www.axiomams.eu\/produktas\/chauvin-arnoux-ca-942-osciloskops"},"modified":"2026-03-25T16:59:28","modified_gmt":"2026-03-25T14:59:28","slug":"chauvin-arnoux-ca-942-osciloskops","status":"publish","type":"product","link":"https:\/\/www.axiomams.eu\/lv\/produktas\/chauvin-arnoux-ca-942-osciloskops","title":{"rendered":"Chauvin Arnoux CA 942 osciloskops"},"content":{"rendered":"<p>Triecieniztur\u012bgais, IP54, HANDSCOPE CA 942 osciloskops \u0113rti iek\u013caujas vien\u0101 rok\u0101. \u0160is ergonomiskais instruments ir apr\u012bkots ar\u012b ar TFT kr\u0101su ekr\u0101nu un LED apgaismojumu prec\u012bzai datu att\u0113lo\u0161anai. Lai lieto\u0161ana b\u016btu vienk\u0101r\u0161\u0101ka, vienm\u0113r ir pieejamas intuit\u012bvas piktogrammas un integr\u0113ta daudzvalodu pal\u012bdz\u012bba.<\/p>\n<p>Standarta komplekts: Chauvin Arnoux CA 942, BNC-Banana adapteris, 1,5 m R\/B veid\u0146u komplekts ar taisniem l\u012bkumiem no PVC, krokodilu skavas, CAT IV 1000V R\/B testa zondes, Jack-USB kabelis, USB WALLPLUG, USB optiskais kabelis, soma, pap\u012bra \u0101tr\u0101s lieto\u0161anas rokasgr\u0101mata, dro\u0161\u012bbas datu lapa, testa zi\u0146ojums, NiMH akumulatora datu lapa.<\/p>\n<h3>Tehnisk\u0101 inform\u0101cija:<\/h3>\n<ul>\n<li><a href=\"https:\/\/axiomams.eu\/importer\/export\/attachments\/en\/chauvin-arnoux-ca-942.pdf\" target=\"_blank\">Chauvin Arnoux CA 942.PDF<\/a><\/li>\n<\/ul>\n","protected":false},"excerpt":{"rendered":"<p>Triecieniztur\u012bgais, IP54, HANDSCOPE CA 942 osciloskops \u0113rti iek\u013caujas vien\u0101 rok\u0101. \u0160is ergonomiskais instruments ir apr\u012bkots ar\u012b ar TFT kr\u0101su ekr\u0101nu un LED apgaismojumu prec\u012bzai datu att\u0113lo\u0161anai. Lai lieto\u0161ana b\u016btu vienk\u0101r\u0161\u0101ka, vienm\u0113r ir pieejamas intuit\u012bvas piktogrammas un integr\u0113ta daudzvalodu pal\u012bdz\u012bba. Standarta komplekts: Chauvin Arnoux CA 942, BNC-Banana adapteris, 1,5 m R\/B veid\u0146u komplekts ar taisniem l\u012bkumiem&#8230;<\/p>\n","protected":false},"featured_media":41698,"comment_status":"open","ping_status":"closed","template":"","meta":{"_acf_changed":false},"product_brand":[729],"product_cat":[17757],"product_tag":[],"class_list":{"0":"post-38995","1":"product","2":"type-product","3":"status-publish","4":"has-post-thumbnail","6":"product_brand-chauvin-arnoux","7":"product_cat-generatori-barosanas-avoti-oscilografi-rcl-meritaji","9":"first","10":"instock","11":"taxable","12":"shipping-taxable","13":"purchasable","14":"product-type-simple"},"acf":[],"yoast_head":"<!-- This site is optimized with the Yoast SEO plugin v27.0 - https:\/\/yoast.com\/product\/yoast-seo-wordpress\/ -->\n<title>Chauvin Arnoux CA 942 osciloskops - AXIOMA MS<\/title>\n<meta name=\"robots\" content=\"index, follow, max-snippet:-1, max-image-preview:large, max-video-preview:-1\" \/>\n<link rel=\"canonical\" href=\"https:\/\/www.axiomams.eu\/lv\/produktas\/chauvin-arnoux-ca-942-osciloskops\" \/>\n<meta property=\"og:locale\" content=\"lv_LV\" \/>\n<meta property=\"og:type\" content=\"article\" \/>\n<meta property=\"og:title\" content=\"Chauvin Arnoux CA 942 osciloskops - AXIOMA MS\" \/>\n<meta property=\"og:description\" content=\"Triecieniztur\u012bgais, IP54, HANDSCOPE CA 942 osciloskops \u0113rti iek\u013caujas vien\u0101 rok\u0101. \u0160is ergonomiskais instruments ir apr\u012bkots ar\u012b ar TFT kr\u0101su ekr\u0101nu un LED apgaismojumu prec\u012bzai datu att\u0113lo\u0161anai. Lai lieto\u0161ana b\u016btu vienk\u0101r\u0161\u0101ka, vienm\u0113r ir pieejamas intuit\u012bvas piktogrammas un integr\u0113ta daudzvalodu pal\u012bdz\u012bba. Standarta komplekts: Chauvin Arnoux CA 942, BNC-Banana adapteris, 1,5 m R\/B veid\u0146u komplekts ar taisniem l\u012bkumiem...\" \/>\n<meta property=\"og:url\" content=\"https:\/\/www.axiomams.eu\/lv\/produktas\/chauvin-arnoux-ca-942-osciloskops\" \/>\n<meta property=\"og:site_name\" content=\"AXIOMA MS\" \/>\n<meta property=\"article:publisher\" content=\"https:\/\/www.facebook.com\/AxiomaMS\" \/>\n<meta property=\"article:modified_time\" content=\"2026-03-25T14:59:28+00:00\" \/>\n<meta property=\"og:image\" content=\"https:\/\/www.axiomams.eu\/wp-content\/uploads\/2025\/07\/3307-4391.jpg\" \/>\n\t<meta property=\"og:image:width\" content=\"467\" \/>\n\t<meta property=\"og:image:height\" content=\"700\" \/>\n\t<meta property=\"og:image:type\" content=\"image\/jpeg\" \/>\n<meta name=\"twitter:card\" content=\"summary_large_image\" \/>\n<meta name=\"twitter:label1\" content=\"Est. reading time\" \/>\n\t<meta name=\"twitter:data1\" content=\"1 minute\" \/>\n<script type=\"application\/ld+json\" class=\"yoast-schema-graph\">{\"@context\":\"https:\/\/schema.org\",\"@graph\":[{\"@type\":\"WebPage\",\"@id\":\"https:\/\/www.axiomams.eu\/lv\/produktas\/chauvin-arnoux-ca-942-osciloskops\",\"url\":\"https:\/\/www.axiomams.eu\/lv\/produktas\/chauvin-arnoux-ca-942-osciloskops\",\"name\":\"Chauvin Arnoux CA 942 osciloskops - AXIOMA MS\",\"isPartOf\":{\"@id\":\"https:\/\/www.axiomams.eu\/lv#website\"},\"primaryImageOfPage\":{\"@id\":\"https:\/\/www.axiomams.eu\/lv\/produktas\/chauvin-arnoux-ca-942-osciloskops#primaryimage\"},\"image\":{\"@id\":\"https:\/\/www.axiomams.eu\/lv\/produktas\/chauvin-arnoux-ca-942-osciloskops#primaryimage\"},\"thumbnailUrl\":\"https:\/\/www.axiomams.eu\/wp-content\/uploads\/2025\/07\/3307-4391.jpg\",\"datePublished\":\"2025-05-15T15:57:15+00:00\",\"dateModified\":\"2026-03-25T14:59:28+00:00\",\"breadcrumb\":{\"@id\":\"https:\/\/www.axiomams.eu\/lv\/produktas\/chauvin-arnoux-ca-942-osciloskops#breadcrumb\"},\"inLanguage\":\"lv-LV\",\"potentialAction\":[{\"@type\":\"ReadAction\",\"target\":[\"https:\/\/www.axiomams.eu\/lv\/produktas\/chauvin-arnoux-ca-942-osciloskops\"]}]},{\"@type\":\"ImageObject\",\"inLanguage\":\"lv-LV\",\"@id\":\"https:\/\/www.axiomams.eu\/lv\/produktas\/chauvin-arnoux-ca-942-osciloskops#primaryimage\",\"url\":\"https:\/\/www.axiomams.eu\/wp-content\/uploads\/2025\/07\/3307-4391.jpg\",\"contentUrl\":\"https:\/\/www.axiomams.eu\/wp-content\/uploads\/2025\/07\/3307-4391.jpg\",\"width\":467,\"height\":700},{\"@type\":\"BreadcrumbList\",\"@id\":\"https:\/\/www.axiomams.eu\/lv\/produktas\/chauvin-arnoux-ca-942-osciloskops#breadcrumb\",\"itemListElement\":[{\"@type\":\"ListItem\",\"position\":1,\"name\":\"Home\",\"item\":\"https:\/\/www.axiomams.eu\/lv\"},{\"@type\":\"ListItem\",\"position\":2,\"name\":\"Produkti\",\"item\":\"https:\/\/www.axiomams.eu\/lv\/produkti\"},{\"@type\":\"ListItem\",\"position\":3,\"name\":\"Chauvin Arnoux CA 942 osciloskops\"}]},{\"@type\":\"WebSite\",\"@id\":\"https:\/\/www.axiomams.eu\/lv#website\",\"url\":\"https:\/\/www.axiomams.eu\/lv\",\"name\":\"AXIOMA MS\",\"description\":\"Terrmovizoriai ir matavimo \u012franga\",\"publisher\":{\"@id\":\"https:\/\/www.axiomams.eu\/lv#organization\"},\"potentialAction\":[{\"@type\":\"SearchAction\",\"target\":{\"@type\":\"EntryPoint\",\"urlTemplate\":\"https:\/\/www.axiomams.eu\/lv?s={search_term_string}\"},\"query-input\":{\"@type\":\"PropertyValueSpecification\",\"valueRequired\":true,\"valueName\":\"search_term_string\"}}],\"inLanguage\":\"lv-LV\"},{\"@type\":\"Organization\",\"@id\":\"https:\/\/www.axiomams.eu\/lv#organization\",\"name\":\"AXIOMA MS\",\"url\":\"https:\/\/www.axiomams.eu\/lv\",\"logo\":{\"@type\":\"ImageObject\",\"inLanguage\":\"lv-LV\",\"@id\":\"https:\/\/www.axiomams.eu\/lv#\/schema\/logo\/image\/\",\"url\":\"https:\/\/www.axiomams.eu\/wp-content\/uploads\/2025\/06\/axioma-logo-2.png\",\"contentUrl\":\"https:\/\/www.axiomams.eu\/wp-content\/uploads\/2025\/06\/axioma-logo-2.png\",\"width\":1200,\"height\":1200,\"caption\":\"AXIOMA MS\"},\"image\":{\"@id\":\"https:\/\/www.axiomams.eu\/lv#\/schema\/logo\/image\/\"},\"sameAs\":[\"https:\/\/www.facebook.com\/AxiomaMS\",\"https:\/\/www.linkedin.com\/company\/axiomams\/\"]}]}<\/script>\n<!-- \/ Yoast SEO plugin. -->","yoast_head_json":{"title":"Chauvin Arnoux CA 942 osciloskops - AXIOMA MS","robots":{"index":"index","follow":"follow","max-snippet":"max-snippet:-1","max-image-preview":"max-image-preview:large","max-video-preview":"max-video-preview:-1"},"canonical":"https:\/\/www.axiomams.eu\/lv\/produktas\/chauvin-arnoux-ca-942-osciloskops","og_locale":"lv_LV","og_type":"article","og_title":"Chauvin Arnoux CA 942 osciloskops - AXIOMA MS","og_description":"Triecieniztur\u012bgais, IP54, HANDSCOPE CA 942 osciloskops \u0113rti iek\u013caujas vien\u0101 rok\u0101. \u0160is ergonomiskais instruments ir apr\u012bkots ar\u012b ar TFT kr\u0101su ekr\u0101nu un LED apgaismojumu prec\u012bzai datu att\u0113lo\u0161anai. Lai lieto\u0161ana b\u016btu vienk\u0101r\u0161\u0101ka, vienm\u0113r ir pieejamas intuit\u012bvas piktogrammas un integr\u0113ta daudzvalodu pal\u012bdz\u012bba. Standarta komplekts: Chauvin Arnoux CA 942, BNC-Banana adapteris, 1,5 m R\/B veid\u0146u komplekts ar taisniem l\u012bkumiem...","og_url":"https:\/\/www.axiomams.eu\/lv\/produktas\/chauvin-arnoux-ca-942-osciloskops","og_site_name":"AXIOMA MS","article_publisher":"https:\/\/www.facebook.com\/AxiomaMS","article_modified_time":"2026-03-25T14:59:28+00:00","og_image":[{"width":467,"height":700,"url":"https:\/\/www.axiomams.eu\/wp-content\/uploads\/2025\/07\/3307-4391.jpg","type":"image\/jpeg"}],"twitter_card":"summary_large_image","twitter_misc":{"Est. reading time":"1 minute"},"schema":{"@context":"https:\/\/schema.org","@graph":[{"@type":"WebPage","@id":"https:\/\/www.axiomams.eu\/lv\/produktas\/chauvin-arnoux-ca-942-osciloskops","url":"https:\/\/www.axiomams.eu\/lv\/produktas\/chauvin-arnoux-ca-942-osciloskops","name":"Chauvin Arnoux CA 942 osciloskops - AXIOMA MS","isPartOf":{"@id":"https:\/\/www.axiomams.eu\/lv#website"},"primaryImageOfPage":{"@id":"https:\/\/www.axiomams.eu\/lv\/produktas\/chauvin-arnoux-ca-942-osciloskops#primaryimage"},"image":{"@id":"https:\/\/www.axiomams.eu\/lv\/produktas\/chauvin-arnoux-ca-942-osciloskops#primaryimage"},"thumbnailUrl":"https:\/\/www.axiomams.eu\/wp-content\/uploads\/2025\/07\/3307-4391.jpg","datePublished":"2025-05-15T15:57:15+00:00","dateModified":"2026-03-25T14:59:28+00:00","breadcrumb":{"@id":"https:\/\/www.axiomams.eu\/lv\/produktas\/chauvin-arnoux-ca-942-osciloskops#breadcrumb"},"inLanguage":"lv-LV","potentialAction":[{"@type":"ReadAction","target":["https:\/\/www.axiomams.eu\/lv\/produktas\/chauvin-arnoux-ca-942-osciloskops"]}]},{"@type":"ImageObject","inLanguage":"lv-LV","@id":"https:\/\/www.axiomams.eu\/lv\/produktas\/chauvin-arnoux-ca-942-osciloskops#primaryimage","url":"https:\/\/www.axiomams.eu\/wp-content\/uploads\/2025\/07\/3307-4391.jpg","contentUrl":"https:\/\/www.axiomams.eu\/wp-content\/uploads\/2025\/07\/3307-4391.jpg","width":467,"height":700},{"@type":"BreadcrumbList","@id":"https:\/\/www.axiomams.eu\/lv\/produktas\/chauvin-arnoux-ca-942-osciloskops#breadcrumb","itemListElement":[{"@type":"ListItem","position":1,"name":"Home","item":"https:\/\/www.axiomams.eu\/lv"},{"@type":"ListItem","position":2,"name":"Produkti","item":"https:\/\/www.axiomams.eu\/lv\/produkti"},{"@type":"ListItem","position":3,"name":"Chauvin Arnoux CA 942 osciloskops"}]},{"@type":"WebSite","@id":"https:\/\/www.axiomams.eu\/lv#website","url":"https:\/\/www.axiomams.eu\/lv","name":"AXIOMA MS","description":"Terrmovizoriai ir matavimo \u012franga","publisher":{"@id":"https:\/\/www.axiomams.eu\/lv#organization"},"potentialAction":[{"@type":"SearchAction","target":{"@type":"EntryPoint","urlTemplate":"https:\/\/www.axiomams.eu\/lv?s={search_term_string}"},"query-input":{"@type":"PropertyValueSpecification","valueRequired":true,"valueName":"search_term_string"}}],"inLanguage":"lv-LV"},{"@type":"Organization","@id":"https:\/\/www.axiomams.eu\/lv#organization","name":"AXIOMA MS","url":"https:\/\/www.axiomams.eu\/lv","logo":{"@type":"ImageObject","inLanguage":"lv-LV","@id":"https:\/\/www.axiomams.eu\/lv#\/schema\/logo\/image\/","url":"https:\/\/www.axiomams.eu\/wp-content\/uploads\/2025\/06\/axioma-logo-2.png","contentUrl":"https:\/\/www.axiomams.eu\/wp-content\/uploads\/2025\/06\/axioma-logo-2.png","width":1200,"height":1200,"caption":"AXIOMA MS"},"image":{"@id":"https:\/\/www.axiomams.eu\/lv#\/schema\/logo\/image\/"},"sameAs":["https:\/\/www.facebook.com\/AxiomaMS","https:\/\/www.linkedin.com\/company\/axiomams\/"]}]}},"_links":{"self":[{"href":"https:\/\/www.axiomams.eu\/lv\/wp-json\/wp\/v2\/product\/38995","targetHints":{"allow":["GET"]}}],"collection":[{"href":"https:\/\/www.axiomams.eu\/lv\/wp-json\/wp\/v2\/product"}],"about":[{"href":"https:\/\/www.axiomams.eu\/lv\/wp-json\/wp\/v2\/types\/product"}],"replies":[{"embeddable":true,"href":"https:\/\/www.axiomams.eu\/lv\/wp-json\/wp\/v2\/comments?post=38995"}],"wp:featuredmedia":[{"embeddable":true,"href":"https:\/\/www.axiomams.eu\/lv\/wp-json\/wp\/v2\/media\/41698"}],"wp:attachment":[{"href":"https:\/\/www.axiomams.eu\/lv\/wp-json\/wp\/v2\/media?parent=38995"}],"wp:term":[{"taxonomy":"product_brand","embeddable":true,"href":"https:\/\/www.axiomams.eu\/lv\/wp-json\/wp\/v2\/product_brand?post=38995"},{"taxonomy":"product_cat","embeddable":true,"href":"https:\/\/www.axiomams.eu\/lv\/wp-json\/wp\/v2\/product_cat?post=38995"},{"taxonomy":"product_tag","embeddable":true,"href":"https:\/\/www.axiomams.eu\/lv\/wp-json\/wp\/v2\/product_tag?post=38995"}],"curies":[{"name":"wp","href":"https:\/\/api.w.org\/{rel}","templated":true}]}}