{"id":39001,"date":"2025-05-15T17:57:22","date_gmt":"2025-05-15T15:57:22","guid":{"rendered":"https:\/\/www.axiomams.eu\/produktas\/flir-cm276-stravas-skava"},"modified":"2026-03-25T16:59:31","modified_gmt":"2026-03-25T14:59:31","slug":"flir-cm276-stravas-skava","status":"publish","type":"product","link":"https:\/\/www.axiomams.eu\/lv\/produktas\/flir-cm276-stravas-skava","title":{"rendered":"Flir CM276 Str\u0101vas skava"},"content":{"rendered":"<p>FLIR CM276 att\u0113lveido\u0161anas 600A mai\u0146str\u0101vas\/l\u012bdzstr\u0101vas skavu m\u0113r\u012bt\u0101js ir vien\u012bgais skavu m\u0113r\u012bt\u0101js ar jaudu, kas \u013cauj jums atkl\u0101t probl\u0113mas, kuras nevarat saskat\u012bt ar standarta skavu m\u0113r\u012bt\u0101ju. Pateicoties infrasarkano staru vad\u012btas m\u0113r\u012b\u0161anas (IGM) tehnolo\u0123ijai, ko nodro\u0161ina integr\u0113ts FLIR Lepton\u00ae termisk\u0101s att\u0113lveido\u0161anas sensors, CM275 vizu\u0101li aizved j\u016bs l\u012bdz prec\u012bzai potenci\u0101l\u0101s elektrisk\u0101s probl\u0113mas atra\u0161an\u0101s vietai, dro\u0161i identific\u0113jot b\u012bstamas un nezin\u0101mas probl\u0113mu vietas.<\/p>\n<p>Standarta komplekts: FLIR CM276 klempju m\u0113r\u012bt\u0101js, testa vadi, USB kabelis, somi\u0146a, \u0101tras lieto\u0161anas rokasgr\u0101mata, garantijas karte.<\/p>\n<h3>Tehnisk\u0101 inform\u0101cija:<\/h3>\n<ul>\n<li><a href=\"https:\/\/axiomams.eu\/importer\/export\/attachments\/en\/flir-cm276.pdf\" target=\"_blank\">FLIR CM276.pdf<\/a><\/li>\n<\/ul>\n","protected":false},"excerpt":{"rendered":"<p>FLIR CM276 att\u0113lveido\u0161anas 600A mai\u0146str\u0101vas\/l\u012bdzstr\u0101vas skavu m\u0113r\u012bt\u0101js ir vien\u012bgais skavu m\u0113r\u012bt\u0101js ar jaudu, kas \u013cauj jums atkl\u0101t probl\u0113mas, kuras nevarat saskat\u012bt ar standarta skavu m\u0113r\u012bt\u0101ju. Pateicoties infrasarkano staru vad\u012btas m\u0113r\u012b\u0161anas (IGM) tehnolo\u0123ijai, ko nodro\u0161ina integr\u0113ts FLIR Lepton\u00ae termisk\u0101s att\u0113lveido\u0161anas sensors, CM275 vizu\u0101li aizved j\u016bs l\u012bdz prec\u012bzai potenci\u0101l\u0101s elektrisk\u0101s probl\u0113mas atra\u0161an\u0101s vietai, dro\u0161i identific\u0113jot b\u012bstamas un&#8230;<\/p>\n","protected":false},"featured_media":41710,"comment_status":"open","ping_status":"closed","template":"","meta":{"_acf_changed":false},"product_brand":[734],"product_cat":[17719],"product_tag":[],"class_list":{"0":"post-39001","1":"product","2":"type-product","3":"status-publish","4":"has-post-thumbnail","6":"product_brand-flir","7":"product_cat-elektrikiem-un-energetikas-inzenieriem","9":"first","10":"instock","11":"taxable","12":"shipping-taxable","13":"purchasable","14":"product-type-simple"},"acf":[],"yoast_head":"<!-- This site is optimized with the Yoast SEO plugin v27.0 - https:\/\/yoast.com\/product\/yoast-seo-wordpress\/ -->\n<title>Flir CM276 Str\u0101vas skava - AXIOMA MS<\/title>\n<meta name=\"robots\" content=\"index, follow, max-snippet:-1, max-image-preview:large, max-video-preview:-1\" \/>\n<link rel=\"canonical\" href=\"https:\/\/www.axiomams.eu\/lv\/produktas\/flir-cm276-stravas-skava\" \/>\n<meta property=\"og:locale\" content=\"lv_LV\" \/>\n<meta property=\"og:type\" content=\"article\" \/>\n<meta property=\"og:title\" content=\"Flir CM276 Str\u0101vas skava - AXIOMA MS\" \/>\n<meta property=\"og:description\" content=\"FLIR CM276 att\u0113lveido\u0161anas 600A mai\u0146str\u0101vas\/l\u012bdzstr\u0101vas skavu m\u0113r\u012bt\u0101js ir vien\u012bgais skavu m\u0113r\u012bt\u0101js ar jaudu, kas \u013cauj jums atkl\u0101t probl\u0113mas, kuras nevarat saskat\u012bt ar standarta skavu m\u0113r\u012bt\u0101ju. Pateicoties infrasarkano staru vad\u012btas m\u0113r\u012b\u0161anas (IGM) tehnolo\u0123ijai, ko nodro\u0161ina integr\u0113ts FLIR Lepton\u00ae termisk\u0101s att\u0113lveido\u0161anas sensors, CM275 vizu\u0101li aizved j\u016bs l\u012bdz prec\u012bzai potenci\u0101l\u0101s elektrisk\u0101s probl\u0113mas atra\u0161an\u0101s vietai, dro\u0161i identific\u0113jot b\u012bstamas un...\" \/>\n<meta property=\"og:url\" content=\"https:\/\/www.axiomams.eu\/lv\/produktas\/flir-cm276-stravas-skava\" \/>\n<meta property=\"og:site_name\" content=\"AXIOMA MS\" \/>\n<meta property=\"article:publisher\" content=\"https:\/\/www.facebook.com\/AxiomaMS\" \/>\n<meta property=\"article:modified_time\" content=\"2026-03-25T14:59:31+00:00\" \/>\n<meta property=\"og:image\" content=\"https:\/\/www.axiomams.eu\/wp-content\/uploads\/2025\/07\/2501-4821.jpg\" \/>\n\t<meta property=\"og:image:width\" content=\"600\" \/>\n\t<meta property=\"og:image:height\" content=\"625\" \/>\n\t<meta property=\"og:image:type\" content=\"image\/jpeg\" \/>\n<meta name=\"twitter:card\" content=\"summary_large_image\" \/>\n<meta name=\"twitter:label1\" content=\"Est. reading time\" \/>\n\t<meta name=\"twitter:data1\" content=\"1 minute\" \/>\n<script type=\"application\/ld+json\" class=\"yoast-schema-graph\">{\"@context\":\"https:\/\/schema.org\",\"@graph\":[{\"@type\":\"WebPage\",\"@id\":\"https:\/\/www.axiomams.eu\/lv\/produktas\/flir-cm276-stravas-skava\",\"url\":\"https:\/\/www.axiomams.eu\/lv\/produktas\/flir-cm276-stravas-skava\",\"name\":\"Flir CM276 Str\u0101vas skava - AXIOMA MS\",\"isPartOf\":{\"@id\":\"https:\/\/www.axiomams.eu\/lv#website\"},\"primaryImageOfPage\":{\"@id\":\"https:\/\/www.axiomams.eu\/lv\/produktas\/flir-cm276-stravas-skava#primaryimage\"},\"image\":{\"@id\":\"https:\/\/www.axiomams.eu\/lv\/produktas\/flir-cm276-stravas-skava#primaryimage\"},\"thumbnailUrl\":\"https:\/\/www.axiomams.eu\/wp-content\/uploads\/2025\/07\/2501-4821.jpg\",\"datePublished\":\"2025-05-15T15:57:22+00:00\",\"dateModified\":\"2026-03-25T14:59:31+00:00\",\"breadcrumb\":{\"@id\":\"https:\/\/www.axiomams.eu\/lv\/produktas\/flir-cm276-stravas-skava#breadcrumb\"},\"inLanguage\":\"lv-LV\",\"potentialAction\":[{\"@type\":\"ReadAction\",\"target\":[\"https:\/\/www.axiomams.eu\/lv\/produktas\/flir-cm276-stravas-skava\"]}]},{\"@type\":\"ImageObject\",\"inLanguage\":\"lv-LV\",\"@id\":\"https:\/\/www.axiomams.eu\/lv\/produktas\/flir-cm276-stravas-skava#primaryimage\",\"url\":\"https:\/\/www.axiomams.eu\/wp-content\/uploads\/2025\/07\/2501-4821.jpg\",\"contentUrl\":\"https:\/\/www.axiomams.eu\/wp-content\/uploads\/2025\/07\/2501-4821.jpg\",\"width\":600,\"height\":625},{\"@type\":\"BreadcrumbList\",\"@id\":\"https:\/\/www.axiomams.eu\/lv\/produktas\/flir-cm276-stravas-skava#breadcrumb\",\"itemListElement\":[{\"@type\":\"ListItem\",\"position\":1,\"name\":\"Home\",\"item\":\"https:\/\/www.axiomams.eu\/lv\"},{\"@type\":\"ListItem\",\"position\":2,\"name\":\"Produkti\",\"item\":\"https:\/\/www.axiomams.eu\/lv\/produkti\"},{\"@type\":\"ListItem\",\"position\":3,\"name\":\"Flir CM276 Str\u0101vas skava\"}]},{\"@type\":\"WebSite\",\"@id\":\"https:\/\/www.axiomams.eu\/lv#website\",\"url\":\"https:\/\/www.axiomams.eu\/lv\",\"name\":\"AXIOMA MS\",\"description\":\"Terrmovizoriai ir matavimo \u012franga\",\"publisher\":{\"@id\":\"https:\/\/www.axiomams.eu\/lv#organization\"},\"potentialAction\":[{\"@type\":\"SearchAction\",\"target\":{\"@type\":\"EntryPoint\",\"urlTemplate\":\"https:\/\/www.axiomams.eu\/lv?s={search_term_string}\"},\"query-input\":{\"@type\":\"PropertyValueSpecification\",\"valueRequired\":true,\"valueName\":\"search_term_string\"}}],\"inLanguage\":\"lv-LV\"},{\"@type\":\"Organization\",\"@id\":\"https:\/\/www.axiomams.eu\/lv#organization\",\"name\":\"AXIOMA MS\",\"url\":\"https:\/\/www.axiomams.eu\/lv\",\"logo\":{\"@type\":\"ImageObject\",\"inLanguage\":\"lv-LV\",\"@id\":\"https:\/\/www.axiomams.eu\/lv#\/schema\/logo\/image\/\",\"url\":\"https:\/\/www.axiomams.eu\/wp-content\/uploads\/2025\/06\/axioma-logo-2.png\",\"contentUrl\":\"https:\/\/www.axiomams.eu\/wp-content\/uploads\/2025\/06\/axioma-logo-2.png\",\"width\":1200,\"height\":1200,\"caption\":\"AXIOMA MS\"},\"image\":{\"@id\":\"https:\/\/www.axiomams.eu\/lv#\/schema\/logo\/image\/\"},\"sameAs\":[\"https:\/\/www.facebook.com\/AxiomaMS\",\"https:\/\/www.linkedin.com\/company\/axiomams\/\"]}]}<\/script>\n<!-- \/ Yoast SEO plugin. -->","yoast_head_json":{"title":"Flir CM276 Str\u0101vas skava - AXIOMA MS","robots":{"index":"index","follow":"follow","max-snippet":"max-snippet:-1","max-image-preview":"max-image-preview:large","max-video-preview":"max-video-preview:-1"},"canonical":"https:\/\/www.axiomams.eu\/lv\/produktas\/flir-cm276-stravas-skava","og_locale":"lv_LV","og_type":"article","og_title":"Flir CM276 Str\u0101vas skava - AXIOMA MS","og_description":"FLIR CM276 att\u0113lveido\u0161anas 600A mai\u0146str\u0101vas\/l\u012bdzstr\u0101vas skavu m\u0113r\u012bt\u0101js ir vien\u012bgais skavu m\u0113r\u012bt\u0101js ar jaudu, kas \u013cauj jums atkl\u0101t probl\u0113mas, kuras nevarat saskat\u012bt ar standarta skavu m\u0113r\u012bt\u0101ju. Pateicoties infrasarkano staru vad\u012btas m\u0113r\u012b\u0161anas (IGM) tehnolo\u0123ijai, ko nodro\u0161ina integr\u0113ts FLIR Lepton\u00ae termisk\u0101s att\u0113lveido\u0161anas sensors, CM275 vizu\u0101li aizved j\u016bs l\u012bdz prec\u012bzai potenci\u0101l\u0101s elektrisk\u0101s probl\u0113mas atra\u0161an\u0101s vietai, dro\u0161i identific\u0113jot b\u012bstamas un...","og_url":"https:\/\/www.axiomams.eu\/lv\/produktas\/flir-cm276-stravas-skava","og_site_name":"AXIOMA MS","article_publisher":"https:\/\/www.facebook.com\/AxiomaMS","article_modified_time":"2026-03-25T14:59:31+00:00","og_image":[{"width":600,"height":625,"url":"https:\/\/www.axiomams.eu\/wp-content\/uploads\/2025\/07\/2501-4821.jpg","type":"image\/jpeg"}],"twitter_card":"summary_large_image","twitter_misc":{"Est. reading time":"1 minute"},"schema":{"@context":"https:\/\/schema.org","@graph":[{"@type":"WebPage","@id":"https:\/\/www.axiomams.eu\/lv\/produktas\/flir-cm276-stravas-skava","url":"https:\/\/www.axiomams.eu\/lv\/produktas\/flir-cm276-stravas-skava","name":"Flir CM276 Str\u0101vas skava - AXIOMA MS","isPartOf":{"@id":"https:\/\/www.axiomams.eu\/lv#website"},"primaryImageOfPage":{"@id":"https:\/\/www.axiomams.eu\/lv\/produktas\/flir-cm276-stravas-skava#primaryimage"},"image":{"@id":"https:\/\/www.axiomams.eu\/lv\/produktas\/flir-cm276-stravas-skava#primaryimage"},"thumbnailUrl":"https:\/\/www.axiomams.eu\/wp-content\/uploads\/2025\/07\/2501-4821.jpg","datePublished":"2025-05-15T15:57:22+00:00","dateModified":"2026-03-25T14:59:31+00:00","breadcrumb":{"@id":"https:\/\/www.axiomams.eu\/lv\/produktas\/flir-cm276-stravas-skava#breadcrumb"},"inLanguage":"lv-LV","potentialAction":[{"@type":"ReadAction","target":["https:\/\/www.axiomams.eu\/lv\/produktas\/flir-cm276-stravas-skava"]}]},{"@type":"ImageObject","inLanguage":"lv-LV","@id":"https:\/\/www.axiomams.eu\/lv\/produktas\/flir-cm276-stravas-skava#primaryimage","url":"https:\/\/www.axiomams.eu\/wp-content\/uploads\/2025\/07\/2501-4821.jpg","contentUrl":"https:\/\/www.axiomams.eu\/wp-content\/uploads\/2025\/07\/2501-4821.jpg","width":600,"height":625},{"@type":"BreadcrumbList","@id":"https:\/\/www.axiomams.eu\/lv\/produktas\/flir-cm276-stravas-skava#breadcrumb","itemListElement":[{"@type":"ListItem","position":1,"name":"Home","item":"https:\/\/www.axiomams.eu\/lv"},{"@type":"ListItem","position":2,"name":"Produkti","item":"https:\/\/www.axiomams.eu\/lv\/produkti"},{"@type":"ListItem","position":3,"name":"Flir CM276 Str\u0101vas skava"}]},{"@type":"WebSite","@id":"https:\/\/www.axiomams.eu\/lv#website","url":"https:\/\/www.axiomams.eu\/lv","name":"AXIOMA MS","description":"Terrmovizoriai ir matavimo \u012franga","publisher":{"@id":"https:\/\/www.axiomams.eu\/lv#organization"},"potentialAction":[{"@type":"SearchAction","target":{"@type":"EntryPoint","urlTemplate":"https:\/\/www.axiomams.eu\/lv?s={search_term_string}"},"query-input":{"@type":"PropertyValueSpecification","valueRequired":true,"valueName":"search_term_string"}}],"inLanguage":"lv-LV"},{"@type":"Organization","@id":"https:\/\/www.axiomams.eu\/lv#organization","name":"AXIOMA MS","url":"https:\/\/www.axiomams.eu\/lv","logo":{"@type":"ImageObject","inLanguage":"lv-LV","@id":"https:\/\/www.axiomams.eu\/lv#\/schema\/logo\/image\/","url":"https:\/\/www.axiomams.eu\/wp-content\/uploads\/2025\/06\/axioma-logo-2.png","contentUrl":"https:\/\/www.axiomams.eu\/wp-content\/uploads\/2025\/06\/axioma-logo-2.png","width":1200,"height":1200,"caption":"AXIOMA MS"},"image":{"@id":"https:\/\/www.axiomams.eu\/lv#\/schema\/logo\/image\/"},"sameAs":["https:\/\/www.facebook.com\/AxiomaMS","https:\/\/www.linkedin.com\/company\/axiomams\/"]}]}},"_links":{"self":[{"href":"https:\/\/www.axiomams.eu\/lv\/wp-json\/wp\/v2\/product\/39001","targetHints":{"allow":["GET"]}}],"collection":[{"href":"https:\/\/www.axiomams.eu\/lv\/wp-json\/wp\/v2\/product"}],"about":[{"href":"https:\/\/www.axiomams.eu\/lv\/wp-json\/wp\/v2\/types\/product"}],"replies":[{"embeddable":true,"href":"https:\/\/www.axiomams.eu\/lv\/wp-json\/wp\/v2\/comments?post=39001"}],"wp:featuredmedia":[{"embeddable":true,"href":"https:\/\/www.axiomams.eu\/lv\/wp-json\/wp\/v2\/media\/41710"}],"wp:attachment":[{"href":"https:\/\/www.axiomams.eu\/lv\/wp-json\/wp\/v2\/media?parent=39001"}],"wp:term":[{"taxonomy":"product_brand","embeddable":true,"href":"https:\/\/www.axiomams.eu\/lv\/wp-json\/wp\/v2\/product_brand?post=39001"},{"taxonomy":"product_cat","embeddable":true,"href":"https:\/\/www.axiomams.eu\/lv\/wp-json\/wp\/v2\/product_cat?post=39001"},{"taxonomy":"product_tag","embeddable":true,"href":"https:\/\/www.axiomams.eu\/lv\/wp-json\/wp\/v2\/product_tag?post=39001"}],"curies":[{"name":"wp","href":"https:\/\/api.w.org\/{rel}","templated":true}]}}