{"id":39003,"date":"2025-10-03T01:01:39","date_gmt":"2025-10-02T23:01:39","guid":{"rendered":"https:\/\/www.axiomams.eu\/produktas\/hioki-cm4001-skavas-meritajs"},"modified":"2026-03-25T16:59:31","modified_gmt":"2026-03-25T14:59:31","slug":"hioki-cm4001-skavas-meritajs","status":"publish","type":"product","link":"https:\/\/www.axiomams.eu\/lv\/produktas\/hioki-cm4001-skavas-meritajs","title":{"rendered":"HIOKI CM4001 skavas m\u0113r\u012bt\u0101js"},"content":{"rendered":"<p>Hioki skavas m\u0113r\u012bt\u0101ji ir augst\u0101k\u0101s kvalit\u0101tes m\u0113rinstrumenti, kas izgatavoti, izmantojot Hioki progres\u012bvo str\u0101vas sensoru tehnolo\u0123iju. CM4001 \u013cauj viegli iesp\u012bl\u0113t \u0161aur\u0101s kabe\u013cu viet\u0101s, ietaupot laiku un uzlabojot dro\u0161\u012bbu. Ar garant\u0113to precizit\u0101ti no 0,60 mA l\u012bdz 600,0 A tas nodro\u0161ina uzticamu risin\u0101jumu pla\u0161am lietojumu kl\u0101stam. Integr\u0113t\u0101 komparatora funkcija \u013cauj \u0101tr\u0101k noteikt probl\u0113mas.<\/p>\n<p><b>Kop\u0161\u0101k\u0101s funkcijas<\/b><br \/>\n<b>\u0160aurs \u017eok\u013ca dizains<\/b><br \/>\n\u0160aur\u0101s spailes nodro\u0161ina vienm\u0113r\u012bgu darb\u012bbu p\u0101rpild\u012bt\u0101s vai \u0161aur\u0101s telp\u0101s.<br \/>\n<b>Vispus\u012bgi m\u0113r\u012bjumi<\/b><br \/>\nM\u0113rot visu, s\u0101kot no nopl\u016bdes str\u0101v\u0101m l\u012bdz piln\u0101s slodzes str\u0101v\u0101m.<br \/>\n<b>Zemes nopl\u016bdes noteik\u0161ana<\/b><br \/>\nUzraugot zem\u0113juma nopl\u016bdes str\u0101vu, atkl\u0101jiet GFCI un RCD p\u0101rtrauktos iesl\u0113gumus, lai izvair\u012btos no negaid\u012bt\u0101m iek\u0101rtu d\u012bkst\u0101v\u0113m.<br \/>\n<b>Sal\u012bdzin\u0101t\u0101ja funkcija<\/b><br \/>\nEfekt\u012bvi nov\u0113rsiet probl\u0113mas, izmantojot ieb\u016bv\u0113to komparatoru, lai \u0101tri identific\u0113tu probl\u0113mas.<\/p>\n<p>Standarta komplekts: Komplekt\u0101: Hioki CM4001 klempu m\u0113r\u012bt\u0101js, somi\u0146a, siksni\u0146a, instrukcija, lieto\u0161anas instrukcija, dro\u0161\u012bbas pas\u0101kumi, akumulators.<\/p>\n<p><iframe loading=\"lazy\" width=\"560\" height=\"315\" src=\"https:\/\/www.youtube.com\/embed\/331gviTTLPU?si=-KjSP7XkCI1JFSiO\" title=\"YouTube video atska\u0146ot\u0101js\" frameborder=\"0\" allow=\"accelerometer; autoplay; clipboard-write; encrypted-media; gyroscope; picture-in-picture; web-share\" referrerpolicy=\"strict-origin-when-cross-origin\" allowfullscreen><\/iframe><\/p>\n<h3>Tehnisk\u0101 inform\u0101cija:<\/h3>\n<ul>\n<li><a href=\"https:\/\/axiomams.eu\/importer\/export\/attachments\/en\/hioki-cm4001.pdf\" target=\"_blank\">Hioki CM4001.pdf<\/a><\/li>\n<\/ul>\n","protected":false},"excerpt":{"rendered":"<p>Hioki skavas m\u0113r\u012bt\u0101ji ir augst\u0101k\u0101s kvalit\u0101tes m\u0113rinstrumenti, kas izgatavoti, izmantojot Hioki progres\u012bvo str\u0101vas sensoru tehnolo\u0123iju. CM4001 \u013cauj viegli iesp\u012bl\u0113t \u0161aur\u0101s kabe\u013cu viet\u0101s, ietaupot laiku un uzlabojot dro\u0161\u012bbu. Ar garant\u0113to precizit\u0101ti no 0,60 mA l\u012bdz 600,0 A tas nodro\u0161ina uzticamu risin\u0101jumu pla\u0161am lietojumu kl\u0101stam. Integr\u0113t\u0101 komparatora funkcija \u013cauj \u0101tr\u0101k noteikt probl\u0113mas. Kop\u0161\u0101k\u0101s funkcijas \u0160aurs \u017eok\u013ca dizains&#8230;<\/p>\n","protected":false},"featured_media":41714,"comment_status":"open","ping_status":"closed","template":"","meta":{"_acf_changed":false},"product_brand":[1112],"product_cat":[17719],"product_tag":[],"class_list":{"0":"post-39003","1":"product","2":"type-product","3":"status-publish","4":"has-post-thumbnail","6":"product_brand-hioki","7":"product_cat-elektrikiem-un-energetikas-inzenieriem","9":"first","10":"instock","11":"taxable","12":"shipping-taxable","13":"purchasable","14":"product-type-simple"},"acf":[],"yoast_head":"<!-- This site is optimized with the Yoast SEO plugin v27.0 - https:\/\/yoast.com\/product\/yoast-seo-wordpress\/ -->\n<title>HIOKI CM4001 skavas m\u0113r\u012bt\u0101js - AXIOMA MS<\/title>\n<meta name=\"robots\" content=\"index, follow, max-snippet:-1, max-image-preview:large, max-video-preview:-1\" \/>\n<link rel=\"canonical\" href=\"https:\/\/www.axiomams.eu\/lv\/produktas\/hioki-cm4001-skavas-meritajs\" \/>\n<meta property=\"og:locale\" content=\"lv_LV\" \/>\n<meta property=\"og:type\" content=\"article\" \/>\n<meta property=\"og:title\" content=\"HIOKI CM4001 skavas m\u0113r\u012bt\u0101js - AXIOMA MS\" \/>\n<meta property=\"og:description\" content=\"Hioki skavas m\u0113r\u012bt\u0101ji ir augst\u0101k\u0101s kvalit\u0101tes m\u0113rinstrumenti, kas izgatavoti, izmantojot Hioki progres\u012bvo str\u0101vas sensoru tehnolo\u0123iju. CM4001 \u013cauj viegli iesp\u012bl\u0113t \u0161aur\u0101s kabe\u013cu viet\u0101s, ietaupot laiku un uzlabojot dro\u0161\u012bbu. Ar garant\u0113to precizit\u0101ti no 0,60 mA l\u012bdz 600,0 A tas nodro\u0161ina uzticamu risin\u0101jumu pla\u0161am lietojumu kl\u0101stam. Integr\u0113t\u0101 komparatora funkcija \u013cauj \u0101tr\u0101k noteikt probl\u0113mas. Kop\u0161\u0101k\u0101s funkcijas \u0160aurs \u017eok\u013ca dizains...\" \/>\n<meta property=\"og:url\" content=\"https:\/\/www.axiomams.eu\/lv\/produktas\/hioki-cm4001-skavas-meritajs\" \/>\n<meta property=\"og:site_name\" content=\"AXIOMA MS\" \/>\n<meta property=\"article:publisher\" content=\"https:\/\/www.facebook.com\/AxiomaMS\" \/>\n<meta property=\"article:modified_time\" content=\"2026-03-25T14:59:31+00:00\" \/>\n<meta property=\"og:image\" content=\"https:\/\/www.axiomams.eu\/wp-content\/uploads\/2025\/10\/4681-6188.jpg\" \/>\n\t<meta property=\"og:image:width\" content=\"694\" \/>\n\t<meta property=\"og:image:height\" content=\"694\" \/>\n\t<meta property=\"og:image:type\" content=\"image\/jpeg\" \/>\n<meta name=\"twitter:card\" content=\"summary_large_image\" \/>\n<meta name=\"twitter:label1\" content=\"Est. reading time\" \/>\n\t<meta name=\"twitter:data1\" content=\"1 minute\" \/>\n<script type=\"application\/ld+json\" class=\"yoast-schema-graph\">{\"@context\":\"https:\/\/schema.org\",\"@graph\":[{\"@type\":\"WebPage\",\"@id\":\"https:\/\/www.axiomams.eu\/lv\/produktas\/hioki-cm4001-skavas-meritajs\",\"url\":\"https:\/\/www.axiomams.eu\/lv\/produktas\/hioki-cm4001-skavas-meritajs\",\"name\":\"HIOKI CM4001 skavas m\u0113r\u012bt\u0101js - AXIOMA MS\",\"isPartOf\":{\"@id\":\"https:\/\/www.axiomams.eu\/lv#website\"},\"primaryImageOfPage\":{\"@id\":\"https:\/\/www.axiomams.eu\/lv\/produktas\/hioki-cm4001-skavas-meritajs#primaryimage\"},\"image\":{\"@id\":\"https:\/\/www.axiomams.eu\/lv\/produktas\/hioki-cm4001-skavas-meritajs#primaryimage\"},\"thumbnailUrl\":\"https:\/\/www.axiomams.eu\/wp-content\/uploads\/2025\/10\/4681-6188.jpg\",\"datePublished\":\"2025-10-02T23:01:39+00:00\",\"dateModified\":\"2026-03-25T14:59:31+00:00\",\"breadcrumb\":{\"@id\":\"https:\/\/www.axiomams.eu\/lv\/produktas\/hioki-cm4001-skavas-meritajs#breadcrumb\"},\"inLanguage\":\"lv-LV\",\"potentialAction\":[{\"@type\":\"ReadAction\",\"target\":[\"https:\/\/www.axiomams.eu\/lv\/produktas\/hioki-cm4001-skavas-meritajs\"]}]},{\"@type\":\"ImageObject\",\"inLanguage\":\"lv-LV\",\"@id\":\"https:\/\/www.axiomams.eu\/lv\/produktas\/hioki-cm4001-skavas-meritajs#primaryimage\",\"url\":\"https:\/\/www.axiomams.eu\/wp-content\/uploads\/2025\/10\/4681-6188.jpg\",\"contentUrl\":\"https:\/\/www.axiomams.eu\/wp-content\/uploads\/2025\/10\/4681-6188.jpg\",\"width\":694,\"height\":694},{\"@type\":\"BreadcrumbList\",\"@id\":\"https:\/\/www.axiomams.eu\/lv\/produktas\/hioki-cm4001-skavas-meritajs#breadcrumb\",\"itemListElement\":[{\"@type\":\"ListItem\",\"position\":1,\"name\":\"Home\",\"item\":\"https:\/\/www.axiomams.eu\/lv\"},{\"@type\":\"ListItem\",\"position\":2,\"name\":\"Produkti\",\"item\":\"https:\/\/www.axiomams.eu\/lv\/produkti\"},{\"@type\":\"ListItem\",\"position\":3,\"name\":\"HIOKI CM4001 skavas m\u0113r\u012bt\u0101js\"}]},{\"@type\":\"WebSite\",\"@id\":\"https:\/\/www.axiomams.eu\/lv#website\",\"url\":\"https:\/\/www.axiomams.eu\/lv\",\"name\":\"AXIOMA MS\",\"description\":\"Terrmovizoriai ir matavimo \u012franga\",\"publisher\":{\"@id\":\"https:\/\/www.axiomams.eu\/lv#organization\"},\"potentialAction\":[{\"@type\":\"SearchAction\",\"target\":{\"@type\":\"EntryPoint\",\"urlTemplate\":\"https:\/\/www.axiomams.eu\/lv?s={search_term_string}\"},\"query-input\":{\"@type\":\"PropertyValueSpecification\",\"valueRequired\":true,\"valueName\":\"search_term_string\"}}],\"inLanguage\":\"lv-LV\"},{\"@type\":\"Organization\",\"@id\":\"https:\/\/www.axiomams.eu\/lv#organization\",\"name\":\"AXIOMA MS\",\"url\":\"https:\/\/www.axiomams.eu\/lv\",\"logo\":{\"@type\":\"ImageObject\",\"inLanguage\":\"lv-LV\",\"@id\":\"https:\/\/www.axiomams.eu\/lv#\/schema\/logo\/image\/\",\"url\":\"https:\/\/www.axiomams.eu\/wp-content\/uploads\/2025\/06\/axioma-logo-2.png\",\"contentUrl\":\"https:\/\/www.axiomams.eu\/wp-content\/uploads\/2025\/06\/axioma-logo-2.png\",\"width\":1200,\"height\":1200,\"caption\":\"AXIOMA MS\"},\"image\":{\"@id\":\"https:\/\/www.axiomams.eu\/lv#\/schema\/logo\/image\/\"},\"sameAs\":[\"https:\/\/www.facebook.com\/AxiomaMS\",\"https:\/\/www.linkedin.com\/company\/axiomams\/\"]}]}<\/script>\n<!-- \/ Yoast SEO plugin. -->","yoast_head_json":{"title":"HIOKI CM4001 skavas m\u0113r\u012bt\u0101js - AXIOMA MS","robots":{"index":"index","follow":"follow","max-snippet":"max-snippet:-1","max-image-preview":"max-image-preview:large","max-video-preview":"max-video-preview:-1"},"canonical":"https:\/\/www.axiomams.eu\/lv\/produktas\/hioki-cm4001-skavas-meritajs","og_locale":"lv_LV","og_type":"article","og_title":"HIOKI CM4001 skavas m\u0113r\u012bt\u0101js - AXIOMA MS","og_description":"Hioki skavas m\u0113r\u012bt\u0101ji ir augst\u0101k\u0101s kvalit\u0101tes m\u0113rinstrumenti, kas izgatavoti, izmantojot Hioki progres\u012bvo str\u0101vas sensoru tehnolo\u0123iju. CM4001 \u013cauj viegli iesp\u012bl\u0113t \u0161aur\u0101s kabe\u013cu viet\u0101s, ietaupot laiku un uzlabojot dro\u0161\u012bbu. Ar garant\u0113to precizit\u0101ti no 0,60 mA l\u012bdz 600,0 A tas nodro\u0161ina uzticamu risin\u0101jumu pla\u0161am lietojumu kl\u0101stam. Integr\u0113t\u0101 komparatora funkcija \u013cauj \u0101tr\u0101k noteikt probl\u0113mas. Kop\u0161\u0101k\u0101s funkcijas \u0160aurs \u017eok\u013ca dizains...","og_url":"https:\/\/www.axiomams.eu\/lv\/produktas\/hioki-cm4001-skavas-meritajs","og_site_name":"AXIOMA MS","article_publisher":"https:\/\/www.facebook.com\/AxiomaMS","article_modified_time":"2026-03-25T14:59:31+00:00","og_image":[{"width":694,"height":694,"url":"https:\/\/www.axiomams.eu\/wp-content\/uploads\/2025\/10\/4681-6188.jpg","type":"image\/jpeg"}],"twitter_card":"summary_large_image","twitter_misc":{"Est. reading time":"1 minute"},"schema":{"@context":"https:\/\/schema.org","@graph":[{"@type":"WebPage","@id":"https:\/\/www.axiomams.eu\/lv\/produktas\/hioki-cm4001-skavas-meritajs","url":"https:\/\/www.axiomams.eu\/lv\/produktas\/hioki-cm4001-skavas-meritajs","name":"HIOKI CM4001 skavas m\u0113r\u012bt\u0101js - AXIOMA MS","isPartOf":{"@id":"https:\/\/www.axiomams.eu\/lv#website"},"primaryImageOfPage":{"@id":"https:\/\/www.axiomams.eu\/lv\/produktas\/hioki-cm4001-skavas-meritajs#primaryimage"},"image":{"@id":"https:\/\/www.axiomams.eu\/lv\/produktas\/hioki-cm4001-skavas-meritajs#primaryimage"},"thumbnailUrl":"https:\/\/www.axiomams.eu\/wp-content\/uploads\/2025\/10\/4681-6188.jpg","datePublished":"2025-10-02T23:01:39+00:00","dateModified":"2026-03-25T14:59:31+00:00","breadcrumb":{"@id":"https:\/\/www.axiomams.eu\/lv\/produktas\/hioki-cm4001-skavas-meritajs#breadcrumb"},"inLanguage":"lv-LV","potentialAction":[{"@type":"ReadAction","target":["https:\/\/www.axiomams.eu\/lv\/produktas\/hioki-cm4001-skavas-meritajs"]}]},{"@type":"ImageObject","inLanguage":"lv-LV","@id":"https:\/\/www.axiomams.eu\/lv\/produktas\/hioki-cm4001-skavas-meritajs#primaryimage","url":"https:\/\/www.axiomams.eu\/wp-content\/uploads\/2025\/10\/4681-6188.jpg","contentUrl":"https:\/\/www.axiomams.eu\/wp-content\/uploads\/2025\/10\/4681-6188.jpg","width":694,"height":694},{"@type":"BreadcrumbList","@id":"https:\/\/www.axiomams.eu\/lv\/produktas\/hioki-cm4001-skavas-meritajs#breadcrumb","itemListElement":[{"@type":"ListItem","position":1,"name":"Home","item":"https:\/\/www.axiomams.eu\/lv"},{"@type":"ListItem","position":2,"name":"Produkti","item":"https:\/\/www.axiomams.eu\/lv\/produkti"},{"@type":"ListItem","position":3,"name":"HIOKI CM4001 skavas m\u0113r\u012bt\u0101js"}]},{"@type":"WebSite","@id":"https:\/\/www.axiomams.eu\/lv#website","url":"https:\/\/www.axiomams.eu\/lv","name":"AXIOMA MS","description":"Terrmovizoriai ir matavimo \u012franga","publisher":{"@id":"https:\/\/www.axiomams.eu\/lv#organization"},"potentialAction":[{"@type":"SearchAction","target":{"@type":"EntryPoint","urlTemplate":"https:\/\/www.axiomams.eu\/lv?s={search_term_string}"},"query-input":{"@type":"PropertyValueSpecification","valueRequired":true,"valueName":"search_term_string"}}],"inLanguage":"lv-LV"},{"@type":"Organization","@id":"https:\/\/www.axiomams.eu\/lv#organization","name":"AXIOMA MS","url":"https:\/\/www.axiomams.eu\/lv","logo":{"@type":"ImageObject","inLanguage":"lv-LV","@id":"https:\/\/www.axiomams.eu\/lv#\/schema\/logo\/image\/","url":"https:\/\/www.axiomams.eu\/wp-content\/uploads\/2025\/06\/axioma-logo-2.png","contentUrl":"https:\/\/www.axiomams.eu\/wp-content\/uploads\/2025\/06\/axioma-logo-2.png","width":1200,"height":1200,"caption":"AXIOMA MS"},"image":{"@id":"https:\/\/www.axiomams.eu\/lv#\/schema\/logo\/image\/"},"sameAs":["https:\/\/www.facebook.com\/AxiomaMS","https:\/\/www.linkedin.com\/company\/axiomams\/"]}]}},"_links":{"self":[{"href":"https:\/\/www.axiomams.eu\/lv\/wp-json\/wp\/v2\/product\/39003","targetHints":{"allow":["GET"]}}],"collection":[{"href":"https:\/\/www.axiomams.eu\/lv\/wp-json\/wp\/v2\/product"}],"about":[{"href":"https:\/\/www.axiomams.eu\/lv\/wp-json\/wp\/v2\/types\/product"}],"replies":[{"embeddable":true,"href":"https:\/\/www.axiomams.eu\/lv\/wp-json\/wp\/v2\/comments?post=39003"}],"wp:featuredmedia":[{"embeddable":true,"href":"https:\/\/www.axiomams.eu\/lv\/wp-json\/wp\/v2\/media\/41714"}],"wp:attachment":[{"href":"https:\/\/www.axiomams.eu\/lv\/wp-json\/wp\/v2\/media?parent=39003"}],"wp:term":[{"taxonomy":"product_brand","embeddable":true,"href":"https:\/\/www.axiomams.eu\/lv\/wp-json\/wp\/v2\/product_brand?post=39003"},{"taxonomy":"product_cat","embeddable":true,"href":"https:\/\/www.axiomams.eu\/lv\/wp-json\/wp\/v2\/product_cat?post=39003"},{"taxonomy":"product_tag","embeddable":true,"href":"https:\/\/www.axiomams.eu\/lv\/wp-json\/wp\/v2\/product_tag?post=39003"}],"curies":[{"name":"wp","href":"https:\/\/api.w.org\/{rel}","templated":true}]}}