{"id":39004,"date":"2025-05-15T17:57:22","date_gmt":"2025-05-15T15:57:22","guid":{"rendered":"https:\/\/www.axiomams.eu\/produktas\/flir-cm57-2-clamp-meritajs"},"modified":"2026-03-25T16:59:32","modified_gmt":"2026-03-25T14:59:32","slug":"flir-cm57-2-clamp-meritajs","status":"publish","type":"product","link":"https:\/\/www.axiomams.eu\/lv\/produktas\/flir-cm57-2-clamp-meritajs","title":{"rendered":"Flir CM57-2 Clamp m\u0113r\u012bt\u0101js"},"content":{"rendered":"<p>CM57-2 FLIR elast\u012bgie skavu m\u0113r\u012bt\u0101ji ar Bluetooth\u00ae ir ergonomiski instrumenti, kas paredz\u0113ti, lai vienk\u0101r\u0161otu sare\u017e\u0123\u012btus str\u0101vas m\u0113r\u012bjumus. CM57-2 ir izgatavoti ar \u0161auru elast\u012bgu spoles lampu, kas \u013cauj viegli veikt m\u0113r\u012bjumus \u0161aur\u0101s vai ne\u0113rt\u0101s viet\u0101s, kas ir sare\u017e\u0123\u012bts uzdevums, izmantojot tradicion\u0101los spai\u013cu m\u0113r\u012bt\u0101jus ar cietu sp\u012bl\u0113m. Pateicoties Bluetooth sazi\u0146ai att\u0101lin\u0101tai apskatei un datu p\u0101rs\u016bt\u012b\u0161anai uz iOS un Android ier\u012bc\u0113m, izmantojot FLIR Tools mobilo lietotni, varat \u0101tri kop\u012bgot un analiz\u0113t datus tie\u0161i no darba vietas.<\/p>\n<h3>Tehnisk\u0101 inform\u0101cija:<\/h3>\n<ul>\n<li><a href=\"https:\/\/axiomams.eu\/importer\/export\/attachments\/en\/flir-cm57-2.pdf\" target=\"_blank\">FLIR CM57-2.pdf<\/a><\/li>\n<\/ul>\n","protected":false},"excerpt":{"rendered":"<p>CM57-2 FLIR elast\u012bgie skavu m\u0113r\u012bt\u0101ji ar Bluetooth\u00ae ir ergonomiski instrumenti, kas paredz\u0113ti, lai vienk\u0101r\u0161otu sare\u017e\u0123\u012btus str\u0101vas m\u0113r\u012bjumus. CM57-2 ir izgatavoti ar \u0161auru elast\u012bgu spoles lampu, kas \u013cauj viegli veikt m\u0113r\u012bjumus \u0161aur\u0101s vai ne\u0113rt\u0101s viet\u0101s, kas ir sare\u017e\u0123\u012bts uzdevums, izmantojot tradicion\u0101los spai\u013cu m\u0113r\u012bt\u0101jus ar cietu sp\u012bl\u0113m. Pateicoties Bluetooth sazi\u0146ai att\u0101lin\u0101tai apskatei un datu p\u0101rs\u016bt\u012b\u0161anai uz iOS&#8230;<\/p>\n","protected":false},"featured_media":41716,"comment_status":"open","ping_status":"closed","template":"","meta":{"_acf_changed":false},"product_brand":[734],"product_cat":[17719],"product_tag":[],"class_list":{"0":"post-39004","1":"product","2":"type-product","3":"status-publish","4":"has-post-thumbnail","6":"product_brand-flir","7":"product_cat-elektrikiem-un-energetikas-inzenieriem","9":"first","10":"instock","11":"taxable","12":"shipping-taxable","13":"purchasable","14":"product-type-simple"},"acf":[],"yoast_head":"<!-- This site is optimized with the Yoast SEO plugin v27.0 - https:\/\/yoast.com\/product\/yoast-seo-wordpress\/ -->\n<title>Flir CM57-2 Clamp m\u0113r\u012bt\u0101js - AXIOMA MS<\/title>\n<meta name=\"robots\" content=\"index, follow, max-snippet:-1, max-image-preview:large, max-video-preview:-1\" \/>\n<link rel=\"canonical\" href=\"https:\/\/www.axiomams.eu\/lv\/produktas\/flir-cm57-2-clamp-meritajs\" \/>\n<meta property=\"og:locale\" content=\"lv_LV\" \/>\n<meta property=\"og:type\" content=\"article\" \/>\n<meta property=\"og:title\" content=\"Flir CM57-2 Clamp m\u0113r\u012bt\u0101js - AXIOMA MS\" \/>\n<meta property=\"og:description\" content=\"CM57-2 FLIR elast\u012bgie skavu m\u0113r\u012bt\u0101ji ar Bluetooth\u00ae ir ergonomiski instrumenti, kas paredz\u0113ti, lai vienk\u0101r\u0161otu sare\u017e\u0123\u012btus str\u0101vas m\u0113r\u012bjumus. CM57-2 ir izgatavoti ar \u0161auru elast\u012bgu spoles lampu, kas \u013cauj viegli veikt m\u0113r\u012bjumus \u0161aur\u0101s vai ne\u0113rt\u0101s viet\u0101s, kas ir sare\u017e\u0123\u012bts uzdevums, izmantojot tradicion\u0101los spai\u013cu m\u0113r\u012bt\u0101jus ar cietu sp\u012bl\u0113m. Pateicoties Bluetooth sazi\u0146ai att\u0101lin\u0101tai apskatei un datu p\u0101rs\u016bt\u012b\u0161anai uz iOS...\" \/>\n<meta property=\"og:url\" content=\"https:\/\/www.axiomams.eu\/lv\/produktas\/flir-cm57-2-clamp-meritajs\" \/>\n<meta property=\"og:site_name\" content=\"AXIOMA MS\" \/>\n<meta property=\"article:publisher\" content=\"https:\/\/www.facebook.com\/AxiomaMS\" \/>\n<meta property=\"article:modified_time\" content=\"2026-03-25T14:59:32+00:00\" \/>\n<meta property=\"og:image\" content=\"https:\/\/www.axiomams.eu\/wp-content\/uploads\/2025\/07\/1276-4829.jpg\" \/>\n\t<meta property=\"og:image:width\" content=\"600\" \/>\n\t<meta property=\"og:image:height\" content=\"625\" \/>\n\t<meta property=\"og:image:type\" content=\"image\/jpeg\" \/>\n<meta name=\"twitter:card\" content=\"summary_large_image\" \/>\n<meta name=\"twitter:label1\" content=\"Est. reading time\" \/>\n\t<meta name=\"twitter:data1\" content=\"1 minute\" \/>\n<script type=\"application\/ld+json\" class=\"yoast-schema-graph\">{\"@context\":\"https:\/\/schema.org\",\"@graph\":[{\"@type\":\"WebPage\",\"@id\":\"https:\/\/www.axiomams.eu\/lv\/produktas\/flir-cm57-2-clamp-meritajs\",\"url\":\"https:\/\/www.axiomams.eu\/lv\/produktas\/flir-cm57-2-clamp-meritajs\",\"name\":\"Flir CM57-2 Clamp m\u0113r\u012bt\u0101js - AXIOMA MS\",\"isPartOf\":{\"@id\":\"https:\/\/www.axiomams.eu\/lv#website\"},\"primaryImageOfPage\":{\"@id\":\"https:\/\/www.axiomams.eu\/lv\/produktas\/flir-cm57-2-clamp-meritajs#primaryimage\"},\"image\":{\"@id\":\"https:\/\/www.axiomams.eu\/lv\/produktas\/flir-cm57-2-clamp-meritajs#primaryimage\"},\"thumbnailUrl\":\"https:\/\/www.axiomams.eu\/wp-content\/uploads\/2025\/07\/1276-4829.jpg\",\"datePublished\":\"2025-05-15T15:57:22+00:00\",\"dateModified\":\"2026-03-25T14:59:32+00:00\",\"breadcrumb\":{\"@id\":\"https:\/\/www.axiomams.eu\/lv\/produktas\/flir-cm57-2-clamp-meritajs#breadcrumb\"},\"inLanguage\":\"lv-LV\",\"potentialAction\":[{\"@type\":\"ReadAction\",\"target\":[\"https:\/\/www.axiomams.eu\/lv\/produktas\/flir-cm57-2-clamp-meritajs\"]}]},{\"@type\":\"ImageObject\",\"inLanguage\":\"lv-LV\",\"@id\":\"https:\/\/www.axiomams.eu\/lv\/produktas\/flir-cm57-2-clamp-meritajs#primaryimage\",\"url\":\"https:\/\/www.axiomams.eu\/wp-content\/uploads\/2025\/07\/1276-4829.jpg\",\"contentUrl\":\"https:\/\/www.axiomams.eu\/wp-content\/uploads\/2025\/07\/1276-4829.jpg\",\"width\":600,\"height\":625},{\"@type\":\"BreadcrumbList\",\"@id\":\"https:\/\/www.axiomams.eu\/lv\/produktas\/flir-cm57-2-clamp-meritajs#breadcrumb\",\"itemListElement\":[{\"@type\":\"ListItem\",\"position\":1,\"name\":\"Home\",\"item\":\"https:\/\/www.axiomams.eu\/lv\"},{\"@type\":\"ListItem\",\"position\":2,\"name\":\"Produkti\",\"item\":\"https:\/\/www.axiomams.eu\/lv\/produkti\"},{\"@type\":\"ListItem\",\"position\":3,\"name\":\"Flir CM57-2 Clamp m\u0113r\u012bt\u0101js\"}]},{\"@type\":\"WebSite\",\"@id\":\"https:\/\/www.axiomams.eu\/lv#website\",\"url\":\"https:\/\/www.axiomams.eu\/lv\",\"name\":\"AXIOMA MS\",\"description\":\"Terrmovizoriai ir matavimo \u012franga\",\"publisher\":{\"@id\":\"https:\/\/www.axiomams.eu\/lv#organization\"},\"potentialAction\":[{\"@type\":\"SearchAction\",\"target\":{\"@type\":\"EntryPoint\",\"urlTemplate\":\"https:\/\/www.axiomams.eu\/lv?s={search_term_string}\"},\"query-input\":{\"@type\":\"PropertyValueSpecification\",\"valueRequired\":true,\"valueName\":\"search_term_string\"}}],\"inLanguage\":\"lv-LV\"},{\"@type\":\"Organization\",\"@id\":\"https:\/\/www.axiomams.eu\/lv#organization\",\"name\":\"AXIOMA MS\",\"url\":\"https:\/\/www.axiomams.eu\/lv\",\"logo\":{\"@type\":\"ImageObject\",\"inLanguage\":\"lv-LV\",\"@id\":\"https:\/\/www.axiomams.eu\/lv#\/schema\/logo\/image\/\",\"url\":\"https:\/\/www.axiomams.eu\/wp-content\/uploads\/2025\/06\/axioma-logo-2.png\",\"contentUrl\":\"https:\/\/www.axiomams.eu\/wp-content\/uploads\/2025\/06\/axioma-logo-2.png\",\"width\":1200,\"height\":1200,\"caption\":\"AXIOMA MS\"},\"image\":{\"@id\":\"https:\/\/www.axiomams.eu\/lv#\/schema\/logo\/image\/\"},\"sameAs\":[\"https:\/\/www.facebook.com\/AxiomaMS\",\"https:\/\/www.linkedin.com\/company\/axiomams\/\"]}]}<\/script>\n<!-- \/ Yoast SEO plugin. -->","yoast_head_json":{"title":"Flir CM57-2 Clamp m\u0113r\u012bt\u0101js - AXIOMA MS","robots":{"index":"index","follow":"follow","max-snippet":"max-snippet:-1","max-image-preview":"max-image-preview:large","max-video-preview":"max-video-preview:-1"},"canonical":"https:\/\/www.axiomams.eu\/lv\/produktas\/flir-cm57-2-clamp-meritajs","og_locale":"lv_LV","og_type":"article","og_title":"Flir CM57-2 Clamp m\u0113r\u012bt\u0101js - AXIOMA MS","og_description":"CM57-2 FLIR elast\u012bgie skavu m\u0113r\u012bt\u0101ji ar Bluetooth\u00ae ir ergonomiski instrumenti, kas paredz\u0113ti, lai vienk\u0101r\u0161otu sare\u017e\u0123\u012btus str\u0101vas m\u0113r\u012bjumus. CM57-2 ir izgatavoti ar \u0161auru elast\u012bgu spoles lampu, kas \u013cauj viegli veikt m\u0113r\u012bjumus \u0161aur\u0101s vai ne\u0113rt\u0101s viet\u0101s, kas ir sare\u017e\u0123\u012bts uzdevums, izmantojot tradicion\u0101los spai\u013cu m\u0113r\u012bt\u0101jus ar cietu sp\u012bl\u0113m. Pateicoties Bluetooth sazi\u0146ai att\u0101lin\u0101tai apskatei un datu p\u0101rs\u016bt\u012b\u0161anai uz iOS...","og_url":"https:\/\/www.axiomams.eu\/lv\/produktas\/flir-cm57-2-clamp-meritajs","og_site_name":"AXIOMA MS","article_publisher":"https:\/\/www.facebook.com\/AxiomaMS","article_modified_time":"2026-03-25T14:59:32+00:00","og_image":[{"width":600,"height":625,"url":"https:\/\/www.axiomams.eu\/wp-content\/uploads\/2025\/07\/1276-4829.jpg","type":"image\/jpeg"}],"twitter_card":"summary_large_image","twitter_misc":{"Est. reading time":"1 minute"},"schema":{"@context":"https:\/\/schema.org","@graph":[{"@type":"WebPage","@id":"https:\/\/www.axiomams.eu\/lv\/produktas\/flir-cm57-2-clamp-meritajs","url":"https:\/\/www.axiomams.eu\/lv\/produktas\/flir-cm57-2-clamp-meritajs","name":"Flir CM57-2 Clamp m\u0113r\u012bt\u0101js - AXIOMA MS","isPartOf":{"@id":"https:\/\/www.axiomams.eu\/lv#website"},"primaryImageOfPage":{"@id":"https:\/\/www.axiomams.eu\/lv\/produktas\/flir-cm57-2-clamp-meritajs#primaryimage"},"image":{"@id":"https:\/\/www.axiomams.eu\/lv\/produktas\/flir-cm57-2-clamp-meritajs#primaryimage"},"thumbnailUrl":"https:\/\/www.axiomams.eu\/wp-content\/uploads\/2025\/07\/1276-4829.jpg","datePublished":"2025-05-15T15:57:22+00:00","dateModified":"2026-03-25T14:59:32+00:00","breadcrumb":{"@id":"https:\/\/www.axiomams.eu\/lv\/produktas\/flir-cm57-2-clamp-meritajs#breadcrumb"},"inLanguage":"lv-LV","potentialAction":[{"@type":"ReadAction","target":["https:\/\/www.axiomams.eu\/lv\/produktas\/flir-cm57-2-clamp-meritajs"]}]},{"@type":"ImageObject","inLanguage":"lv-LV","@id":"https:\/\/www.axiomams.eu\/lv\/produktas\/flir-cm57-2-clamp-meritajs#primaryimage","url":"https:\/\/www.axiomams.eu\/wp-content\/uploads\/2025\/07\/1276-4829.jpg","contentUrl":"https:\/\/www.axiomams.eu\/wp-content\/uploads\/2025\/07\/1276-4829.jpg","width":600,"height":625},{"@type":"BreadcrumbList","@id":"https:\/\/www.axiomams.eu\/lv\/produktas\/flir-cm57-2-clamp-meritajs#breadcrumb","itemListElement":[{"@type":"ListItem","position":1,"name":"Home","item":"https:\/\/www.axiomams.eu\/lv"},{"@type":"ListItem","position":2,"name":"Produkti","item":"https:\/\/www.axiomams.eu\/lv\/produkti"},{"@type":"ListItem","position":3,"name":"Flir CM57-2 Clamp m\u0113r\u012bt\u0101js"}]},{"@type":"WebSite","@id":"https:\/\/www.axiomams.eu\/lv#website","url":"https:\/\/www.axiomams.eu\/lv","name":"AXIOMA MS","description":"Terrmovizoriai ir matavimo \u012franga","publisher":{"@id":"https:\/\/www.axiomams.eu\/lv#organization"},"potentialAction":[{"@type":"SearchAction","target":{"@type":"EntryPoint","urlTemplate":"https:\/\/www.axiomams.eu\/lv?s={search_term_string}"},"query-input":{"@type":"PropertyValueSpecification","valueRequired":true,"valueName":"search_term_string"}}],"inLanguage":"lv-LV"},{"@type":"Organization","@id":"https:\/\/www.axiomams.eu\/lv#organization","name":"AXIOMA MS","url":"https:\/\/www.axiomams.eu\/lv","logo":{"@type":"ImageObject","inLanguage":"lv-LV","@id":"https:\/\/www.axiomams.eu\/lv#\/schema\/logo\/image\/","url":"https:\/\/www.axiomams.eu\/wp-content\/uploads\/2025\/06\/axioma-logo-2.png","contentUrl":"https:\/\/www.axiomams.eu\/wp-content\/uploads\/2025\/06\/axioma-logo-2.png","width":1200,"height":1200,"caption":"AXIOMA MS"},"image":{"@id":"https:\/\/www.axiomams.eu\/lv#\/schema\/logo\/image\/"},"sameAs":["https:\/\/www.facebook.com\/AxiomaMS","https:\/\/www.linkedin.com\/company\/axiomams\/"]}]}},"_links":{"self":[{"href":"https:\/\/www.axiomams.eu\/lv\/wp-json\/wp\/v2\/product\/39004","targetHints":{"allow":["GET"]}}],"collection":[{"href":"https:\/\/www.axiomams.eu\/lv\/wp-json\/wp\/v2\/product"}],"about":[{"href":"https:\/\/www.axiomams.eu\/lv\/wp-json\/wp\/v2\/types\/product"}],"replies":[{"embeddable":true,"href":"https:\/\/www.axiomams.eu\/lv\/wp-json\/wp\/v2\/comments?post=39004"}],"wp:featuredmedia":[{"embeddable":true,"href":"https:\/\/www.axiomams.eu\/lv\/wp-json\/wp\/v2\/media\/41716"}],"wp:attachment":[{"href":"https:\/\/www.axiomams.eu\/lv\/wp-json\/wp\/v2\/media?parent=39004"}],"wp:term":[{"taxonomy":"product_brand","embeddable":true,"href":"https:\/\/www.axiomams.eu\/lv\/wp-json\/wp\/v2\/product_brand?post=39004"},{"taxonomy":"product_cat","embeddable":true,"href":"https:\/\/www.axiomams.eu\/lv\/wp-json\/wp\/v2\/product_cat?post=39004"},{"taxonomy":"product_tag","embeddable":true,"href":"https:\/\/www.axiomams.eu\/lv\/wp-json\/wp\/v2\/product_tag?post=39004"}],"curies":[{"name":"wp","href":"https:\/\/api.w.org\/{rel}","templated":true}]}}