{"id":39006,"date":"2025-05-15T18:07:36","date_gmt":"2025-05-15T16:07:36","guid":{"rendered":"https:\/\/www.axiomams.eu\/produktas\/saspiesta-gaisa-nopludes-detektors"},"modified":"2026-03-25T16:59:34","modified_gmt":"2026-03-25T14:59:34","slug":"saspiesta-gaisa-nopludes-detektors","status":"publish","type":"product","link":"https:\/\/www.axiomams.eu\/lv\/produktas\/saspiesta-gaisa-nopludes-detektors","title":{"rendered":"Saspiest\u0101 gaisa nopl\u016bdes detektors"},"content":{"rendered":"<p>Darb\u012bbas frekvence: 40 kHz \u00b1 2 kHz<br \/>\nSavienojumi: 3,5 mm stereo ligzda austi\u0146\u0101m.<br \/>\nStr\u0101vas padeves ligzda \u0101r\u0113j\u0101 l\u0101d\u0113t\u0101ja piesl\u0113g\u0161anai.<br \/>\nL\u0101zers: Vi\u013c\u0146a garums: 645 nm &#8230; 660 nm<br \/>\nIzejas jauda: < 1 mW (l\u0101zera 2. klase)\nDarb\u012bbas laiks: 10 h\nUzl\u0101des laiks: aptuveni 1,5 h\nDarba temperat\u016bra: 1,5 \u00b0C: 0 \u00b0C ... +40 \u00b0C\n\nStandarta komplekts: nopl\u016bdes detektors saspiest\u0101 gaisa sist\u0113m\u0101m, transport\u0113\u0161anas futr\u0101lis, ska\u0146u necaurlaid\u012bgas austi\u0146as, fokusa caurule ar fokusa uzgal\u012bti, mai\u0146str\u0101vas adaptera kontaktdak\u0161a, akustisk\u0101 stabule.\n\n\n\n<h3>Tehnisk\u0101 inform\u0101cija:<\/h3>\n<ul>\n<li><a href=\"https:\/\/axiomams.eu\/importer\/export\/attachments\/en\/data_sheet_en.pdf\" target=\"_blank\">Data_sheet_EN.pdf<\/a><\/li>\n<\/ul>\n","protected":false},"excerpt":{"rendered":"<p>Darb\u012bbas frekvence: 40 kHz \u00b1 2 kHz Savienojumi: 3,5 mm stereo ligzda austi\u0146\u0101m. Str\u0101vas padeves ligzda \u0101r\u0113j\u0101 l\u0101d\u0113t\u0101ja piesl\u0113g\u0161anai. L\u0101zers: Vi\u013c\u0146a garums: 645 nm &#8230; 660 nm Izejas jauda: < 1 mW (l\u0101zera 2. klase) Darb\u012bbas laiks: 10 h Uzl\u0101des laiks: aptuveni 1,5 h Darba temperat\u016bra: 1,5 \u00b0C: 0 \u00b0C ... +40 \u00b0C Standarta komplekts:...\n<\/p>\n","protected":false},"featured_media":42469,"comment_status":"open","ping_status":"closed","template":"","meta":{"_acf_changed":false},"product_brand":[],"product_cat":[17749],"product_tag":[],"class_list":{"0":"post-39006","1":"product","2":"type-product","3":"status-publish","4":"has-post-thumbnail","6":"product_cat-saspiesta-gaisa-nopludes-meklesana","8":"first","9":"instock","10":"taxable","11":"shipping-taxable","12":"product-type-simple"},"acf":[],"yoast_head":"<!-- This site is optimized with the Yoast SEO plugin v27.0 - https:\/\/yoast.com\/product\/yoast-seo-wordpress\/ -->\n<title>Saspiest\u0101 gaisa nopl\u016bdes detektors - AXIOMA MS<\/title>\n<meta name=\"robots\" content=\"index, follow, max-snippet:-1, max-image-preview:large, max-video-preview:-1\" \/>\n<link rel=\"canonical\" href=\"https:\/\/www.axiomams.eu\/lv\/produktas\/saspiesta-gaisa-nopludes-detektors\" \/>\n<meta property=\"og:locale\" content=\"lv_LV\" \/>\n<meta property=\"og:type\" content=\"article\" \/>\n<meta property=\"og:title\" content=\"Saspiest\u0101 gaisa nopl\u016bdes detektors - AXIOMA MS\" \/>\n<meta property=\"og:description\" content=\"Darb\u012bbas frekvence: 40 kHz \u00b1 2 kHz Savienojumi: 3,5 mm stereo ligzda austi\u0146\u0101m. Str\u0101vas padeves ligzda \u0101r\u0113j\u0101 l\u0101d\u0113t\u0101ja piesl\u0113g\u0161anai. L\u0101zers: Vi\u013c\u0146a garums: 645 nm &#8230; 660 nm Izejas jauda: &lt; 1 mW (l\u0101zera 2. klase) Darb\u012bbas laiks: 10 h Uzl\u0101des laiks: aptuveni 1,5 h Darba temperat\u016bra: 1,5 \u00b0C: 0 \u00b0C ... +40 \u00b0C Standarta komplekts:...\" \/>\n<meta property=\"og:url\" content=\"https:\/\/www.axiomams.eu\/lv\/produktas\/saspiesta-gaisa-nopludes-detektors\" \/>\n<meta property=\"og:site_name\" content=\"AXIOMA MS\" \/>\n<meta property=\"article:publisher\" content=\"https:\/\/www.facebook.com\/AxiomaMS\" \/>\n<meta property=\"article:modified_time\" content=\"2026-03-25T14:59:34+00:00\" \/>\n<meta property=\"og:image\" content=\"https:\/\/www.axiomams.eu\/wp-content\/uploads\/2025\/07\/3300-4370.jpg\" \/>\n\t<meta property=\"og:image:width\" content=\"919\" \/>\n\t<meta property=\"og:image:height\" content=\"1020\" \/>\n\t<meta property=\"og:image:type\" content=\"image\/jpeg\" \/>\n<meta name=\"twitter:card\" content=\"summary_large_image\" \/>\n<script type=\"application\/ld+json\" class=\"yoast-schema-graph\">{\"@context\":\"https:\/\/schema.org\",\"@graph\":[{\"@type\":\"WebPage\",\"@id\":\"https:\/\/www.axiomams.eu\/lv\/produktas\/saspiesta-gaisa-nopludes-detektors\",\"url\":\"https:\/\/www.axiomams.eu\/lv\/produktas\/saspiesta-gaisa-nopludes-detektors\",\"name\":\"Saspiest\u0101 gaisa nopl\u016bdes detektors - AXIOMA MS\",\"isPartOf\":{\"@id\":\"https:\/\/www.axiomams.eu\/lv#website\"},\"primaryImageOfPage\":{\"@id\":\"https:\/\/www.axiomams.eu\/lv\/produktas\/saspiesta-gaisa-nopludes-detektors#primaryimage\"},\"image\":{\"@id\":\"https:\/\/www.axiomams.eu\/lv\/produktas\/saspiesta-gaisa-nopludes-detektors#primaryimage\"},\"thumbnailUrl\":\"https:\/\/www.axiomams.eu\/wp-content\/uploads\/2025\/07\/3300-4370.jpg\",\"datePublished\":\"2025-05-15T16:07:36+00:00\",\"dateModified\":\"2026-03-25T14:59:34+00:00\",\"breadcrumb\":{\"@id\":\"https:\/\/www.axiomams.eu\/lv\/produktas\/saspiesta-gaisa-nopludes-detektors#breadcrumb\"},\"inLanguage\":\"lv-LV\",\"potentialAction\":[{\"@type\":\"ReadAction\",\"target\":[\"https:\/\/www.axiomams.eu\/lv\/produktas\/saspiesta-gaisa-nopludes-detektors\"]}]},{\"@type\":\"ImageObject\",\"inLanguage\":\"lv-LV\",\"@id\":\"https:\/\/www.axiomams.eu\/lv\/produktas\/saspiesta-gaisa-nopludes-detektors#primaryimage\",\"url\":\"https:\/\/www.axiomams.eu\/wp-content\/uploads\/2025\/07\/3300-4370.jpg\",\"contentUrl\":\"https:\/\/www.axiomams.eu\/wp-content\/uploads\/2025\/07\/3300-4370.jpg\",\"width\":919,\"height\":1020},{\"@type\":\"BreadcrumbList\",\"@id\":\"https:\/\/www.axiomams.eu\/lv\/produktas\/saspiesta-gaisa-nopludes-detektors#breadcrumb\",\"itemListElement\":[{\"@type\":\"ListItem\",\"position\":1,\"name\":\"Home\",\"item\":\"https:\/\/www.axiomams.eu\/lv\"},{\"@type\":\"ListItem\",\"position\":2,\"name\":\"Produkti\",\"item\":\"https:\/\/www.axiomams.eu\/lv\/produkti\"},{\"@type\":\"ListItem\",\"position\":3,\"name\":\"Saspiest\u0101 gaisa nopl\u016bdes detektors\"}]},{\"@type\":\"WebSite\",\"@id\":\"https:\/\/www.axiomams.eu\/lv#website\",\"url\":\"https:\/\/www.axiomams.eu\/lv\",\"name\":\"AXIOMA MS\",\"description\":\"Terrmovizoriai ir matavimo \u012franga\",\"publisher\":{\"@id\":\"https:\/\/www.axiomams.eu\/lv#organization\"},\"potentialAction\":[{\"@type\":\"SearchAction\",\"target\":{\"@type\":\"EntryPoint\",\"urlTemplate\":\"https:\/\/www.axiomams.eu\/lv?s={search_term_string}\"},\"query-input\":{\"@type\":\"PropertyValueSpecification\",\"valueRequired\":true,\"valueName\":\"search_term_string\"}}],\"inLanguage\":\"lv-LV\"},{\"@type\":\"Organization\",\"@id\":\"https:\/\/www.axiomams.eu\/lv#organization\",\"name\":\"AXIOMA MS\",\"url\":\"https:\/\/www.axiomams.eu\/lv\",\"logo\":{\"@type\":\"ImageObject\",\"inLanguage\":\"lv-LV\",\"@id\":\"https:\/\/www.axiomams.eu\/lv#\/schema\/logo\/image\/\",\"url\":\"https:\/\/www.axiomams.eu\/wp-content\/uploads\/2025\/06\/axioma-logo-2.png\",\"contentUrl\":\"https:\/\/www.axiomams.eu\/wp-content\/uploads\/2025\/06\/axioma-logo-2.png\",\"width\":1200,\"height\":1200,\"caption\":\"AXIOMA MS\"},\"image\":{\"@id\":\"https:\/\/www.axiomams.eu\/lv#\/schema\/logo\/image\/\"},\"sameAs\":[\"https:\/\/www.facebook.com\/AxiomaMS\",\"https:\/\/www.linkedin.com\/company\/axiomams\/\"]}]}<\/script>\n<!-- \/ Yoast SEO plugin. -->","yoast_head_json":{"title":"Saspiest\u0101 gaisa nopl\u016bdes detektors - AXIOMA MS","robots":{"index":"index","follow":"follow","max-snippet":"max-snippet:-1","max-image-preview":"max-image-preview:large","max-video-preview":"max-video-preview:-1"},"canonical":"https:\/\/www.axiomams.eu\/lv\/produktas\/saspiesta-gaisa-nopludes-detektors","og_locale":"lv_LV","og_type":"article","og_title":"Saspiest\u0101 gaisa nopl\u016bdes detektors - AXIOMA MS","og_description":"Darb\u012bbas frekvence: 40 kHz \u00b1 2 kHz Savienojumi: 3,5 mm stereo ligzda austi\u0146\u0101m. Str\u0101vas padeves ligzda \u0101r\u0113j\u0101 l\u0101d\u0113t\u0101ja piesl\u0113g\u0161anai. L\u0101zers: Vi\u013c\u0146a garums: 645 nm &#8230; 660 nm Izejas jauda: < 1 mW (l\u0101zera 2. klase) Darb\u012bbas laiks: 10 h Uzl\u0101des laiks: aptuveni 1,5 h Darba temperat\u016bra: 1,5 \u00b0C: 0 \u00b0C ... +40 \u00b0C Standarta komplekts:...","og_url":"https:\/\/www.axiomams.eu\/lv\/produktas\/saspiesta-gaisa-nopludes-detektors","og_site_name":"AXIOMA MS","article_publisher":"https:\/\/www.facebook.com\/AxiomaMS","article_modified_time":"2026-03-25T14:59:34+00:00","og_image":[{"width":919,"height":1020,"url":"https:\/\/www.axiomams.eu\/wp-content\/uploads\/2025\/07\/3300-4370.jpg","type":"image\/jpeg"}],"twitter_card":"summary_large_image","schema":{"@context":"https:\/\/schema.org","@graph":[{"@type":"WebPage","@id":"https:\/\/www.axiomams.eu\/lv\/produktas\/saspiesta-gaisa-nopludes-detektors","url":"https:\/\/www.axiomams.eu\/lv\/produktas\/saspiesta-gaisa-nopludes-detektors","name":"Saspiest\u0101 gaisa nopl\u016bdes detektors - AXIOMA MS","isPartOf":{"@id":"https:\/\/www.axiomams.eu\/lv#website"},"primaryImageOfPage":{"@id":"https:\/\/www.axiomams.eu\/lv\/produktas\/saspiesta-gaisa-nopludes-detektors#primaryimage"},"image":{"@id":"https:\/\/www.axiomams.eu\/lv\/produktas\/saspiesta-gaisa-nopludes-detektors#primaryimage"},"thumbnailUrl":"https:\/\/www.axiomams.eu\/wp-content\/uploads\/2025\/07\/3300-4370.jpg","datePublished":"2025-05-15T16:07:36+00:00","dateModified":"2026-03-25T14:59:34+00:00","breadcrumb":{"@id":"https:\/\/www.axiomams.eu\/lv\/produktas\/saspiesta-gaisa-nopludes-detektors#breadcrumb"},"inLanguage":"lv-LV","potentialAction":[{"@type":"ReadAction","target":["https:\/\/www.axiomams.eu\/lv\/produktas\/saspiesta-gaisa-nopludes-detektors"]}]},{"@type":"ImageObject","inLanguage":"lv-LV","@id":"https:\/\/www.axiomams.eu\/lv\/produktas\/saspiesta-gaisa-nopludes-detektors#primaryimage","url":"https:\/\/www.axiomams.eu\/wp-content\/uploads\/2025\/07\/3300-4370.jpg","contentUrl":"https:\/\/www.axiomams.eu\/wp-content\/uploads\/2025\/07\/3300-4370.jpg","width":919,"height":1020},{"@type":"BreadcrumbList","@id":"https:\/\/www.axiomams.eu\/lv\/produktas\/saspiesta-gaisa-nopludes-detektors#breadcrumb","itemListElement":[{"@type":"ListItem","position":1,"name":"Home","item":"https:\/\/www.axiomams.eu\/lv"},{"@type":"ListItem","position":2,"name":"Produkti","item":"https:\/\/www.axiomams.eu\/lv\/produkti"},{"@type":"ListItem","position":3,"name":"Saspiest\u0101 gaisa nopl\u016bdes detektors"}]},{"@type":"WebSite","@id":"https:\/\/www.axiomams.eu\/lv#website","url":"https:\/\/www.axiomams.eu\/lv","name":"AXIOMA MS","description":"Terrmovizoriai ir matavimo \u012franga","publisher":{"@id":"https:\/\/www.axiomams.eu\/lv#organization"},"potentialAction":[{"@type":"SearchAction","target":{"@type":"EntryPoint","urlTemplate":"https:\/\/www.axiomams.eu\/lv?s={search_term_string}"},"query-input":{"@type":"PropertyValueSpecification","valueRequired":true,"valueName":"search_term_string"}}],"inLanguage":"lv-LV"},{"@type":"Organization","@id":"https:\/\/www.axiomams.eu\/lv#organization","name":"AXIOMA MS","url":"https:\/\/www.axiomams.eu\/lv","logo":{"@type":"ImageObject","inLanguage":"lv-LV","@id":"https:\/\/www.axiomams.eu\/lv#\/schema\/logo\/image\/","url":"https:\/\/www.axiomams.eu\/wp-content\/uploads\/2025\/06\/axioma-logo-2.png","contentUrl":"https:\/\/www.axiomams.eu\/wp-content\/uploads\/2025\/06\/axioma-logo-2.png","width":1200,"height":1200,"caption":"AXIOMA MS"},"image":{"@id":"https:\/\/www.axiomams.eu\/lv#\/schema\/logo\/image\/"},"sameAs":["https:\/\/www.facebook.com\/AxiomaMS","https:\/\/www.linkedin.com\/company\/axiomams\/"]}]}},"_links":{"self":[{"href":"https:\/\/www.axiomams.eu\/lv\/wp-json\/wp\/v2\/product\/39006","targetHints":{"allow":["GET"]}}],"collection":[{"href":"https:\/\/www.axiomams.eu\/lv\/wp-json\/wp\/v2\/product"}],"about":[{"href":"https:\/\/www.axiomams.eu\/lv\/wp-json\/wp\/v2\/types\/product"}],"replies":[{"embeddable":true,"href":"https:\/\/www.axiomams.eu\/lv\/wp-json\/wp\/v2\/comments?post=39006"}],"wp:featuredmedia":[{"embeddable":true,"href":"https:\/\/www.axiomams.eu\/lv\/wp-json\/wp\/v2\/media\/42469"}],"wp:attachment":[{"href":"https:\/\/www.axiomams.eu\/lv\/wp-json\/wp\/v2\/media?parent=39006"}],"wp:term":[{"taxonomy":"product_brand","embeddable":true,"href":"https:\/\/www.axiomams.eu\/lv\/wp-json\/wp\/v2\/product_brand?post=39006"},{"taxonomy":"product_cat","embeddable":true,"href":"https:\/\/www.axiomams.eu\/lv\/wp-json\/wp\/v2\/product_cat?post=39006"},{"taxonomy":"product_tag","embeddable":true,"href":"https:\/\/www.axiomams.eu\/lv\/wp-json\/wp\/v2\/product_tag?post=39006"}],"curies":[{"name":"wp","href":"https:\/\/api.w.org\/{rel}","templated":true}]}}