{"id":39011,"date":"2025-05-15T18:01:05","date_gmt":"2025-05-15T16:01:05","guid":{"rendered":"https:\/\/www.axiomams.eu\/produktas\/ametek-ctc-660-temperaturas-kalibrators"},"modified":"2026-03-25T16:59:35","modified_gmt":"2026-03-25T14:59:35","slug":"ametek-ctc-660-temperaturas-kalibrators","status":"publish","type":"product","link":"https:\/\/www.axiomams.eu\/lv\/produktas\/ametek-ctc-660-temperaturas-kalibrators","title":{"rendered":"Ametek CTC-660 temperat\u016bras kalibrators"},"content":{"rendered":"<p>JOFRA AMETEK CTC-660 sauso bloku kalibratori ir izstr\u0101d\u0101ti, lai daudz viegl\u0101k veiktu patiesas temperat\u016bras kalibr\u0113\u0161anu uz vietas un ieg\u016btu uzticamus rezult\u0101tus. Vienk\u0101r\u0161\u0101 darb\u012bba un autom\u0101tisk\u0101s funkcijas ir r\u016bp\u012bgi atlas\u012btas, lai t\u0101s b\u016btu viegli lietojamas. T\u0101d\u0113j\u0101di ir rad\u012bts \u0101trs, vienk\u0101r\u0161s un efekt\u012bvs temperat\u016bras kalibrators, nemazinot kvalit\u0101ti.<br \/>\nSe\u0161i mode\u013ci &#8211; JOFRA CTC s\u0113rija sast\u0101v no se\u0161iem da\u017e\u0101diem mode\u013ciem, kas at\u0161\u0137iras p\u0113c temperat\u016bras diapazona un iegremd\u0113\u0161anas dzi\u013cuma. Visiem mode\u013ciem ir l\u012bdz\u012bgas funkcijas un liels, ar aizmuguri izgaismots LCD displeja panelis, kas ir viegli salas\u0101ms pat labi apgaismot\u0101s telp\u0101s. CTC s\u0113rijas sauso bloku aizsarg\u0101 iztur\u012bgs, pl\u0101ns, alum\u012bnija \u0101r\u0113jais korpuss ar lieto aug\u0161\u0113jo un apak\u0161\u0113jo da\u013cu.<br \/>\nLabi &#8211; optimiz\u0113ts \u0101trumam &#8211; \u012bpa\u0161i izstr\u0101d\u0101tais sild\u012b\u0161anas bloka profils samazina masu, t\u0101p\u0113c tas \u013coti \u0101tri uzsilst un atdziest. Konstrukcija joproj\u0101m nodro\u0161ina labu stabilit\u0101ti un precizit\u0101ti.<br \/>\nLiela elast\u012bba &#8211; J\u016bs neierobe\u017eo fiks\u0113ti caurumi. Lai piel\u0101gotu test\u0113jam\u0101 sensora diametru, tiek izmantotas main\u0101mas ievieto\u0161anas caurul\u012btes. Ir pieejami ar\u012b vair\u0101ku caurumu ielikt\u0146i.<\/p>\n<p>Standarta komplekts: kalibrators, str\u0101vas kabelis, testa kabe\u013cu komplekts (1 melns, 1 sarkans), ievieto\u0161anas caurule, ievieto\u0161anas caurules instruments, izsekojams sertifik\u0101ts, RS 232 s\u0113rijas kabelis, USB atsl\u0113ga ar uzzi\u0146u rokasgr\u0101matu un programmat\u016bras paketi &#8220;JOFRACAL&#8221;.<\/p>\n<h3>Tehnisk\u0101 inform\u0101cija:<\/h3>\n<ul>\n<li><a href=\"https:\/\/axiomams.eu\/importer\/export\/attachments\/en\/ametek-jofra-ctc.pdf\" target=\"_blank\">Ametek Jofra CTC.pdf<\/a><\/li>\n<\/ul>\n","protected":false},"excerpt":{"rendered":"<p>JOFRA AMETEK CTC-660 sauso bloku kalibratori ir izstr\u0101d\u0101ti, lai daudz viegl\u0101k veiktu patiesas temperat\u016bras kalibr\u0113\u0161anu uz vietas un ieg\u016btu uzticamus rezult\u0101tus. Vienk\u0101r\u0161\u0101 darb\u012bba un autom\u0101tisk\u0101s funkcijas ir r\u016bp\u012bgi atlas\u012btas, lai t\u0101s b\u016btu viegli lietojamas. T\u0101d\u0113j\u0101di ir rad\u012bts \u0101trs, vienk\u0101r\u0161s un efekt\u012bvs temperat\u016bras kalibrators, nemazinot kvalit\u0101ti. Se\u0161i mode\u013ci &#8211; JOFRA CTC s\u0113rija sast\u0101v no se\u0161iem da\u017e\u0101diem&#8230;<\/p>\n","protected":false},"featured_media":41728,"comment_status":"open","ping_status":"closed","template":"","meta":{"_acf_changed":false},"product_brand":[1202],"product_cat":[17745],"product_tag":[],"class_list":{"0":"post-39011","1":"product","2":"type-product","3":"status-publish","4":"has-post-thumbnail","6":"product_brand-ametek","7":"product_cat-procesa-un-temperaturas-kalibresanai","9":"first","10":"instock","11":"taxable","12":"shipping-taxable","13":"product-type-simple"},"acf":[],"yoast_head":"<!-- This site is optimized with the Yoast SEO plugin v27.0 - https:\/\/yoast.com\/product\/yoast-seo-wordpress\/ -->\n<title>Ametek CTC-660 temperat\u016bras kalibrators - AXIOMA MS<\/title>\n<meta name=\"robots\" content=\"index, follow, max-snippet:-1, max-image-preview:large, max-video-preview:-1\" \/>\n<link rel=\"canonical\" href=\"https:\/\/www.axiomams.eu\/lv\/produktas\/ametek-ctc-660-temperaturas-kalibrators\" \/>\n<meta property=\"og:locale\" content=\"lv_LV\" \/>\n<meta property=\"og:type\" content=\"article\" \/>\n<meta property=\"og:title\" content=\"Ametek CTC-660 temperat\u016bras kalibrators - AXIOMA MS\" \/>\n<meta property=\"og:description\" content=\"JOFRA AMETEK CTC-660 sauso bloku kalibratori ir izstr\u0101d\u0101ti, lai daudz viegl\u0101k veiktu patiesas temperat\u016bras kalibr\u0113\u0161anu uz vietas un ieg\u016btu uzticamus rezult\u0101tus. Vienk\u0101r\u0161\u0101 darb\u012bba un autom\u0101tisk\u0101s funkcijas ir r\u016bp\u012bgi atlas\u012btas, lai t\u0101s b\u016btu viegli lietojamas. T\u0101d\u0113j\u0101di ir rad\u012bts \u0101trs, vienk\u0101r\u0161s un efekt\u012bvs temperat\u016bras kalibrators, nemazinot kvalit\u0101ti. Se\u0161i mode\u013ci &#8211; JOFRA CTC s\u0113rija sast\u0101v no se\u0161iem da\u017e\u0101diem...\" \/>\n<meta property=\"og:url\" content=\"https:\/\/www.axiomams.eu\/lv\/produktas\/ametek-ctc-660-temperaturas-kalibrators\" \/>\n<meta property=\"og:site_name\" content=\"AXIOMA MS\" \/>\n<meta property=\"article:publisher\" content=\"https:\/\/www.facebook.com\/AxiomaMS\" \/>\n<meta property=\"article:modified_time\" content=\"2026-03-25T14:59:35+00:00\" \/>\n<meta property=\"og:image\" content=\"https:\/\/www.axiomams.eu\/wp-content\/uploads\/2025\/07\/1651-2153.jpg\" \/>\n\t<meta property=\"og:image:width\" content=\"947\" \/>\n\t<meta property=\"og:image:height\" content=\"861\" \/>\n\t<meta property=\"og:image:type\" content=\"image\/jpeg\" \/>\n<meta name=\"twitter:card\" content=\"summary_large_image\" \/>\n<meta name=\"twitter:label1\" content=\"Est. reading time\" \/>\n\t<meta name=\"twitter:data1\" content=\"1 minute\" \/>\n<script type=\"application\/ld+json\" class=\"yoast-schema-graph\">{\"@context\":\"https:\/\/schema.org\",\"@graph\":[{\"@type\":\"WebPage\",\"@id\":\"https:\/\/www.axiomams.eu\/lv\/produktas\/ametek-ctc-660-temperaturas-kalibrators\",\"url\":\"https:\/\/www.axiomams.eu\/lv\/produktas\/ametek-ctc-660-temperaturas-kalibrators\",\"name\":\"Ametek CTC-660 temperat\u016bras kalibrators - AXIOMA MS\",\"isPartOf\":{\"@id\":\"https:\/\/www.axiomams.eu\/lv#website\"},\"primaryImageOfPage\":{\"@id\":\"https:\/\/www.axiomams.eu\/lv\/produktas\/ametek-ctc-660-temperaturas-kalibrators#primaryimage\"},\"image\":{\"@id\":\"https:\/\/www.axiomams.eu\/lv\/produktas\/ametek-ctc-660-temperaturas-kalibrators#primaryimage\"},\"thumbnailUrl\":\"https:\/\/www.axiomams.eu\/wp-content\/uploads\/2025\/07\/1651-2153.jpg\",\"datePublished\":\"2025-05-15T16:01:05+00:00\",\"dateModified\":\"2026-03-25T14:59:35+00:00\",\"breadcrumb\":{\"@id\":\"https:\/\/www.axiomams.eu\/lv\/produktas\/ametek-ctc-660-temperaturas-kalibrators#breadcrumb\"},\"inLanguage\":\"lv-LV\",\"potentialAction\":[{\"@type\":\"ReadAction\",\"target\":[\"https:\/\/www.axiomams.eu\/lv\/produktas\/ametek-ctc-660-temperaturas-kalibrators\"]}]},{\"@type\":\"ImageObject\",\"inLanguage\":\"lv-LV\",\"@id\":\"https:\/\/www.axiomams.eu\/lv\/produktas\/ametek-ctc-660-temperaturas-kalibrators#primaryimage\",\"url\":\"https:\/\/www.axiomams.eu\/wp-content\/uploads\/2025\/07\/1651-2153.jpg\",\"contentUrl\":\"https:\/\/www.axiomams.eu\/wp-content\/uploads\/2025\/07\/1651-2153.jpg\",\"width\":947,\"height\":861},{\"@type\":\"BreadcrumbList\",\"@id\":\"https:\/\/www.axiomams.eu\/lv\/produktas\/ametek-ctc-660-temperaturas-kalibrators#breadcrumb\",\"itemListElement\":[{\"@type\":\"ListItem\",\"position\":1,\"name\":\"Home\",\"item\":\"https:\/\/www.axiomams.eu\/lv\"},{\"@type\":\"ListItem\",\"position\":2,\"name\":\"Produkti\",\"item\":\"https:\/\/www.axiomams.eu\/lv\/produkti\"},{\"@type\":\"ListItem\",\"position\":3,\"name\":\"Ametek CTC-660 temperat\u016bras kalibrators\"}]},{\"@type\":\"WebSite\",\"@id\":\"https:\/\/www.axiomams.eu\/lv#website\",\"url\":\"https:\/\/www.axiomams.eu\/lv\",\"name\":\"AXIOMA MS\",\"description\":\"Terrmovizoriai ir matavimo \u012franga\",\"publisher\":{\"@id\":\"https:\/\/www.axiomams.eu\/lv#organization\"},\"potentialAction\":[{\"@type\":\"SearchAction\",\"target\":{\"@type\":\"EntryPoint\",\"urlTemplate\":\"https:\/\/www.axiomams.eu\/lv?s={search_term_string}\"},\"query-input\":{\"@type\":\"PropertyValueSpecification\",\"valueRequired\":true,\"valueName\":\"search_term_string\"}}],\"inLanguage\":\"lv-LV\"},{\"@type\":\"Organization\",\"@id\":\"https:\/\/www.axiomams.eu\/lv#organization\",\"name\":\"AXIOMA MS\",\"url\":\"https:\/\/www.axiomams.eu\/lv\",\"logo\":{\"@type\":\"ImageObject\",\"inLanguage\":\"lv-LV\",\"@id\":\"https:\/\/www.axiomams.eu\/lv#\/schema\/logo\/image\/\",\"url\":\"https:\/\/www.axiomams.eu\/wp-content\/uploads\/2025\/06\/axioma-logo-2.png\",\"contentUrl\":\"https:\/\/www.axiomams.eu\/wp-content\/uploads\/2025\/06\/axioma-logo-2.png\",\"width\":1200,\"height\":1200,\"caption\":\"AXIOMA MS\"},\"image\":{\"@id\":\"https:\/\/www.axiomams.eu\/lv#\/schema\/logo\/image\/\"},\"sameAs\":[\"https:\/\/www.facebook.com\/AxiomaMS\",\"https:\/\/www.linkedin.com\/company\/axiomams\/\"]}]}<\/script>\n<!-- \/ Yoast SEO plugin. -->","yoast_head_json":{"title":"Ametek CTC-660 temperat\u016bras kalibrators - AXIOMA MS","robots":{"index":"index","follow":"follow","max-snippet":"max-snippet:-1","max-image-preview":"max-image-preview:large","max-video-preview":"max-video-preview:-1"},"canonical":"https:\/\/www.axiomams.eu\/lv\/produktas\/ametek-ctc-660-temperaturas-kalibrators","og_locale":"lv_LV","og_type":"article","og_title":"Ametek CTC-660 temperat\u016bras kalibrators - AXIOMA MS","og_description":"JOFRA AMETEK CTC-660 sauso bloku kalibratori ir izstr\u0101d\u0101ti, lai daudz viegl\u0101k veiktu patiesas temperat\u016bras kalibr\u0113\u0161anu uz vietas un ieg\u016btu uzticamus rezult\u0101tus. Vienk\u0101r\u0161\u0101 darb\u012bba un autom\u0101tisk\u0101s funkcijas ir r\u016bp\u012bgi atlas\u012btas, lai t\u0101s b\u016btu viegli lietojamas. T\u0101d\u0113j\u0101di ir rad\u012bts \u0101trs, vienk\u0101r\u0161s un efekt\u012bvs temperat\u016bras kalibrators, nemazinot kvalit\u0101ti. Se\u0161i mode\u013ci &#8211; JOFRA CTC s\u0113rija sast\u0101v no se\u0161iem da\u017e\u0101diem...","og_url":"https:\/\/www.axiomams.eu\/lv\/produktas\/ametek-ctc-660-temperaturas-kalibrators","og_site_name":"AXIOMA MS","article_publisher":"https:\/\/www.facebook.com\/AxiomaMS","article_modified_time":"2026-03-25T14:59:35+00:00","og_image":[{"width":947,"height":861,"url":"https:\/\/www.axiomams.eu\/wp-content\/uploads\/2025\/07\/1651-2153.jpg","type":"image\/jpeg"}],"twitter_card":"summary_large_image","twitter_misc":{"Est. reading time":"1 minute"},"schema":{"@context":"https:\/\/schema.org","@graph":[{"@type":"WebPage","@id":"https:\/\/www.axiomams.eu\/lv\/produktas\/ametek-ctc-660-temperaturas-kalibrators","url":"https:\/\/www.axiomams.eu\/lv\/produktas\/ametek-ctc-660-temperaturas-kalibrators","name":"Ametek CTC-660 temperat\u016bras kalibrators - AXIOMA MS","isPartOf":{"@id":"https:\/\/www.axiomams.eu\/lv#website"},"primaryImageOfPage":{"@id":"https:\/\/www.axiomams.eu\/lv\/produktas\/ametek-ctc-660-temperaturas-kalibrators#primaryimage"},"image":{"@id":"https:\/\/www.axiomams.eu\/lv\/produktas\/ametek-ctc-660-temperaturas-kalibrators#primaryimage"},"thumbnailUrl":"https:\/\/www.axiomams.eu\/wp-content\/uploads\/2025\/07\/1651-2153.jpg","datePublished":"2025-05-15T16:01:05+00:00","dateModified":"2026-03-25T14:59:35+00:00","breadcrumb":{"@id":"https:\/\/www.axiomams.eu\/lv\/produktas\/ametek-ctc-660-temperaturas-kalibrators#breadcrumb"},"inLanguage":"lv-LV","potentialAction":[{"@type":"ReadAction","target":["https:\/\/www.axiomams.eu\/lv\/produktas\/ametek-ctc-660-temperaturas-kalibrators"]}]},{"@type":"ImageObject","inLanguage":"lv-LV","@id":"https:\/\/www.axiomams.eu\/lv\/produktas\/ametek-ctc-660-temperaturas-kalibrators#primaryimage","url":"https:\/\/www.axiomams.eu\/wp-content\/uploads\/2025\/07\/1651-2153.jpg","contentUrl":"https:\/\/www.axiomams.eu\/wp-content\/uploads\/2025\/07\/1651-2153.jpg","width":947,"height":861},{"@type":"BreadcrumbList","@id":"https:\/\/www.axiomams.eu\/lv\/produktas\/ametek-ctc-660-temperaturas-kalibrators#breadcrumb","itemListElement":[{"@type":"ListItem","position":1,"name":"Home","item":"https:\/\/www.axiomams.eu\/lv"},{"@type":"ListItem","position":2,"name":"Produkti","item":"https:\/\/www.axiomams.eu\/lv\/produkti"},{"@type":"ListItem","position":3,"name":"Ametek CTC-660 temperat\u016bras kalibrators"}]},{"@type":"WebSite","@id":"https:\/\/www.axiomams.eu\/lv#website","url":"https:\/\/www.axiomams.eu\/lv","name":"AXIOMA MS","description":"Terrmovizoriai ir matavimo \u012franga","publisher":{"@id":"https:\/\/www.axiomams.eu\/lv#organization"},"potentialAction":[{"@type":"SearchAction","target":{"@type":"EntryPoint","urlTemplate":"https:\/\/www.axiomams.eu\/lv?s={search_term_string}"},"query-input":{"@type":"PropertyValueSpecification","valueRequired":true,"valueName":"search_term_string"}}],"inLanguage":"lv-LV"},{"@type":"Organization","@id":"https:\/\/www.axiomams.eu\/lv#organization","name":"AXIOMA MS","url":"https:\/\/www.axiomams.eu\/lv","logo":{"@type":"ImageObject","inLanguage":"lv-LV","@id":"https:\/\/www.axiomams.eu\/lv#\/schema\/logo\/image\/","url":"https:\/\/www.axiomams.eu\/wp-content\/uploads\/2025\/06\/axioma-logo-2.png","contentUrl":"https:\/\/www.axiomams.eu\/wp-content\/uploads\/2025\/06\/axioma-logo-2.png","width":1200,"height":1200,"caption":"AXIOMA MS"},"image":{"@id":"https:\/\/www.axiomams.eu\/lv#\/schema\/logo\/image\/"},"sameAs":["https:\/\/www.facebook.com\/AxiomaMS","https:\/\/www.linkedin.com\/company\/axiomams\/"]}]}},"_links":{"self":[{"href":"https:\/\/www.axiomams.eu\/lv\/wp-json\/wp\/v2\/product\/39011","targetHints":{"allow":["GET"]}}],"collection":[{"href":"https:\/\/www.axiomams.eu\/lv\/wp-json\/wp\/v2\/product"}],"about":[{"href":"https:\/\/www.axiomams.eu\/lv\/wp-json\/wp\/v2\/types\/product"}],"replies":[{"embeddable":true,"href":"https:\/\/www.axiomams.eu\/lv\/wp-json\/wp\/v2\/comments?post=39011"}],"wp:featuredmedia":[{"embeddable":true,"href":"https:\/\/www.axiomams.eu\/lv\/wp-json\/wp\/v2\/media\/41728"}],"wp:attachment":[{"href":"https:\/\/www.axiomams.eu\/lv\/wp-json\/wp\/v2\/media?parent=39011"}],"wp:term":[{"taxonomy":"product_brand","embeddable":true,"href":"https:\/\/www.axiomams.eu\/lv\/wp-json\/wp\/v2\/product_brand?post=39011"},{"taxonomy":"product_cat","embeddable":true,"href":"https:\/\/www.axiomams.eu\/lv\/wp-json\/wp\/v2\/product_cat?post=39011"},{"taxonomy":"product_tag","embeddable":true,"href":"https:\/\/www.axiomams.eu\/lv\/wp-json\/wp\/v2\/product_tag?post=39011"}],"curies":[{"name":"wp","href":"https:\/\/api.w.org\/{rel}","templated":true}]}}