{"id":39019,"date":"2025-05-15T17:57:32","date_gmt":"2025-05-15T15:57:32","guid":{"rendered":"https:\/\/www.axiomams.eu\/produktas\/hioki-dm7275-lidzstravas-voltmetrs"},"modified":"2026-03-25T16:59:39","modified_gmt":"2026-03-25T14:59:39","slug":"hioki-dm7275-lidzstravas-voltmetrs","status":"publish","type":"product","link":"https:\/\/www.axiomams.eu\/lv\/produktas\/hioki-dm7275-lidzstravas-voltmetrs","title":{"rendered":"HIOKI DM7275 l\u012bdzstr\u0101vas voltmetrs"},"content":{"rendered":"<p>Hioki DM7275 prec\u012bzijas l\u012bdzstr\u0101vas voltmetrs nodro\u0161ina izcilu m\u0113r\u012bjumu precizit\u0101ti 20 ppm (0,002%), kas ir precizit\u0101tes l\u012bmenis, ko pieprasa progres\u012bvi lietojumi, piem\u0113ram, litija jonu akumulatoru noveco\u0161an\u0101s testi.  Citas galven\u0101s funkcijas ietver kontaktu p\u0101rbaudi, lai palielin\u0101tu m\u0113r\u012bjumu uzticam\u012bbu, binningu un temperat\u016bras kompens\u0101ciju, t\u0101p\u0113c voltmetrs ir ide\u0101li piem\u0113rots litija jonu bateriju, elektrisko divsl\u0101\u0146u kondensatoru, elektrisko transportl\u012bdzek\u013cu sast\u0101vda\u013cu un citu n\u0101kam\u0101s paaudzes ier\u012b\u010du izstr\u0101d\u0113 un ra\u017eo\u0161an\u0101.<\/p>\n<p>Standarta komplekts: Hioki DM7275, lieto\u0161anas instrukcija, baro\u0161anas vads, lietojumprogrammu disks (CD-R).<\/p>\n<h3>Tehnisk\u0101 inform\u0101cija:<\/h3>\n<ul>\n<li><a href=\"https:\/\/axiomams.eu\/importer\/export\/attachments\/en\/hioki-dm7275.pdf\" target=\"_blank\">Hioki DM7275.pdf<\/a><\/li>\n<\/ul>\n","protected":false},"excerpt":{"rendered":"<p>Hioki DM7275 prec\u012bzijas l\u012bdzstr\u0101vas voltmetrs nodro\u0161ina izcilu m\u0113r\u012bjumu precizit\u0101ti 20 ppm (0,002%), kas ir precizit\u0101tes l\u012bmenis, ko pieprasa progres\u012bvi lietojumi, piem\u0113ram, litija jonu akumulatoru noveco\u0161an\u0101s testi. Citas galven\u0101s funkcijas ietver kontaktu p\u0101rbaudi, lai palielin\u0101tu m\u0113r\u012bjumu uzticam\u012bbu, binningu un temperat\u016bras kompens\u0101ciju, t\u0101p\u0113c voltmetrs ir ide\u0101li piem\u0113rots litija jonu bateriju, elektrisko divsl\u0101\u0146u kondensatoru, elektrisko transportl\u012bdzek\u013cu sast\u0101vda\u013cu un&#8230;<\/p>\n","protected":false},"featured_media":41746,"comment_status":"open","ping_status":"closed","template":"","meta":{"_acf_changed":false},"product_brand":[1112],"product_cat":[17757],"product_tag":[],"class_list":{"0":"post-39019","1":"product","2":"type-product","3":"status-publish","4":"has-post-thumbnail","6":"product_brand-hioki","7":"product_cat-generatori-barosanas-avoti-oscilografi-rcl-meritaji","9":"first","10":"instock","11":"taxable","12":"shipping-taxable","13":"purchasable","14":"product-type-simple"},"acf":[],"yoast_head":"<!-- This site is optimized with the Yoast SEO plugin v27.0 - https:\/\/yoast.com\/product\/yoast-seo-wordpress\/ -->\n<title>HIOKI DM7275 l\u012bdzstr\u0101vas voltmetrs - AXIOMA MS<\/title>\n<meta name=\"robots\" content=\"index, follow, max-snippet:-1, max-image-preview:large, max-video-preview:-1\" \/>\n<link rel=\"canonical\" href=\"https:\/\/www.axiomams.eu\/lv\/produktas\/hioki-dm7275-lidzstravas-voltmetrs\" \/>\n<meta property=\"og:locale\" content=\"lv_LV\" \/>\n<meta property=\"og:type\" content=\"article\" \/>\n<meta property=\"og:title\" content=\"HIOKI DM7275 l\u012bdzstr\u0101vas voltmetrs - AXIOMA MS\" \/>\n<meta property=\"og:description\" content=\"Hioki DM7275 prec\u012bzijas l\u012bdzstr\u0101vas voltmetrs nodro\u0161ina izcilu m\u0113r\u012bjumu precizit\u0101ti 20 ppm (0,002%), kas ir precizit\u0101tes l\u012bmenis, ko pieprasa progres\u012bvi lietojumi, piem\u0113ram, litija jonu akumulatoru noveco\u0161an\u0101s testi. Citas galven\u0101s funkcijas ietver kontaktu p\u0101rbaudi, lai palielin\u0101tu m\u0113r\u012bjumu uzticam\u012bbu, binningu un temperat\u016bras kompens\u0101ciju, t\u0101p\u0113c voltmetrs ir ide\u0101li piem\u0113rots litija jonu bateriju, elektrisko divsl\u0101\u0146u kondensatoru, elektrisko transportl\u012bdzek\u013cu sast\u0101vda\u013cu un...\" \/>\n<meta property=\"og:url\" content=\"https:\/\/www.axiomams.eu\/lv\/produktas\/hioki-dm7275-lidzstravas-voltmetrs\" \/>\n<meta property=\"og:site_name\" content=\"AXIOMA MS\" \/>\n<meta property=\"article:publisher\" content=\"https:\/\/www.facebook.com\/AxiomaMS\" \/>\n<meta property=\"article:modified_time\" content=\"2026-03-25T14:59:39+00:00\" \/>\n<meta property=\"og:image\" content=\"https:\/\/www.axiomams.eu\/wp-content\/uploads\/2025\/07\/2625-3389.jpg\" \/>\n\t<meta property=\"og:image:width\" content=\"453\" \/>\n\t<meta property=\"og:image:height\" content=\"270\" \/>\n\t<meta property=\"og:image:type\" content=\"image\/jpeg\" \/>\n<meta name=\"twitter:card\" content=\"summary_large_image\" \/>\n<meta name=\"twitter:label1\" content=\"Est. reading time\" \/>\n\t<meta name=\"twitter:data1\" content=\"1 minute\" \/>\n<script type=\"application\/ld+json\" class=\"yoast-schema-graph\">{\"@context\":\"https:\/\/schema.org\",\"@graph\":[{\"@type\":\"WebPage\",\"@id\":\"https:\/\/www.axiomams.eu\/lv\/produktas\/hioki-dm7275-lidzstravas-voltmetrs\",\"url\":\"https:\/\/www.axiomams.eu\/lv\/produktas\/hioki-dm7275-lidzstravas-voltmetrs\",\"name\":\"HIOKI DM7275 l\u012bdzstr\u0101vas voltmetrs - AXIOMA MS\",\"isPartOf\":{\"@id\":\"https:\/\/www.axiomams.eu\/lv#website\"},\"primaryImageOfPage\":{\"@id\":\"https:\/\/www.axiomams.eu\/lv\/produktas\/hioki-dm7275-lidzstravas-voltmetrs#primaryimage\"},\"image\":{\"@id\":\"https:\/\/www.axiomams.eu\/lv\/produktas\/hioki-dm7275-lidzstravas-voltmetrs#primaryimage\"},\"thumbnailUrl\":\"https:\/\/www.axiomams.eu\/wp-content\/uploads\/2025\/07\/2625-3389.jpg\",\"datePublished\":\"2025-05-15T15:57:32+00:00\",\"dateModified\":\"2026-03-25T14:59:39+00:00\",\"breadcrumb\":{\"@id\":\"https:\/\/www.axiomams.eu\/lv\/produktas\/hioki-dm7275-lidzstravas-voltmetrs#breadcrumb\"},\"inLanguage\":\"lv-LV\",\"potentialAction\":[{\"@type\":\"ReadAction\",\"target\":[\"https:\/\/www.axiomams.eu\/lv\/produktas\/hioki-dm7275-lidzstravas-voltmetrs\"]}]},{\"@type\":\"ImageObject\",\"inLanguage\":\"lv-LV\",\"@id\":\"https:\/\/www.axiomams.eu\/lv\/produktas\/hioki-dm7275-lidzstravas-voltmetrs#primaryimage\",\"url\":\"https:\/\/www.axiomams.eu\/wp-content\/uploads\/2025\/07\/2625-3389.jpg\",\"contentUrl\":\"https:\/\/www.axiomams.eu\/wp-content\/uploads\/2025\/07\/2625-3389.jpg\",\"width\":453,\"height\":270},{\"@type\":\"BreadcrumbList\",\"@id\":\"https:\/\/www.axiomams.eu\/lv\/produktas\/hioki-dm7275-lidzstravas-voltmetrs#breadcrumb\",\"itemListElement\":[{\"@type\":\"ListItem\",\"position\":1,\"name\":\"Home\",\"item\":\"https:\/\/www.axiomams.eu\/lv\"},{\"@type\":\"ListItem\",\"position\":2,\"name\":\"Produkti\",\"item\":\"https:\/\/www.axiomams.eu\/lv\/produkti\"},{\"@type\":\"ListItem\",\"position\":3,\"name\":\"HIOKI DM7275 l\u012bdzstr\u0101vas voltmetrs\"}]},{\"@type\":\"WebSite\",\"@id\":\"https:\/\/www.axiomams.eu\/lv#website\",\"url\":\"https:\/\/www.axiomams.eu\/lv\",\"name\":\"AXIOMA MS\",\"description\":\"Terrmovizoriai ir matavimo \u012franga\",\"publisher\":{\"@id\":\"https:\/\/www.axiomams.eu\/lv#organization\"},\"potentialAction\":[{\"@type\":\"SearchAction\",\"target\":{\"@type\":\"EntryPoint\",\"urlTemplate\":\"https:\/\/www.axiomams.eu\/lv?s={search_term_string}\"},\"query-input\":{\"@type\":\"PropertyValueSpecification\",\"valueRequired\":true,\"valueName\":\"search_term_string\"}}],\"inLanguage\":\"lv-LV\"},{\"@type\":\"Organization\",\"@id\":\"https:\/\/www.axiomams.eu\/lv#organization\",\"name\":\"AXIOMA MS\",\"url\":\"https:\/\/www.axiomams.eu\/lv\",\"logo\":{\"@type\":\"ImageObject\",\"inLanguage\":\"lv-LV\",\"@id\":\"https:\/\/www.axiomams.eu\/lv#\/schema\/logo\/image\/\",\"url\":\"https:\/\/www.axiomams.eu\/wp-content\/uploads\/2025\/06\/axioma-logo-2.png\",\"contentUrl\":\"https:\/\/www.axiomams.eu\/wp-content\/uploads\/2025\/06\/axioma-logo-2.png\",\"width\":1200,\"height\":1200,\"caption\":\"AXIOMA MS\"},\"image\":{\"@id\":\"https:\/\/www.axiomams.eu\/lv#\/schema\/logo\/image\/\"},\"sameAs\":[\"https:\/\/www.facebook.com\/AxiomaMS\",\"https:\/\/www.linkedin.com\/company\/axiomams\/\"]}]}<\/script>\n<!-- \/ Yoast SEO plugin. -->","yoast_head_json":{"title":"HIOKI DM7275 l\u012bdzstr\u0101vas voltmetrs - AXIOMA MS","robots":{"index":"index","follow":"follow","max-snippet":"max-snippet:-1","max-image-preview":"max-image-preview:large","max-video-preview":"max-video-preview:-1"},"canonical":"https:\/\/www.axiomams.eu\/lv\/produktas\/hioki-dm7275-lidzstravas-voltmetrs","og_locale":"lv_LV","og_type":"article","og_title":"HIOKI DM7275 l\u012bdzstr\u0101vas voltmetrs - AXIOMA MS","og_description":"Hioki DM7275 prec\u012bzijas l\u012bdzstr\u0101vas voltmetrs nodro\u0161ina izcilu m\u0113r\u012bjumu precizit\u0101ti 20 ppm (0,002%), kas ir precizit\u0101tes l\u012bmenis, ko pieprasa progres\u012bvi lietojumi, piem\u0113ram, litija jonu akumulatoru noveco\u0161an\u0101s testi. Citas galven\u0101s funkcijas ietver kontaktu p\u0101rbaudi, lai palielin\u0101tu m\u0113r\u012bjumu uzticam\u012bbu, binningu un temperat\u016bras kompens\u0101ciju, t\u0101p\u0113c voltmetrs ir ide\u0101li piem\u0113rots litija jonu bateriju, elektrisko divsl\u0101\u0146u kondensatoru, elektrisko transportl\u012bdzek\u013cu sast\u0101vda\u013cu un...","og_url":"https:\/\/www.axiomams.eu\/lv\/produktas\/hioki-dm7275-lidzstravas-voltmetrs","og_site_name":"AXIOMA MS","article_publisher":"https:\/\/www.facebook.com\/AxiomaMS","article_modified_time":"2026-03-25T14:59:39+00:00","og_image":[{"width":453,"height":270,"url":"https:\/\/www.axiomams.eu\/wp-content\/uploads\/2025\/07\/2625-3389.jpg","type":"image\/jpeg"}],"twitter_card":"summary_large_image","twitter_misc":{"Est. reading time":"1 minute"},"schema":{"@context":"https:\/\/schema.org","@graph":[{"@type":"WebPage","@id":"https:\/\/www.axiomams.eu\/lv\/produktas\/hioki-dm7275-lidzstravas-voltmetrs","url":"https:\/\/www.axiomams.eu\/lv\/produktas\/hioki-dm7275-lidzstravas-voltmetrs","name":"HIOKI DM7275 l\u012bdzstr\u0101vas voltmetrs - AXIOMA MS","isPartOf":{"@id":"https:\/\/www.axiomams.eu\/lv#website"},"primaryImageOfPage":{"@id":"https:\/\/www.axiomams.eu\/lv\/produktas\/hioki-dm7275-lidzstravas-voltmetrs#primaryimage"},"image":{"@id":"https:\/\/www.axiomams.eu\/lv\/produktas\/hioki-dm7275-lidzstravas-voltmetrs#primaryimage"},"thumbnailUrl":"https:\/\/www.axiomams.eu\/wp-content\/uploads\/2025\/07\/2625-3389.jpg","datePublished":"2025-05-15T15:57:32+00:00","dateModified":"2026-03-25T14:59:39+00:00","breadcrumb":{"@id":"https:\/\/www.axiomams.eu\/lv\/produktas\/hioki-dm7275-lidzstravas-voltmetrs#breadcrumb"},"inLanguage":"lv-LV","potentialAction":[{"@type":"ReadAction","target":["https:\/\/www.axiomams.eu\/lv\/produktas\/hioki-dm7275-lidzstravas-voltmetrs"]}]},{"@type":"ImageObject","inLanguage":"lv-LV","@id":"https:\/\/www.axiomams.eu\/lv\/produktas\/hioki-dm7275-lidzstravas-voltmetrs#primaryimage","url":"https:\/\/www.axiomams.eu\/wp-content\/uploads\/2025\/07\/2625-3389.jpg","contentUrl":"https:\/\/www.axiomams.eu\/wp-content\/uploads\/2025\/07\/2625-3389.jpg","width":453,"height":270},{"@type":"BreadcrumbList","@id":"https:\/\/www.axiomams.eu\/lv\/produktas\/hioki-dm7275-lidzstravas-voltmetrs#breadcrumb","itemListElement":[{"@type":"ListItem","position":1,"name":"Home","item":"https:\/\/www.axiomams.eu\/lv"},{"@type":"ListItem","position":2,"name":"Produkti","item":"https:\/\/www.axiomams.eu\/lv\/produkti"},{"@type":"ListItem","position":3,"name":"HIOKI DM7275 l\u012bdzstr\u0101vas voltmetrs"}]},{"@type":"WebSite","@id":"https:\/\/www.axiomams.eu\/lv#website","url":"https:\/\/www.axiomams.eu\/lv","name":"AXIOMA MS","description":"Terrmovizoriai ir matavimo \u012franga","publisher":{"@id":"https:\/\/www.axiomams.eu\/lv#organization"},"potentialAction":[{"@type":"SearchAction","target":{"@type":"EntryPoint","urlTemplate":"https:\/\/www.axiomams.eu\/lv?s={search_term_string}"},"query-input":{"@type":"PropertyValueSpecification","valueRequired":true,"valueName":"search_term_string"}}],"inLanguage":"lv-LV"},{"@type":"Organization","@id":"https:\/\/www.axiomams.eu\/lv#organization","name":"AXIOMA MS","url":"https:\/\/www.axiomams.eu\/lv","logo":{"@type":"ImageObject","inLanguage":"lv-LV","@id":"https:\/\/www.axiomams.eu\/lv#\/schema\/logo\/image\/","url":"https:\/\/www.axiomams.eu\/wp-content\/uploads\/2025\/06\/axioma-logo-2.png","contentUrl":"https:\/\/www.axiomams.eu\/wp-content\/uploads\/2025\/06\/axioma-logo-2.png","width":1200,"height":1200,"caption":"AXIOMA MS"},"image":{"@id":"https:\/\/www.axiomams.eu\/lv#\/schema\/logo\/image\/"},"sameAs":["https:\/\/www.facebook.com\/AxiomaMS","https:\/\/www.linkedin.com\/company\/axiomams\/"]}]}},"_links":{"self":[{"href":"https:\/\/www.axiomams.eu\/lv\/wp-json\/wp\/v2\/product\/39019","targetHints":{"allow":["GET"]}}],"collection":[{"href":"https:\/\/www.axiomams.eu\/lv\/wp-json\/wp\/v2\/product"}],"about":[{"href":"https:\/\/www.axiomams.eu\/lv\/wp-json\/wp\/v2\/types\/product"}],"replies":[{"embeddable":true,"href":"https:\/\/www.axiomams.eu\/lv\/wp-json\/wp\/v2\/comments?post=39019"}],"wp:featuredmedia":[{"embeddable":true,"href":"https:\/\/www.axiomams.eu\/lv\/wp-json\/wp\/v2\/media\/41746"}],"wp:attachment":[{"href":"https:\/\/www.axiomams.eu\/lv\/wp-json\/wp\/v2\/media?parent=39019"}],"wp:term":[{"taxonomy":"product_brand","embeddable":true,"href":"https:\/\/www.axiomams.eu\/lv\/wp-json\/wp\/v2\/product_brand?post=39019"},{"taxonomy":"product_cat","embeddable":true,"href":"https:\/\/www.axiomams.eu\/lv\/wp-json\/wp\/v2\/product_cat?post=39019"},{"taxonomy":"product_tag","embeddable":true,"href":"https:\/\/www.axiomams.eu\/lv\/wp-json\/wp\/v2\/product_tag?post=39019"}],"curies":[{"name":"wp","href":"https:\/\/api.w.org\/{rel}","templated":true}]}}