{"id":39024,"date":"2025-05-15T17:57:34","date_gmt":"2025-05-15T15:57:34","guid":{"rendered":"https:\/\/www.axiomams.eu\/produktas\/rigol-dp712-barosanas-avots"},"modified":"2026-03-25T16:59:40","modified_gmt":"2026-03-25T14:59:40","slug":"rigol-dp712-barosanas-avots","status":"publish","type":"product","link":"https:\/\/www.axiomams.eu\/lv\/produktas\/rigol-dp712-barosanas-avots","title":{"rendered":"Rigol DP712 Baro\u0161anas avots"},"content":{"rendered":"<p>Rigol DP700 s\u0113rijas baro\u0161anas avoti ir pieejamu cenu programm\u0113jami line\u0101rie l\u012bdzstr\u0101vas baro\u0161anas avoti ar augstu veiktsp\u0113ju. DP700 s\u0113rijas baro\u0161anas avoti ar izcil\u0101m veiktsp\u0113jas specifik\u0101cij\u0101m, t\u012bru un uzticamu izvadi un p\u0101rskat\u0101mu lietot\u0101ja saskarni atbalsta laika izvades un spr\u016bda funkciju, k\u0101 ar\u012b nodro\u0161ina att\u0101l\u0101s sazi\u0146as saskarni, kas \u013cauj izpild\u012bt daudzveid\u012bgas test\u0113\u0161anas pras\u012bbas.<\/p>\n<p>Standarta komplekts: Rigol DP700 s\u0113rijas baro\u0161anas bloks, baro\u0161anas vads, dro\u0161in\u0101t\u0101js, \u012bsa rokasgr\u0101mata.<\/p>\n<h3>Tehnisk\u0101 inform\u0101cija:<\/h3>\n<ul>\n<li><a href=\"https:\/\/axiomams.eu\/importer\/export\/attachments\/en\/dp700_datasheet_en.pdf\" target=\"_blank\">DP700_DataSheet_EN.pdf<\/a><\/li>\n<\/ul>\n","protected":false},"excerpt":{"rendered":"<p>Rigol DP700 s\u0113rijas baro\u0161anas avoti ir pieejamu cenu programm\u0113jami line\u0101rie l\u012bdzstr\u0101vas baro\u0161anas avoti ar augstu veiktsp\u0113ju. DP700 s\u0113rijas baro\u0161anas avoti ar izcil\u0101m veiktsp\u0113jas specifik\u0101cij\u0101m, t\u012bru un uzticamu izvadi un p\u0101rskat\u0101mu lietot\u0101ja saskarni atbalsta laika izvades un spr\u016bda funkciju, k\u0101 ar\u012b nodro\u0161ina att\u0101l\u0101s sazi\u0146as saskarni, kas \u013cauj izpild\u012bt daudzveid\u012bgas test\u0113\u0161anas pras\u012bbas. Standarta komplekts: Rigol DP700 s\u0113rijas&#8230;<\/p>\n","protected":false},"featured_media":41756,"comment_status":"open","ping_status":"closed","template":"","meta":{"_acf_changed":false},"product_brand":[2082],"product_cat":[17757],"product_tag":[],"class_list":{"0":"post-39024","1":"product","2":"type-product","3":"status-publish","4":"has-post-thumbnail","6":"product_brand-rigol","7":"product_cat-generatori-barosanas-avoti-oscilografi-rcl-meritaji","9":"first","10":"instock","11":"taxable","12":"shipping-taxable","13":"purchasable","14":"product-type-simple"},"acf":[],"yoast_head":"<!-- This site is optimized with the Yoast SEO plugin v27.0 - https:\/\/yoast.com\/product\/yoast-seo-wordpress\/ -->\n<title>Rigol DP712 Baro\u0161anas avots - AXIOMA MS<\/title>\n<meta name=\"robots\" content=\"index, follow, max-snippet:-1, max-image-preview:large, max-video-preview:-1\" \/>\n<link rel=\"canonical\" href=\"https:\/\/www.axiomams.eu\/lv\/produktas\/rigol-dp712-barosanas-avots\" \/>\n<meta property=\"og:locale\" content=\"lv_LV\" \/>\n<meta property=\"og:type\" content=\"article\" \/>\n<meta property=\"og:title\" content=\"Rigol DP712 Baro\u0161anas avots - AXIOMA MS\" \/>\n<meta property=\"og:description\" content=\"Rigol DP700 s\u0113rijas baro\u0161anas avoti ir pieejamu cenu programm\u0113jami line\u0101rie l\u012bdzstr\u0101vas baro\u0161anas avoti ar augstu veiktsp\u0113ju. DP700 s\u0113rijas baro\u0161anas avoti ar izcil\u0101m veiktsp\u0113jas specifik\u0101cij\u0101m, t\u012bru un uzticamu izvadi un p\u0101rskat\u0101mu lietot\u0101ja saskarni atbalsta laika izvades un spr\u016bda funkciju, k\u0101 ar\u012b nodro\u0161ina att\u0101l\u0101s sazi\u0146as saskarni, kas \u013cauj izpild\u012bt daudzveid\u012bgas test\u0113\u0161anas pras\u012bbas. Standarta komplekts: Rigol DP700 s\u0113rijas...\" \/>\n<meta property=\"og:url\" content=\"https:\/\/www.axiomams.eu\/lv\/produktas\/rigol-dp712-barosanas-avots\" \/>\n<meta property=\"og:site_name\" content=\"AXIOMA MS\" \/>\n<meta property=\"article:publisher\" content=\"https:\/\/www.facebook.com\/AxiomaMS\" \/>\n<meta property=\"article:modified_time\" content=\"2026-03-25T14:59:40+00:00\" \/>\n<meta property=\"og:image\" content=\"https:\/\/www.axiomams.eu\/wp-content\/uploads\/2025\/07\/1479-1897.jpg\" \/>\n\t<meta property=\"og:image:width\" content=\"800\" \/>\n\t<meta property=\"og:image:height\" content=\"727\" \/>\n\t<meta property=\"og:image:type\" content=\"image\/jpeg\" \/>\n<meta name=\"twitter:card\" content=\"summary_large_image\" \/>\n<meta name=\"twitter:label1\" content=\"Est. reading time\" \/>\n\t<meta name=\"twitter:data1\" content=\"1 minute\" \/>\n<script type=\"application\/ld+json\" class=\"yoast-schema-graph\">{\"@context\":\"https:\/\/schema.org\",\"@graph\":[{\"@type\":\"WebPage\",\"@id\":\"https:\/\/www.axiomams.eu\/lv\/produktas\/rigol-dp712-barosanas-avots\",\"url\":\"https:\/\/www.axiomams.eu\/lv\/produktas\/rigol-dp712-barosanas-avots\",\"name\":\"Rigol DP712 Baro\u0161anas avots - AXIOMA MS\",\"isPartOf\":{\"@id\":\"https:\/\/www.axiomams.eu\/lv#website\"},\"primaryImageOfPage\":{\"@id\":\"https:\/\/www.axiomams.eu\/lv\/produktas\/rigol-dp712-barosanas-avots#primaryimage\"},\"image\":{\"@id\":\"https:\/\/www.axiomams.eu\/lv\/produktas\/rigol-dp712-barosanas-avots#primaryimage\"},\"thumbnailUrl\":\"https:\/\/www.axiomams.eu\/wp-content\/uploads\/2025\/07\/1479-1897.jpg\",\"datePublished\":\"2025-05-15T15:57:34+00:00\",\"dateModified\":\"2026-03-25T14:59:40+00:00\",\"breadcrumb\":{\"@id\":\"https:\/\/www.axiomams.eu\/lv\/produktas\/rigol-dp712-barosanas-avots#breadcrumb\"},\"inLanguage\":\"lv-LV\",\"potentialAction\":[{\"@type\":\"ReadAction\",\"target\":[\"https:\/\/www.axiomams.eu\/lv\/produktas\/rigol-dp712-barosanas-avots\"]}]},{\"@type\":\"ImageObject\",\"inLanguage\":\"lv-LV\",\"@id\":\"https:\/\/www.axiomams.eu\/lv\/produktas\/rigol-dp712-barosanas-avots#primaryimage\",\"url\":\"https:\/\/www.axiomams.eu\/wp-content\/uploads\/2025\/07\/1479-1897.jpg\",\"contentUrl\":\"https:\/\/www.axiomams.eu\/wp-content\/uploads\/2025\/07\/1479-1897.jpg\",\"width\":800,\"height\":727},{\"@type\":\"BreadcrumbList\",\"@id\":\"https:\/\/www.axiomams.eu\/lv\/produktas\/rigol-dp712-barosanas-avots#breadcrumb\",\"itemListElement\":[{\"@type\":\"ListItem\",\"position\":1,\"name\":\"Home\",\"item\":\"https:\/\/www.axiomams.eu\/lv\"},{\"@type\":\"ListItem\",\"position\":2,\"name\":\"Produkti\",\"item\":\"https:\/\/www.axiomams.eu\/lv\/produkti\"},{\"@type\":\"ListItem\",\"position\":3,\"name\":\"Rigol DP712 Baro\u0161anas avots\"}]},{\"@type\":\"WebSite\",\"@id\":\"https:\/\/www.axiomams.eu\/lv#website\",\"url\":\"https:\/\/www.axiomams.eu\/lv\",\"name\":\"AXIOMA MS\",\"description\":\"Terrmovizoriai ir matavimo \u012franga\",\"publisher\":{\"@id\":\"https:\/\/www.axiomams.eu\/lv#organization\"},\"potentialAction\":[{\"@type\":\"SearchAction\",\"target\":{\"@type\":\"EntryPoint\",\"urlTemplate\":\"https:\/\/www.axiomams.eu\/lv?s={search_term_string}\"},\"query-input\":{\"@type\":\"PropertyValueSpecification\",\"valueRequired\":true,\"valueName\":\"search_term_string\"}}],\"inLanguage\":\"lv-LV\"},{\"@type\":\"Organization\",\"@id\":\"https:\/\/www.axiomams.eu\/lv#organization\",\"name\":\"AXIOMA MS\",\"url\":\"https:\/\/www.axiomams.eu\/lv\",\"logo\":{\"@type\":\"ImageObject\",\"inLanguage\":\"lv-LV\",\"@id\":\"https:\/\/www.axiomams.eu\/lv#\/schema\/logo\/image\/\",\"url\":\"https:\/\/www.axiomams.eu\/wp-content\/uploads\/2025\/06\/axioma-logo-2.png\",\"contentUrl\":\"https:\/\/www.axiomams.eu\/wp-content\/uploads\/2025\/06\/axioma-logo-2.png\",\"width\":1200,\"height\":1200,\"caption\":\"AXIOMA MS\"},\"image\":{\"@id\":\"https:\/\/www.axiomams.eu\/lv#\/schema\/logo\/image\/\"},\"sameAs\":[\"https:\/\/www.facebook.com\/AxiomaMS\",\"https:\/\/www.linkedin.com\/company\/axiomams\/\"]}]}<\/script>\n<!-- \/ Yoast SEO plugin. -->","yoast_head_json":{"title":"Rigol DP712 Baro\u0161anas avots - AXIOMA MS","robots":{"index":"index","follow":"follow","max-snippet":"max-snippet:-1","max-image-preview":"max-image-preview:large","max-video-preview":"max-video-preview:-1"},"canonical":"https:\/\/www.axiomams.eu\/lv\/produktas\/rigol-dp712-barosanas-avots","og_locale":"lv_LV","og_type":"article","og_title":"Rigol DP712 Baro\u0161anas avots - AXIOMA MS","og_description":"Rigol DP700 s\u0113rijas baro\u0161anas avoti ir pieejamu cenu programm\u0113jami line\u0101rie l\u012bdzstr\u0101vas baro\u0161anas avoti ar augstu veiktsp\u0113ju. DP700 s\u0113rijas baro\u0161anas avoti ar izcil\u0101m veiktsp\u0113jas specifik\u0101cij\u0101m, t\u012bru un uzticamu izvadi un p\u0101rskat\u0101mu lietot\u0101ja saskarni atbalsta laika izvades un spr\u016bda funkciju, k\u0101 ar\u012b nodro\u0161ina att\u0101l\u0101s sazi\u0146as saskarni, kas \u013cauj izpild\u012bt daudzveid\u012bgas test\u0113\u0161anas pras\u012bbas. Standarta komplekts: Rigol DP700 s\u0113rijas...","og_url":"https:\/\/www.axiomams.eu\/lv\/produktas\/rigol-dp712-barosanas-avots","og_site_name":"AXIOMA MS","article_publisher":"https:\/\/www.facebook.com\/AxiomaMS","article_modified_time":"2026-03-25T14:59:40+00:00","og_image":[{"width":800,"height":727,"url":"https:\/\/www.axiomams.eu\/wp-content\/uploads\/2025\/07\/1479-1897.jpg","type":"image\/jpeg"}],"twitter_card":"summary_large_image","twitter_misc":{"Est. reading time":"1 minute"},"schema":{"@context":"https:\/\/schema.org","@graph":[{"@type":"WebPage","@id":"https:\/\/www.axiomams.eu\/lv\/produktas\/rigol-dp712-barosanas-avots","url":"https:\/\/www.axiomams.eu\/lv\/produktas\/rigol-dp712-barosanas-avots","name":"Rigol DP712 Baro\u0161anas avots - AXIOMA MS","isPartOf":{"@id":"https:\/\/www.axiomams.eu\/lv#website"},"primaryImageOfPage":{"@id":"https:\/\/www.axiomams.eu\/lv\/produktas\/rigol-dp712-barosanas-avots#primaryimage"},"image":{"@id":"https:\/\/www.axiomams.eu\/lv\/produktas\/rigol-dp712-barosanas-avots#primaryimage"},"thumbnailUrl":"https:\/\/www.axiomams.eu\/wp-content\/uploads\/2025\/07\/1479-1897.jpg","datePublished":"2025-05-15T15:57:34+00:00","dateModified":"2026-03-25T14:59:40+00:00","breadcrumb":{"@id":"https:\/\/www.axiomams.eu\/lv\/produktas\/rigol-dp712-barosanas-avots#breadcrumb"},"inLanguage":"lv-LV","potentialAction":[{"@type":"ReadAction","target":["https:\/\/www.axiomams.eu\/lv\/produktas\/rigol-dp712-barosanas-avots"]}]},{"@type":"ImageObject","inLanguage":"lv-LV","@id":"https:\/\/www.axiomams.eu\/lv\/produktas\/rigol-dp712-barosanas-avots#primaryimage","url":"https:\/\/www.axiomams.eu\/wp-content\/uploads\/2025\/07\/1479-1897.jpg","contentUrl":"https:\/\/www.axiomams.eu\/wp-content\/uploads\/2025\/07\/1479-1897.jpg","width":800,"height":727},{"@type":"BreadcrumbList","@id":"https:\/\/www.axiomams.eu\/lv\/produktas\/rigol-dp712-barosanas-avots#breadcrumb","itemListElement":[{"@type":"ListItem","position":1,"name":"Home","item":"https:\/\/www.axiomams.eu\/lv"},{"@type":"ListItem","position":2,"name":"Produkti","item":"https:\/\/www.axiomams.eu\/lv\/produkti"},{"@type":"ListItem","position":3,"name":"Rigol DP712 Baro\u0161anas avots"}]},{"@type":"WebSite","@id":"https:\/\/www.axiomams.eu\/lv#website","url":"https:\/\/www.axiomams.eu\/lv","name":"AXIOMA MS","description":"Terrmovizoriai ir matavimo \u012franga","publisher":{"@id":"https:\/\/www.axiomams.eu\/lv#organization"},"potentialAction":[{"@type":"SearchAction","target":{"@type":"EntryPoint","urlTemplate":"https:\/\/www.axiomams.eu\/lv?s={search_term_string}"},"query-input":{"@type":"PropertyValueSpecification","valueRequired":true,"valueName":"search_term_string"}}],"inLanguage":"lv-LV"},{"@type":"Organization","@id":"https:\/\/www.axiomams.eu\/lv#organization","name":"AXIOMA MS","url":"https:\/\/www.axiomams.eu\/lv","logo":{"@type":"ImageObject","inLanguage":"lv-LV","@id":"https:\/\/www.axiomams.eu\/lv#\/schema\/logo\/image\/","url":"https:\/\/www.axiomams.eu\/wp-content\/uploads\/2025\/06\/axioma-logo-2.png","contentUrl":"https:\/\/www.axiomams.eu\/wp-content\/uploads\/2025\/06\/axioma-logo-2.png","width":1200,"height":1200,"caption":"AXIOMA MS"},"image":{"@id":"https:\/\/www.axiomams.eu\/lv#\/schema\/logo\/image\/"},"sameAs":["https:\/\/www.facebook.com\/AxiomaMS","https:\/\/www.linkedin.com\/company\/axiomams\/"]}]}},"_links":{"self":[{"href":"https:\/\/www.axiomams.eu\/lv\/wp-json\/wp\/v2\/product\/39024","targetHints":{"allow":["GET"]}}],"collection":[{"href":"https:\/\/www.axiomams.eu\/lv\/wp-json\/wp\/v2\/product"}],"about":[{"href":"https:\/\/www.axiomams.eu\/lv\/wp-json\/wp\/v2\/types\/product"}],"replies":[{"embeddable":true,"href":"https:\/\/www.axiomams.eu\/lv\/wp-json\/wp\/v2\/comments?post=39024"}],"wp:featuredmedia":[{"embeddable":true,"href":"https:\/\/www.axiomams.eu\/lv\/wp-json\/wp\/v2\/media\/41756"}],"wp:attachment":[{"href":"https:\/\/www.axiomams.eu\/lv\/wp-json\/wp\/v2\/media?parent=39024"}],"wp:term":[{"taxonomy":"product_brand","embeddable":true,"href":"https:\/\/www.axiomams.eu\/lv\/wp-json\/wp\/v2\/product_brand?post=39024"},{"taxonomy":"product_cat","embeddable":true,"href":"https:\/\/www.axiomams.eu\/lv\/wp-json\/wp\/v2\/product_cat?post=39024"},{"taxonomy":"product_tag","embeddable":true,"href":"https:\/\/www.axiomams.eu\/lv\/wp-json\/wp\/v2\/product_tag?post=39024"}],"curies":[{"name":"wp","href":"https:\/\/api.w.org\/{rel}","templated":true}]}}