{"id":39029,"date":"2025-05-15T17:57:43","date_gmt":"2025-05-15T15:57:43","guid":{"rendered":"https:\/\/www.axiomams.eu\/produktas\/rigol-ds1202z-e-osciloskops"},"modified":"2026-03-25T16:59:43","modified_gmt":"2026-03-25T14:59:43","slug":"rigol-ds1202z-e-osciloskops","status":"publish","type":"product","link":"https:\/\/www.axiomams.eu\/lv\/produktas\/rigol-ds1202z-e-osciloskops","title":{"rendered":"Rigol DS1202Z-E osciloskops"},"content":{"rendered":"<p>Rigol DS1202Z-E ir augstas veiktsp\u0113jas un ekonomisks digit\u0101lais osciloskops, kas paredz\u0113ts projekt\u0113\u0161anas, atk\u013c\u016bdo\u0161anas un izgl\u012bt\u012bbas vajadz\u012bb\u0101m, kas rakstur\u012bgas pla\u0161am digit\u0101lo osciloskopu tirgum. Tas pied\u0101v\u0101 v\u0113l nebiju\u0161u v\u0113rt\u012bbu klientu lietojumiem, pateicoties inovat\u012bvai tehnolo\u0123ijai, nozar\u0113 lab\u0101kaj\u0101m specifik\u0101cij\u0101m, jaud\u012bg\u0101m trigeru funkcij\u0101m un pla\u0161\u0101m anal\u012bzes iesp\u0113j\u0101m.<\/p>\n<p>Standarta komplekts: Rigol DS1202Z-E osciloskops, baro\u0161anas vads, USB kabelis, 2x 350 MHz pas\u012bv\u0101s zondes, 2x 150 MHz pas\u012bv\u0101s zondes.<\/p>\n<h3>Tehnisk\u0101 inform\u0101cija:<\/h3>\n<ul>\n<li><a href=\"https:\/\/axiomams.eu\/importer\/export\/attachments\/en\/rigol-ds1202z-e.pdf\" target=\"_blank\">RIGOL DS1202Z-E.pdf<\/a><\/li>\n<\/ul>\n","protected":false},"excerpt":{"rendered":"<p>Rigol DS1202Z-E ir augstas veiktsp\u0113jas un ekonomisks digit\u0101lais osciloskops, kas paredz\u0113ts projekt\u0113\u0161anas, atk\u013c\u016bdo\u0161anas un izgl\u012bt\u012bbas vajadz\u012bb\u0101m, kas rakstur\u012bgas pla\u0161am digit\u0101lo osciloskopu tirgum. Tas pied\u0101v\u0101 v\u0113l nebiju\u0161u v\u0113rt\u012bbu klientu lietojumiem, pateicoties inovat\u012bvai tehnolo\u0123ijai, nozar\u0113 lab\u0101kaj\u0101m specifik\u0101cij\u0101m, jaud\u012bg\u0101m trigeru funkcij\u0101m un pla\u0161\u0101m anal\u012bzes iesp\u0113j\u0101m. Standarta komplekts: Rigol DS1202Z-E osciloskops, baro\u0161anas vads, USB kabelis, 2x 350 MHz pas\u012bv\u0101s&#8230;<\/p>\n","protected":false},"featured_media":41766,"comment_status":"open","ping_status":"closed","template":"","meta":{"_acf_changed":false},"product_brand":[2082],"product_cat":[17757],"product_tag":[],"class_list":{"0":"post-39029","1":"product","2":"type-product","3":"status-publish","4":"has-post-thumbnail","6":"product_brand-rigol","7":"product_cat-generatori-barosanas-avoti-oscilografi-rcl-meritaji","9":"first","10":"instock","11":"taxable","12":"shipping-taxable","13":"purchasable","14":"product-type-simple"},"acf":[],"yoast_head":"<!-- This site is optimized with the Yoast SEO plugin v27.0 - https:\/\/yoast.com\/product\/yoast-seo-wordpress\/ -->\n<title>Rigol DS1202Z-E osciloskops - AXIOMA MS<\/title>\n<meta name=\"robots\" content=\"index, follow, max-snippet:-1, max-image-preview:large, max-video-preview:-1\" \/>\n<link rel=\"canonical\" href=\"https:\/\/www.axiomams.eu\/lv\/produktas\/rigol-ds1202z-e-osciloskops\" \/>\n<meta property=\"og:locale\" content=\"lv_LV\" \/>\n<meta property=\"og:type\" content=\"article\" \/>\n<meta property=\"og:title\" content=\"Rigol DS1202Z-E osciloskops - AXIOMA MS\" \/>\n<meta property=\"og:description\" content=\"Rigol DS1202Z-E ir augstas veiktsp\u0113jas un ekonomisks digit\u0101lais osciloskops, kas paredz\u0113ts projekt\u0113\u0161anas, atk\u013c\u016bdo\u0161anas un izgl\u012bt\u012bbas vajadz\u012bb\u0101m, kas rakstur\u012bgas pla\u0161am digit\u0101lo osciloskopu tirgum. Tas pied\u0101v\u0101 v\u0113l nebiju\u0161u v\u0113rt\u012bbu klientu lietojumiem, pateicoties inovat\u012bvai tehnolo\u0123ijai, nozar\u0113 lab\u0101kaj\u0101m specifik\u0101cij\u0101m, jaud\u012bg\u0101m trigeru funkcij\u0101m un pla\u0161\u0101m anal\u012bzes iesp\u0113j\u0101m. Standarta komplekts: Rigol DS1202Z-E osciloskops, baro\u0161anas vads, USB kabelis, 2x 350 MHz pas\u012bv\u0101s...\" \/>\n<meta property=\"og:url\" content=\"https:\/\/www.axiomams.eu\/lv\/produktas\/rigol-ds1202z-e-osciloskops\" \/>\n<meta property=\"og:site_name\" content=\"AXIOMA MS\" \/>\n<meta property=\"article:publisher\" content=\"https:\/\/www.facebook.com\/AxiomaMS\" \/>\n<meta property=\"article:modified_time\" content=\"2026-03-25T14:59:43+00:00\" \/>\n<meta property=\"og:image\" content=\"https:\/\/www.axiomams.eu\/wp-content\/uploads\/2025\/07\/3371-4505.jpg\" \/>\n\t<meta property=\"og:image:width\" content=\"1200\" \/>\n\t<meta property=\"og:image:height\" content=\"735\" \/>\n\t<meta property=\"og:image:type\" content=\"image\/jpeg\" \/>\n<meta name=\"twitter:card\" content=\"summary_large_image\" \/>\n<meta name=\"twitter:label1\" content=\"Est. reading time\" \/>\n\t<meta name=\"twitter:data1\" content=\"1 minute\" \/>\n<script type=\"application\/ld+json\" class=\"yoast-schema-graph\">{\"@context\":\"https:\/\/schema.org\",\"@graph\":[{\"@type\":\"WebPage\",\"@id\":\"https:\/\/www.axiomams.eu\/lv\/produktas\/rigol-ds1202z-e-osciloskops\",\"url\":\"https:\/\/www.axiomams.eu\/lv\/produktas\/rigol-ds1202z-e-osciloskops\",\"name\":\"Rigol DS1202Z-E osciloskops - AXIOMA MS\",\"isPartOf\":{\"@id\":\"https:\/\/www.axiomams.eu\/lv#website\"},\"primaryImageOfPage\":{\"@id\":\"https:\/\/www.axiomams.eu\/lv\/produktas\/rigol-ds1202z-e-osciloskops#primaryimage\"},\"image\":{\"@id\":\"https:\/\/www.axiomams.eu\/lv\/produktas\/rigol-ds1202z-e-osciloskops#primaryimage\"},\"thumbnailUrl\":\"https:\/\/www.axiomams.eu\/wp-content\/uploads\/2025\/07\/3371-4505.jpg\",\"datePublished\":\"2025-05-15T15:57:43+00:00\",\"dateModified\":\"2026-03-25T14:59:43+00:00\",\"breadcrumb\":{\"@id\":\"https:\/\/www.axiomams.eu\/lv\/produktas\/rigol-ds1202z-e-osciloskops#breadcrumb\"},\"inLanguage\":\"lv-LV\",\"potentialAction\":[{\"@type\":\"ReadAction\",\"target\":[\"https:\/\/www.axiomams.eu\/lv\/produktas\/rigol-ds1202z-e-osciloskops\"]}]},{\"@type\":\"ImageObject\",\"inLanguage\":\"lv-LV\",\"@id\":\"https:\/\/www.axiomams.eu\/lv\/produktas\/rigol-ds1202z-e-osciloskops#primaryimage\",\"url\":\"https:\/\/www.axiomams.eu\/wp-content\/uploads\/2025\/07\/3371-4505.jpg\",\"contentUrl\":\"https:\/\/www.axiomams.eu\/wp-content\/uploads\/2025\/07\/3371-4505.jpg\",\"width\":1200,\"height\":735},{\"@type\":\"BreadcrumbList\",\"@id\":\"https:\/\/www.axiomams.eu\/lv\/produktas\/rigol-ds1202z-e-osciloskops#breadcrumb\",\"itemListElement\":[{\"@type\":\"ListItem\",\"position\":1,\"name\":\"Home\",\"item\":\"https:\/\/www.axiomams.eu\/lv\"},{\"@type\":\"ListItem\",\"position\":2,\"name\":\"Produkti\",\"item\":\"https:\/\/www.axiomams.eu\/lv\/produkti\"},{\"@type\":\"ListItem\",\"position\":3,\"name\":\"Rigol DS1202Z-E osciloskops\"}]},{\"@type\":\"WebSite\",\"@id\":\"https:\/\/www.axiomams.eu\/lv#website\",\"url\":\"https:\/\/www.axiomams.eu\/lv\",\"name\":\"AXIOMA MS\",\"description\":\"Terrmovizoriai ir matavimo \u012franga\",\"publisher\":{\"@id\":\"https:\/\/www.axiomams.eu\/lv#organization\"},\"potentialAction\":[{\"@type\":\"SearchAction\",\"target\":{\"@type\":\"EntryPoint\",\"urlTemplate\":\"https:\/\/www.axiomams.eu\/lv?s={search_term_string}\"},\"query-input\":{\"@type\":\"PropertyValueSpecification\",\"valueRequired\":true,\"valueName\":\"search_term_string\"}}],\"inLanguage\":\"lv-LV\"},{\"@type\":\"Organization\",\"@id\":\"https:\/\/www.axiomams.eu\/lv#organization\",\"name\":\"AXIOMA MS\",\"url\":\"https:\/\/www.axiomams.eu\/lv\",\"logo\":{\"@type\":\"ImageObject\",\"inLanguage\":\"lv-LV\",\"@id\":\"https:\/\/www.axiomams.eu\/lv#\/schema\/logo\/image\/\",\"url\":\"https:\/\/www.axiomams.eu\/wp-content\/uploads\/2025\/06\/axioma-logo-2.png\",\"contentUrl\":\"https:\/\/www.axiomams.eu\/wp-content\/uploads\/2025\/06\/axioma-logo-2.png\",\"width\":1200,\"height\":1200,\"caption\":\"AXIOMA MS\"},\"image\":{\"@id\":\"https:\/\/www.axiomams.eu\/lv#\/schema\/logo\/image\/\"},\"sameAs\":[\"https:\/\/www.facebook.com\/AxiomaMS\",\"https:\/\/www.linkedin.com\/company\/axiomams\/\"]}]}<\/script>\n<!-- \/ Yoast SEO plugin. -->","yoast_head_json":{"title":"Rigol DS1202Z-E osciloskops - AXIOMA MS","robots":{"index":"index","follow":"follow","max-snippet":"max-snippet:-1","max-image-preview":"max-image-preview:large","max-video-preview":"max-video-preview:-1"},"canonical":"https:\/\/www.axiomams.eu\/lv\/produktas\/rigol-ds1202z-e-osciloskops","og_locale":"lv_LV","og_type":"article","og_title":"Rigol DS1202Z-E osciloskops - AXIOMA MS","og_description":"Rigol DS1202Z-E ir augstas veiktsp\u0113jas un ekonomisks digit\u0101lais osciloskops, kas paredz\u0113ts projekt\u0113\u0161anas, atk\u013c\u016bdo\u0161anas un izgl\u012bt\u012bbas vajadz\u012bb\u0101m, kas rakstur\u012bgas pla\u0161am digit\u0101lo osciloskopu tirgum. Tas pied\u0101v\u0101 v\u0113l nebiju\u0161u v\u0113rt\u012bbu klientu lietojumiem, pateicoties inovat\u012bvai tehnolo\u0123ijai, nozar\u0113 lab\u0101kaj\u0101m specifik\u0101cij\u0101m, jaud\u012bg\u0101m trigeru funkcij\u0101m un pla\u0161\u0101m anal\u012bzes iesp\u0113j\u0101m. Standarta komplekts: Rigol DS1202Z-E osciloskops, baro\u0161anas vads, USB kabelis, 2x 350 MHz pas\u012bv\u0101s...","og_url":"https:\/\/www.axiomams.eu\/lv\/produktas\/rigol-ds1202z-e-osciloskops","og_site_name":"AXIOMA MS","article_publisher":"https:\/\/www.facebook.com\/AxiomaMS","article_modified_time":"2026-03-25T14:59:43+00:00","og_image":[{"width":1200,"height":735,"url":"https:\/\/www.axiomams.eu\/wp-content\/uploads\/2025\/07\/3371-4505.jpg","type":"image\/jpeg"}],"twitter_card":"summary_large_image","twitter_misc":{"Est. reading time":"1 minute"},"schema":{"@context":"https:\/\/schema.org","@graph":[{"@type":"WebPage","@id":"https:\/\/www.axiomams.eu\/lv\/produktas\/rigol-ds1202z-e-osciloskops","url":"https:\/\/www.axiomams.eu\/lv\/produktas\/rigol-ds1202z-e-osciloskops","name":"Rigol DS1202Z-E osciloskops - AXIOMA MS","isPartOf":{"@id":"https:\/\/www.axiomams.eu\/lv#website"},"primaryImageOfPage":{"@id":"https:\/\/www.axiomams.eu\/lv\/produktas\/rigol-ds1202z-e-osciloskops#primaryimage"},"image":{"@id":"https:\/\/www.axiomams.eu\/lv\/produktas\/rigol-ds1202z-e-osciloskops#primaryimage"},"thumbnailUrl":"https:\/\/www.axiomams.eu\/wp-content\/uploads\/2025\/07\/3371-4505.jpg","datePublished":"2025-05-15T15:57:43+00:00","dateModified":"2026-03-25T14:59:43+00:00","breadcrumb":{"@id":"https:\/\/www.axiomams.eu\/lv\/produktas\/rigol-ds1202z-e-osciloskops#breadcrumb"},"inLanguage":"lv-LV","potentialAction":[{"@type":"ReadAction","target":["https:\/\/www.axiomams.eu\/lv\/produktas\/rigol-ds1202z-e-osciloskops"]}]},{"@type":"ImageObject","inLanguage":"lv-LV","@id":"https:\/\/www.axiomams.eu\/lv\/produktas\/rigol-ds1202z-e-osciloskops#primaryimage","url":"https:\/\/www.axiomams.eu\/wp-content\/uploads\/2025\/07\/3371-4505.jpg","contentUrl":"https:\/\/www.axiomams.eu\/wp-content\/uploads\/2025\/07\/3371-4505.jpg","width":1200,"height":735},{"@type":"BreadcrumbList","@id":"https:\/\/www.axiomams.eu\/lv\/produktas\/rigol-ds1202z-e-osciloskops#breadcrumb","itemListElement":[{"@type":"ListItem","position":1,"name":"Home","item":"https:\/\/www.axiomams.eu\/lv"},{"@type":"ListItem","position":2,"name":"Produkti","item":"https:\/\/www.axiomams.eu\/lv\/produkti"},{"@type":"ListItem","position":3,"name":"Rigol DS1202Z-E osciloskops"}]},{"@type":"WebSite","@id":"https:\/\/www.axiomams.eu\/lv#website","url":"https:\/\/www.axiomams.eu\/lv","name":"AXIOMA MS","description":"Terrmovizoriai ir matavimo \u012franga","publisher":{"@id":"https:\/\/www.axiomams.eu\/lv#organization"},"potentialAction":[{"@type":"SearchAction","target":{"@type":"EntryPoint","urlTemplate":"https:\/\/www.axiomams.eu\/lv?s={search_term_string}"},"query-input":{"@type":"PropertyValueSpecification","valueRequired":true,"valueName":"search_term_string"}}],"inLanguage":"lv-LV"},{"@type":"Organization","@id":"https:\/\/www.axiomams.eu\/lv#organization","name":"AXIOMA MS","url":"https:\/\/www.axiomams.eu\/lv","logo":{"@type":"ImageObject","inLanguage":"lv-LV","@id":"https:\/\/www.axiomams.eu\/lv#\/schema\/logo\/image\/","url":"https:\/\/www.axiomams.eu\/wp-content\/uploads\/2025\/06\/axioma-logo-2.png","contentUrl":"https:\/\/www.axiomams.eu\/wp-content\/uploads\/2025\/06\/axioma-logo-2.png","width":1200,"height":1200,"caption":"AXIOMA MS"},"image":{"@id":"https:\/\/www.axiomams.eu\/lv#\/schema\/logo\/image\/"},"sameAs":["https:\/\/www.facebook.com\/AxiomaMS","https:\/\/www.linkedin.com\/company\/axiomams\/"]}]}},"_links":{"self":[{"href":"https:\/\/www.axiomams.eu\/lv\/wp-json\/wp\/v2\/product\/39029","targetHints":{"allow":["GET"]}}],"collection":[{"href":"https:\/\/www.axiomams.eu\/lv\/wp-json\/wp\/v2\/product"}],"about":[{"href":"https:\/\/www.axiomams.eu\/lv\/wp-json\/wp\/v2\/types\/product"}],"replies":[{"embeddable":true,"href":"https:\/\/www.axiomams.eu\/lv\/wp-json\/wp\/v2\/comments?post=39029"}],"wp:featuredmedia":[{"embeddable":true,"href":"https:\/\/www.axiomams.eu\/lv\/wp-json\/wp\/v2\/media\/41766"}],"wp:attachment":[{"href":"https:\/\/www.axiomams.eu\/lv\/wp-json\/wp\/v2\/media?parent=39029"}],"wp:term":[{"taxonomy":"product_brand","embeddable":true,"href":"https:\/\/www.axiomams.eu\/lv\/wp-json\/wp\/v2\/product_brand?post=39029"},{"taxonomy":"product_cat","embeddable":true,"href":"https:\/\/www.axiomams.eu\/lv\/wp-json\/wp\/v2\/product_cat?post=39029"},{"taxonomy":"product_tag","embeddable":true,"href":"https:\/\/www.axiomams.eu\/lv\/wp-json\/wp\/v2\/product_tag?post=39029"}],"curies":[{"name":"wp","href":"https:\/\/api.w.org\/{rel}","templated":true}]}}