{"id":39034,"date":"2025-05-15T17:57:45","date_gmt":"2025-05-15T15:57:45","guid":{"rendered":"https:\/\/www.axiomams.eu\/produktas\/rigol-dsg815-radiofrekvencu-generators"},"modified":"2026-03-25T16:59:43","modified_gmt":"2026-03-25T14:59:43","slug":"rigol-dsg815-radiofrekvencu-generators","status":"publish","type":"product","link":"https:\/\/www.axiomams.eu\/lv\/produktas\/rigol-dsg815-radiofrekvencu-generators","title":{"rendered":"Rigol DSG815 Radiofrekven\u010du \u0123enerators"},"content":{"rendered":"<p>DSG800 s\u0113rija aptver izejas frekvences no 9 kHz l\u012bdz 3,0 GHz. \u0160ie instrumenti nodro\u0161ina maksim\u0101lo izejas jaudu l\u012bdz +20 dBm un zemu SSB f\u0101zes troksni -115 dBc\/Hz, amplit\u016bdas precizit\u0101ti +\/- 0,5 dB un frekvences iz\u0161\u0137irtsp\u0113ju 0,01 Hz jebkur\u0101 frekvenc\u0113. Kr\u0101sn\u012b kontrol\u0113ta krist\u0101la oscilatora laika b\u0101zes opcija nodro\u0161ina < 5 ppb temperat\u016bras stabilit\u0101ti un < 30 ppb\/gad\u0101 noveco\u0161anas stabilit\u0101ti, kas ir visprec\u012bz\u0101k\u0101 un stabil\u0101k\u0101 no \u0161aj\u0101 klas\u0113 pieejamaj\u0101m. IoT un RF lietojumiem, s\u0101kot no projekt\u0113\u0161anas l\u012bdz atk\u013c\u016bdo\u0161anai, DSG800 s\u0113rija nodro\u0161ina bezkompromisa RF sign\u0101lu \u0123ener\u0113\u0161anas iesp\u0113jas par v\u0113l nebiju\u0161u cenu.\n\nStandarta komplekts: DSG815, \u012bsa rokasgr\u0101mata, CDROM (lietot\u0101ja rokasgr\u0101mata, programm\u0113\u0161anas rokasgr\u0101mata), baro\u0161anas kabelis.\n\n\n\n<h3>Tehnisk\u0101 inform\u0101cija:<\/h3>\n<ul>\n<li><a href=\"https:\/\/axiomams.eu\/importer\/export\/attachments\/en\/rigol-dsg800.pdf\" target=\"_blank\">Rigol DSG800.pdf<\/a><\/li>\n<\/ul>\n","protected":false},"excerpt":{"rendered":"<p>DSG800 s\u0113rija aptver izejas frekvences no 9 kHz l\u012bdz 3,0 GHz. \u0160ie instrumenti nodro\u0161ina maksim\u0101lo izejas jaudu l\u012bdz +20 dBm un zemu SSB f\u0101zes troksni -115 dBc\/Hz, amplit\u016bdas precizit\u0101ti +\/- 0,5 dB un frekvences iz\u0161\u0137irtsp\u0113ju 0,01 Hz jebkur\u0101 frekvenc\u0113. Kr\u0101sn\u012b kontrol\u0113ta krist\u0101la oscilatora laika b\u0101zes opcija nodro\u0161ina < 5 ppb temperat\u016bras stabilit\u0101ti un < 30...\n<\/p>\n","protected":false},"featured_media":41776,"comment_status":"open","ping_status":"closed","template":"","meta":{"_acf_changed":false},"product_brand":[2082],"product_cat":[17757],"product_tag":[],"class_list":{"0":"post-39034","1":"product","2":"type-product","3":"status-publish","4":"has-post-thumbnail","6":"product_brand-rigol","7":"product_cat-generatori-barosanas-avoti-oscilografi-rcl-meritaji","9":"first","10":"instock","11":"taxable","12":"shipping-taxable","13":"purchasable","14":"product-type-simple"},"acf":[],"yoast_head":"<!-- This site is optimized with the Yoast SEO plugin v27.0 - https:\/\/yoast.com\/product\/yoast-seo-wordpress\/ -->\n<title>Rigol DSG815 Radiofrekven\u010du \u0123enerators - AXIOMA MS<\/title>\n<meta name=\"robots\" content=\"index, follow, max-snippet:-1, max-image-preview:large, max-video-preview:-1\" \/>\n<link rel=\"canonical\" href=\"https:\/\/www.axiomams.eu\/lv\/produktas\/rigol-dsg815-radiofrekvencu-generators\" \/>\n<meta property=\"og:locale\" content=\"lv_LV\" \/>\n<meta property=\"og:type\" content=\"article\" \/>\n<meta property=\"og:title\" content=\"Rigol DSG815 Radiofrekven\u010du \u0123enerators - AXIOMA MS\" \/>\n<meta property=\"og:description\" content=\"DSG800 s\u0113rija aptver izejas frekvences no 9 kHz l\u012bdz 3,0 GHz. \u0160ie instrumenti nodro\u0161ina maksim\u0101lo izejas jaudu l\u012bdz +20 dBm un zemu SSB f\u0101zes troksni -115 dBc\/Hz, amplit\u016bdas precizit\u0101ti +\/- 0,5 dB un frekvences iz\u0161\u0137irtsp\u0113ju 0,01 Hz jebkur\u0101 frekvenc\u0113. Kr\u0101sn\u012b kontrol\u0113ta krist\u0101la oscilatora laika b\u0101zes opcija nodro\u0161ina &lt; 5 ppb temperat\u016bras stabilit\u0101ti un &lt; 30...\" \/>\n<meta property=\"og:url\" content=\"https:\/\/www.axiomams.eu\/lv\/produktas\/rigol-dsg815-radiofrekvencu-generators\" \/>\n<meta property=\"og:site_name\" content=\"AXIOMA MS\" \/>\n<meta property=\"article:publisher\" content=\"https:\/\/www.facebook.com\/AxiomaMS\" \/>\n<meta property=\"article:modified_time\" content=\"2026-03-25T14:59:43+00:00\" \/>\n<meta property=\"og:image\" content=\"https:\/\/www.axiomams.eu\/wp-content\/uploads\/2025\/07\/1574-2038.jpg\" \/>\n\t<meta property=\"og:image:width\" content=\"800\" \/>\n\t<meta property=\"og:image:height\" content=\"727\" \/>\n\t<meta property=\"og:image:type\" content=\"image\/jpeg\" \/>\n<meta name=\"twitter:card\" content=\"summary_large_image\" \/>\n<meta name=\"twitter:label1\" content=\"Est. reading time\" \/>\n\t<meta name=\"twitter:data1\" content=\"1 minute\" \/>\n<script type=\"application\/ld+json\" class=\"yoast-schema-graph\">{\"@context\":\"https:\/\/schema.org\",\"@graph\":[{\"@type\":\"WebPage\",\"@id\":\"https:\/\/www.axiomams.eu\/lv\/produktas\/rigol-dsg815-radiofrekvencu-generators\",\"url\":\"https:\/\/www.axiomams.eu\/lv\/produktas\/rigol-dsg815-radiofrekvencu-generators\",\"name\":\"Rigol DSG815 Radiofrekven\u010du \u0123enerators - AXIOMA MS\",\"isPartOf\":{\"@id\":\"https:\/\/www.axiomams.eu\/lv#website\"},\"primaryImageOfPage\":{\"@id\":\"https:\/\/www.axiomams.eu\/lv\/produktas\/rigol-dsg815-radiofrekvencu-generators#primaryimage\"},\"image\":{\"@id\":\"https:\/\/www.axiomams.eu\/lv\/produktas\/rigol-dsg815-radiofrekvencu-generators#primaryimage\"},\"thumbnailUrl\":\"https:\/\/www.axiomams.eu\/wp-content\/uploads\/2025\/07\/1574-2038.jpg\",\"datePublished\":\"2025-05-15T15:57:45+00:00\",\"dateModified\":\"2026-03-25T14:59:43+00:00\",\"breadcrumb\":{\"@id\":\"https:\/\/www.axiomams.eu\/lv\/produktas\/rigol-dsg815-radiofrekvencu-generators#breadcrumb\"},\"inLanguage\":\"lv-LV\",\"potentialAction\":[{\"@type\":\"ReadAction\",\"target\":[\"https:\/\/www.axiomams.eu\/lv\/produktas\/rigol-dsg815-radiofrekvencu-generators\"]}]},{\"@type\":\"ImageObject\",\"inLanguage\":\"lv-LV\",\"@id\":\"https:\/\/www.axiomams.eu\/lv\/produktas\/rigol-dsg815-radiofrekvencu-generators#primaryimage\",\"url\":\"https:\/\/www.axiomams.eu\/wp-content\/uploads\/2025\/07\/1574-2038.jpg\",\"contentUrl\":\"https:\/\/www.axiomams.eu\/wp-content\/uploads\/2025\/07\/1574-2038.jpg\",\"width\":800,\"height\":727},{\"@type\":\"BreadcrumbList\",\"@id\":\"https:\/\/www.axiomams.eu\/lv\/produktas\/rigol-dsg815-radiofrekvencu-generators#breadcrumb\",\"itemListElement\":[{\"@type\":\"ListItem\",\"position\":1,\"name\":\"Home\",\"item\":\"https:\/\/www.axiomams.eu\/lv\"},{\"@type\":\"ListItem\",\"position\":2,\"name\":\"Produkti\",\"item\":\"https:\/\/www.axiomams.eu\/lv\/produkti\"},{\"@type\":\"ListItem\",\"position\":3,\"name\":\"Rigol DSG815 Radiofrekven\u010du \u0123enerators\"}]},{\"@type\":\"WebSite\",\"@id\":\"https:\/\/www.axiomams.eu\/lv#website\",\"url\":\"https:\/\/www.axiomams.eu\/lv\",\"name\":\"AXIOMA MS\",\"description\":\"Terrmovizoriai ir matavimo \u012franga\",\"publisher\":{\"@id\":\"https:\/\/www.axiomams.eu\/lv#organization\"},\"potentialAction\":[{\"@type\":\"SearchAction\",\"target\":{\"@type\":\"EntryPoint\",\"urlTemplate\":\"https:\/\/www.axiomams.eu\/lv?s={search_term_string}\"},\"query-input\":{\"@type\":\"PropertyValueSpecification\",\"valueRequired\":true,\"valueName\":\"search_term_string\"}}],\"inLanguage\":\"lv-LV\"},{\"@type\":\"Organization\",\"@id\":\"https:\/\/www.axiomams.eu\/lv#organization\",\"name\":\"AXIOMA MS\",\"url\":\"https:\/\/www.axiomams.eu\/lv\",\"logo\":{\"@type\":\"ImageObject\",\"inLanguage\":\"lv-LV\",\"@id\":\"https:\/\/www.axiomams.eu\/lv#\/schema\/logo\/image\/\",\"url\":\"https:\/\/www.axiomams.eu\/wp-content\/uploads\/2025\/06\/axioma-logo-2.png\",\"contentUrl\":\"https:\/\/www.axiomams.eu\/wp-content\/uploads\/2025\/06\/axioma-logo-2.png\",\"width\":1200,\"height\":1200,\"caption\":\"AXIOMA MS\"},\"image\":{\"@id\":\"https:\/\/www.axiomams.eu\/lv#\/schema\/logo\/image\/\"},\"sameAs\":[\"https:\/\/www.facebook.com\/AxiomaMS\",\"https:\/\/www.linkedin.com\/company\/axiomams\/\"]}]}<\/script>\n<!-- \/ Yoast SEO plugin. -->","yoast_head_json":{"title":"Rigol DSG815 Radiofrekven\u010du \u0123enerators - AXIOMA MS","robots":{"index":"index","follow":"follow","max-snippet":"max-snippet:-1","max-image-preview":"max-image-preview:large","max-video-preview":"max-video-preview:-1"},"canonical":"https:\/\/www.axiomams.eu\/lv\/produktas\/rigol-dsg815-radiofrekvencu-generators","og_locale":"lv_LV","og_type":"article","og_title":"Rigol DSG815 Radiofrekven\u010du \u0123enerators - AXIOMA MS","og_description":"DSG800 s\u0113rija aptver izejas frekvences no 9 kHz l\u012bdz 3,0 GHz. \u0160ie instrumenti nodro\u0161ina maksim\u0101lo izejas jaudu l\u012bdz +20 dBm un zemu SSB f\u0101zes troksni -115 dBc\/Hz, amplit\u016bdas precizit\u0101ti +\/- 0,5 dB un frekvences iz\u0161\u0137irtsp\u0113ju 0,01 Hz jebkur\u0101 frekvenc\u0113. Kr\u0101sn\u012b kontrol\u0113ta krist\u0101la oscilatora laika b\u0101zes opcija nodro\u0161ina < 5 ppb temperat\u016bras stabilit\u0101ti un < 30...","og_url":"https:\/\/www.axiomams.eu\/lv\/produktas\/rigol-dsg815-radiofrekvencu-generators","og_site_name":"AXIOMA MS","article_publisher":"https:\/\/www.facebook.com\/AxiomaMS","article_modified_time":"2026-03-25T14:59:43+00:00","og_image":[{"width":800,"height":727,"url":"https:\/\/www.axiomams.eu\/wp-content\/uploads\/2025\/07\/1574-2038.jpg","type":"image\/jpeg"}],"twitter_card":"summary_large_image","twitter_misc":{"Est. reading time":"1 minute"},"schema":{"@context":"https:\/\/schema.org","@graph":[{"@type":"WebPage","@id":"https:\/\/www.axiomams.eu\/lv\/produktas\/rigol-dsg815-radiofrekvencu-generators","url":"https:\/\/www.axiomams.eu\/lv\/produktas\/rigol-dsg815-radiofrekvencu-generators","name":"Rigol DSG815 Radiofrekven\u010du \u0123enerators - AXIOMA MS","isPartOf":{"@id":"https:\/\/www.axiomams.eu\/lv#website"},"primaryImageOfPage":{"@id":"https:\/\/www.axiomams.eu\/lv\/produktas\/rigol-dsg815-radiofrekvencu-generators#primaryimage"},"image":{"@id":"https:\/\/www.axiomams.eu\/lv\/produktas\/rigol-dsg815-radiofrekvencu-generators#primaryimage"},"thumbnailUrl":"https:\/\/www.axiomams.eu\/wp-content\/uploads\/2025\/07\/1574-2038.jpg","datePublished":"2025-05-15T15:57:45+00:00","dateModified":"2026-03-25T14:59:43+00:00","breadcrumb":{"@id":"https:\/\/www.axiomams.eu\/lv\/produktas\/rigol-dsg815-radiofrekvencu-generators#breadcrumb"},"inLanguage":"lv-LV","potentialAction":[{"@type":"ReadAction","target":["https:\/\/www.axiomams.eu\/lv\/produktas\/rigol-dsg815-radiofrekvencu-generators"]}]},{"@type":"ImageObject","inLanguage":"lv-LV","@id":"https:\/\/www.axiomams.eu\/lv\/produktas\/rigol-dsg815-radiofrekvencu-generators#primaryimage","url":"https:\/\/www.axiomams.eu\/wp-content\/uploads\/2025\/07\/1574-2038.jpg","contentUrl":"https:\/\/www.axiomams.eu\/wp-content\/uploads\/2025\/07\/1574-2038.jpg","width":800,"height":727},{"@type":"BreadcrumbList","@id":"https:\/\/www.axiomams.eu\/lv\/produktas\/rigol-dsg815-radiofrekvencu-generators#breadcrumb","itemListElement":[{"@type":"ListItem","position":1,"name":"Home","item":"https:\/\/www.axiomams.eu\/lv"},{"@type":"ListItem","position":2,"name":"Produkti","item":"https:\/\/www.axiomams.eu\/lv\/produkti"},{"@type":"ListItem","position":3,"name":"Rigol DSG815 Radiofrekven\u010du \u0123enerators"}]},{"@type":"WebSite","@id":"https:\/\/www.axiomams.eu\/lv#website","url":"https:\/\/www.axiomams.eu\/lv","name":"AXIOMA MS","description":"Terrmovizoriai ir matavimo \u012franga","publisher":{"@id":"https:\/\/www.axiomams.eu\/lv#organization"},"potentialAction":[{"@type":"SearchAction","target":{"@type":"EntryPoint","urlTemplate":"https:\/\/www.axiomams.eu\/lv?s={search_term_string}"},"query-input":{"@type":"PropertyValueSpecification","valueRequired":true,"valueName":"search_term_string"}}],"inLanguage":"lv-LV"},{"@type":"Organization","@id":"https:\/\/www.axiomams.eu\/lv#organization","name":"AXIOMA MS","url":"https:\/\/www.axiomams.eu\/lv","logo":{"@type":"ImageObject","inLanguage":"lv-LV","@id":"https:\/\/www.axiomams.eu\/lv#\/schema\/logo\/image\/","url":"https:\/\/www.axiomams.eu\/wp-content\/uploads\/2025\/06\/axioma-logo-2.png","contentUrl":"https:\/\/www.axiomams.eu\/wp-content\/uploads\/2025\/06\/axioma-logo-2.png","width":1200,"height":1200,"caption":"AXIOMA MS"},"image":{"@id":"https:\/\/www.axiomams.eu\/lv#\/schema\/logo\/image\/"},"sameAs":["https:\/\/www.facebook.com\/AxiomaMS","https:\/\/www.linkedin.com\/company\/axiomams\/"]}]}},"_links":{"self":[{"href":"https:\/\/www.axiomams.eu\/lv\/wp-json\/wp\/v2\/product\/39034","targetHints":{"allow":["GET"]}}],"collection":[{"href":"https:\/\/www.axiomams.eu\/lv\/wp-json\/wp\/v2\/product"}],"about":[{"href":"https:\/\/www.axiomams.eu\/lv\/wp-json\/wp\/v2\/types\/product"}],"replies":[{"embeddable":true,"href":"https:\/\/www.axiomams.eu\/lv\/wp-json\/wp\/v2\/comments?post=39034"}],"wp:featuredmedia":[{"embeddable":true,"href":"https:\/\/www.axiomams.eu\/lv\/wp-json\/wp\/v2\/media\/41776"}],"wp:attachment":[{"href":"https:\/\/www.axiomams.eu\/lv\/wp-json\/wp\/v2\/media?parent=39034"}],"wp:term":[{"taxonomy":"product_brand","embeddable":true,"href":"https:\/\/www.axiomams.eu\/lv\/wp-json\/wp\/v2\/product_brand?post=39034"},{"taxonomy":"product_cat","embeddable":true,"href":"https:\/\/www.axiomams.eu\/lv\/wp-json\/wp\/v2\/product_cat?post=39034"},{"taxonomy":"product_tag","embeddable":true,"href":"https:\/\/www.axiomams.eu\/lv\/wp-json\/wp\/v2\/product_tag?post=39034"}],"curies":[{"name":"wp","href":"https:\/\/api.w.org\/{rel}","templated":true}]}}