{"id":39041,"date":"2025-05-15T17:57:52","date_gmt":"2025-05-15T15:57:52","guid":{"rendered":"https:\/\/www.axiomams.eu\/produktas\/deep-trekker-dtg3-zemudens-rov"},"modified":"2026-03-25T16:59:47","modified_gmt":"2026-03-25T14:59:47","slug":"deep-trekker-dtg3-zemudens-rov","status":"publish","type":"product","link":"https:\/\/www.axiomams.eu\/lv\/produktas\/deep-trekker-dtg3-zemudens-rov","title":{"rendered":"Deep Trekker DTG3 zem\u016bdens ROV"},"content":{"rendered":"<p>Deep Trekker DTG3 ir mini nov\u0113ro\u0161anas klases zem\u016bdens ROV, kas rad\u012bts, lai operatori var\u0113tu \u0101tri izvietot un vizu\u0101li p\u0101rbaud\u012bt zem\u016bdens vidi da\u017eu min\u016b\u0161u laik\u0101. Inteli\u0123ence un modern\u0101s iesp\u0113jas padara \u0161o p\u0101rn\u0113s\u0101jamo, komerci\u0101l\u0101s klases t\u0101lvad\u012bbas transportl\u012bdzekli par lab\u0101ko sav\u0101 klas\u0113.<br \/>\nIek\u0161\u0113j\u0101 HD kamera ir viegli lietojama, ar tie\u0161raides apskati bez kav\u0113\u0161an\u0101s rokas kontrolier\u012b un 270 gr\u0101du rot\u0113jo\u0161u redzes lauku. P\u0101rsl\u0113dziet uz foto re\u017e\u012bmu, lai uz\u0146emtu l\u012bdz pat 8 megapikse\u013cu fotogr\u0101fijas. Ierakstiet p\u0101rbaudes un zem\u016bdens darb\u012bbas tie\u0161i uz rokas kontroliera, kam ir ieb\u016bv\u0113ts displejs.<\/p>\n<h3>Tehnisk\u0101 inform\u0101cija:<\/h3>\n<ul>\n<li><a href=\"https:\/\/axiomams.eu\/importer\/export\/attachments\/en\/dtg3-rov.pdf\" target=\"_blank\">DTG3 ROV.pdf<\/a><\/li>\n<\/ul>\n","protected":false},"excerpt":{"rendered":"<p>Deep Trekker DTG3 ir mini nov\u0113ro\u0161anas klases zem\u016bdens ROV, kas rad\u012bts, lai operatori var\u0113tu \u0101tri izvietot un vizu\u0101li p\u0101rbaud\u012bt zem\u016bdens vidi da\u017eu min\u016b\u0161u laik\u0101. Inteli\u0123ence un modern\u0101s iesp\u0113jas padara \u0161o p\u0101rn\u0113s\u0101jamo, komerci\u0101l\u0101s klases t\u0101lvad\u012bbas transportl\u012bdzekli par lab\u0101ko sav\u0101 klas\u0113. Iek\u0161\u0113j\u0101 HD kamera ir viegli lietojama, ar tie\u0161raides apskati bez kav\u0113\u0161an\u0101s rokas kontrolier\u012b un 270 gr\u0101du&#8230;<\/p>\n","protected":false},"featured_media":41790,"comment_status":"open","ping_status":"closed","template":"","meta":{"_acf_changed":false},"product_brand":[1188],"product_cat":[17769],"product_tag":[],"class_list":{"0":"post-39041","1":"product","2":"type-product","3":"status-publish","4":"has-post-thumbnail","6":"product_brand-deep-trekker","7":"product_cat-zemudens-droni","9":"first","10":"instock","11":"taxable","12":"shipping-taxable","13":"product-type-simple"},"acf":[],"yoast_head":"<!-- This site is optimized with the Yoast SEO plugin v27.0 - https:\/\/yoast.com\/product\/yoast-seo-wordpress\/ -->\n<title>Deep Trekker DTG3 zem\u016bdens ROV - AXIOMA MS<\/title>\n<meta name=\"robots\" content=\"index, follow, max-snippet:-1, max-image-preview:large, max-video-preview:-1\" \/>\n<link rel=\"canonical\" href=\"https:\/\/www.axiomams.eu\/lv\/produktas\/deep-trekker-dtg3-zemudens-rov\" \/>\n<meta property=\"og:locale\" content=\"lv_LV\" \/>\n<meta property=\"og:type\" content=\"article\" \/>\n<meta property=\"og:title\" content=\"Deep Trekker DTG3 zem\u016bdens ROV - AXIOMA MS\" \/>\n<meta property=\"og:description\" content=\"Deep Trekker DTG3 ir mini nov\u0113ro\u0161anas klases zem\u016bdens ROV, kas rad\u012bts, lai operatori var\u0113tu \u0101tri izvietot un vizu\u0101li p\u0101rbaud\u012bt zem\u016bdens vidi da\u017eu min\u016b\u0161u laik\u0101. Inteli\u0123ence un modern\u0101s iesp\u0113jas padara \u0161o p\u0101rn\u0113s\u0101jamo, komerci\u0101l\u0101s klases t\u0101lvad\u012bbas transportl\u012bdzekli par lab\u0101ko sav\u0101 klas\u0113. Iek\u0161\u0113j\u0101 HD kamera ir viegli lietojama, ar tie\u0161raides apskati bez kav\u0113\u0161an\u0101s rokas kontrolier\u012b un 270 gr\u0101du...\" \/>\n<meta property=\"og:url\" content=\"https:\/\/www.axiomams.eu\/lv\/produktas\/deep-trekker-dtg3-zemudens-rov\" \/>\n<meta property=\"og:site_name\" content=\"AXIOMA MS\" \/>\n<meta property=\"article:publisher\" content=\"https:\/\/www.facebook.com\/AxiomaMS\" \/>\n<meta property=\"article:modified_time\" content=\"2026-03-25T14:59:47+00:00\" \/>\n<meta property=\"og:image\" content=\"https:\/\/www.axiomams.eu\/wp-content\/uploads\/2025\/07\/3097-4080.jpg\" \/>\n\t<meta property=\"og:image:width\" content=\"800\" \/>\n\t<meta property=\"og:image:height\" content=\"591\" \/>\n\t<meta property=\"og:image:type\" content=\"image\/jpeg\" \/>\n<meta name=\"twitter:card\" content=\"summary_large_image\" \/>\n<meta name=\"twitter:label1\" content=\"Est. reading time\" \/>\n\t<meta name=\"twitter:data1\" content=\"1 minute\" \/>\n<script type=\"application\/ld+json\" class=\"yoast-schema-graph\">{\"@context\":\"https:\/\/schema.org\",\"@graph\":[{\"@type\":\"WebPage\",\"@id\":\"https:\/\/www.axiomams.eu\/lv\/produktas\/deep-trekker-dtg3-zemudens-rov\",\"url\":\"https:\/\/www.axiomams.eu\/lv\/produktas\/deep-trekker-dtg3-zemudens-rov\",\"name\":\"Deep Trekker DTG3 zem\u016bdens ROV - AXIOMA MS\",\"isPartOf\":{\"@id\":\"https:\/\/www.axiomams.eu\/lv#website\"},\"primaryImageOfPage\":{\"@id\":\"https:\/\/www.axiomams.eu\/lv\/produktas\/deep-trekker-dtg3-zemudens-rov#primaryimage\"},\"image\":{\"@id\":\"https:\/\/www.axiomams.eu\/lv\/produktas\/deep-trekker-dtg3-zemudens-rov#primaryimage\"},\"thumbnailUrl\":\"https:\/\/www.axiomams.eu\/wp-content\/uploads\/2025\/07\/3097-4080.jpg\",\"datePublished\":\"2025-05-15T15:57:52+00:00\",\"dateModified\":\"2026-03-25T14:59:47+00:00\",\"breadcrumb\":{\"@id\":\"https:\/\/www.axiomams.eu\/lv\/produktas\/deep-trekker-dtg3-zemudens-rov#breadcrumb\"},\"inLanguage\":\"lv-LV\",\"potentialAction\":[{\"@type\":\"ReadAction\",\"target\":[\"https:\/\/www.axiomams.eu\/lv\/produktas\/deep-trekker-dtg3-zemudens-rov\"]}]},{\"@type\":\"ImageObject\",\"inLanguage\":\"lv-LV\",\"@id\":\"https:\/\/www.axiomams.eu\/lv\/produktas\/deep-trekker-dtg3-zemudens-rov#primaryimage\",\"url\":\"https:\/\/www.axiomams.eu\/wp-content\/uploads\/2025\/07\/3097-4080.jpg\",\"contentUrl\":\"https:\/\/www.axiomams.eu\/wp-content\/uploads\/2025\/07\/3097-4080.jpg\",\"width\":800,\"height\":591},{\"@type\":\"BreadcrumbList\",\"@id\":\"https:\/\/www.axiomams.eu\/lv\/produktas\/deep-trekker-dtg3-zemudens-rov#breadcrumb\",\"itemListElement\":[{\"@type\":\"ListItem\",\"position\":1,\"name\":\"Home\",\"item\":\"https:\/\/www.axiomams.eu\/lv\"},{\"@type\":\"ListItem\",\"position\":2,\"name\":\"Produkti\",\"item\":\"https:\/\/www.axiomams.eu\/lv\/produkti\"},{\"@type\":\"ListItem\",\"position\":3,\"name\":\"Deep Trekker DTG3 zem\u016bdens ROV\"}]},{\"@type\":\"WebSite\",\"@id\":\"https:\/\/www.axiomams.eu\/lv#website\",\"url\":\"https:\/\/www.axiomams.eu\/lv\",\"name\":\"AXIOMA MS\",\"description\":\"Terrmovizoriai ir matavimo \u012franga\",\"publisher\":{\"@id\":\"https:\/\/www.axiomams.eu\/lv#organization\"},\"potentialAction\":[{\"@type\":\"SearchAction\",\"target\":{\"@type\":\"EntryPoint\",\"urlTemplate\":\"https:\/\/www.axiomams.eu\/lv?s={search_term_string}\"},\"query-input\":{\"@type\":\"PropertyValueSpecification\",\"valueRequired\":true,\"valueName\":\"search_term_string\"}}],\"inLanguage\":\"lv-LV\"},{\"@type\":\"Organization\",\"@id\":\"https:\/\/www.axiomams.eu\/lv#organization\",\"name\":\"AXIOMA MS\",\"url\":\"https:\/\/www.axiomams.eu\/lv\",\"logo\":{\"@type\":\"ImageObject\",\"inLanguage\":\"lv-LV\",\"@id\":\"https:\/\/www.axiomams.eu\/lv#\/schema\/logo\/image\/\",\"url\":\"https:\/\/www.axiomams.eu\/wp-content\/uploads\/2025\/06\/axioma-logo-2.png\",\"contentUrl\":\"https:\/\/www.axiomams.eu\/wp-content\/uploads\/2025\/06\/axioma-logo-2.png\",\"width\":1200,\"height\":1200,\"caption\":\"AXIOMA MS\"},\"image\":{\"@id\":\"https:\/\/www.axiomams.eu\/lv#\/schema\/logo\/image\/\"},\"sameAs\":[\"https:\/\/www.facebook.com\/AxiomaMS\",\"https:\/\/www.linkedin.com\/company\/axiomams\/\"]}]}<\/script>\n<!-- \/ Yoast SEO plugin. -->","yoast_head_json":{"title":"Deep Trekker DTG3 zem\u016bdens ROV - AXIOMA MS","robots":{"index":"index","follow":"follow","max-snippet":"max-snippet:-1","max-image-preview":"max-image-preview:large","max-video-preview":"max-video-preview:-1"},"canonical":"https:\/\/www.axiomams.eu\/lv\/produktas\/deep-trekker-dtg3-zemudens-rov","og_locale":"lv_LV","og_type":"article","og_title":"Deep Trekker DTG3 zem\u016bdens ROV - AXIOMA MS","og_description":"Deep Trekker DTG3 ir mini nov\u0113ro\u0161anas klases zem\u016bdens ROV, kas rad\u012bts, lai operatori var\u0113tu \u0101tri izvietot un vizu\u0101li p\u0101rbaud\u012bt zem\u016bdens vidi da\u017eu min\u016b\u0161u laik\u0101. Inteli\u0123ence un modern\u0101s iesp\u0113jas padara \u0161o p\u0101rn\u0113s\u0101jamo, komerci\u0101l\u0101s klases t\u0101lvad\u012bbas transportl\u012bdzekli par lab\u0101ko sav\u0101 klas\u0113. Iek\u0161\u0113j\u0101 HD kamera ir viegli lietojama, ar tie\u0161raides apskati bez kav\u0113\u0161an\u0101s rokas kontrolier\u012b un 270 gr\u0101du...","og_url":"https:\/\/www.axiomams.eu\/lv\/produktas\/deep-trekker-dtg3-zemudens-rov","og_site_name":"AXIOMA MS","article_publisher":"https:\/\/www.facebook.com\/AxiomaMS","article_modified_time":"2026-03-25T14:59:47+00:00","og_image":[{"width":800,"height":591,"url":"https:\/\/www.axiomams.eu\/wp-content\/uploads\/2025\/07\/3097-4080.jpg","type":"image\/jpeg"}],"twitter_card":"summary_large_image","twitter_misc":{"Est. reading time":"1 minute"},"schema":{"@context":"https:\/\/schema.org","@graph":[{"@type":"WebPage","@id":"https:\/\/www.axiomams.eu\/lv\/produktas\/deep-trekker-dtg3-zemudens-rov","url":"https:\/\/www.axiomams.eu\/lv\/produktas\/deep-trekker-dtg3-zemudens-rov","name":"Deep Trekker DTG3 zem\u016bdens ROV - AXIOMA MS","isPartOf":{"@id":"https:\/\/www.axiomams.eu\/lv#website"},"primaryImageOfPage":{"@id":"https:\/\/www.axiomams.eu\/lv\/produktas\/deep-trekker-dtg3-zemudens-rov#primaryimage"},"image":{"@id":"https:\/\/www.axiomams.eu\/lv\/produktas\/deep-trekker-dtg3-zemudens-rov#primaryimage"},"thumbnailUrl":"https:\/\/www.axiomams.eu\/wp-content\/uploads\/2025\/07\/3097-4080.jpg","datePublished":"2025-05-15T15:57:52+00:00","dateModified":"2026-03-25T14:59:47+00:00","breadcrumb":{"@id":"https:\/\/www.axiomams.eu\/lv\/produktas\/deep-trekker-dtg3-zemudens-rov#breadcrumb"},"inLanguage":"lv-LV","potentialAction":[{"@type":"ReadAction","target":["https:\/\/www.axiomams.eu\/lv\/produktas\/deep-trekker-dtg3-zemudens-rov"]}]},{"@type":"ImageObject","inLanguage":"lv-LV","@id":"https:\/\/www.axiomams.eu\/lv\/produktas\/deep-trekker-dtg3-zemudens-rov#primaryimage","url":"https:\/\/www.axiomams.eu\/wp-content\/uploads\/2025\/07\/3097-4080.jpg","contentUrl":"https:\/\/www.axiomams.eu\/wp-content\/uploads\/2025\/07\/3097-4080.jpg","width":800,"height":591},{"@type":"BreadcrumbList","@id":"https:\/\/www.axiomams.eu\/lv\/produktas\/deep-trekker-dtg3-zemudens-rov#breadcrumb","itemListElement":[{"@type":"ListItem","position":1,"name":"Home","item":"https:\/\/www.axiomams.eu\/lv"},{"@type":"ListItem","position":2,"name":"Produkti","item":"https:\/\/www.axiomams.eu\/lv\/produkti"},{"@type":"ListItem","position":3,"name":"Deep Trekker DTG3 zem\u016bdens ROV"}]},{"@type":"WebSite","@id":"https:\/\/www.axiomams.eu\/lv#website","url":"https:\/\/www.axiomams.eu\/lv","name":"AXIOMA MS","description":"Terrmovizoriai ir matavimo \u012franga","publisher":{"@id":"https:\/\/www.axiomams.eu\/lv#organization"},"potentialAction":[{"@type":"SearchAction","target":{"@type":"EntryPoint","urlTemplate":"https:\/\/www.axiomams.eu\/lv?s={search_term_string}"},"query-input":{"@type":"PropertyValueSpecification","valueRequired":true,"valueName":"search_term_string"}}],"inLanguage":"lv-LV"},{"@type":"Organization","@id":"https:\/\/www.axiomams.eu\/lv#organization","name":"AXIOMA MS","url":"https:\/\/www.axiomams.eu\/lv","logo":{"@type":"ImageObject","inLanguage":"lv-LV","@id":"https:\/\/www.axiomams.eu\/lv#\/schema\/logo\/image\/","url":"https:\/\/www.axiomams.eu\/wp-content\/uploads\/2025\/06\/axioma-logo-2.png","contentUrl":"https:\/\/www.axiomams.eu\/wp-content\/uploads\/2025\/06\/axioma-logo-2.png","width":1200,"height":1200,"caption":"AXIOMA MS"},"image":{"@id":"https:\/\/www.axiomams.eu\/lv#\/schema\/logo\/image\/"},"sameAs":["https:\/\/www.facebook.com\/AxiomaMS","https:\/\/www.linkedin.com\/company\/axiomams\/"]}]}},"_links":{"self":[{"href":"https:\/\/www.axiomams.eu\/lv\/wp-json\/wp\/v2\/product\/39041","targetHints":{"allow":["GET"]}}],"collection":[{"href":"https:\/\/www.axiomams.eu\/lv\/wp-json\/wp\/v2\/product"}],"about":[{"href":"https:\/\/www.axiomams.eu\/lv\/wp-json\/wp\/v2\/types\/product"}],"replies":[{"embeddable":true,"href":"https:\/\/www.axiomams.eu\/lv\/wp-json\/wp\/v2\/comments?post=39041"}],"wp:featuredmedia":[{"embeddable":true,"href":"https:\/\/www.axiomams.eu\/lv\/wp-json\/wp\/v2\/media\/41790"}],"wp:attachment":[{"href":"https:\/\/www.axiomams.eu\/lv\/wp-json\/wp\/v2\/media?parent=39041"}],"wp:term":[{"taxonomy":"product_brand","embeddable":true,"href":"https:\/\/www.axiomams.eu\/lv\/wp-json\/wp\/v2\/product_brand?post=39041"},{"taxonomy":"product_cat","embeddable":true,"href":"https:\/\/www.axiomams.eu\/lv\/wp-json\/wp\/v2\/product_cat?post=39041"},{"taxonomy":"product_tag","embeddable":true,"href":"https:\/\/www.axiomams.eu\/lv\/wp-json\/wp\/v2\/product_tag?post=39041"}],"curies":[{"name":"wp","href":"https:\/\/api.w.org\/{rel}","templated":true}]}}