{"id":39045,"date":"2025-05-15T17:57:56","date_gmt":"2025-05-15T15:57:56","guid":{"rendered":"https:\/\/www.axiomams.eu\/produktas\/hwm-dxmic-pro-zemes-mikrofons"},"modified":"2026-03-25T16:59:47","modified_gmt":"2026-03-25T14:59:47","slug":"hwm-dxmic-pro-zemes-mikrofons","status":"publish","type":"product","link":"https:\/\/www.axiomams.eu\/lv\/produktas\/hwm-dxmic-pro-zemes-mikrofons","title":{"rendered":"HWM DXmic Pro Zemes mikrofons"},"content":{"rendered":"<p>HWM DXmic Pro ir jaun\u0101k\u0101s paaudzes HWM zemes mikrofons. Pamatojoties uz izcilo Xmic reput\u0101ciju, DXmic ir apr\u012bkots ar sk\u0101rienekr\u0101na darb\u012bbu un daudz\u0101m jaun\u0101m inovat\u012bv\u0101m funkcij\u0101m.<br \/>\nDXmic ir visaugst\u0101k\u0101 ska\u0146as kvalit\u0101te un t\u0101das funkcijas k\u0101 autom\u0101tisk\u0101 filtr\u0113\u0161ana, frekven\u010du displejs.<\/p>\n<p>Lab\u0101k\u0101 ska\u0146as kvalit\u0101te sav\u0101 klas\u0113<br \/>\nIztur\u012bgs korpuss ar p\u0101rn\u0113s\u0101\u0161anas siksnas stiprin\u0101jumiem<br \/>\nBezvadu savienojuma iesp\u0113ja: austi\u0146\u0101m vai audio\/konfigur\u0101cijas datu p\u0101rs\u016bt\u012b\u0161anai uz datoru.<br \/>\nFrekvences displejs<br \/>\nUSB funkcija: Datu p\u0101rs\u016bt\u012b\u0161anai un programmaparat\u016bras atjaunin\u0101\u0161anai<br \/>\nLietot\u0101jam draudz\u012bgi: dro\u0161\u012bbas trok\u0161\u0146a l\u012bme\u0146a izsl\u0113g\u0161anas un nopl\u016bdes trok\u0161\u0146a izol\u0101cijas filtri.<br \/>\nMinim\u0101l\u0101 trok\u0161\u0146a l\u012bme\u0146a ierakst\u012b\u0161ana un att\u0113lo\u0161ana: Efekt\u012bvai prec\u012bzai noteik\u0161anai<br \/>\nAutom\u0101tisk\u0101 filtra funkcija: Filtra iestat\u012b\u0161ana ap maksim\u0101lo trok\u0161\u0146a l\u012bmeni<\/p>\n<p>Tehnisk\u0101s specifik\u0101cijas:<br \/>\nFrekven\u010du diapazons: Frekven\u010du diapazons: 0 Hz &#8230; 5000 Hz<br \/>\nAkumulatora darb\u012bbas laiks: l\u012bdz 25 stund\u0101m<br \/>\nIzm\u0113ri: 193 x 109 x 60 mm<br \/>\nKlaviat\u016bra: Sk\u0101rienj\u016bt\u012bgais LCD ekr\u0101ns<br \/>\nDisplejs: LCD ekr\u0101ns: 5,0 collu TFT LCD kr\u0101su<br \/>\nSvars: 600 g<br \/>\nDarba temperat\u016bra: 10 \u00b0C: 15\u00b0C &#8230; +50\u00b0C<br \/>\nAizsardz\u012bba pret iek\u013c\u016b\u0161anu: AIZSARDZ\u012aBA: IP65<br \/>\nAusti\u0146as: austi\u0146as: ar Bluetooth savienotas vai studijas kvalit\u0101tes austi\u0146as<br \/>\nAugstas jut\u012bbas, zema trok\u0161\u0146a l\u012bme\u0146a Rmic zemes mikrofons ar 1,5 m kabeli<\/p>\n<p>DXmic Pro funkcijas:<br \/>\nNopl\u016bdes trok\u0161\u0146a ierakst\u012b\u0161ana<br \/>\nNopl\u016bdes trok\u0161\u0146a atk\u0101rto\u0161ana un lejupiel\u0101de lietotn\u0113<br \/>\nLiel\u0101ka atmi\u0146as ietilp\u012bba, lai maksim\u0101li palielin\u0101tu ierakstu skaitu<\/p>\n<p>Standarta komplekts: HMW DXmic, lielas virsmas ska\u0146as sensors &#8220;Elephants Foot&#8221;, magn\u0113tiskais un stat\u012bva sensors, rokas zonde, stie\u0146i, austi\u0146as, t\u012bkla l\u0101d\u0113t\u0101js, m\u012bksts futr\u0101lis.<\/p>\n<h3>Tehnisk\u0101 inform\u0101cija:<\/h3>\n<ul>\n<li><a href=\"https:\/\/axiomams.eu\/importer\/export\/attachments\/en\/hmw-dxmic-pro-.pdf\" target=\"_blank\">HMW DXmic Pro-.pdf<\/a><\/li>\n<\/ul>\n","protected":false},"excerpt":{"rendered":"<p>HWM DXmic Pro ir jaun\u0101k\u0101s paaudzes HWM zemes mikrofons. Pamatojoties uz izcilo Xmic reput\u0101ciju, DXmic ir apr\u012bkots ar sk\u0101rienekr\u0101na darb\u012bbu un daudz\u0101m jaun\u0101m inovat\u012bv\u0101m funkcij\u0101m. DXmic ir visaugst\u0101k\u0101 ska\u0146as kvalit\u0101te un t\u0101das funkcijas k\u0101 autom\u0101tisk\u0101 filtr\u0113\u0161ana, frekven\u010du displejs. Lab\u0101k\u0101 ska\u0146as kvalit\u0101te sav\u0101 klas\u0113 Iztur\u012bgs korpuss ar p\u0101rn\u0113s\u0101\u0161anas siksnas stiprin\u0101jumiem Bezvadu savienojuma iesp\u0113ja: austi\u0146\u0101m vai audio\/konfigur\u0101cijas&#8230;<\/p>\n","protected":false},"featured_media":41798,"comment_status":"open","ping_status":"closed","template":"","meta":{"_acf_changed":false},"product_brand":[1011],"product_cat":[17751],"product_tag":[],"class_list":{"0":"post-39045","1":"product","2":"type-product","3":"status-publish","4":"has-post-thumbnail","6":"product_brand-hwm","7":"product_cat-udens-nopludes-meklesana","9":"first","10":"instock","11":"taxable","12":"shipping-taxable","13":"product-type-simple"},"acf":[],"yoast_head":"<!-- This site is optimized with the Yoast SEO plugin v27.0 - https:\/\/yoast.com\/product\/yoast-seo-wordpress\/ -->\n<title>HWM DXmic Pro Zemes mikrofons - AXIOMA MS<\/title>\n<meta name=\"robots\" content=\"index, follow, max-snippet:-1, max-image-preview:large, max-video-preview:-1\" \/>\n<link rel=\"canonical\" href=\"https:\/\/www.axiomams.eu\/lv\/produktas\/hwm-dxmic-pro-zemes-mikrofons\" \/>\n<meta property=\"og:locale\" content=\"lv_LV\" \/>\n<meta property=\"og:type\" content=\"article\" \/>\n<meta property=\"og:title\" content=\"HWM DXmic Pro Zemes mikrofons - AXIOMA MS\" \/>\n<meta property=\"og:description\" content=\"HWM DXmic Pro ir jaun\u0101k\u0101s paaudzes HWM zemes mikrofons. Pamatojoties uz izcilo Xmic reput\u0101ciju, DXmic ir apr\u012bkots ar sk\u0101rienekr\u0101na darb\u012bbu un daudz\u0101m jaun\u0101m inovat\u012bv\u0101m funkcij\u0101m. DXmic ir visaugst\u0101k\u0101 ska\u0146as kvalit\u0101te un t\u0101das funkcijas k\u0101 autom\u0101tisk\u0101 filtr\u0113\u0161ana, frekven\u010du displejs. Lab\u0101k\u0101 ska\u0146as kvalit\u0101te sav\u0101 klas\u0113 Iztur\u012bgs korpuss ar p\u0101rn\u0113s\u0101\u0161anas siksnas stiprin\u0101jumiem Bezvadu savienojuma iesp\u0113ja: austi\u0146\u0101m vai audio\/konfigur\u0101cijas...\" \/>\n<meta property=\"og:url\" content=\"https:\/\/www.axiomams.eu\/lv\/produktas\/hwm-dxmic-pro-zemes-mikrofons\" \/>\n<meta property=\"og:site_name\" content=\"AXIOMA MS\" \/>\n<meta property=\"article:publisher\" content=\"https:\/\/www.facebook.com\/AxiomaMS\" \/>\n<meta property=\"article:modified_time\" content=\"2026-03-25T14:59:47+00:00\" \/>\n<meta property=\"og:image\" content=\"https:\/\/www.axiomams.eu\/wp-content\/uploads\/2025\/07\/2536-3263.jpg\" \/>\n\t<meta property=\"og:image:width\" content=\"1000\" \/>\n\t<meta property=\"og:image:height\" content=\"667\" \/>\n\t<meta property=\"og:image:type\" content=\"image\/jpeg\" \/>\n<meta name=\"twitter:card\" content=\"summary_large_image\" \/>\n<meta name=\"twitter:label1\" content=\"Est. reading time\" \/>\n\t<meta name=\"twitter:data1\" content=\"2 minutes\" \/>\n<script type=\"application\/ld+json\" class=\"yoast-schema-graph\">{\"@context\":\"https:\/\/schema.org\",\"@graph\":[{\"@type\":\"WebPage\",\"@id\":\"https:\/\/www.axiomams.eu\/lv\/produktas\/hwm-dxmic-pro-zemes-mikrofons\",\"url\":\"https:\/\/www.axiomams.eu\/lv\/produktas\/hwm-dxmic-pro-zemes-mikrofons\",\"name\":\"HWM DXmic Pro Zemes mikrofons - AXIOMA MS\",\"isPartOf\":{\"@id\":\"https:\/\/www.axiomams.eu\/lv#website\"},\"primaryImageOfPage\":{\"@id\":\"https:\/\/www.axiomams.eu\/lv\/produktas\/hwm-dxmic-pro-zemes-mikrofons#primaryimage\"},\"image\":{\"@id\":\"https:\/\/www.axiomams.eu\/lv\/produktas\/hwm-dxmic-pro-zemes-mikrofons#primaryimage\"},\"thumbnailUrl\":\"https:\/\/www.axiomams.eu\/wp-content\/uploads\/2025\/07\/2536-3263.jpg\",\"datePublished\":\"2025-05-15T15:57:56+00:00\",\"dateModified\":\"2026-03-25T14:59:47+00:00\",\"breadcrumb\":{\"@id\":\"https:\/\/www.axiomams.eu\/lv\/produktas\/hwm-dxmic-pro-zemes-mikrofons#breadcrumb\"},\"inLanguage\":\"lv-LV\",\"potentialAction\":[{\"@type\":\"ReadAction\",\"target\":[\"https:\/\/www.axiomams.eu\/lv\/produktas\/hwm-dxmic-pro-zemes-mikrofons\"]}]},{\"@type\":\"ImageObject\",\"inLanguage\":\"lv-LV\",\"@id\":\"https:\/\/www.axiomams.eu\/lv\/produktas\/hwm-dxmic-pro-zemes-mikrofons#primaryimage\",\"url\":\"https:\/\/www.axiomams.eu\/wp-content\/uploads\/2025\/07\/2536-3263.jpg\",\"contentUrl\":\"https:\/\/www.axiomams.eu\/wp-content\/uploads\/2025\/07\/2536-3263.jpg\",\"width\":1000,\"height\":667},{\"@type\":\"BreadcrumbList\",\"@id\":\"https:\/\/www.axiomams.eu\/lv\/produktas\/hwm-dxmic-pro-zemes-mikrofons#breadcrumb\",\"itemListElement\":[{\"@type\":\"ListItem\",\"position\":1,\"name\":\"Home\",\"item\":\"https:\/\/www.axiomams.eu\/lv\"},{\"@type\":\"ListItem\",\"position\":2,\"name\":\"Produkti\",\"item\":\"https:\/\/www.axiomams.eu\/lv\/produkti\"},{\"@type\":\"ListItem\",\"position\":3,\"name\":\"HWM DXmic Pro Zemes mikrofons\"}]},{\"@type\":\"WebSite\",\"@id\":\"https:\/\/www.axiomams.eu\/lv#website\",\"url\":\"https:\/\/www.axiomams.eu\/lv\",\"name\":\"AXIOMA MS\",\"description\":\"Terrmovizoriai ir matavimo \u012franga\",\"publisher\":{\"@id\":\"https:\/\/www.axiomams.eu\/lv#organization\"},\"potentialAction\":[{\"@type\":\"SearchAction\",\"target\":{\"@type\":\"EntryPoint\",\"urlTemplate\":\"https:\/\/www.axiomams.eu\/lv?s={search_term_string}\"},\"query-input\":{\"@type\":\"PropertyValueSpecification\",\"valueRequired\":true,\"valueName\":\"search_term_string\"}}],\"inLanguage\":\"lv-LV\"},{\"@type\":\"Organization\",\"@id\":\"https:\/\/www.axiomams.eu\/lv#organization\",\"name\":\"AXIOMA MS\",\"url\":\"https:\/\/www.axiomams.eu\/lv\",\"logo\":{\"@type\":\"ImageObject\",\"inLanguage\":\"lv-LV\",\"@id\":\"https:\/\/www.axiomams.eu\/lv#\/schema\/logo\/image\/\",\"url\":\"https:\/\/www.axiomams.eu\/wp-content\/uploads\/2025\/06\/axioma-logo-2.png\",\"contentUrl\":\"https:\/\/www.axiomams.eu\/wp-content\/uploads\/2025\/06\/axioma-logo-2.png\",\"width\":1200,\"height\":1200,\"caption\":\"AXIOMA MS\"},\"image\":{\"@id\":\"https:\/\/www.axiomams.eu\/lv#\/schema\/logo\/image\/\"},\"sameAs\":[\"https:\/\/www.facebook.com\/AxiomaMS\",\"https:\/\/www.linkedin.com\/company\/axiomams\/\"]}]}<\/script>\n<!-- \/ Yoast SEO plugin. -->","yoast_head_json":{"title":"HWM DXmic Pro Zemes mikrofons - AXIOMA MS","robots":{"index":"index","follow":"follow","max-snippet":"max-snippet:-1","max-image-preview":"max-image-preview:large","max-video-preview":"max-video-preview:-1"},"canonical":"https:\/\/www.axiomams.eu\/lv\/produktas\/hwm-dxmic-pro-zemes-mikrofons","og_locale":"lv_LV","og_type":"article","og_title":"HWM DXmic Pro Zemes mikrofons - AXIOMA MS","og_description":"HWM DXmic Pro ir jaun\u0101k\u0101s paaudzes HWM zemes mikrofons. Pamatojoties uz izcilo Xmic reput\u0101ciju, DXmic ir apr\u012bkots ar sk\u0101rienekr\u0101na darb\u012bbu un daudz\u0101m jaun\u0101m inovat\u012bv\u0101m funkcij\u0101m. DXmic ir visaugst\u0101k\u0101 ska\u0146as kvalit\u0101te un t\u0101das funkcijas k\u0101 autom\u0101tisk\u0101 filtr\u0113\u0161ana, frekven\u010du displejs. Lab\u0101k\u0101 ska\u0146as kvalit\u0101te sav\u0101 klas\u0113 Iztur\u012bgs korpuss ar p\u0101rn\u0113s\u0101\u0161anas siksnas stiprin\u0101jumiem Bezvadu savienojuma iesp\u0113ja: austi\u0146\u0101m vai audio\/konfigur\u0101cijas...","og_url":"https:\/\/www.axiomams.eu\/lv\/produktas\/hwm-dxmic-pro-zemes-mikrofons","og_site_name":"AXIOMA MS","article_publisher":"https:\/\/www.facebook.com\/AxiomaMS","article_modified_time":"2026-03-25T14:59:47+00:00","og_image":[{"width":1000,"height":667,"url":"https:\/\/www.axiomams.eu\/wp-content\/uploads\/2025\/07\/2536-3263.jpg","type":"image\/jpeg"}],"twitter_card":"summary_large_image","twitter_misc":{"Est. reading time":"2 minutes"},"schema":{"@context":"https:\/\/schema.org","@graph":[{"@type":"WebPage","@id":"https:\/\/www.axiomams.eu\/lv\/produktas\/hwm-dxmic-pro-zemes-mikrofons","url":"https:\/\/www.axiomams.eu\/lv\/produktas\/hwm-dxmic-pro-zemes-mikrofons","name":"HWM DXmic Pro Zemes mikrofons - AXIOMA MS","isPartOf":{"@id":"https:\/\/www.axiomams.eu\/lv#website"},"primaryImageOfPage":{"@id":"https:\/\/www.axiomams.eu\/lv\/produktas\/hwm-dxmic-pro-zemes-mikrofons#primaryimage"},"image":{"@id":"https:\/\/www.axiomams.eu\/lv\/produktas\/hwm-dxmic-pro-zemes-mikrofons#primaryimage"},"thumbnailUrl":"https:\/\/www.axiomams.eu\/wp-content\/uploads\/2025\/07\/2536-3263.jpg","datePublished":"2025-05-15T15:57:56+00:00","dateModified":"2026-03-25T14:59:47+00:00","breadcrumb":{"@id":"https:\/\/www.axiomams.eu\/lv\/produktas\/hwm-dxmic-pro-zemes-mikrofons#breadcrumb"},"inLanguage":"lv-LV","potentialAction":[{"@type":"ReadAction","target":["https:\/\/www.axiomams.eu\/lv\/produktas\/hwm-dxmic-pro-zemes-mikrofons"]}]},{"@type":"ImageObject","inLanguage":"lv-LV","@id":"https:\/\/www.axiomams.eu\/lv\/produktas\/hwm-dxmic-pro-zemes-mikrofons#primaryimage","url":"https:\/\/www.axiomams.eu\/wp-content\/uploads\/2025\/07\/2536-3263.jpg","contentUrl":"https:\/\/www.axiomams.eu\/wp-content\/uploads\/2025\/07\/2536-3263.jpg","width":1000,"height":667},{"@type":"BreadcrumbList","@id":"https:\/\/www.axiomams.eu\/lv\/produktas\/hwm-dxmic-pro-zemes-mikrofons#breadcrumb","itemListElement":[{"@type":"ListItem","position":1,"name":"Home","item":"https:\/\/www.axiomams.eu\/lv"},{"@type":"ListItem","position":2,"name":"Produkti","item":"https:\/\/www.axiomams.eu\/lv\/produkti"},{"@type":"ListItem","position":3,"name":"HWM DXmic Pro Zemes mikrofons"}]},{"@type":"WebSite","@id":"https:\/\/www.axiomams.eu\/lv#website","url":"https:\/\/www.axiomams.eu\/lv","name":"AXIOMA MS","description":"Terrmovizoriai ir matavimo \u012franga","publisher":{"@id":"https:\/\/www.axiomams.eu\/lv#organization"},"potentialAction":[{"@type":"SearchAction","target":{"@type":"EntryPoint","urlTemplate":"https:\/\/www.axiomams.eu\/lv?s={search_term_string}"},"query-input":{"@type":"PropertyValueSpecification","valueRequired":true,"valueName":"search_term_string"}}],"inLanguage":"lv-LV"},{"@type":"Organization","@id":"https:\/\/www.axiomams.eu\/lv#organization","name":"AXIOMA MS","url":"https:\/\/www.axiomams.eu\/lv","logo":{"@type":"ImageObject","inLanguage":"lv-LV","@id":"https:\/\/www.axiomams.eu\/lv#\/schema\/logo\/image\/","url":"https:\/\/www.axiomams.eu\/wp-content\/uploads\/2025\/06\/axioma-logo-2.png","contentUrl":"https:\/\/www.axiomams.eu\/wp-content\/uploads\/2025\/06\/axioma-logo-2.png","width":1200,"height":1200,"caption":"AXIOMA MS"},"image":{"@id":"https:\/\/www.axiomams.eu\/lv#\/schema\/logo\/image\/"},"sameAs":["https:\/\/www.facebook.com\/AxiomaMS","https:\/\/www.linkedin.com\/company\/axiomams\/"]}]}},"_links":{"self":[{"href":"https:\/\/www.axiomams.eu\/lv\/wp-json\/wp\/v2\/product\/39045","targetHints":{"allow":["GET"]}}],"collection":[{"href":"https:\/\/www.axiomams.eu\/lv\/wp-json\/wp\/v2\/product"}],"about":[{"href":"https:\/\/www.axiomams.eu\/lv\/wp-json\/wp\/v2\/types\/product"}],"replies":[{"embeddable":true,"href":"https:\/\/www.axiomams.eu\/lv\/wp-json\/wp\/v2\/comments?post=39045"}],"wp:featuredmedia":[{"embeddable":true,"href":"https:\/\/www.axiomams.eu\/lv\/wp-json\/wp\/v2\/media\/41798"}],"wp:attachment":[{"href":"https:\/\/www.axiomams.eu\/lv\/wp-json\/wp\/v2\/media?parent=39045"}],"wp:term":[{"taxonomy":"product_brand","embeddable":true,"href":"https:\/\/www.axiomams.eu\/lv\/wp-json\/wp\/v2\/product_brand?post=39045"},{"taxonomy":"product_cat","embeddable":true,"href":"https:\/\/www.axiomams.eu\/lv\/wp-json\/wp\/v2\/product_cat?post=39045"},{"taxonomy":"product_tag","embeddable":true,"href":"https:\/\/www.axiomams.eu\/lv\/wp-json\/wp\/v2\/product_tag?post=39045"}],"curies":[{"name":"wp","href":"https:\/\/api.w.org\/{rel}","templated":true}]}}