{"id":39048,"date":"2025-05-15T17:58:06","date_gmt":"2025-05-15T15:58:06","guid":{"rendered":"https:\/\/www.axiomams.eu\/produktas\/flir-e52-termokamera"},"modified":"2026-03-25T16:59:50","modified_gmt":"2026-03-25T14:59:50","slug":"flir-e52-termokamera","status":"publish","type":"product","link":"https:\/\/www.axiomams.eu\/lv\/produktas\/flir-e52-termokamera","title":{"rendered":"Flir E52 termokamera"},"content":{"rendered":"<p>FLIR E52 &#8211; neliela un viegla termokamera ir apr\u012bkota ar augstas veiktsp\u0113jas funkcij\u0101m, kas nepiecie\u0161amas, lai \u0101tri atkl\u0101tu un zi\u0146otu par sl\u0113ptiem \u0113kas tr\u016bkumiem: izcila temperat\u016bras jut\u012bba, spilgti, trekni att\u0113li uz ekr\u0101na, asa fokus\u0113\u0161an\u0101s un \u0101tras reakcijas lietot\u0101ja saskarne.<br \/>\nWiFi, Bluetooth. 240 x 180 pikse\u013cu detektors, termisk\u0101 jut\u012bba l\u012bdz <0,05\u00b0C. LCD sk\u0101rienekr\u0101ns\n\nStandarta komplekts: Akumulatora l\u0101d\u0113t\u0101ja baro\u0161anas bloks, baro\u0161anas bloks, 15 W\/3 A, druk\u0101ta dokument\u0101cija, SD karte (8 GB), USB 2.0 A uz USB Type-C kabelis, 1,0 m, USB Type-C uz HDMI adapteris, standarta specifik\u0101cija UH311, USB Type-C uz USB Type-C kabelis (USB 2.0 standarts), 1.0 m, Karab\u012bnes \u0101\u0137is, Priek\u0161\u0113j\u0101 aizsardz\u012bba, Rokas siksna, Kakla siksna, kameras siksna, Objekt\u012bva v\u0101ci\u0146a siksna, Aproces siksna, Priek\u0161\u0113j\u0101s aizsardz\u012bbas stiprin\u0101jums, Rokas siksnas kron\u0161teins, kreisais, Rokas siksnas kron\u0161teins, labais, Skr\u016bves, Torx T10 atsl\u0113ga, Akumulators (2 gab.), Akumulatora l\u0101d\u0113t\u0101js, FLIR Thermal Studio Starter, Cietais transport\u0113\u0161anas koferis, Infrasarkan\u0101 kamera ar objekt\u012bvu, Objekt\u012bva v\u0101ci\u0146\u0161, priek\u0161\u0113jais.\n\n\n\n<h3>Tehnisk\u0101 inform\u0101cija:<\/h3>\n<ul>\n<li><a href=\"https:\/\/axiomams.eu\/importer\/export\/attachments\/en\/flir-e52-e54-e76-e86-e96.pdf\" target=\"_blank\">FLIR E52 E54 E76 E86 E96.pdf<\/a><\/li>\n<\/ul>\n","protected":false},"excerpt":{"rendered":"<p>FLIR E52 &#8211; neliela un viegla termokamera ir apr\u012bkota ar augstas veiktsp\u0113jas funkcij\u0101m, kas nepiecie\u0161amas, lai \u0101tri atkl\u0101tu un zi\u0146otu par sl\u0113ptiem \u0113kas tr\u016bkumiem: izcila temperat\u016bras jut\u012bba, spilgti, trekni att\u0113li uz ekr\u0101na, asa fokus\u0113\u0161an\u0101s un \u0101tras reakcijas lietot\u0101ja saskarne. WiFi, Bluetooth. 240 x 180 pikse\u013cu detektors, termisk\u0101 jut\u012bba l\u012bdz<\/p>\n","protected":false},"featured_media":41804,"comment_status":"open","ping_status":"closed","template":"","meta":{"_acf_changed":false},"product_brand":[734],"product_cat":[17729,17737,17762],"product_tag":[],"class_list":{"0":"post-39048","1":"product","2":"type-product","3":"status-publish","4":"has-post-thumbnail","6":"product_brand-flir","7":"product_cat-energijas-un-eku-diagnostika","8":"product_cat-termografiska-attelveidosana-ekam","9":"product_cat-termografiska-attelveidosana-ir-logi-profilaktiskai-diagnostikai","11":"first","12":"instock","13":"taxable","14":"shipping-taxable","15":"purchasable","16":"product-type-simple"},"acf":[],"yoast_head":"<!-- This site is optimized with the Yoast SEO plugin v27.0 - https:\/\/yoast.com\/product\/yoast-seo-wordpress\/ -->\n<title>Flir E52 termokamera - AXIOMA MS<\/title>\n<meta name=\"robots\" content=\"index, follow, max-snippet:-1, max-image-preview:large, max-video-preview:-1\" \/>\n<link rel=\"canonical\" href=\"https:\/\/www.axiomams.eu\/lv\/produktas\/flir-e52-termokamera\" \/>\n<meta property=\"og:locale\" content=\"lv_LV\" \/>\n<meta property=\"og:type\" content=\"article\" \/>\n<meta property=\"og:title\" content=\"Flir E52 termokamera - AXIOMA MS\" \/>\n<meta property=\"og:description\" content=\"FLIR E52 &#8211; neliela un viegla termokamera ir apr\u012bkota ar augstas veiktsp\u0113jas funkcij\u0101m, kas nepiecie\u0161amas, lai \u0101tri atkl\u0101tu un zi\u0146otu par sl\u0113ptiem \u0113kas tr\u016bkumiem: izcila temperat\u016bras jut\u012bba, spilgti, trekni att\u0113li uz ekr\u0101na, asa fokus\u0113\u0161an\u0101s un \u0101tras reakcijas lietot\u0101ja saskarne. WiFi, Bluetooth. 240 x 180 pikse\u013cu detektors, termisk\u0101 jut\u012bba l\u012bdz\" \/>\n<meta property=\"og:url\" content=\"https:\/\/www.axiomams.eu\/lv\/produktas\/flir-e52-termokamera\" \/>\n<meta property=\"og:site_name\" content=\"AXIOMA MS\" \/>\n<meta property=\"article:publisher\" content=\"https:\/\/www.facebook.com\/AxiomaMS\" \/>\n<meta property=\"article:modified_time\" content=\"2026-03-25T14:59:50+00:00\" \/>\n<meta property=\"og:image\" content=\"https:\/\/www.axiomams.eu\/wp-content\/uploads\/2025\/07\/3342-4453.jpg\" \/>\n\t<meta property=\"og:image:width\" content=\"400\" \/>\n\t<meta property=\"og:image:height\" content=\"671\" \/>\n\t<meta property=\"og:image:type\" content=\"image\/jpeg\" \/>\n<meta name=\"twitter:card\" content=\"summary_large_image\" \/>\n<script type=\"application\/ld+json\" class=\"yoast-schema-graph\">{\"@context\":\"https:\/\/schema.org\",\"@graph\":[{\"@type\":\"WebPage\",\"@id\":\"https:\/\/www.axiomams.eu\/lv\/produktas\/flir-e52-termokamera\",\"url\":\"https:\/\/www.axiomams.eu\/lv\/produktas\/flir-e52-termokamera\",\"name\":\"Flir E52 termokamera - AXIOMA MS\",\"isPartOf\":{\"@id\":\"https:\/\/www.axiomams.eu\/lv#website\"},\"primaryImageOfPage\":{\"@id\":\"https:\/\/www.axiomams.eu\/lv\/produktas\/flir-e52-termokamera#primaryimage\"},\"image\":{\"@id\":\"https:\/\/www.axiomams.eu\/lv\/produktas\/flir-e52-termokamera#primaryimage\"},\"thumbnailUrl\":\"https:\/\/www.axiomams.eu\/wp-content\/uploads\/2025\/07\/3342-4453.jpg\",\"datePublished\":\"2025-05-15T15:58:06+00:00\",\"dateModified\":\"2026-03-25T14:59:50+00:00\",\"breadcrumb\":{\"@id\":\"https:\/\/www.axiomams.eu\/lv\/produktas\/flir-e52-termokamera#breadcrumb\"},\"inLanguage\":\"lv-LV\",\"potentialAction\":[{\"@type\":\"ReadAction\",\"target\":[\"https:\/\/www.axiomams.eu\/lv\/produktas\/flir-e52-termokamera\"]}]},{\"@type\":\"ImageObject\",\"inLanguage\":\"lv-LV\",\"@id\":\"https:\/\/www.axiomams.eu\/lv\/produktas\/flir-e52-termokamera#primaryimage\",\"url\":\"https:\/\/www.axiomams.eu\/wp-content\/uploads\/2025\/07\/3342-4453.jpg\",\"contentUrl\":\"https:\/\/www.axiomams.eu\/wp-content\/uploads\/2025\/07\/3342-4453.jpg\",\"width\":400,\"height\":671},{\"@type\":\"BreadcrumbList\",\"@id\":\"https:\/\/www.axiomams.eu\/lv\/produktas\/flir-e52-termokamera#breadcrumb\",\"itemListElement\":[{\"@type\":\"ListItem\",\"position\":1,\"name\":\"Home\",\"item\":\"https:\/\/www.axiomams.eu\/lv\"},{\"@type\":\"ListItem\",\"position\":2,\"name\":\"Produkti\",\"item\":\"https:\/\/www.axiomams.eu\/lv\/produkti\"},{\"@type\":\"ListItem\",\"position\":3,\"name\":\"Flir E52 termokamera\"}]},{\"@type\":\"WebSite\",\"@id\":\"https:\/\/www.axiomams.eu\/lv#website\",\"url\":\"https:\/\/www.axiomams.eu\/lv\",\"name\":\"AXIOMA MS\",\"description\":\"Terrmovizoriai ir matavimo \u012franga\",\"publisher\":{\"@id\":\"https:\/\/www.axiomams.eu\/lv#organization\"},\"potentialAction\":[{\"@type\":\"SearchAction\",\"target\":{\"@type\":\"EntryPoint\",\"urlTemplate\":\"https:\/\/www.axiomams.eu\/lv?s={search_term_string}\"},\"query-input\":{\"@type\":\"PropertyValueSpecification\",\"valueRequired\":true,\"valueName\":\"search_term_string\"}}],\"inLanguage\":\"lv-LV\"},{\"@type\":\"Organization\",\"@id\":\"https:\/\/www.axiomams.eu\/lv#organization\",\"name\":\"AXIOMA MS\",\"url\":\"https:\/\/www.axiomams.eu\/lv\",\"logo\":{\"@type\":\"ImageObject\",\"inLanguage\":\"lv-LV\",\"@id\":\"https:\/\/www.axiomams.eu\/lv#\/schema\/logo\/image\/\",\"url\":\"https:\/\/www.axiomams.eu\/wp-content\/uploads\/2025\/06\/axioma-logo-2.png\",\"contentUrl\":\"https:\/\/www.axiomams.eu\/wp-content\/uploads\/2025\/06\/axioma-logo-2.png\",\"width\":1200,\"height\":1200,\"caption\":\"AXIOMA MS\"},\"image\":{\"@id\":\"https:\/\/www.axiomams.eu\/lv#\/schema\/logo\/image\/\"},\"sameAs\":[\"https:\/\/www.facebook.com\/AxiomaMS\",\"https:\/\/www.linkedin.com\/company\/axiomams\/\"]}]}<\/script>\n<!-- \/ Yoast SEO plugin. -->","yoast_head_json":{"title":"Flir E52 termokamera - AXIOMA MS","robots":{"index":"index","follow":"follow","max-snippet":"max-snippet:-1","max-image-preview":"max-image-preview:large","max-video-preview":"max-video-preview:-1"},"canonical":"https:\/\/www.axiomams.eu\/lv\/produktas\/flir-e52-termokamera","og_locale":"lv_LV","og_type":"article","og_title":"Flir E52 termokamera - AXIOMA MS","og_description":"FLIR E52 &#8211; neliela un viegla termokamera ir apr\u012bkota ar augstas veiktsp\u0113jas funkcij\u0101m, kas nepiecie\u0161amas, lai \u0101tri atkl\u0101tu un zi\u0146otu par sl\u0113ptiem \u0113kas tr\u016bkumiem: izcila temperat\u016bras jut\u012bba, spilgti, trekni att\u0113li uz ekr\u0101na, asa fokus\u0113\u0161an\u0101s un \u0101tras reakcijas lietot\u0101ja saskarne. WiFi, Bluetooth. 240 x 180 pikse\u013cu detektors, termisk\u0101 jut\u012bba l\u012bdz","og_url":"https:\/\/www.axiomams.eu\/lv\/produktas\/flir-e52-termokamera","og_site_name":"AXIOMA MS","article_publisher":"https:\/\/www.facebook.com\/AxiomaMS","article_modified_time":"2026-03-25T14:59:50+00:00","og_image":[{"width":400,"height":671,"url":"https:\/\/www.axiomams.eu\/wp-content\/uploads\/2025\/07\/3342-4453.jpg","type":"image\/jpeg"}],"twitter_card":"summary_large_image","schema":{"@context":"https:\/\/schema.org","@graph":[{"@type":"WebPage","@id":"https:\/\/www.axiomams.eu\/lv\/produktas\/flir-e52-termokamera","url":"https:\/\/www.axiomams.eu\/lv\/produktas\/flir-e52-termokamera","name":"Flir E52 termokamera - AXIOMA MS","isPartOf":{"@id":"https:\/\/www.axiomams.eu\/lv#website"},"primaryImageOfPage":{"@id":"https:\/\/www.axiomams.eu\/lv\/produktas\/flir-e52-termokamera#primaryimage"},"image":{"@id":"https:\/\/www.axiomams.eu\/lv\/produktas\/flir-e52-termokamera#primaryimage"},"thumbnailUrl":"https:\/\/www.axiomams.eu\/wp-content\/uploads\/2025\/07\/3342-4453.jpg","datePublished":"2025-05-15T15:58:06+00:00","dateModified":"2026-03-25T14:59:50+00:00","breadcrumb":{"@id":"https:\/\/www.axiomams.eu\/lv\/produktas\/flir-e52-termokamera#breadcrumb"},"inLanguage":"lv-LV","potentialAction":[{"@type":"ReadAction","target":["https:\/\/www.axiomams.eu\/lv\/produktas\/flir-e52-termokamera"]}]},{"@type":"ImageObject","inLanguage":"lv-LV","@id":"https:\/\/www.axiomams.eu\/lv\/produktas\/flir-e52-termokamera#primaryimage","url":"https:\/\/www.axiomams.eu\/wp-content\/uploads\/2025\/07\/3342-4453.jpg","contentUrl":"https:\/\/www.axiomams.eu\/wp-content\/uploads\/2025\/07\/3342-4453.jpg","width":400,"height":671},{"@type":"BreadcrumbList","@id":"https:\/\/www.axiomams.eu\/lv\/produktas\/flir-e52-termokamera#breadcrumb","itemListElement":[{"@type":"ListItem","position":1,"name":"Home","item":"https:\/\/www.axiomams.eu\/lv"},{"@type":"ListItem","position":2,"name":"Produkti","item":"https:\/\/www.axiomams.eu\/lv\/produkti"},{"@type":"ListItem","position":3,"name":"Flir E52 termokamera"}]},{"@type":"WebSite","@id":"https:\/\/www.axiomams.eu\/lv#website","url":"https:\/\/www.axiomams.eu\/lv","name":"AXIOMA MS","description":"Terrmovizoriai ir matavimo \u012franga","publisher":{"@id":"https:\/\/www.axiomams.eu\/lv#organization"},"potentialAction":[{"@type":"SearchAction","target":{"@type":"EntryPoint","urlTemplate":"https:\/\/www.axiomams.eu\/lv?s={search_term_string}"},"query-input":{"@type":"PropertyValueSpecification","valueRequired":true,"valueName":"search_term_string"}}],"inLanguage":"lv-LV"},{"@type":"Organization","@id":"https:\/\/www.axiomams.eu\/lv#organization","name":"AXIOMA MS","url":"https:\/\/www.axiomams.eu\/lv","logo":{"@type":"ImageObject","inLanguage":"lv-LV","@id":"https:\/\/www.axiomams.eu\/lv#\/schema\/logo\/image\/","url":"https:\/\/www.axiomams.eu\/wp-content\/uploads\/2025\/06\/axioma-logo-2.png","contentUrl":"https:\/\/www.axiomams.eu\/wp-content\/uploads\/2025\/06\/axioma-logo-2.png","width":1200,"height":1200,"caption":"AXIOMA MS"},"image":{"@id":"https:\/\/www.axiomams.eu\/lv#\/schema\/logo\/image\/"},"sameAs":["https:\/\/www.facebook.com\/AxiomaMS","https:\/\/www.linkedin.com\/company\/axiomams\/"]}]}},"_links":{"self":[{"href":"https:\/\/www.axiomams.eu\/lv\/wp-json\/wp\/v2\/product\/39048","targetHints":{"allow":["GET"]}}],"collection":[{"href":"https:\/\/www.axiomams.eu\/lv\/wp-json\/wp\/v2\/product"}],"about":[{"href":"https:\/\/www.axiomams.eu\/lv\/wp-json\/wp\/v2\/types\/product"}],"replies":[{"embeddable":true,"href":"https:\/\/www.axiomams.eu\/lv\/wp-json\/wp\/v2\/comments?post=39048"}],"wp:featuredmedia":[{"embeddable":true,"href":"https:\/\/www.axiomams.eu\/lv\/wp-json\/wp\/v2\/media\/41804"}],"wp:attachment":[{"href":"https:\/\/www.axiomams.eu\/lv\/wp-json\/wp\/v2\/media?parent=39048"}],"wp:term":[{"taxonomy":"product_brand","embeddable":true,"href":"https:\/\/www.axiomams.eu\/lv\/wp-json\/wp\/v2\/product_brand?post=39048"},{"taxonomy":"product_cat","embeddable":true,"href":"https:\/\/www.axiomams.eu\/lv\/wp-json\/wp\/v2\/product_cat?post=39048"},{"taxonomy":"product_tag","embeddable":true,"href":"https:\/\/www.axiomams.eu\/lv\/wp-json\/wp\/v2\/product_tag?post=39048"}],"curies":[{"name":"wp","href":"https:\/\/api.w.org\/{rel}","templated":true}]}}