{"id":39050,"date":"2025-05-15T18:07:56","date_gmt":"2025-05-15T16:07:56","guid":{"rendered":"https:\/\/www.axiomams.eu\/produktas\/flir-e76-termokamera"},"modified":"2026-03-25T16:59:51","modified_gmt":"2026-03-25T14:59:51","slug":"flir-e76-termokamera","status":"publish","type":"product","link":"https:\/\/www.axiomams.eu\/lv\/produktas\/flir-e76-termokamera","title":{"rendered":"Flir E76 termokamera"},"content":{"rendered":"<p align=\"justify\">Termisk\u0101 kamera FLIR E76 pied\u0101v\u0101 piln\u012bgu tuv\u0101ku un t\u0101l\u0101ku m\u0113r\u0137u p\u0101rkl\u0101jumu, izmantojot da\u017e\u0101das objekt\u012bvu opcijas.<br \/>\nSavienojiet kameru E76 ar FLIR FlexView\u2122 dubult\u0101 skata lauka objekt\u012bvu, lai ar vienu pogas nospie\u0161anu acumirkl\u012b p\u0101rsl\u0113gtos no platle\u0146\u0137a uz telefoto sken\u0113\u0161anu.<br \/>\nE76 ietver l\u0101zera atbalst\u012btu autom\u0101tisko fokus\u0113\u0161anu un 3 laukumu m\u0113r\u012b\u0161anas laukus.<br \/>\n320 x 240 siltuma iz\u0161\u0137irtsp\u0113ja nodro\u0161ina skaidrus, spilgtus att\u0113lus, kurus var uzlabot ar patent\u0113to FLIR MSX\u00ae tehnolo\u0123iju, lai ieg\u016btu papildu deta\u013cas un perspekt\u012bvu.<br \/>\nIeb\u016bv\u0113tais FLIR inspekcijas mar\u0161ruts veic iepriek\u0161 iepl\u0101notus mar\u0161rutus, lai pal\u012bdz\u0113tu jums saglab\u0101t organiz\u0113t\u012bbu, apsekojot lielas vai vair\u0101kas vietas.<br \/>\nFLIR Ignite nodro\u0161ina autom\u0101tisku E76 att\u0113lu aug\u0161upiel\u0101di tie\u0161i no kameras uz m\u0101koni, lai tos var\u0113tu viegli un dro\u0161i uzglab\u0101t un kop\u012bgot.<br \/>\nLietot\u0101ji var papla\u0161in\u0101t temperat\u016bras diapazonu l\u012bdz +1000\u00b0C, izv\u0113loties papildu piederumu.<\/p>\n<p>Standarta komplekts: FLIR E76 termokamera, akumulatora l\u0101d\u0113t\u0101js, baro\u0161anas avots, 15 W\/3 A, druk\u0101ta dokument\u0101cija, SD karte (8 GB), USB 2.0 A uz USB Type-C kabelis, 1,0 m, USB Type-C uz HDMI adapteris, standarta specifik\u0101cija UH311, USB Type-C uz USB Type-C kabelis (USB 2.0 standarts), 1.0 m, Priek\u0161\u0113j\u0101s aizsardz\u012bbas stiprin\u0101jums, Rokas siksnas kron\u0161teins, kreisais, Rokas siksnas kron\u0161teins, labais, Skr\u016bves, Torx T10 uzgrie\u017e\u0146u atsl\u0113ga, Karab\u012bnes \u0101\u0137is, Priek\u0161\u0113j\u0101 aizsardz\u012bba, Rokas siksna, Kakla siksna, kameras siksna, Objekt\u012bva v\u0101ci\u0146a siksna, Rotas siksna, Akumulators (2 gab.), Akumulatora l\u0101d\u0113t\u0101js, FLIR Thermal Studio Starter, Cietais transport\u0113\u0161anas futr\u0101lis, Objekt\u012bva v\u0101ci\u0146\u0161, priek\u0161\u0113jais.<\/p>\n<h3>Tehnisk\u0101 inform\u0101cija:<\/h3>\n<ul>\n<li><a href=\"https:\/\/axiomams.eu\/importer\/export\/attachments\/en\/flir-e76.pdf\" target=\"_blank\">FLIR E76.pdf<\/a><\/li>\n<\/ul>\n","protected":false},"excerpt":{"rendered":"<p>Termisk\u0101 kamera FLIR E76 pied\u0101v\u0101 piln\u012bgu tuv\u0101ku un t\u0101l\u0101ku m\u0113r\u0137u p\u0101rkl\u0101jumu, izmantojot da\u017e\u0101das objekt\u012bvu opcijas. Savienojiet kameru E76 ar FLIR FlexView\u2122 dubult\u0101 skata lauka objekt\u012bvu, lai ar vienu pogas nospie\u0161anu acumirkl\u012b p\u0101rsl\u0113gtos no platle\u0146\u0137a uz telefoto sken\u0113\u0161anu. E76 ietver l\u0101zera atbalst\u012btu autom\u0101tisko fokus\u0113\u0161anu un 3 laukumu m\u0113r\u012b\u0161anas laukus. 320 x 240 siltuma iz\u0161\u0137irtsp\u0113ja nodro\u0161ina skaidrus,&#8230;<\/p>\n","protected":false},"featured_media":41808,"comment_status":"open","ping_status":"closed","template":"","meta":{"_acf_changed":false},"product_brand":[734],"product_cat":[17729,17737],"product_tag":[],"class_list":{"0":"post-39050","1":"product","2":"type-product","3":"status-publish","4":"has-post-thumbnail","6":"product_brand-flir","7":"product_cat-energijas-un-eku-diagnostika","8":"product_cat-termografiska-attelveidosana-ekam","10":"first","11":"instock","12":"taxable","13":"shipping-taxable","14":"product-type-simple"},"acf":[],"yoast_head":"<!-- This site is optimized with the Yoast SEO plugin v27.0 - https:\/\/yoast.com\/product\/yoast-seo-wordpress\/ -->\n<title>Flir E76 termokamera - AXIOMA MS<\/title>\n<meta name=\"robots\" content=\"index, follow, max-snippet:-1, max-image-preview:large, max-video-preview:-1\" \/>\n<link rel=\"canonical\" href=\"https:\/\/www.axiomams.eu\/lv\/produktas\/flir-e76-termokamera\" \/>\n<meta property=\"og:locale\" content=\"lv_LV\" \/>\n<meta property=\"og:type\" content=\"article\" \/>\n<meta property=\"og:title\" content=\"Flir E76 termokamera - AXIOMA MS\" \/>\n<meta property=\"og:description\" content=\"Termisk\u0101 kamera FLIR E76 pied\u0101v\u0101 piln\u012bgu tuv\u0101ku un t\u0101l\u0101ku m\u0113r\u0137u p\u0101rkl\u0101jumu, izmantojot da\u017e\u0101das objekt\u012bvu opcijas. Savienojiet kameru E76 ar FLIR FlexView\u2122 dubult\u0101 skata lauka objekt\u012bvu, lai ar vienu pogas nospie\u0161anu acumirkl\u012b p\u0101rsl\u0113gtos no platle\u0146\u0137a uz telefoto sken\u0113\u0161anu. E76 ietver l\u0101zera atbalst\u012btu autom\u0101tisko fokus\u0113\u0161anu un 3 laukumu m\u0113r\u012b\u0161anas laukus. 320 x 240 siltuma iz\u0161\u0137irtsp\u0113ja nodro\u0161ina skaidrus,...\" \/>\n<meta property=\"og:url\" content=\"https:\/\/www.axiomams.eu\/lv\/produktas\/flir-e76-termokamera\" \/>\n<meta property=\"og:site_name\" content=\"AXIOMA MS\" \/>\n<meta property=\"article:publisher\" content=\"https:\/\/www.facebook.com\/AxiomaMS\" \/>\n<meta property=\"article:modified_time\" content=\"2026-03-25T14:59:51+00:00\" \/>\n<meta property=\"og:image\" content=\"https:\/\/www.axiomams.eu\/wp-content\/uploads\/2025\/07\/2958-3899.jpg\" \/>\n\t<meta property=\"og:image:width\" content=\"600\" \/>\n\t<meta property=\"og:image:height\" content=\"625\" \/>\n\t<meta property=\"og:image:type\" content=\"image\/jpeg\" \/>\n<meta name=\"twitter:card\" content=\"summary_large_image\" \/>\n<meta name=\"twitter:label1\" content=\"Est. reading time\" \/>\n\t<meta name=\"twitter:data1\" content=\"1 minute\" \/>\n<script type=\"application\/ld+json\" class=\"yoast-schema-graph\">{\"@context\":\"https:\/\/schema.org\",\"@graph\":[{\"@type\":\"WebPage\",\"@id\":\"https:\/\/www.axiomams.eu\/lv\/produktas\/flir-e76-termokamera\",\"url\":\"https:\/\/www.axiomams.eu\/lv\/produktas\/flir-e76-termokamera\",\"name\":\"Flir E76 termokamera - AXIOMA MS\",\"isPartOf\":{\"@id\":\"https:\/\/www.axiomams.eu\/lv#website\"},\"primaryImageOfPage\":{\"@id\":\"https:\/\/www.axiomams.eu\/lv\/produktas\/flir-e76-termokamera#primaryimage\"},\"image\":{\"@id\":\"https:\/\/www.axiomams.eu\/lv\/produktas\/flir-e76-termokamera#primaryimage\"},\"thumbnailUrl\":\"https:\/\/www.axiomams.eu\/wp-content\/uploads\/2025\/07\/2958-3899.jpg\",\"datePublished\":\"2025-05-15T16:07:56+00:00\",\"dateModified\":\"2026-03-25T14:59:51+00:00\",\"breadcrumb\":{\"@id\":\"https:\/\/www.axiomams.eu\/lv\/produktas\/flir-e76-termokamera#breadcrumb\"},\"inLanguage\":\"lv-LV\",\"potentialAction\":[{\"@type\":\"ReadAction\",\"target\":[\"https:\/\/www.axiomams.eu\/lv\/produktas\/flir-e76-termokamera\"]}]},{\"@type\":\"ImageObject\",\"inLanguage\":\"lv-LV\",\"@id\":\"https:\/\/www.axiomams.eu\/lv\/produktas\/flir-e76-termokamera#primaryimage\",\"url\":\"https:\/\/www.axiomams.eu\/wp-content\/uploads\/2025\/07\/2958-3899.jpg\",\"contentUrl\":\"https:\/\/www.axiomams.eu\/wp-content\/uploads\/2025\/07\/2958-3899.jpg\",\"width\":600,\"height\":625},{\"@type\":\"BreadcrumbList\",\"@id\":\"https:\/\/www.axiomams.eu\/lv\/produktas\/flir-e76-termokamera#breadcrumb\",\"itemListElement\":[{\"@type\":\"ListItem\",\"position\":1,\"name\":\"Home\",\"item\":\"https:\/\/www.axiomams.eu\/lv\"},{\"@type\":\"ListItem\",\"position\":2,\"name\":\"Produkti\",\"item\":\"https:\/\/www.axiomams.eu\/lv\/produkti\"},{\"@type\":\"ListItem\",\"position\":3,\"name\":\"Flir E76 termokamera\"}]},{\"@type\":\"WebSite\",\"@id\":\"https:\/\/www.axiomams.eu\/lv#website\",\"url\":\"https:\/\/www.axiomams.eu\/lv\",\"name\":\"AXIOMA MS\",\"description\":\"Terrmovizoriai ir matavimo \u012franga\",\"publisher\":{\"@id\":\"https:\/\/www.axiomams.eu\/lv#organization\"},\"potentialAction\":[{\"@type\":\"SearchAction\",\"target\":{\"@type\":\"EntryPoint\",\"urlTemplate\":\"https:\/\/www.axiomams.eu\/lv?s={search_term_string}\"},\"query-input\":{\"@type\":\"PropertyValueSpecification\",\"valueRequired\":true,\"valueName\":\"search_term_string\"}}],\"inLanguage\":\"lv-LV\"},{\"@type\":\"Organization\",\"@id\":\"https:\/\/www.axiomams.eu\/lv#organization\",\"name\":\"AXIOMA MS\",\"url\":\"https:\/\/www.axiomams.eu\/lv\",\"logo\":{\"@type\":\"ImageObject\",\"inLanguage\":\"lv-LV\",\"@id\":\"https:\/\/www.axiomams.eu\/lv#\/schema\/logo\/image\/\",\"url\":\"https:\/\/www.axiomams.eu\/wp-content\/uploads\/2025\/06\/axioma-logo-2.png\",\"contentUrl\":\"https:\/\/www.axiomams.eu\/wp-content\/uploads\/2025\/06\/axioma-logo-2.png\",\"width\":1200,\"height\":1200,\"caption\":\"AXIOMA MS\"},\"image\":{\"@id\":\"https:\/\/www.axiomams.eu\/lv#\/schema\/logo\/image\/\"},\"sameAs\":[\"https:\/\/www.facebook.com\/AxiomaMS\",\"https:\/\/www.linkedin.com\/company\/axiomams\/\"]}]}<\/script>\n<!-- \/ Yoast SEO plugin. -->","yoast_head_json":{"title":"Flir E76 termokamera - AXIOMA MS","robots":{"index":"index","follow":"follow","max-snippet":"max-snippet:-1","max-image-preview":"max-image-preview:large","max-video-preview":"max-video-preview:-1"},"canonical":"https:\/\/www.axiomams.eu\/lv\/produktas\/flir-e76-termokamera","og_locale":"lv_LV","og_type":"article","og_title":"Flir E76 termokamera - AXIOMA MS","og_description":"Termisk\u0101 kamera FLIR E76 pied\u0101v\u0101 piln\u012bgu tuv\u0101ku un t\u0101l\u0101ku m\u0113r\u0137u p\u0101rkl\u0101jumu, izmantojot da\u017e\u0101das objekt\u012bvu opcijas. Savienojiet kameru E76 ar FLIR FlexView\u2122 dubult\u0101 skata lauka objekt\u012bvu, lai ar vienu pogas nospie\u0161anu acumirkl\u012b p\u0101rsl\u0113gtos no platle\u0146\u0137a uz telefoto sken\u0113\u0161anu. E76 ietver l\u0101zera atbalst\u012btu autom\u0101tisko fokus\u0113\u0161anu un 3 laukumu m\u0113r\u012b\u0161anas laukus. 320 x 240 siltuma iz\u0161\u0137irtsp\u0113ja nodro\u0161ina skaidrus,...","og_url":"https:\/\/www.axiomams.eu\/lv\/produktas\/flir-e76-termokamera","og_site_name":"AXIOMA MS","article_publisher":"https:\/\/www.facebook.com\/AxiomaMS","article_modified_time":"2026-03-25T14:59:51+00:00","og_image":[{"width":600,"height":625,"url":"https:\/\/www.axiomams.eu\/wp-content\/uploads\/2025\/07\/2958-3899.jpg","type":"image\/jpeg"}],"twitter_card":"summary_large_image","twitter_misc":{"Est. reading time":"1 minute"},"schema":{"@context":"https:\/\/schema.org","@graph":[{"@type":"WebPage","@id":"https:\/\/www.axiomams.eu\/lv\/produktas\/flir-e76-termokamera","url":"https:\/\/www.axiomams.eu\/lv\/produktas\/flir-e76-termokamera","name":"Flir E76 termokamera - AXIOMA MS","isPartOf":{"@id":"https:\/\/www.axiomams.eu\/lv#website"},"primaryImageOfPage":{"@id":"https:\/\/www.axiomams.eu\/lv\/produktas\/flir-e76-termokamera#primaryimage"},"image":{"@id":"https:\/\/www.axiomams.eu\/lv\/produktas\/flir-e76-termokamera#primaryimage"},"thumbnailUrl":"https:\/\/www.axiomams.eu\/wp-content\/uploads\/2025\/07\/2958-3899.jpg","datePublished":"2025-05-15T16:07:56+00:00","dateModified":"2026-03-25T14:59:51+00:00","breadcrumb":{"@id":"https:\/\/www.axiomams.eu\/lv\/produktas\/flir-e76-termokamera#breadcrumb"},"inLanguage":"lv-LV","potentialAction":[{"@type":"ReadAction","target":["https:\/\/www.axiomams.eu\/lv\/produktas\/flir-e76-termokamera"]}]},{"@type":"ImageObject","inLanguage":"lv-LV","@id":"https:\/\/www.axiomams.eu\/lv\/produktas\/flir-e76-termokamera#primaryimage","url":"https:\/\/www.axiomams.eu\/wp-content\/uploads\/2025\/07\/2958-3899.jpg","contentUrl":"https:\/\/www.axiomams.eu\/wp-content\/uploads\/2025\/07\/2958-3899.jpg","width":600,"height":625},{"@type":"BreadcrumbList","@id":"https:\/\/www.axiomams.eu\/lv\/produktas\/flir-e76-termokamera#breadcrumb","itemListElement":[{"@type":"ListItem","position":1,"name":"Home","item":"https:\/\/www.axiomams.eu\/lv"},{"@type":"ListItem","position":2,"name":"Produkti","item":"https:\/\/www.axiomams.eu\/lv\/produkti"},{"@type":"ListItem","position":3,"name":"Flir E76 termokamera"}]},{"@type":"WebSite","@id":"https:\/\/www.axiomams.eu\/lv#website","url":"https:\/\/www.axiomams.eu\/lv","name":"AXIOMA MS","description":"Terrmovizoriai ir matavimo \u012franga","publisher":{"@id":"https:\/\/www.axiomams.eu\/lv#organization"},"potentialAction":[{"@type":"SearchAction","target":{"@type":"EntryPoint","urlTemplate":"https:\/\/www.axiomams.eu\/lv?s={search_term_string}"},"query-input":{"@type":"PropertyValueSpecification","valueRequired":true,"valueName":"search_term_string"}}],"inLanguage":"lv-LV"},{"@type":"Organization","@id":"https:\/\/www.axiomams.eu\/lv#organization","name":"AXIOMA MS","url":"https:\/\/www.axiomams.eu\/lv","logo":{"@type":"ImageObject","inLanguage":"lv-LV","@id":"https:\/\/www.axiomams.eu\/lv#\/schema\/logo\/image\/","url":"https:\/\/www.axiomams.eu\/wp-content\/uploads\/2025\/06\/axioma-logo-2.png","contentUrl":"https:\/\/www.axiomams.eu\/wp-content\/uploads\/2025\/06\/axioma-logo-2.png","width":1200,"height":1200,"caption":"AXIOMA MS"},"image":{"@id":"https:\/\/www.axiomams.eu\/lv#\/schema\/logo\/image\/"},"sameAs":["https:\/\/www.facebook.com\/AxiomaMS","https:\/\/www.linkedin.com\/company\/axiomams\/"]}]}},"_links":{"self":[{"href":"https:\/\/www.axiomams.eu\/lv\/wp-json\/wp\/v2\/product\/39050","targetHints":{"allow":["GET"]}}],"collection":[{"href":"https:\/\/www.axiomams.eu\/lv\/wp-json\/wp\/v2\/product"}],"about":[{"href":"https:\/\/www.axiomams.eu\/lv\/wp-json\/wp\/v2\/types\/product"}],"replies":[{"embeddable":true,"href":"https:\/\/www.axiomams.eu\/lv\/wp-json\/wp\/v2\/comments?post=39050"}],"wp:featuredmedia":[{"embeddable":true,"href":"https:\/\/www.axiomams.eu\/lv\/wp-json\/wp\/v2\/media\/41808"}],"wp:attachment":[{"href":"https:\/\/www.axiomams.eu\/lv\/wp-json\/wp\/v2\/media?parent=39050"}],"wp:term":[{"taxonomy":"product_brand","embeddable":true,"href":"https:\/\/www.axiomams.eu\/lv\/wp-json\/wp\/v2\/product_brand?post=39050"},{"taxonomy":"product_cat","embeddable":true,"href":"https:\/\/www.axiomams.eu\/lv\/wp-json\/wp\/v2\/product_cat?post=39050"},{"taxonomy":"product_tag","embeddable":true,"href":"https:\/\/www.axiomams.eu\/lv\/wp-json\/wp\/v2\/product_tag?post=39050"}],"curies":[{"name":"wp","href":"https:\/\/api.w.org\/{rel}","templated":true}]}}