{"id":39052,"date":"2025-05-15T17:58:07","date_gmt":"2025-05-15T15:58:07","guid":{"rendered":"https:\/\/www.axiomams.eu\/produktas\/fixturlaser-eco-varpstas-centresanas-riks"},"modified":"2026-03-25T16:59:51","modified_gmt":"2026-03-25T14:59:51","slug":"fixturlaser-eco-varpstas-centresanas-riks","status":"publish","type":"product","link":"https:\/\/www.axiomams.eu\/lv\/produktas\/fixturlaser-eco-varpstas-centresanas-riks","title":{"rendered":"Fixturlaser ECO v\u0101rpstas centr\u0113\u0161anas r\u012bks"},"content":{"rendered":"<p>Piln\u012bb\u0101 digit\u0101l\u0101 bezvadu sist\u0113ma ECO ir s\u0101kuml\u012bme\u0146a sist\u0113ma, kas paredz\u0113ta horizont\u0101lai v\u0101rpstu centr\u0113\u0161anai. Ar bezvadu sensoru blokiem, 4&#8243; kr\u0101su displeju, uzl\u0101d\u0113jam\u0101m baterij\u0101m un IP65 konstrukciju, kas iztur skarbus vides apst\u0101k\u013cus, jums ir l\u0101zera centr\u0113\u0161anas sist\u0113ma par pie\u0146emamu cenu!<\/p>\n<p><b>Tehnisk\u0101 inform\u0101cija<\/b><br \/>\nSvars (ieskaitot visas standarta deta\u013cas): 4,8 kg<\/p>\n<p><b>Izklaides vien\u012bba<\/b><br \/>\nSvars: 0,36 kg<br \/>\nIzm\u0113ri: 181 x 106 x 34 mm<br \/>\nVides aizsardz\u012bba: IP 65<br \/>\nDispleja izm\u0113rs: 4&#8243; (102 mm) diagon\u0101le (84 x 56 mm)<br \/>\nDarb\u012bbas laiks: 8 stundas nep\u0101rtrauktas lieto\u0161anas<\/p>\n<p><b>TD VIEN\u012aBA<\/b><br \/>\nSvars: M6 200 g, S6 188 g<br \/>\nVides aizsardz\u012bba: AIZSARDZ\u012aBA: IP 65<br \/>\nM\u0113r\u012b\u0161anas att\u0101lums: L\u012bdz 3 m<br \/>\nDetektors: Detektors: Digit\u0101lais l\u012bnijas sensors<br \/>\nDetektora garums: 20 mm<br \/>\nDetektora iz\u0161\u0137irtsp\u0113ja: 1% \u00b1 1 cipars<br \/>\nM\u0113r\u012bjumu precizit\u0101te: 1% \u00b1 1 cipars<\/p>\n<p><b>\u0160AFTAS ATBALSTI<\/b><br \/>\nV\u0101rpstas diametrs: \u00d8 25 &#8230; 175 mm, ar pagarin\u0101juma \u0137\u0113di \u00d8 25 &#8230; 450 mm.<br \/>\nStie\u0146i: 4 gab. 150 mm<\/p>\n<p>Standarta komplekts: Fixturlaser DU ECO, Fixturlaser M6, Fixturlaser S6, 2 gab. V-veida kron\u0161teins ar \u0137\u0113di, m\u0113rlente 5 m, baro\u0161anas bloks 4 USB piesl\u0113gvieta 5 VDC, pagarin\u0101t\u0101ja str\u0101vas kabelis EUR\/ASV 2 m, 2 gab. univers\u0101ls instruments, 2 gab. USB kabelis A-mini B 0,5 m melns, 2 gab. USB kabelis A-micro B 1,5 m melns.<\/p>\n<h3>Tehnisk\u0101 inform\u0101cija:<\/h3>\n<ul>\n<li><a href=\"https:\/\/axiomams.eu\/importer\/export\/attachments\/en\/fixturlaser-eco.pdf\" target=\"_blank\">Fixturlaser ECO.pdf<\/a><\/li>\n<\/ul>\n","protected":false},"excerpt":{"rendered":"<p>Piln\u012bb\u0101 digit\u0101l\u0101 bezvadu sist\u0113ma ECO ir s\u0101kuml\u012bme\u0146a sist\u0113ma, kas paredz\u0113ta horizont\u0101lai v\u0101rpstu centr\u0113\u0161anai. Ar bezvadu sensoru blokiem, 4&#8243; kr\u0101su displeju, uzl\u0101d\u0113jam\u0101m baterij\u0101m un IP65 konstrukciju, kas iztur skarbus vides apst\u0101k\u013cus, jums ir l\u0101zera centr\u0113\u0161anas sist\u0113ma par pie\u0146emamu cenu! Tehnisk\u0101 inform\u0101cija Svars (ieskaitot visas standarta deta\u013cas): 4,8 kg Izklaides vien\u012bba Svars: 0,36 kg Izm\u0113ri: 181 x&#8230;<\/p>\n","protected":false},"featured_media":41812,"comment_status":"open","ping_status":"closed","template":"","meta":{"_acf_changed":false},"product_brand":[17686],"product_cat":[17765],"product_tag":[],"class_list":{"0":"post-39052","1":"product","2":"type-product","3":"status-publish","4":"has-post-thumbnail","6":"product_brand-fixturlaser","7":"product_cat-centresanas-varpstam-un-siksnu-piedzinam","9":"first","10":"instock","11":"taxable","12":"shipping-taxable","13":"purchasable","14":"product-type-simple"},"acf":[],"yoast_head":"<!-- This site is optimized with the Yoast SEO plugin v27.0 - https:\/\/yoast.com\/product\/yoast-seo-wordpress\/ -->\n<title>Fixturlaser ECO v\u0101rpstas centr\u0113\u0161anas r\u012bks - AXIOMA MS<\/title>\n<meta name=\"robots\" content=\"index, follow, max-snippet:-1, max-image-preview:large, max-video-preview:-1\" \/>\n<link rel=\"canonical\" href=\"https:\/\/www.axiomams.eu\/lv\/produktas\/fixturlaser-eco-varpstas-centresanas-riks\" \/>\n<meta property=\"og:locale\" content=\"lv_LV\" \/>\n<meta property=\"og:type\" content=\"article\" \/>\n<meta property=\"og:title\" content=\"Fixturlaser ECO v\u0101rpstas centr\u0113\u0161anas r\u012bks - AXIOMA MS\" \/>\n<meta property=\"og:description\" content=\"Piln\u012bb\u0101 digit\u0101l\u0101 bezvadu sist\u0113ma ECO ir s\u0101kuml\u012bme\u0146a sist\u0113ma, kas paredz\u0113ta horizont\u0101lai v\u0101rpstu centr\u0113\u0161anai. Ar bezvadu sensoru blokiem, 4&#8243; kr\u0101su displeju, uzl\u0101d\u0113jam\u0101m baterij\u0101m un IP65 konstrukciju, kas iztur skarbus vides apst\u0101k\u013cus, jums ir l\u0101zera centr\u0113\u0161anas sist\u0113ma par pie\u0146emamu cenu! Tehnisk\u0101 inform\u0101cija Svars (ieskaitot visas standarta deta\u013cas): 4,8 kg Izklaides vien\u012bba Svars: 0,36 kg Izm\u0113ri: 181 x...\" \/>\n<meta property=\"og:url\" content=\"https:\/\/www.axiomams.eu\/lv\/produktas\/fixturlaser-eco-varpstas-centresanas-riks\" \/>\n<meta property=\"og:site_name\" content=\"AXIOMA MS\" \/>\n<meta property=\"article:publisher\" content=\"https:\/\/www.facebook.com\/AxiomaMS\" \/>\n<meta property=\"article:modified_time\" content=\"2026-03-25T14:59:51+00:00\" \/>\n<meta property=\"og:image\" content=\"https:\/\/www.axiomams.eu\/wp-content\/uploads\/2025\/07\/3254-4312.jpg\" \/>\n\t<meta property=\"og:image:width\" content=\"1024\" \/>\n\t<meta property=\"og:image:height\" content=\"768\" \/>\n\t<meta property=\"og:image:type\" content=\"image\/jpeg\" \/>\n<meta name=\"twitter:card\" content=\"summary_large_image\" \/>\n<meta name=\"twitter:label1\" content=\"Est. reading time\" \/>\n\t<meta name=\"twitter:data1\" content=\"1 minute\" \/>\n<script type=\"application\/ld+json\" class=\"yoast-schema-graph\">{\"@context\":\"https:\/\/schema.org\",\"@graph\":[{\"@type\":\"WebPage\",\"@id\":\"https:\/\/www.axiomams.eu\/lv\/produktas\/fixturlaser-eco-varpstas-centresanas-riks\",\"url\":\"https:\/\/www.axiomams.eu\/lv\/produktas\/fixturlaser-eco-varpstas-centresanas-riks\",\"name\":\"Fixturlaser ECO v\u0101rpstas centr\u0113\u0161anas r\u012bks - AXIOMA MS\",\"isPartOf\":{\"@id\":\"https:\/\/www.axiomams.eu\/lv#website\"},\"primaryImageOfPage\":{\"@id\":\"https:\/\/www.axiomams.eu\/lv\/produktas\/fixturlaser-eco-varpstas-centresanas-riks#primaryimage\"},\"image\":{\"@id\":\"https:\/\/www.axiomams.eu\/lv\/produktas\/fixturlaser-eco-varpstas-centresanas-riks#primaryimage\"},\"thumbnailUrl\":\"https:\/\/www.axiomams.eu\/wp-content\/uploads\/2025\/07\/3254-4312.jpg\",\"datePublished\":\"2025-05-15T15:58:07+00:00\",\"dateModified\":\"2026-03-25T14:59:51+00:00\",\"breadcrumb\":{\"@id\":\"https:\/\/www.axiomams.eu\/lv\/produktas\/fixturlaser-eco-varpstas-centresanas-riks#breadcrumb\"},\"inLanguage\":\"lv-LV\",\"potentialAction\":[{\"@type\":\"ReadAction\",\"target\":[\"https:\/\/www.axiomams.eu\/lv\/produktas\/fixturlaser-eco-varpstas-centresanas-riks\"]}]},{\"@type\":\"ImageObject\",\"inLanguage\":\"lv-LV\",\"@id\":\"https:\/\/www.axiomams.eu\/lv\/produktas\/fixturlaser-eco-varpstas-centresanas-riks#primaryimage\",\"url\":\"https:\/\/www.axiomams.eu\/wp-content\/uploads\/2025\/07\/3254-4312.jpg\",\"contentUrl\":\"https:\/\/www.axiomams.eu\/wp-content\/uploads\/2025\/07\/3254-4312.jpg\",\"width\":1024,\"height\":768},{\"@type\":\"BreadcrumbList\",\"@id\":\"https:\/\/www.axiomams.eu\/lv\/produktas\/fixturlaser-eco-varpstas-centresanas-riks#breadcrumb\",\"itemListElement\":[{\"@type\":\"ListItem\",\"position\":1,\"name\":\"Home\",\"item\":\"https:\/\/www.axiomams.eu\/lv\"},{\"@type\":\"ListItem\",\"position\":2,\"name\":\"Produkti\",\"item\":\"https:\/\/www.axiomams.eu\/lv\/produkti\"},{\"@type\":\"ListItem\",\"position\":3,\"name\":\"Fixturlaser ECO v\u0101rpstas centr\u0113\u0161anas r\u012bks\"}]},{\"@type\":\"WebSite\",\"@id\":\"https:\/\/www.axiomams.eu\/lv#website\",\"url\":\"https:\/\/www.axiomams.eu\/lv\",\"name\":\"AXIOMA MS\",\"description\":\"Terrmovizoriai ir matavimo \u012franga\",\"publisher\":{\"@id\":\"https:\/\/www.axiomams.eu\/lv#organization\"},\"potentialAction\":[{\"@type\":\"SearchAction\",\"target\":{\"@type\":\"EntryPoint\",\"urlTemplate\":\"https:\/\/www.axiomams.eu\/lv?s={search_term_string}\"},\"query-input\":{\"@type\":\"PropertyValueSpecification\",\"valueRequired\":true,\"valueName\":\"search_term_string\"}}],\"inLanguage\":\"lv-LV\"},{\"@type\":\"Organization\",\"@id\":\"https:\/\/www.axiomams.eu\/lv#organization\",\"name\":\"AXIOMA MS\",\"url\":\"https:\/\/www.axiomams.eu\/lv\",\"logo\":{\"@type\":\"ImageObject\",\"inLanguage\":\"lv-LV\",\"@id\":\"https:\/\/www.axiomams.eu\/lv#\/schema\/logo\/image\/\",\"url\":\"https:\/\/www.axiomams.eu\/wp-content\/uploads\/2025\/06\/axioma-logo-2.png\",\"contentUrl\":\"https:\/\/www.axiomams.eu\/wp-content\/uploads\/2025\/06\/axioma-logo-2.png\",\"width\":1200,\"height\":1200,\"caption\":\"AXIOMA MS\"},\"image\":{\"@id\":\"https:\/\/www.axiomams.eu\/lv#\/schema\/logo\/image\/\"},\"sameAs\":[\"https:\/\/www.facebook.com\/AxiomaMS\",\"https:\/\/www.linkedin.com\/company\/axiomams\/\"]}]}<\/script>\n<!-- \/ Yoast SEO plugin. -->","yoast_head_json":{"title":"Fixturlaser ECO v\u0101rpstas centr\u0113\u0161anas r\u012bks - AXIOMA MS","robots":{"index":"index","follow":"follow","max-snippet":"max-snippet:-1","max-image-preview":"max-image-preview:large","max-video-preview":"max-video-preview:-1"},"canonical":"https:\/\/www.axiomams.eu\/lv\/produktas\/fixturlaser-eco-varpstas-centresanas-riks","og_locale":"lv_LV","og_type":"article","og_title":"Fixturlaser ECO v\u0101rpstas centr\u0113\u0161anas r\u012bks - AXIOMA MS","og_description":"Piln\u012bb\u0101 digit\u0101l\u0101 bezvadu sist\u0113ma ECO ir s\u0101kuml\u012bme\u0146a sist\u0113ma, kas paredz\u0113ta horizont\u0101lai v\u0101rpstu centr\u0113\u0161anai. Ar bezvadu sensoru blokiem, 4&#8243; kr\u0101su displeju, uzl\u0101d\u0113jam\u0101m baterij\u0101m un IP65 konstrukciju, kas iztur skarbus vides apst\u0101k\u013cus, jums ir l\u0101zera centr\u0113\u0161anas sist\u0113ma par pie\u0146emamu cenu! Tehnisk\u0101 inform\u0101cija Svars (ieskaitot visas standarta deta\u013cas): 4,8 kg Izklaides vien\u012bba Svars: 0,36 kg Izm\u0113ri: 181 x...","og_url":"https:\/\/www.axiomams.eu\/lv\/produktas\/fixturlaser-eco-varpstas-centresanas-riks","og_site_name":"AXIOMA MS","article_publisher":"https:\/\/www.facebook.com\/AxiomaMS","article_modified_time":"2026-03-25T14:59:51+00:00","og_image":[{"width":1024,"height":768,"url":"https:\/\/www.axiomams.eu\/wp-content\/uploads\/2025\/07\/3254-4312.jpg","type":"image\/jpeg"}],"twitter_card":"summary_large_image","twitter_misc":{"Est. reading time":"1 minute"},"schema":{"@context":"https:\/\/schema.org","@graph":[{"@type":"WebPage","@id":"https:\/\/www.axiomams.eu\/lv\/produktas\/fixturlaser-eco-varpstas-centresanas-riks","url":"https:\/\/www.axiomams.eu\/lv\/produktas\/fixturlaser-eco-varpstas-centresanas-riks","name":"Fixturlaser ECO v\u0101rpstas centr\u0113\u0161anas r\u012bks - AXIOMA MS","isPartOf":{"@id":"https:\/\/www.axiomams.eu\/lv#website"},"primaryImageOfPage":{"@id":"https:\/\/www.axiomams.eu\/lv\/produktas\/fixturlaser-eco-varpstas-centresanas-riks#primaryimage"},"image":{"@id":"https:\/\/www.axiomams.eu\/lv\/produktas\/fixturlaser-eco-varpstas-centresanas-riks#primaryimage"},"thumbnailUrl":"https:\/\/www.axiomams.eu\/wp-content\/uploads\/2025\/07\/3254-4312.jpg","datePublished":"2025-05-15T15:58:07+00:00","dateModified":"2026-03-25T14:59:51+00:00","breadcrumb":{"@id":"https:\/\/www.axiomams.eu\/lv\/produktas\/fixturlaser-eco-varpstas-centresanas-riks#breadcrumb"},"inLanguage":"lv-LV","potentialAction":[{"@type":"ReadAction","target":["https:\/\/www.axiomams.eu\/lv\/produktas\/fixturlaser-eco-varpstas-centresanas-riks"]}]},{"@type":"ImageObject","inLanguage":"lv-LV","@id":"https:\/\/www.axiomams.eu\/lv\/produktas\/fixturlaser-eco-varpstas-centresanas-riks#primaryimage","url":"https:\/\/www.axiomams.eu\/wp-content\/uploads\/2025\/07\/3254-4312.jpg","contentUrl":"https:\/\/www.axiomams.eu\/wp-content\/uploads\/2025\/07\/3254-4312.jpg","width":1024,"height":768},{"@type":"BreadcrumbList","@id":"https:\/\/www.axiomams.eu\/lv\/produktas\/fixturlaser-eco-varpstas-centresanas-riks#breadcrumb","itemListElement":[{"@type":"ListItem","position":1,"name":"Home","item":"https:\/\/www.axiomams.eu\/lv"},{"@type":"ListItem","position":2,"name":"Produkti","item":"https:\/\/www.axiomams.eu\/lv\/produkti"},{"@type":"ListItem","position":3,"name":"Fixturlaser ECO v\u0101rpstas centr\u0113\u0161anas r\u012bks"}]},{"@type":"WebSite","@id":"https:\/\/www.axiomams.eu\/lv#website","url":"https:\/\/www.axiomams.eu\/lv","name":"AXIOMA MS","description":"Terrmovizoriai ir matavimo \u012franga","publisher":{"@id":"https:\/\/www.axiomams.eu\/lv#organization"},"potentialAction":[{"@type":"SearchAction","target":{"@type":"EntryPoint","urlTemplate":"https:\/\/www.axiomams.eu\/lv?s={search_term_string}"},"query-input":{"@type":"PropertyValueSpecification","valueRequired":true,"valueName":"search_term_string"}}],"inLanguage":"lv-LV"},{"@type":"Organization","@id":"https:\/\/www.axiomams.eu\/lv#organization","name":"AXIOMA MS","url":"https:\/\/www.axiomams.eu\/lv","logo":{"@type":"ImageObject","inLanguage":"lv-LV","@id":"https:\/\/www.axiomams.eu\/lv#\/schema\/logo\/image\/","url":"https:\/\/www.axiomams.eu\/wp-content\/uploads\/2025\/06\/axioma-logo-2.png","contentUrl":"https:\/\/www.axiomams.eu\/wp-content\/uploads\/2025\/06\/axioma-logo-2.png","width":1200,"height":1200,"caption":"AXIOMA MS"},"image":{"@id":"https:\/\/www.axiomams.eu\/lv#\/schema\/logo\/image\/"},"sameAs":["https:\/\/www.facebook.com\/AxiomaMS","https:\/\/www.linkedin.com\/company\/axiomams\/"]}]}},"_links":{"self":[{"href":"https:\/\/www.axiomams.eu\/lv\/wp-json\/wp\/v2\/product\/39052","targetHints":{"allow":["GET"]}}],"collection":[{"href":"https:\/\/www.axiomams.eu\/lv\/wp-json\/wp\/v2\/product"}],"about":[{"href":"https:\/\/www.axiomams.eu\/lv\/wp-json\/wp\/v2\/types\/product"}],"replies":[{"embeddable":true,"href":"https:\/\/www.axiomams.eu\/lv\/wp-json\/wp\/v2\/comments?post=39052"}],"wp:featuredmedia":[{"embeddable":true,"href":"https:\/\/www.axiomams.eu\/lv\/wp-json\/wp\/v2\/media\/41812"}],"wp:attachment":[{"href":"https:\/\/www.axiomams.eu\/lv\/wp-json\/wp\/v2\/media?parent=39052"}],"wp:term":[{"taxonomy":"product_brand","embeddable":true,"href":"https:\/\/www.axiomams.eu\/lv\/wp-json\/wp\/v2\/product_brand?post=39052"},{"taxonomy":"product_cat","embeddable":true,"href":"https:\/\/www.axiomams.eu\/lv\/wp-json\/wp\/v2\/product_cat?post=39052"},{"taxonomy":"product_tag","embeddable":true,"href":"https:\/\/www.axiomams.eu\/lv\/wp-json\/wp\/v2\/product_tag?post=39052"}],"curies":[{"name":"wp","href":"https:\/\/api.w.org\/{rel}","templated":true}]}}