{"id":39069,"date":"2025-05-15T18:01:06","date_gmt":"2025-05-15T16:01:06","guid":{"rendered":"https:\/\/www.axiomams.eu\/produktas\/ametek-etc-400-a-temperaturas-kalibrators"},"modified":"2026-03-25T16:59:58","modified_gmt":"2026-03-25T14:59:58","slug":"ametek-etc-400-a-temperaturas-kalibrators","status":"publish","type":"product","link":"https:\/\/www.axiomams.eu\/lv\/produktas\/ametek-etc-400-a-temperaturas-kalibrators","title":{"rendered":"Ametek ETC-400 A Temperat\u016bras kalibrators"},"content":{"rendered":"<p>JOFRA ETC-400A uzkarst l\u012bdz 100\u00b0C\/212\u00b0F min\u016bt\u0113 un veic pilnu divpunktu testu maz\u0101k nek\u0101 10 min\u016bt\u0113s, ieskaitot stabilit\u0101tes laiku; laika ietaup\u012bjums j\u016bsu rok\u0101s!<br \/>\nJOFRA ETC s\u0113rija ir paredz\u0113ta temperat\u016bras m\u0113r\u012b\u0161anas ier\u012b\u010du test\u0113\u0161anai uz vietas. Nelielais izm\u0113rs un vieglais svars padara to par ide\u0101lu instrumentu, lai p\u0101rbaud\u012btu sensorus gr\u016bti pieejam\u0101s viet\u0101s.<br \/>\nJOFRA ETC-400R ir paredz\u0113ts \u0101trai un uzticamai infrasarkano termometru kalibr\u0113\u0161anai.<br \/>\nVis\u0101m JOFRA ETC ier\u012bc\u0113m ir daudzas t\u0101das pa\u0161as noder\u012bgas un laiku taupo\u0161as funkcijas k\u0101 progres\u012bv\u0101kaj\u0101m JOFRA sauso bloku s\u0113rij\u0101m.<br \/>\n&#8211; Piln\u012bga temperat\u016bras un infrasarkano staru kalibratoru s\u0113rija<br \/>\n&#8211; Vair\u0101ku urbumu konstrukcija<br \/>\n&#8211; RS232 un JOFRACAL kalibr\u0113\u0161anas programmat\u016bra<br \/>\n&#8211; Daudzveid\u012bgs inform\u0101cijas displejs<br \/>\n&#8211; Autom\u0101tiska p\u0101rsl\u0113g\u0161ana<br \/>\n&#8211; Stabilit\u0101tes indikators<br \/>\n&#8211; Atskaites taimeris (r\u0101da, kad ier\u012bce ir stabila)<br \/>\n&#8211; Programm\u0113jama maksim\u0101l\u0101 temperat\u016bra<br \/>\n&#8211; \u0100trs simul\u0101cijas\/apm\u0101c\u012bbas re\u017e\u012bms<br \/>\n&#8211; Atk\u0101rtota kalibr\u0113\u0161ana no tastat\u016bras<\/p>\n<p>Divi mode\u013ci &#8211; JOFRA ETC s\u0113rija sast\u0101v no diviem da\u017e\u0101diem mode\u013ciem, kas at\u0161\u0137iras p\u0113c temperat\u016bras diapazona. Abiem mode\u013ciem ir l\u012bdz\u012bgas funkcijas un liels, ar aizmuguri izgaismots LCD displeja panelis, kas ir viegli salas\u0101ms pat labi apgaismot\u0101s telp\u0101s. Iztur\u012bgs, pl\u0101ns ner\u016bs\u0113jo\u0161\u0101 t\u0113rauda \u0101r\u0113jais korpuss ar gumijas p\u0101rkl\u0101jumu, kas aizsarg\u0101 instrumentu r\u016bpniecisk\u0101 vid\u0113.<br \/>\nLabi &#8211; optimiz\u0113ts \u0101trumam &#8211; sild\u012b\u0161anas bloks ir veidots ap \u013coti efekt\u012bvu sildelementu. Test\u0113jam\u0101 sensora atveres ir ieurbtas tie\u0161i blok\u0101. Tas samazina bloka masu un nodro\u0161ina \u0101rk\u0101rt\u012bgi \u0101tru uzkars\u0113\u0161anas laiku.<br \/>\nIR kalibr\u0113\u0161ana &#8211; ETC 400R ir izstr\u0101d\u0101ts optim\u0101la \u0101truma savienojumam ar infrasarkano termometru kalibr\u0113\u0161anu. 36 mm izm\u0113ra m\u0113r\u0137is ir optim\u0101ls izm\u0113rs infrasarkano termometru uzticamai kalibr\u0113\u0161anai procesu r\u016bpniec\u012bb\u0101, jo tas ir izstr\u0101d\u0101ts, lai nodro\u0161in\u0101tu augstu precizit\u0101ti un ilgtermi\u0146a stabilit\u0101ti, vienlaikus saglab\u0101jot \u0101trumu.<br \/>\nTastat\u016bra un displejs &#8211; dubults inform\u0101cijas displejs, kas nor\u0101da gan iestat\u012bto, gan patieso temperat\u016bru.<br \/>\nStabilit\u0101tes indikators &#8211; Skaidri audio un vizu\u0101li nor\u0101d\u012bjumi, kad temperat\u016bra ir stabila. 3 min\u016btes pirms iek\u0101rtas stabilit\u0101tes displeja apak\u0161\u0113j\u0101 da\u013c\u0101 tiek r\u0101d\u012bts atskaites taimeris.<br \/>\nAutom\u0101tisks solis &#8211; kalibrators autom\u0101tiski p\u0101riet uz n\u0101kamo ieprogramm\u0113to v\u0113rt\u012bbu. Tas \u013cauj kalibratoru novietot jebkur\u0101 procesa viet\u0101, kam\u0113r j\u016bs kontroltelp\u0101 p\u0101rraug\u0101t test\u0113jam\u0101 sensora izvadi.<br \/>\nViegla apkope &#8211; ja nepiecie\u0161ama kalibratora regul\u0113\u0161ana, izmantojiet ieb\u016bv\u0113to proced\u016bru. Nav nepiecie\u0161ams dators vai skr\u016bvgriezis. &#8220;Kalibr\u0113\u0161anas datums&#8221; tiek par\u0101d\u012bts katru reizi, kad instruments tiek iesl\u0113gts.<br \/>\nVienk\u0101r\u0161ota kalibr\u0113\u0161anas dokument\u0101cija &#8211; visi ETC s\u0113rijas kalibratori tiek pieg\u0101d\u0101ti ar RS232 s\u0113rijas interfeisu un JOFRACAL kalibr\u0113\u0161anas programmat\u016bru.<br \/>\nJOFRACAL programmat\u016bra nodro\u0161ina l\u012bdzek\u013cus piln\u012bgi autom\u0101tiskai sensoru kalibr\u0113\u0161anai un pusautom\u0101tiskai visa procesa cikla kalibr\u0113\u0161anai, izmantojot datoru.<\/p>\n<h3>Tehnisk\u0101 inform\u0101cija:<\/h3>\n<ul>\n<li><a href=\"https:\/\/axiomams.eu\/importer\/export\/attachments\/en\/jofra-etc.pdf\" target=\"_blank\">Jofra ETC.pdf<\/a><\/li>\n<\/ul>\n","protected":false},"excerpt":{"rendered":"<p>JOFRA ETC-400A uzkarst l\u012bdz 100\u00b0C\/212\u00b0F min\u016bt\u0113 un veic pilnu divpunktu testu maz\u0101k nek\u0101 10 min\u016bt\u0113s, ieskaitot stabilit\u0101tes laiku; laika ietaup\u012bjums j\u016bsu rok\u0101s! JOFRA ETC s\u0113rija ir paredz\u0113ta temperat\u016bras m\u0113r\u012b\u0161anas ier\u012b\u010du test\u0113\u0161anai uz vietas. Nelielais izm\u0113rs un vieglais svars padara to par ide\u0101lu instrumentu, lai p\u0101rbaud\u012btu sensorus gr\u016bti pieejam\u0101s viet\u0101s. JOFRA ETC-400R ir paredz\u0113ts \u0101trai un&#8230;<\/p>\n","protected":false},"featured_media":41846,"comment_status":"open","ping_status":"closed","template":"","meta":{"_acf_changed":false},"product_brand":[1202],"product_cat":[17745],"product_tag":[],"class_list":{"0":"post-39069","1":"product","2":"type-product","3":"status-publish","4":"has-post-thumbnail","6":"product_brand-ametek","7":"product_cat-procesa-un-temperaturas-kalibresanai","9":"first","10":"instock","11":"taxable","12":"shipping-taxable","13":"purchasable","14":"product-type-simple"},"acf":[],"yoast_head":"<!-- This site is optimized with the Yoast SEO plugin v27.0 - https:\/\/yoast.com\/product\/yoast-seo-wordpress\/ -->\n<title>Ametek ETC-400 A Temperat\u016bras kalibrators - AXIOMA MS<\/title>\n<meta name=\"robots\" content=\"index, follow, max-snippet:-1, max-image-preview:large, max-video-preview:-1\" \/>\n<link rel=\"canonical\" href=\"https:\/\/www.axiomams.eu\/lv\/produktas\/ametek-etc-400-a-temperaturas-kalibrators\" \/>\n<meta property=\"og:locale\" content=\"lv_LV\" \/>\n<meta property=\"og:type\" content=\"article\" \/>\n<meta property=\"og:title\" content=\"Ametek ETC-400 A Temperat\u016bras kalibrators - AXIOMA MS\" \/>\n<meta property=\"og:description\" content=\"JOFRA ETC-400A uzkarst l\u012bdz 100\u00b0C\/212\u00b0F min\u016bt\u0113 un veic pilnu divpunktu testu maz\u0101k nek\u0101 10 min\u016bt\u0113s, ieskaitot stabilit\u0101tes laiku; laika ietaup\u012bjums j\u016bsu rok\u0101s! JOFRA ETC s\u0113rija ir paredz\u0113ta temperat\u016bras m\u0113r\u012b\u0161anas ier\u012b\u010du test\u0113\u0161anai uz vietas. Nelielais izm\u0113rs un vieglais svars padara to par ide\u0101lu instrumentu, lai p\u0101rbaud\u012btu sensorus gr\u016bti pieejam\u0101s viet\u0101s. JOFRA ETC-400R ir paredz\u0113ts \u0101trai un...\" \/>\n<meta property=\"og:url\" content=\"https:\/\/www.axiomams.eu\/lv\/produktas\/ametek-etc-400-a-temperaturas-kalibrators\" \/>\n<meta property=\"og:site_name\" content=\"AXIOMA MS\" \/>\n<meta property=\"article:publisher\" content=\"https:\/\/www.facebook.com\/AxiomaMS\" \/>\n<meta property=\"article:modified_time\" content=\"2026-03-25T14:59:58+00:00\" \/>\n<meta property=\"og:image\" content=\"https:\/\/www.axiomams.eu\/wp-content\/uploads\/2025\/07\/1779-2301.jpg\" \/>\n\t<meta property=\"og:image:width\" content=\"200\" \/>\n\t<meta property=\"og:image:height\" content=\"200\" \/>\n\t<meta property=\"og:image:type\" content=\"image\/jpeg\" \/>\n<meta name=\"twitter:card\" content=\"summary_large_image\" \/>\n<meta name=\"twitter:label1\" content=\"Est. reading time\" \/>\n\t<meta name=\"twitter:data1\" content=\"3 minutes\" \/>\n<script type=\"application\/ld+json\" class=\"yoast-schema-graph\">{\"@context\":\"https:\/\/schema.org\",\"@graph\":[{\"@type\":\"WebPage\",\"@id\":\"https:\/\/www.axiomams.eu\/lv\/produktas\/ametek-etc-400-a-temperaturas-kalibrators\",\"url\":\"https:\/\/www.axiomams.eu\/lv\/produktas\/ametek-etc-400-a-temperaturas-kalibrators\",\"name\":\"Ametek ETC-400 A Temperat\u016bras kalibrators - AXIOMA MS\",\"isPartOf\":{\"@id\":\"https:\/\/www.axiomams.eu\/lv#website\"},\"primaryImageOfPage\":{\"@id\":\"https:\/\/www.axiomams.eu\/lv\/produktas\/ametek-etc-400-a-temperaturas-kalibrators#primaryimage\"},\"image\":{\"@id\":\"https:\/\/www.axiomams.eu\/lv\/produktas\/ametek-etc-400-a-temperaturas-kalibrators#primaryimage\"},\"thumbnailUrl\":\"https:\/\/www.axiomams.eu\/wp-content\/uploads\/2025\/07\/1779-2301.jpg\",\"datePublished\":\"2025-05-15T16:01:06+00:00\",\"dateModified\":\"2026-03-25T14:59:58+00:00\",\"breadcrumb\":{\"@id\":\"https:\/\/www.axiomams.eu\/lv\/produktas\/ametek-etc-400-a-temperaturas-kalibrators#breadcrumb\"},\"inLanguage\":\"lv-LV\",\"potentialAction\":[{\"@type\":\"ReadAction\",\"target\":[\"https:\/\/www.axiomams.eu\/lv\/produktas\/ametek-etc-400-a-temperaturas-kalibrators\"]}]},{\"@type\":\"ImageObject\",\"inLanguage\":\"lv-LV\",\"@id\":\"https:\/\/www.axiomams.eu\/lv\/produktas\/ametek-etc-400-a-temperaturas-kalibrators#primaryimage\",\"url\":\"https:\/\/www.axiomams.eu\/wp-content\/uploads\/2025\/07\/1779-2301.jpg\",\"contentUrl\":\"https:\/\/www.axiomams.eu\/wp-content\/uploads\/2025\/07\/1779-2301.jpg\",\"width\":200,\"height\":200},{\"@type\":\"BreadcrumbList\",\"@id\":\"https:\/\/www.axiomams.eu\/lv\/produktas\/ametek-etc-400-a-temperaturas-kalibrators#breadcrumb\",\"itemListElement\":[{\"@type\":\"ListItem\",\"position\":1,\"name\":\"Home\",\"item\":\"https:\/\/www.axiomams.eu\/lv\"},{\"@type\":\"ListItem\",\"position\":2,\"name\":\"Produkti\",\"item\":\"https:\/\/www.axiomams.eu\/lv\/produkti\"},{\"@type\":\"ListItem\",\"position\":3,\"name\":\"Ametek ETC-400 A Temperat\u016bras kalibrators\"}]},{\"@type\":\"WebSite\",\"@id\":\"https:\/\/www.axiomams.eu\/lv#website\",\"url\":\"https:\/\/www.axiomams.eu\/lv\",\"name\":\"AXIOMA MS\",\"description\":\"Terrmovizoriai ir matavimo \u012franga\",\"publisher\":{\"@id\":\"https:\/\/www.axiomams.eu\/lv#organization\"},\"potentialAction\":[{\"@type\":\"SearchAction\",\"target\":{\"@type\":\"EntryPoint\",\"urlTemplate\":\"https:\/\/www.axiomams.eu\/lv?s={search_term_string}\"},\"query-input\":{\"@type\":\"PropertyValueSpecification\",\"valueRequired\":true,\"valueName\":\"search_term_string\"}}],\"inLanguage\":\"lv-LV\"},{\"@type\":\"Organization\",\"@id\":\"https:\/\/www.axiomams.eu\/lv#organization\",\"name\":\"AXIOMA MS\",\"url\":\"https:\/\/www.axiomams.eu\/lv\",\"logo\":{\"@type\":\"ImageObject\",\"inLanguage\":\"lv-LV\",\"@id\":\"https:\/\/www.axiomams.eu\/lv#\/schema\/logo\/image\/\",\"url\":\"https:\/\/www.axiomams.eu\/wp-content\/uploads\/2025\/06\/axioma-logo-2.png\",\"contentUrl\":\"https:\/\/www.axiomams.eu\/wp-content\/uploads\/2025\/06\/axioma-logo-2.png\",\"width\":1200,\"height\":1200,\"caption\":\"AXIOMA MS\"},\"image\":{\"@id\":\"https:\/\/www.axiomams.eu\/lv#\/schema\/logo\/image\/\"},\"sameAs\":[\"https:\/\/www.facebook.com\/AxiomaMS\",\"https:\/\/www.linkedin.com\/company\/axiomams\/\"]}]}<\/script>\n<!-- \/ Yoast SEO plugin. -->","yoast_head_json":{"title":"Ametek ETC-400 A Temperat\u016bras kalibrators - AXIOMA MS","robots":{"index":"index","follow":"follow","max-snippet":"max-snippet:-1","max-image-preview":"max-image-preview:large","max-video-preview":"max-video-preview:-1"},"canonical":"https:\/\/www.axiomams.eu\/lv\/produktas\/ametek-etc-400-a-temperaturas-kalibrators","og_locale":"lv_LV","og_type":"article","og_title":"Ametek ETC-400 A Temperat\u016bras kalibrators - AXIOMA MS","og_description":"JOFRA ETC-400A uzkarst l\u012bdz 100\u00b0C\/212\u00b0F min\u016bt\u0113 un veic pilnu divpunktu testu maz\u0101k nek\u0101 10 min\u016bt\u0113s, ieskaitot stabilit\u0101tes laiku; laika ietaup\u012bjums j\u016bsu rok\u0101s! JOFRA ETC s\u0113rija ir paredz\u0113ta temperat\u016bras m\u0113r\u012b\u0161anas ier\u012b\u010du test\u0113\u0161anai uz vietas. Nelielais izm\u0113rs un vieglais svars padara to par ide\u0101lu instrumentu, lai p\u0101rbaud\u012btu sensorus gr\u016bti pieejam\u0101s viet\u0101s. JOFRA ETC-400R ir paredz\u0113ts \u0101trai un...","og_url":"https:\/\/www.axiomams.eu\/lv\/produktas\/ametek-etc-400-a-temperaturas-kalibrators","og_site_name":"AXIOMA MS","article_publisher":"https:\/\/www.facebook.com\/AxiomaMS","article_modified_time":"2026-03-25T14:59:58+00:00","og_image":[{"width":200,"height":200,"url":"https:\/\/www.axiomams.eu\/wp-content\/uploads\/2025\/07\/1779-2301.jpg","type":"image\/jpeg"}],"twitter_card":"summary_large_image","twitter_misc":{"Est. reading time":"3 minutes"},"schema":{"@context":"https:\/\/schema.org","@graph":[{"@type":"WebPage","@id":"https:\/\/www.axiomams.eu\/lv\/produktas\/ametek-etc-400-a-temperaturas-kalibrators","url":"https:\/\/www.axiomams.eu\/lv\/produktas\/ametek-etc-400-a-temperaturas-kalibrators","name":"Ametek ETC-400 A Temperat\u016bras kalibrators - AXIOMA MS","isPartOf":{"@id":"https:\/\/www.axiomams.eu\/lv#website"},"primaryImageOfPage":{"@id":"https:\/\/www.axiomams.eu\/lv\/produktas\/ametek-etc-400-a-temperaturas-kalibrators#primaryimage"},"image":{"@id":"https:\/\/www.axiomams.eu\/lv\/produktas\/ametek-etc-400-a-temperaturas-kalibrators#primaryimage"},"thumbnailUrl":"https:\/\/www.axiomams.eu\/wp-content\/uploads\/2025\/07\/1779-2301.jpg","datePublished":"2025-05-15T16:01:06+00:00","dateModified":"2026-03-25T14:59:58+00:00","breadcrumb":{"@id":"https:\/\/www.axiomams.eu\/lv\/produktas\/ametek-etc-400-a-temperaturas-kalibrators#breadcrumb"},"inLanguage":"lv-LV","potentialAction":[{"@type":"ReadAction","target":["https:\/\/www.axiomams.eu\/lv\/produktas\/ametek-etc-400-a-temperaturas-kalibrators"]}]},{"@type":"ImageObject","inLanguage":"lv-LV","@id":"https:\/\/www.axiomams.eu\/lv\/produktas\/ametek-etc-400-a-temperaturas-kalibrators#primaryimage","url":"https:\/\/www.axiomams.eu\/wp-content\/uploads\/2025\/07\/1779-2301.jpg","contentUrl":"https:\/\/www.axiomams.eu\/wp-content\/uploads\/2025\/07\/1779-2301.jpg","width":200,"height":200},{"@type":"BreadcrumbList","@id":"https:\/\/www.axiomams.eu\/lv\/produktas\/ametek-etc-400-a-temperaturas-kalibrators#breadcrumb","itemListElement":[{"@type":"ListItem","position":1,"name":"Home","item":"https:\/\/www.axiomams.eu\/lv"},{"@type":"ListItem","position":2,"name":"Produkti","item":"https:\/\/www.axiomams.eu\/lv\/produkti"},{"@type":"ListItem","position":3,"name":"Ametek ETC-400 A Temperat\u016bras kalibrators"}]},{"@type":"WebSite","@id":"https:\/\/www.axiomams.eu\/lv#website","url":"https:\/\/www.axiomams.eu\/lv","name":"AXIOMA MS","description":"Terrmovizoriai ir matavimo \u012franga","publisher":{"@id":"https:\/\/www.axiomams.eu\/lv#organization"},"potentialAction":[{"@type":"SearchAction","target":{"@type":"EntryPoint","urlTemplate":"https:\/\/www.axiomams.eu\/lv?s={search_term_string}"},"query-input":{"@type":"PropertyValueSpecification","valueRequired":true,"valueName":"search_term_string"}}],"inLanguage":"lv-LV"},{"@type":"Organization","@id":"https:\/\/www.axiomams.eu\/lv#organization","name":"AXIOMA MS","url":"https:\/\/www.axiomams.eu\/lv","logo":{"@type":"ImageObject","inLanguage":"lv-LV","@id":"https:\/\/www.axiomams.eu\/lv#\/schema\/logo\/image\/","url":"https:\/\/www.axiomams.eu\/wp-content\/uploads\/2025\/06\/axioma-logo-2.png","contentUrl":"https:\/\/www.axiomams.eu\/wp-content\/uploads\/2025\/06\/axioma-logo-2.png","width":1200,"height":1200,"caption":"AXIOMA MS"},"image":{"@id":"https:\/\/www.axiomams.eu\/lv#\/schema\/logo\/image\/"},"sameAs":["https:\/\/www.facebook.com\/AxiomaMS","https:\/\/www.linkedin.com\/company\/axiomams\/"]}]}},"_links":{"self":[{"href":"https:\/\/www.axiomams.eu\/lv\/wp-json\/wp\/v2\/product\/39069","targetHints":{"allow":["GET"]}}],"collection":[{"href":"https:\/\/www.axiomams.eu\/lv\/wp-json\/wp\/v2\/product"}],"about":[{"href":"https:\/\/www.axiomams.eu\/lv\/wp-json\/wp\/v2\/types\/product"}],"replies":[{"embeddable":true,"href":"https:\/\/www.axiomams.eu\/lv\/wp-json\/wp\/v2\/comments?post=39069"}],"wp:featuredmedia":[{"embeddable":true,"href":"https:\/\/www.axiomams.eu\/lv\/wp-json\/wp\/v2\/media\/41846"}],"wp:attachment":[{"href":"https:\/\/www.axiomams.eu\/lv\/wp-json\/wp\/v2\/media?parent=39069"}],"wp:term":[{"taxonomy":"product_brand","embeddable":true,"href":"https:\/\/www.axiomams.eu\/lv\/wp-json\/wp\/v2\/product_brand?post=39069"},{"taxonomy":"product_cat","embeddable":true,"href":"https:\/\/www.axiomams.eu\/lv\/wp-json\/wp\/v2\/product_cat?post=39069"},{"taxonomy":"product_tag","embeddable":true,"href":"https:\/\/www.axiomams.eu\/lv\/wp-json\/wp\/v2\/product_tag?post=39069"}],"curies":[{"name":"wp","href":"https:\/\/api.w.org\/{rel}","templated":true}]}}