{"id":39071,"date":"2025-06-12T14:25:20","date_gmt":"2025-06-12T12:25:20","guid":{"rendered":"https:\/\/www.axiomams.eu\/produktas\/flir-ets320-termokamera"},"modified":"2026-03-25T16:59:58","modified_gmt":"2026-03-25T14:59:58","slug":"flir-ets320-termokamera","status":"publish","type":"product","link":"https:\/\/www.axiomams.eu\/lv\/produktas\/flir-ets320-termokamera","title":{"rendered":"Flir ETS320 termokamera"},"content":{"rendered":"<p>FLIR ETS320 ir pieejams risin\u0101jums, kas \u013cauj samazin\u0101t test\u0113\u0161anas laiku un uzlabot produktu izstr\u0101di elektronisko pla\u0161u un ier\u012b\u010du nov\u0113rt\u0113\u0161anai. Neatkar\u012bgi no t\u0101, vai m\u0113r\u0137is ir p\u0113tniec\u012bba un izstr\u0101de vai produktu test\u0113\u0161ana, siltums var b\u016bt svar\u012bgs r\u0101d\u012bt\u0101js, kas raksturo sist\u0113mas darb\u012bbu. ETS320 pal\u012bdz in\u017eenieriem un test\u0113\u0161anas tehni\u0137iem sav\u0101kt prec\u012bzus, uzticamus datus da\u017eu sekun\u017eu laik\u0101 un \u0101tri tos analiz\u0113t.<\/p>\n<p>Standarta komplekts: FLIR ETS 320, stiprin\u0101jums, stat\u012bvs, baro\u0161anas avots, USB kabelis, FLIR Tools+ programmat\u016bra.<\/p>\n<h3>Tehnisk\u0101 inform\u0101cija:<\/h3>\n<ul>\n<li><a href=\"https:\/\/axiomams.eu\/importer\/export\/attachments\/en\/flir-ets320.pdf\" target=\"_blank\">FLIR ETS320.pdf<\/a><\/li>\n<\/ul>\n","protected":false},"excerpt":{"rendered":"<p>FLIR ETS320 ir pieejams risin\u0101jums, kas \u013cauj samazin\u0101t test\u0113\u0161anas laiku un uzlabot produktu izstr\u0101di elektronisko pla\u0161u un ier\u012b\u010du nov\u0113rt\u0113\u0161anai. Neatkar\u012bgi no t\u0101, vai m\u0113r\u0137is ir p\u0113tniec\u012bba un izstr\u0101de vai produktu test\u0113\u0161ana, siltums var b\u016bt svar\u012bgs r\u0101d\u012bt\u0101js, kas raksturo sist\u0113mas darb\u012bbu. ETS320 pal\u012bdz in\u017eenieriem un test\u0113\u0161anas tehni\u0137iem sav\u0101kt prec\u012bzus, uzticamus datus da\u017eu sekun\u017eu laik\u0101 un \u0101tri&#8230;<\/p>\n","protected":false},"featured_media":41850,"comment_status":"open","ping_status":"closed","template":"","meta":{"_acf_changed":false},"product_brand":[734],"product_cat":[17728,17754],"product_tag":[],"class_list":{"0":"post-39071","1":"product","2":"type-product","3":"status-publish","4":"has-post-thumbnail","6":"product_brand-flir","7":"product_cat-petniecibai","8":"product_cat-termiskai-analizei","10":"first","11":"instock","12":"taxable","13":"shipping-taxable","14":"purchasable","15":"product-type-simple"},"acf":[],"yoast_head":"<!-- This site is optimized with the Yoast SEO plugin v27.0 - https:\/\/yoast.com\/product\/yoast-seo-wordpress\/ -->\n<title>Flir ETS320 termokamera - AXIOMA MS<\/title>\n<meta name=\"robots\" content=\"index, follow, max-snippet:-1, max-image-preview:large, max-video-preview:-1\" \/>\n<link rel=\"canonical\" href=\"https:\/\/www.axiomams.eu\/lv\/produktas\/flir-ets320-termokamera\" \/>\n<meta property=\"og:locale\" content=\"lv_LV\" \/>\n<meta property=\"og:type\" content=\"article\" \/>\n<meta property=\"og:title\" content=\"Flir ETS320 termokamera - AXIOMA MS\" \/>\n<meta property=\"og:description\" content=\"FLIR ETS320 ir pieejams risin\u0101jums, kas \u013cauj samazin\u0101t test\u0113\u0161anas laiku un uzlabot produktu izstr\u0101di elektronisko pla\u0161u un ier\u012b\u010du nov\u0113rt\u0113\u0161anai. Neatkar\u012bgi no t\u0101, vai m\u0113r\u0137is ir p\u0113tniec\u012bba un izstr\u0101de vai produktu test\u0113\u0161ana, siltums var b\u016bt svar\u012bgs r\u0101d\u012bt\u0101js, kas raksturo sist\u0113mas darb\u012bbu. ETS320 pal\u012bdz in\u017eenieriem un test\u0113\u0161anas tehni\u0137iem sav\u0101kt prec\u012bzus, uzticamus datus da\u017eu sekun\u017eu laik\u0101 un \u0101tri...\" \/>\n<meta property=\"og:url\" content=\"https:\/\/www.axiomams.eu\/lv\/produktas\/flir-ets320-termokamera\" \/>\n<meta property=\"og:site_name\" content=\"AXIOMA MS\" \/>\n<meta property=\"article:publisher\" content=\"https:\/\/www.facebook.com\/AxiomaMS\" \/>\n<meta property=\"article:modified_time\" content=\"2026-03-25T14:59:58+00:00\" \/>\n<meta property=\"og:image\" content=\"https:\/\/www.axiomams.eu\/wp-content\/uploads\/2025\/07\/2526-3252.jpg\" \/>\n\t<meta property=\"og:image:width\" content=\"792\" \/>\n\t<meta property=\"og:image:height\" content=\"720\" \/>\n\t<meta property=\"og:image:type\" content=\"image\/jpeg\" \/>\n<meta name=\"twitter:card\" content=\"summary_large_image\" \/>\n<meta name=\"twitter:label1\" content=\"Est. reading time\" \/>\n\t<meta name=\"twitter:data1\" content=\"1 minute\" \/>\n<script type=\"application\/ld+json\" class=\"yoast-schema-graph\">{\"@context\":\"https:\/\/schema.org\",\"@graph\":[{\"@type\":\"WebPage\",\"@id\":\"https:\/\/www.axiomams.eu\/lv\/produktas\/flir-ets320-termokamera\",\"url\":\"https:\/\/www.axiomams.eu\/lv\/produktas\/flir-ets320-termokamera\",\"name\":\"Flir ETS320 termokamera - AXIOMA MS\",\"isPartOf\":{\"@id\":\"https:\/\/www.axiomams.eu\/lv#website\"},\"primaryImageOfPage\":{\"@id\":\"https:\/\/www.axiomams.eu\/lv\/produktas\/flir-ets320-termokamera#primaryimage\"},\"image\":{\"@id\":\"https:\/\/www.axiomams.eu\/lv\/produktas\/flir-ets320-termokamera#primaryimage\"},\"thumbnailUrl\":\"https:\/\/www.axiomams.eu\/wp-content\/uploads\/2025\/07\/2526-3252.jpg\",\"datePublished\":\"2025-06-12T12:25:20+00:00\",\"dateModified\":\"2026-03-25T14:59:58+00:00\",\"breadcrumb\":{\"@id\":\"https:\/\/www.axiomams.eu\/lv\/produktas\/flir-ets320-termokamera#breadcrumb\"},\"inLanguage\":\"lv-LV\",\"potentialAction\":[{\"@type\":\"ReadAction\",\"target\":[\"https:\/\/www.axiomams.eu\/lv\/produktas\/flir-ets320-termokamera\"]}]},{\"@type\":\"ImageObject\",\"inLanguage\":\"lv-LV\",\"@id\":\"https:\/\/www.axiomams.eu\/lv\/produktas\/flir-ets320-termokamera#primaryimage\",\"url\":\"https:\/\/www.axiomams.eu\/wp-content\/uploads\/2025\/07\/2526-3252.jpg\",\"contentUrl\":\"https:\/\/www.axiomams.eu\/wp-content\/uploads\/2025\/07\/2526-3252.jpg\",\"width\":792,\"height\":720},{\"@type\":\"BreadcrumbList\",\"@id\":\"https:\/\/www.axiomams.eu\/lv\/produktas\/flir-ets320-termokamera#breadcrumb\",\"itemListElement\":[{\"@type\":\"ListItem\",\"position\":1,\"name\":\"Home\",\"item\":\"https:\/\/www.axiomams.eu\/lv\"},{\"@type\":\"ListItem\",\"position\":2,\"name\":\"Produkti\",\"item\":\"https:\/\/www.axiomams.eu\/lv\/produkti\"},{\"@type\":\"ListItem\",\"position\":3,\"name\":\"Flir ETS320 termokamera\"}]},{\"@type\":\"WebSite\",\"@id\":\"https:\/\/www.axiomams.eu\/lv#website\",\"url\":\"https:\/\/www.axiomams.eu\/lv\",\"name\":\"AXIOMA MS\",\"description\":\"Terrmovizoriai ir matavimo \u012franga\",\"publisher\":{\"@id\":\"https:\/\/www.axiomams.eu\/lv#organization\"},\"potentialAction\":[{\"@type\":\"SearchAction\",\"target\":{\"@type\":\"EntryPoint\",\"urlTemplate\":\"https:\/\/www.axiomams.eu\/lv?s={search_term_string}\"},\"query-input\":{\"@type\":\"PropertyValueSpecification\",\"valueRequired\":true,\"valueName\":\"search_term_string\"}}],\"inLanguage\":\"lv-LV\"},{\"@type\":\"Organization\",\"@id\":\"https:\/\/www.axiomams.eu\/lv#organization\",\"name\":\"AXIOMA MS\",\"url\":\"https:\/\/www.axiomams.eu\/lv\",\"logo\":{\"@type\":\"ImageObject\",\"inLanguage\":\"lv-LV\",\"@id\":\"https:\/\/www.axiomams.eu\/lv#\/schema\/logo\/image\/\",\"url\":\"https:\/\/www.axiomams.eu\/wp-content\/uploads\/2025\/06\/axioma-logo-2.png\",\"contentUrl\":\"https:\/\/www.axiomams.eu\/wp-content\/uploads\/2025\/06\/axioma-logo-2.png\",\"width\":1200,\"height\":1200,\"caption\":\"AXIOMA MS\"},\"image\":{\"@id\":\"https:\/\/www.axiomams.eu\/lv#\/schema\/logo\/image\/\"},\"sameAs\":[\"https:\/\/www.facebook.com\/AxiomaMS\",\"https:\/\/www.linkedin.com\/company\/axiomams\/\"]}]}<\/script>\n<!-- \/ Yoast SEO plugin. -->","yoast_head_json":{"title":"Flir ETS320 termokamera - AXIOMA MS","robots":{"index":"index","follow":"follow","max-snippet":"max-snippet:-1","max-image-preview":"max-image-preview:large","max-video-preview":"max-video-preview:-1"},"canonical":"https:\/\/www.axiomams.eu\/lv\/produktas\/flir-ets320-termokamera","og_locale":"lv_LV","og_type":"article","og_title":"Flir ETS320 termokamera - AXIOMA MS","og_description":"FLIR ETS320 ir pieejams risin\u0101jums, kas \u013cauj samazin\u0101t test\u0113\u0161anas laiku un uzlabot produktu izstr\u0101di elektronisko pla\u0161u un ier\u012b\u010du nov\u0113rt\u0113\u0161anai. Neatkar\u012bgi no t\u0101, vai m\u0113r\u0137is ir p\u0113tniec\u012bba un izstr\u0101de vai produktu test\u0113\u0161ana, siltums var b\u016bt svar\u012bgs r\u0101d\u012bt\u0101js, kas raksturo sist\u0113mas darb\u012bbu. ETS320 pal\u012bdz in\u017eenieriem un test\u0113\u0161anas tehni\u0137iem sav\u0101kt prec\u012bzus, uzticamus datus da\u017eu sekun\u017eu laik\u0101 un \u0101tri...","og_url":"https:\/\/www.axiomams.eu\/lv\/produktas\/flir-ets320-termokamera","og_site_name":"AXIOMA MS","article_publisher":"https:\/\/www.facebook.com\/AxiomaMS","article_modified_time":"2026-03-25T14:59:58+00:00","og_image":[{"width":792,"height":720,"url":"https:\/\/www.axiomams.eu\/wp-content\/uploads\/2025\/07\/2526-3252.jpg","type":"image\/jpeg"}],"twitter_card":"summary_large_image","twitter_misc":{"Est. reading time":"1 minute"},"schema":{"@context":"https:\/\/schema.org","@graph":[{"@type":"WebPage","@id":"https:\/\/www.axiomams.eu\/lv\/produktas\/flir-ets320-termokamera","url":"https:\/\/www.axiomams.eu\/lv\/produktas\/flir-ets320-termokamera","name":"Flir ETS320 termokamera - AXIOMA MS","isPartOf":{"@id":"https:\/\/www.axiomams.eu\/lv#website"},"primaryImageOfPage":{"@id":"https:\/\/www.axiomams.eu\/lv\/produktas\/flir-ets320-termokamera#primaryimage"},"image":{"@id":"https:\/\/www.axiomams.eu\/lv\/produktas\/flir-ets320-termokamera#primaryimage"},"thumbnailUrl":"https:\/\/www.axiomams.eu\/wp-content\/uploads\/2025\/07\/2526-3252.jpg","datePublished":"2025-06-12T12:25:20+00:00","dateModified":"2026-03-25T14:59:58+00:00","breadcrumb":{"@id":"https:\/\/www.axiomams.eu\/lv\/produktas\/flir-ets320-termokamera#breadcrumb"},"inLanguage":"lv-LV","potentialAction":[{"@type":"ReadAction","target":["https:\/\/www.axiomams.eu\/lv\/produktas\/flir-ets320-termokamera"]}]},{"@type":"ImageObject","inLanguage":"lv-LV","@id":"https:\/\/www.axiomams.eu\/lv\/produktas\/flir-ets320-termokamera#primaryimage","url":"https:\/\/www.axiomams.eu\/wp-content\/uploads\/2025\/07\/2526-3252.jpg","contentUrl":"https:\/\/www.axiomams.eu\/wp-content\/uploads\/2025\/07\/2526-3252.jpg","width":792,"height":720},{"@type":"BreadcrumbList","@id":"https:\/\/www.axiomams.eu\/lv\/produktas\/flir-ets320-termokamera#breadcrumb","itemListElement":[{"@type":"ListItem","position":1,"name":"Home","item":"https:\/\/www.axiomams.eu\/lv"},{"@type":"ListItem","position":2,"name":"Produkti","item":"https:\/\/www.axiomams.eu\/lv\/produkti"},{"@type":"ListItem","position":3,"name":"Flir ETS320 termokamera"}]},{"@type":"WebSite","@id":"https:\/\/www.axiomams.eu\/lv#website","url":"https:\/\/www.axiomams.eu\/lv","name":"AXIOMA MS","description":"Terrmovizoriai ir matavimo \u012franga","publisher":{"@id":"https:\/\/www.axiomams.eu\/lv#organization"},"potentialAction":[{"@type":"SearchAction","target":{"@type":"EntryPoint","urlTemplate":"https:\/\/www.axiomams.eu\/lv?s={search_term_string}"},"query-input":{"@type":"PropertyValueSpecification","valueRequired":true,"valueName":"search_term_string"}}],"inLanguage":"lv-LV"},{"@type":"Organization","@id":"https:\/\/www.axiomams.eu\/lv#organization","name":"AXIOMA MS","url":"https:\/\/www.axiomams.eu\/lv","logo":{"@type":"ImageObject","inLanguage":"lv-LV","@id":"https:\/\/www.axiomams.eu\/lv#\/schema\/logo\/image\/","url":"https:\/\/www.axiomams.eu\/wp-content\/uploads\/2025\/06\/axioma-logo-2.png","contentUrl":"https:\/\/www.axiomams.eu\/wp-content\/uploads\/2025\/06\/axioma-logo-2.png","width":1200,"height":1200,"caption":"AXIOMA MS"},"image":{"@id":"https:\/\/www.axiomams.eu\/lv#\/schema\/logo\/image\/"},"sameAs":["https:\/\/www.facebook.com\/AxiomaMS","https:\/\/www.linkedin.com\/company\/axiomams\/"]}]}},"_links":{"self":[{"href":"https:\/\/www.axiomams.eu\/lv\/wp-json\/wp\/v2\/product\/39071","targetHints":{"allow":["GET"]}}],"collection":[{"href":"https:\/\/www.axiomams.eu\/lv\/wp-json\/wp\/v2\/product"}],"about":[{"href":"https:\/\/www.axiomams.eu\/lv\/wp-json\/wp\/v2\/types\/product"}],"replies":[{"embeddable":true,"href":"https:\/\/www.axiomams.eu\/lv\/wp-json\/wp\/v2\/comments?post=39071"}],"wp:featuredmedia":[{"embeddable":true,"href":"https:\/\/www.axiomams.eu\/lv\/wp-json\/wp\/v2\/media\/41850"}],"wp:attachment":[{"href":"https:\/\/www.axiomams.eu\/lv\/wp-json\/wp\/v2\/media?parent=39071"}],"wp:term":[{"taxonomy":"product_brand","embeddable":true,"href":"https:\/\/www.axiomams.eu\/lv\/wp-json\/wp\/v2\/product_brand?post=39071"},{"taxonomy":"product_cat","embeddable":true,"href":"https:\/\/www.axiomams.eu\/lv\/wp-json\/wp\/v2\/product_cat?post=39071"},{"taxonomy":"product_tag","embeddable":true,"href":"https:\/\/www.axiomams.eu\/lv\/wp-json\/wp\/v2\/product_tag?post=39071"}],"curies":[{"name":"wp","href":"https:\/\/api.w.org\/{rel}","templated":true}]}}