{"id":39089,"date":"2025-05-15T17:58:33","date_gmt":"2025-05-15T15:58:33","guid":{"rendered":"https:\/\/www.axiomams.eu\/produktas\/flir-fh-644-r-termokamera"},"modified":"2026-03-25T17:00:05","modified_gmt":"2026-03-25T15:00:05","slug":"flir-fh-644-r-termokamera","status":"publish","type":"product","link":"https:\/\/www.axiomams.eu\/lv\/produktas\/flir-fh-644-r-termokamera","title":{"rendered":"Flir FH-644 R termokamera"},"content":{"rendered":"<p>FLIR FH-644 R ir iztur\u012bgas, multispektr\u0101l\u0101s stacion\u0101r\u0101s kameras, kas apvieno nozares l\u012bderi term\u0101l\u0101s att\u0113lveido\u0161anas jom\u0101 ar 4K redzamo att\u0113lu, lai nodro\u0161in\u0101tu \u0101tru vizu\u0101lu karsto punktu p\u0101rbaudi agr\u012bn\u0101 ugunsgr\u0113ka atkl\u0101\u0161anas lietojumos. Kad tiek konstat\u0113ts karstais punkts vai temperat\u016bras izmai\u0146as, bezkontakta temperat\u016bras m\u0113r\u012bjumi tiek nos\u016bt\u012bti operatoram, izmantojot pievienoto video vad\u012bbas sist\u0113mu (VMS), lai nekav\u0113joties nov\u0113rt\u0113tu un izmantotu rea\u0123\u0113\u0161anas taktiku. Piel\u0101gota pl\u0101no\u0161ana nodro\u0161ina apsardzes person\u0101lam elast\u012bbu trauksmes sign\u0101lu iesl\u0113g\u0161anai un izsl\u0113g\u0161anai atkar\u012bb\u0101 no darba laika un sezonas. Apvienojot termisko karsto punktu noteik\u0161anas iesp\u0113jas ar inteli\u0123ento transportl\u012bdzek\u013cu noteik\u0161anu, var iev\u0113rojami samazin\u0101t viltus trauksmes sign\u0101lu skaitu par karst\u0101m izpl\u016bdes caurul\u0113m.<\/p>\n<h3>Tehnisk\u0101 inform\u0101cija:<\/h3>\n<ul>\n<li><a href=\"https:\/\/axiomams.eu\/importer\/export\/attachments\/en\/flir-fh-series-r.pdf\" target=\"_blank\">FLIR FH-Series R.pdf<\/a><\/li>\n<\/ul>\n","protected":false},"excerpt":{"rendered":"<p>FLIR FH-644 R ir iztur\u012bgas, multispektr\u0101l\u0101s stacion\u0101r\u0101s kameras, kas apvieno nozares l\u012bderi term\u0101l\u0101s att\u0113lveido\u0161anas jom\u0101 ar 4K redzamo att\u0113lu, lai nodro\u0161in\u0101tu \u0101tru vizu\u0101lu karsto punktu p\u0101rbaudi agr\u012bn\u0101 ugunsgr\u0113ka atkl\u0101\u0161anas lietojumos. Kad tiek konstat\u0113ts karstais punkts vai temperat\u016bras izmai\u0146as, bezkontakta temperat\u016bras m\u0113r\u012bjumi tiek nos\u016bt\u012bti operatoram, izmantojot pievienoto video vad\u012bbas sist\u0113mu (VMS), lai nekav\u0113joties nov\u0113rt\u0113tu un izmantotu&#8230;<\/p>\n","protected":false},"featured_media":41886,"comment_status":"open","ping_status":"closed","template":"","meta":{"_acf_changed":false},"product_brand":[734],"product_cat":[17733],"product_tag":[],"class_list":{"0":"post-39089","1":"product","2":"type-product","3":"status-publish","4":"has-post-thumbnail","6":"product_brand-flir","7":"product_cat-medibam-un-noverosanai","9":"first","10":"instock","11":"taxable","12":"shipping-taxable","13":"product-type-simple"},"acf":[],"yoast_head":"<!-- This site is optimized with the Yoast SEO plugin v27.0 - https:\/\/yoast.com\/product\/yoast-seo-wordpress\/ -->\n<title>Flir FH-644 R termokamera - AXIOMA MS<\/title>\n<meta name=\"robots\" content=\"index, follow, max-snippet:-1, max-image-preview:large, max-video-preview:-1\" \/>\n<link rel=\"canonical\" href=\"https:\/\/www.axiomams.eu\/lv\/produktas\/flir-fh-644-r-termokamera\" \/>\n<meta property=\"og:locale\" content=\"lv_LV\" \/>\n<meta property=\"og:type\" content=\"article\" \/>\n<meta property=\"og:title\" content=\"Flir FH-644 R termokamera - AXIOMA MS\" \/>\n<meta property=\"og:description\" content=\"FLIR FH-644 R ir iztur\u012bgas, multispektr\u0101l\u0101s stacion\u0101r\u0101s kameras, kas apvieno nozares l\u012bderi term\u0101l\u0101s att\u0113lveido\u0161anas jom\u0101 ar 4K redzamo att\u0113lu, lai nodro\u0161in\u0101tu \u0101tru vizu\u0101lu karsto punktu p\u0101rbaudi agr\u012bn\u0101 ugunsgr\u0113ka atkl\u0101\u0161anas lietojumos. Kad tiek konstat\u0113ts karstais punkts vai temperat\u016bras izmai\u0146as, bezkontakta temperat\u016bras m\u0113r\u012bjumi tiek nos\u016bt\u012bti operatoram, izmantojot pievienoto video vad\u012bbas sist\u0113mu (VMS), lai nekav\u0113joties nov\u0113rt\u0113tu un izmantotu...\" \/>\n<meta property=\"og:url\" content=\"https:\/\/www.axiomams.eu\/lv\/produktas\/flir-fh-644-r-termokamera\" \/>\n<meta property=\"og:site_name\" content=\"AXIOMA MS\" \/>\n<meta property=\"article:publisher\" content=\"https:\/\/www.facebook.com\/AxiomaMS\" \/>\n<meta property=\"article:modified_time\" content=\"2026-03-25T15:00:05+00:00\" \/>\n<meta property=\"og:image\" content=\"https:\/\/www.axiomams.eu\/wp-content\/uploads\/2025\/07\/3338-4447.jpg\" \/>\n\t<meta property=\"og:image:width\" content=\"978\" \/>\n\t<meta property=\"og:image:height\" content=\"1020\" \/>\n\t<meta property=\"og:image:type\" content=\"image\/jpeg\" \/>\n<meta name=\"twitter:card\" content=\"summary_large_image\" \/>\n<meta name=\"twitter:label1\" content=\"Est. reading time\" \/>\n\t<meta name=\"twitter:data1\" content=\"1 minute\" \/>\n<script type=\"application\/ld+json\" class=\"yoast-schema-graph\">{\"@context\":\"https:\/\/schema.org\",\"@graph\":[{\"@type\":\"WebPage\",\"@id\":\"https:\/\/www.axiomams.eu\/lv\/produktas\/flir-fh-644-r-termokamera\",\"url\":\"https:\/\/www.axiomams.eu\/lv\/produktas\/flir-fh-644-r-termokamera\",\"name\":\"Flir FH-644 R termokamera - AXIOMA MS\",\"isPartOf\":{\"@id\":\"https:\/\/www.axiomams.eu\/lv#website\"},\"primaryImageOfPage\":{\"@id\":\"https:\/\/www.axiomams.eu\/lv\/produktas\/flir-fh-644-r-termokamera#primaryimage\"},\"image\":{\"@id\":\"https:\/\/www.axiomams.eu\/lv\/produktas\/flir-fh-644-r-termokamera#primaryimage\"},\"thumbnailUrl\":\"https:\/\/www.axiomams.eu\/wp-content\/uploads\/2025\/07\/3338-4447.jpg\",\"datePublished\":\"2025-05-15T15:58:33+00:00\",\"dateModified\":\"2026-03-25T15:00:05+00:00\",\"breadcrumb\":{\"@id\":\"https:\/\/www.axiomams.eu\/lv\/produktas\/flir-fh-644-r-termokamera#breadcrumb\"},\"inLanguage\":\"lv-LV\",\"potentialAction\":[{\"@type\":\"ReadAction\",\"target\":[\"https:\/\/www.axiomams.eu\/lv\/produktas\/flir-fh-644-r-termokamera\"]}]},{\"@type\":\"ImageObject\",\"inLanguage\":\"lv-LV\",\"@id\":\"https:\/\/www.axiomams.eu\/lv\/produktas\/flir-fh-644-r-termokamera#primaryimage\",\"url\":\"https:\/\/www.axiomams.eu\/wp-content\/uploads\/2025\/07\/3338-4447.jpg\",\"contentUrl\":\"https:\/\/www.axiomams.eu\/wp-content\/uploads\/2025\/07\/3338-4447.jpg\",\"width\":978,\"height\":1020},{\"@type\":\"BreadcrumbList\",\"@id\":\"https:\/\/www.axiomams.eu\/lv\/produktas\/flir-fh-644-r-termokamera#breadcrumb\",\"itemListElement\":[{\"@type\":\"ListItem\",\"position\":1,\"name\":\"Home\",\"item\":\"https:\/\/www.axiomams.eu\/lv\"},{\"@type\":\"ListItem\",\"position\":2,\"name\":\"Produkti\",\"item\":\"https:\/\/www.axiomams.eu\/lv\/produkti\"},{\"@type\":\"ListItem\",\"position\":3,\"name\":\"Flir FH-644 R termokamera\"}]},{\"@type\":\"WebSite\",\"@id\":\"https:\/\/www.axiomams.eu\/lv#website\",\"url\":\"https:\/\/www.axiomams.eu\/lv\",\"name\":\"AXIOMA MS\",\"description\":\"Terrmovizoriai ir matavimo \u012franga\",\"publisher\":{\"@id\":\"https:\/\/www.axiomams.eu\/lv#organization\"},\"potentialAction\":[{\"@type\":\"SearchAction\",\"target\":{\"@type\":\"EntryPoint\",\"urlTemplate\":\"https:\/\/www.axiomams.eu\/lv?s={search_term_string}\"},\"query-input\":{\"@type\":\"PropertyValueSpecification\",\"valueRequired\":true,\"valueName\":\"search_term_string\"}}],\"inLanguage\":\"lv-LV\"},{\"@type\":\"Organization\",\"@id\":\"https:\/\/www.axiomams.eu\/lv#organization\",\"name\":\"AXIOMA MS\",\"url\":\"https:\/\/www.axiomams.eu\/lv\",\"logo\":{\"@type\":\"ImageObject\",\"inLanguage\":\"lv-LV\",\"@id\":\"https:\/\/www.axiomams.eu\/lv#\/schema\/logo\/image\/\",\"url\":\"https:\/\/www.axiomams.eu\/wp-content\/uploads\/2025\/06\/axioma-logo-2.png\",\"contentUrl\":\"https:\/\/www.axiomams.eu\/wp-content\/uploads\/2025\/06\/axioma-logo-2.png\",\"width\":1200,\"height\":1200,\"caption\":\"AXIOMA MS\"},\"image\":{\"@id\":\"https:\/\/www.axiomams.eu\/lv#\/schema\/logo\/image\/\"},\"sameAs\":[\"https:\/\/www.facebook.com\/AxiomaMS\",\"https:\/\/www.linkedin.com\/company\/axiomams\/\"]}]}<\/script>\n<!-- \/ Yoast SEO plugin. -->","yoast_head_json":{"title":"Flir FH-644 R termokamera - AXIOMA MS","robots":{"index":"index","follow":"follow","max-snippet":"max-snippet:-1","max-image-preview":"max-image-preview:large","max-video-preview":"max-video-preview:-1"},"canonical":"https:\/\/www.axiomams.eu\/lv\/produktas\/flir-fh-644-r-termokamera","og_locale":"lv_LV","og_type":"article","og_title":"Flir FH-644 R termokamera - AXIOMA MS","og_description":"FLIR FH-644 R ir iztur\u012bgas, multispektr\u0101l\u0101s stacion\u0101r\u0101s kameras, kas apvieno nozares l\u012bderi term\u0101l\u0101s att\u0113lveido\u0161anas jom\u0101 ar 4K redzamo att\u0113lu, lai nodro\u0161in\u0101tu \u0101tru vizu\u0101lu karsto punktu p\u0101rbaudi agr\u012bn\u0101 ugunsgr\u0113ka atkl\u0101\u0161anas lietojumos. Kad tiek konstat\u0113ts karstais punkts vai temperat\u016bras izmai\u0146as, bezkontakta temperat\u016bras m\u0113r\u012bjumi tiek nos\u016bt\u012bti operatoram, izmantojot pievienoto video vad\u012bbas sist\u0113mu (VMS), lai nekav\u0113joties nov\u0113rt\u0113tu un izmantotu...","og_url":"https:\/\/www.axiomams.eu\/lv\/produktas\/flir-fh-644-r-termokamera","og_site_name":"AXIOMA MS","article_publisher":"https:\/\/www.facebook.com\/AxiomaMS","article_modified_time":"2026-03-25T15:00:05+00:00","og_image":[{"width":978,"height":1020,"url":"https:\/\/www.axiomams.eu\/wp-content\/uploads\/2025\/07\/3338-4447.jpg","type":"image\/jpeg"}],"twitter_card":"summary_large_image","twitter_misc":{"Est. reading time":"1 minute"},"schema":{"@context":"https:\/\/schema.org","@graph":[{"@type":"WebPage","@id":"https:\/\/www.axiomams.eu\/lv\/produktas\/flir-fh-644-r-termokamera","url":"https:\/\/www.axiomams.eu\/lv\/produktas\/flir-fh-644-r-termokamera","name":"Flir FH-644 R termokamera - AXIOMA MS","isPartOf":{"@id":"https:\/\/www.axiomams.eu\/lv#website"},"primaryImageOfPage":{"@id":"https:\/\/www.axiomams.eu\/lv\/produktas\/flir-fh-644-r-termokamera#primaryimage"},"image":{"@id":"https:\/\/www.axiomams.eu\/lv\/produktas\/flir-fh-644-r-termokamera#primaryimage"},"thumbnailUrl":"https:\/\/www.axiomams.eu\/wp-content\/uploads\/2025\/07\/3338-4447.jpg","datePublished":"2025-05-15T15:58:33+00:00","dateModified":"2026-03-25T15:00:05+00:00","breadcrumb":{"@id":"https:\/\/www.axiomams.eu\/lv\/produktas\/flir-fh-644-r-termokamera#breadcrumb"},"inLanguage":"lv-LV","potentialAction":[{"@type":"ReadAction","target":["https:\/\/www.axiomams.eu\/lv\/produktas\/flir-fh-644-r-termokamera"]}]},{"@type":"ImageObject","inLanguage":"lv-LV","@id":"https:\/\/www.axiomams.eu\/lv\/produktas\/flir-fh-644-r-termokamera#primaryimage","url":"https:\/\/www.axiomams.eu\/wp-content\/uploads\/2025\/07\/3338-4447.jpg","contentUrl":"https:\/\/www.axiomams.eu\/wp-content\/uploads\/2025\/07\/3338-4447.jpg","width":978,"height":1020},{"@type":"BreadcrumbList","@id":"https:\/\/www.axiomams.eu\/lv\/produktas\/flir-fh-644-r-termokamera#breadcrumb","itemListElement":[{"@type":"ListItem","position":1,"name":"Home","item":"https:\/\/www.axiomams.eu\/lv"},{"@type":"ListItem","position":2,"name":"Produkti","item":"https:\/\/www.axiomams.eu\/lv\/produkti"},{"@type":"ListItem","position":3,"name":"Flir FH-644 R termokamera"}]},{"@type":"WebSite","@id":"https:\/\/www.axiomams.eu\/lv#website","url":"https:\/\/www.axiomams.eu\/lv","name":"AXIOMA MS","description":"Terrmovizoriai ir matavimo \u012franga","publisher":{"@id":"https:\/\/www.axiomams.eu\/lv#organization"},"potentialAction":[{"@type":"SearchAction","target":{"@type":"EntryPoint","urlTemplate":"https:\/\/www.axiomams.eu\/lv?s={search_term_string}"},"query-input":{"@type":"PropertyValueSpecification","valueRequired":true,"valueName":"search_term_string"}}],"inLanguage":"lv-LV"},{"@type":"Organization","@id":"https:\/\/www.axiomams.eu\/lv#organization","name":"AXIOMA MS","url":"https:\/\/www.axiomams.eu\/lv","logo":{"@type":"ImageObject","inLanguage":"lv-LV","@id":"https:\/\/www.axiomams.eu\/lv#\/schema\/logo\/image\/","url":"https:\/\/www.axiomams.eu\/wp-content\/uploads\/2025\/06\/axioma-logo-2.png","contentUrl":"https:\/\/www.axiomams.eu\/wp-content\/uploads\/2025\/06\/axioma-logo-2.png","width":1200,"height":1200,"caption":"AXIOMA MS"},"image":{"@id":"https:\/\/www.axiomams.eu\/lv#\/schema\/logo\/image\/"},"sameAs":["https:\/\/www.facebook.com\/AxiomaMS","https:\/\/www.linkedin.com\/company\/axiomams\/"]}]}},"_links":{"self":[{"href":"https:\/\/www.axiomams.eu\/lv\/wp-json\/wp\/v2\/product\/39089","targetHints":{"allow":["GET"]}}],"collection":[{"href":"https:\/\/www.axiomams.eu\/lv\/wp-json\/wp\/v2\/product"}],"about":[{"href":"https:\/\/www.axiomams.eu\/lv\/wp-json\/wp\/v2\/types\/product"}],"replies":[{"embeddable":true,"href":"https:\/\/www.axiomams.eu\/lv\/wp-json\/wp\/v2\/comments?post=39089"}],"wp:featuredmedia":[{"embeddable":true,"href":"https:\/\/www.axiomams.eu\/lv\/wp-json\/wp\/v2\/media\/41886"}],"wp:attachment":[{"href":"https:\/\/www.axiomams.eu\/lv\/wp-json\/wp\/v2\/media?parent=39089"}],"wp:term":[{"taxonomy":"product_brand","embeddable":true,"href":"https:\/\/www.axiomams.eu\/lv\/wp-json\/wp\/v2\/product_brand?post=39089"},{"taxonomy":"product_cat","embeddable":true,"href":"https:\/\/www.axiomams.eu\/lv\/wp-json\/wp\/v2\/product_cat?post=39089"},{"taxonomy":"product_tag","embeddable":true,"href":"https:\/\/www.axiomams.eu\/lv\/wp-json\/wp\/v2\/product_tag?post=39089"}],"curies":[{"name":"wp","href":"https:\/\/api.w.org\/{rel}","templated":true}]}}