{"id":39098,"date":"2025-05-15T17:58:37","date_gmt":"2025-05-15T15:58:37","guid":{"rendered":"https:\/\/www.axiomams.eu\/produktas\/flir-g620a-termokamera"},"modified":"2026-03-25T17:00:08","modified_gmt":"2026-03-25T15:00:08","slug":"flir-g620a-termokamera","status":"publish","type":"product","link":"https:\/\/www.axiomams.eu\/lv\/produktas\/flir-g620a-termokamera","title":{"rendered":"Flir G620a termokamera"},"content":{"rendered":"<p>FLIR G620a termokamera &#8211; ilgsto\u0161i kalpojo\u0161s, dzes\u0113ts OGI kameras risin\u0101jums nep\u0101rtrauktai uzraudz\u012bbai g\u0101zes ieguves un p\u0101rstr\u0101des iek\u0101rt\u0101s. Kamerai G620a ir spektr\u0101lais filtrs, kas \u013cauj redz\u0113t met\u0101nu (CH\u2084), og\u013c\u016bde\u0146ra\u017eus un gaisto\u0161os organiskos savienojumus (GOS). G620a ir neliels un viegls, \u0101tri uzst\u0101d\u0101ms un darbojas ar vienk\u0101r\u0161otu t\u012bmek\u013ca saskarni.<\/p>\n<p><b>Pamatfunkcijas:<\/b><br \/>\n&#8211; Nep\u0101rsp\u0113jama att\u0113la skaidr\u012bba, lai vizualiz\u0113tu pat nelielas g\u0101zes nopl\u016bdes, pateicoties augstas iz\u0161\u0137irtsp\u0113jas un augstas jut\u012bbas atdzes\u0113tajam sensoram.<br \/>\n&#8211; Viegli savienojiet un darbiniet kameras, izmantojot iek\u013cauto t\u012bmek\u013ca saskarni, pieejamos programmat\u016bras izstr\u0101des komplektus (SDK) un nozares standarta protokolu GigE vision.<br \/>\n&#8211; \u012astenojiet glob\u0101l\u0101s ESG ap\u0146em\u0161an\u0101s samazin\u0101t og\u013c\u016bde\u0146ra\u017eu un met\u0101na emisijas<br \/>\n&#8211; Samazin\u0101t emisijas gad\u012bjumus, kad met\u0101ns ir mazs kop\u0113j\u0101 g\u0101zes sast\u0101va procentos<\/p>\n<p>Nepalaidiet gar\u0101m nevienu monitoringa br\u012bdi, pateicoties iztur\u012bgajam line\u0101rajam dzes\u0113t\u0101jam, kas nodro\u0161ina 27 000 stundu nep\u0101rtrauktu darb\u012bbu. FLIR G620a var pal\u012bdz\u0113t naftas un g\u0101zes uz\u0146\u0113mumiem uztur\u0113t v\u0113rt\u012bgu kapit\u0101lieguld\u012bjumu apr\u012bkojumu, izvair\u012bties no produktu zudumiem, sasniegt emisiju samazin\u0101\u0161anas r\u0101d\u012bt\u0101jus un nodro\u0161in\u0101t dro\u0161\u0101ku darba praksi.<\/p>\n<p><b>Standarta komplekts:<\/b> FLIR G620a termokamera ar 24\u00b0 objekt\u012bvu, M12- RJ45F kabelis, \u0101tr\u0101s lieto\u0161anas rokasgr\u0101mata, kalibr\u0113\u0161anas sertifik\u0101ts.<\/p>\n<h3>Tehnisk\u0101 inform\u0101cija:<\/h3>\n<ul>\n<li><a href=\"https:\/\/axiomams.eu\/importer\/export\/attachments\/en\/flir-g620a.pdf\" target=\"_blank\">FLIR G620a.pdf<\/a><\/li>\n<\/ul>\n","protected":false},"excerpt":{"rendered":"<p>FLIR G620a termokamera &#8211; ilgsto\u0161i kalpojo\u0161s, dzes\u0113ts OGI kameras risin\u0101jums nep\u0101rtrauktai uzraudz\u012bbai g\u0101zes ieguves un p\u0101rstr\u0101des iek\u0101rt\u0101s. Kamerai G620a ir spektr\u0101lais filtrs, kas \u013cauj redz\u0113t met\u0101nu (CH\u2084), og\u013c\u016bde\u0146ra\u017eus un gaisto\u0161os organiskos savienojumus (GOS). G620a ir neliels un viegls, \u0101tri uzst\u0101d\u0101ms un darbojas ar vienk\u0101r\u0161otu t\u012bmek\u013ca saskarni. Pamatfunkcijas: &#8211; Nep\u0101rsp\u0113jama att\u0113la skaidr\u012bba, lai vizualiz\u0113tu pat nelielas&#8230;<\/p>\n","protected":false},"featured_media":41904,"comment_status":"open","ping_status":"closed","template":"","meta":{"_acf_changed":false},"product_brand":[734],"product_cat":[17730],"product_tag":[],"class_list":{"0":"post-39098","1":"product","2":"type-product","3":"status-publish","4":"has-post-thumbnail","6":"product_brand-flir","7":"product_cat-gazes-nopludes-noteiksanai","9":"first","10":"instock","11":"taxable","12":"shipping-taxable","13":"product-type-simple"},"acf":[],"yoast_head":"<!-- This site is optimized with the Yoast SEO plugin v27.0 - https:\/\/yoast.com\/product\/yoast-seo-wordpress\/ -->\n<title>Flir G620a termokamera - AXIOMA MS<\/title>\n<meta name=\"robots\" content=\"index, follow, max-snippet:-1, max-image-preview:large, max-video-preview:-1\" \/>\n<link rel=\"canonical\" href=\"https:\/\/www.axiomams.eu\/lv\/produktas\/flir-g620a-termokamera\" \/>\n<meta property=\"og:locale\" content=\"lv_LV\" \/>\n<meta property=\"og:type\" content=\"article\" \/>\n<meta property=\"og:title\" content=\"Flir G620a termokamera - AXIOMA MS\" \/>\n<meta property=\"og:description\" content=\"FLIR G620a termokamera &#8211; ilgsto\u0161i kalpojo\u0161s, dzes\u0113ts OGI kameras risin\u0101jums nep\u0101rtrauktai uzraudz\u012bbai g\u0101zes ieguves un p\u0101rstr\u0101des iek\u0101rt\u0101s. Kamerai G620a ir spektr\u0101lais filtrs, kas \u013cauj redz\u0113t met\u0101nu (CH\u2084), og\u013c\u016bde\u0146ra\u017eus un gaisto\u0161os organiskos savienojumus (GOS). G620a ir neliels un viegls, \u0101tri uzst\u0101d\u0101ms un darbojas ar vienk\u0101r\u0161otu t\u012bmek\u013ca saskarni. Pamatfunkcijas: &#8211; Nep\u0101rsp\u0113jama att\u0113la skaidr\u012bba, lai vizualiz\u0113tu pat nelielas...\" \/>\n<meta property=\"og:url\" content=\"https:\/\/www.axiomams.eu\/lv\/produktas\/flir-g620a-termokamera\" \/>\n<meta property=\"og:site_name\" content=\"AXIOMA MS\" \/>\n<meta property=\"article:publisher\" content=\"https:\/\/www.facebook.com\/AxiomaMS\" \/>\n<meta property=\"article:modified_time\" content=\"2026-03-25T15:00:08+00:00\" \/>\n<meta property=\"og:image\" content=\"https:\/\/www.axiomams.eu\/wp-content\/uploads\/2025\/07\/3563-4860.jpg\" \/>\n\t<meta property=\"og:image:width\" content=\"978\" \/>\n\t<meta property=\"og:image:height\" content=\"1020\" \/>\n\t<meta property=\"og:image:type\" content=\"image\/jpeg\" \/>\n<meta name=\"twitter:card\" content=\"summary_large_image\" \/>\n<meta name=\"twitter:label1\" content=\"Est. reading time\" \/>\n\t<meta name=\"twitter:data1\" content=\"1 minute\" \/>\n<script type=\"application\/ld+json\" class=\"yoast-schema-graph\">{\"@context\":\"https:\/\/schema.org\",\"@graph\":[{\"@type\":\"WebPage\",\"@id\":\"https:\/\/www.axiomams.eu\/lv\/produktas\/flir-g620a-termokamera\",\"url\":\"https:\/\/www.axiomams.eu\/lv\/produktas\/flir-g620a-termokamera\",\"name\":\"Flir G620a termokamera - AXIOMA MS\",\"isPartOf\":{\"@id\":\"https:\/\/www.axiomams.eu\/lv#website\"},\"primaryImageOfPage\":{\"@id\":\"https:\/\/www.axiomams.eu\/lv\/produktas\/flir-g620a-termokamera#primaryimage\"},\"image\":{\"@id\":\"https:\/\/www.axiomams.eu\/lv\/produktas\/flir-g620a-termokamera#primaryimage\"},\"thumbnailUrl\":\"https:\/\/www.axiomams.eu\/wp-content\/uploads\/2025\/07\/3563-4860.jpg\",\"datePublished\":\"2025-05-15T15:58:37+00:00\",\"dateModified\":\"2026-03-25T15:00:08+00:00\",\"breadcrumb\":{\"@id\":\"https:\/\/www.axiomams.eu\/lv\/produktas\/flir-g620a-termokamera#breadcrumb\"},\"inLanguage\":\"lv-LV\",\"potentialAction\":[{\"@type\":\"ReadAction\",\"target\":[\"https:\/\/www.axiomams.eu\/lv\/produktas\/flir-g620a-termokamera\"]}]},{\"@type\":\"ImageObject\",\"inLanguage\":\"lv-LV\",\"@id\":\"https:\/\/www.axiomams.eu\/lv\/produktas\/flir-g620a-termokamera#primaryimage\",\"url\":\"https:\/\/www.axiomams.eu\/wp-content\/uploads\/2025\/07\/3563-4860.jpg\",\"contentUrl\":\"https:\/\/www.axiomams.eu\/wp-content\/uploads\/2025\/07\/3563-4860.jpg\",\"width\":978,\"height\":1020},{\"@type\":\"BreadcrumbList\",\"@id\":\"https:\/\/www.axiomams.eu\/lv\/produktas\/flir-g620a-termokamera#breadcrumb\",\"itemListElement\":[{\"@type\":\"ListItem\",\"position\":1,\"name\":\"Home\",\"item\":\"https:\/\/www.axiomams.eu\/lv\"},{\"@type\":\"ListItem\",\"position\":2,\"name\":\"Produkti\",\"item\":\"https:\/\/www.axiomams.eu\/lv\/produkti\"},{\"@type\":\"ListItem\",\"position\":3,\"name\":\"Flir G620a termokamera\"}]},{\"@type\":\"WebSite\",\"@id\":\"https:\/\/www.axiomams.eu\/lv#website\",\"url\":\"https:\/\/www.axiomams.eu\/lv\",\"name\":\"AXIOMA MS\",\"description\":\"Terrmovizoriai ir matavimo \u012franga\",\"publisher\":{\"@id\":\"https:\/\/www.axiomams.eu\/lv#organization\"},\"potentialAction\":[{\"@type\":\"SearchAction\",\"target\":{\"@type\":\"EntryPoint\",\"urlTemplate\":\"https:\/\/www.axiomams.eu\/lv?s={search_term_string}\"},\"query-input\":{\"@type\":\"PropertyValueSpecification\",\"valueRequired\":true,\"valueName\":\"search_term_string\"}}],\"inLanguage\":\"lv-LV\"},{\"@type\":\"Organization\",\"@id\":\"https:\/\/www.axiomams.eu\/lv#organization\",\"name\":\"AXIOMA MS\",\"url\":\"https:\/\/www.axiomams.eu\/lv\",\"logo\":{\"@type\":\"ImageObject\",\"inLanguage\":\"lv-LV\",\"@id\":\"https:\/\/www.axiomams.eu\/lv#\/schema\/logo\/image\/\",\"url\":\"https:\/\/www.axiomams.eu\/wp-content\/uploads\/2025\/06\/axioma-logo-2.png\",\"contentUrl\":\"https:\/\/www.axiomams.eu\/wp-content\/uploads\/2025\/06\/axioma-logo-2.png\",\"width\":1200,\"height\":1200,\"caption\":\"AXIOMA MS\"},\"image\":{\"@id\":\"https:\/\/www.axiomams.eu\/lv#\/schema\/logo\/image\/\"},\"sameAs\":[\"https:\/\/www.facebook.com\/AxiomaMS\",\"https:\/\/www.linkedin.com\/company\/axiomams\/\"]}]}<\/script>\n<!-- \/ Yoast SEO plugin. -->","yoast_head_json":{"title":"Flir G620a termokamera - AXIOMA MS","robots":{"index":"index","follow":"follow","max-snippet":"max-snippet:-1","max-image-preview":"max-image-preview:large","max-video-preview":"max-video-preview:-1"},"canonical":"https:\/\/www.axiomams.eu\/lv\/produktas\/flir-g620a-termokamera","og_locale":"lv_LV","og_type":"article","og_title":"Flir G620a termokamera - AXIOMA MS","og_description":"FLIR G620a termokamera &#8211; ilgsto\u0161i kalpojo\u0161s, dzes\u0113ts OGI kameras risin\u0101jums nep\u0101rtrauktai uzraudz\u012bbai g\u0101zes ieguves un p\u0101rstr\u0101des iek\u0101rt\u0101s. Kamerai G620a ir spektr\u0101lais filtrs, kas \u013cauj redz\u0113t met\u0101nu (CH\u2084), og\u013c\u016bde\u0146ra\u017eus un gaisto\u0161os organiskos savienojumus (GOS). G620a ir neliels un viegls, \u0101tri uzst\u0101d\u0101ms un darbojas ar vienk\u0101r\u0161otu t\u012bmek\u013ca saskarni. Pamatfunkcijas: &#8211; Nep\u0101rsp\u0113jama att\u0113la skaidr\u012bba, lai vizualiz\u0113tu pat nelielas...","og_url":"https:\/\/www.axiomams.eu\/lv\/produktas\/flir-g620a-termokamera","og_site_name":"AXIOMA MS","article_publisher":"https:\/\/www.facebook.com\/AxiomaMS","article_modified_time":"2026-03-25T15:00:08+00:00","og_image":[{"width":978,"height":1020,"url":"https:\/\/www.axiomams.eu\/wp-content\/uploads\/2025\/07\/3563-4860.jpg","type":"image\/jpeg"}],"twitter_card":"summary_large_image","twitter_misc":{"Est. reading time":"1 minute"},"schema":{"@context":"https:\/\/schema.org","@graph":[{"@type":"WebPage","@id":"https:\/\/www.axiomams.eu\/lv\/produktas\/flir-g620a-termokamera","url":"https:\/\/www.axiomams.eu\/lv\/produktas\/flir-g620a-termokamera","name":"Flir G620a termokamera - AXIOMA MS","isPartOf":{"@id":"https:\/\/www.axiomams.eu\/lv#website"},"primaryImageOfPage":{"@id":"https:\/\/www.axiomams.eu\/lv\/produktas\/flir-g620a-termokamera#primaryimage"},"image":{"@id":"https:\/\/www.axiomams.eu\/lv\/produktas\/flir-g620a-termokamera#primaryimage"},"thumbnailUrl":"https:\/\/www.axiomams.eu\/wp-content\/uploads\/2025\/07\/3563-4860.jpg","datePublished":"2025-05-15T15:58:37+00:00","dateModified":"2026-03-25T15:00:08+00:00","breadcrumb":{"@id":"https:\/\/www.axiomams.eu\/lv\/produktas\/flir-g620a-termokamera#breadcrumb"},"inLanguage":"lv-LV","potentialAction":[{"@type":"ReadAction","target":["https:\/\/www.axiomams.eu\/lv\/produktas\/flir-g620a-termokamera"]}]},{"@type":"ImageObject","inLanguage":"lv-LV","@id":"https:\/\/www.axiomams.eu\/lv\/produktas\/flir-g620a-termokamera#primaryimage","url":"https:\/\/www.axiomams.eu\/wp-content\/uploads\/2025\/07\/3563-4860.jpg","contentUrl":"https:\/\/www.axiomams.eu\/wp-content\/uploads\/2025\/07\/3563-4860.jpg","width":978,"height":1020},{"@type":"BreadcrumbList","@id":"https:\/\/www.axiomams.eu\/lv\/produktas\/flir-g620a-termokamera#breadcrumb","itemListElement":[{"@type":"ListItem","position":1,"name":"Home","item":"https:\/\/www.axiomams.eu\/lv"},{"@type":"ListItem","position":2,"name":"Produkti","item":"https:\/\/www.axiomams.eu\/lv\/produkti"},{"@type":"ListItem","position":3,"name":"Flir G620a termokamera"}]},{"@type":"WebSite","@id":"https:\/\/www.axiomams.eu\/lv#website","url":"https:\/\/www.axiomams.eu\/lv","name":"AXIOMA MS","description":"Terrmovizoriai ir matavimo \u012franga","publisher":{"@id":"https:\/\/www.axiomams.eu\/lv#organization"},"potentialAction":[{"@type":"SearchAction","target":{"@type":"EntryPoint","urlTemplate":"https:\/\/www.axiomams.eu\/lv?s={search_term_string}"},"query-input":{"@type":"PropertyValueSpecification","valueRequired":true,"valueName":"search_term_string"}}],"inLanguage":"lv-LV"},{"@type":"Organization","@id":"https:\/\/www.axiomams.eu\/lv#organization","name":"AXIOMA MS","url":"https:\/\/www.axiomams.eu\/lv","logo":{"@type":"ImageObject","inLanguage":"lv-LV","@id":"https:\/\/www.axiomams.eu\/lv#\/schema\/logo\/image\/","url":"https:\/\/www.axiomams.eu\/wp-content\/uploads\/2025\/06\/axioma-logo-2.png","contentUrl":"https:\/\/www.axiomams.eu\/wp-content\/uploads\/2025\/06\/axioma-logo-2.png","width":1200,"height":1200,"caption":"AXIOMA MS"},"image":{"@id":"https:\/\/www.axiomams.eu\/lv#\/schema\/logo\/image\/"},"sameAs":["https:\/\/www.facebook.com\/AxiomaMS","https:\/\/www.linkedin.com\/company\/axiomams\/"]}]}},"_links":{"self":[{"href":"https:\/\/www.axiomams.eu\/lv\/wp-json\/wp\/v2\/product\/39098","targetHints":{"allow":["GET"]}}],"collection":[{"href":"https:\/\/www.axiomams.eu\/lv\/wp-json\/wp\/v2\/product"}],"about":[{"href":"https:\/\/www.axiomams.eu\/lv\/wp-json\/wp\/v2\/types\/product"}],"replies":[{"embeddable":true,"href":"https:\/\/www.axiomams.eu\/lv\/wp-json\/wp\/v2\/comments?post=39098"}],"wp:featuredmedia":[{"embeddable":true,"href":"https:\/\/www.axiomams.eu\/lv\/wp-json\/wp\/v2\/media\/41904"}],"wp:attachment":[{"href":"https:\/\/www.axiomams.eu\/lv\/wp-json\/wp\/v2\/media?parent=39098"}],"wp:term":[{"taxonomy":"product_brand","embeddable":true,"href":"https:\/\/www.axiomams.eu\/lv\/wp-json\/wp\/v2\/product_brand?post=39098"},{"taxonomy":"product_cat","embeddable":true,"href":"https:\/\/www.axiomams.eu\/lv\/wp-json\/wp\/v2\/product_cat?post=39098"},{"taxonomy":"product_tag","embeddable":true,"href":"https:\/\/www.axiomams.eu\/lv\/wp-json\/wp\/v2\/product_tag?post=39098"}],"curies":[{"name":"wp","href":"https:\/\/api.w.org\/{rel}","templated":true}]}}