{"id":39100,"date":"2025-05-15T17:58:38","date_gmt":"2025-05-15T15:58:38","guid":{"rendered":"https:\/\/www.axiomams.eu\/produktas\/flir-gf77a-termokamera"},"modified":"2026-03-25T17:00:09","modified_gmt":"2026-03-25T15:00:09","slug":"flir-gf77a-termokamera","status":"publish","type":"product","link":"https:\/\/www.axiomams.eu\/lv\/produktas\/flir-gf77a-termokamera","title":{"rendered":"Flir GF77A termokamera"},"content":{"rendered":"<p>FLIR GF77a \u013cauj naftas un g\u0101zes operatoriem un citiem r\u016bpniec\u012bbas tirgiem izmantot l\u0113tu optisko g\u0101zes att\u0113lveido\u0161anas risin\u0101jumu nep\u0101rtrauktai un autonomai nopl\u016bdes noteik\u0161anai. Pateicoties vizu\u0101lam g\u0101zes nopl\u016bdes apstiprin\u0101jumam un iesp\u0113jai efekt\u012bv\u0101k identific\u0113t nopl\u016bdu\u0161o komponentu, jaun\u0101 FLIR neatdzes\u0113t\u0101 stacion\u0101r\u0101 optisk\u0101 g\u0101zes att\u0113lveido\u0161anas kamera nodro\u0161ina \u0161\u012bs nozares operatoriem iesp\u0113ju lab\u0101k uztur\u0113t v\u0113rt\u012bgas kapit\u0101liek\u0101rtas, vienlaikus nodro\u0161inot dro\u0161\u0101ku praksi un izpildot emisiju samazin\u0101\u0161anas r\u0101d\u012bt\u0101jus.<\/p>\n<p>Standarta komplekts: FLIR GF77A infrasarkan\u0101 kamera ar objekt\u012bvu, Ethernet kabelis, antena.<\/p>\n<h3>Tehnisk\u0101 inform\u0101cija:<\/h3>\n<ul>\n<li><a href=\"https:\/\/axiomams.eu\/importer\/export\/attachments\/en\/flir-gf77a.pdf\" target=\"_blank\">FLIR GF77A.pdf<\/a><\/li>\n<\/ul>\n","protected":false},"excerpt":{"rendered":"<p>FLIR GF77a \u013cauj naftas un g\u0101zes operatoriem un citiem r\u016bpniec\u012bbas tirgiem izmantot l\u0113tu optisko g\u0101zes att\u0113lveido\u0161anas risin\u0101jumu nep\u0101rtrauktai un autonomai nopl\u016bdes noteik\u0161anai. Pateicoties vizu\u0101lam g\u0101zes nopl\u016bdes apstiprin\u0101jumam un iesp\u0113jai efekt\u012bv\u0101k identific\u0113t nopl\u016bdu\u0161o komponentu, jaun\u0101 FLIR neatdzes\u0113t\u0101 stacion\u0101r\u0101 optisk\u0101 g\u0101zes att\u0113lveido\u0161anas kamera nodro\u0161ina \u0161\u012bs nozares operatoriem iesp\u0113ju lab\u0101k uztur\u0113t v\u0113rt\u012bgas kapit\u0101liek\u0101rtas, vienlaikus nodro\u0161inot dro\u0161\u0101ku praksi un&#8230;<\/p>\n","protected":false},"featured_media":41908,"comment_status":"open","ping_status":"closed","template":"","meta":{"_acf_changed":false},"product_brand":[734],"product_cat":[17730],"product_tag":[],"class_list":{"0":"post-39100","1":"product","2":"type-product","3":"status-publish","4":"has-post-thumbnail","6":"product_brand-flir","7":"product_cat-gazes-nopludes-noteiksanai","9":"first","10":"instock","11":"taxable","12":"shipping-taxable","13":"product-type-simple"},"acf":[],"yoast_head":"<!-- This site is optimized with the Yoast SEO plugin v27.0 - https:\/\/yoast.com\/product\/yoast-seo-wordpress\/ -->\n<title>Flir GF77A termokamera - AXIOMA MS<\/title>\n<meta name=\"robots\" content=\"index, follow, max-snippet:-1, max-image-preview:large, max-video-preview:-1\" \/>\n<link rel=\"canonical\" href=\"https:\/\/www.axiomams.eu\/lv\/produktas\/flir-gf77a-termokamera\" \/>\n<meta property=\"og:locale\" content=\"lv_LV\" \/>\n<meta property=\"og:type\" content=\"article\" \/>\n<meta property=\"og:title\" content=\"Flir GF77A termokamera - AXIOMA MS\" \/>\n<meta property=\"og:description\" content=\"FLIR GF77a \u013cauj naftas un g\u0101zes operatoriem un citiem r\u016bpniec\u012bbas tirgiem izmantot l\u0113tu optisko g\u0101zes att\u0113lveido\u0161anas risin\u0101jumu nep\u0101rtrauktai un autonomai nopl\u016bdes noteik\u0161anai. Pateicoties vizu\u0101lam g\u0101zes nopl\u016bdes apstiprin\u0101jumam un iesp\u0113jai efekt\u012bv\u0101k identific\u0113t nopl\u016bdu\u0161o komponentu, jaun\u0101 FLIR neatdzes\u0113t\u0101 stacion\u0101r\u0101 optisk\u0101 g\u0101zes att\u0113lveido\u0161anas kamera nodro\u0161ina \u0161\u012bs nozares operatoriem iesp\u0113ju lab\u0101k uztur\u0113t v\u0113rt\u012bgas kapit\u0101liek\u0101rtas, vienlaikus nodro\u0161inot dro\u0161\u0101ku praksi un...\" \/>\n<meta property=\"og:url\" content=\"https:\/\/www.axiomams.eu\/lv\/produktas\/flir-gf77a-termokamera\" \/>\n<meta property=\"og:site_name\" content=\"AXIOMA MS\" \/>\n<meta property=\"article:publisher\" content=\"https:\/\/www.facebook.com\/AxiomaMS\" \/>\n<meta property=\"article:modified_time\" content=\"2026-03-25T15:00:09+00:00\" \/>\n<meta property=\"og:image\" content=\"https:\/\/www.axiomams.eu\/wp-content\/uploads\/2025\/07\/3128-4126.jpg\" \/>\n\t<meta property=\"og:image:width\" content=\"1023\" \/>\n\t<meta property=\"og:image:height\" content=\"845\" \/>\n\t<meta property=\"og:image:type\" content=\"image\/jpeg\" \/>\n<meta name=\"twitter:card\" content=\"summary_large_image\" \/>\n<meta name=\"twitter:label1\" content=\"Est. reading time\" \/>\n\t<meta name=\"twitter:data1\" content=\"1 minute\" \/>\n<script type=\"application\/ld+json\" class=\"yoast-schema-graph\">{\"@context\":\"https:\/\/schema.org\",\"@graph\":[{\"@type\":\"WebPage\",\"@id\":\"https:\/\/www.axiomams.eu\/lv\/produktas\/flir-gf77a-termokamera\",\"url\":\"https:\/\/www.axiomams.eu\/lv\/produktas\/flir-gf77a-termokamera\",\"name\":\"Flir GF77A termokamera - AXIOMA MS\",\"isPartOf\":{\"@id\":\"https:\/\/www.axiomams.eu\/lv#website\"},\"primaryImageOfPage\":{\"@id\":\"https:\/\/www.axiomams.eu\/lv\/produktas\/flir-gf77a-termokamera#primaryimage\"},\"image\":{\"@id\":\"https:\/\/www.axiomams.eu\/lv\/produktas\/flir-gf77a-termokamera#primaryimage\"},\"thumbnailUrl\":\"https:\/\/www.axiomams.eu\/wp-content\/uploads\/2025\/07\/3128-4126.jpg\",\"datePublished\":\"2025-05-15T15:58:38+00:00\",\"dateModified\":\"2026-03-25T15:00:09+00:00\",\"breadcrumb\":{\"@id\":\"https:\/\/www.axiomams.eu\/lv\/produktas\/flir-gf77a-termokamera#breadcrumb\"},\"inLanguage\":\"lv-LV\",\"potentialAction\":[{\"@type\":\"ReadAction\",\"target\":[\"https:\/\/www.axiomams.eu\/lv\/produktas\/flir-gf77a-termokamera\"]}]},{\"@type\":\"ImageObject\",\"inLanguage\":\"lv-LV\",\"@id\":\"https:\/\/www.axiomams.eu\/lv\/produktas\/flir-gf77a-termokamera#primaryimage\",\"url\":\"https:\/\/www.axiomams.eu\/wp-content\/uploads\/2025\/07\/3128-4126.jpg\",\"contentUrl\":\"https:\/\/www.axiomams.eu\/wp-content\/uploads\/2025\/07\/3128-4126.jpg\",\"width\":1023,\"height\":845},{\"@type\":\"BreadcrumbList\",\"@id\":\"https:\/\/www.axiomams.eu\/lv\/produktas\/flir-gf77a-termokamera#breadcrumb\",\"itemListElement\":[{\"@type\":\"ListItem\",\"position\":1,\"name\":\"Home\",\"item\":\"https:\/\/www.axiomams.eu\/lv\"},{\"@type\":\"ListItem\",\"position\":2,\"name\":\"Produkti\",\"item\":\"https:\/\/www.axiomams.eu\/lv\/produkti\"},{\"@type\":\"ListItem\",\"position\":3,\"name\":\"Flir GF77A termokamera\"}]},{\"@type\":\"WebSite\",\"@id\":\"https:\/\/www.axiomams.eu\/lv#website\",\"url\":\"https:\/\/www.axiomams.eu\/lv\",\"name\":\"AXIOMA MS\",\"description\":\"Terrmovizoriai ir matavimo \u012franga\",\"publisher\":{\"@id\":\"https:\/\/www.axiomams.eu\/lv#organization\"},\"potentialAction\":[{\"@type\":\"SearchAction\",\"target\":{\"@type\":\"EntryPoint\",\"urlTemplate\":\"https:\/\/www.axiomams.eu\/lv?s={search_term_string}\"},\"query-input\":{\"@type\":\"PropertyValueSpecification\",\"valueRequired\":true,\"valueName\":\"search_term_string\"}}],\"inLanguage\":\"lv-LV\"},{\"@type\":\"Organization\",\"@id\":\"https:\/\/www.axiomams.eu\/lv#organization\",\"name\":\"AXIOMA MS\",\"url\":\"https:\/\/www.axiomams.eu\/lv\",\"logo\":{\"@type\":\"ImageObject\",\"inLanguage\":\"lv-LV\",\"@id\":\"https:\/\/www.axiomams.eu\/lv#\/schema\/logo\/image\/\",\"url\":\"https:\/\/www.axiomams.eu\/wp-content\/uploads\/2025\/06\/axioma-logo-2.png\",\"contentUrl\":\"https:\/\/www.axiomams.eu\/wp-content\/uploads\/2025\/06\/axioma-logo-2.png\",\"width\":1200,\"height\":1200,\"caption\":\"AXIOMA MS\"},\"image\":{\"@id\":\"https:\/\/www.axiomams.eu\/lv#\/schema\/logo\/image\/\"},\"sameAs\":[\"https:\/\/www.facebook.com\/AxiomaMS\",\"https:\/\/www.linkedin.com\/company\/axiomams\/\"]}]}<\/script>\n<!-- \/ Yoast SEO plugin. -->","yoast_head_json":{"title":"Flir GF77A termokamera - AXIOMA MS","robots":{"index":"index","follow":"follow","max-snippet":"max-snippet:-1","max-image-preview":"max-image-preview:large","max-video-preview":"max-video-preview:-1"},"canonical":"https:\/\/www.axiomams.eu\/lv\/produktas\/flir-gf77a-termokamera","og_locale":"lv_LV","og_type":"article","og_title":"Flir GF77A termokamera - AXIOMA MS","og_description":"FLIR GF77a \u013cauj naftas un g\u0101zes operatoriem un citiem r\u016bpniec\u012bbas tirgiem izmantot l\u0113tu optisko g\u0101zes att\u0113lveido\u0161anas risin\u0101jumu nep\u0101rtrauktai un autonomai nopl\u016bdes noteik\u0161anai. Pateicoties vizu\u0101lam g\u0101zes nopl\u016bdes apstiprin\u0101jumam un iesp\u0113jai efekt\u012bv\u0101k identific\u0113t nopl\u016bdu\u0161o komponentu, jaun\u0101 FLIR neatdzes\u0113t\u0101 stacion\u0101r\u0101 optisk\u0101 g\u0101zes att\u0113lveido\u0161anas kamera nodro\u0161ina \u0161\u012bs nozares operatoriem iesp\u0113ju lab\u0101k uztur\u0113t v\u0113rt\u012bgas kapit\u0101liek\u0101rtas, vienlaikus nodro\u0161inot dro\u0161\u0101ku praksi un...","og_url":"https:\/\/www.axiomams.eu\/lv\/produktas\/flir-gf77a-termokamera","og_site_name":"AXIOMA MS","article_publisher":"https:\/\/www.facebook.com\/AxiomaMS","article_modified_time":"2026-03-25T15:00:09+00:00","og_image":[{"width":1023,"height":845,"url":"https:\/\/www.axiomams.eu\/wp-content\/uploads\/2025\/07\/3128-4126.jpg","type":"image\/jpeg"}],"twitter_card":"summary_large_image","twitter_misc":{"Est. reading time":"1 minute"},"schema":{"@context":"https:\/\/schema.org","@graph":[{"@type":"WebPage","@id":"https:\/\/www.axiomams.eu\/lv\/produktas\/flir-gf77a-termokamera","url":"https:\/\/www.axiomams.eu\/lv\/produktas\/flir-gf77a-termokamera","name":"Flir GF77A termokamera - AXIOMA MS","isPartOf":{"@id":"https:\/\/www.axiomams.eu\/lv#website"},"primaryImageOfPage":{"@id":"https:\/\/www.axiomams.eu\/lv\/produktas\/flir-gf77a-termokamera#primaryimage"},"image":{"@id":"https:\/\/www.axiomams.eu\/lv\/produktas\/flir-gf77a-termokamera#primaryimage"},"thumbnailUrl":"https:\/\/www.axiomams.eu\/wp-content\/uploads\/2025\/07\/3128-4126.jpg","datePublished":"2025-05-15T15:58:38+00:00","dateModified":"2026-03-25T15:00:09+00:00","breadcrumb":{"@id":"https:\/\/www.axiomams.eu\/lv\/produktas\/flir-gf77a-termokamera#breadcrumb"},"inLanguage":"lv-LV","potentialAction":[{"@type":"ReadAction","target":["https:\/\/www.axiomams.eu\/lv\/produktas\/flir-gf77a-termokamera"]}]},{"@type":"ImageObject","inLanguage":"lv-LV","@id":"https:\/\/www.axiomams.eu\/lv\/produktas\/flir-gf77a-termokamera#primaryimage","url":"https:\/\/www.axiomams.eu\/wp-content\/uploads\/2025\/07\/3128-4126.jpg","contentUrl":"https:\/\/www.axiomams.eu\/wp-content\/uploads\/2025\/07\/3128-4126.jpg","width":1023,"height":845},{"@type":"BreadcrumbList","@id":"https:\/\/www.axiomams.eu\/lv\/produktas\/flir-gf77a-termokamera#breadcrumb","itemListElement":[{"@type":"ListItem","position":1,"name":"Home","item":"https:\/\/www.axiomams.eu\/lv"},{"@type":"ListItem","position":2,"name":"Produkti","item":"https:\/\/www.axiomams.eu\/lv\/produkti"},{"@type":"ListItem","position":3,"name":"Flir GF77A termokamera"}]},{"@type":"WebSite","@id":"https:\/\/www.axiomams.eu\/lv#website","url":"https:\/\/www.axiomams.eu\/lv","name":"AXIOMA MS","description":"Terrmovizoriai ir matavimo \u012franga","publisher":{"@id":"https:\/\/www.axiomams.eu\/lv#organization"},"potentialAction":[{"@type":"SearchAction","target":{"@type":"EntryPoint","urlTemplate":"https:\/\/www.axiomams.eu\/lv?s={search_term_string}"},"query-input":{"@type":"PropertyValueSpecification","valueRequired":true,"valueName":"search_term_string"}}],"inLanguage":"lv-LV"},{"@type":"Organization","@id":"https:\/\/www.axiomams.eu\/lv#organization","name":"AXIOMA MS","url":"https:\/\/www.axiomams.eu\/lv","logo":{"@type":"ImageObject","inLanguage":"lv-LV","@id":"https:\/\/www.axiomams.eu\/lv#\/schema\/logo\/image\/","url":"https:\/\/www.axiomams.eu\/wp-content\/uploads\/2025\/06\/axioma-logo-2.png","contentUrl":"https:\/\/www.axiomams.eu\/wp-content\/uploads\/2025\/06\/axioma-logo-2.png","width":1200,"height":1200,"caption":"AXIOMA MS"},"image":{"@id":"https:\/\/www.axiomams.eu\/lv#\/schema\/logo\/image\/"},"sameAs":["https:\/\/www.facebook.com\/AxiomaMS","https:\/\/www.linkedin.com\/company\/axiomams\/"]}]}},"_links":{"self":[{"href":"https:\/\/www.axiomams.eu\/lv\/wp-json\/wp\/v2\/product\/39100","targetHints":{"allow":["GET"]}}],"collection":[{"href":"https:\/\/www.axiomams.eu\/lv\/wp-json\/wp\/v2\/product"}],"about":[{"href":"https:\/\/www.axiomams.eu\/lv\/wp-json\/wp\/v2\/types\/product"}],"replies":[{"embeddable":true,"href":"https:\/\/www.axiomams.eu\/lv\/wp-json\/wp\/v2\/comments?post=39100"}],"wp:featuredmedia":[{"embeddable":true,"href":"https:\/\/www.axiomams.eu\/lv\/wp-json\/wp\/v2\/media\/41908"}],"wp:attachment":[{"href":"https:\/\/www.axiomams.eu\/lv\/wp-json\/wp\/v2\/media?parent=39100"}],"wp:term":[{"taxonomy":"product_brand","embeddable":true,"href":"https:\/\/www.axiomams.eu\/lv\/wp-json\/wp\/v2\/product_brand?post=39100"},{"taxonomy":"product_cat","embeddable":true,"href":"https:\/\/www.axiomams.eu\/lv\/wp-json\/wp\/v2\/product_cat?post=39100"},{"taxonomy":"product_tag","embeddable":true,"href":"https:\/\/www.axiomams.eu\/lv\/wp-json\/wp\/v2\/product_tag?post=39100"}],"curies":[{"name":"wp","href":"https:\/\/api.w.org\/{rel}","templated":true}]}}