{"id":39101,"date":"2025-05-15T17:58:39","date_gmt":"2025-05-15T15:58:39","guid":{"rendered":"https:\/\/www.axiomams.eu\/produktas\/flir-gf77-hr-termokamera"},"modified":"2026-03-25T17:00:09","modified_gmt":"2026-03-25T15:00:09","slug":"flir-gf77-hr-termokamera","status":"publish","type":"product","link":"https:\/\/www.axiomams.eu\/lv\/produktas\/flir-gf77-hr-termokamera","title":{"rendered":"Flir GF77-HR termokamera"},"content":{"rendered":"<p>FLIR GF77-HR ir revolucion\u0101ra neapdzes\u0113ta infrasarkan\u0101 kamera, kas sp\u0113j noteikt met\u0101na un citu g\u0101zu emisijas r\u016bpniec\u012bbas uz\u0146\u0113mumos, atjaunojam\u0101s ener\u0123ijas ra\u017eotn\u0113s, dabasg\u0101zes elektrostacij\u0101s un viet\u0101s, kas atrodas dabasg\u0101zes pieg\u0101des \u0137\u0113d\u0113. \u0160\u012b kamera ir spektr\u0101li filtr\u0113ta \u012bpa\u0161i met\u0101nam un cit\u0101m g\u0101z\u0113m, lai uzlabotu vizualiz\u0101ciju un samazin\u0101tu viltus negat\u012bvos rezult\u0101tus, ko rada g\u0101zes, kuras absorb\u0113 citos vi\u013c\u0146u garumos. Pamatojoties uz godalgot\u0101s FLIR T s\u0113rijas platformas dizainu, GF77-LR pied\u0101v\u0101 spilgtu sk\u0101rienj\u016bt\u012bgo LCD ekr\u0101nu, 180\u00b0 le\u0146\u0137\u012b rot\u0113jo\u0161u optisko bloku un okul\u0101ru, kas atvieglo lieto\u0161anu tie\u0161\u0101 saules gaism\u0101. Racionaliz\u0113tas zi\u0146o\u0161anas funkcijas, piem\u0113ram, ieb\u016bv\u0113ta balss anot\u0101cija, piel\u0101gojamas darba mapes un GPS mar\u0137\u0113\u0161ana, pal\u012bdz atvieglot p\u0101rbaudes.<\/p>\n<p>G\u0101zes jut\u012bba (NECL):<br \/>\n    SF6: < 1 ppm x m\n    C2H4: < 20 ppm x m\n    NH3: < 20 ppm x m\n(\u0394T = 10 \u00b0C, att\u0101lums = 1 m)\n\nStandarta komplekts: FLIR GF77-HR infrasarkan\u0101 kamera ar objekt\u012bvu, akumulatora l\u0101d\u0113t\u0101ja baro\u0161anas avots, 15 W\/3 A baro\u0161anas avots, druk\u0101ta dokument\u0101cija, SD karte, USB kabe\u013ci, USB adapteris, siksni\u0146as, objekt\u012bva t\u012br\u012b\u0161anas lupati\u0146a, mazs acu uzliktnis, baterijas, akumulatora l\u0101d\u0113t\u0101js, ciets transport\u0113\u0161anas koferis, objekt\u012bvu v\u0101ci\u0146i.\n\n\n\n<h3>Tehnisk\u0101 inform\u0101cija:<\/h3>\n<ul>\n<li><a href=\"https:\/\/axiomams.eu\/importer\/export\/attachments\/en\/flir-gf77.pdf\" target=\"_blank\">FLIR GF77.pdf<\/a><\/li>\n<\/ul>\n","protected":false},"excerpt":{"rendered":"<p>FLIR GF77-HR ir revolucion\u0101ra neapdzes\u0113ta infrasarkan\u0101 kamera, kas sp\u0113j noteikt met\u0101na un citu g\u0101zu emisijas r\u016bpniec\u012bbas uz\u0146\u0113mumos, atjaunojam\u0101s ener\u0123ijas ra\u017eotn\u0113s, dabasg\u0101zes elektrostacij\u0101s un viet\u0101s, kas atrodas dabasg\u0101zes pieg\u0101des \u0137\u0113d\u0113. \u0160\u012b kamera ir spektr\u0101li filtr\u0113ta \u012bpa\u0161i met\u0101nam un cit\u0101m g\u0101z\u0113m, lai uzlabotu vizualiz\u0101ciju un samazin\u0101tu viltus negat\u012bvos rezult\u0101tus, ko rada g\u0101zes, kuras absorb\u0113 citos vi\u013c\u0146u garumos&#8230;.<\/p>\n","protected":false},"featured_media":41910,"comment_status":"open","ping_status":"closed","template":"","meta":{"_acf_changed":false},"product_brand":[734],"product_cat":[17730],"product_tag":[],"class_list":{"0":"post-39101","1":"product","2":"type-product","3":"status-publish","4":"has-post-thumbnail","6":"product_brand-flir","7":"product_cat-gazes-nopludes-noteiksanai","9":"first","10":"instock","11":"taxable","12":"shipping-taxable","13":"product-type-simple"},"acf":[],"yoast_head":"<!-- This site is optimized with the Yoast SEO plugin v27.0 - https:\/\/yoast.com\/product\/yoast-seo-wordpress\/ -->\n<title>Flir GF77-HR termokamera - AXIOMA MS<\/title>\n<meta name=\"robots\" content=\"index, follow, max-snippet:-1, max-image-preview:large, max-video-preview:-1\" \/>\n<link rel=\"canonical\" href=\"https:\/\/www.axiomams.eu\/lv\/produktas\/flir-gf77-hr-termokamera\" \/>\n<meta property=\"og:locale\" content=\"lv_LV\" \/>\n<meta property=\"og:type\" content=\"article\" \/>\n<meta property=\"og:title\" content=\"Flir GF77-HR termokamera - AXIOMA MS\" \/>\n<meta property=\"og:description\" content=\"FLIR GF77-HR ir revolucion\u0101ra neapdzes\u0113ta infrasarkan\u0101 kamera, kas sp\u0113j noteikt met\u0101na un citu g\u0101zu emisijas r\u016bpniec\u012bbas uz\u0146\u0113mumos, atjaunojam\u0101s ener\u0123ijas ra\u017eotn\u0113s, dabasg\u0101zes elektrostacij\u0101s un viet\u0101s, kas atrodas dabasg\u0101zes pieg\u0101des \u0137\u0113d\u0113. \u0160\u012b kamera ir spektr\u0101li filtr\u0113ta \u012bpa\u0161i met\u0101nam un cit\u0101m g\u0101z\u0113m, lai uzlabotu vizualiz\u0101ciju un samazin\u0101tu viltus negat\u012bvos rezult\u0101tus, ko rada g\u0101zes, kuras absorb\u0113 citos vi\u013c\u0146u garumos....\" \/>\n<meta property=\"og:url\" content=\"https:\/\/www.axiomams.eu\/lv\/produktas\/flir-gf77-hr-termokamera\" \/>\n<meta property=\"og:site_name\" content=\"AXIOMA MS\" \/>\n<meta property=\"article:publisher\" content=\"https:\/\/www.facebook.com\/AxiomaMS\" \/>\n<meta property=\"article:modified_time\" content=\"2026-03-25T15:00:09+00:00\" \/>\n<meta property=\"og:image\" content=\"https:\/\/www.axiomams.eu\/wp-content\/uploads\/2025\/07\/4587-5900.jpg\" \/>\n\t<meta property=\"og:image:width\" content=\"1000\" \/>\n\t<meta property=\"og:image:height\" content=\"958\" \/>\n\t<meta property=\"og:image:type\" content=\"image\/jpeg\" \/>\n<meta name=\"twitter:card\" content=\"summary_large_image\" \/>\n<meta name=\"twitter:label1\" content=\"Est. reading time\" \/>\n\t<meta name=\"twitter:data1\" content=\"1 minute\" \/>\n<script type=\"application\/ld+json\" class=\"yoast-schema-graph\">{\"@context\":\"https:\/\/schema.org\",\"@graph\":[{\"@type\":\"WebPage\",\"@id\":\"https:\/\/www.axiomams.eu\/lv\/produktas\/flir-gf77-hr-termokamera\",\"url\":\"https:\/\/www.axiomams.eu\/lv\/produktas\/flir-gf77-hr-termokamera\",\"name\":\"Flir GF77-HR termokamera - AXIOMA MS\",\"isPartOf\":{\"@id\":\"https:\/\/www.axiomams.eu\/lv#website\"},\"primaryImageOfPage\":{\"@id\":\"https:\/\/www.axiomams.eu\/lv\/produktas\/flir-gf77-hr-termokamera#primaryimage\"},\"image\":{\"@id\":\"https:\/\/www.axiomams.eu\/lv\/produktas\/flir-gf77-hr-termokamera#primaryimage\"},\"thumbnailUrl\":\"https:\/\/www.axiomams.eu\/wp-content\/uploads\/2025\/07\/4587-5900.jpg\",\"datePublished\":\"2025-05-15T15:58:39+00:00\",\"dateModified\":\"2026-03-25T15:00:09+00:00\",\"breadcrumb\":{\"@id\":\"https:\/\/www.axiomams.eu\/lv\/produktas\/flir-gf77-hr-termokamera#breadcrumb\"},\"inLanguage\":\"lv-LV\",\"potentialAction\":[{\"@type\":\"ReadAction\",\"target\":[\"https:\/\/www.axiomams.eu\/lv\/produktas\/flir-gf77-hr-termokamera\"]}]},{\"@type\":\"ImageObject\",\"inLanguage\":\"lv-LV\",\"@id\":\"https:\/\/www.axiomams.eu\/lv\/produktas\/flir-gf77-hr-termokamera#primaryimage\",\"url\":\"https:\/\/www.axiomams.eu\/wp-content\/uploads\/2025\/07\/4587-5900.jpg\",\"contentUrl\":\"https:\/\/www.axiomams.eu\/wp-content\/uploads\/2025\/07\/4587-5900.jpg\",\"width\":1000,\"height\":958},{\"@type\":\"BreadcrumbList\",\"@id\":\"https:\/\/www.axiomams.eu\/lv\/produktas\/flir-gf77-hr-termokamera#breadcrumb\",\"itemListElement\":[{\"@type\":\"ListItem\",\"position\":1,\"name\":\"Home\",\"item\":\"https:\/\/www.axiomams.eu\/lv\"},{\"@type\":\"ListItem\",\"position\":2,\"name\":\"Produkti\",\"item\":\"https:\/\/www.axiomams.eu\/lv\/produkti\"},{\"@type\":\"ListItem\",\"position\":3,\"name\":\"Flir GF77-HR termokamera\"}]},{\"@type\":\"WebSite\",\"@id\":\"https:\/\/www.axiomams.eu\/lv#website\",\"url\":\"https:\/\/www.axiomams.eu\/lv\",\"name\":\"AXIOMA MS\",\"description\":\"Terrmovizoriai ir matavimo \u012franga\",\"publisher\":{\"@id\":\"https:\/\/www.axiomams.eu\/lv#organization\"},\"potentialAction\":[{\"@type\":\"SearchAction\",\"target\":{\"@type\":\"EntryPoint\",\"urlTemplate\":\"https:\/\/www.axiomams.eu\/lv?s={search_term_string}\"},\"query-input\":{\"@type\":\"PropertyValueSpecification\",\"valueRequired\":true,\"valueName\":\"search_term_string\"}}],\"inLanguage\":\"lv-LV\"},{\"@type\":\"Organization\",\"@id\":\"https:\/\/www.axiomams.eu\/lv#organization\",\"name\":\"AXIOMA MS\",\"url\":\"https:\/\/www.axiomams.eu\/lv\",\"logo\":{\"@type\":\"ImageObject\",\"inLanguage\":\"lv-LV\",\"@id\":\"https:\/\/www.axiomams.eu\/lv#\/schema\/logo\/image\/\",\"url\":\"https:\/\/www.axiomams.eu\/wp-content\/uploads\/2025\/06\/axioma-logo-2.png\",\"contentUrl\":\"https:\/\/www.axiomams.eu\/wp-content\/uploads\/2025\/06\/axioma-logo-2.png\",\"width\":1200,\"height\":1200,\"caption\":\"AXIOMA MS\"},\"image\":{\"@id\":\"https:\/\/www.axiomams.eu\/lv#\/schema\/logo\/image\/\"},\"sameAs\":[\"https:\/\/www.facebook.com\/AxiomaMS\",\"https:\/\/www.linkedin.com\/company\/axiomams\/\"]}]}<\/script>\n<!-- \/ Yoast SEO plugin. -->","yoast_head_json":{"title":"Flir GF77-HR termokamera - AXIOMA MS","robots":{"index":"index","follow":"follow","max-snippet":"max-snippet:-1","max-image-preview":"max-image-preview:large","max-video-preview":"max-video-preview:-1"},"canonical":"https:\/\/www.axiomams.eu\/lv\/produktas\/flir-gf77-hr-termokamera","og_locale":"lv_LV","og_type":"article","og_title":"Flir GF77-HR termokamera - AXIOMA MS","og_description":"FLIR GF77-HR ir revolucion\u0101ra neapdzes\u0113ta infrasarkan\u0101 kamera, kas sp\u0113j noteikt met\u0101na un citu g\u0101zu emisijas r\u016bpniec\u012bbas uz\u0146\u0113mumos, atjaunojam\u0101s ener\u0123ijas ra\u017eotn\u0113s, dabasg\u0101zes elektrostacij\u0101s un viet\u0101s, kas atrodas dabasg\u0101zes pieg\u0101des \u0137\u0113d\u0113. \u0160\u012b kamera ir spektr\u0101li filtr\u0113ta \u012bpa\u0161i met\u0101nam un cit\u0101m g\u0101z\u0113m, lai uzlabotu vizualiz\u0101ciju un samazin\u0101tu viltus negat\u012bvos rezult\u0101tus, ko rada g\u0101zes, kuras absorb\u0113 citos vi\u013c\u0146u garumos....","og_url":"https:\/\/www.axiomams.eu\/lv\/produktas\/flir-gf77-hr-termokamera","og_site_name":"AXIOMA MS","article_publisher":"https:\/\/www.facebook.com\/AxiomaMS","article_modified_time":"2026-03-25T15:00:09+00:00","og_image":[{"width":1000,"height":958,"url":"https:\/\/www.axiomams.eu\/wp-content\/uploads\/2025\/07\/4587-5900.jpg","type":"image\/jpeg"}],"twitter_card":"summary_large_image","twitter_misc":{"Est. reading time":"1 minute"},"schema":{"@context":"https:\/\/schema.org","@graph":[{"@type":"WebPage","@id":"https:\/\/www.axiomams.eu\/lv\/produktas\/flir-gf77-hr-termokamera","url":"https:\/\/www.axiomams.eu\/lv\/produktas\/flir-gf77-hr-termokamera","name":"Flir GF77-HR termokamera - AXIOMA MS","isPartOf":{"@id":"https:\/\/www.axiomams.eu\/lv#website"},"primaryImageOfPage":{"@id":"https:\/\/www.axiomams.eu\/lv\/produktas\/flir-gf77-hr-termokamera#primaryimage"},"image":{"@id":"https:\/\/www.axiomams.eu\/lv\/produktas\/flir-gf77-hr-termokamera#primaryimage"},"thumbnailUrl":"https:\/\/www.axiomams.eu\/wp-content\/uploads\/2025\/07\/4587-5900.jpg","datePublished":"2025-05-15T15:58:39+00:00","dateModified":"2026-03-25T15:00:09+00:00","breadcrumb":{"@id":"https:\/\/www.axiomams.eu\/lv\/produktas\/flir-gf77-hr-termokamera#breadcrumb"},"inLanguage":"lv-LV","potentialAction":[{"@type":"ReadAction","target":["https:\/\/www.axiomams.eu\/lv\/produktas\/flir-gf77-hr-termokamera"]}]},{"@type":"ImageObject","inLanguage":"lv-LV","@id":"https:\/\/www.axiomams.eu\/lv\/produktas\/flir-gf77-hr-termokamera#primaryimage","url":"https:\/\/www.axiomams.eu\/wp-content\/uploads\/2025\/07\/4587-5900.jpg","contentUrl":"https:\/\/www.axiomams.eu\/wp-content\/uploads\/2025\/07\/4587-5900.jpg","width":1000,"height":958},{"@type":"BreadcrumbList","@id":"https:\/\/www.axiomams.eu\/lv\/produktas\/flir-gf77-hr-termokamera#breadcrumb","itemListElement":[{"@type":"ListItem","position":1,"name":"Home","item":"https:\/\/www.axiomams.eu\/lv"},{"@type":"ListItem","position":2,"name":"Produkti","item":"https:\/\/www.axiomams.eu\/lv\/produkti"},{"@type":"ListItem","position":3,"name":"Flir GF77-HR termokamera"}]},{"@type":"WebSite","@id":"https:\/\/www.axiomams.eu\/lv#website","url":"https:\/\/www.axiomams.eu\/lv","name":"AXIOMA MS","description":"Terrmovizoriai ir matavimo \u012franga","publisher":{"@id":"https:\/\/www.axiomams.eu\/lv#organization"},"potentialAction":[{"@type":"SearchAction","target":{"@type":"EntryPoint","urlTemplate":"https:\/\/www.axiomams.eu\/lv?s={search_term_string}"},"query-input":{"@type":"PropertyValueSpecification","valueRequired":true,"valueName":"search_term_string"}}],"inLanguage":"lv-LV"},{"@type":"Organization","@id":"https:\/\/www.axiomams.eu\/lv#organization","name":"AXIOMA MS","url":"https:\/\/www.axiomams.eu\/lv","logo":{"@type":"ImageObject","inLanguage":"lv-LV","@id":"https:\/\/www.axiomams.eu\/lv#\/schema\/logo\/image\/","url":"https:\/\/www.axiomams.eu\/wp-content\/uploads\/2025\/06\/axioma-logo-2.png","contentUrl":"https:\/\/www.axiomams.eu\/wp-content\/uploads\/2025\/06\/axioma-logo-2.png","width":1200,"height":1200,"caption":"AXIOMA MS"},"image":{"@id":"https:\/\/www.axiomams.eu\/lv#\/schema\/logo\/image\/"},"sameAs":["https:\/\/www.facebook.com\/AxiomaMS","https:\/\/www.linkedin.com\/company\/axiomams\/"]}]}},"_links":{"self":[{"href":"https:\/\/www.axiomams.eu\/lv\/wp-json\/wp\/v2\/product\/39101","targetHints":{"allow":["GET"]}}],"collection":[{"href":"https:\/\/www.axiomams.eu\/lv\/wp-json\/wp\/v2\/product"}],"about":[{"href":"https:\/\/www.axiomams.eu\/lv\/wp-json\/wp\/v2\/types\/product"}],"replies":[{"embeddable":true,"href":"https:\/\/www.axiomams.eu\/lv\/wp-json\/wp\/v2\/comments?post=39101"}],"wp:featuredmedia":[{"embeddable":true,"href":"https:\/\/www.axiomams.eu\/lv\/wp-json\/wp\/v2\/media\/41910"}],"wp:attachment":[{"href":"https:\/\/www.axiomams.eu\/lv\/wp-json\/wp\/v2\/media?parent=39101"}],"wp:term":[{"taxonomy":"product_brand","embeddable":true,"href":"https:\/\/www.axiomams.eu\/lv\/wp-json\/wp\/v2\/product_brand?post=39101"},{"taxonomy":"product_cat","embeddable":true,"href":"https:\/\/www.axiomams.eu\/lv\/wp-json\/wp\/v2\/product_cat?post=39101"},{"taxonomy":"product_tag","embeddable":true,"href":"https:\/\/www.axiomams.eu\/lv\/wp-json\/wp\/v2\/product_tag?post=39101"}],"curies":[{"name":"wp","href":"https:\/\/api.w.org\/{rel}","templated":true}]}}