{"id":39107,"date":"2025-05-15T17:58:47","date_gmt":"2025-05-15T15:58:47","guid":{"rendered":"https:\/\/www.axiomams.eu\/produktas\/flir-gx320-termokamera"},"modified":"2026-03-25T17:00:12","modified_gmt":"2026-03-25T15:00:12","slug":"flir-gx320-termokamera","status":"publish","type":"product","link":"https:\/\/www.axiomams.eu\/lv\/produktas\/flir-gx320-termokamera","title":{"rendered":"Flir Gx320 termokamera"},"content":{"rendered":"<p>FLIR Gx320 termokamera &#8211; t\u0101 ir inovat\u012bva optisk\u0101 g\u0101zes att\u0113lveido\u0161anas (OGI) kamera, ko izmanto og\u013c\u016bde\u0146ra\u017eu, met\u0101na (CH4) un citu gaisto\u0161o organisko savienojumu (GOS) nopl\u016bdes noteik\u0161anai. \u0160\u012b uzlabot\u0101 dzes\u0113\u0161anas termokamera, kas izstr\u0101d\u0101ta, dom\u0101jot par j\u016bsu dro\u0161\u012bbu un efektivit\u0101ti, var atkl\u0101t b\u012bstamas un videi kait\u012bgas g\u0101zes no dro\u0161a att\u0101luma. Samaziniet p\u0101rbaudes laiku, sken\u0113jot lielas plat\u012bbas, netrauc\u0113jot elektroener\u0123ijas padevi un nep\u0101rtraucot r\u016bpniecisko darb\u012bbu. Gx320 ir apr\u012bkota ar rot\u0113jo\u0161u, kr\u0101sainu LCD sk\u0101rienekr\u0101nu, un t\u0101 ir ide\u0101li piem\u0113rota g\u0101zes atkl\u0101\u0161anai sare\u017e\u0123\u012bt\u0101s sist\u0113m\u0101s, tostarp elektroener\u0123ijas p\u0101rvades iek\u0101rt\u0101s un r\u016bpniec\u012bbas uz\u0146\u0113mumos. Kop\u0101 ar FLIR Ignite\u2122 programmat\u016bru FLIR Gx320 \u013cauj viegli aug\u0161upiel\u0101d\u0113t att\u0113lus un videoklipus m\u0101kon\u012b, kur var redi\u0123\u0113t, organiz\u0113t, uzglab\u0101t un kop\u012bgot datus.<\/p>\n<p><b>Piem\u0113rots lieto\u0161anai b\u012bstam\u0101 un spr\u0101dzienb\u012bstam\u0101 vid\u0113<\/b><br \/>\nAtbilst standartiem ATEX\/IECEx, Ex ic nC op is IIC T4 Gc II 3 G, ANSI\/ISA-12.12.01-2013, I klases 2. noda\u013ca, CSA 22.2 Nr. 213, I klases 2. noda\u013ca.<\/p>\n<p><b>Liel\u0101ka g\u0101zes vizualiz\u0101cija un kvantitat\u012bva noteik\u0161ana<\/b><br \/>\nRevolucion\u0101ras g\u0101zes nopl\u016bdes noteik\u0161anas funkcijas, tostarp kameras iek\u0161pus\u0113 eso\u0161a kvantitat\u012bv\u0101s anal\u012bzes sist\u0113ma, kas m\u0113ra nopl\u016bdes veidu (dif\u016bz\u0101 vai punktveida) un lielumu, nov\u0113r\u0161ot nepiecie\u0161am\u012bbu p\u0113c sekund\u0101ras ier\u012bces.<\/p>\n<p><b>Standarta komplekts:<\/b> FLIR Gx320 termokamera, akumulators, 2 gab., akumulatora l\u0101d\u0113t\u0101js, baro\u0161anas bloks, siksna rok\u0101m, kakla siksna, objekt\u012bva v\u0101ci\u0146\u0161, objekt\u012bva v\u0101ci\u0146a siksna, atmi\u0146as karte, HDMI-HDMI kabelis, USB kabelis, skr\u016bvgriezis TX20, druk\u0101ta dokument\u0101cija, ciets transport\u0113\u0161anas koferis.<\/p>\n<p><iframe loading=\"lazy\" width=\"560\" height=\"315\" src=\"https:\/\/www.youtube.com\/embed\/uja8pTxNXh8\" title=\"YouTube video atska\u0146ot\u0101js\" frameborder=\"0\" allow=\"akselerometrs; autom\u0101tisk\u0101 atska\u0146o\u0161ana; videokarte-rakst\u012b\u0161ana; \u0161ifr\u0113ti multivides; \u017eiroskops; att\u0113ls att\u0113l\u0101; koplieto\u0161ana t\u012bmekl\u012b\" allowfullscreen><\/iframe><\/p>\n<h3>Tehnisk\u0101 inform\u0101cija:<\/h3>\n<ul>\n<li><a href=\"https:\/\/axiomams.eu\/importer\/export\/attachments\/en\/flir-gx320.pdf\" target=\"_blank\">FLIR Gx320.pdf<\/a><\/li>\n<\/ul>\n","protected":false},"excerpt":{"rendered":"<p>FLIR Gx320 termokamera &#8211; t\u0101 ir inovat\u012bva optisk\u0101 g\u0101zes att\u0113lveido\u0161anas (OGI) kamera, ko izmanto og\u013c\u016bde\u0146ra\u017eu, met\u0101na (CH4) un citu gaisto\u0161o organisko savienojumu (GOS) nopl\u016bdes noteik\u0161anai. \u0160\u012b uzlabot\u0101 dzes\u0113\u0161anas termokamera, kas izstr\u0101d\u0101ta, dom\u0101jot par j\u016bsu dro\u0161\u012bbu un efektivit\u0101ti, var atkl\u0101t b\u012bstamas un videi kait\u012bgas g\u0101zes no dro\u0161a att\u0101luma. Samaziniet p\u0101rbaudes laiku, sken\u0113jot lielas plat\u012bbas, netrauc\u0113jot elektroener\u0123ijas&#8230;<\/p>\n","protected":false},"featured_media":41922,"comment_status":"open","ping_status":"closed","template":"","meta":{"_acf_changed":false},"product_brand":[734],"product_cat":[17730],"product_tag":[],"class_list":{"0":"post-39107","1":"product","2":"type-product","3":"status-publish","4":"has-post-thumbnail","6":"product_brand-flir","7":"product_cat-gazes-nopludes-noteiksanai","9":"first","10":"instock","11":"taxable","12":"shipping-taxable","13":"product-type-simple"},"acf":[],"yoast_head":"<!-- This site is optimized with the Yoast SEO plugin v27.0 - https:\/\/yoast.com\/product\/yoast-seo-wordpress\/ -->\n<title>Flir Gx320 termokamera - AXIOMA MS<\/title>\n<meta name=\"robots\" content=\"index, follow, max-snippet:-1, max-image-preview:large, max-video-preview:-1\" \/>\n<link rel=\"canonical\" href=\"https:\/\/www.axiomams.eu\/lv\/produktas\/flir-gx320-termokamera\" \/>\n<meta property=\"og:locale\" content=\"lv_LV\" \/>\n<meta property=\"og:type\" content=\"article\" \/>\n<meta property=\"og:title\" content=\"Flir Gx320 termokamera - AXIOMA MS\" \/>\n<meta property=\"og:description\" content=\"FLIR Gx320 termokamera &#8211; t\u0101 ir inovat\u012bva optisk\u0101 g\u0101zes att\u0113lveido\u0161anas (OGI) kamera, ko izmanto og\u013c\u016bde\u0146ra\u017eu, met\u0101na (CH4) un citu gaisto\u0161o organisko savienojumu (GOS) nopl\u016bdes noteik\u0161anai. \u0160\u012b uzlabot\u0101 dzes\u0113\u0161anas termokamera, kas izstr\u0101d\u0101ta, dom\u0101jot par j\u016bsu dro\u0161\u012bbu un efektivit\u0101ti, var atkl\u0101t b\u012bstamas un videi kait\u012bgas g\u0101zes no dro\u0161a att\u0101luma. Samaziniet p\u0101rbaudes laiku, sken\u0113jot lielas plat\u012bbas, netrauc\u0113jot elektroener\u0123ijas...\" \/>\n<meta property=\"og:url\" content=\"https:\/\/www.axiomams.eu\/lv\/produktas\/flir-gx320-termokamera\" \/>\n<meta property=\"og:site_name\" content=\"AXIOMA MS\" \/>\n<meta property=\"article:publisher\" content=\"https:\/\/www.facebook.com\/AxiomaMS\" \/>\n<meta property=\"article:modified_time\" content=\"2026-03-25T15:00:12+00:00\" \/>\n<meta property=\"og:image\" content=\"https:\/\/www.axiomams.eu\/wp-content\/uploads\/2025\/07\/3432-4603.jpg\" \/>\n\t<meta property=\"og:image:width\" content=\"1360\" \/>\n\t<meta property=\"og:image:height\" content=\"1020\" \/>\n\t<meta property=\"og:image:type\" content=\"image\/jpeg\" \/>\n<meta name=\"twitter:card\" content=\"summary_large_image\" \/>\n<meta name=\"twitter:label1\" content=\"Est. reading time\" \/>\n\t<meta name=\"twitter:data1\" content=\"2 minutes\" \/>\n<script type=\"application\/ld+json\" class=\"yoast-schema-graph\">{\"@context\":\"https:\/\/schema.org\",\"@graph\":[{\"@type\":\"WebPage\",\"@id\":\"https:\/\/www.axiomams.eu\/lv\/produktas\/flir-gx320-termokamera\",\"url\":\"https:\/\/www.axiomams.eu\/lv\/produktas\/flir-gx320-termokamera\",\"name\":\"Flir Gx320 termokamera - AXIOMA MS\",\"isPartOf\":{\"@id\":\"https:\/\/www.axiomams.eu\/lv#website\"},\"primaryImageOfPage\":{\"@id\":\"https:\/\/www.axiomams.eu\/lv\/produktas\/flir-gx320-termokamera#primaryimage\"},\"image\":{\"@id\":\"https:\/\/www.axiomams.eu\/lv\/produktas\/flir-gx320-termokamera#primaryimage\"},\"thumbnailUrl\":\"https:\/\/www.axiomams.eu\/wp-content\/uploads\/2025\/07\/3432-4603.jpg\",\"datePublished\":\"2025-05-15T15:58:47+00:00\",\"dateModified\":\"2026-03-25T15:00:12+00:00\",\"breadcrumb\":{\"@id\":\"https:\/\/www.axiomams.eu\/lv\/produktas\/flir-gx320-termokamera#breadcrumb\"},\"inLanguage\":\"lv-LV\",\"potentialAction\":[{\"@type\":\"ReadAction\",\"target\":[\"https:\/\/www.axiomams.eu\/lv\/produktas\/flir-gx320-termokamera\"]}]},{\"@type\":\"ImageObject\",\"inLanguage\":\"lv-LV\",\"@id\":\"https:\/\/www.axiomams.eu\/lv\/produktas\/flir-gx320-termokamera#primaryimage\",\"url\":\"https:\/\/www.axiomams.eu\/wp-content\/uploads\/2025\/07\/3432-4603.jpg\",\"contentUrl\":\"https:\/\/www.axiomams.eu\/wp-content\/uploads\/2025\/07\/3432-4603.jpg\",\"width\":1360,\"height\":1020},{\"@type\":\"BreadcrumbList\",\"@id\":\"https:\/\/www.axiomams.eu\/lv\/produktas\/flir-gx320-termokamera#breadcrumb\",\"itemListElement\":[{\"@type\":\"ListItem\",\"position\":1,\"name\":\"Home\",\"item\":\"https:\/\/www.axiomams.eu\/lv\"},{\"@type\":\"ListItem\",\"position\":2,\"name\":\"Produkti\",\"item\":\"https:\/\/www.axiomams.eu\/lv\/produkti\"},{\"@type\":\"ListItem\",\"position\":3,\"name\":\"Flir Gx320 termokamera\"}]},{\"@type\":\"WebSite\",\"@id\":\"https:\/\/www.axiomams.eu\/lv#website\",\"url\":\"https:\/\/www.axiomams.eu\/lv\",\"name\":\"AXIOMA MS\",\"description\":\"Terrmovizoriai ir matavimo \u012franga\",\"publisher\":{\"@id\":\"https:\/\/www.axiomams.eu\/lv#organization\"},\"potentialAction\":[{\"@type\":\"SearchAction\",\"target\":{\"@type\":\"EntryPoint\",\"urlTemplate\":\"https:\/\/www.axiomams.eu\/lv?s={search_term_string}\"},\"query-input\":{\"@type\":\"PropertyValueSpecification\",\"valueRequired\":true,\"valueName\":\"search_term_string\"}}],\"inLanguage\":\"lv-LV\"},{\"@type\":\"Organization\",\"@id\":\"https:\/\/www.axiomams.eu\/lv#organization\",\"name\":\"AXIOMA MS\",\"url\":\"https:\/\/www.axiomams.eu\/lv\",\"logo\":{\"@type\":\"ImageObject\",\"inLanguage\":\"lv-LV\",\"@id\":\"https:\/\/www.axiomams.eu\/lv#\/schema\/logo\/image\/\",\"url\":\"https:\/\/www.axiomams.eu\/wp-content\/uploads\/2025\/06\/axioma-logo-2.png\",\"contentUrl\":\"https:\/\/www.axiomams.eu\/wp-content\/uploads\/2025\/06\/axioma-logo-2.png\",\"width\":1200,\"height\":1200,\"caption\":\"AXIOMA MS\"},\"image\":{\"@id\":\"https:\/\/www.axiomams.eu\/lv#\/schema\/logo\/image\/\"},\"sameAs\":[\"https:\/\/www.facebook.com\/AxiomaMS\",\"https:\/\/www.linkedin.com\/company\/axiomams\/\"]}]}<\/script>\n<!-- \/ Yoast SEO plugin. -->","yoast_head_json":{"title":"Flir Gx320 termokamera - AXIOMA MS","robots":{"index":"index","follow":"follow","max-snippet":"max-snippet:-1","max-image-preview":"max-image-preview:large","max-video-preview":"max-video-preview:-1"},"canonical":"https:\/\/www.axiomams.eu\/lv\/produktas\/flir-gx320-termokamera","og_locale":"lv_LV","og_type":"article","og_title":"Flir Gx320 termokamera - AXIOMA MS","og_description":"FLIR Gx320 termokamera &#8211; t\u0101 ir inovat\u012bva optisk\u0101 g\u0101zes att\u0113lveido\u0161anas (OGI) kamera, ko izmanto og\u013c\u016bde\u0146ra\u017eu, met\u0101na (CH4) un citu gaisto\u0161o organisko savienojumu (GOS) nopl\u016bdes noteik\u0161anai. \u0160\u012b uzlabot\u0101 dzes\u0113\u0161anas termokamera, kas izstr\u0101d\u0101ta, dom\u0101jot par j\u016bsu dro\u0161\u012bbu un efektivit\u0101ti, var atkl\u0101t b\u012bstamas un videi kait\u012bgas g\u0101zes no dro\u0161a att\u0101luma. Samaziniet p\u0101rbaudes laiku, sken\u0113jot lielas plat\u012bbas, netrauc\u0113jot elektroener\u0123ijas...","og_url":"https:\/\/www.axiomams.eu\/lv\/produktas\/flir-gx320-termokamera","og_site_name":"AXIOMA MS","article_publisher":"https:\/\/www.facebook.com\/AxiomaMS","article_modified_time":"2026-03-25T15:00:12+00:00","og_image":[{"width":1360,"height":1020,"url":"https:\/\/www.axiomams.eu\/wp-content\/uploads\/2025\/07\/3432-4603.jpg","type":"image\/jpeg"}],"twitter_card":"summary_large_image","twitter_misc":{"Est. reading time":"2 minutes"},"schema":{"@context":"https:\/\/schema.org","@graph":[{"@type":"WebPage","@id":"https:\/\/www.axiomams.eu\/lv\/produktas\/flir-gx320-termokamera","url":"https:\/\/www.axiomams.eu\/lv\/produktas\/flir-gx320-termokamera","name":"Flir Gx320 termokamera - AXIOMA MS","isPartOf":{"@id":"https:\/\/www.axiomams.eu\/lv#website"},"primaryImageOfPage":{"@id":"https:\/\/www.axiomams.eu\/lv\/produktas\/flir-gx320-termokamera#primaryimage"},"image":{"@id":"https:\/\/www.axiomams.eu\/lv\/produktas\/flir-gx320-termokamera#primaryimage"},"thumbnailUrl":"https:\/\/www.axiomams.eu\/wp-content\/uploads\/2025\/07\/3432-4603.jpg","datePublished":"2025-05-15T15:58:47+00:00","dateModified":"2026-03-25T15:00:12+00:00","breadcrumb":{"@id":"https:\/\/www.axiomams.eu\/lv\/produktas\/flir-gx320-termokamera#breadcrumb"},"inLanguage":"lv-LV","potentialAction":[{"@type":"ReadAction","target":["https:\/\/www.axiomams.eu\/lv\/produktas\/flir-gx320-termokamera"]}]},{"@type":"ImageObject","inLanguage":"lv-LV","@id":"https:\/\/www.axiomams.eu\/lv\/produktas\/flir-gx320-termokamera#primaryimage","url":"https:\/\/www.axiomams.eu\/wp-content\/uploads\/2025\/07\/3432-4603.jpg","contentUrl":"https:\/\/www.axiomams.eu\/wp-content\/uploads\/2025\/07\/3432-4603.jpg","width":1360,"height":1020},{"@type":"BreadcrumbList","@id":"https:\/\/www.axiomams.eu\/lv\/produktas\/flir-gx320-termokamera#breadcrumb","itemListElement":[{"@type":"ListItem","position":1,"name":"Home","item":"https:\/\/www.axiomams.eu\/lv"},{"@type":"ListItem","position":2,"name":"Produkti","item":"https:\/\/www.axiomams.eu\/lv\/produkti"},{"@type":"ListItem","position":3,"name":"Flir Gx320 termokamera"}]},{"@type":"WebSite","@id":"https:\/\/www.axiomams.eu\/lv#website","url":"https:\/\/www.axiomams.eu\/lv","name":"AXIOMA MS","description":"Terrmovizoriai ir matavimo \u012franga","publisher":{"@id":"https:\/\/www.axiomams.eu\/lv#organization"},"potentialAction":[{"@type":"SearchAction","target":{"@type":"EntryPoint","urlTemplate":"https:\/\/www.axiomams.eu\/lv?s={search_term_string}"},"query-input":{"@type":"PropertyValueSpecification","valueRequired":true,"valueName":"search_term_string"}}],"inLanguage":"lv-LV"},{"@type":"Organization","@id":"https:\/\/www.axiomams.eu\/lv#organization","name":"AXIOMA MS","url":"https:\/\/www.axiomams.eu\/lv","logo":{"@type":"ImageObject","inLanguage":"lv-LV","@id":"https:\/\/www.axiomams.eu\/lv#\/schema\/logo\/image\/","url":"https:\/\/www.axiomams.eu\/wp-content\/uploads\/2025\/06\/axioma-logo-2.png","contentUrl":"https:\/\/www.axiomams.eu\/wp-content\/uploads\/2025\/06\/axioma-logo-2.png","width":1200,"height":1200,"caption":"AXIOMA MS"},"image":{"@id":"https:\/\/www.axiomams.eu\/lv#\/schema\/logo\/image\/"},"sameAs":["https:\/\/www.facebook.com\/AxiomaMS","https:\/\/www.linkedin.com\/company\/axiomams\/"]}]}},"_links":{"self":[{"href":"https:\/\/www.axiomams.eu\/lv\/wp-json\/wp\/v2\/product\/39107","targetHints":{"allow":["GET"]}}],"collection":[{"href":"https:\/\/www.axiomams.eu\/lv\/wp-json\/wp\/v2\/product"}],"about":[{"href":"https:\/\/www.axiomams.eu\/lv\/wp-json\/wp\/v2\/types\/product"}],"replies":[{"embeddable":true,"href":"https:\/\/www.axiomams.eu\/lv\/wp-json\/wp\/v2\/comments?post=39107"}],"wp:featuredmedia":[{"embeddable":true,"href":"https:\/\/www.axiomams.eu\/lv\/wp-json\/wp\/v2\/media\/41922"}],"wp:attachment":[{"href":"https:\/\/www.axiomams.eu\/lv\/wp-json\/wp\/v2\/media?parent=39107"}],"wp:term":[{"taxonomy":"product_brand","embeddable":true,"href":"https:\/\/www.axiomams.eu\/lv\/wp-json\/wp\/v2\/product_brand?post=39107"},{"taxonomy":"product_cat","embeddable":true,"href":"https:\/\/www.axiomams.eu\/lv\/wp-json\/wp\/v2\/product_cat?post=39107"},{"taxonomy":"product_tag","embeddable":true,"href":"https:\/\/www.axiomams.eu\/lv\/wp-json\/wp\/v2\/product_tag?post=39107"}],"curies":[{"name":"wp","href":"https:\/\/api.w.org\/{rel}","templated":true}]}}