{"id":39121,"date":"2025-05-15T17:59:09","date_gmt":"2025-05-15T15:59:09","guid":{"rendered":"https:\/\/www.axiomams.eu\/produktas\/delta-ohm-hd-988-tr1-temperaturas-raiditajs"},"modified":"2026-03-25T17:00:16","modified_gmt":"2026-03-25T15:00:16","slug":"delta-ohm-hd-988-tr1-temperaturas-raiditajs","status":"publish","type":"product","link":"https:\/\/www.axiomams.eu\/lv\/produktas\/delta-ohm-hd-988-tr1-temperaturas-raiditajs","title":{"rendered":"Delta OHM HD 988 TR1 temperat\u016bras raid\u012bt\u0101js"},"content":{"rendered":"<p>Delta OHM HD 988 TR1 ir 4\u00f720 mA konfigur\u0113jami raid\u012bt\u0101ji ar mikroprocesoru Pt100 plat\u012bna temperat\u016bras sensoram. Tie p\u0101rveido temperat\u016bras sv\u0101rst\u012bbas, kas konstat\u0113tas ar jebkuru standarta Pt100 sensoru (100\u03a9 pie 0\u00b0C), line\u0101r\u0101 str\u0101vas sign\u0101l\u0101 ar diviem vadiem 4\u00f720 mA.<\/p>\n<p>Standarta komplekt\u0101: ier\u012bce, lietot\u0101ja rokasgr\u0101mata.<\/p>\n<h3>Tehnisk\u0101 inform\u0101cija:<\/h3>\n<ul>\n<li><a href=\"https:\/\/axiomams.eu\/importer\/export\/attachments\/en\/delta-ohm-tr-988-tr1.pdf\" target=\"_blank\">Delta OHM TR 988 TR1.pdf<\/a><\/li>\n<\/ul>\n","protected":false},"excerpt":{"rendered":"<p>Delta OHM HD 988 TR1 ir 4\u00f720 mA konfigur\u0113jami raid\u012bt\u0101ji ar mikroprocesoru Pt100 plat\u012bna temperat\u016bras sensoram. Tie p\u0101rveido temperat\u016bras sv\u0101rst\u012bbas, kas konstat\u0113tas ar jebkuru standarta Pt100 sensoru (100\u03a9 pie 0\u00b0C), line\u0101r\u0101 str\u0101vas sign\u0101l\u0101 ar diviem vadiem 4\u00f720 mA. Standarta komplekt\u0101: ier\u012bce, lietot\u0101ja rokasgr\u0101mata. Tehnisk\u0101 inform\u0101cija: Delta OHM TR 988 TR1.pdf<\/p>\n","protected":false},"featured_media":41952,"comment_status":"open","ping_status":"closed","template":"","meta":{"_acf_changed":false},"product_brand":[740],"product_cat":[17721],"product_tag":[],"class_list":{"0":"post-39121","1":"product","2":"type-product","3":"status-publish","4":"has-post-thumbnail","6":"product_brand-delta-ohm","7":"product_cat-temperaturas-mitruma-spiediena-merijumiem","9":"first","10":"instock","11":"taxable","12":"shipping-taxable","13":"purchasable","14":"product-type-simple"},"acf":[],"yoast_head":"<!-- This site is optimized with the Yoast SEO plugin v27.0 - https:\/\/yoast.com\/product\/yoast-seo-wordpress\/ -->\n<title>Delta OHM HD 988 TR1 temperat\u016bras raid\u012bt\u0101js - AXIOMA MS<\/title>\n<meta name=\"robots\" content=\"index, follow, max-snippet:-1, max-image-preview:large, max-video-preview:-1\" \/>\n<link rel=\"canonical\" href=\"https:\/\/www.axiomams.eu\/lv\/produktas\/delta-ohm-hd-988-tr1-temperaturas-raiditajs\" \/>\n<meta property=\"og:locale\" content=\"lv_LV\" \/>\n<meta property=\"og:type\" content=\"article\" \/>\n<meta property=\"og:title\" content=\"Delta OHM HD 988 TR1 temperat\u016bras raid\u012bt\u0101js - AXIOMA MS\" \/>\n<meta property=\"og:description\" content=\"Delta OHM HD 988 TR1 ir 4\u00f720 mA konfigur\u0113jami raid\u012bt\u0101ji ar mikroprocesoru Pt100 plat\u012bna temperat\u016bras sensoram. Tie p\u0101rveido temperat\u016bras sv\u0101rst\u012bbas, kas konstat\u0113tas ar jebkuru standarta Pt100 sensoru (100\u03a9 pie 0\u00b0C), line\u0101r\u0101 str\u0101vas sign\u0101l\u0101 ar diviem vadiem 4\u00f720 mA. Standarta komplekt\u0101: ier\u012bce, lietot\u0101ja rokasgr\u0101mata. Tehnisk\u0101 inform\u0101cija: Delta OHM TR 988 TR1.pdf\" \/>\n<meta property=\"og:url\" content=\"https:\/\/www.axiomams.eu\/lv\/produktas\/delta-ohm-hd-988-tr1-temperaturas-raiditajs\" \/>\n<meta property=\"og:site_name\" content=\"AXIOMA MS\" \/>\n<meta property=\"article:publisher\" content=\"https:\/\/www.facebook.com\/AxiomaMS\" \/>\n<meta property=\"article:modified_time\" content=\"2026-03-25T15:00:16+00:00\" \/>\n<meta property=\"og:image\" content=\"https:\/\/www.axiomams.eu\/wp-content\/uploads\/2025\/07\/2110-2726.jpg\" \/>\n\t<meta property=\"og:image:width\" content=\"430\" \/>\n\t<meta property=\"og:image:height\" content=\"391\" \/>\n\t<meta property=\"og:image:type\" content=\"image\/jpeg\" \/>\n<meta name=\"twitter:card\" content=\"summary_large_image\" \/>\n<script type=\"application\/ld+json\" class=\"yoast-schema-graph\">{\"@context\":\"https:\/\/schema.org\",\"@graph\":[{\"@type\":\"WebPage\",\"@id\":\"https:\/\/www.axiomams.eu\/lv\/produktas\/delta-ohm-hd-988-tr1-temperaturas-raiditajs\",\"url\":\"https:\/\/www.axiomams.eu\/lv\/produktas\/delta-ohm-hd-988-tr1-temperaturas-raiditajs\",\"name\":\"Delta OHM HD 988 TR1 temperat\u016bras raid\u012bt\u0101js - AXIOMA MS\",\"isPartOf\":{\"@id\":\"https:\/\/www.axiomams.eu\/lv#website\"},\"primaryImageOfPage\":{\"@id\":\"https:\/\/www.axiomams.eu\/lv\/produktas\/delta-ohm-hd-988-tr1-temperaturas-raiditajs#primaryimage\"},\"image\":{\"@id\":\"https:\/\/www.axiomams.eu\/lv\/produktas\/delta-ohm-hd-988-tr1-temperaturas-raiditajs#primaryimage\"},\"thumbnailUrl\":\"https:\/\/www.axiomams.eu\/wp-content\/uploads\/2025\/07\/2110-2726.jpg\",\"datePublished\":\"2025-05-15T15:59:09+00:00\",\"dateModified\":\"2026-03-25T15:00:16+00:00\",\"breadcrumb\":{\"@id\":\"https:\/\/www.axiomams.eu\/lv\/produktas\/delta-ohm-hd-988-tr1-temperaturas-raiditajs#breadcrumb\"},\"inLanguage\":\"lv-LV\",\"potentialAction\":[{\"@type\":\"ReadAction\",\"target\":[\"https:\/\/www.axiomams.eu\/lv\/produktas\/delta-ohm-hd-988-tr1-temperaturas-raiditajs\"]}]},{\"@type\":\"ImageObject\",\"inLanguage\":\"lv-LV\",\"@id\":\"https:\/\/www.axiomams.eu\/lv\/produktas\/delta-ohm-hd-988-tr1-temperaturas-raiditajs#primaryimage\",\"url\":\"https:\/\/www.axiomams.eu\/wp-content\/uploads\/2025\/07\/2110-2726.jpg\",\"contentUrl\":\"https:\/\/www.axiomams.eu\/wp-content\/uploads\/2025\/07\/2110-2726.jpg\",\"width\":430,\"height\":391},{\"@type\":\"BreadcrumbList\",\"@id\":\"https:\/\/www.axiomams.eu\/lv\/produktas\/delta-ohm-hd-988-tr1-temperaturas-raiditajs#breadcrumb\",\"itemListElement\":[{\"@type\":\"ListItem\",\"position\":1,\"name\":\"Home\",\"item\":\"https:\/\/www.axiomams.eu\/lv\"},{\"@type\":\"ListItem\",\"position\":2,\"name\":\"Produkti\",\"item\":\"https:\/\/www.axiomams.eu\/lv\/produkti\"},{\"@type\":\"ListItem\",\"position\":3,\"name\":\"Delta OHM HD 988 TR1 temperat\u016bras raid\u012bt\u0101js\"}]},{\"@type\":\"WebSite\",\"@id\":\"https:\/\/www.axiomams.eu\/lv#website\",\"url\":\"https:\/\/www.axiomams.eu\/lv\",\"name\":\"AXIOMA MS\",\"description\":\"Terrmovizoriai ir matavimo \u012franga\",\"publisher\":{\"@id\":\"https:\/\/www.axiomams.eu\/lv#organization\"},\"potentialAction\":[{\"@type\":\"SearchAction\",\"target\":{\"@type\":\"EntryPoint\",\"urlTemplate\":\"https:\/\/www.axiomams.eu\/lv?s={search_term_string}\"},\"query-input\":{\"@type\":\"PropertyValueSpecification\",\"valueRequired\":true,\"valueName\":\"search_term_string\"}}],\"inLanguage\":\"lv-LV\"},{\"@type\":\"Organization\",\"@id\":\"https:\/\/www.axiomams.eu\/lv#organization\",\"name\":\"AXIOMA MS\",\"url\":\"https:\/\/www.axiomams.eu\/lv\",\"logo\":{\"@type\":\"ImageObject\",\"inLanguage\":\"lv-LV\",\"@id\":\"https:\/\/www.axiomams.eu\/lv#\/schema\/logo\/image\/\",\"url\":\"https:\/\/www.axiomams.eu\/wp-content\/uploads\/2025\/06\/axioma-logo-2.png\",\"contentUrl\":\"https:\/\/www.axiomams.eu\/wp-content\/uploads\/2025\/06\/axioma-logo-2.png\",\"width\":1200,\"height\":1200,\"caption\":\"AXIOMA MS\"},\"image\":{\"@id\":\"https:\/\/www.axiomams.eu\/lv#\/schema\/logo\/image\/\"},\"sameAs\":[\"https:\/\/www.facebook.com\/AxiomaMS\",\"https:\/\/www.linkedin.com\/company\/axiomams\/\"]}]}<\/script>\n<!-- \/ Yoast SEO plugin. -->","yoast_head_json":{"title":"Delta OHM HD 988 TR1 temperat\u016bras raid\u012bt\u0101js - AXIOMA MS","robots":{"index":"index","follow":"follow","max-snippet":"max-snippet:-1","max-image-preview":"max-image-preview:large","max-video-preview":"max-video-preview:-1"},"canonical":"https:\/\/www.axiomams.eu\/lv\/produktas\/delta-ohm-hd-988-tr1-temperaturas-raiditajs","og_locale":"lv_LV","og_type":"article","og_title":"Delta OHM HD 988 TR1 temperat\u016bras raid\u012bt\u0101js - AXIOMA MS","og_description":"Delta OHM HD 988 TR1 ir 4\u00f720 mA konfigur\u0113jami raid\u012bt\u0101ji ar mikroprocesoru Pt100 plat\u012bna temperat\u016bras sensoram. Tie p\u0101rveido temperat\u016bras sv\u0101rst\u012bbas, kas konstat\u0113tas ar jebkuru standarta Pt100 sensoru (100\u03a9 pie 0\u00b0C), line\u0101r\u0101 str\u0101vas sign\u0101l\u0101 ar diviem vadiem 4\u00f720 mA. Standarta komplekt\u0101: ier\u012bce, lietot\u0101ja rokasgr\u0101mata. Tehnisk\u0101 inform\u0101cija: Delta OHM TR 988 TR1.pdf","og_url":"https:\/\/www.axiomams.eu\/lv\/produktas\/delta-ohm-hd-988-tr1-temperaturas-raiditajs","og_site_name":"AXIOMA MS","article_publisher":"https:\/\/www.facebook.com\/AxiomaMS","article_modified_time":"2026-03-25T15:00:16+00:00","og_image":[{"width":430,"height":391,"url":"https:\/\/www.axiomams.eu\/wp-content\/uploads\/2025\/07\/2110-2726.jpg","type":"image\/jpeg"}],"twitter_card":"summary_large_image","schema":{"@context":"https:\/\/schema.org","@graph":[{"@type":"WebPage","@id":"https:\/\/www.axiomams.eu\/lv\/produktas\/delta-ohm-hd-988-tr1-temperaturas-raiditajs","url":"https:\/\/www.axiomams.eu\/lv\/produktas\/delta-ohm-hd-988-tr1-temperaturas-raiditajs","name":"Delta OHM HD 988 TR1 temperat\u016bras raid\u012bt\u0101js - AXIOMA MS","isPartOf":{"@id":"https:\/\/www.axiomams.eu\/lv#website"},"primaryImageOfPage":{"@id":"https:\/\/www.axiomams.eu\/lv\/produktas\/delta-ohm-hd-988-tr1-temperaturas-raiditajs#primaryimage"},"image":{"@id":"https:\/\/www.axiomams.eu\/lv\/produktas\/delta-ohm-hd-988-tr1-temperaturas-raiditajs#primaryimage"},"thumbnailUrl":"https:\/\/www.axiomams.eu\/wp-content\/uploads\/2025\/07\/2110-2726.jpg","datePublished":"2025-05-15T15:59:09+00:00","dateModified":"2026-03-25T15:00:16+00:00","breadcrumb":{"@id":"https:\/\/www.axiomams.eu\/lv\/produktas\/delta-ohm-hd-988-tr1-temperaturas-raiditajs#breadcrumb"},"inLanguage":"lv-LV","potentialAction":[{"@type":"ReadAction","target":["https:\/\/www.axiomams.eu\/lv\/produktas\/delta-ohm-hd-988-tr1-temperaturas-raiditajs"]}]},{"@type":"ImageObject","inLanguage":"lv-LV","@id":"https:\/\/www.axiomams.eu\/lv\/produktas\/delta-ohm-hd-988-tr1-temperaturas-raiditajs#primaryimage","url":"https:\/\/www.axiomams.eu\/wp-content\/uploads\/2025\/07\/2110-2726.jpg","contentUrl":"https:\/\/www.axiomams.eu\/wp-content\/uploads\/2025\/07\/2110-2726.jpg","width":430,"height":391},{"@type":"BreadcrumbList","@id":"https:\/\/www.axiomams.eu\/lv\/produktas\/delta-ohm-hd-988-tr1-temperaturas-raiditajs#breadcrumb","itemListElement":[{"@type":"ListItem","position":1,"name":"Home","item":"https:\/\/www.axiomams.eu\/lv"},{"@type":"ListItem","position":2,"name":"Produkti","item":"https:\/\/www.axiomams.eu\/lv\/produkti"},{"@type":"ListItem","position":3,"name":"Delta OHM HD 988 TR1 temperat\u016bras raid\u012bt\u0101js"}]},{"@type":"WebSite","@id":"https:\/\/www.axiomams.eu\/lv#website","url":"https:\/\/www.axiomams.eu\/lv","name":"AXIOMA MS","description":"Terrmovizoriai ir matavimo \u012franga","publisher":{"@id":"https:\/\/www.axiomams.eu\/lv#organization"},"potentialAction":[{"@type":"SearchAction","target":{"@type":"EntryPoint","urlTemplate":"https:\/\/www.axiomams.eu\/lv?s={search_term_string}"},"query-input":{"@type":"PropertyValueSpecification","valueRequired":true,"valueName":"search_term_string"}}],"inLanguage":"lv-LV"},{"@type":"Organization","@id":"https:\/\/www.axiomams.eu\/lv#organization","name":"AXIOMA MS","url":"https:\/\/www.axiomams.eu\/lv","logo":{"@type":"ImageObject","inLanguage":"lv-LV","@id":"https:\/\/www.axiomams.eu\/lv#\/schema\/logo\/image\/","url":"https:\/\/www.axiomams.eu\/wp-content\/uploads\/2025\/06\/axioma-logo-2.png","contentUrl":"https:\/\/www.axiomams.eu\/wp-content\/uploads\/2025\/06\/axioma-logo-2.png","width":1200,"height":1200,"caption":"AXIOMA MS"},"image":{"@id":"https:\/\/www.axiomams.eu\/lv#\/schema\/logo\/image\/"},"sameAs":["https:\/\/www.facebook.com\/AxiomaMS","https:\/\/www.linkedin.com\/company\/axiomams\/"]}]}},"_links":{"self":[{"href":"https:\/\/www.axiomams.eu\/lv\/wp-json\/wp\/v2\/product\/39121","targetHints":{"allow":["GET"]}}],"collection":[{"href":"https:\/\/www.axiomams.eu\/lv\/wp-json\/wp\/v2\/product"}],"about":[{"href":"https:\/\/www.axiomams.eu\/lv\/wp-json\/wp\/v2\/types\/product"}],"replies":[{"embeddable":true,"href":"https:\/\/www.axiomams.eu\/lv\/wp-json\/wp\/v2\/comments?post=39121"}],"wp:featuredmedia":[{"embeddable":true,"href":"https:\/\/www.axiomams.eu\/lv\/wp-json\/wp\/v2\/media\/41952"}],"wp:attachment":[{"href":"https:\/\/www.axiomams.eu\/lv\/wp-json\/wp\/v2\/media?parent=39121"}],"wp:term":[{"taxonomy":"product_brand","embeddable":true,"href":"https:\/\/www.axiomams.eu\/lv\/wp-json\/wp\/v2\/product_brand?post=39121"},{"taxonomy":"product_cat","embeddable":true,"href":"https:\/\/www.axiomams.eu\/lv\/wp-json\/wp\/v2\/product_cat?post=39121"},{"taxonomy":"product_tag","embeddable":true,"href":"https:\/\/www.axiomams.eu\/lv\/wp-json\/wp\/v2\/product_tag?post=39121"}],"curies":[{"name":"wp","href":"https:\/\/api.w.org\/{rel}","templated":true}]}}