{"id":39125,"date":"2025-05-15T17:59:14","date_gmt":"2025-05-15T15:59:14","guid":{"rendered":"https:\/\/www.axiomams.eu\/produktas\/delta-ohm-hd2101-2-temperaturas-un-mitruma-meritajs"},"modified":"2026-03-25T17:00:17","modified_gmt":"2026-03-25T15:00:17","slug":"delta-ohm-hd2101-2-temperaturas-un-mitruma-meritajs","status":"publish","type":"product","link":"https:\/\/www.axiomams.eu\/lv\/produktas\/delta-ohm-hd2101-2-temperaturas-un-mitruma-meritajs","title":{"rendered":"Delta OHM HD2101.2 temperat\u016bras un mitruma m\u0113r\u012bt\u0101js"},"content":{"rendered":"<p>HD2101.2 ir portat\u012bvs instruments ar lielu LCD displeju relat\u012bv\u0101 mitruma un temperat\u016bras m\u0113r\u012b\u0161anai, izmantojot Pt100 sensoru vai termop\u0101ru zondi. Nelieli, bet ar augstu aizsardz\u012bbas pak\u0101pi, viegli main\u0101miem sensoriem pal\u012bdz veikt m\u0113r\u012bjumus \u0101tri un prec\u012bzi.<\/p>\n<p>Standarta komplekts: ier\u012bce, lieto\u0161anas pam\u0101c\u012bba, apvalks, programmat\u016bra (sensori pas\u016bt\u012bti atsevi\u0161\u0137i).<\/p>\n<h3>Tehnisk\u0101 inform\u0101cija:<\/h3>\n<ul>\n<li><a href=\"https:\/\/axiomams.eu\/importer\/export\/attachments\/en\/hd2101_en.pdf\" target=\"_blank\">HD2101_en.pdf<\/a><\/li>\n<\/ul>\n","protected":false},"excerpt":{"rendered":"<p>HD2101.2 ir portat\u012bvs instruments ar lielu LCD displeju relat\u012bv\u0101 mitruma un temperat\u016bras m\u0113r\u012b\u0161anai, izmantojot Pt100 sensoru vai termop\u0101ru zondi. Nelieli, bet ar augstu aizsardz\u012bbas pak\u0101pi, viegli main\u0101miem sensoriem pal\u012bdz veikt m\u0113r\u012bjumus \u0101tri un prec\u012bzi. Standarta komplekts: ier\u012bce, lieto\u0161anas pam\u0101c\u012bba, apvalks, programmat\u016bra (sensori pas\u016bt\u012bti atsevi\u0161\u0137i). Tehnisk\u0101 inform\u0101cija: HD2101_en.pdf<\/p>\n","protected":false},"featured_media":41960,"comment_status":"open","ping_status":"closed","template":"","meta":{"_acf_changed":false},"product_brand":[740],"product_cat":[17721],"product_tag":[],"class_list":{"0":"post-39125","1":"product","2":"type-product","3":"status-publish","4":"has-post-thumbnail","6":"product_brand-delta-ohm","7":"product_cat-temperaturas-mitruma-spiediena-merijumiem","9":"first","10":"instock","11":"taxable","12":"shipping-taxable","13":"purchasable","14":"product-type-simple"},"acf":[],"yoast_head":"<!-- This site is optimized with the Yoast SEO plugin v27.0 - https:\/\/yoast.com\/product\/yoast-seo-wordpress\/ -->\n<title>Delta OHM HD2101.2 temperat\u016bras un mitruma m\u0113r\u012bt\u0101js - AXIOMA MS<\/title>\n<meta name=\"robots\" content=\"index, follow, max-snippet:-1, max-image-preview:large, max-video-preview:-1\" \/>\n<link rel=\"canonical\" href=\"https:\/\/www.axiomams.eu\/lv\/produktas\/delta-ohm-hd2101-2-temperaturas-un-mitruma-meritajs\" \/>\n<meta property=\"og:locale\" content=\"lv_LV\" \/>\n<meta property=\"og:type\" content=\"article\" \/>\n<meta property=\"og:title\" content=\"Delta OHM HD2101.2 temperat\u016bras un mitruma m\u0113r\u012bt\u0101js - AXIOMA MS\" \/>\n<meta property=\"og:description\" content=\"HD2101.2 ir portat\u012bvs instruments ar lielu LCD displeju relat\u012bv\u0101 mitruma un temperat\u016bras m\u0113r\u012b\u0161anai, izmantojot Pt100 sensoru vai termop\u0101ru zondi. Nelieli, bet ar augstu aizsardz\u012bbas pak\u0101pi, viegli main\u0101miem sensoriem pal\u012bdz veikt m\u0113r\u012bjumus \u0101tri un prec\u012bzi. Standarta komplekts: ier\u012bce, lieto\u0161anas pam\u0101c\u012bba, apvalks, programmat\u016bra (sensori pas\u016bt\u012bti atsevi\u0161\u0137i). Tehnisk\u0101 inform\u0101cija: HD2101_en.pdf\" \/>\n<meta property=\"og:url\" content=\"https:\/\/www.axiomams.eu\/lv\/produktas\/delta-ohm-hd2101-2-temperaturas-un-mitruma-meritajs\" \/>\n<meta property=\"og:site_name\" content=\"AXIOMA MS\" \/>\n<meta property=\"article:publisher\" content=\"https:\/\/www.facebook.com\/AxiomaMS\" \/>\n<meta property=\"article:modified_time\" content=\"2026-03-25T15:00:17+00:00\" \/>\n<meta property=\"og:image\" content=\"https:\/\/www.axiomams.eu\/wp-content\/uploads\/2025\/07\/116-695.jpg\" \/>\n\t<meta property=\"og:image:width\" content=\"1000\" \/>\n\t<meta property=\"og:image:height\" content=\"1000\" \/>\n\t<meta property=\"og:image:type\" content=\"image\/jpeg\" \/>\n<meta name=\"twitter:card\" content=\"summary_large_image\" \/>\n<script type=\"application\/ld+json\" class=\"yoast-schema-graph\">{\"@context\":\"https:\/\/schema.org\",\"@graph\":[{\"@type\":\"WebPage\",\"@id\":\"https:\/\/www.axiomams.eu\/lv\/produktas\/delta-ohm-hd2101-2-temperaturas-un-mitruma-meritajs\",\"url\":\"https:\/\/www.axiomams.eu\/lv\/produktas\/delta-ohm-hd2101-2-temperaturas-un-mitruma-meritajs\",\"name\":\"Delta OHM HD2101.2 temperat\u016bras un mitruma m\u0113r\u012bt\u0101js - AXIOMA MS\",\"isPartOf\":{\"@id\":\"https:\/\/www.axiomams.eu\/lv#website\"},\"primaryImageOfPage\":{\"@id\":\"https:\/\/www.axiomams.eu\/lv\/produktas\/delta-ohm-hd2101-2-temperaturas-un-mitruma-meritajs#primaryimage\"},\"image\":{\"@id\":\"https:\/\/www.axiomams.eu\/lv\/produktas\/delta-ohm-hd2101-2-temperaturas-un-mitruma-meritajs#primaryimage\"},\"thumbnailUrl\":\"https:\/\/www.axiomams.eu\/wp-content\/uploads\/2025\/07\/116-695.jpg\",\"datePublished\":\"2025-05-15T15:59:14+00:00\",\"dateModified\":\"2026-03-25T15:00:17+00:00\",\"breadcrumb\":{\"@id\":\"https:\/\/www.axiomams.eu\/lv\/produktas\/delta-ohm-hd2101-2-temperaturas-un-mitruma-meritajs#breadcrumb\"},\"inLanguage\":\"lv-LV\",\"potentialAction\":[{\"@type\":\"ReadAction\",\"target\":[\"https:\/\/www.axiomams.eu\/lv\/produktas\/delta-ohm-hd2101-2-temperaturas-un-mitruma-meritajs\"]}]},{\"@type\":\"ImageObject\",\"inLanguage\":\"lv-LV\",\"@id\":\"https:\/\/www.axiomams.eu\/lv\/produktas\/delta-ohm-hd2101-2-temperaturas-un-mitruma-meritajs#primaryimage\",\"url\":\"https:\/\/www.axiomams.eu\/wp-content\/uploads\/2025\/07\/116-695.jpg\",\"contentUrl\":\"https:\/\/www.axiomams.eu\/wp-content\/uploads\/2025\/07\/116-695.jpg\",\"width\":1000,\"height\":1000},{\"@type\":\"BreadcrumbList\",\"@id\":\"https:\/\/www.axiomams.eu\/lv\/produktas\/delta-ohm-hd2101-2-temperaturas-un-mitruma-meritajs#breadcrumb\",\"itemListElement\":[{\"@type\":\"ListItem\",\"position\":1,\"name\":\"Home\",\"item\":\"https:\/\/www.axiomams.eu\/lv\"},{\"@type\":\"ListItem\",\"position\":2,\"name\":\"Produkti\",\"item\":\"https:\/\/www.axiomams.eu\/lv\/produkti\"},{\"@type\":\"ListItem\",\"position\":3,\"name\":\"Delta OHM HD2101.2 temperat\u016bras un mitruma m\u0113r\u012bt\u0101js\"}]},{\"@type\":\"WebSite\",\"@id\":\"https:\/\/www.axiomams.eu\/lv#website\",\"url\":\"https:\/\/www.axiomams.eu\/lv\",\"name\":\"AXIOMA MS\",\"description\":\"Terrmovizoriai ir matavimo \u012franga\",\"publisher\":{\"@id\":\"https:\/\/www.axiomams.eu\/lv#organization\"},\"potentialAction\":[{\"@type\":\"SearchAction\",\"target\":{\"@type\":\"EntryPoint\",\"urlTemplate\":\"https:\/\/www.axiomams.eu\/lv?s={search_term_string}\"},\"query-input\":{\"@type\":\"PropertyValueSpecification\",\"valueRequired\":true,\"valueName\":\"search_term_string\"}}],\"inLanguage\":\"lv-LV\"},{\"@type\":\"Organization\",\"@id\":\"https:\/\/www.axiomams.eu\/lv#organization\",\"name\":\"AXIOMA MS\",\"url\":\"https:\/\/www.axiomams.eu\/lv\",\"logo\":{\"@type\":\"ImageObject\",\"inLanguage\":\"lv-LV\",\"@id\":\"https:\/\/www.axiomams.eu\/lv#\/schema\/logo\/image\/\",\"url\":\"https:\/\/www.axiomams.eu\/wp-content\/uploads\/2025\/06\/axioma-logo-2.png\",\"contentUrl\":\"https:\/\/www.axiomams.eu\/wp-content\/uploads\/2025\/06\/axioma-logo-2.png\",\"width\":1200,\"height\":1200,\"caption\":\"AXIOMA MS\"},\"image\":{\"@id\":\"https:\/\/www.axiomams.eu\/lv#\/schema\/logo\/image\/\"},\"sameAs\":[\"https:\/\/www.facebook.com\/AxiomaMS\",\"https:\/\/www.linkedin.com\/company\/axiomams\/\"]}]}<\/script>\n<!-- \/ Yoast SEO plugin. -->","yoast_head_json":{"title":"Delta OHM HD2101.2 temperat\u016bras un mitruma m\u0113r\u012bt\u0101js - AXIOMA MS","robots":{"index":"index","follow":"follow","max-snippet":"max-snippet:-1","max-image-preview":"max-image-preview:large","max-video-preview":"max-video-preview:-1"},"canonical":"https:\/\/www.axiomams.eu\/lv\/produktas\/delta-ohm-hd2101-2-temperaturas-un-mitruma-meritajs","og_locale":"lv_LV","og_type":"article","og_title":"Delta OHM HD2101.2 temperat\u016bras un mitruma m\u0113r\u012bt\u0101js - AXIOMA MS","og_description":"HD2101.2 ir portat\u012bvs instruments ar lielu LCD displeju relat\u012bv\u0101 mitruma un temperat\u016bras m\u0113r\u012b\u0161anai, izmantojot Pt100 sensoru vai termop\u0101ru zondi. Nelieli, bet ar augstu aizsardz\u012bbas pak\u0101pi, viegli main\u0101miem sensoriem pal\u012bdz veikt m\u0113r\u012bjumus \u0101tri un prec\u012bzi. Standarta komplekts: ier\u012bce, lieto\u0161anas pam\u0101c\u012bba, apvalks, programmat\u016bra (sensori pas\u016bt\u012bti atsevi\u0161\u0137i). Tehnisk\u0101 inform\u0101cija: HD2101_en.pdf","og_url":"https:\/\/www.axiomams.eu\/lv\/produktas\/delta-ohm-hd2101-2-temperaturas-un-mitruma-meritajs","og_site_name":"AXIOMA MS","article_publisher":"https:\/\/www.facebook.com\/AxiomaMS","article_modified_time":"2026-03-25T15:00:17+00:00","og_image":[{"width":1000,"height":1000,"url":"https:\/\/www.axiomams.eu\/wp-content\/uploads\/2025\/07\/116-695.jpg","type":"image\/jpeg"}],"twitter_card":"summary_large_image","schema":{"@context":"https:\/\/schema.org","@graph":[{"@type":"WebPage","@id":"https:\/\/www.axiomams.eu\/lv\/produktas\/delta-ohm-hd2101-2-temperaturas-un-mitruma-meritajs","url":"https:\/\/www.axiomams.eu\/lv\/produktas\/delta-ohm-hd2101-2-temperaturas-un-mitruma-meritajs","name":"Delta OHM HD2101.2 temperat\u016bras un mitruma m\u0113r\u012bt\u0101js - AXIOMA MS","isPartOf":{"@id":"https:\/\/www.axiomams.eu\/lv#website"},"primaryImageOfPage":{"@id":"https:\/\/www.axiomams.eu\/lv\/produktas\/delta-ohm-hd2101-2-temperaturas-un-mitruma-meritajs#primaryimage"},"image":{"@id":"https:\/\/www.axiomams.eu\/lv\/produktas\/delta-ohm-hd2101-2-temperaturas-un-mitruma-meritajs#primaryimage"},"thumbnailUrl":"https:\/\/www.axiomams.eu\/wp-content\/uploads\/2025\/07\/116-695.jpg","datePublished":"2025-05-15T15:59:14+00:00","dateModified":"2026-03-25T15:00:17+00:00","breadcrumb":{"@id":"https:\/\/www.axiomams.eu\/lv\/produktas\/delta-ohm-hd2101-2-temperaturas-un-mitruma-meritajs#breadcrumb"},"inLanguage":"lv-LV","potentialAction":[{"@type":"ReadAction","target":["https:\/\/www.axiomams.eu\/lv\/produktas\/delta-ohm-hd2101-2-temperaturas-un-mitruma-meritajs"]}]},{"@type":"ImageObject","inLanguage":"lv-LV","@id":"https:\/\/www.axiomams.eu\/lv\/produktas\/delta-ohm-hd2101-2-temperaturas-un-mitruma-meritajs#primaryimage","url":"https:\/\/www.axiomams.eu\/wp-content\/uploads\/2025\/07\/116-695.jpg","contentUrl":"https:\/\/www.axiomams.eu\/wp-content\/uploads\/2025\/07\/116-695.jpg","width":1000,"height":1000},{"@type":"BreadcrumbList","@id":"https:\/\/www.axiomams.eu\/lv\/produktas\/delta-ohm-hd2101-2-temperaturas-un-mitruma-meritajs#breadcrumb","itemListElement":[{"@type":"ListItem","position":1,"name":"Home","item":"https:\/\/www.axiomams.eu\/lv"},{"@type":"ListItem","position":2,"name":"Produkti","item":"https:\/\/www.axiomams.eu\/lv\/produkti"},{"@type":"ListItem","position":3,"name":"Delta OHM HD2101.2 temperat\u016bras un mitruma m\u0113r\u012bt\u0101js"}]},{"@type":"WebSite","@id":"https:\/\/www.axiomams.eu\/lv#website","url":"https:\/\/www.axiomams.eu\/lv","name":"AXIOMA MS","description":"Terrmovizoriai ir matavimo \u012franga","publisher":{"@id":"https:\/\/www.axiomams.eu\/lv#organization"},"potentialAction":[{"@type":"SearchAction","target":{"@type":"EntryPoint","urlTemplate":"https:\/\/www.axiomams.eu\/lv?s={search_term_string}"},"query-input":{"@type":"PropertyValueSpecification","valueRequired":true,"valueName":"search_term_string"}}],"inLanguage":"lv-LV"},{"@type":"Organization","@id":"https:\/\/www.axiomams.eu\/lv#organization","name":"AXIOMA MS","url":"https:\/\/www.axiomams.eu\/lv","logo":{"@type":"ImageObject","inLanguage":"lv-LV","@id":"https:\/\/www.axiomams.eu\/lv#\/schema\/logo\/image\/","url":"https:\/\/www.axiomams.eu\/wp-content\/uploads\/2025\/06\/axioma-logo-2.png","contentUrl":"https:\/\/www.axiomams.eu\/wp-content\/uploads\/2025\/06\/axioma-logo-2.png","width":1200,"height":1200,"caption":"AXIOMA MS"},"image":{"@id":"https:\/\/www.axiomams.eu\/lv#\/schema\/logo\/image\/"},"sameAs":["https:\/\/www.facebook.com\/AxiomaMS","https:\/\/www.linkedin.com\/company\/axiomams\/"]}]}},"_links":{"self":[{"href":"https:\/\/www.axiomams.eu\/lv\/wp-json\/wp\/v2\/product\/39125","targetHints":{"allow":["GET"]}}],"collection":[{"href":"https:\/\/www.axiomams.eu\/lv\/wp-json\/wp\/v2\/product"}],"about":[{"href":"https:\/\/www.axiomams.eu\/lv\/wp-json\/wp\/v2\/types\/product"}],"replies":[{"embeddable":true,"href":"https:\/\/www.axiomams.eu\/lv\/wp-json\/wp\/v2\/comments?post=39125"}],"wp:featuredmedia":[{"embeddable":true,"href":"https:\/\/www.axiomams.eu\/lv\/wp-json\/wp\/v2\/media\/41960"}],"wp:attachment":[{"href":"https:\/\/www.axiomams.eu\/lv\/wp-json\/wp\/v2\/media?parent=39125"}],"wp:term":[{"taxonomy":"product_brand","embeddable":true,"href":"https:\/\/www.axiomams.eu\/lv\/wp-json\/wp\/v2\/product_brand?post=39125"},{"taxonomy":"product_cat","embeddable":true,"href":"https:\/\/www.axiomams.eu\/lv\/wp-json\/wp\/v2\/product_cat?post=39125"},{"taxonomy":"product_tag","embeddable":true,"href":"https:\/\/www.axiomams.eu\/lv\/wp-json\/wp\/v2\/product_tag?post=39125"}],"curies":[{"name":"wp","href":"https:\/\/api.w.org\/{rel}","templated":true}]}}