{"id":39127,"date":"2025-05-15T17:59:15","date_gmt":"2025-05-15T15:59:15","guid":{"rendered":"https:\/\/www.axiomams.eu\/produktas\/delta-ohm-hd2124-1-spiediena-meritajs"},"modified":"2026-03-25T17:00:19","modified_gmt":"2026-03-25T15:00:19","slug":"delta-ohm-hd2124-1-spiediena-meritajs","status":"publish","type":"product","link":"https:\/\/www.axiomams.eu\/lv\/produktas\/delta-ohm-hd2124-1-spiediena-meritajs","title":{"rendered":"Delta OHM HD2124.1 spiediena m\u0113r\u012bt\u0101js"},"content":{"rendered":"<p>Portat\u012bvs instruments ar lielu LCD displeju. Tas veic absol\u016bt\u0101, relat\u012bv\u0101 un diferenci\u0101l\u0101 spiediena un temperat\u016bras m\u0113r\u012bjumus. Zondes autom\u0101tisk\u0101 noteik\u0161ana atvieglo to nomai\u0146u uz vietas. Max, min, avg funkcijas pal\u012bdz veikt anal\u012bzi m\u0113r\u012b\u0161anas laik\u0101.<\/p>\n<p> Standarta komplekts: m\u0113rinstruments, lieto\u0161anas instrukcija, futr\u0101lis, programmat\u016bra (zondes j\u0101piesaka atsevi\u0161\u0137i).<\/p>\n<h3>Tehnisk\u0101 inform\u0101cija:<\/h3>\n<ul>\n<li><a href=\"https:\/\/axiomams.eu\/importer\/export\/attachments\/en\/hd2124_en.pdf\" target=\"_blank\">hd2124_en.pdf<\/a><\/li>\n<\/ul>\n","protected":false},"excerpt":{"rendered":"<p>Portat\u012bvs instruments ar lielu LCD displeju. Tas veic absol\u016bt\u0101, relat\u012bv\u0101 un diferenci\u0101l\u0101 spiediena un temperat\u016bras m\u0113r\u012bjumus. Zondes autom\u0101tisk\u0101 noteik\u0161ana atvieglo to nomai\u0146u uz vietas. Max, min, avg funkcijas pal\u012bdz veikt anal\u012bzi m\u0113r\u012b\u0161anas laik\u0101. Standarta komplekts: m\u0113rinstruments, lieto\u0161anas instrukcija, futr\u0101lis, programmat\u016bra (zondes j\u0101piesaka atsevi\u0161\u0137i). Tehnisk\u0101 inform\u0101cija: hd2124_en.pdf<\/p>\n","protected":false},"featured_media":41964,"comment_status":"open","ping_status":"closed","template":"","meta":{"_acf_changed":false},"product_brand":[740],"product_cat":[17721],"product_tag":[],"class_list":{"0":"post-39127","1":"product","2":"type-product","3":"status-publish","4":"has-post-thumbnail","6":"product_brand-delta-ohm","7":"product_cat-temperaturas-mitruma-spiediena-merijumiem","9":"first","10":"instock","11":"taxable","12":"shipping-taxable","13":"purchasable","14":"product-type-simple"},"acf":[],"yoast_head":"<!-- This site is optimized with the Yoast SEO plugin v27.0 - https:\/\/yoast.com\/product\/yoast-seo-wordpress\/ -->\n<title>Delta OHM HD2124.1 spiediena m\u0113r\u012bt\u0101js - AXIOMA MS<\/title>\n<meta name=\"robots\" content=\"index, follow, max-snippet:-1, max-image-preview:large, max-video-preview:-1\" \/>\n<link rel=\"canonical\" href=\"https:\/\/www.axiomams.eu\/lv\/produktas\/delta-ohm-hd2124-1-spiediena-meritajs\" \/>\n<meta property=\"og:locale\" content=\"lv_LV\" \/>\n<meta property=\"og:type\" content=\"article\" \/>\n<meta property=\"og:title\" content=\"Delta OHM HD2124.1 spiediena m\u0113r\u012bt\u0101js - AXIOMA MS\" \/>\n<meta property=\"og:description\" content=\"Portat\u012bvs instruments ar lielu LCD displeju. Tas veic absol\u016bt\u0101, relat\u012bv\u0101 un diferenci\u0101l\u0101 spiediena un temperat\u016bras m\u0113r\u012bjumus. Zondes autom\u0101tisk\u0101 noteik\u0161ana atvieglo to nomai\u0146u uz vietas. Max, min, avg funkcijas pal\u012bdz veikt anal\u012bzi m\u0113r\u012b\u0161anas laik\u0101. Standarta komplekts: m\u0113rinstruments, lieto\u0161anas instrukcija, futr\u0101lis, programmat\u016bra (zondes j\u0101piesaka atsevi\u0161\u0137i). Tehnisk\u0101 inform\u0101cija: hd2124_en.pdf\" \/>\n<meta property=\"og:url\" content=\"https:\/\/www.axiomams.eu\/lv\/produktas\/delta-ohm-hd2124-1-spiediena-meritajs\" \/>\n<meta property=\"og:site_name\" content=\"AXIOMA MS\" \/>\n<meta property=\"article:publisher\" content=\"https:\/\/www.facebook.com\/AxiomaMS\" \/>\n<meta property=\"article:modified_time\" content=\"2026-03-25T15:00:19+00:00\" \/>\n<meta property=\"og:image\" content=\"https:\/\/www.axiomams.eu\/wp-content\/uploads\/2025\/07\/672-688.jpg\" \/>\n\t<meta property=\"og:image:width\" content=\"600\" \/>\n\t<meta property=\"og:image:height\" content=\"600\" \/>\n\t<meta property=\"og:image:type\" content=\"image\/jpeg\" \/>\n<meta name=\"twitter:card\" content=\"summary_large_image\" \/>\n<script type=\"application\/ld+json\" class=\"yoast-schema-graph\">{\"@context\":\"https:\/\/schema.org\",\"@graph\":[{\"@type\":\"WebPage\",\"@id\":\"https:\/\/www.axiomams.eu\/lv\/produktas\/delta-ohm-hd2124-1-spiediena-meritajs\",\"url\":\"https:\/\/www.axiomams.eu\/lv\/produktas\/delta-ohm-hd2124-1-spiediena-meritajs\",\"name\":\"Delta OHM HD2124.1 spiediena m\u0113r\u012bt\u0101js - AXIOMA MS\",\"isPartOf\":{\"@id\":\"https:\/\/www.axiomams.eu\/lv#website\"},\"primaryImageOfPage\":{\"@id\":\"https:\/\/www.axiomams.eu\/lv\/produktas\/delta-ohm-hd2124-1-spiediena-meritajs#primaryimage\"},\"image\":{\"@id\":\"https:\/\/www.axiomams.eu\/lv\/produktas\/delta-ohm-hd2124-1-spiediena-meritajs#primaryimage\"},\"thumbnailUrl\":\"https:\/\/www.axiomams.eu\/wp-content\/uploads\/2025\/07\/672-688.jpg\",\"datePublished\":\"2025-05-15T15:59:15+00:00\",\"dateModified\":\"2026-03-25T15:00:19+00:00\",\"breadcrumb\":{\"@id\":\"https:\/\/www.axiomams.eu\/lv\/produktas\/delta-ohm-hd2124-1-spiediena-meritajs#breadcrumb\"},\"inLanguage\":\"lv-LV\",\"potentialAction\":[{\"@type\":\"ReadAction\",\"target\":[\"https:\/\/www.axiomams.eu\/lv\/produktas\/delta-ohm-hd2124-1-spiediena-meritajs\"]}]},{\"@type\":\"ImageObject\",\"inLanguage\":\"lv-LV\",\"@id\":\"https:\/\/www.axiomams.eu\/lv\/produktas\/delta-ohm-hd2124-1-spiediena-meritajs#primaryimage\",\"url\":\"https:\/\/www.axiomams.eu\/wp-content\/uploads\/2025\/07\/672-688.jpg\",\"contentUrl\":\"https:\/\/www.axiomams.eu\/wp-content\/uploads\/2025\/07\/672-688.jpg\",\"width\":600,\"height\":600},{\"@type\":\"BreadcrumbList\",\"@id\":\"https:\/\/www.axiomams.eu\/lv\/produktas\/delta-ohm-hd2124-1-spiediena-meritajs#breadcrumb\",\"itemListElement\":[{\"@type\":\"ListItem\",\"position\":1,\"name\":\"Home\",\"item\":\"https:\/\/www.axiomams.eu\/lv\"},{\"@type\":\"ListItem\",\"position\":2,\"name\":\"Produkti\",\"item\":\"https:\/\/www.axiomams.eu\/lv\/produkti\"},{\"@type\":\"ListItem\",\"position\":3,\"name\":\"Delta OHM HD2124.1 spiediena m\u0113r\u012bt\u0101js\"}]},{\"@type\":\"WebSite\",\"@id\":\"https:\/\/www.axiomams.eu\/lv#website\",\"url\":\"https:\/\/www.axiomams.eu\/lv\",\"name\":\"AXIOMA MS\",\"description\":\"Terrmovizoriai ir matavimo \u012franga\",\"publisher\":{\"@id\":\"https:\/\/www.axiomams.eu\/lv#organization\"},\"potentialAction\":[{\"@type\":\"SearchAction\",\"target\":{\"@type\":\"EntryPoint\",\"urlTemplate\":\"https:\/\/www.axiomams.eu\/lv?s={search_term_string}\"},\"query-input\":{\"@type\":\"PropertyValueSpecification\",\"valueRequired\":true,\"valueName\":\"search_term_string\"}}],\"inLanguage\":\"lv-LV\"},{\"@type\":\"Organization\",\"@id\":\"https:\/\/www.axiomams.eu\/lv#organization\",\"name\":\"AXIOMA MS\",\"url\":\"https:\/\/www.axiomams.eu\/lv\",\"logo\":{\"@type\":\"ImageObject\",\"inLanguage\":\"lv-LV\",\"@id\":\"https:\/\/www.axiomams.eu\/lv#\/schema\/logo\/image\/\",\"url\":\"https:\/\/www.axiomams.eu\/wp-content\/uploads\/2025\/06\/axioma-logo-2.png\",\"contentUrl\":\"https:\/\/www.axiomams.eu\/wp-content\/uploads\/2025\/06\/axioma-logo-2.png\",\"width\":1200,\"height\":1200,\"caption\":\"AXIOMA MS\"},\"image\":{\"@id\":\"https:\/\/www.axiomams.eu\/lv#\/schema\/logo\/image\/\"},\"sameAs\":[\"https:\/\/www.facebook.com\/AxiomaMS\",\"https:\/\/www.linkedin.com\/company\/axiomams\/\"]}]}<\/script>\n<!-- \/ Yoast SEO plugin. -->","yoast_head_json":{"title":"Delta OHM HD2124.1 spiediena m\u0113r\u012bt\u0101js - AXIOMA MS","robots":{"index":"index","follow":"follow","max-snippet":"max-snippet:-1","max-image-preview":"max-image-preview:large","max-video-preview":"max-video-preview:-1"},"canonical":"https:\/\/www.axiomams.eu\/lv\/produktas\/delta-ohm-hd2124-1-spiediena-meritajs","og_locale":"lv_LV","og_type":"article","og_title":"Delta OHM HD2124.1 spiediena m\u0113r\u012bt\u0101js - AXIOMA MS","og_description":"Portat\u012bvs instruments ar lielu LCD displeju. Tas veic absol\u016bt\u0101, relat\u012bv\u0101 un diferenci\u0101l\u0101 spiediena un temperat\u016bras m\u0113r\u012bjumus. Zondes autom\u0101tisk\u0101 noteik\u0161ana atvieglo to nomai\u0146u uz vietas. Max, min, avg funkcijas pal\u012bdz veikt anal\u012bzi m\u0113r\u012b\u0161anas laik\u0101. Standarta komplekts: m\u0113rinstruments, lieto\u0161anas instrukcija, futr\u0101lis, programmat\u016bra (zondes j\u0101piesaka atsevi\u0161\u0137i). Tehnisk\u0101 inform\u0101cija: hd2124_en.pdf","og_url":"https:\/\/www.axiomams.eu\/lv\/produktas\/delta-ohm-hd2124-1-spiediena-meritajs","og_site_name":"AXIOMA MS","article_publisher":"https:\/\/www.facebook.com\/AxiomaMS","article_modified_time":"2026-03-25T15:00:19+00:00","og_image":[{"width":600,"height":600,"url":"https:\/\/www.axiomams.eu\/wp-content\/uploads\/2025\/07\/672-688.jpg","type":"image\/jpeg"}],"twitter_card":"summary_large_image","schema":{"@context":"https:\/\/schema.org","@graph":[{"@type":"WebPage","@id":"https:\/\/www.axiomams.eu\/lv\/produktas\/delta-ohm-hd2124-1-spiediena-meritajs","url":"https:\/\/www.axiomams.eu\/lv\/produktas\/delta-ohm-hd2124-1-spiediena-meritajs","name":"Delta OHM HD2124.1 spiediena m\u0113r\u012bt\u0101js - AXIOMA MS","isPartOf":{"@id":"https:\/\/www.axiomams.eu\/lv#website"},"primaryImageOfPage":{"@id":"https:\/\/www.axiomams.eu\/lv\/produktas\/delta-ohm-hd2124-1-spiediena-meritajs#primaryimage"},"image":{"@id":"https:\/\/www.axiomams.eu\/lv\/produktas\/delta-ohm-hd2124-1-spiediena-meritajs#primaryimage"},"thumbnailUrl":"https:\/\/www.axiomams.eu\/wp-content\/uploads\/2025\/07\/672-688.jpg","datePublished":"2025-05-15T15:59:15+00:00","dateModified":"2026-03-25T15:00:19+00:00","breadcrumb":{"@id":"https:\/\/www.axiomams.eu\/lv\/produktas\/delta-ohm-hd2124-1-spiediena-meritajs#breadcrumb"},"inLanguage":"lv-LV","potentialAction":[{"@type":"ReadAction","target":["https:\/\/www.axiomams.eu\/lv\/produktas\/delta-ohm-hd2124-1-spiediena-meritajs"]}]},{"@type":"ImageObject","inLanguage":"lv-LV","@id":"https:\/\/www.axiomams.eu\/lv\/produktas\/delta-ohm-hd2124-1-spiediena-meritajs#primaryimage","url":"https:\/\/www.axiomams.eu\/wp-content\/uploads\/2025\/07\/672-688.jpg","contentUrl":"https:\/\/www.axiomams.eu\/wp-content\/uploads\/2025\/07\/672-688.jpg","width":600,"height":600},{"@type":"BreadcrumbList","@id":"https:\/\/www.axiomams.eu\/lv\/produktas\/delta-ohm-hd2124-1-spiediena-meritajs#breadcrumb","itemListElement":[{"@type":"ListItem","position":1,"name":"Home","item":"https:\/\/www.axiomams.eu\/lv"},{"@type":"ListItem","position":2,"name":"Produkti","item":"https:\/\/www.axiomams.eu\/lv\/produkti"},{"@type":"ListItem","position":3,"name":"Delta OHM HD2124.1 spiediena m\u0113r\u012bt\u0101js"}]},{"@type":"WebSite","@id":"https:\/\/www.axiomams.eu\/lv#website","url":"https:\/\/www.axiomams.eu\/lv","name":"AXIOMA MS","description":"Terrmovizoriai ir matavimo \u012franga","publisher":{"@id":"https:\/\/www.axiomams.eu\/lv#organization"},"potentialAction":[{"@type":"SearchAction","target":{"@type":"EntryPoint","urlTemplate":"https:\/\/www.axiomams.eu\/lv?s={search_term_string}"},"query-input":{"@type":"PropertyValueSpecification","valueRequired":true,"valueName":"search_term_string"}}],"inLanguage":"lv-LV"},{"@type":"Organization","@id":"https:\/\/www.axiomams.eu\/lv#organization","name":"AXIOMA MS","url":"https:\/\/www.axiomams.eu\/lv","logo":{"@type":"ImageObject","inLanguage":"lv-LV","@id":"https:\/\/www.axiomams.eu\/lv#\/schema\/logo\/image\/","url":"https:\/\/www.axiomams.eu\/wp-content\/uploads\/2025\/06\/axioma-logo-2.png","contentUrl":"https:\/\/www.axiomams.eu\/wp-content\/uploads\/2025\/06\/axioma-logo-2.png","width":1200,"height":1200,"caption":"AXIOMA MS"},"image":{"@id":"https:\/\/www.axiomams.eu\/lv#\/schema\/logo\/image\/"},"sameAs":["https:\/\/www.facebook.com\/AxiomaMS","https:\/\/www.linkedin.com\/company\/axiomams\/"]}]}},"_links":{"self":[{"href":"https:\/\/www.axiomams.eu\/lv\/wp-json\/wp\/v2\/product\/39127","targetHints":{"allow":["GET"]}}],"collection":[{"href":"https:\/\/www.axiomams.eu\/lv\/wp-json\/wp\/v2\/product"}],"about":[{"href":"https:\/\/www.axiomams.eu\/lv\/wp-json\/wp\/v2\/types\/product"}],"replies":[{"embeddable":true,"href":"https:\/\/www.axiomams.eu\/lv\/wp-json\/wp\/v2\/comments?post=39127"}],"wp:featuredmedia":[{"embeddable":true,"href":"https:\/\/www.axiomams.eu\/lv\/wp-json\/wp\/v2\/media\/41964"}],"wp:attachment":[{"href":"https:\/\/www.axiomams.eu\/lv\/wp-json\/wp\/v2\/media?parent=39127"}],"wp:term":[{"taxonomy":"product_brand","embeddable":true,"href":"https:\/\/www.axiomams.eu\/lv\/wp-json\/wp\/v2\/product_brand?post=39127"},{"taxonomy":"product_cat","embeddable":true,"href":"https:\/\/www.axiomams.eu\/lv\/wp-json\/wp\/v2\/product_cat?post=39127"},{"taxonomy":"product_tag","embeddable":true,"href":"https:\/\/www.axiomams.eu\/lv\/wp-json\/wp\/v2\/product_tag?post=39127"}],"curies":[{"name":"wp","href":"https:\/\/api.w.org\/{rel}","templated":true}]}}