{"id":39141,"date":"2025-05-15T17:59:25","date_gmt":"2025-05-15T15:59:25","guid":{"rendered":"https:\/\/www.axiomams.eu\/produktas\/delta-ohm-hd35apg-bezvadu-bazes-bloks"},"modified":"2026-03-25T17:00:23","modified_gmt":"2026-03-25T15:00:23","slug":"delta-ohm-hd35apg-bezvadu-bazes-bloks","status":"publish","type":"product","link":"https:\/\/www.axiomams.eu\/lv\/produktas\/delta-ohm-hd35apg-bezvadu-bazes-bloks","title":{"rendered":"Delta OHM HD35APG Bezvadu b\u0101zes bloks"},"content":{"rendered":"<p>Delta OHM HD35APW ir bezvadu b\u0101zes bloks, ko izmanto sazi\u0146ai ar vair\u0101k\u0101m cit\u0101m Delta OHM m\u0113rier\u012bc\u0113m un to vad\u012bbai. Izmantojot komplekt\u0101 iek\u013cauto programmat\u016bru, varat p\u0101rskat\u012bt un analiz\u0113t m\u0113r\u012bjumus, kontrol\u0113t un redi\u0123\u0113t sav\u0101ktos datus, k\u0101 ar\u012b main\u012bt savienoto Delta OHM ier\u012b\u010du darb\u012bbu.  HD35AP tiek darbin\u0101ts, izmantojot ieb\u016bv\u0113to uzl\u0101d\u0113jamo akumulatoru vai USB kabeli.<\/p>\n<p>Standarta komplekts: Delta OHM HD35APG, kompaktdisks ar lietot\u0101ja rokasgr\u0101matu un programmat\u016bru, \u0101tr\u0101 lietot\u0101ja rokasgr\u0101mata.<\/p>\n<h3>Tehnisk\u0101 inform\u0101cija:<\/h3>\n<ul>\n<li><a href=\"https:\/\/axiomams.eu\/importer\/export\/attachments\/en\/delta-ohm-hd35.pdf\" target=\"_blank\">Delta OHM HD35.pdf<\/a><\/li>\n<\/ul>\n","protected":false},"excerpt":{"rendered":"<p>Delta OHM HD35APW ir bezvadu b\u0101zes bloks, ko izmanto sazi\u0146ai ar vair\u0101k\u0101m cit\u0101m Delta OHM m\u0113rier\u012bc\u0113m un to vad\u012bbai. Izmantojot komplekt\u0101 iek\u013cauto programmat\u016bru, varat p\u0101rskat\u012bt un analiz\u0113t m\u0113r\u012bjumus, kontrol\u0113t un redi\u0123\u0113t sav\u0101ktos datus, k\u0101 ar\u012b main\u012bt savienoto Delta OHM ier\u012b\u010du darb\u012bbu. HD35AP tiek darbin\u0101ts, izmantojot ieb\u016bv\u0113to uzl\u0101d\u0113jamo akumulatoru vai USB kabeli. Standarta komplekts: Delta OHM&#8230;<\/p>\n","protected":false},"featured_media":42011,"comment_status":"open","ping_status":"closed","template":"","meta":{"_acf_changed":false},"product_brand":[740],"product_cat":[17725],"product_tag":[],"class_list":{"0":"post-39141","1":"product","2":"type-product","3":"status-publish","4":"has-post-thumbnail","6":"product_brand-delta-ohm","7":"product_cat-datu-registretaji","9":"first","10":"instock","11":"taxable","12":"shipping-taxable","13":"product-type-simple"},"acf":[],"yoast_head":"<!-- This site is optimized with the Yoast SEO plugin v27.0 - https:\/\/yoast.com\/product\/yoast-seo-wordpress\/ -->\n<title>Delta OHM HD35APG Bezvadu b\u0101zes bloks - AXIOMA MS<\/title>\n<meta name=\"robots\" content=\"index, follow, max-snippet:-1, max-image-preview:large, max-video-preview:-1\" \/>\n<link rel=\"canonical\" href=\"https:\/\/www.axiomams.eu\/lv\/produktas\/delta-ohm-hd35apg-bezvadu-bazes-bloks\" \/>\n<meta property=\"og:locale\" content=\"lv_LV\" \/>\n<meta property=\"og:type\" content=\"article\" \/>\n<meta property=\"og:title\" content=\"Delta OHM HD35APG Bezvadu b\u0101zes bloks - AXIOMA MS\" \/>\n<meta property=\"og:description\" content=\"Delta OHM HD35APW ir bezvadu b\u0101zes bloks, ko izmanto sazi\u0146ai ar vair\u0101k\u0101m cit\u0101m Delta OHM m\u0113rier\u012bc\u0113m un to vad\u012bbai. Izmantojot komplekt\u0101 iek\u013cauto programmat\u016bru, varat p\u0101rskat\u012bt un analiz\u0113t m\u0113r\u012bjumus, kontrol\u0113t un redi\u0123\u0113t sav\u0101ktos datus, k\u0101 ar\u012b main\u012bt savienoto Delta OHM ier\u012b\u010du darb\u012bbu. HD35AP tiek darbin\u0101ts, izmantojot ieb\u016bv\u0113to uzl\u0101d\u0113jamo akumulatoru vai USB kabeli. Standarta komplekts: Delta OHM...\" \/>\n<meta property=\"og:url\" content=\"https:\/\/www.axiomams.eu\/lv\/produktas\/delta-ohm-hd35apg-bezvadu-bazes-bloks\" \/>\n<meta property=\"og:site_name\" content=\"AXIOMA MS\" \/>\n<meta property=\"article:publisher\" content=\"https:\/\/www.facebook.com\/AxiomaMS\" \/>\n<meta property=\"article:modified_time\" content=\"2026-03-25T15:00:23+00:00\" \/>\n<meta property=\"og:image\" content=\"https:\/\/www.axiomams.eu\/wp-content\/uploads\/2025\/07\/1631-2106.jpg\" \/>\n\t<meta property=\"og:image:width\" content=\"743\" \/>\n\t<meta property=\"og:image:height\" content=\"676\" \/>\n\t<meta property=\"og:image:type\" content=\"image\/jpeg\" \/>\n<meta name=\"twitter:card\" content=\"summary_large_image\" \/>\n<meta name=\"twitter:label1\" content=\"Est. reading time\" \/>\n\t<meta name=\"twitter:data1\" content=\"1 minute\" \/>\n<script type=\"application\/ld+json\" class=\"yoast-schema-graph\">{\"@context\":\"https:\/\/schema.org\",\"@graph\":[{\"@type\":\"WebPage\",\"@id\":\"https:\/\/www.axiomams.eu\/lv\/produktas\/delta-ohm-hd35apg-bezvadu-bazes-bloks\",\"url\":\"https:\/\/www.axiomams.eu\/lv\/produktas\/delta-ohm-hd35apg-bezvadu-bazes-bloks\",\"name\":\"Delta OHM HD35APG Bezvadu b\u0101zes bloks - AXIOMA MS\",\"isPartOf\":{\"@id\":\"https:\/\/www.axiomams.eu\/lv#website\"},\"primaryImageOfPage\":{\"@id\":\"https:\/\/www.axiomams.eu\/lv\/produktas\/delta-ohm-hd35apg-bezvadu-bazes-bloks#primaryimage\"},\"image\":{\"@id\":\"https:\/\/www.axiomams.eu\/lv\/produktas\/delta-ohm-hd35apg-bezvadu-bazes-bloks#primaryimage\"},\"thumbnailUrl\":\"https:\/\/www.axiomams.eu\/wp-content\/uploads\/2025\/07\/1631-2106.jpg\",\"datePublished\":\"2025-05-15T15:59:25+00:00\",\"dateModified\":\"2026-03-25T15:00:23+00:00\",\"breadcrumb\":{\"@id\":\"https:\/\/www.axiomams.eu\/lv\/produktas\/delta-ohm-hd35apg-bezvadu-bazes-bloks#breadcrumb\"},\"inLanguage\":\"lv-LV\",\"potentialAction\":[{\"@type\":\"ReadAction\",\"target\":[\"https:\/\/www.axiomams.eu\/lv\/produktas\/delta-ohm-hd35apg-bezvadu-bazes-bloks\"]}]},{\"@type\":\"ImageObject\",\"inLanguage\":\"lv-LV\",\"@id\":\"https:\/\/www.axiomams.eu\/lv\/produktas\/delta-ohm-hd35apg-bezvadu-bazes-bloks#primaryimage\",\"url\":\"https:\/\/www.axiomams.eu\/wp-content\/uploads\/2025\/07\/1631-2106.jpg\",\"contentUrl\":\"https:\/\/www.axiomams.eu\/wp-content\/uploads\/2025\/07\/1631-2106.jpg\",\"width\":743,\"height\":676},{\"@type\":\"BreadcrumbList\",\"@id\":\"https:\/\/www.axiomams.eu\/lv\/produktas\/delta-ohm-hd35apg-bezvadu-bazes-bloks#breadcrumb\",\"itemListElement\":[{\"@type\":\"ListItem\",\"position\":1,\"name\":\"Home\",\"item\":\"https:\/\/www.axiomams.eu\/lv\"},{\"@type\":\"ListItem\",\"position\":2,\"name\":\"Produkti\",\"item\":\"https:\/\/www.axiomams.eu\/lv\/produkti\"},{\"@type\":\"ListItem\",\"position\":3,\"name\":\"Delta OHM HD35APG Bezvadu b\u0101zes bloks\"}]},{\"@type\":\"WebSite\",\"@id\":\"https:\/\/www.axiomams.eu\/lv#website\",\"url\":\"https:\/\/www.axiomams.eu\/lv\",\"name\":\"AXIOMA MS\",\"description\":\"\",\"publisher\":{\"@id\":\"https:\/\/www.axiomams.eu\/lv#organization\"},\"potentialAction\":[{\"@type\":\"SearchAction\",\"target\":{\"@type\":\"EntryPoint\",\"urlTemplate\":\"https:\/\/www.axiomams.eu\/lv?s={search_term_string}\"},\"query-input\":{\"@type\":\"PropertyValueSpecification\",\"valueRequired\":true,\"valueName\":\"search_term_string\"}}],\"inLanguage\":\"lv-LV\"},{\"@type\":\"Organization\",\"@id\":\"https:\/\/www.axiomams.eu\/lv#organization\",\"name\":\"AXIOMA MS\",\"url\":\"https:\/\/www.axiomams.eu\/lv\",\"logo\":{\"@type\":\"ImageObject\",\"inLanguage\":\"lv-LV\",\"@id\":\"https:\/\/www.axiomams.eu\/lv#\/schema\/logo\/image\/\",\"url\":\"https:\/\/www.axiomams.eu\/wp-content\/uploads\/2025\/06\/axioma-logo-2.png\",\"contentUrl\":\"https:\/\/www.axiomams.eu\/wp-content\/uploads\/2025\/06\/axioma-logo-2.png\",\"width\":1200,\"height\":1200,\"caption\":\"AXIOMA MS\"},\"image\":{\"@id\":\"https:\/\/www.axiomams.eu\/lv#\/schema\/logo\/image\/\"},\"sameAs\":[\"https:\/\/www.facebook.com\/AxiomaMS\",\"https:\/\/www.linkedin.com\/company\/axiomams\/\"]}]}<\/script>\n<!-- \/ Yoast SEO plugin. -->","yoast_head_json":{"title":"Delta OHM HD35APG Bezvadu b\u0101zes bloks - AXIOMA MS","robots":{"index":"index","follow":"follow","max-snippet":"max-snippet:-1","max-image-preview":"max-image-preview:large","max-video-preview":"max-video-preview:-1"},"canonical":"https:\/\/www.axiomams.eu\/lv\/produktas\/delta-ohm-hd35apg-bezvadu-bazes-bloks","og_locale":"lv_LV","og_type":"article","og_title":"Delta OHM HD35APG Bezvadu b\u0101zes bloks - AXIOMA MS","og_description":"Delta OHM HD35APW ir bezvadu b\u0101zes bloks, ko izmanto sazi\u0146ai ar vair\u0101k\u0101m cit\u0101m Delta OHM m\u0113rier\u012bc\u0113m un to vad\u012bbai. Izmantojot komplekt\u0101 iek\u013cauto programmat\u016bru, varat p\u0101rskat\u012bt un analiz\u0113t m\u0113r\u012bjumus, kontrol\u0113t un redi\u0123\u0113t sav\u0101ktos datus, k\u0101 ar\u012b main\u012bt savienoto Delta OHM ier\u012b\u010du darb\u012bbu. HD35AP tiek darbin\u0101ts, izmantojot ieb\u016bv\u0113to uzl\u0101d\u0113jamo akumulatoru vai USB kabeli. Standarta komplekts: Delta OHM...","og_url":"https:\/\/www.axiomams.eu\/lv\/produktas\/delta-ohm-hd35apg-bezvadu-bazes-bloks","og_site_name":"AXIOMA MS","article_publisher":"https:\/\/www.facebook.com\/AxiomaMS","article_modified_time":"2026-03-25T15:00:23+00:00","og_image":[{"width":743,"height":676,"url":"https:\/\/www.axiomams.eu\/wp-content\/uploads\/2025\/07\/1631-2106.jpg","type":"image\/jpeg"}],"twitter_card":"summary_large_image","twitter_misc":{"Est. reading time":"1 minute"},"schema":{"@context":"https:\/\/schema.org","@graph":[{"@type":"WebPage","@id":"https:\/\/www.axiomams.eu\/lv\/produktas\/delta-ohm-hd35apg-bezvadu-bazes-bloks","url":"https:\/\/www.axiomams.eu\/lv\/produktas\/delta-ohm-hd35apg-bezvadu-bazes-bloks","name":"Delta OHM HD35APG Bezvadu b\u0101zes bloks - AXIOMA MS","isPartOf":{"@id":"https:\/\/www.axiomams.eu\/lv#website"},"primaryImageOfPage":{"@id":"https:\/\/www.axiomams.eu\/lv\/produktas\/delta-ohm-hd35apg-bezvadu-bazes-bloks#primaryimage"},"image":{"@id":"https:\/\/www.axiomams.eu\/lv\/produktas\/delta-ohm-hd35apg-bezvadu-bazes-bloks#primaryimage"},"thumbnailUrl":"https:\/\/www.axiomams.eu\/wp-content\/uploads\/2025\/07\/1631-2106.jpg","datePublished":"2025-05-15T15:59:25+00:00","dateModified":"2026-03-25T15:00:23+00:00","breadcrumb":{"@id":"https:\/\/www.axiomams.eu\/lv\/produktas\/delta-ohm-hd35apg-bezvadu-bazes-bloks#breadcrumb"},"inLanguage":"lv-LV","potentialAction":[{"@type":"ReadAction","target":["https:\/\/www.axiomams.eu\/lv\/produktas\/delta-ohm-hd35apg-bezvadu-bazes-bloks"]}]},{"@type":"ImageObject","inLanguage":"lv-LV","@id":"https:\/\/www.axiomams.eu\/lv\/produktas\/delta-ohm-hd35apg-bezvadu-bazes-bloks#primaryimage","url":"https:\/\/www.axiomams.eu\/wp-content\/uploads\/2025\/07\/1631-2106.jpg","contentUrl":"https:\/\/www.axiomams.eu\/wp-content\/uploads\/2025\/07\/1631-2106.jpg","width":743,"height":676},{"@type":"BreadcrumbList","@id":"https:\/\/www.axiomams.eu\/lv\/produktas\/delta-ohm-hd35apg-bezvadu-bazes-bloks#breadcrumb","itemListElement":[{"@type":"ListItem","position":1,"name":"Home","item":"https:\/\/www.axiomams.eu\/lv"},{"@type":"ListItem","position":2,"name":"Produkti","item":"https:\/\/www.axiomams.eu\/lv\/produkti"},{"@type":"ListItem","position":3,"name":"Delta OHM HD35APG Bezvadu b\u0101zes bloks"}]},{"@type":"WebSite","@id":"https:\/\/www.axiomams.eu\/lv#website","url":"https:\/\/www.axiomams.eu\/lv","name":"AXIOMA MS","description":"","publisher":{"@id":"https:\/\/www.axiomams.eu\/lv#organization"},"potentialAction":[{"@type":"SearchAction","target":{"@type":"EntryPoint","urlTemplate":"https:\/\/www.axiomams.eu\/lv?s={search_term_string}"},"query-input":{"@type":"PropertyValueSpecification","valueRequired":true,"valueName":"search_term_string"}}],"inLanguage":"lv-LV"},{"@type":"Organization","@id":"https:\/\/www.axiomams.eu\/lv#organization","name":"AXIOMA MS","url":"https:\/\/www.axiomams.eu\/lv","logo":{"@type":"ImageObject","inLanguage":"lv-LV","@id":"https:\/\/www.axiomams.eu\/lv#\/schema\/logo\/image\/","url":"https:\/\/www.axiomams.eu\/wp-content\/uploads\/2025\/06\/axioma-logo-2.png","contentUrl":"https:\/\/www.axiomams.eu\/wp-content\/uploads\/2025\/06\/axioma-logo-2.png","width":1200,"height":1200,"caption":"AXIOMA MS"},"image":{"@id":"https:\/\/www.axiomams.eu\/lv#\/schema\/logo\/image\/"},"sameAs":["https:\/\/www.facebook.com\/AxiomaMS","https:\/\/www.linkedin.com\/company\/axiomams\/"]}]}},"_links":{"self":[{"href":"https:\/\/www.axiomams.eu\/lv\/wp-json\/wp\/v2\/product\/39141","targetHints":{"allow":["GET"]}}],"collection":[{"href":"https:\/\/www.axiomams.eu\/lv\/wp-json\/wp\/v2\/product"}],"about":[{"href":"https:\/\/www.axiomams.eu\/lv\/wp-json\/wp\/v2\/types\/product"}],"replies":[{"embeddable":true,"href":"https:\/\/www.axiomams.eu\/lv\/wp-json\/wp\/v2\/comments?post=39141"}],"wp:featuredmedia":[{"embeddable":true,"href":"https:\/\/www.axiomams.eu\/lv\/wp-json\/wp\/v2\/media\/42011"}],"wp:attachment":[{"href":"https:\/\/www.axiomams.eu\/lv\/wp-json\/wp\/v2\/media?parent=39141"}],"wp:term":[{"taxonomy":"product_brand","embeddable":true,"href":"https:\/\/www.axiomams.eu\/lv\/wp-json\/wp\/v2\/product_brand?post=39141"},{"taxonomy":"product_cat","embeddable":true,"href":"https:\/\/www.axiomams.eu\/lv\/wp-json\/wp\/v2\/product_cat?post=39141"},{"taxonomy":"product_tag","embeddable":true,"href":"https:\/\/www.axiomams.eu\/lv\/wp-json\/wp\/v2\/product_tag?post=39141"}],"curies":[{"name":"wp","href":"https:\/\/api.w.org\/{rel}","templated":true}]}}