{"id":39144,"date":"2025-05-15T17:59:27","date_gmt":"2025-05-15T15:59:27","guid":{"rendered":"https:\/\/www.axiomams.eu\/produktas\/delta-ohm-hd35ed-1ntv-datu-registrators"},"modified":"2026-03-25T17:00:24","modified_gmt":"2026-03-25T15:00:24","slug":"delta-ohm-hd35ed-1ntv-datu-registrators","status":"publish","type":"product","link":"https:\/\/www.axiomams.eu\/lv\/produktas\/delta-ohm-hd35ed-1ntv-datu-registrators","title":{"rendered":"Delta OHM HD35ED 1NTV datu re\u0123istrators"},"content":{"rendered":"<p>Bezvadu datu re\u0123istratori vides apst\u0101k\u013ci datu uzkr\u0101\u0161anai un p\u0101rs\u016bt\u012b\u0161anai bezvadu re\u017e\u012bm\u0101. T\u0101 ir lieliska izv\u0113le p\u0101rtikas un medikamentu uzglab\u0101\u0161anas un transport\u0113\u0161anas uz\u0146\u0113mumiem, siltumn\u012bc\u0101m, muzejiem vai dokumentu kr\u0101tuv\u0113m. Sist\u0113mas uzst\u0101d\u012b\u0161ana un ekspluat\u0101cija neprasa papildu izmaksas, jo sav\u0101ktie dati tiek p\u0101rraid\u012bti bezvadu re\u017e\u012bm\u0101 j\u016bsu izv\u0113l\u0113taj\u0101 laik\u0101.<\/p>\n<p>Standarta komplekt\u0101: iek\u0161\u0113jais 3,6 V neuzl\u0101d\u0113jams litija tionilhlor\u012bda (Li-SOCl2) akumulators, sienas stiprin\u0101juma atbalsts HD35.03 (mode\u013ci tikai iek\u0161telp\u0101m), lieto\u0161anas rokasgr\u0101mata.<\/p>\n<h3>Tehnisk\u0101 inform\u0101cija:<\/h3>\n<ul>\n<li><a href=\"https:\/\/axiomams.eu\/importer\/export\/attachments\/en\/hd35xx.pdf\" target=\"_blank\">HD35XX.pdf<\/a><\/li>\n<\/ul>\n","protected":false},"excerpt":{"rendered":"<p>Bezvadu datu re\u0123istratori vides apst\u0101k\u013ci datu uzkr\u0101\u0161anai un p\u0101rs\u016bt\u012b\u0161anai bezvadu re\u017e\u012bm\u0101. T\u0101 ir lieliska izv\u0113le p\u0101rtikas un medikamentu uzglab\u0101\u0161anas un transport\u0113\u0161anas uz\u0146\u0113mumiem, siltumn\u012bc\u0101m, muzejiem vai dokumentu kr\u0101tuv\u0113m. Sist\u0113mas uzst\u0101d\u012b\u0161ana un ekspluat\u0101cija neprasa papildu izmaksas, jo sav\u0101ktie dati tiek p\u0101rraid\u012bti bezvadu re\u017e\u012bm\u0101 j\u016bsu izv\u0113l\u0113taj\u0101 laik\u0101. Standarta komplekt\u0101: iek\u0161\u0113jais 3,6 V neuzl\u0101d\u0113jams litija tionilhlor\u012bda (Li-SOCl2) akumulators, sienas&#8230;<\/p>\n","protected":false},"featured_media":42017,"comment_status":"open","ping_status":"closed","template":"","meta":{"_acf_changed":false},"product_brand":[740],"product_cat":[17725],"product_tag":[],"class_list":{"0":"post-39144","1":"product","2":"type-product","3":"status-publish","4":"has-post-thumbnail","6":"product_brand-delta-ohm","7":"product_cat-datu-registretaji","9":"first","10":"instock","11":"taxable","12":"shipping-taxable","13":"purchasable","14":"product-type-simple"},"acf":[],"yoast_head":"<!-- This site is optimized with the Yoast SEO plugin v27.0 - https:\/\/yoast.com\/product\/yoast-seo-wordpress\/ -->\n<title>Delta OHM HD35ED 1NTV datu re\u0123istrators - AXIOMA MS<\/title>\n<meta name=\"robots\" content=\"index, follow, max-snippet:-1, max-image-preview:large, max-video-preview:-1\" \/>\n<link rel=\"canonical\" href=\"https:\/\/www.axiomams.eu\/lv\/produktas\/delta-ohm-hd35ed-1ntv-datu-registrators\" \/>\n<meta property=\"og:locale\" content=\"lv_LV\" \/>\n<meta property=\"og:type\" content=\"article\" \/>\n<meta property=\"og:title\" content=\"Delta OHM HD35ED 1NTV datu re\u0123istrators - AXIOMA MS\" \/>\n<meta property=\"og:description\" content=\"Bezvadu datu re\u0123istratori vides apst\u0101k\u013ci datu uzkr\u0101\u0161anai un p\u0101rs\u016bt\u012b\u0161anai bezvadu re\u017e\u012bm\u0101. T\u0101 ir lieliska izv\u0113le p\u0101rtikas un medikamentu uzglab\u0101\u0161anas un transport\u0113\u0161anas uz\u0146\u0113mumiem, siltumn\u012bc\u0101m, muzejiem vai dokumentu kr\u0101tuv\u0113m. Sist\u0113mas uzst\u0101d\u012b\u0161ana un ekspluat\u0101cija neprasa papildu izmaksas, jo sav\u0101ktie dati tiek p\u0101rraid\u012bti bezvadu re\u017e\u012bm\u0101 j\u016bsu izv\u0113l\u0113taj\u0101 laik\u0101. Standarta komplekt\u0101: iek\u0161\u0113jais 3,6 V neuzl\u0101d\u0113jams litija tionilhlor\u012bda (Li-SOCl2) akumulators, sienas...\" \/>\n<meta property=\"og:url\" content=\"https:\/\/www.axiomams.eu\/lv\/produktas\/delta-ohm-hd35ed-1ntv-datu-registrators\" \/>\n<meta property=\"og:site_name\" content=\"AXIOMA MS\" \/>\n<meta property=\"article:publisher\" content=\"https:\/\/www.facebook.com\/AxiomaMS\" \/>\n<meta property=\"article:modified_time\" content=\"2026-03-25T15:00:24+00:00\" \/>\n<meta property=\"og:image\" content=\"https:\/\/www.axiomams.eu\/wp-content\/uploads\/2025\/07\/717-785.jpg\" \/>\n\t<meta property=\"og:image:width\" content=\"225\" \/>\n\t<meta property=\"og:image:height\" content=\"225\" \/>\n\t<meta property=\"og:image:type\" content=\"image\/jpeg\" \/>\n<meta name=\"twitter:card\" content=\"summary_large_image\" \/>\n<meta name=\"twitter:label1\" content=\"Est. reading time\" \/>\n\t<meta name=\"twitter:data1\" content=\"1 minute\" \/>\n<script type=\"application\/ld+json\" class=\"yoast-schema-graph\">{\"@context\":\"https:\/\/schema.org\",\"@graph\":[{\"@type\":\"WebPage\",\"@id\":\"https:\/\/www.axiomams.eu\/lv\/produktas\/delta-ohm-hd35ed-1ntv-datu-registrators\",\"url\":\"https:\/\/www.axiomams.eu\/lv\/produktas\/delta-ohm-hd35ed-1ntv-datu-registrators\",\"name\":\"Delta OHM HD35ED 1NTV datu re\u0123istrators - AXIOMA MS\",\"isPartOf\":{\"@id\":\"https:\/\/www.axiomams.eu\/lv#website\"},\"primaryImageOfPage\":{\"@id\":\"https:\/\/www.axiomams.eu\/lv\/produktas\/delta-ohm-hd35ed-1ntv-datu-registrators#primaryimage\"},\"image\":{\"@id\":\"https:\/\/www.axiomams.eu\/lv\/produktas\/delta-ohm-hd35ed-1ntv-datu-registrators#primaryimage\"},\"thumbnailUrl\":\"https:\/\/www.axiomams.eu\/wp-content\/uploads\/2025\/07\/717-785.jpg\",\"datePublished\":\"2025-05-15T15:59:27+00:00\",\"dateModified\":\"2026-03-25T15:00:24+00:00\",\"breadcrumb\":{\"@id\":\"https:\/\/www.axiomams.eu\/lv\/produktas\/delta-ohm-hd35ed-1ntv-datu-registrators#breadcrumb\"},\"inLanguage\":\"lv-LV\",\"potentialAction\":[{\"@type\":\"ReadAction\",\"target\":[\"https:\/\/www.axiomams.eu\/lv\/produktas\/delta-ohm-hd35ed-1ntv-datu-registrators\"]}]},{\"@type\":\"ImageObject\",\"inLanguage\":\"lv-LV\",\"@id\":\"https:\/\/www.axiomams.eu\/lv\/produktas\/delta-ohm-hd35ed-1ntv-datu-registrators#primaryimage\",\"url\":\"https:\/\/www.axiomams.eu\/wp-content\/uploads\/2025\/07\/717-785.jpg\",\"contentUrl\":\"https:\/\/www.axiomams.eu\/wp-content\/uploads\/2025\/07\/717-785.jpg\",\"width\":225,\"height\":225},{\"@type\":\"BreadcrumbList\",\"@id\":\"https:\/\/www.axiomams.eu\/lv\/produktas\/delta-ohm-hd35ed-1ntv-datu-registrators#breadcrumb\",\"itemListElement\":[{\"@type\":\"ListItem\",\"position\":1,\"name\":\"Home\",\"item\":\"https:\/\/www.axiomams.eu\/lv\"},{\"@type\":\"ListItem\",\"position\":2,\"name\":\"Produkti\",\"item\":\"https:\/\/www.axiomams.eu\/lv\/produkti\"},{\"@type\":\"ListItem\",\"position\":3,\"name\":\"Delta OHM HD35ED 1NTV datu re\u0123istrators\"}]},{\"@type\":\"WebSite\",\"@id\":\"https:\/\/www.axiomams.eu\/lv#website\",\"url\":\"https:\/\/www.axiomams.eu\/lv\",\"name\":\"AXIOMA MS\",\"description\":\"\",\"publisher\":{\"@id\":\"https:\/\/www.axiomams.eu\/lv#organization\"},\"potentialAction\":[{\"@type\":\"SearchAction\",\"target\":{\"@type\":\"EntryPoint\",\"urlTemplate\":\"https:\/\/www.axiomams.eu\/lv?s={search_term_string}\"},\"query-input\":{\"@type\":\"PropertyValueSpecification\",\"valueRequired\":true,\"valueName\":\"search_term_string\"}}],\"inLanguage\":\"lv-LV\"},{\"@type\":\"Organization\",\"@id\":\"https:\/\/www.axiomams.eu\/lv#organization\",\"name\":\"AXIOMA MS\",\"url\":\"https:\/\/www.axiomams.eu\/lv\",\"logo\":{\"@type\":\"ImageObject\",\"inLanguage\":\"lv-LV\",\"@id\":\"https:\/\/www.axiomams.eu\/lv#\/schema\/logo\/image\/\",\"url\":\"https:\/\/www.axiomams.eu\/wp-content\/uploads\/2025\/06\/axioma-logo-2.png\",\"contentUrl\":\"https:\/\/www.axiomams.eu\/wp-content\/uploads\/2025\/06\/axioma-logo-2.png\",\"width\":1200,\"height\":1200,\"caption\":\"AXIOMA MS\"},\"image\":{\"@id\":\"https:\/\/www.axiomams.eu\/lv#\/schema\/logo\/image\/\"},\"sameAs\":[\"https:\/\/www.facebook.com\/AxiomaMS\",\"https:\/\/www.linkedin.com\/company\/axiomams\/\"]}]}<\/script>\n<!-- \/ Yoast SEO plugin. -->","yoast_head_json":{"title":"Delta OHM HD35ED 1NTV datu re\u0123istrators - AXIOMA MS","robots":{"index":"index","follow":"follow","max-snippet":"max-snippet:-1","max-image-preview":"max-image-preview:large","max-video-preview":"max-video-preview:-1"},"canonical":"https:\/\/www.axiomams.eu\/lv\/produktas\/delta-ohm-hd35ed-1ntv-datu-registrators","og_locale":"lv_LV","og_type":"article","og_title":"Delta OHM HD35ED 1NTV datu re\u0123istrators - AXIOMA MS","og_description":"Bezvadu datu re\u0123istratori vides apst\u0101k\u013ci datu uzkr\u0101\u0161anai un p\u0101rs\u016bt\u012b\u0161anai bezvadu re\u017e\u012bm\u0101. T\u0101 ir lieliska izv\u0113le p\u0101rtikas un medikamentu uzglab\u0101\u0161anas un transport\u0113\u0161anas uz\u0146\u0113mumiem, siltumn\u012bc\u0101m, muzejiem vai dokumentu kr\u0101tuv\u0113m. Sist\u0113mas uzst\u0101d\u012b\u0161ana un ekspluat\u0101cija neprasa papildu izmaksas, jo sav\u0101ktie dati tiek p\u0101rraid\u012bti bezvadu re\u017e\u012bm\u0101 j\u016bsu izv\u0113l\u0113taj\u0101 laik\u0101. Standarta komplekt\u0101: iek\u0161\u0113jais 3,6 V neuzl\u0101d\u0113jams litija tionilhlor\u012bda (Li-SOCl2) akumulators, sienas...","og_url":"https:\/\/www.axiomams.eu\/lv\/produktas\/delta-ohm-hd35ed-1ntv-datu-registrators","og_site_name":"AXIOMA MS","article_publisher":"https:\/\/www.facebook.com\/AxiomaMS","article_modified_time":"2026-03-25T15:00:24+00:00","og_image":[{"width":225,"height":225,"url":"https:\/\/www.axiomams.eu\/wp-content\/uploads\/2025\/07\/717-785.jpg","type":"image\/jpeg"}],"twitter_card":"summary_large_image","twitter_misc":{"Est. reading time":"1 minute"},"schema":{"@context":"https:\/\/schema.org","@graph":[{"@type":"WebPage","@id":"https:\/\/www.axiomams.eu\/lv\/produktas\/delta-ohm-hd35ed-1ntv-datu-registrators","url":"https:\/\/www.axiomams.eu\/lv\/produktas\/delta-ohm-hd35ed-1ntv-datu-registrators","name":"Delta OHM HD35ED 1NTV datu re\u0123istrators - AXIOMA MS","isPartOf":{"@id":"https:\/\/www.axiomams.eu\/lv#website"},"primaryImageOfPage":{"@id":"https:\/\/www.axiomams.eu\/lv\/produktas\/delta-ohm-hd35ed-1ntv-datu-registrators#primaryimage"},"image":{"@id":"https:\/\/www.axiomams.eu\/lv\/produktas\/delta-ohm-hd35ed-1ntv-datu-registrators#primaryimage"},"thumbnailUrl":"https:\/\/www.axiomams.eu\/wp-content\/uploads\/2025\/07\/717-785.jpg","datePublished":"2025-05-15T15:59:27+00:00","dateModified":"2026-03-25T15:00:24+00:00","breadcrumb":{"@id":"https:\/\/www.axiomams.eu\/lv\/produktas\/delta-ohm-hd35ed-1ntv-datu-registrators#breadcrumb"},"inLanguage":"lv-LV","potentialAction":[{"@type":"ReadAction","target":["https:\/\/www.axiomams.eu\/lv\/produktas\/delta-ohm-hd35ed-1ntv-datu-registrators"]}]},{"@type":"ImageObject","inLanguage":"lv-LV","@id":"https:\/\/www.axiomams.eu\/lv\/produktas\/delta-ohm-hd35ed-1ntv-datu-registrators#primaryimage","url":"https:\/\/www.axiomams.eu\/wp-content\/uploads\/2025\/07\/717-785.jpg","contentUrl":"https:\/\/www.axiomams.eu\/wp-content\/uploads\/2025\/07\/717-785.jpg","width":225,"height":225},{"@type":"BreadcrumbList","@id":"https:\/\/www.axiomams.eu\/lv\/produktas\/delta-ohm-hd35ed-1ntv-datu-registrators#breadcrumb","itemListElement":[{"@type":"ListItem","position":1,"name":"Home","item":"https:\/\/www.axiomams.eu\/lv"},{"@type":"ListItem","position":2,"name":"Produkti","item":"https:\/\/www.axiomams.eu\/lv\/produkti"},{"@type":"ListItem","position":3,"name":"Delta OHM HD35ED 1NTV datu re\u0123istrators"}]},{"@type":"WebSite","@id":"https:\/\/www.axiomams.eu\/lv#website","url":"https:\/\/www.axiomams.eu\/lv","name":"AXIOMA MS","description":"","publisher":{"@id":"https:\/\/www.axiomams.eu\/lv#organization"},"potentialAction":[{"@type":"SearchAction","target":{"@type":"EntryPoint","urlTemplate":"https:\/\/www.axiomams.eu\/lv?s={search_term_string}"},"query-input":{"@type":"PropertyValueSpecification","valueRequired":true,"valueName":"search_term_string"}}],"inLanguage":"lv-LV"},{"@type":"Organization","@id":"https:\/\/www.axiomams.eu\/lv#organization","name":"AXIOMA MS","url":"https:\/\/www.axiomams.eu\/lv","logo":{"@type":"ImageObject","inLanguage":"lv-LV","@id":"https:\/\/www.axiomams.eu\/lv#\/schema\/logo\/image\/","url":"https:\/\/www.axiomams.eu\/wp-content\/uploads\/2025\/06\/axioma-logo-2.png","contentUrl":"https:\/\/www.axiomams.eu\/wp-content\/uploads\/2025\/06\/axioma-logo-2.png","width":1200,"height":1200,"caption":"AXIOMA MS"},"image":{"@id":"https:\/\/www.axiomams.eu\/lv#\/schema\/logo\/image\/"},"sameAs":["https:\/\/www.facebook.com\/AxiomaMS","https:\/\/www.linkedin.com\/company\/axiomams\/"]}]}},"_links":{"self":[{"href":"https:\/\/www.axiomams.eu\/lv\/wp-json\/wp\/v2\/product\/39144","targetHints":{"allow":["GET"]}}],"collection":[{"href":"https:\/\/www.axiomams.eu\/lv\/wp-json\/wp\/v2\/product"}],"about":[{"href":"https:\/\/www.axiomams.eu\/lv\/wp-json\/wp\/v2\/types\/product"}],"replies":[{"embeddable":true,"href":"https:\/\/www.axiomams.eu\/lv\/wp-json\/wp\/v2\/comments?post=39144"}],"wp:featuredmedia":[{"embeddable":true,"href":"https:\/\/www.axiomams.eu\/lv\/wp-json\/wp\/v2\/media\/42017"}],"wp:attachment":[{"href":"https:\/\/www.axiomams.eu\/lv\/wp-json\/wp\/v2\/media?parent=39144"}],"wp:term":[{"taxonomy":"product_brand","embeddable":true,"href":"https:\/\/www.axiomams.eu\/lv\/wp-json\/wp\/v2\/product_brand?post=39144"},{"taxonomy":"product_cat","embeddable":true,"href":"https:\/\/www.axiomams.eu\/lv\/wp-json\/wp\/v2\/product_cat?post=39144"},{"taxonomy":"product_tag","embeddable":true,"href":"https:\/\/www.axiomams.eu\/lv\/wp-json\/wp\/v2\/product_tag?post=39144"}],"curies":[{"name":"wp","href":"https:\/\/api.w.org\/{rel}","templated":true}]}}