{"id":39160,"date":"2025-05-15T18:00:22","date_gmt":"2025-05-15T16:00:22","guid":{"rendered":"https:\/\/www.axiomams.eu\/produktas\/hioki-im3536-lcr-meritajs"},"modified":"2026-03-25T17:00:30","modified_gmt":"2026-03-25T15:00:30","slug":"hioki-im3536-lcr-meritajs","status":"publish","type":"product","link":"https:\/\/www.axiomams.eu\/lv\/produktas\/hioki-im3536-lcr-meritajs","title":{"rendered":"HIOKI IM3536 LCR m\u0113r\u012bt\u0101js"},"content":{"rendered":"<p>Hioki IM3536 paaugstina nozares standartu visp\u0101r\u0113jas noz\u012bmes LCR m\u0113r\u012bt\u0101jiem, pied\u0101v\u0101jot pla\u0161u l\u012bdzstr\u0101vas un no 4 Hz l\u012bdz 8 MHz test\u0113\u0161anas frekvenci, vienlaikus nodro\u0161inot 0,05 % precizit\u0101ti, kas ir ide\u0101li piem\u0113rota n\u0101kam\u0101s paaudzes elektronisko komponentu, tostarp baro\u0161anas induktoru, \u012bpa\u0161\u012bbu nov\u0113rt\u0113\u0161anai, pateicoties instrumenta maksim\u0101lajai m\u0113r\u012b\u0161anas frekvencei 8 MHz.<\/p>\n<p>Standarta komplekts: Hioki IM3536, baro\u0161anas vads, lieto\u0161anas instrukcija, LCR lietojumprogrammas disks.<\/p>\n<h3>Tehnisk\u0101 inform\u0101cija:<\/h3>\n<ul>\n<li><a href=\"https:\/\/axiomams.eu\/importer\/export\/attachments\/en\/hioki-im3536.pdf\" target=\"_blank\">Hioki IM3536.pdf<\/a><\/li>\n<\/ul>\n","protected":false},"excerpt":{"rendered":"<p>Hioki IM3536 paaugstina nozares standartu visp\u0101r\u0113jas noz\u012bmes LCR m\u0113r\u012bt\u0101jiem, pied\u0101v\u0101jot pla\u0161u l\u012bdzstr\u0101vas un no 4 Hz l\u012bdz 8 MHz test\u0113\u0161anas frekvenci, vienlaikus nodro\u0161inot 0,05 % precizit\u0101ti, kas ir ide\u0101li piem\u0113rota n\u0101kam\u0101s paaudzes elektronisko komponentu, tostarp baro\u0161anas induktoru, \u012bpa\u0161\u012bbu nov\u0113rt\u0113\u0161anai, pateicoties instrumenta maksim\u0101lajai m\u0113r\u012b\u0161anas frekvencei 8 MHz. Standarta komplekts: Hioki IM3536, baro\u0161anas vads, lieto\u0161anas instrukcija, LCR&#8230;<\/p>\n","protected":false},"featured_media":42047,"comment_status":"open","ping_status":"closed","template":"","meta":{"_acf_changed":false},"product_brand":[1112],"product_cat":[17757],"product_tag":[],"class_list":{"0":"post-39160","1":"product","2":"type-product","3":"status-publish","4":"has-post-thumbnail","6":"product_brand-hioki","7":"product_cat-generatori-barosanas-avoti-oscilografi-rcl-meritaji","9":"first","10":"instock","11":"taxable","12":"shipping-taxable","13":"purchasable","14":"product-type-simple"},"acf":[],"yoast_head":"<!-- This site is optimized with the Yoast SEO plugin v27.0 - https:\/\/yoast.com\/product\/yoast-seo-wordpress\/ -->\n<title>HIOKI IM3536 LCR m\u0113r\u012bt\u0101js - AXIOMA MS<\/title>\n<meta name=\"robots\" content=\"index, follow, max-snippet:-1, max-image-preview:large, max-video-preview:-1\" \/>\n<link rel=\"canonical\" href=\"https:\/\/www.axiomams.eu\/lv\/produktas\/hioki-im3536-lcr-meritajs\" \/>\n<meta property=\"og:locale\" content=\"lv_LV\" \/>\n<meta property=\"og:type\" content=\"article\" \/>\n<meta property=\"og:title\" content=\"HIOKI IM3536 LCR m\u0113r\u012bt\u0101js - AXIOMA MS\" \/>\n<meta property=\"og:description\" content=\"Hioki IM3536 paaugstina nozares standartu visp\u0101r\u0113jas noz\u012bmes LCR m\u0113r\u012bt\u0101jiem, pied\u0101v\u0101jot pla\u0161u l\u012bdzstr\u0101vas un no 4 Hz l\u012bdz 8 MHz test\u0113\u0161anas frekvenci, vienlaikus nodro\u0161inot 0,05 % precizit\u0101ti, kas ir ide\u0101li piem\u0113rota n\u0101kam\u0101s paaudzes elektronisko komponentu, tostarp baro\u0161anas induktoru, \u012bpa\u0161\u012bbu nov\u0113rt\u0113\u0161anai, pateicoties instrumenta maksim\u0101lajai m\u0113r\u012b\u0161anas frekvencei 8 MHz. Standarta komplekts: Hioki IM3536, baro\u0161anas vads, lieto\u0161anas instrukcija, LCR...\" \/>\n<meta property=\"og:url\" content=\"https:\/\/www.axiomams.eu\/lv\/produktas\/hioki-im3536-lcr-meritajs\" \/>\n<meta property=\"og:site_name\" content=\"AXIOMA MS\" \/>\n<meta property=\"article:publisher\" content=\"https:\/\/www.facebook.com\/AxiomaMS\" \/>\n<meta property=\"article:modified_time\" content=\"2026-03-25T15:00:30+00:00\" \/>\n<meta property=\"og:image\" content=\"https:\/\/www.axiomams.eu\/wp-content\/uploads\/2025\/07\/2620-3378.jpg\" \/>\n\t<meta property=\"og:image:width\" content=\"1024\" \/>\n\t<meta property=\"og:image:height\" content=\"768\" \/>\n\t<meta property=\"og:image:type\" content=\"image\/jpeg\" \/>\n<meta name=\"twitter:card\" content=\"summary_large_image\" \/>\n<script type=\"application\/ld+json\" class=\"yoast-schema-graph\">{\"@context\":\"https:\/\/schema.org\",\"@graph\":[{\"@type\":\"WebPage\",\"@id\":\"https:\/\/www.axiomams.eu\/lv\/produktas\/hioki-im3536-lcr-meritajs\",\"url\":\"https:\/\/www.axiomams.eu\/lv\/produktas\/hioki-im3536-lcr-meritajs\",\"name\":\"HIOKI IM3536 LCR m\u0113r\u012bt\u0101js - AXIOMA MS\",\"isPartOf\":{\"@id\":\"https:\/\/www.axiomams.eu\/lv#website\"},\"primaryImageOfPage\":{\"@id\":\"https:\/\/www.axiomams.eu\/lv\/produktas\/hioki-im3536-lcr-meritajs#primaryimage\"},\"image\":{\"@id\":\"https:\/\/www.axiomams.eu\/lv\/produktas\/hioki-im3536-lcr-meritajs#primaryimage\"},\"thumbnailUrl\":\"https:\/\/www.axiomams.eu\/wp-content\/uploads\/2025\/07\/2620-3378.jpg\",\"datePublished\":\"2025-05-15T16:00:22+00:00\",\"dateModified\":\"2026-03-25T15:00:30+00:00\",\"breadcrumb\":{\"@id\":\"https:\/\/www.axiomams.eu\/lv\/produktas\/hioki-im3536-lcr-meritajs#breadcrumb\"},\"inLanguage\":\"lv-LV\",\"potentialAction\":[{\"@type\":\"ReadAction\",\"target\":[\"https:\/\/www.axiomams.eu\/lv\/produktas\/hioki-im3536-lcr-meritajs\"]}]},{\"@type\":\"ImageObject\",\"inLanguage\":\"lv-LV\",\"@id\":\"https:\/\/www.axiomams.eu\/lv\/produktas\/hioki-im3536-lcr-meritajs#primaryimage\",\"url\":\"https:\/\/www.axiomams.eu\/wp-content\/uploads\/2025\/07\/2620-3378.jpg\",\"contentUrl\":\"https:\/\/www.axiomams.eu\/wp-content\/uploads\/2025\/07\/2620-3378.jpg\",\"width\":1024,\"height\":768},{\"@type\":\"BreadcrumbList\",\"@id\":\"https:\/\/www.axiomams.eu\/lv\/produktas\/hioki-im3536-lcr-meritajs#breadcrumb\",\"itemListElement\":[{\"@type\":\"ListItem\",\"position\":1,\"name\":\"Home\",\"item\":\"https:\/\/www.axiomams.eu\/lv\"},{\"@type\":\"ListItem\",\"position\":2,\"name\":\"Produkti\",\"item\":\"https:\/\/www.axiomams.eu\/lv\/produkti\"},{\"@type\":\"ListItem\",\"position\":3,\"name\":\"HIOKI IM3536 LCR m\u0113r\u012bt\u0101js\"}]},{\"@type\":\"WebSite\",\"@id\":\"https:\/\/www.axiomams.eu\/lv#website\",\"url\":\"https:\/\/www.axiomams.eu\/lv\",\"name\":\"AXIOMA MS\",\"description\":\"Terrmovizoriai ir matavimo \u012franga\",\"publisher\":{\"@id\":\"https:\/\/www.axiomams.eu\/lv#organization\"},\"potentialAction\":[{\"@type\":\"SearchAction\",\"target\":{\"@type\":\"EntryPoint\",\"urlTemplate\":\"https:\/\/www.axiomams.eu\/lv?s={search_term_string}\"},\"query-input\":{\"@type\":\"PropertyValueSpecification\",\"valueRequired\":true,\"valueName\":\"search_term_string\"}}],\"inLanguage\":\"lv-LV\"},{\"@type\":\"Organization\",\"@id\":\"https:\/\/www.axiomams.eu\/lv#organization\",\"name\":\"AXIOMA MS\",\"url\":\"https:\/\/www.axiomams.eu\/lv\",\"logo\":{\"@type\":\"ImageObject\",\"inLanguage\":\"lv-LV\",\"@id\":\"https:\/\/www.axiomams.eu\/lv#\/schema\/logo\/image\/\",\"url\":\"https:\/\/www.axiomams.eu\/wp-content\/uploads\/2025\/06\/axioma-logo-2.png\",\"contentUrl\":\"https:\/\/www.axiomams.eu\/wp-content\/uploads\/2025\/06\/axioma-logo-2.png\",\"width\":1200,\"height\":1200,\"caption\":\"AXIOMA MS\"},\"image\":{\"@id\":\"https:\/\/www.axiomams.eu\/lv#\/schema\/logo\/image\/\"},\"sameAs\":[\"https:\/\/www.facebook.com\/AxiomaMS\",\"https:\/\/www.linkedin.com\/company\/axiomams\/\"]}]}<\/script>\n<!-- \/ Yoast SEO plugin. -->","yoast_head_json":{"title":"HIOKI IM3536 LCR m\u0113r\u012bt\u0101js - AXIOMA MS","robots":{"index":"index","follow":"follow","max-snippet":"max-snippet:-1","max-image-preview":"max-image-preview:large","max-video-preview":"max-video-preview:-1"},"canonical":"https:\/\/www.axiomams.eu\/lv\/produktas\/hioki-im3536-lcr-meritajs","og_locale":"lv_LV","og_type":"article","og_title":"HIOKI IM3536 LCR m\u0113r\u012bt\u0101js - AXIOMA MS","og_description":"Hioki IM3536 paaugstina nozares standartu visp\u0101r\u0113jas noz\u012bmes LCR m\u0113r\u012bt\u0101jiem, pied\u0101v\u0101jot pla\u0161u l\u012bdzstr\u0101vas un no 4 Hz l\u012bdz 8 MHz test\u0113\u0161anas frekvenci, vienlaikus nodro\u0161inot 0,05 % precizit\u0101ti, kas ir ide\u0101li piem\u0113rota n\u0101kam\u0101s paaudzes elektronisko komponentu, tostarp baro\u0161anas induktoru, \u012bpa\u0161\u012bbu nov\u0113rt\u0113\u0161anai, pateicoties instrumenta maksim\u0101lajai m\u0113r\u012b\u0161anas frekvencei 8 MHz. Standarta komplekts: Hioki IM3536, baro\u0161anas vads, lieto\u0161anas instrukcija, LCR...","og_url":"https:\/\/www.axiomams.eu\/lv\/produktas\/hioki-im3536-lcr-meritajs","og_site_name":"AXIOMA MS","article_publisher":"https:\/\/www.facebook.com\/AxiomaMS","article_modified_time":"2026-03-25T15:00:30+00:00","og_image":[{"width":1024,"height":768,"url":"https:\/\/www.axiomams.eu\/wp-content\/uploads\/2025\/07\/2620-3378.jpg","type":"image\/jpeg"}],"twitter_card":"summary_large_image","schema":{"@context":"https:\/\/schema.org","@graph":[{"@type":"WebPage","@id":"https:\/\/www.axiomams.eu\/lv\/produktas\/hioki-im3536-lcr-meritajs","url":"https:\/\/www.axiomams.eu\/lv\/produktas\/hioki-im3536-lcr-meritajs","name":"HIOKI IM3536 LCR m\u0113r\u012bt\u0101js - AXIOMA MS","isPartOf":{"@id":"https:\/\/www.axiomams.eu\/lv#website"},"primaryImageOfPage":{"@id":"https:\/\/www.axiomams.eu\/lv\/produktas\/hioki-im3536-lcr-meritajs#primaryimage"},"image":{"@id":"https:\/\/www.axiomams.eu\/lv\/produktas\/hioki-im3536-lcr-meritajs#primaryimage"},"thumbnailUrl":"https:\/\/www.axiomams.eu\/wp-content\/uploads\/2025\/07\/2620-3378.jpg","datePublished":"2025-05-15T16:00:22+00:00","dateModified":"2026-03-25T15:00:30+00:00","breadcrumb":{"@id":"https:\/\/www.axiomams.eu\/lv\/produktas\/hioki-im3536-lcr-meritajs#breadcrumb"},"inLanguage":"lv-LV","potentialAction":[{"@type":"ReadAction","target":["https:\/\/www.axiomams.eu\/lv\/produktas\/hioki-im3536-lcr-meritajs"]}]},{"@type":"ImageObject","inLanguage":"lv-LV","@id":"https:\/\/www.axiomams.eu\/lv\/produktas\/hioki-im3536-lcr-meritajs#primaryimage","url":"https:\/\/www.axiomams.eu\/wp-content\/uploads\/2025\/07\/2620-3378.jpg","contentUrl":"https:\/\/www.axiomams.eu\/wp-content\/uploads\/2025\/07\/2620-3378.jpg","width":1024,"height":768},{"@type":"BreadcrumbList","@id":"https:\/\/www.axiomams.eu\/lv\/produktas\/hioki-im3536-lcr-meritajs#breadcrumb","itemListElement":[{"@type":"ListItem","position":1,"name":"Home","item":"https:\/\/www.axiomams.eu\/lv"},{"@type":"ListItem","position":2,"name":"Produkti","item":"https:\/\/www.axiomams.eu\/lv\/produkti"},{"@type":"ListItem","position":3,"name":"HIOKI IM3536 LCR m\u0113r\u012bt\u0101js"}]},{"@type":"WebSite","@id":"https:\/\/www.axiomams.eu\/lv#website","url":"https:\/\/www.axiomams.eu\/lv","name":"AXIOMA MS","description":"Terrmovizoriai ir matavimo \u012franga","publisher":{"@id":"https:\/\/www.axiomams.eu\/lv#organization"},"potentialAction":[{"@type":"SearchAction","target":{"@type":"EntryPoint","urlTemplate":"https:\/\/www.axiomams.eu\/lv?s={search_term_string}"},"query-input":{"@type":"PropertyValueSpecification","valueRequired":true,"valueName":"search_term_string"}}],"inLanguage":"lv-LV"},{"@type":"Organization","@id":"https:\/\/www.axiomams.eu\/lv#organization","name":"AXIOMA MS","url":"https:\/\/www.axiomams.eu\/lv","logo":{"@type":"ImageObject","inLanguage":"lv-LV","@id":"https:\/\/www.axiomams.eu\/lv#\/schema\/logo\/image\/","url":"https:\/\/www.axiomams.eu\/wp-content\/uploads\/2025\/06\/axioma-logo-2.png","contentUrl":"https:\/\/www.axiomams.eu\/wp-content\/uploads\/2025\/06\/axioma-logo-2.png","width":1200,"height":1200,"caption":"AXIOMA MS"},"image":{"@id":"https:\/\/www.axiomams.eu\/lv#\/schema\/logo\/image\/"},"sameAs":["https:\/\/www.facebook.com\/AxiomaMS","https:\/\/www.linkedin.com\/company\/axiomams\/"]}]}},"_links":{"self":[{"href":"https:\/\/www.axiomams.eu\/lv\/wp-json\/wp\/v2\/product\/39160","targetHints":{"allow":["GET"]}}],"collection":[{"href":"https:\/\/www.axiomams.eu\/lv\/wp-json\/wp\/v2\/product"}],"about":[{"href":"https:\/\/www.axiomams.eu\/lv\/wp-json\/wp\/v2\/types\/product"}],"replies":[{"embeddable":true,"href":"https:\/\/www.axiomams.eu\/lv\/wp-json\/wp\/v2\/comments?post=39160"}],"wp:featuredmedia":[{"embeddable":true,"href":"https:\/\/www.axiomams.eu\/lv\/wp-json\/wp\/v2\/media\/42047"}],"wp:attachment":[{"href":"https:\/\/www.axiomams.eu\/lv\/wp-json\/wp\/v2\/media?parent=39160"}],"wp:term":[{"taxonomy":"product_brand","embeddable":true,"href":"https:\/\/www.axiomams.eu\/lv\/wp-json\/wp\/v2\/product_brand?post=39160"},{"taxonomy":"product_cat","embeddable":true,"href":"https:\/\/www.axiomams.eu\/lv\/wp-json\/wp\/v2\/product_cat?post=39160"},{"taxonomy":"product_tag","embeddable":true,"href":"https:\/\/www.axiomams.eu\/lv\/wp-json\/wp\/v2\/product_tag?post=39160"}],"curies":[{"name":"wp","href":"https:\/\/api.w.org\/{rel}","templated":true}]}}