{"id":39163,"date":"2025-05-15T18:00:28","date_gmt":"2025-05-15T16:00:28","guid":{"rendered":"https:\/\/www.axiomams.eu\/produktas\/megger-ingvar-primara-stravas-iesmidzinasanas-sistema"},"modified":"2026-03-25T17:00:31","modified_gmt":"2026-03-25T15:00:31","slug":"megger-ingvar-primara-stravas-iesmidzinasanas-sistema","status":"publish","type":"product","link":"https:\/\/www.axiomams.eu\/lv\/produktas\/megger-ingvar-primara-stravas-iesmidzinasanas-sistema","title":{"rendered":"Megger INGVAR prim\u0101r\u0101 str\u0101vas iesmidzin\u0101\u0161anas sist\u0113ma"},"content":{"rendered":"<p>Darba temperat\u016bra: 0\u00b0C &#8230; +50\u00b0C<\/p>\n<p>Visp\u0101r\u012bgi<br \/>\nM\u0113r\u012bjumu kategorija: Nomin\u0101lais p\u0101rejas p\u0101rspriegums: 2200 V<br \/>\nT\u012bkla spriegums: 100 V &#8230; 240 V AC, 50\/60 Hz<br \/>\nT\u012bkla iepl\u016bdes IEC: 60309-1, -2. 16 A<\/p>\n<p>Jaudas pat\u0113ri\u0146\u0161: 6030306:<br \/>\nIeejas spriegums: 240 V, izejas str\u0101va: 2 kA, ieejas str\u0101va: 20 A.<br \/>\nIeejas spriegums: 240 V, izejas str\u0101va: 3,8 kA, ieejas str\u0101va: 45 A<br \/>\nIeejas spriegums: 120 V, izejas str\u0101va: 2,5 kA, ieejas str\u0101va: 30 A<br \/>\nIeejas spriegums: 120 V, izejas str\u0101va: 1 kA, ieejas str\u0101va: 12 A<br \/>\nAizsardz\u012bba: Izvades transformators ir apr\u012bkots ar ieb\u016bv\u0113tu termisko atsl\u0113gumu, un prim\u0101ro pusi aizsarg\u0101 miniat\u016brs autom\u0101tiskais sl\u0113d\u017es.<\/p>\n<p>Izm\u0113ri<br \/>\nVad\u012bbas bloks: Izm\u0113ri: 546 x 347 x 247 mm<br \/>\nStr\u0101vas bloks: 410 x 340 x 205 mm<\/p>\n<p>Svars<br \/>\nVad\u012bbas bloks: 20 kg<br \/>\nPa\u0161reiz\u0113jais bloks: 20 kg<\/p>\n<p>Displejs: LCD:<\/p>\n<p>Izejas:<br \/>\nIzvades paral\u0113li, 240 t\u012bkla spriegums:<br \/>\nMaksim\u0101l\u0101 str\u0101va: 700 A, Maksim\u0101lais \u0123ener\u0113\u0161anas laiks: nep\u0101rtraukti, Slodzes spriegums: 2,6 V<br \/>\nMaksim\u0101l\u0101 str\u0101va: 1000 A, Maksim\u0101lais \u0123ener\u0113\u0161anas laiks: Minim\u0101lais atp\u016btas laiks: 5 min, slodzes spriegums: 2,5 V: 30 min, minim\u0101lais atp\u016btas laiks: 5 min, slodzes spriegums: 2,5 V<br \/>\nMaksim\u0101l\u0101 str\u0101va: 2000 A, Maksim\u0101lais \u0123ener\u0113\u0161anas laiks: Minim\u0101lais atp\u016btas laiks: 10 min, slodzes spriegums: 2,1 V, slodzes spriegums: 2,1 V<br \/>\nMaksim\u0101l\u0101 str\u0101va: 3000 A, maksim\u0101lais \u0123ener\u0113\u0161anas laiks: 1 min, minim\u0101lais atp\u016btas laiks: 12 min, slodzes spriegums: 1,8 V<br \/>\nMaksim\u0101l\u0101 str\u0101va: 5000 A, maksim\u0101lais \u0123ener\u0113\u0161anas laiks: 2 s, minim\u0101lais atp\u016btas laiks: 1 s, minim\u0101lais atp\u016btas laiks: 1 s, minim\u0101lais atp\u016btas laiks: 1 s, minim\u0101lais atp\u016btas laiks: 1 s: 3 min, slodzes spriegums: 1,2 V<\/p>\n<p>S\u0113rijveida izejas, 240 t\u012bkla spriegums:<br \/>\nMaksim\u0101l\u0101 str\u0101va: 350 A, Maksim\u0101lais \u0123ener\u0113\u0161anas laiks: nep\u0101rtraukti, Slodzes spriegums: 5,3 V<br \/>\nMaksim\u0101l\u0101 str\u0101va: 500 A, maksim\u0101lais \u0123ener\u0113\u0161anas laiks: 20 min, minim\u0101lais atp\u016btas laiks: 15 min, slodzes spriegums: 5,1 V<br \/>\nMaksim\u0101l\u0101 str\u0101va: 1500 A, maksim\u0101lais \u0123ener\u0113\u0161anas laiks: 2 min, minim\u0101lais atp\u016btas laiks: 12 min, slodzes spriegums: 3,5 V<\/p>\n<p>M\u0113r\u012bjumu sada\u013ca<br \/>\nAmp\u0113rmetri:<br \/>\nM\u0113r\u012b\u0161anas metode: AC 50\/60 Hz, DC RMS<br \/>\nNeprecizit\u0101te: 1% no diapazona \u00b11 cipars<\/p>\n<p>Amp\u0113rmetrs 1<br \/>\nDiapazoni:<br \/>\n&#8230; 1,00 kA.<br \/>\nS\u0113rijveida lielais: 0 kA &#8230; 2,00 kA<br \/>\nParal\u0113lais zemais: 0 kA &#8230; 3,25 kA<br \/>\nParal\u0113lais augstais: 0 kA &#8230; 6,50 kA<\/p>\n<p>Iz\u0161\u0137irtsp\u0113ja:<br \/>\npie 0 A &#8230; 999 A: 1 A<br \/>\npie 1,00 kA &#8230; 6,50 kA: 10 A<\/p>\n<p>Amp\u0113rmetrs 2:<br \/>\nDiapazoni: 0 A &#8230; 2 A \/ 0 A &#8230; 20 A<br \/>\nMaksim\u0101l\u0101 str\u0101va: 20 A (ieeja nav aizsarg\u0101ta ar dro\u0161in\u0101t\u0101ju)<\/p>\n<p>Voltmetrs:<br \/>\nM\u0113r\u012b\u0161anas metode: Mai\u0146str\u0101vas 50\/60 Hz, l\u012bdzstr\u0101vas RMS<br \/>\nDiapazoni: 0 V &#8230; 0,2 V, 0 V &#8230; 2 V, 0 V &#8230; 20 V, 0 V &#8230; 200 V, AUTO<br \/>\nNeprecizit\u0101te: 1% no diapazona \u00b11 cipars<br \/>\nIeejas pretest\u012bba (Rin): 240 k\u03a9 (0 V &#8230; 200 V diapazons), 24 k\u03a9 (citi diapazoni).<br \/>\nDielektrisk\u0101 iztur\u012bba: 2,5 kV<\/p>\n<p>Taimeris<br \/>\nPrezent\u0101cija: Sekund\u0113s, t\u012bkla frekvences ciklos vai stund\u0101s un min\u016bt\u0113s.<br \/>\nDiapazoni: 0,000 s &#8230; 99999,9 s, 0 &#8230; 9999 cikli<br \/>\nNeprecizit\u0101te: \u00b1(1 cipars + 0,01 % no v\u0113rt\u012bbas)<\/p>\n<p>Apst\u0101din\u0101\u0161anas ievade<br \/>\nMaksim\u0101lais ieejas spriegums: 250 V mai\u0146str\u0101vas \/ 275 V l\u012bdzstr\u0101vas<br \/>\nF\u0101zes le\u0146\u0137is:<br \/>\nDiapazons: 0\u00ba &#8230; 359\u00ba<br \/>\nIz\u0161\u0137irtsp\u0113ja: 1\u00ba<br \/>\nNeprecizit\u0101te: \u00b12\u00ba (sprieguma un str\u0101vas r\u0101d\u012bjumiem, kas p\u0101rsniedz 10 % no izv\u0113l\u0113t\u0101 diapazona).<\/p>\n<p>Z, P, R, X, S, Q un jaudas koeficients (cos\u03d5): Rezult\u0101tu apr\u0113\u0137ina, izmantojot U, I un j<\/p>\n<h3>Tehnisk\u0101 inform\u0101cija:<\/h3>\n<ul>\n<li><a href=\"https:\/\/axiomams.eu\/importer\/export\/attachments\/en\/megger-ingvar.pdf\" target=\"_blank\">Megger INGVAR.pdf<\/a><\/li>\n<\/ul>\n","protected":false},"excerpt":{"rendered":"<p>Darba temperat\u016bra: 0\u00b0C &#8230; +50\u00b0C Visp\u0101r\u012bgi M\u0113r\u012bjumu kategorija: Nomin\u0101lais p\u0101rejas p\u0101rspriegums: 2200 V T\u012bkla spriegums: 100 V &#8230; 240 V AC, 50\/60 Hz T\u012bkla iepl\u016bdes IEC: 60309-1, -2. 16 A Jaudas pat\u0113ri\u0146\u0161: 6030306: Ieejas spriegums: 240 V, izejas str\u0101va: 2 kA, ieejas str\u0101va: 20 A. Ieejas spriegums: 240 V, izejas str\u0101va: 3,8 kA, ieejas str\u0101va:&#8230;<\/p>\n","protected":false},"featured_media":42053,"comment_status":"open","ping_status":"closed","template":"","meta":{"_acf_changed":false},"product_brand":[1726],"product_cat":[17713],"product_tag":[],"class_list":{"0":"post-39163","1":"product","2":"type-product","3":"status-publish","4":"has-post-thumbnail","6":"product_brand-megger","7":"product_cat-elektroiekartu-testesanai-un-parbaudei","9":"first","10":"instock","11":"taxable","12":"shipping-taxable","13":"product-type-simple"},"acf":[],"yoast_head":"<!-- This site is optimized with the Yoast SEO plugin v27.0 - https:\/\/yoast.com\/product\/yoast-seo-wordpress\/ -->\n<title>Megger INGVAR prim\u0101r\u0101 str\u0101vas iesmidzin\u0101\u0161anas sist\u0113ma - AXIOMA MS<\/title>\n<meta name=\"robots\" content=\"index, follow, max-snippet:-1, max-image-preview:large, max-video-preview:-1\" \/>\n<link rel=\"canonical\" href=\"https:\/\/www.axiomams.eu\/lv\/produktas\/megger-ingvar-primara-stravas-iesmidzinasanas-sistema\" \/>\n<meta property=\"og:locale\" content=\"lv_LV\" \/>\n<meta property=\"og:type\" content=\"article\" \/>\n<meta property=\"og:title\" content=\"Megger INGVAR prim\u0101r\u0101 str\u0101vas iesmidzin\u0101\u0161anas sist\u0113ma - AXIOMA MS\" \/>\n<meta property=\"og:description\" content=\"Darba temperat\u016bra: 0\u00b0C &#8230; +50\u00b0C Visp\u0101r\u012bgi M\u0113r\u012bjumu kategorija: Nomin\u0101lais p\u0101rejas p\u0101rspriegums: 2200 V T\u012bkla spriegums: 100 V &#8230; 240 V AC, 50\/60 Hz T\u012bkla iepl\u016bdes IEC: 60309-1, -2. 16 A Jaudas pat\u0113ri\u0146\u0161: 6030306: Ieejas spriegums: 240 V, izejas str\u0101va: 2 kA, ieejas str\u0101va: 20 A. Ieejas spriegums: 240 V, izejas str\u0101va: 3,8 kA, ieejas str\u0101va:...\" \/>\n<meta property=\"og:url\" content=\"https:\/\/www.axiomams.eu\/lv\/produktas\/megger-ingvar-primara-stravas-iesmidzinasanas-sistema\" \/>\n<meta property=\"og:site_name\" content=\"AXIOMA MS\" \/>\n<meta property=\"article:publisher\" content=\"https:\/\/www.facebook.com\/AxiomaMS\" \/>\n<meta property=\"article:modified_time\" content=\"2026-03-25T15:00:31+00:00\" \/>\n<meta property=\"og:image\" content=\"https:\/\/www.axiomams.eu\/wp-content\/uploads\/2025\/07\/1887-2455.jpg\" \/>\n\t<meta property=\"og:image:width\" content=\"1000\" \/>\n\t<meta property=\"og:image:height\" content=\"909\" \/>\n\t<meta property=\"og:image:type\" content=\"image\/jpeg\" \/>\n<meta name=\"twitter:card\" content=\"summary_large_image\" \/>\n<meta name=\"twitter:label1\" content=\"Est. reading time\" \/>\n\t<meta name=\"twitter:data1\" content=\"3 minutes\" \/>\n<script type=\"application\/ld+json\" class=\"yoast-schema-graph\">{\"@context\":\"https:\/\/schema.org\",\"@graph\":[{\"@type\":\"WebPage\",\"@id\":\"https:\/\/www.axiomams.eu\/lv\/produktas\/megger-ingvar-primara-stravas-iesmidzinasanas-sistema\",\"url\":\"https:\/\/www.axiomams.eu\/lv\/produktas\/megger-ingvar-primara-stravas-iesmidzinasanas-sistema\",\"name\":\"Megger INGVAR prim\u0101r\u0101 str\u0101vas iesmidzin\u0101\u0161anas sist\u0113ma - AXIOMA MS\",\"isPartOf\":{\"@id\":\"https:\/\/www.axiomams.eu\/lv#website\"},\"primaryImageOfPage\":{\"@id\":\"https:\/\/www.axiomams.eu\/lv\/produktas\/megger-ingvar-primara-stravas-iesmidzinasanas-sistema#primaryimage\"},\"image\":{\"@id\":\"https:\/\/www.axiomams.eu\/lv\/produktas\/megger-ingvar-primara-stravas-iesmidzinasanas-sistema#primaryimage\"},\"thumbnailUrl\":\"https:\/\/www.axiomams.eu\/wp-content\/uploads\/2025\/07\/1887-2455.jpg\",\"datePublished\":\"2025-05-15T16:00:28+00:00\",\"dateModified\":\"2026-03-25T15:00:31+00:00\",\"breadcrumb\":{\"@id\":\"https:\/\/www.axiomams.eu\/lv\/produktas\/megger-ingvar-primara-stravas-iesmidzinasanas-sistema#breadcrumb\"},\"inLanguage\":\"lv-LV\",\"potentialAction\":[{\"@type\":\"ReadAction\",\"target\":[\"https:\/\/www.axiomams.eu\/lv\/produktas\/megger-ingvar-primara-stravas-iesmidzinasanas-sistema\"]}]},{\"@type\":\"ImageObject\",\"inLanguage\":\"lv-LV\",\"@id\":\"https:\/\/www.axiomams.eu\/lv\/produktas\/megger-ingvar-primara-stravas-iesmidzinasanas-sistema#primaryimage\",\"url\":\"https:\/\/www.axiomams.eu\/wp-content\/uploads\/2025\/07\/1887-2455.jpg\",\"contentUrl\":\"https:\/\/www.axiomams.eu\/wp-content\/uploads\/2025\/07\/1887-2455.jpg\",\"width\":1000,\"height\":909},{\"@type\":\"BreadcrumbList\",\"@id\":\"https:\/\/www.axiomams.eu\/lv\/produktas\/megger-ingvar-primara-stravas-iesmidzinasanas-sistema#breadcrumb\",\"itemListElement\":[{\"@type\":\"ListItem\",\"position\":1,\"name\":\"Home\",\"item\":\"https:\/\/www.axiomams.eu\/lv\"},{\"@type\":\"ListItem\",\"position\":2,\"name\":\"Produkti\",\"item\":\"https:\/\/www.axiomams.eu\/lv\/produkti\"},{\"@type\":\"ListItem\",\"position\":3,\"name\":\"Megger INGVAR prim\u0101r\u0101 str\u0101vas iesmidzin\u0101\u0161anas sist\u0113ma\"}]},{\"@type\":\"WebSite\",\"@id\":\"https:\/\/www.axiomams.eu\/lv#website\",\"url\":\"https:\/\/www.axiomams.eu\/lv\",\"name\":\"AXIOMA MS\",\"description\":\"Terrmovizoriai ir matavimo \u012franga\",\"publisher\":{\"@id\":\"https:\/\/www.axiomams.eu\/lv#organization\"},\"potentialAction\":[{\"@type\":\"SearchAction\",\"target\":{\"@type\":\"EntryPoint\",\"urlTemplate\":\"https:\/\/www.axiomams.eu\/lv?s={search_term_string}\"},\"query-input\":{\"@type\":\"PropertyValueSpecification\",\"valueRequired\":true,\"valueName\":\"search_term_string\"}}],\"inLanguage\":\"lv-LV\"},{\"@type\":\"Organization\",\"@id\":\"https:\/\/www.axiomams.eu\/lv#organization\",\"name\":\"AXIOMA MS\",\"url\":\"https:\/\/www.axiomams.eu\/lv\",\"logo\":{\"@type\":\"ImageObject\",\"inLanguage\":\"lv-LV\",\"@id\":\"https:\/\/www.axiomams.eu\/lv#\/schema\/logo\/image\/\",\"url\":\"https:\/\/www.axiomams.eu\/wp-content\/uploads\/2025\/06\/axioma-logo-2.png\",\"contentUrl\":\"https:\/\/www.axiomams.eu\/wp-content\/uploads\/2025\/06\/axioma-logo-2.png\",\"width\":1200,\"height\":1200,\"caption\":\"AXIOMA MS\"},\"image\":{\"@id\":\"https:\/\/www.axiomams.eu\/lv#\/schema\/logo\/image\/\"},\"sameAs\":[\"https:\/\/www.facebook.com\/AxiomaMS\",\"https:\/\/www.linkedin.com\/company\/axiomams\/\"]}]}<\/script>\n<!-- \/ Yoast SEO plugin. -->","yoast_head_json":{"title":"Megger INGVAR prim\u0101r\u0101 str\u0101vas iesmidzin\u0101\u0161anas sist\u0113ma - AXIOMA MS","robots":{"index":"index","follow":"follow","max-snippet":"max-snippet:-1","max-image-preview":"max-image-preview:large","max-video-preview":"max-video-preview:-1"},"canonical":"https:\/\/www.axiomams.eu\/lv\/produktas\/megger-ingvar-primara-stravas-iesmidzinasanas-sistema","og_locale":"lv_LV","og_type":"article","og_title":"Megger INGVAR prim\u0101r\u0101 str\u0101vas iesmidzin\u0101\u0161anas sist\u0113ma - AXIOMA MS","og_description":"Darba temperat\u016bra: 0\u00b0C &#8230; +50\u00b0C Visp\u0101r\u012bgi M\u0113r\u012bjumu kategorija: Nomin\u0101lais p\u0101rejas p\u0101rspriegums: 2200 V T\u012bkla spriegums: 100 V &#8230; 240 V AC, 50\/60 Hz T\u012bkla iepl\u016bdes IEC: 60309-1, -2. 16 A Jaudas pat\u0113ri\u0146\u0161: 6030306: Ieejas spriegums: 240 V, izejas str\u0101va: 2 kA, ieejas str\u0101va: 20 A. Ieejas spriegums: 240 V, izejas str\u0101va: 3,8 kA, ieejas str\u0101va:...","og_url":"https:\/\/www.axiomams.eu\/lv\/produktas\/megger-ingvar-primara-stravas-iesmidzinasanas-sistema","og_site_name":"AXIOMA MS","article_publisher":"https:\/\/www.facebook.com\/AxiomaMS","article_modified_time":"2026-03-25T15:00:31+00:00","og_image":[{"width":1000,"height":909,"url":"https:\/\/www.axiomams.eu\/wp-content\/uploads\/2025\/07\/1887-2455.jpg","type":"image\/jpeg"}],"twitter_card":"summary_large_image","twitter_misc":{"Est. reading time":"3 minutes"},"schema":{"@context":"https:\/\/schema.org","@graph":[{"@type":"WebPage","@id":"https:\/\/www.axiomams.eu\/lv\/produktas\/megger-ingvar-primara-stravas-iesmidzinasanas-sistema","url":"https:\/\/www.axiomams.eu\/lv\/produktas\/megger-ingvar-primara-stravas-iesmidzinasanas-sistema","name":"Megger INGVAR prim\u0101r\u0101 str\u0101vas iesmidzin\u0101\u0161anas sist\u0113ma - AXIOMA MS","isPartOf":{"@id":"https:\/\/www.axiomams.eu\/lv#website"},"primaryImageOfPage":{"@id":"https:\/\/www.axiomams.eu\/lv\/produktas\/megger-ingvar-primara-stravas-iesmidzinasanas-sistema#primaryimage"},"image":{"@id":"https:\/\/www.axiomams.eu\/lv\/produktas\/megger-ingvar-primara-stravas-iesmidzinasanas-sistema#primaryimage"},"thumbnailUrl":"https:\/\/www.axiomams.eu\/wp-content\/uploads\/2025\/07\/1887-2455.jpg","datePublished":"2025-05-15T16:00:28+00:00","dateModified":"2026-03-25T15:00:31+00:00","breadcrumb":{"@id":"https:\/\/www.axiomams.eu\/lv\/produktas\/megger-ingvar-primara-stravas-iesmidzinasanas-sistema#breadcrumb"},"inLanguage":"lv-LV","potentialAction":[{"@type":"ReadAction","target":["https:\/\/www.axiomams.eu\/lv\/produktas\/megger-ingvar-primara-stravas-iesmidzinasanas-sistema"]}]},{"@type":"ImageObject","inLanguage":"lv-LV","@id":"https:\/\/www.axiomams.eu\/lv\/produktas\/megger-ingvar-primara-stravas-iesmidzinasanas-sistema#primaryimage","url":"https:\/\/www.axiomams.eu\/wp-content\/uploads\/2025\/07\/1887-2455.jpg","contentUrl":"https:\/\/www.axiomams.eu\/wp-content\/uploads\/2025\/07\/1887-2455.jpg","width":1000,"height":909},{"@type":"BreadcrumbList","@id":"https:\/\/www.axiomams.eu\/lv\/produktas\/megger-ingvar-primara-stravas-iesmidzinasanas-sistema#breadcrumb","itemListElement":[{"@type":"ListItem","position":1,"name":"Home","item":"https:\/\/www.axiomams.eu\/lv"},{"@type":"ListItem","position":2,"name":"Produkti","item":"https:\/\/www.axiomams.eu\/lv\/produkti"},{"@type":"ListItem","position":3,"name":"Megger INGVAR prim\u0101r\u0101 str\u0101vas iesmidzin\u0101\u0161anas sist\u0113ma"}]},{"@type":"WebSite","@id":"https:\/\/www.axiomams.eu\/lv#website","url":"https:\/\/www.axiomams.eu\/lv","name":"AXIOMA MS","description":"Terrmovizoriai ir matavimo \u012franga","publisher":{"@id":"https:\/\/www.axiomams.eu\/lv#organization"},"potentialAction":[{"@type":"SearchAction","target":{"@type":"EntryPoint","urlTemplate":"https:\/\/www.axiomams.eu\/lv?s={search_term_string}"},"query-input":{"@type":"PropertyValueSpecification","valueRequired":true,"valueName":"search_term_string"}}],"inLanguage":"lv-LV"},{"@type":"Organization","@id":"https:\/\/www.axiomams.eu\/lv#organization","name":"AXIOMA MS","url":"https:\/\/www.axiomams.eu\/lv","logo":{"@type":"ImageObject","inLanguage":"lv-LV","@id":"https:\/\/www.axiomams.eu\/lv#\/schema\/logo\/image\/","url":"https:\/\/www.axiomams.eu\/wp-content\/uploads\/2025\/06\/axioma-logo-2.png","contentUrl":"https:\/\/www.axiomams.eu\/wp-content\/uploads\/2025\/06\/axioma-logo-2.png","width":1200,"height":1200,"caption":"AXIOMA MS"},"image":{"@id":"https:\/\/www.axiomams.eu\/lv#\/schema\/logo\/image\/"},"sameAs":["https:\/\/www.facebook.com\/AxiomaMS","https:\/\/www.linkedin.com\/company\/axiomams\/"]}]}},"_links":{"self":[{"href":"https:\/\/www.axiomams.eu\/lv\/wp-json\/wp\/v2\/product\/39163","targetHints":{"allow":["GET"]}}],"collection":[{"href":"https:\/\/www.axiomams.eu\/lv\/wp-json\/wp\/v2\/product"}],"about":[{"href":"https:\/\/www.axiomams.eu\/lv\/wp-json\/wp\/v2\/types\/product"}],"replies":[{"embeddable":true,"href":"https:\/\/www.axiomams.eu\/lv\/wp-json\/wp\/v2\/comments?post=39163"}],"wp:featuredmedia":[{"embeddable":true,"href":"https:\/\/www.axiomams.eu\/lv\/wp-json\/wp\/v2\/media\/42053"}],"wp:attachment":[{"href":"https:\/\/www.axiomams.eu\/lv\/wp-json\/wp\/v2\/media?parent=39163"}],"wp:term":[{"taxonomy":"product_brand","embeddable":true,"href":"https:\/\/www.axiomams.eu\/lv\/wp-json\/wp\/v2\/product_brand?post=39163"},{"taxonomy":"product_cat","embeddable":true,"href":"https:\/\/www.axiomams.eu\/lv\/wp-json\/wp\/v2\/product_cat?post=39163"},{"taxonomy":"product_tag","embeddable":true,"href":"https:\/\/www.axiomams.eu\/lv\/wp-json\/wp\/v2\/product_tag?post=39163"}],"curies":[{"name":"wp","href":"https:\/\/api.w.org\/{rel}","templated":true}]}}