{"id":39164,"date":"2025-11-09T01:02:02","date_gmt":"2025-11-08T23:02:02","guid":{"rendered":"https:\/\/www.axiomams.eu\/produktas\/hioki-ir4056-izolacijas-testeris"},"modified":"2026-03-25T17:00:31","modified_gmt":"2026-03-25T15:00:31","slug":"hioki-ir4056-izolacijas-testeris","status":"publish","type":"product","link":"https:\/\/www.axiomams.eu\/lv\/produktas\/hioki-ir4056-izolacijas-testeris","title":{"rendered":"HIOKI IR4056 izol\u0101cijas testeris"},"content":{"rendered":"<p>Hioki IR4056 ir profesion\u0101las klases izol\u0101cijas pretest\u012bbas testeris, kas paredz\u0113ts \u0101trai un uzticamai test\u0113\u0161anai. Izstr\u0101d\u0101ts ar iztur\u012bgu &#8220;viss vien\u0101&#8221; korpusu, taj\u0101 ir ieb\u016bv\u0113ts iztur\u012bgs aizsargv\u0101ci\u0146\u0161 un nodal\u012bjums \u0113rtai testa vadu glab\u0101\u0161anai, t\u0101p\u0113c tas ir ide\u0101li piem\u0113rots darbam uz vietas da\u017e\u0101d\u0101s elektrisk\u0101s vid\u0113s.<\/p>\n<p><b>Ietilp\u012bba un test\u0113\u0161anas diapazons<\/b><br \/>\nIR4056 pied\u0101v\u0101 pla\u0161as 5 diapazonu test\u0113\u0161anas iesp\u0113jas, s\u0101kot no 50 V\/100 M\u03a9 l\u012bdz 1000 V\/4000 M\u03a9. T\u0101 digit\u0101lais displejs nodro\u0161ina stabilus, vid\u0113ji \u0101trus r\u0101d\u012bjumus un sniedz prec\u012bzus PASS\/FAIL rezult\u0101tus tikai 0,8 sekund\u0113s, pal\u012bdzot tehni\u0137iem ietaup\u012bt laiku p\u0101rbau\u017eu laik\u0101.<\/p>\n<p><b>Papildu funkcijas<\/b><br \/>\nVisaptvero\u0161ai test\u0113\u0161anai IR4056 ietver 200 mA nep\u0101rtraukt\u012bbas p\u0101rbaudi un integr\u0113tu mai\u0146str\u0101vas\/l\u012bdzstr\u0101vas voltmetru. \u0160\u012bs funkcijas palielina t\u0101 daudzpus\u012bbu, padarot to piem\u0113rotu t\u0101diem uzdevumiem k\u0101 saules ener\u0123ijas sist\u0113mu un elektrisko transportl\u012bdzek\u013cu nov\u0113rt\u0113\u0161ana.<\/p>\n<p><b>Standarta komplekts:<\/b> Hioki IR4056 izol\u0101cijas testeris, testa vadi, kakla siksna, lieto\u0161anas instrukcija, baterijas.<\/p>\n<p><iframe loading=\"lazy\" width=\"560\" height=\"315\" src=\"https:\/\/www.youtube.com\/embed\/F_k3U2ccxic?si=svbzRaxA5ZQQLCNs\" title=\"YouTube video atska\u0146ot\u0101js\" frameborder=\"0\" allow=\"accelerometer; autoplay; clipboard-write; encrypted-media; gyroscope; picture-in-picture; web-share\" referrerpolicy=\"strict-origin-when-cross-origin\" allowfullscreen><\/iframe><\/p>\n<h3>Tehnisk\u0101 inform\u0101cija:<\/h3>\n<ul>\n<li><a href=\"https:\/\/axiomams.eu\/importer\/export\/attachments\/en\/hioki-ir4056.pdf\" target=\"_blank\">Hioki IR4056.pdf<\/a><\/li>\n<\/ul>\n","protected":false},"excerpt":{"rendered":"<p>Hioki IR4056 ir profesion\u0101las klases izol\u0101cijas pretest\u012bbas testeris, kas paredz\u0113ts \u0101trai un uzticamai test\u0113\u0161anai. Izstr\u0101d\u0101ts ar iztur\u012bgu &#8220;viss vien\u0101&#8221; korpusu, taj\u0101 ir ieb\u016bv\u0113ts iztur\u012bgs aizsargv\u0101ci\u0146\u0161 un nodal\u012bjums \u0113rtai testa vadu glab\u0101\u0161anai, t\u0101p\u0113c tas ir ide\u0101li piem\u0113rots darbam uz vietas da\u017e\u0101d\u0101s elektrisk\u0101s vid\u0113s. Ietilp\u012bba un test\u0113\u0161anas diapazons IR4056 pied\u0101v\u0101 pla\u0161as 5 diapazonu test\u0113\u0161anas iesp\u0113jas, s\u0101kot no&#8230;<\/p>\n","protected":false},"featured_media":42055,"comment_status":"open","ping_status":"closed","template":"","meta":{"_acf_changed":false},"product_brand":[1112],"product_cat":[17712],"product_tag":[],"class_list":{"0":"post-39164","1":"product","2":"type-product","3":"status-publish","4":"has-post-thumbnail","6":"product_brand-hioki","7":"product_cat-elektroinstalacijas-parbaudei","9":"first","10":"instock","11":"taxable","12":"shipping-taxable","13":"purchasable","14":"product-type-simple"},"acf":[],"yoast_head":"<!-- This site is optimized with the Yoast SEO plugin v27.0 - https:\/\/yoast.com\/product\/yoast-seo-wordpress\/ -->\n<title>HIOKI IR4056 izol\u0101cijas testeris - AXIOMA MS<\/title>\n<meta name=\"robots\" content=\"index, follow, max-snippet:-1, max-image-preview:large, max-video-preview:-1\" \/>\n<link rel=\"canonical\" href=\"https:\/\/www.axiomams.eu\/lv\/produktas\/hioki-ir4056-izolacijas-testeris\" \/>\n<meta property=\"og:locale\" content=\"lv_LV\" \/>\n<meta property=\"og:type\" content=\"article\" \/>\n<meta property=\"og:title\" content=\"HIOKI IR4056 izol\u0101cijas testeris - AXIOMA MS\" \/>\n<meta property=\"og:description\" content=\"Hioki IR4056 ir profesion\u0101las klases izol\u0101cijas pretest\u012bbas testeris, kas paredz\u0113ts \u0101trai un uzticamai test\u0113\u0161anai. Izstr\u0101d\u0101ts ar iztur\u012bgu &#8220;viss vien\u0101&#8221; korpusu, taj\u0101 ir ieb\u016bv\u0113ts iztur\u012bgs aizsargv\u0101ci\u0146\u0161 un nodal\u012bjums \u0113rtai testa vadu glab\u0101\u0161anai, t\u0101p\u0113c tas ir ide\u0101li piem\u0113rots darbam uz vietas da\u017e\u0101d\u0101s elektrisk\u0101s vid\u0113s. Ietilp\u012bba un test\u0113\u0161anas diapazons IR4056 pied\u0101v\u0101 pla\u0161as 5 diapazonu test\u0113\u0161anas iesp\u0113jas, s\u0101kot no...\" \/>\n<meta property=\"og:url\" content=\"https:\/\/www.axiomams.eu\/lv\/produktas\/hioki-ir4056-izolacijas-testeris\" \/>\n<meta property=\"og:site_name\" content=\"AXIOMA MS\" \/>\n<meta property=\"article:publisher\" content=\"https:\/\/www.facebook.com\/AxiomaMS\" \/>\n<meta property=\"article:modified_time\" content=\"2026-03-25T15:00:31+00:00\" \/>\n<meta property=\"og:image\" content=\"https:\/\/www.axiomams.eu\/wp-content\/uploads\/2025\/11\/4691-6203.jpg\" \/>\n\t<meta property=\"og:image:width\" content=\"694\" \/>\n\t<meta property=\"og:image:height\" content=\"694\" \/>\n\t<meta property=\"og:image:type\" content=\"image\/jpeg\" \/>\n<meta name=\"twitter:card\" content=\"summary_large_image\" \/>\n<meta name=\"twitter:label1\" content=\"Est. reading time\" \/>\n\t<meta name=\"twitter:data1\" content=\"1 minute\" \/>\n<script type=\"application\/ld+json\" class=\"yoast-schema-graph\">{\"@context\":\"https:\/\/schema.org\",\"@graph\":[{\"@type\":\"WebPage\",\"@id\":\"https:\/\/www.axiomams.eu\/lv\/produktas\/hioki-ir4056-izolacijas-testeris\",\"url\":\"https:\/\/www.axiomams.eu\/lv\/produktas\/hioki-ir4056-izolacijas-testeris\",\"name\":\"HIOKI IR4056 izol\u0101cijas testeris - AXIOMA MS\",\"isPartOf\":{\"@id\":\"https:\/\/www.axiomams.eu\/lv#website\"},\"primaryImageOfPage\":{\"@id\":\"https:\/\/www.axiomams.eu\/lv\/produktas\/hioki-ir4056-izolacijas-testeris#primaryimage\"},\"image\":{\"@id\":\"https:\/\/www.axiomams.eu\/lv\/produktas\/hioki-ir4056-izolacijas-testeris#primaryimage\"},\"thumbnailUrl\":\"https:\/\/www.axiomams.eu\/wp-content\/uploads\/2025\/11\/4691-6203.jpg\",\"datePublished\":\"2025-11-08T23:02:02+00:00\",\"dateModified\":\"2026-03-25T15:00:31+00:00\",\"breadcrumb\":{\"@id\":\"https:\/\/www.axiomams.eu\/lv\/produktas\/hioki-ir4056-izolacijas-testeris#breadcrumb\"},\"inLanguage\":\"lv-LV\",\"potentialAction\":[{\"@type\":\"ReadAction\",\"target\":[\"https:\/\/www.axiomams.eu\/lv\/produktas\/hioki-ir4056-izolacijas-testeris\"]}]},{\"@type\":\"ImageObject\",\"inLanguage\":\"lv-LV\",\"@id\":\"https:\/\/www.axiomams.eu\/lv\/produktas\/hioki-ir4056-izolacijas-testeris#primaryimage\",\"url\":\"https:\/\/www.axiomams.eu\/wp-content\/uploads\/2025\/11\/4691-6203.jpg\",\"contentUrl\":\"https:\/\/www.axiomams.eu\/wp-content\/uploads\/2025\/11\/4691-6203.jpg\",\"width\":694,\"height\":694},{\"@type\":\"BreadcrumbList\",\"@id\":\"https:\/\/www.axiomams.eu\/lv\/produktas\/hioki-ir4056-izolacijas-testeris#breadcrumb\",\"itemListElement\":[{\"@type\":\"ListItem\",\"position\":1,\"name\":\"Home\",\"item\":\"https:\/\/www.axiomams.eu\/lv\"},{\"@type\":\"ListItem\",\"position\":2,\"name\":\"Produkti\",\"item\":\"https:\/\/www.axiomams.eu\/lv\/produkti\"},{\"@type\":\"ListItem\",\"position\":3,\"name\":\"HIOKI IR4056 izol\u0101cijas testeris\"}]},{\"@type\":\"WebSite\",\"@id\":\"https:\/\/www.axiomams.eu\/lv#website\",\"url\":\"https:\/\/www.axiomams.eu\/lv\",\"name\":\"AXIOMA MS\",\"description\":\"Terrmovizoriai ir matavimo \u012franga\",\"publisher\":{\"@id\":\"https:\/\/www.axiomams.eu\/lv#organization\"},\"potentialAction\":[{\"@type\":\"SearchAction\",\"target\":{\"@type\":\"EntryPoint\",\"urlTemplate\":\"https:\/\/www.axiomams.eu\/lv?s={search_term_string}\"},\"query-input\":{\"@type\":\"PropertyValueSpecification\",\"valueRequired\":true,\"valueName\":\"search_term_string\"}}],\"inLanguage\":\"lv-LV\"},{\"@type\":\"Organization\",\"@id\":\"https:\/\/www.axiomams.eu\/lv#organization\",\"name\":\"AXIOMA MS\",\"url\":\"https:\/\/www.axiomams.eu\/lv\",\"logo\":{\"@type\":\"ImageObject\",\"inLanguage\":\"lv-LV\",\"@id\":\"https:\/\/www.axiomams.eu\/lv#\/schema\/logo\/image\/\",\"url\":\"https:\/\/www.axiomams.eu\/wp-content\/uploads\/2025\/06\/axioma-logo-2.png\",\"contentUrl\":\"https:\/\/www.axiomams.eu\/wp-content\/uploads\/2025\/06\/axioma-logo-2.png\",\"width\":1200,\"height\":1200,\"caption\":\"AXIOMA MS\"},\"image\":{\"@id\":\"https:\/\/www.axiomams.eu\/lv#\/schema\/logo\/image\/\"},\"sameAs\":[\"https:\/\/www.facebook.com\/AxiomaMS\",\"https:\/\/www.linkedin.com\/company\/axiomams\/\"]}]}<\/script>\n<!-- \/ Yoast SEO plugin. -->","yoast_head_json":{"title":"HIOKI IR4056 izol\u0101cijas testeris - AXIOMA MS","robots":{"index":"index","follow":"follow","max-snippet":"max-snippet:-1","max-image-preview":"max-image-preview:large","max-video-preview":"max-video-preview:-1"},"canonical":"https:\/\/www.axiomams.eu\/lv\/produktas\/hioki-ir4056-izolacijas-testeris","og_locale":"lv_LV","og_type":"article","og_title":"HIOKI IR4056 izol\u0101cijas testeris - AXIOMA MS","og_description":"Hioki IR4056 ir profesion\u0101las klases izol\u0101cijas pretest\u012bbas testeris, kas paredz\u0113ts \u0101trai un uzticamai test\u0113\u0161anai. Izstr\u0101d\u0101ts ar iztur\u012bgu &#8220;viss vien\u0101&#8221; korpusu, taj\u0101 ir ieb\u016bv\u0113ts iztur\u012bgs aizsargv\u0101ci\u0146\u0161 un nodal\u012bjums \u0113rtai testa vadu glab\u0101\u0161anai, t\u0101p\u0113c tas ir ide\u0101li piem\u0113rots darbam uz vietas da\u017e\u0101d\u0101s elektrisk\u0101s vid\u0113s. Ietilp\u012bba un test\u0113\u0161anas diapazons IR4056 pied\u0101v\u0101 pla\u0161as 5 diapazonu test\u0113\u0161anas iesp\u0113jas, s\u0101kot no...","og_url":"https:\/\/www.axiomams.eu\/lv\/produktas\/hioki-ir4056-izolacijas-testeris","og_site_name":"AXIOMA MS","article_publisher":"https:\/\/www.facebook.com\/AxiomaMS","article_modified_time":"2026-03-25T15:00:31+00:00","og_image":[{"width":694,"height":694,"url":"https:\/\/www.axiomams.eu\/wp-content\/uploads\/2025\/11\/4691-6203.jpg","type":"image\/jpeg"}],"twitter_card":"summary_large_image","twitter_misc":{"Est. reading time":"1 minute"},"schema":{"@context":"https:\/\/schema.org","@graph":[{"@type":"WebPage","@id":"https:\/\/www.axiomams.eu\/lv\/produktas\/hioki-ir4056-izolacijas-testeris","url":"https:\/\/www.axiomams.eu\/lv\/produktas\/hioki-ir4056-izolacijas-testeris","name":"HIOKI IR4056 izol\u0101cijas testeris - AXIOMA MS","isPartOf":{"@id":"https:\/\/www.axiomams.eu\/lv#website"},"primaryImageOfPage":{"@id":"https:\/\/www.axiomams.eu\/lv\/produktas\/hioki-ir4056-izolacijas-testeris#primaryimage"},"image":{"@id":"https:\/\/www.axiomams.eu\/lv\/produktas\/hioki-ir4056-izolacijas-testeris#primaryimage"},"thumbnailUrl":"https:\/\/www.axiomams.eu\/wp-content\/uploads\/2025\/11\/4691-6203.jpg","datePublished":"2025-11-08T23:02:02+00:00","dateModified":"2026-03-25T15:00:31+00:00","breadcrumb":{"@id":"https:\/\/www.axiomams.eu\/lv\/produktas\/hioki-ir4056-izolacijas-testeris#breadcrumb"},"inLanguage":"lv-LV","potentialAction":[{"@type":"ReadAction","target":["https:\/\/www.axiomams.eu\/lv\/produktas\/hioki-ir4056-izolacijas-testeris"]}]},{"@type":"ImageObject","inLanguage":"lv-LV","@id":"https:\/\/www.axiomams.eu\/lv\/produktas\/hioki-ir4056-izolacijas-testeris#primaryimage","url":"https:\/\/www.axiomams.eu\/wp-content\/uploads\/2025\/11\/4691-6203.jpg","contentUrl":"https:\/\/www.axiomams.eu\/wp-content\/uploads\/2025\/11\/4691-6203.jpg","width":694,"height":694},{"@type":"BreadcrumbList","@id":"https:\/\/www.axiomams.eu\/lv\/produktas\/hioki-ir4056-izolacijas-testeris#breadcrumb","itemListElement":[{"@type":"ListItem","position":1,"name":"Home","item":"https:\/\/www.axiomams.eu\/lv"},{"@type":"ListItem","position":2,"name":"Produkti","item":"https:\/\/www.axiomams.eu\/lv\/produkti"},{"@type":"ListItem","position":3,"name":"HIOKI IR4056 izol\u0101cijas testeris"}]},{"@type":"WebSite","@id":"https:\/\/www.axiomams.eu\/lv#website","url":"https:\/\/www.axiomams.eu\/lv","name":"AXIOMA MS","description":"Terrmovizoriai ir matavimo \u012franga","publisher":{"@id":"https:\/\/www.axiomams.eu\/lv#organization"},"potentialAction":[{"@type":"SearchAction","target":{"@type":"EntryPoint","urlTemplate":"https:\/\/www.axiomams.eu\/lv?s={search_term_string}"},"query-input":{"@type":"PropertyValueSpecification","valueRequired":true,"valueName":"search_term_string"}}],"inLanguage":"lv-LV"},{"@type":"Organization","@id":"https:\/\/www.axiomams.eu\/lv#organization","name":"AXIOMA MS","url":"https:\/\/www.axiomams.eu\/lv","logo":{"@type":"ImageObject","inLanguage":"lv-LV","@id":"https:\/\/www.axiomams.eu\/lv#\/schema\/logo\/image\/","url":"https:\/\/www.axiomams.eu\/wp-content\/uploads\/2025\/06\/axioma-logo-2.png","contentUrl":"https:\/\/www.axiomams.eu\/wp-content\/uploads\/2025\/06\/axioma-logo-2.png","width":1200,"height":1200,"caption":"AXIOMA MS"},"image":{"@id":"https:\/\/www.axiomams.eu\/lv#\/schema\/logo\/image\/"},"sameAs":["https:\/\/www.facebook.com\/AxiomaMS","https:\/\/www.linkedin.com\/company\/axiomams\/"]}]}},"_links":{"self":[{"href":"https:\/\/www.axiomams.eu\/lv\/wp-json\/wp\/v2\/product\/39164","targetHints":{"allow":["GET"]}}],"collection":[{"href":"https:\/\/www.axiomams.eu\/lv\/wp-json\/wp\/v2\/product"}],"about":[{"href":"https:\/\/www.axiomams.eu\/lv\/wp-json\/wp\/v2\/types\/product"}],"replies":[{"embeddable":true,"href":"https:\/\/www.axiomams.eu\/lv\/wp-json\/wp\/v2\/comments?post=39164"}],"wp:featuredmedia":[{"embeddable":true,"href":"https:\/\/www.axiomams.eu\/lv\/wp-json\/wp\/v2\/media\/42055"}],"wp:attachment":[{"href":"https:\/\/www.axiomams.eu\/lv\/wp-json\/wp\/v2\/media?parent=39164"}],"wp:term":[{"taxonomy":"product_brand","embeddable":true,"href":"https:\/\/www.axiomams.eu\/lv\/wp-json\/wp\/v2\/product_brand?post=39164"},{"taxonomy":"product_cat","embeddable":true,"href":"https:\/\/www.axiomams.eu\/lv\/wp-json\/wp\/v2\/product_cat?post=39164"},{"taxonomy":"product_tag","embeddable":true,"href":"https:\/\/www.axiomams.eu\/lv\/wp-json\/wp\/v2\/product_tag?post=39164"}],"curies":[{"name":"wp","href":"https:\/\/api.w.org\/{rel}","templated":true}]}}