{"id":39166,"date":"2025-05-15T18:00:52","date_gmt":"2025-05-15T16:00:52","guid":{"rendered":"https:\/\/www.axiomams.eu\/produktas\/flir-irw-2c-ir-logs"},"modified":"2026-03-25T17:00:33","modified_gmt":"2026-03-25T15:00:33","slug":"flir-irw-2c-ir-logs","status":"publish","type":"product","link":"https:\/\/www.axiomams.eu\/lv\/produktas\/flir-irw-2c-ir-logs","title":{"rendered":"Flir IRW-2C IR logs"},"content":{"rendered":"<p>FLIR IRW-2C skata logs, kas sast\u0101v no krist\u0101la &#8220;stikla&#8221; loga, kas iestiprin\u0101ts alum\u012bnija r\u0101m\u012b. Stikls ir \u012bpa\u0161i veidots t\u0101, lai nodro\u0161in\u0101tu infrasarkano staru gaismas caurlaid\u012bbu, kas \u013cauj izmantot infrasarkano staru siltuma sensoru iek\u0101rtas, neatverot korpusu. \u0160\u012b ier\u012bce ir paredz\u0113ta uzst\u0101d\u012b\u0161anai elektr\u012bbas skapju durv\u012bs vai sien\u0101s, neskarot skapja integrit\u0101ti.<\/p>\n<p>Standarta komplekts: FLIR IRW-2C infrasarkanais logs, korpuss, mont\u0101\u017eas instrukcija, papildu dro\u0161\u012bbas skr\u016bve.<\/p>\n<h3>Tehnisk\u0101 inform\u0101cija:<\/h3>\n<ul>\n<li><a href=\"https:\/\/axiomams.eu\/importer\/export\/attachments\/en\/flir-irw-2c.pdf\" target=\"_blank\">FLIR IRW-2C.pdf<\/a><\/li>\n<\/ul>\n","protected":false},"excerpt":{"rendered":"<p>FLIR IRW-2C skata logs, kas sast\u0101v no krist\u0101la &#8220;stikla&#8221; loga, kas iestiprin\u0101ts alum\u012bnija r\u0101m\u012b. Stikls ir \u012bpa\u0161i veidots t\u0101, lai nodro\u0161in\u0101tu infrasarkano staru gaismas caurlaid\u012bbu, kas \u013cauj izmantot infrasarkano staru siltuma sensoru iek\u0101rtas, neatverot korpusu. \u0160\u012b ier\u012bce ir paredz\u0113ta uzst\u0101d\u012b\u0161anai elektr\u012bbas skapju durv\u012bs vai sien\u0101s, neskarot skapja integrit\u0101ti. Standarta komplekts: FLIR IRW-2C infrasarkanais logs, korpuss,&#8230;<\/p>\n","protected":false},"featured_media":42059,"comment_status":"open","ping_status":"closed","template":"","meta":{"_acf_changed":false},"product_brand":[734],"product_cat":[17762],"product_tag":[],"class_list":{"0":"post-39166","1":"product","2":"type-product","3":"status-publish","4":"has-post-thumbnail","6":"product_brand-flir","7":"product_cat-termografiska-attelveidosana-ir-logi-profilaktiskai-diagnostikai","9":"first","10":"instock","11":"taxable","12":"shipping-taxable","13":"purchasable","14":"product-type-simple"},"acf":[],"yoast_head":"<!-- This site is optimized with the Yoast SEO plugin v27.0 - https:\/\/yoast.com\/product\/yoast-seo-wordpress\/ -->\n<title>Flir IRW-2C IR logs - AXIOMA MS<\/title>\n<meta name=\"robots\" content=\"index, follow, max-snippet:-1, max-image-preview:large, max-video-preview:-1\" \/>\n<link rel=\"canonical\" href=\"https:\/\/www.axiomams.eu\/lv\/produktas\/flir-irw-2c-ir-logs\" \/>\n<meta property=\"og:locale\" content=\"lv_LV\" \/>\n<meta property=\"og:type\" content=\"article\" \/>\n<meta property=\"og:title\" content=\"Flir IRW-2C IR logs - AXIOMA MS\" \/>\n<meta property=\"og:description\" content=\"FLIR IRW-2C skata logs, kas sast\u0101v no krist\u0101la &#8220;stikla&#8221; loga, kas iestiprin\u0101ts alum\u012bnija r\u0101m\u012b. Stikls ir \u012bpa\u0161i veidots t\u0101, lai nodro\u0161in\u0101tu infrasarkano staru gaismas caurlaid\u012bbu, kas \u013cauj izmantot infrasarkano staru siltuma sensoru iek\u0101rtas, neatverot korpusu. \u0160\u012b ier\u012bce ir paredz\u0113ta uzst\u0101d\u012b\u0161anai elektr\u012bbas skapju durv\u012bs vai sien\u0101s, neskarot skapja integrit\u0101ti. Standarta komplekts: FLIR IRW-2C infrasarkanais logs, korpuss,...\" \/>\n<meta property=\"og:url\" content=\"https:\/\/www.axiomams.eu\/lv\/produktas\/flir-irw-2c-ir-logs\" \/>\n<meta property=\"og:site_name\" content=\"AXIOMA MS\" \/>\n<meta property=\"article:publisher\" content=\"https:\/\/www.facebook.com\/AxiomaMS\" \/>\n<meta property=\"article:modified_time\" content=\"2026-03-25T15:00:33+00:00\" \/>\n<meta property=\"og:image\" content=\"https:\/\/www.axiomams.eu\/wp-content\/uploads\/2025\/07\/1469-3781.jpg\" \/>\n\t<meta property=\"og:image:width\" content=\"1000\" \/>\n\t<meta property=\"og:image:height\" content=\"714\" \/>\n\t<meta property=\"og:image:type\" content=\"image\/jpeg\" \/>\n<meta name=\"twitter:card\" content=\"summary_large_image\" \/>\n<script type=\"application\/ld+json\" class=\"yoast-schema-graph\">{\"@context\":\"https:\/\/schema.org\",\"@graph\":[{\"@type\":\"WebPage\",\"@id\":\"https:\/\/www.axiomams.eu\/lv\/produktas\/flir-irw-2c-ir-logs\",\"url\":\"https:\/\/www.axiomams.eu\/lv\/produktas\/flir-irw-2c-ir-logs\",\"name\":\"Flir IRW-2C IR logs - AXIOMA MS\",\"isPartOf\":{\"@id\":\"https:\/\/www.axiomams.eu\/lv#website\"},\"primaryImageOfPage\":{\"@id\":\"https:\/\/www.axiomams.eu\/lv\/produktas\/flir-irw-2c-ir-logs#primaryimage\"},\"image\":{\"@id\":\"https:\/\/www.axiomams.eu\/lv\/produktas\/flir-irw-2c-ir-logs#primaryimage\"},\"thumbnailUrl\":\"https:\/\/www.axiomams.eu\/wp-content\/uploads\/2025\/07\/1469-3781.jpg\",\"datePublished\":\"2025-05-15T16:00:52+00:00\",\"dateModified\":\"2026-03-25T15:00:33+00:00\",\"breadcrumb\":{\"@id\":\"https:\/\/www.axiomams.eu\/lv\/produktas\/flir-irw-2c-ir-logs#breadcrumb\"},\"inLanguage\":\"lv-LV\",\"potentialAction\":[{\"@type\":\"ReadAction\",\"target\":[\"https:\/\/www.axiomams.eu\/lv\/produktas\/flir-irw-2c-ir-logs\"]}]},{\"@type\":\"ImageObject\",\"inLanguage\":\"lv-LV\",\"@id\":\"https:\/\/www.axiomams.eu\/lv\/produktas\/flir-irw-2c-ir-logs#primaryimage\",\"url\":\"https:\/\/www.axiomams.eu\/wp-content\/uploads\/2025\/07\/1469-3781.jpg\",\"contentUrl\":\"https:\/\/www.axiomams.eu\/wp-content\/uploads\/2025\/07\/1469-3781.jpg\",\"width\":1000,\"height\":714},{\"@type\":\"BreadcrumbList\",\"@id\":\"https:\/\/www.axiomams.eu\/lv\/produktas\/flir-irw-2c-ir-logs#breadcrumb\",\"itemListElement\":[{\"@type\":\"ListItem\",\"position\":1,\"name\":\"Home\",\"item\":\"https:\/\/www.axiomams.eu\/lv\"},{\"@type\":\"ListItem\",\"position\":2,\"name\":\"Produkti\",\"item\":\"https:\/\/www.axiomams.eu\/lv\/produkti\"},{\"@type\":\"ListItem\",\"position\":3,\"name\":\"Flir IRW-2C IR logs\"}]},{\"@type\":\"WebSite\",\"@id\":\"https:\/\/www.axiomams.eu\/lv#website\",\"url\":\"https:\/\/www.axiomams.eu\/lv\",\"name\":\"AXIOMA MS\",\"description\":\"Terrmovizoriai ir matavimo \u012franga\",\"publisher\":{\"@id\":\"https:\/\/www.axiomams.eu\/lv#organization\"},\"potentialAction\":[{\"@type\":\"SearchAction\",\"target\":{\"@type\":\"EntryPoint\",\"urlTemplate\":\"https:\/\/www.axiomams.eu\/lv?s={search_term_string}\"},\"query-input\":{\"@type\":\"PropertyValueSpecification\",\"valueRequired\":true,\"valueName\":\"search_term_string\"}}],\"inLanguage\":\"lv-LV\"},{\"@type\":\"Organization\",\"@id\":\"https:\/\/www.axiomams.eu\/lv#organization\",\"name\":\"AXIOMA MS\",\"url\":\"https:\/\/www.axiomams.eu\/lv\",\"logo\":{\"@type\":\"ImageObject\",\"inLanguage\":\"lv-LV\",\"@id\":\"https:\/\/www.axiomams.eu\/lv#\/schema\/logo\/image\/\",\"url\":\"https:\/\/www.axiomams.eu\/wp-content\/uploads\/2025\/06\/axioma-logo-2.png\",\"contentUrl\":\"https:\/\/www.axiomams.eu\/wp-content\/uploads\/2025\/06\/axioma-logo-2.png\",\"width\":1200,\"height\":1200,\"caption\":\"AXIOMA MS\"},\"image\":{\"@id\":\"https:\/\/www.axiomams.eu\/lv#\/schema\/logo\/image\/\"},\"sameAs\":[\"https:\/\/www.facebook.com\/AxiomaMS\",\"https:\/\/www.linkedin.com\/company\/axiomams\/\"]}]}<\/script>\n<!-- \/ Yoast SEO plugin. -->","yoast_head_json":{"title":"Flir IRW-2C IR logs - AXIOMA MS","robots":{"index":"index","follow":"follow","max-snippet":"max-snippet:-1","max-image-preview":"max-image-preview:large","max-video-preview":"max-video-preview:-1"},"canonical":"https:\/\/www.axiomams.eu\/lv\/produktas\/flir-irw-2c-ir-logs","og_locale":"lv_LV","og_type":"article","og_title":"Flir IRW-2C IR logs - AXIOMA MS","og_description":"FLIR IRW-2C skata logs, kas sast\u0101v no krist\u0101la &#8220;stikla&#8221; loga, kas iestiprin\u0101ts alum\u012bnija r\u0101m\u012b. Stikls ir \u012bpa\u0161i veidots t\u0101, lai nodro\u0161in\u0101tu infrasarkano staru gaismas caurlaid\u012bbu, kas \u013cauj izmantot infrasarkano staru siltuma sensoru iek\u0101rtas, neatverot korpusu. \u0160\u012b ier\u012bce ir paredz\u0113ta uzst\u0101d\u012b\u0161anai elektr\u012bbas skapju durv\u012bs vai sien\u0101s, neskarot skapja integrit\u0101ti. Standarta komplekts: FLIR IRW-2C infrasarkanais logs, korpuss,...","og_url":"https:\/\/www.axiomams.eu\/lv\/produktas\/flir-irw-2c-ir-logs","og_site_name":"AXIOMA MS","article_publisher":"https:\/\/www.facebook.com\/AxiomaMS","article_modified_time":"2026-03-25T15:00:33+00:00","og_image":[{"width":1000,"height":714,"url":"https:\/\/www.axiomams.eu\/wp-content\/uploads\/2025\/07\/1469-3781.jpg","type":"image\/jpeg"}],"twitter_card":"summary_large_image","schema":{"@context":"https:\/\/schema.org","@graph":[{"@type":"WebPage","@id":"https:\/\/www.axiomams.eu\/lv\/produktas\/flir-irw-2c-ir-logs","url":"https:\/\/www.axiomams.eu\/lv\/produktas\/flir-irw-2c-ir-logs","name":"Flir IRW-2C IR logs - AXIOMA MS","isPartOf":{"@id":"https:\/\/www.axiomams.eu\/lv#website"},"primaryImageOfPage":{"@id":"https:\/\/www.axiomams.eu\/lv\/produktas\/flir-irw-2c-ir-logs#primaryimage"},"image":{"@id":"https:\/\/www.axiomams.eu\/lv\/produktas\/flir-irw-2c-ir-logs#primaryimage"},"thumbnailUrl":"https:\/\/www.axiomams.eu\/wp-content\/uploads\/2025\/07\/1469-3781.jpg","datePublished":"2025-05-15T16:00:52+00:00","dateModified":"2026-03-25T15:00:33+00:00","breadcrumb":{"@id":"https:\/\/www.axiomams.eu\/lv\/produktas\/flir-irw-2c-ir-logs#breadcrumb"},"inLanguage":"lv-LV","potentialAction":[{"@type":"ReadAction","target":["https:\/\/www.axiomams.eu\/lv\/produktas\/flir-irw-2c-ir-logs"]}]},{"@type":"ImageObject","inLanguage":"lv-LV","@id":"https:\/\/www.axiomams.eu\/lv\/produktas\/flir-irw-2c-ir-logs#primaryimage","url":"https:\/\/www.axiomams.eu\/wp-content\/uploads\/2025\/07\/1469-3781.jpg","contentUrl":"https:\/\/www.axiomams.eu\/wp-content\/uploads\/2025\/07\/1469-3781.jpg","width":1000,"height":714},{"@type":"BreadcrumbList","@id":"https:\/\/www.axiomams.eu\/lv\/produktas\/flir-irw-2c-ir-logs#breadcrumb","itemListElement":[{"@type":"ListItem","position":1,"name":"Home","item":"https:\/\/www.axiomams.eu\/lv"},{"@type":"ListItem","position":2,"name":"Produkti","item":"https:\/\/www.axiomams.eu\/lv\/produkti"},{"@type":"ListItem","position":3,"name":"Flir IRW-2C IR logs"}]},{"@type":"WebSite","@id":"https:\/\/www.axiomams.eu\/lv#website","url":"https:\/\/www.axiomams.eu\/lv","name":"AXIOMA MS","description":"Terrmovizoriai ir matavimo \u012franga","publisher":{"@id":"https:\/\/www.axiomams.eu\/lv#organization"},"potentialAction":[{"@type":"SearchAction","target":{"@type":"EntryPoint","urlTemplate":"https:\/\/www.axiomams.eu\/lv?s={search_term_string}"},"query-input":{"@type":"PropertyValueSpecification","valueRequired":true,"valueName":"search_term_string"}}],"inLanguage":"lv-LV"},{"@type":"Organization","@id":"https:\/\/www.axiomams.eu\/lv#organization","name":"AXIOMA MS","url":"https:\/\/www.axiomams.eu\/lv","logo":{"@type":"ImageObject","inLanguage":"lv-LV","@id":"https:\/\/www.axiomams.eu\/lv#\/schema\/logo\/image\/","url":"https:\/\/www.axiomams.eu\/wp-content\/uploads\/2025\/06\/axioma-logo-2.png","contentUrl":"https:\/\/www.axiomams.eu\/wp-content\/uploads\/2025\/06\/axioma-logo-2.png","width":1200,"height":1200,"caption":"AXIOMA MS"},"image":{"@id":"https:\/\/www.axiomams.eu\/lv#\/schema\/logo\/image\/"},"sameAs":["https:\/\/www.facebook.com\/AxiomaMS","https:\/\/www.linkedin.com\/company\/axiomams\/"]}]}},"_links":{"self":[{"href":"https:\/\/www.axiomams.eu\/lv\/wp-json\/wp\/v2\/product\/39166","targetHints":{"allow":["GET"]}}],"collection":[{"href":"https:\/\/www.axiomams.eu\/lv\/wp-json\/wp\/v2\/product"}],"about":[{"href":"https:\/\/www.axiomams.eu\/lv\/wp-json\/wp\/v2\/types\/product"}],"replies":[{"embeddable":true,"href":"https:\/\/www.axiomams.eu\/lv\/wp-json\/wp\/v2\/comments?post=39166"}],"wp:featuredmedia":[{"embeddable":true,"href":"https:\/\/www.axiomams.eu\/lv\/wp-json\/wp\/v2\/media\/42059"}],"wp:attachment":[{"href":"https:\/\/www.axiomams.eu\/lv\/wp-json\/wp\/v2\/media?parent=39166"}],"wp:term":[{"taxonomy":"product_brand","embeddable":true,"href":"https:\/\/www.axiomams.eu\/lv\/wp-json\/wp\/v2\/product_brand?post=39166"},{"taxonomy":"product_cat","embeddable":true,"href":"https:\/\/www.axiomams.eu\/lv\/wp-json\/wp\/v2\/product_cat?post=39166"},{"taxonomy":"product_tag","embeddable":true,"href":"https:\/\/www.axiomams.eu\/lv\/wp-json\/wp\/v2\/product_tag?post=39166"}],"curies":[{"name":"wp","href":"https:\/\/api.w.org\/{rel}","templated":true}]}}