{"id":39173,"date":"2025-10-25T01:02:16","date_gmt":"2025-10-24T23:02:16","guid":{"rendered":"https:\/\/www.axiomams.eu\/produktas\/polytec-ivs-500-vibracijas-sensors"},"modified":"2026-03-25T17:00:35","modified_gmt":"2026-03-25T15:00:35","slug":"polytec-ivs-500-vibracijas-sensors","status":"publish","type":"product","link":"https:\/\/www.axiomams.eu\/lv\/produktas\/polytec-ivs-500-vibracijas-sensors","title":{"rendered":"Polytec IVS-500 vibr\u0101cijas sensors"},"content":{"rendered":"<p>Polytec IVS-500 r\u016bpnieciskais vibr\u0101cijas sensors nodro\u0161ina prec\u012bzu akustisk\u0101s kvalit\u0101tes p\u0101rbaudi un konstrukcijas rad\u012bt\u0101 trok\u0161\u0146a anal\u012bzi, lai veiktu uzticamu pozit\u012bvu un negat\u012bvu nov\u0113rt\u0113jumu. Darbojoties ar l\u0101zera precizit\u0101ti, \u0161is bezkontakta sensors nodro\u0161ina prec\u012bzus m\u0113r\u012bjumus gandr\u012bz uz vis\u0101m virsm\u0101m, pat smagos r\u016bpnieciskos apst\u0101k\u013cos. Samazinot k\u013c\u016bdainu noraid\u012bjumu skaitu ra\u017eo\u0161an\u0101 un mont\u0101\u017e\u0101, tas pal\u012bdz optimiz\u0113t gan izmaksas, gan ra\u017e\u012bgumu.<\/p>\n<p><b>galven\u0101s priek\u0161roc\u012bbas<\/b><br \/>\n&#8211; Konsekventi un atk\u0101rtojami pozit\u012bvi un negat\u012bvi rezult\u0101ti ra\u017eo\u0161anas test\u0113\u0161an\u0101.<br \/>\n&#8211; Uzticamas bezkontakta kvalit\u0101tes p\u0101rbaudes, izmantojot modernu l\u0101zera tehnolo\u0123iju.<br \/>\n&#8211; Regul\u0113jams darba att\u0101lums l\u012bdz 3 m ar autom\u0101tisko fokus\u0113\u0161anu<br \/>\n&#8211; Pla\u0161as pielietojuma iesp\u0113jas, kas aptver frekvences l\u012bdz 100 kHz.<br \/>\n&#8211; Iztur\u012bga un neuztur\u012bga sensora konstrukcija<br \/>\n&#8211; Viegla uzst\u0101d\u012b\u0161ana un integr\u0101cija in-line vai at-line re\u017e\u012bm\u0101.<br \/>\n&#8211; Pieejami \u0101truma, p\u0101rvietojuma vai pa\u0101trin\u0101juma dati.<br \/>\n&#8211; Atbalsta gan analogo, gan papildu ciparu sign\u0101lu form\u0101tus.<\/p>\n<p><b>Efekt\u012bva un elast\u012bga kvalit\u0101tes kontrole<\/b><br \/>\nIVS-500 iztur\u012bg\u0101 konstrukcija un vienk\u0101r\u0161\u0101 uzst\u0101d\u012b\u0161ana nodro\u0161ina \u0113rtu integr\u0101ciju automatiz\u0113t\u0101s ra\u017eo\u0161anas test\u0113\u0161anas sist\u0113m\u0101s. Apvienojum\u0101 ar Polytec SonicTC QuickCheck programmat\u016bru tas pied\u0101v\u0101 piln\u012bgu risin\u0101jumu prec\u012bzai un uzticamai pozit\u012bvu un negat\u012bvu rezult\u0101tu nov\u0113rt\u0113\u0161anai. Kompaktajai, univers\u0101lajai ier\u012bcei ir ieb\u016bv\u0113ta dekod\u0113\u0161anas elektronika, kas atvieglo ekspluat\u0101ciju.<\/p>\n<p><iframe loading=\"lazy\" width=\"560\" height=\"315\" src=\"https:\/\/www.youtube.com\/embed\/L4eeMtTrUpw?si=n_9oeAWarPv3GUg6\" title=\"YouTube video atska\u0146ot\u0101js\" frameborder=\"0\" allow=\"accelerometer; autoplay; clipboard-write; encrypted-media; gyroscope; picture-in-picture; web-share\" referrerpolicy=\"strict-origin-when-cross-origin\" allowfullscreen><\/iframe><\/p>\n<h3>Tehnisk\u0101 inform\u0101cija:<\/h3>\n<ul>\n<li><a href=\"https:\/\/axiomams.eu\/importer\/export\/attachments\/en\/polytec-ivs-500.pdf\" target=\"_blank\">Polytec IVS-500.pdf<\/a><\/li>\n<\/ul>\n","protected":false},"excerpt":{"rendered":"<p>Polytec IVS-500 r\u016bpnieciskais vibr\u0101cijas sensors nodro\u0161ina prec\u012bzu akustisk\u0101s kvalit\u0101tes p\u0101rbaudi un konstrukcijas rad\u012bt\u0101 trok\u0161\u0146a anal\u012bzi, lai veiktu uzticamu pozit\u012bvu un negat\u012bvu nov\u0113rt\u0113jumu. Darbojoties ar l\u0101zera precizit\u0101ti, \u0161is bezkontakta sensors nodro\u0161ina prec\u012bzus m\u0113r\u012bjumus gandr\u012bz uz vis\u0101m virsm\u0101m, pat smagos r\u016bpnieciskos apst\u0101k\u013cos. Samazinot k\u013c\u016bdainu noraid\u012bjumu skaitu ra\u017eo\u0161an\u0101 un mont\u0101\u017e\u0101, tas pal\u012bdz optimiz\u0113t gan izmaksas, gan ra\u017e\u012bgumu. galven\u0101s&#8230;<\/p>\n","protected":false},"featured_media":42073,"comment_status":"open","ping_status":"closed","template":"","meta":{"_acf_changed":false},"product_brand":[17687],"product_cat":[17755],"product_tag":[],"class_list":{"0":"post-39173","1":"product","2":"type-product","3":"status-publish","4":"has-post-thumbnail","6":"product_brand-polytec","7":"product_cat-bezkontakta-vibracijas-merijumiem","9":"first","10":"instock","11":"taxable","12":"shipping-taxable","13":"product-type-simple"},"acf":[],"yoast_head":"<!-- This site is optimized with the Yoast SEO plugin v27.0 - https:\/\/yoast.com\/product\/yoast-seo-wordpress\/ -->\n<title>Polytec IVS-500 vibr\u0101cijas sensors - AXIOMA MS<\/title>\n<meta name=\"robots\" content=\"index, follow, max-snippet:-1, max-image-preview:large, max-video-preview:-1\" \/>\n<link rel=\"canonical\" href=\"https:\/\/www.axiomams.eu\/lv\/produktas\/polytec-ivs-500-vibracijas-sensors\" \/>\n<meta property=\"og:locale\" content=\"lv_LV\" \/>\n<meta property=\"og:type\" content=\"article\" \/>\n<meta property=\"og:title\" content=\"Polytec IVS-500 vibr\u0101cijas sensors - AXIOMA MS\" \/>\n<meta property=\"og:description\" content=\"Polytec IVS-500 r\u016bpnieciskais vibr\u0101cijas sensors nodro\u0161ina prec\u012bzu akustisk\u0101s kvalit\u0101tes p\u0101rbaudi un konstrukcijas rad\u012bt\u0101 trok\u0161\u0146a anal\u012bzi, lai veiktu uzticamu pozit\u012bvu un negat\u012bvu nov\u0113rt\u0113jumu. Darbojoties ar l\u0101zera precizit\u0101ti, \u0161is bezkontakta sensors nodro\u0161ina prec\u012bzus m\u0113r\u012bjumus gandr\u012bz uz vis\u0101m virsm\u0101m, pat smagos r\u016bpnieciskos apst\u0101k\u013cos. Samazinot k\u013c\u016bdainu noraid\u012bjumu skaitu ra\u017eo\u0161an\u0101 un mont\u0101\u017e\u0101, tas pal\u012bdz optimiz\u0113t gan izmaksas, gan ra\u017e\u012bgumu. galven\u0101s...\" \/>\n<meta property=\"og:url\" content=\"https:\/\/www.axiomams.eu\/lv\/produktas\/polytec-ivs-500-vibracijas-sensors\" \/>\n<meta property=\"og:site_name\" content=\"AXIOMA MS\" \/>\n<meta property=\"article:publisher\" content=\"https:\/\/www.facebook.com\/AxiomaMS\" \/>\n<meta property=\"article:modified_time\" content=\"2026-03-25T15:00:35+00:00\" \/>\n<meta property=\"og:image\" content=\"https:\/\/www.axiomams.eu\/wp-content\/uploads\/2025\/10\/4686-6196.jpg\" \/>\n\t<meta property=\"og:image:width\" content=\"524\" \/>\n\t<meta property=\"og:image:height\" content=\"524\" \/>\n\t<meta property=\"og:image:type\" content=\"image\/jpeg\" \/>\n<meta name=\"twitter:card\" content=\"summary_large_image\" \/>\n<meta name=\"twitter:label1\" content=\"Est. reading time\" \/>\n\t<meta name=\"twitter:data1\" content=\"1 minute\" \/>\n<script type=\"application\/ld+json\" class=\"yoast-schema-graph\">{\"@context\":\"https:\/\/schema.org\",\"@graph\":[{\"@type\":\"WebPage\",\"@id\":\"https:\/\/www.axiomams.eu\/lv\/produktas\/polytec-ivs-500-vibracijas-sensors\",\"url\":\"https:\/\/www.axiomams.eu\/lv\/produktas\/polytec-ivs-500-vibracijas-sensors\",\"name\":\"Polytec IVS-500 vibr\u0101cijas sensors - AXIOMA MS\",\"isPartOf\":{\"@id\":\"https:\/\/www.axiomams.eu\/lv#website\"},\"primaryImageOfPage\":{\"@id\":\"https:\/\/www.axiomams.eu\/lv\/produktas\/polytec-ivs-500-vibracijas-sensors#primaryimage\"},\"image\":{\"@id\":\"https:\/\/www.axiomams.eu\/lv\/produktas\/polytec-ivs-500-vibracijas-sensors#primaryimage\"},\"thumbnailUrl\":\"https:\/\/www.axiomams.eu\/wp-content\/uploads\/2025\/10\/4686-6196.jpg\",\"datePublished\":\"2025-10-24T23:02:16+00:00\",\"dateModified\":\"2026-03-25T15:00:35+00:00\",\"breadcrumb\":{\"@id\":\"https:\/\/www.axiomams.eu\/lv\/produktas\/polytec-ivs-500-vibracijas-sensors#breadcrumb\"},\"inLanguage\":\"lv-LV\",\"potentialAction\":[{\"@type\":\"ReadAction\",\"target\":[\"https:\/\/www.axiomams.eu\/lv\/produktas\/polytec-ivs-500-vibracijas-sensors\"]}]},{\"@type\":\"ImageObject\",\"inLanguage\":\"lv-LV\",\"@id\":\"https:\/\/www.axiomams.eu\/lv\/produktas\/polytec-ivs-500-vibracijas-sensors#primaryimage\",\"url\":\"https:\/\/www.axiomams.eu\/wp-content\/uploads\/2025\/10\/4686-6196.jpg\",\"contentUrl\":\"https:\/\/www.axiomams.eu\/wp-content\/uploads\/2025\/10\/4686-6196.jpg\",\"width\":524,\"height\":524},{\"@type\":\"BreadcrumbList\",\"@id\":\"https:\/\/www.axiomams.eu\/lv\/produktas\/polytec-ivs-500-vibracijas-sensors#breadcrumb\",\"itemListElement\":[{\"@type\":\"ListItem\",\"position\":1,\"name\":\"Home\",\"item\":\"https:\/\/www.axiomams.eu\/lv\"},{\"@type\":\"ListItem\",\"position\":2,\"name\":\"Produkti\",\"item\":\"https:\/\/www.axiomams.eu\/lv\/produkti\"},{\"@type\":\"ListItem\",\"position\":3,\"name\":\"Polytec IVS-500 vibr\u0101cijas sensors\"}]},{\"@type\":\"WebSite\",\"@id\":\"https:\/\/www.axiomams.eu\/lv#website\",\"url\":\"https:\/\/www.axiomams.eu\/lv\",\"name\":\"AXIOMA MS\",\"description\":\"Terrmovizoriai ir matavimo \u012franga\",\"publisher\":{\"@id\":\"https:\/\/www.axiomams.eu\/lv#organization\"},\"potentialAction\":[{\"@type\":\"SearchAction\",\"target\":{\"@type\":\"EntryPoint\",\"urlTemplate\":\"https:\/\/www.axiomams.eu\/lv?s={search_term_string}\"},\"query-input\":{\"@type\":\"PropertyValueSpecification\",\"valueRequired\":true,\"valueName\":\"search_term_string\"}}],\"inLanguage\":\"lv-LV\"},{\"@type\":\"Organization\",\"@id\":\"https:\/\/www.axiomams.eu\/lv#organization\",\"name\":\"AXIOMA MS\",\"url\":\"https:\/\/www.axiomams.eu\/lv\",\"logo\":{\"@type\":\"ImageObject\",\"inLanguage\":\"lv-LV\",\"@id\":\"https:\/\/www.axiomams.eu\/lv#\/schema\/logo\/image\/\",\"url\":\"https:\/\/www.axiomams.eu\/wp-content\/uploads\/2025\/06\/axioma-logo-2.png\",\"contentUrl\":\"https:\/\/www.axiomams.eu\/wp-content\/uploads\/2025\/06\/axioma-logo-2.png\",\"width\":1200,\"height\":1200,\"caption\":\"AXIOMA MS\"},\"image\":{\"@id\":\"https:\/\/www.axiomams.eu\/lv#\/schema\/logo\/image\/\"},\"sameAs\":[\"https:\/\/www.facebook.com\/AxiomaMS\",\"https:\/\/www.linkedin.com\/company\/axiomams\/\"]}]}<\/script>\n<!-- \/ Yoast SEO plugin. -->","yoast_head_json":{"title":"Polytec IVS-500 vibr\u0101cijas sensors - AXIOMA MS","robots":{"index":"index","follow":"follow","max-snippet":"max-snippet:-1","max-image-preview":"max-image-preview:large","max-video-preview":"max-video-preview:-1"},"canonical":"https:\/\/www.axiomams.eu\/lv\/produktas\/polytec-ivs-500-vibracijas-sensors","og_locale":"lv_LV","og_type":"article","og_title":"Polytec IVS-500 vibr\u0101cijas sensors - AXIOMA MS","og_description":"Polytec IVS-500 r\u016bpnieciskais vibr\u0101cijas sensors nodro\u0161ina prec\u012bzu akustisk\u0101s kvalit\u0101tes p\u0101rbaudi un konstrukcijas rad\u012bt\u0101 trok\u0161\u0146a anal\u012bzi, lai veiktu uzticamu pozit\u012bvu un negat\u012bvu nov\u0113rt\u0113jumu. Darbojoties ar l\u0101zera precizit\u0101ti, \u0161is bezkontakta sensors nodro\u0161ina prec\u012bzus m\u0113r\u012bjumus gandr\u012bz uz vis\u0101m virsm\u0101m, pat smagos r\u016bpnieciskos apst\u0101k\u013cos. Samazinot k\u013c\u016bdainu noraid\u012bjumu skaitu ra\u017eo\u0161an\u0101 un mont\u0101\u017e\u0101, tas pal\u012bdz optimiz\u0113t gan izmaksas, gan ra\u017e\u012bgumu. galven\u0101s...","og_url":"https:\/\/www.axiomams.eu\/lv\/produktas\/polytec-ivs-500-vibracijas-sensors","og_site_name":"AXIOMA MS","article_publisher":"https:\/\/www.facebook.com\/AxiomaMS","article_modified_time":"2026-03-25T15:00:35+00:00","og_image":[{"width":524,"height":524,"url":"https:\/\/www.axiomams.eu\/wp-content\/uploads\/2025\/10\/4686-6196.jpg","type":"image\/jpeg"}],"twitter_card":"summary_large_image","twitter_misc":{"Est. reading time":"1 minute"},"schema":{"@context":"https:\/\/schema.org","@graph":[{"@type":"WebPage","@id":"https:\/\/www.axiomams.eu\/lv\/produktas\/polytec-ivs-500-vibracijas-sensors","url":"https:\/\/www.axiomams.eu\/lv\/produktas\/polytec-ivs-500-vibracijas-sensors","name":"Polytec IVS-500 vibr\u0101cijas sensors - AXIOMA MS","isPartOf":{"@id":"https:\/\/www.axiomams.eu\/lv#website"},"primaryImageOfPage":{"@id":"https:\/\/www.axiomams.eu\/lv\/produktas\/polytec-ivs-500-vibracijas-sensors#primaryimage"},"image":{"@id":"https:\/\/www.axiomams.eu\/lv\/produktas\/polytec-ivs-500-vibracijas-sensors#primaryimage"},"thumbnailUrl":"https:\/\/www.axiomams.eu\/wp-content\/uploads\/2025\/10\/4686-6196.jpg","datePublished":"2025-10-24T23:02:16+00:00","dateModified":"2026-03-25T15:00:35+00:00","breadcrumb":{"@id":"https:\/\/www.axiomams.eu\/lv\/produktas\/polytec-ivs-500-vibracijas-sensors#breadcrumb"},"inLanguage":"lv-LV","potentialAction":[{"@type":"ReadAction","target":["https:\/\/www.axiomams.eu\/lv\/produktas\/polytec-ivs-500-vibracijas-sensors"]}]},{"@type":"ImageObject","inLanguage":"lv-LV","@id":"https:\/\/www.axiomams.eu\/lv\/produktas\/polytec-ivs-500-vibracijas-sensors#primaryimage","url":"https:\/\/www.axiomams.eu\/wp-content\/uploads\/2025\/10\/4686-6196.jpg","contentUrl":"https:\/\/www.axiomams.eu\/wp-content\/uploads\/2025\/10\/4686-6196.jpg","width":524,"height":524},{"@type":"BreadcrumbList","@id":"https:\/\/www.axiomams.eu\/lv\/produktas\/polytec-ivs-500-vibracijas-sensors#breadcrumb","itemListElement":[{"@type":"ListItem","position":1,"name":"Home","item":"https:\/\/www.axiomams.eu\/lv"},{"@type":"ListItem","position":2,"name":"Produkti","item":"https:\/\/www.axiomams.eu\/lv\/produkti"},{"@type":"ListItem","position":3,"name":"Polytec IVS-500 vibr\u0101cijas sensors"}]},{"@type":"WebSite","@id":"https:\/\/www.axiomams.eu\/lv#website","url":"https:\/\/www.axiomams.eu\/lv","name":"AXIOMA MS","description":"Terrmovizoriai ir matavimo \u012franga","publisher":{"@id":"https:\/\/www.axiomams.eu\/lv#organization"},"potentialAction":[{"@type":"SearchAction","target":{"@type":"EntryPoint","urlTemplate":"https:\/\/www.axiomams.eu\/lv?s={search_term_string}"},"query-input":{"@type":"PropertyValueSpecification","valueRequired":true,"valueName":"search_term_string"}}],"inLanguage":"lv-LV"},{"@type":"Organization","@id":"https:\/\/www.axiomams.eu\/lv#organization","name":"AXIOMA MS","url":"https:\/\/www.axiomams.eu\/lv","logo":{"@type":"ImageObject","inLanguage":"lv-LV","@id":"https:\/\/www.axiomams.eu\/lv#\/schema\/logo\/image\/","url":"https:\/\/www.axiomams.eu\/wp-content\/uploads\/2025\/06\/axioma-logo-2.png","contentUrl":"https:\/\/www.axiomams.eu\/wp-content\/uploads\/2025\/06\/axioma-logo-2.png","width":1200,"height":1200,"caption":"AXIOMA MS"},"image":{"@id":"https:\/\/www.axiomams.eu\/lv#\/schema\/logo\/image\/"},"sameAs":["https:\/\/www.facebook.com\/AxiomaMS","https:\/\/www.linkedin.com\/company\/axiomams\/"]}]}},"_links":{"self":[{"href":"https:\/\/www.axiomams.eu\/lv\/wp-json\/wp\/v2\/product\/39173","targetHints":{"allow":["GET"]}}],"collection":[{"href":"https:\/\/www.axiomams.eu\/lv\/wp-json\/wp\/v2\/product"}],"about":[{"href":"https:\/\/www.axiomams.eu\/lv\/wp-json\/wp\/v2\/types\/product"}],"replies":[{"embeddable":true,"href":"https:\/\/www.axiomams.eu\/lv\/wp-json\/wp\/v2\/comments?post=39173"}],"wp:featuredmedia":[{"embeddable":true,"href":"https:\/\/www.axiomams.eu\/lv\/wp-json\/wp\/v2\/media\/42073"}],"wp:attachment":[{"href":"https:\/\/www.axiomams.eu\/lv\/wp-json\/wp\/v2\/media?parent=39173"}],"wp:term":[{"taxonomy":"product_brand","embeddable":true,"href":"https:\/\/www.axiomams.eu\/lv\/wp-json\/wp\/v2\/product_brand?post=39173"},{"taxonomy":"product_cat","embeddable":true,"href":"https:\/\/www.axiomams.eu\/lv\/wp-json\/wp\/v2\/product_cat?post=39173"},{"taxonomy":"product_tag","embeddable":true,"href":"https:\/\/www.axiomams.eu\/lv\/wp-json\/wp\/v2\/product_tag?post=39173"}],"curies":[{"name":"wp","href":"https:\/\/api.w.org\/{rel}","templated":true}]}}