{"id":39174,"date":"2025-05-23T10:39:39","date_gmt":"2025-05-23T08:39:39","guid":{"rendered":"https:\/\/www.axiomams.eu\/produktas\/ametek-jofra-asc-400-signala-kalibrators"},"modified":"2026-03-25T17:00:35","modified_gmt":"2026-03-25T15:00:35","slug":"ametek-jofra-asc-400-signala-kalibrators","status":"publish","type":"product","link":"https:\/\/www.axiomams.eu\/lv\/produktas\/ametek-jofra-asc-400-signala-kalibrators","title":{"rendered":"Ametek Jofra ASC-400 sign\u0101la kalibrators"},"content":{"rendered":"<p>ASC-400 ir p\u0101rn\u0113s\u0101jams procesu sign\u0101lu kalibrators, kas nodro\u0161ina funkcionalit\u0101ti un precizit\u0101ti, ko sagaid\u0101t no laboratorijas kalibr\u0113\u0161anas sist\u0113mas, bet ir pietiekami kompakts, lai to var\u0113tu ievietot instrumentu kast\u0113 un lietot ar vienu roku, lai kalibr\u0113\u0161ana b\u016btu vienk\u0101r\u0161a uz vietas.<\/p>\n<p>Standarta komplekts: kalibrators, bateriju komplekts (6 x AA), elektronisk\u0101 rokasgr\u0101mata (USB), 2 testa vadu un testa klipu komplekti (melns un sarkans), \u0113rts m\u012bksts futr\u0101lis ar kabatu testa vadiem un atveri aug\u0161pus\u0113, kas nodro\u0161ina vieglu piek\u013cuvi testa spail\u0113m, piln\u012bgs starptautiski izsekojams kalibr\u0113\u0161anas sertifik\u0101ts.<\/p>\n<h3>Tehnisk\u0101 inform\u0101cija:<\/h3>\n<ul>\n<li><a href=\"https:\/\/axiomams.eu\/importer\/export\/attachments\/en\/asc-400.pdf\" target=\"_blank\">ASC 400.pdf<\/a><\/li>\n<\/ul>\n","protected":false},"excerpt":{"rendered":"<p>ASC-400 ir p\u0101rn\u0113s\u0101jams procesu sign\u0101lu kalibrators, kas nodro\u0161ina funkcionalit\u0101ti un precizit\u0101ti, ko sagaid\u0101t no laboratorijas kalibr\u0113\u0161anas sist\u0113mas, bet ir pietiekami kompakts, lai to var\u0113tu ievietot instrumentu kast\u0113 un lietot ar vienu roku, lai kalibr\u0113\u0161ana b\u016btu vienk\u0101r\u0161a uz vietas. Standarta komplekts: kalibrators, bateriju komplekts (6 x AA), elektronisk\u0101 rokasgr\u0101mata (USB), 2 testa vadu un testa klipu&#8230;<\/p>\n","protected":false},"featured_media":42075,"comment_status":"open","ping_status":"closed","template":"","meta":{"_acf_changed":false},"product_brand":[1202],"product_cat":[17745],"product_tag":[],"class_list":{"0":"post-39174","1":"product","2":"type-product","3":"status-publish","4":"has-post-thumbnail","6":"product_brand-ametek","7":"product_cat-procesa-un-temperaturas-kalibresanai","9":"first","10":"instock","11":"taxable","12":"shipping-taxable","13":"purchasable","14":"product-type-simple"},"acf":[],"yoast_head":"<!-- This site is optimized with the Yoast SEO plugin v27.0 - https:\/\/yoast.com\/product\/yoast-seo-wordpress\/ -->\n<title>Ametek Jofra ASC-400 sign\u0101la kalibrators - AXIOMA MS<\/title>\n<meta name=\"robots\" content=\"index, follow, max-snippet:-1, max-image-preview:large, max-video-preview:-1\" \/>\n<link rel=\"canonical\" href=\"https:\/\/www.axiomams.eu\/lv\/produktas\/ametek-jofra-asc-400-signala-kalibrators\" \/>\n<meta property=\"og:locale\" content=\"lv_LV\" \/>\n<meta property=\"og:type\" content=\"article\" \/>\n<meta property=\"og:title\" content=\"Ametek Jofra ASC-400 sign\u0101la kalibrators - AXIOMA MS\" \/>\n<meta property=\"og:description\" content=\"ASC-400 ir p\u0101rn\u0113s\u0101jams procesu sign\u0101lu kalibrators, kas nodro\u0161ina funkcionalit\u0101ti un precizit\u0101ti, ko sagaid\u0101t no laboratorijas kalibr\u0113\u0161anas sist\u0113mas, bet ir pietiekami kompakts, lai to var\u0113tu ievietot instrumentu kast\u0113 un lietot ar vienu roku, lai kalibr\u0113\u0161ana b\u016btu vienk\u0101r\u0161a uz vietas. Standarta komplekts: kalibrators, bateriju komplekts (6 x AA), elektronisk\u0101 rokasgr\u0101mata (USB), 2 testa vadu un testa klipu...\" \/>\n<meta property=\"og:url\" content=\"https:\/\/www.axiomams.eu\/lv\/produktas\/ametek-jofra-asc-400-signala-kalibrators\" \/>\n<meta property=\"og:site_name\" content=\"AXIOMA MS\" \/>\n<meta property=\"article:publisher\" content=\"https:\/\/www.facebook.com\/AxiomaMS\" \/>\n<meta property=\"article:modified_time\" content=\"2026-03-25T15:00:35+00:00\" \/>\n<meta property=\"og:image\" content=\"https:\/\/www.axiomams.eu\/wp-content\/uploads\/2025\/07\/224-233.jpg\" \/>\n\t<meta property=\"og:image:width\" content=\"200\" \/>\n\t<meta property=\"og:image:height\" content=\"191\" \/>\n\t<meta property=\"og:image:type\" content=\"image\/jpeg\" \/>\n<meta name=\"twitter:card\" content=\"summary_large_image\" \/>\n<meta name=\"twitter:label1\" content=\"Est. reading time\" \/>\n\t<meta name=\"twitter:data1\" content=\"1 minute\" \/>\n<script type=\"application\/ld+json\" class=\"yoast-schema-graph\">{\"@context\":\"https:\/\/schema.org\",\"@graph\":[{\"@type\":\"WebPage\",\"@id\":\"https:\/\/www.axiomams.eu\/lv\/produktas\/ametek-jofra-asc-400-signala-kalibrators\",\"url\":\"https:\/\/www.axiomams.eu\/lv\/produktas\/ametek-jofra-asc-400-signala-kalibrators\",\"name\":\"Ametek Jofra ASC-400 sign\u0101la kalibrators - AXIOMA MS\",\"isPartOf\":{\"@id\":\"https:\/\/www.axiomams.eu\/lv#website\"},\"primaryImageOfPage\":{\"@id\":\"https:\/\/www.axiomams.eu\/lv\/produktas\/ametek-jofra-asc-400-signala-kalibrators#primaryimage\"},\"image\":{\"@id\":\"https:\/\/www.axiomams.eu\/lv\/produktas\/ametek-jofra-asc-400-signala-kalibrators#primaryimage\"},\"thumbnailUrl\":\"https:\/\/www.axiomams.eu\/wp-content\/uploads\/2025\/07\/224-233.jpg\",\"datePublished\":\"2025-05-23T08:39:39+00:00\",\"dateModified\":\"2026-03-25T15:00:35+00:00\",\"breadcrumb\":{\"@id\":\"https:\/\/www.axiomams.eu\/lv\/produktas\/ametek-jofra-asc-400-signala-kalibrators#breadcrumb\"},\"inLanguage\":\"lv-LV\",\"potentialAction\":[{\"@type\":\"ReadAction\",\"target\":[\"https:\/\/www.axiomams.eu\/lv\/produktas\/ametek-jofra-asc-400-signala-kalibrators\"]}]},{\"@type\":\"ImageObject\",\"inLanguage\":\"lv-LV\",\"@id\":\"https:\/\/www.axiomams.eu\/lv\/produktas\/ametek-jofra-asc-400-signala-kalibrators#primaryimage\",\"url\":\"https:\/\/www.axiomams.eu\/wp-content\/uploads\/2025\/07\/224-233.jpg\",\"contentUrl\":\"https:\/\/www.axiomams.eu\/wp-content\/uploads\/2025\/07\/224-233.jpg\",\"width\":200,\"height\":191},{\"@type\":\"BreadcrumbList\",\"@id\":\"https:\/\/www.axiomams.eu\/lv\/produktas\/ametek-jofra-asc-400-signala-kalibrators#breadcrumb\",\"itemListElement\":[{\"@type\":\"ListItem\",\"position\":1,\"name\":\"Home\",\"item\":\"https:\/\/www.axiomams.eu\/lv\"},{\"@type\":\"ListItem\",\"position\":2,\"name\":\"Produkti\",\"item\":\"https:\/\/www.axiomams.eu\/lv\/produkti\"},{\"@type\":\"ListItem\",\"position\":3,\"name\":\"Ametek Jofra ASC-400 sign\u0101la kalibrators\"}]},{\"@type\":\"WebSite\",\"@id\":\"https:\/\/www.axiomams.eu\/lv#website\",\"url\":\"https:\/\/www.axiomams.eu\/lv\",\"name\":\"AXIOMA MS\",\"description\":\"Terrmovizoriai ir matavimo \u012franga\",\"publisher\":{\"@id\":\"https:\/\/www.axiomams.eu\/lv#organization\"},\"potentialAction\":[{\"@type\":\"SearchAction\",\"target\":{\"@type\":\"EntryPoint\",\"urlTemplate\":\"https:\/\/www.axiomams.eu\/lv?s={search_term_string}\"},\"query-input\":{\"@type\":\"PropertyValueSpecification\",\"valueRequired\":true,\"valueName\":\"search_term_string\"}}],\"inLanguage\":\"lv-LV\"},{\"@type\":\"Organization\",\"@id\":\"https:\/\/www.axiomams.eu\/lv#organization\",\"name\":\"AXIOMA MS\",\"url\":\"https:\/\/www.axiomams.eu\/lv\",\"logo\":{\"@type\":\"ImageObject\",\"inLanguage\":\"lv-LV\",\"@id\":\"https:\/\/www.axiomams.eu\/lv#\/schema\/logo\/image\/\",\"url\":\"https:\/\/www.axiomams.eu\/wp-content\/uploads\/2025\/06\/axioma-logo-2.png\",\"contentUrl\":\"https:\/\/www.axiomams.eu\/wp-content\/uploads\/2025\/06\/axioma-logo-2.png\",\"width\":1200,\"height\":1200,\"caption\":\"AXIOMA MS\"},\"image\":{\"@id\":\"https:\/\/www.axiomams.eu\/lv#\/schema\/logo\/image\/\"},\"sameAs\":[\"https:\/\/www.facebook.com\/AxiomaMS\",\"https:\/\/www.linkedin.com\/company\/axiomams\/\"]}]}<\/script>\n<!-- \/ Yoast SEO plugin. -->","yoast_head_json":{"title":"Ametek Jofra ASC-400 sign\u0101la kalibrators - AXIOMA MS","robots":{"index":"index","follow":"follow","max-snippet":"max-snippet:-1","max-image-preview":"max-image-preview:large","max-video-preview":"max-video-preview:-1"},"canonical":"https:\/\/www.axiomams.eu\/lv\/produktas\/ametek-jofra-asc-400-signala-kalibrators","og_locale":"lv_LV","og_type":"article","og_title":"Ametek Jofra ASC-400 sign\u0101la kalibrators - AXIOMA MS","og_description":"ASC-400 ir p\u0101rn\u0113s\u0101jams procesu sign\u0101lu kalibrators, kas nodro\u0161ina funkcionalit\u0101ti un precizit\u0101ti, ko sagaid\u0101t no laboratorijas kalibr\u0113\u0161anas sist\u0113mas, bet ir pietiekami kompakts, lai to var\u0113tu ievietot instrumentu kast\u0113 un lietot ar vienu roku, lai kalibr\u0113\u0161ana b\u016btu vienk\u0101r\u0161a uz vietas. Standarta komplekts: kalibrators, bateriju komplekts (6 x AA), elektronisk\u0101 rokasgr\u0101mata (USB), 2 testa vadu un testa klipu...","og_url":"https:\/\/www.axiomams.eu\/lv\/produktas\/ametek-jofra-asc-400-signala-kalibrators","og_site_name":"AXIOMA MS","article_publisher":"https:\/\/www.facebook.com\/AxiomaMS","article_modified_time":"2026-03-25T15:00:35+00:00","og_image":[{"width":200,"height":191,"url":"https:\/\/www.axiomams.eu\/wp-content\/uploads\/2025\/07\/224-233.jpg","type":"image\/jpeg"}],"twitter_card":"summary_large_image","twitter_misc":{"Est. reading time":"1 minute"},"schema":{"@context":"https:\/\/schema.org","@graph":[{"@type":"WebPage","@id":"https:\/\/www.axiomams.eu\/lv\/produktas\/ametek-jofra-asc-400-signala-kalibrators","url":"https:\/\/www.axiomams.eu\/lv\/produktas\/ametek-jofra-asc-400-signala-kalibrators","name":"Ametek Jofra ASC-400 sign\u0101la kalibrators - AXIOMA MS","isPartOf":{"@id":"https:\/\/www.axiomams.eu\/lv#website"},"primaryImageOfPage":{"@id":"https:\/\/www.axiomams.eu\/lv\/produktas\/ametek-jofra-asc-400-signala-kalibrators#primaryimage"},"image":{"@id":"https:\/\/www.axiomams.eu\/lv\/produktas\/ametek-jofra-asc-400-signala-kalibrators#primaryimage"},"thumbnailUrl":"https:\/\/www.axiomams.eu\/wp-content\/uploads\/2025\/07\/224-233.jpg","datePublished":"2025-05-23T08:39:39+00:00","dateModified":"2026-03-25T15:00:35+00:00","breadcrumb":{"@id":"https:\/\/www.axiomams.eu\/lv\/produktas\/ametek-jofra-asc-400-signala-kalibrators#breadcrumb"},"inLanguage":"lv-LV","potentialAction":[{"@type":"ReadAction","target":["https:\/\/www.axiomams.eu\/lv\/produktas\/ametek-jofra-asc-400-signala-kalibrators"]}]},{"@type":"ImageObject","inLanguage":"lv-LV","@id":"https:\/\/www.axiomams.eu\/lv\/produktas\/ametek-jofra-asc-400-signala-kalibrators#primaryimage","url":"https:\/\/www.axiomams.eu\/wp-content\/uploads\/2025\/07\/224-233.jpg","contentUrl":"https:\/\/www.axiomams.eu\/wp-content\/uploads\/2025\/07\/224-233.jpg","width":200,"height":191},{"@type":"BreadcrumbList","@id":"https:\/\/www.axiomams.eu\/lv\/produktas\/ametek-jofra-asc-400-signala-kalibrators#breadcrumb","itemListElement":[{"@type":"ListItem","position":1,"name":"Home","item":"https:\/\/www.axiomams.eu\/lv"},{"@type":"ListItem","position":2,"name":"Produkti","item":"https:\/\/www.axiomams.eu\/lv\/produkti"},{"@type":"ListItem","position":3,"name":"Ametek Jofra ASC-400 sign\u0101la kalibrators"}]},{"@type":"WebSite","@id":"https:\/\/www.axiomams.eu\/lv#website","url":"https:\/\/www.axiomams.eu\/lv","name":"AXIOMA MS","description":"Terrmovizoriai ir matavimo \u012franga","publisher":{"@id":"https:\/\/www.axiomams.eu\/lv#organization"},"potentialAction":[{"@type":"SearchAction","target":{"@type":"EntryPoint","urlTemplate":"https:\/\/www.axiomams.eu\/lv?s={search_term_string}"},"query-input":{"@type":"PropertyValueSpecification","valueRequired":true,"valueName":"search_term_string"}}],"inLanguage":"lv-LV"},{"@type":"Organization","@id":"https:\/\/www.axiomams.eu\/lv#organization","name":"AXIOMA MS","url":"https:\/\/www.axiomams.eu\/lv","logo":{"@type":"ImageObject","inLanguage":"lv-LV","@id":"https:\/\/www.axiomams.eu\/lv#\/schema\/logo\/image\/","url":"https:\/\/www.axiomams.eu\/wp-content\/uploads\/2025\/06\/axioma-logo-2.png","contentUrl":"https:\/\/www.axiomams.eu\/wp-content\/uploads\/2025\/06\/axioma-logo-2.png","width":1200,"height":1200,"caption":"AXIOMA MS"},"image":{"@id":"https:\/\/www.axiomams.eu\/lv#\/schema\/logo\/image\/"},"sameAs":["https:\/\/www.facebook.com\/AxiomaMS","https:\/\/www.linkedin.com\/company\/axiomams\/"]}]}},"_links":{"self":[{"href":"https:\/\/www.axiomams.eu\/lv\/wp-json\/wp\/v2\/product\/39174","targetHints":{"allow":["GET"]}}],"collection":[{"href":"https:\/\/www.axiomams.eu\/lv\/wp-json\/wp\/v2\/product"}],"about":[{"href":"https:\/\/www.axiomams.eu\/lv\/wp-json\/wp\/v2\/types\/product"}],"replies":[{"embeddable":true,"href":"https:\/\/www.axiomams.eu\/lv\/wp-json\/wp\/v2\/comments?post=39174"}],"wp:featuredmedia":[{"embeddable":true,"href":"https:\/\/www.axiomams.eu\/lv\/wp-json\/wp\/v2\/media\/42075"}],"wp:attachment":[{"href":"https:\/\/www.axiomams.eu\/lv\/wp-json\/wp\/v2\/media?parent=39174"}],"wp:term":[{"taxonomy":"product_brand","embeddable":true,"href":"https:\/\/www.axiomams.eu\/lv\/wp-json\/wp\/v2\/product_brand?post=39174"},{"taxonomy":"product_cat","embeddable":true,"href":"https:\/\/www.axiomams.eu\/lv\/wp-json\/wp\/v2\/product_cat?post=39174"},{"taxonomy":"product_tag","embeddable":true,"href":"https:\/\/www.axiomams.eu\/lv\/wp-json\/wp\/v2\/product_tag?post=39174"}],"curies":[{"name":"wp","href":"https:\/\/api.w.org\/{rel}","templated":true}]}}