{"id":39176,"date":"2025-05-15T18:01:08","date_gmt":"2025-05-15T16:01:08","guid":{"rendered":"https:\/\/www.axiomams.eu\/produktas\/ametek-jofra-ptc-155-temperaturas-kalibrators"},"modified":"2026-03-25T17:00:37","modified_gmt":"2026-03-25T15:00:37","slug":"ametek-jofra-ptc-155-temperaturas-kalibrators","status":"publish","type":"product","link":"https:\/\/www.axiomams.eu\/lv\/produktas\/ametek-jofra-ptc-155-temperaturas-kalibrators","title":{"rendered":"Ametek JOFRA PTC-155 temperat\u016bras kalibrators"},"content":{"rendered":"<p>AMETEK turpina izstr\u0101d\u0101t jaunus pa\u0146\u0113mienus, lai uzlabotu labi paz\u012bstamo JOFRA kalibr\u0113\u0161anas produktu veiktsp\u0113ju, precizit\u0101ti, \u0113rtumu un funkcionalit\u0101ti. T\u0101d\u0113j\u0101di m\u0113s saglab\u0101jam savas vado\u0161\u0101s poz\u012bcijas temperat\u016bras sauso bloku kalibratoru ra\u017eot\u0101ju pasaul\u0113.<br \/>\nJaunais PTC kalibrators ir pieejams tr\u012bs da\u017e\u0101dos mode\u013cos: A, B un C:<br \/>\n&#8211; PTC-A profesion\u0101lais temperat\u016bras kalibrators<br \/>\n&#8211; PTC-B profesion\u0101ls temperat\u016bras kalibrators ar ieeju standarta sensoram un test\u0113jamiem sensoriem.<br \/>\n&#8211; PTC-C profesion\u0101lais temperat\u016bras kalibrators ar ieeju references sensoram.<br \/>\nPTC pied\u0101v\u0101 daudzas no labi zin\u0101maj\u0101m JOFRA funkcij\u0101m, piem\u0113ram:<br \/>\n&#8211; viegli nolas\u0101ms kr\u0101su VGA displejs ar perfektu p\u0101rskatu par faktisko kalibr\u0113\u0161anas statusu.<br \/>\n&#8211; inteli\u0123ent\u0101 atk\u0101rtotas kalibr\u0113\u0161anas inform\u0101cija, IRI<br \/>\n&#8211; Intuit\u012bva, \u0101tra un lietot\u0101jam draudz\u012bga navig\u0101cija<br \/>\n&#8211; Viegls un \u0113rti p\u0101rn\u0113s\u0101jams<br \/>\n&#8211; Funkcion\u0101ls p\u0101rn\u0113s\u0101\u0161anas futr\u0101lis<br \/>\n&#8211; Vair\u0101ku caurumu ielikt\u0146u komplekti, kas aptver visus visbie\u017e\u0101k izmantotos sensoru izm\u0113rus.<br \/>\n&#8211; Augsta profila dizains un labi paz\u012bstam\u0101 JOFRA kvalit\u0101te ar ilgu kalpo\u0161anas laiku.<\/p>\n<h3>Tehnisk\u0101 inform\u0101cija:<\/h3>\n<ul>\n<li><a href=\"https:\/\/axiomams.eu\/importer\/export\/attachments\/en\/ametek-jofra-ptc.pdf\" target=\"_blank\">Ametek Jofra PTC.pdf<\/a><\/li>\n<\/ul>\n","protected":false},"excerpt":{"rendered":"<p>AMETEK turpina izstr\u0101d\u0101t jaunus pa\u0146\u0113mienus, lai uzlabotu labi paz\u012bstamo JOFRA kalibr\u0113\u0161anas produktu veiktsp\u0113ju, precizit\u0101ti, \u0113rtumu un funkcionalit\u0101ti. T\u0101d\u0113j\u0101di m\u0113s saglab\u0101jam savas vado\u0161\u0101s poz\u012bcijas temperat\u016bras sauso bloku kalibratoru ra\u017eot\u0101ju pasaul\u0113. Jaunais PTC kalibrators ir pieejams tr\u012bs da\u017e\u0101dos mode\u013cos: A, B un C: &#8211; PTC-A profesion\u0101lais temperat\u016bras kalibrators &#8211; PTC-B profesion\u0101ls temperat\u016bras kalibrators ar ieeju standarta sensoram&#8230;<\/p>\n","protected":false},"featured_media":42079,"comment_status":"open","ping_status":"closed","template":"","meta":{"_acf_changed":false},"product_brand":[1202],"product_cat":[17745],"product_tag":[],"class_list":{"0":"post-39176","1":"product","2":"type-product","3":"status-publish","4":"has-post-thumbnail","6":"product_brand-ametek","7":"product_cat-procesa-un-temperaturas-kalibresanai","9":"first","10":"instock","11":"taxable","12":"shipping-taxable","13":"product-type-simple"},"acf":[],"yoast_head":"<!-- This site is optimized with the Yoast SEO plugin v27.0 - https:\/\/yoast.com\/product\/yoast-seo-wordpress\/ -->\n<title>Ametek JOFRA PTC-155 temperat\u016bras kalibrators - AXIOMA MS<\/title>\n<meta name=\"robots\" content=\"index, follow, max-snippet:-1, max-image-preview:large, max-video-preview:-1\" \/>\n<link rel=\"canonical\" href=\"https:\/\/www.axiomams.eu\/lv\/produktas\/ametek-jofra-ptc-155-temperaturas-kalibrators\" \/>\n<meta property=\"og:locale\" content=\"lv_LV\" \/>\n<meta property=\"og:type\" content=\"article\" \/>\n<meta property=\"og:title\" content=\"Ametek JOFRA PTC-155 temperat\u016bras kalibrators - AXIOMA MS\" \/>\n<meta property=\"og:description\" content=\"AMETEK turpina izstr\u0101d\u0101t jaunus pa\u0146\u0113mienus, lai uzlabotu labi paz\u012bstamo JOFRA kalibr\u0113\u0161anas produktu veiktsp\u0113ju, precizit\u0101ti, \u0113rtumu un funkcionalit\u0101ti. T\u0101d\u0113j\u0101di m\u0113s saglab\u0101jam savas vado\u0161\u0101s poz\u012bcijas temperat\u016bras sauso bloku kalibratoru ra\u017eot\u0101ju pasaul\u0113. Jaunais PTC kalibrators ir pieejams tr\u012bs da\u017e\u0101dos mode\u013cos: A, B un C: &#8211; PTC-A profesion\u0101lais temperat\u016bras kalibrators &#8211; PTC-B profesion\u0101ls temperat\u016bras kalibrators ar ieeju standarta sensoram...\" \/>\n<meta property=\"og:url\" content=\"https:\/\/www.axiomams.eu\/lv\/produktas\/ametek-jofra-ptc-155-temperaturas-kalibrators\" \/>\n<meta property=\"og:site_name\" content=\"AXIOMA MS\" \/>\n<meta property=\"article:publisher\" content=\"https:\/\/www.facebook.com\/AxiomaMS\" \/>\n<meta property=\"article:modified_time\" content=\"2026-03-25T15:00:37+00:00\" \/>\n<meta property=\"og:image\" content=\"https:\/\/www.axiomams.eu\/wp-content\/uploads\/2025\/07\/257-4793.jpg\" \/>\n\t<meta property=\"og:image:width\" content=\"1639\" \/>\n\t<meta property=\"og:image:height\" content=\"1020\" \/>\n\t<meta property=\"og:image:type\" content=\"image\/jpeg\" \/>\n<meta name=\"twitter:card\" content=\"summary_large_image\" \/>\n<meta name=\"twitter:label1\" content=\"Est. reading time\" \/>\n\t<meta name=\"twitter:data1\" content=\"1 minute\" \/>\n<script type=\"application\/ld+json\" class=\"yoast-schema-graph\">{\"@context\":\"https:\/\/schema.org\",\"@graph\":[{\"@type\":\"WebPage\",\"@id\":\"https:\/\/www.axiomams.eu\/lv\/produktas\/ametek-jofra-ptc-155-temperaturas-kalibrators\",\"url\":\"https:\/\/www.axiomams.eu\/lv\/produktas\/ametek-jofra-ptc-155-temperaturas-kalibrators\",\"name\":\"Ametek JOFRA PTC-155 temperat\u016bras kalibrators - AXIOMA MS\",\"isPartOf\":{\"@id\":\"https:\/\/www.axiomams.eu\/lv#website\"},\"primaryImageOfPage\":{\"@id\":\"https:\/\/www.axiomams.eu\/lv\/produktas\/ametek-jofra-ptc-155-temperaturas-kalibrators#primaryimage\"},\"image\":{\"@id\":\"https:\/\/www.axiomams.eu\/lv\/produktas\/ametek-jofra-ptc-155-temperaturas-kalibrators#primaryimage\"},\"thumbnailUrl\":\"https:\/\/www.axiomams.eu\/wp-content\/uploads\/2025\/07\/257-4793.jpg\",\"datePublished\":\"2025-05-15T16:01:08+00:00\",\"dateModified\":\"2026-03-25T15:00:37+00:00\",\"breadcrumb\":{\"@id\":\"https:\/\/www.axiomams.eu\/lv\/produktas\/ametek-jofra-ptc-155-temperaturas-kalibrators#breadcrumb\"},\"inLanguage\":\"lv-LV\",\"potentialAction\":[{\"@type\":\"ReadAction\",\"target\":[\"https:\/\/www.axiomams.eu\/lv\/produktas\/ametek-jofra-ptc-155-temperaturas-kalibrators\"]}]},{\"@type\":\"ImageObject\",\"inLanguage\":\"lv-LV\",\"@id\":\"https:\/\/www.axiomams.eu\/lv\/produktas\/ametek-jofra-ptc-155-temperaturas-kalibrators#primaryimage\",\"url\":\"https:\/\/www.axiomams.eu\/wp-content\/uploads\/2025\/07\/257-4793.jpg\",\"contentUrl\":\"https:\/\/www.axiomams.eu\/wp-content\/uploads\/2025\/07\/257-4793.jpg\",\"width\":1639,\"height\":1020},{\"@type\":\"BreadcrumbList\",\"@id\":\"https:\/\/www.axiomams.eu\/lv\/produktas\/ametek-jofra-ptc-155-temperaturas-kalibrators#breadcrumb\",\"itemListElement\":[{\"@type\":\"ListItem\",\"position\":1,\"name\":\"Home\",\"item\":\"https:\/\/www.axiomams.eu\/lv\"},{\"@type\":\"ListItem\",\"position\":2,\"name\":\"Produkti\",\"item\":\"https:\/\/www.axiomams.eu\/lv\/produkti\"},{\"@type\":\"ListItem\",\"position\":3,\"name\":\"Ametek JOFRA PTC-155 temperat\u016bras kalibrators\"}]},{\"@type\":\"WebSite\",\"@id\":\"https:\/\/www.axiomams.eu\/lv#website\",\"url\":\"https:\/\/www.axiomams.eu\/lv\",\"name\":\"AXIOMA MS\",\"description\":\"Terrmovizoriai ir matavimo \u012franga\",\"publisher\":{\"@id\":\"https:\/\/www.axiomams.eu\/lv#organization\"},\"potentialAction\":[{\"@type\":\"SearchAction\",\"target\":{\"@type\":\"EntryPoint\",\"urlTemplate\":\"https:\/\/www.axiomams.eu\/lv?s={search_term_string}\"},\"query-input\":{\"@type\":\"PropertyValueSpecification\",\"valueRequired\":true,\"valueName\":\"search_term_string\"}}],\"inLanguage\":\"lv-LV\"},{\"@type\":\"Organization\",\"@id\":\"https:\/\/www.axiomams.eu\/lv#organization\",\"name\":\"AXIOMA MS\",\"url\":\"https:\/\/www.axiomams.eu\/lv\",\"logo\":{\"@type\":\"ImageObject\",\"inLanguage\":\"lv-LV\",\"@id\":\"https:\/\/www.axiomams.eu\/lv#\/schema\/logo\/image\/\",\"url\":\"https:\/\/www.axiomams.eu\/wp-content\/uploads\/2025\/06\/axioma-logo-2.png\",\"contentUrl\":\"https:\/\/www.axiomams.eu\/wp-content\/uploads\/2025\/06\/axioma-logo-2.png\",\"width\":1200,\"height\":1200,\"caption\":\"AXIOMA MS\"},\"image\":{\"@id\":\"https:\/\/www.axiomams.eu\/lv#\/schema\/logo\/image\/\"},\"sameAs\":[\"https:\/\/www.facebook.com\/AxiomaMS\",\"https:\/\/www.linkedin.com\/company\/axiomams\/\"]}]}<\/script>\n<!-- \/ Yoast SEO plugin. -->","yoast_head_json":{"title":"Ametek JOFRA PTC-155 temperat\u016bras kalibrators - AXIOMA MS","robots":{"index":"index","follow":"follow","max-snippet":"max-snippet:-1","max-image-preview":"max-image-preview:large","max-video-preview":"max-video-preview:-1"},"canonical":"https:\/\/www.axiomams.eu\/lv\/produktas\/ametek-jofra-ptc-155-temperaturas-kalibrators","og_locale":"lv_LV","og_type":"article","og_title":"Ametek JOFRA PTC-155 temperat\u016bras kalibrators - AXIOMA MS","og_description":"AMETEK turpina izstr\u0101d\u0101t jaunus pa\u0146\u0113mienus, lai uzlabotu labi paz\u012bstamo JOFRA kalibr\u0113\u0161anas produktu veiktsp\u0113ju, precizit\u0101ti, \u0113rtumu un funkcionalit\u0101ti. T\u0101d\u0113j\u0101di m\u0113s saglab\u0101jam savas vado\u0161\u0101s poz\u012bcijas temperat\u016bras sauso bloku kalibratoru ra\u017eot\u0101ju pasaul\u0113. Jaunais PTC kalibrators ir pieejams tr\u012bs da\u017e\u0101dos mode\u013cos: A, B un C: &#8211; PTC-A profesion\u0101lais temperat\u016bras kalibrators &#8211; PTC-B profesion\u0101ls temperat\u016bras kalibrators ar ieeju standarta sensoram...","og_url":"https:\/\/www.axiomams.eu\/lv\/produktas\/ametek-jofra-ptc-155-temperaturas-kalibrators","og_site_name":"AXIOMA MS","article_publisher":"https:\/\/www.facebook.com\/AxiomaMS","article_modified_time":"2026-03-25T15:00:37+00:00","og_image":[{"width":1639,"height":1020,"url":"https:\/\/www.axiomams.eu\/wp-content\/uploads\/2025\/07\/257-4793.jpg","type":"image\/jpeg"}],"twitter_card":"summary_large_image","twitter_misc":{"Est. reading time":"1 minute"},"schema":{"@context":"https:\/\/schema.org","@graph":[{"@type":"WebPage","@id":"https:\/\/www.axiomams.eu\/lv\/produktas\/ametek-jofra-ptc-155-temperaturas-kalibrators","url":"https:\/\/www.axiomams.eu\/lv\/produktas\/ametek-jofra-ptc-155-temperaturas-kalibrators","name":"Ametek JOFRA PTC-155 temperat\u016bras kalibrators - AXIOMA MS","isPartOf":{"@id":"https:\/\/www.axiomams.eu\/lv#website"},"primaryImageOfPage":{"@id":"https:\/\/www.axiomams.eu\/lv\/produktas\/ametek-jofra-ptc-155-temperaturas-kalibrators#primaryimage"},"image":{"@id":"https:\/\/www.axiomams.eu\/lv\/produktas\/ametek-jofra-ptc-155-temperaturas-kalibrators#primaryimage"},"thumbnailUrl":"https:\/\/www.axiomams.eu\/wp-content\/uploads\/2025\/07\/257-4793.jpg","datePublished":"2025-05-15T16:01:08+00:00","dateModified":"2026-03-25T15:00:37+00:00","breadcrumb":{"@id":"https:\/\/www.axiomams.eu\/lv\/produktas\/ametek-jofra-ptc-155-temperaturas-kalibrators#breadcrumb"},"inLanguage":"lv-LV","potentialAction":[{"@type":"ReadAction","target":["https:\/\/www.axiomams.eu\/lv\/produktas\/ametek-jofra-ptc-155-temperaturas-kalibrators"]}]},{"@type":"ImageObject","inLanguage":"lv-LV","@id":"https:\/\/www.axiomams.eu\/lv\/produktas\/ametek-jofra-ptc-155-temperaturas-kalibrators#primaryimage","url":"https:\/\/www.axiomams.eu\/wp-content\/uploads\/2025\/07\/257-4793.jpg","contentUrl":"https:\/\/www.axiomams.eu\/wp-content\/uploads\/2025\/07\/257-4793.jpg","width":1639,"height":1020},{"@type":"BreadcrumbList","@id":"https:\/\/www.axiomams.eu\/lv\/produktas\/ametek-jofra-ptc-155-temperaturas-kalibrators#breadcrumb","itemListElement":[{"@type":"ListItem","position":1,"name":"Home","item":"https:\/\/www.axiomams.eu\/lv"},{"@type":"ListItem","position":2,"name":"Produkti","item":"https:\/\/www.axiomams.eu\/lv\/produkti"},{"@type":"ListItem","position":3,"name":"Ametek JOFRA PTC-155 temperat\u016bras kalibrators"}]},{"@type":"WebSite","@id":"https:\/\/www.axiomams.eu\/lv#website","url":"https:\/\/www.axiomams.eu\/lv","name":"AXIOMA MS","description":"Terrmovizoriai ir matavimo \u012franga","publisher":{"@id":"https:\/\/www.axiomams.eu\/lv#organization"},"potentialAction":[{"@type":"SearchAction","target":{"@type":"EntryPoint","urlTemplate":"https:\/\/www.axiomams.eu\/lv?s={search_term_string}"},"query-input":{"@type":"PropertyValueSpecification","valueRequired":true,"valueName":"search_term_string"}}],"inLanguage":"lv-LV"},{"@type":"Organization","@id":"https:\/\/www.axiomams.eu\/lv#organization","name":"AXIOMA MS","url":"https:\/\/www.axiomams.eu\/lv","logo":{"@type":"ImageObject","inLanguage":"lv-LV","@id":"https:\/\/www.axiomams.eu\/lv#\/schema\/logo\/image\/","url":"https:\/\/www.axiomams.eu\/wp-content\/uploads\/2025\/06\/axioma-logo-2.png","contentUrl":"https:\/\/www.axiomams.eu\/wp-content\/uploads\/2025\/06\/axioma-logo-2.png","width":1200,"height":1200,"caption":"AXIOMA MS"},"image":{"@id":"https:\/\/www.axiomams.eu\/lv#\/schema\/logo\/image\/"},"sameAs":["https:\/\/www.facebook.com\/AxiomaMS","https:\/\/www.linkedin.com\/company\/axiomams\/"]}]}},"_links":{"self":[{"href":"https:\/\/www.axiomams.eu\/lv\/wp-json\/wp\/v2\/product\/39176","targetHints":{"allow":["GET"]}}],"collection":[{"href":"https:\/\/www.axiomams.eu\/lv\/wp-json\/wp\/v2\/product"}],"about":[{"href":"https:\/\/www.axiomams.eu\/lv\/wp-json\/wp\/v2\/types\/product"}],"replies":[{"embeddable":true,"href":"https:\/\/www.axiomams.eu\/lv\/wp-json\/wp\/v2\/comments?post=39176"}],"wp:featuredmedia":[{"embeddable":true,"href":"https:\/\/www.axiomams.eu\/lv\/wp-json\/wp\/v2\/media\/42079"}],"wp:attachment":[{"href":"https:\/\/www.axiomams.eu\/lv\/wp-json\/wp\/v2\/media?parent=39176"}],"wp:term":[{"taxonomy":"product_brand","embeddable":true,"href":"https:\/\/www.axiomams.eu\/lv\/wp-json\/wp\/v2\/product_brand?post=39176"},{"taxonomy":"product_cat","embeddable":true,"href":"https:\/\/www.axiomams.eu\/lv\/wp-json\/wp\/v2\/product_cat?post=39176"},{"taxonomy":"product_tag","embeddable":true,"href":"https:\/\/www.axiomams.eu\/lv\/wp-json\/wp\/v2\/product_tag?post=39176"}],"curies":[{"name":"wp","href":"https:\/\/api.w.org\/{rel}","templated":true}]}}